{"id":5491,"date":"2025-11-25T23:11:47","date_gmt":"2025-11-25T22:11:47","guid":{"rendered":"https:\/\/lifesupportdistribution.fr\/produits\/thermo-innov2learn-2\/"},"modified":"2025-11-25T23:11:47","modified_gmt":"2025-11-25T22:11:47","slug":"thermo-innov2learn-2","status":"publish","type":"product","link":"https:\/\/lifesupportdistribution.fr\/de\/produkt\/thermo-innov2learn-2\/","title":{"rendered":"Thermo \u2013 Innov2Learn"},"content":{"rendered":"<p>Der Thermo Simulator bildet die Temperaturmessung mit einem klinischen Thermometer getreu ab. Er erm\u00f6glicht die Simulation verschiedener Werte, von einer normalen Temperatur bis zu einem fieberhaften oder hypothermen Zustand, um die Lernenden f\u00fcr vielf\u00e4ltige klinische Situationen zu sensibilisieren. <\/p>\n<p>Sowohl in der Erstausbildung als auch in der Weiterbildung eingesetzt, f\u00f6rdert er den Erwerb sicherer Handgriffe und die korrekte Interpretation der Ergebnisse. Er hilft auch, das Verst\u00e4ndnis der Vitalzeichen und deren wesentliche Rolle bei der Beurteilung des Gesundheitszustands eines Patienten zu st\u00e4rken. <\/p>\n<p>Leicht und robust, ist der Thermo leicht transportabel und kann im Unterrichtsraum, im Simulationszentrum oder bei praktischen Workshops eingesetzt werden. Seine einfache Handhabung macht ihn zu einem idealen Werkzeug, um Handgriffe so oft wie n\u00f6tig zu wiederholen und das Vertrauen der Lernenden zu entwickeln. <\/p>\n","protected":false},"excerpt":{"rendered":"<p>Der Thermo von Innov2Learn ist ein Lernsimulator, der dem Erlernen der K\u00f6rpertemperaturmessung gewidmet ist. Kompakt, realistisch und einfach zu bedienen, erm\u00f6glicht er Studierenden und Gesundheitsfachkr\u00e4ften, diese wesentliche Prozedur in einem sicheren Umfeld und ohne echten Patienten zu \u00fcben. <\/p>\n","protected":false},"featured_media":1928,"template":"","meta":[],"product_brand":[199],"product_cat":[222],"product_tag":[230,249,251,236],"class_list":{"0":"post-5491","1":"product","2":"type-product","3":"status-publish","4":"has-post-thumbnail","6":"product_brand-innov2learn","7":"product_cat-simulatoren-fur-medizinische-versorgung","8":"product_tag-allgemeinmedizin","9":"product_tag-innere-medizin","10":"product_tag-krankenpflege","11":"product_tag-notfallmedizin","13":"first","14":"instock","15":"shipping-taxable","16":"purchasable","17":"product-type-simple"},"yoast_head":"<!-- This site is optimized with the Yoast SEO plugin v26.8 - https:\/\/yoast.com\/product\/yoast-seo-wordpress\/ -->\n<title>Thermo Innov2Learn \u2013 K\u00f6rpertemperatur-Simulator<\/title>\n<meta name=\"description\" content=\"Thermo Innov2Learn: Lernsimulator zum Erlernen der K\u00f6rpertemperaturmessung und der Interpretation klinischer Werte.\" \/>\n<meta name=\"robots\" content=\"index, follow, max-snippet:-1, max-image-preview:large, max-video-preview:-1\" \/>\n<link rel=\"canonical\" href=\"https:\/\/lifesupportdistribution.fr\/de\/produkt\/thermo-innov2learn-2\/\" \/>\n<meta property=\"og:locale\" content=\"de_DE\" \/>\n<meta property=\"og:type\" content=\"article\" \/>\n<meta property=\"og:title\" content=\"Thermo Innov2Learn \u2013 K\u00f6rpertemperatur-Simulator\" \/>\n<meta property=\"og:description\" content=\"Thermo Innov2Learn: Lernsimulator zum Erlernen der K\u00f6rpertemperaturmessung und der Interpretation klinischer Werte.\" \/>\n<meta property=\"og:url\" content=\"https:\/\/lifesupportdistribution.fr\/de\/produkt\/thermo-innov2learn-2\/\" \/>\n<meta property=\"og:site_name\" content=\"Life Support Distribution\" \/>\n<meta property=\"og:image\" content=\"https:\/\/lifesupportdistribution.fr\/wp-content\/uploads\/2025\/11\/Photo-thermo-1.jpg\" \/>\n\t<meta property=\"og:image:width\" content=\"1536\" \/>\n\t<meta property=\"og:image:height\" content=\"1024\" \/>\n\t<meta property=\"og:image:type\" content=\"image\/jpeg\" \/>\n<meta name=\"twitter:card\" content=\"summary_large_image\" \/>\n<meta name=\"twitter:label1\" content=\"Gesch\u00e4tzte Lesezeit\" \/>\n\t<meta name=\"twitter:data1\" content=\"1\u00a0Minute\" \/>\n<script type=\"application\/ld+json\" class=\"yoast-schema-graph\">{\"@context\":\"https:\/\/schema.org\",\"@graph\":[{\"@type\":\"WebPage\",\"@id\":\"https:\/\/lifesupportdistribution.fr\/de\/produkt\/thermo-innov2learn-2\/\",\"url\":\"https:\/\/lifesupportdistribution.fr\/de\/produkt\/thermo-innov2learn-2\/\",\"name\":\"Thermo Innov2Learn \u2013 K\u00f6rpertemperatur-Simulator\",\"isPartOf\":{\"@id\":\"https:\/\/lifesupportdistribution.fr\/de\/#website\"},\"primaryImageOfPage\":{\"@id\":\"https:\/\/lifesupportdistribution.fr\/de\/produkt\/thermo-innov2learn-2\/#primaryimage\"},\"image\":{\"@id\":\"https:\/\/lifesupportdistribution.fr\/de\/produkt\/thermo-innov2learn-2\/#primaryimage\"},\"thumbnailUrl\":\"https:\/\/lifesupportdistribution.fr\/wp-content\/uploads\/2025\/11\/Photo-thermo-1.jpg\",\"datePublished\":\"2025-11-25T22:11:47+00:00\",\"description\":\"Thermo Innov2Learn: Lernsimulator zum Erlernen der K\u00f6rpertemperaturmessung und der Interpretation klinischer Werte.\",\"breadcrumb\":{\"@id\":\"https:\/\/lifesupportdistribution.fr\/de\/produkt\/thermo-innov2learn-2\/#breadcrumb\"},\"inLanguage\":\"de\",\"potentialAction\":[{\"@type\":\"ReadAction\",\"target\":[\"https:\/\/lifesupportdistribution.fr\/de\/produkt\/thermo-innov2learn-2\/\"]}]},{\"@type\":\"ImageObject\",\"inLanguage\":\"de\",\"@id\":\"https:\/\/lifesupportdistribution.fr\/de\/produkt\/thermo-innov2learn-2\/#primaryimage\",\"url\":\"https:\/\/lifesupportdistribution.fr\/wp-content\/uploads\/2025\/11\/Photo-thermo-1.jpg\",\"contentUrl\":\"https:\/\/lifesupportdistribution.fr\/wp-content\/uploads\/2025\/11\/Photo-thermo-1.jpg\",\"width\":1536,\"height\":1024},{\"@type\":\"BreadcrumbList\",\"@id\":\"https:\/\/lifesupportdistribution.fr\/de\/produkt\/thermo-innov2learn-2\/#breadcrumb\",\"itemListElement\":[{\"@type\":\"ListItem\",\"position\":1,\"name\":\"Accueil\",\"item\":\"https:\/\/lifesupportdistribution.fr\/de\/startseite\/\"},{\"@type\":\"ListItem\",\"position\":2,\"name\":\"Shop\",\"item\":\"https:\/\/lifesupportdistribution.fr\/de\/shop\/\"},{\"@type\":\"ListItem\",\"position\":3,\"name\":\"Thermo \u2013 Innov2Learn\"}]},{\"@type\":\"WebSite\",\"@id\":\"https:\/\/lifesupportdistribution.fr\/de\/#website\",\"url\":\"https:\/\/lifesupportdistribution.fr\/de\/\",\"name\":\"Life Support Distribution\",\"description\":\"Solutions en simulation m\u00e9dicale\",\"publisher\":{\"@id\":\"https:\/\/lifesupportdistribution.fr\/de\/#organization\"},\"potentialAction\":[{\"@type\":\"SearchAction\",\"target\":{\"@type\":\"EntryPoint\",\"urlTemplate\":\"https:\/\/lifesupportdistribution.fr\/de\/?s={search_term_string}\"},\"query-input\":{\"@type\":\"PropertyValueSpecification\",\"valueRequired\":true,\"valueName\":\"search_term_string\"}}],\"inLanguage\":\"de\"},{\"@type\":\"Organization\",\"@id\":\"https:\/\/lifesupportdistribution.fr\/de\/#organization\",\"name\":\"Life Support Distribution\",\"url\":\"https:\/\/lifesupportdistribution.fr\/de\/\",\"logo\":{\"@type\":\"ImageObject\",\"inLanguage\":\"de\",\"@id\":\"https:\/\/lifesupportdistribution.fr\/de\/#\/schema\/logo\/image\/\",\"url\":\"https:\/\/lifesupportdistribution.fr\/wp-content\/uploads\/2025\/10\/logo-life-support-distribution.svg\",\"contentUrl\":\"https:\/\/lifesupportdistribution.fr\/wp-content\/uploads\/2025\/10\/logo-life-support-distribution.svg\",\"width\":698,\"height\":223,\"caption\":\"Life Support Distribution\"},\"image\":{\"@id\":\"https:\/\/lifesupportdistribution.fr\/de\/#\/schema\/logo\/image\/\"},\"sameAs\":[\"https:\/\/www.linkedin.com\/company\/life-support-distribution\/\"]}]}<\/script>\n<!-- \/ Yoast SEO plugin. -->","yoast_head_json":{"title":"Thermo Innov2Learn \u2013 K\u00f6rpertemperatur-Simulator","description":"Thermo Innov2Learn: Lernsimulator zum Erlernen der K\u00f6rpertemperaturmessung und der Interpretation klinischer Werte.","robots":{"index":"index","follow":"follow","max-snippet":"max-snippet:-1","max-image-preview":"max-image-preview:large","max-video-preview":"max-video-preview:-1"},"canonical":"https:\/\/lifesupportdistribution.fr\/de\/produkt\/thermo-innov2learn-2\/","og_locale":"de_DE","og_type":"article","og_title":"Thermo Innov2Learn \u2013 K\u00f6rpertemperatur-Simulator","og_description":"Thermo Innov2Learn: Lernsimulator zum Erlernen der K\u00f6rpertemperaturmessung und der Interpretation klinischer Werte.","og_url":"https:\/\/lifesupportdistribution.fr\/de\/produkt\/thermo-innov2learn-2\/","og_site_name":"Life Support Distribution","og_image":[{"width":1536,"height":1024,"url":"https:\/\/lifesupportdistribution.fr\/wp-content\/uploads\/2025\/11\/Photo-thermo-1.jpg","type":"image\/jpeg"}],"twitter_card":"summary_large_image","twitter_misc":{"Gesch\u00e4tzte Lesezeit":"1\u00a0Minute"},"schema":{"@context":"https:\/\/schema.org","@graph":[{"@type":"WebPage","@id":"https:\/\/lifesupportdistribution.fr\/de\/produkt\/thermo-innov2learn-2\/","url":"https:\/\/lifesupportdistribution.fr\/de\/produkt\/thermo-innov2learn-2\/","name":"Thermo Innov2Learn \u2013 K\u00f6rpertemperatur-Simulator","isPartOf":{"@id":"https:\/\/lifesupportdistribution.fr\/de\/#website"},"primaryImageOfPage":{"@id":"https:\/\/lifesupportdistribution.fr\/de\/produkt\/thermo-innov2learn-2\/#primaryimage"},"image":{"@id":"https:\/\/lifesupportdistribution.fr\/de\/produkt\/thermo-innov2learn-2\/#primaryimage"},"thumbnailUrl":"https:\/\/lifesupportdistribution.fr\/wp-content\/uploads\/2025\/11\/Photo-thermo-1.jpg","datePublished":"2025-11-25T22:11:47+00:00","description":"Thermo Innov2Learn: Lernsimulator zum Erlernen der K\u00f6rpertemperaturmessung und der Interpretation klinischer Werte.","breadcrumb":{"@id":"https:\/\/lifesupportdistribution.fr\/de\/produkt\/thermo-innov2learn-2\/#breadcrumb"},"inLanguage":"de","potentialAction":[{"@type":"ReadAction","target":["https:\/\/lifesupportdistribution.fr\/de\/produkt\/thermo-innov2learn-2\/"]}]},{"@type":"ImageObject","inLanguage":"de","@id":"https:\/\/lifesupportdistribution.fr\/de\/produkt\/thermo-innov2learn-2\/#primaryimage","url":"https:\/\/lifesupportdistribution.fr\/wp-content\/uploads\/2025\/11\/Photo-thermo-1.jpg","contentUrl":"https:\/\/lifesupportdistribution.fr\/wp-content\/uploads\/2025\/11\/Photo-thermo-1.jpg","width":1536,"height":1024},{"@type":"BreadcrumbList","@id":"https:\/\/lifesupportdistribution.fr\/de\/produkt\/thermo-innov2learn-2\/#breadcrumb","itemListElement":[{"@type":"ListItem","position":1,"name":"Accueil","item":"https:\/\/lifesupportdistribution.fr\/de\/startseite\/"},{"@type":"ListItem","position":2,"name":"Shop","item":"https:\/\/lifesupportdistribution.fr\/de\/shop\/"},{"@type":"ListItem","position":3,"name":"Thermo \u2013 Innov2Learn"}]},{"@type":"WebSite","@id":"https:\/\/lifesupportdistribution.fr\/de\/#website","url":"https:\/\/lifesupportdistribution.fr\/de\/","name":"Life Support Distribution","description":"Solutions en simulation m\u00e9dicale","publisher":{"@id":"https:\/\/lifesupportdistribution.fr\/de\/#organization"},"potentialAction":[{"@type":"SearchAction","target":{"@type":"EntryPoint","urlTemplate":"https:\/\/lifesupportdistribution.fr\/de\/?s={search_term_string}"},"query-input":{"@type":"PropertyValueSpecification","valueRequired":true,"valueName":"search_term_string"}}],"inLanguage":"de"},{"@type":"Organization","@id":"https:\/\/lifesupportdistribution.fr\/de\/#organization","name":"Life Support Distribution","url":"https:\/\/lifesupportdistribution.fr\/de\/","logo":{"@type":"ImageObject","inLanguage":"de","@id":"https:\/\/lifesupportdistribution.fr\/de\/#\/schema\/logo\/image\/","url":"https:\/\/lifesupportdistribution.fr\/wp-content\/uploads\/2025\/10\/logo-life-support-distribution.svg","contentUrl":"https:\/\/lifesupportdistribution.fr\/wp-content\/uploads\/2025\/10\/logo-life-support-distribution.svg","width":698,"height":223,"caption":"Life Support Distribution"},"image":{"@id":"https:\/\/lifesupportdistribution.fr\/de\/#\/schema\/logo\/image\/"},"sameAs":["https:\/\/www.linkedin.com\/company\/life-support-distribution\/"]}]}},"_links":{"self":[{"href":"https:\/\/lifesupportdistribution.fr\/de\/wp-json\/wp\/v2\/product\/5491","targetHints":{"allow":["GET"]}}],"collection":[{"href":"https:\/\/lifesupportdistribution.fr\/de\/wp-json\/wp\/v2\/product"}],"about":[{"href":"https:\/\/lifesupportdistribution.fr\/de\/wp-json\/wp\/v2\/types\/product"}],"wp:featuredmedia":[{"embeddable":true,"href":"https:\/\/lifesupportdistribution.fr\/de\/wp-json\/wp\/v2\/media\/1928"}],"wp:attachment":[{"href":"https:\/\/lifesupportdistribution.fr\/de\/wp-json\/wp\/v2\/media?parent=5491"}],"wp:term":[{"taxonomy":"product_brand","embeddable":true,"href":"https:\/\/lifesupportdistribution.fr\/de\/wp-json\/wp\/v2\/product_brand?post=5491"},{"taxonomy":"product_cat","embeddable":true,"href":"https:\/\/lifesupportdistribution.fr\/de\/wp-json\/wp\/v2\/product_cat?post=5491"},{"taxonomy":"product_tag","embeddable":true,"href":"https:\/\/lifesupportdistribution.fr\/de\/wp-json\/wp\/v2\/product_tag?post=5491"}],"curies":[{"name":"wp","href":"https:\/\/api.w.org\/{rel}","templated":true}]}}