{"id":5495,"date":"2025-11-25T23:31:40","date_gmt":"2025-11-25T22:31:40","guid":{"rendered":"https:\/\/lifesupportdistribution.fr\/produits\/voiceqast-kit-innov2learn\/"},"modified":"2025-11-25T23:31:40","modified_gmt":"2025-11-25T22:31:40","slug":"voiceqast-kit-innov2learn","status":"publish","type":"product","link":"https:\/\/lifesupportdistribution.fr\/de\/produkt\/voiceqast-kit-innov2learn\/","title":{"rendered":"VoiceQast Kit \u2013 Innov2Learn"},"content":{"rendered":"<p>Das VoiceQast Kit wurde entwickelt, um den Realismus von Simulationseinheiten im Gesundheitswesen zu verst\u00e4rken. Dank dieses Tools k\u00f6nnen Ausbilder simulierte Stimmen, Anweisungen oder Dialoge integrieren, wodurch die Studierenden mit Situationen konfrontiert werden, die der klinischen Realit\u00e4t nahekommen. <\/p>\n<p>Es kann verwendet werden, um die Kommunikation zwischen Patient und Pflegepersonal zu simulieren, automatisierte klinische Nachrichten wiederzugeben oder komplexe Szenarien zu bereichern. Kompakt, einfach zu bedienen und kompatibel mit anderen Innov2Learn-Simulatoren, f\u00f6rdert es interaktives und anregendes Lernen. <\/p>\n<p>Das VoiceQast Kit tr\u00e4gt zur Entwicklung der technischen und sozialen Kompetenzen der Lernenden bei, indem es Kommunikation und Reaktionsf\u00e4higkeit in verschiedenen Situationen integriert.<\/p>\n","protected":false},"excerpt":{"rendered":"<p>Das VoiceQast Kit von Innov2Learn ist ein innovatives p\u00e4dagogisches Werkzeug, das medizinischen Simulationsszenarien eine klangliche und interaktive Dimension verleiht. Entwickelt, um das Lernerlebnis zu bereichern, bietet es die M\u00f6glichkeit, Sprachaufnahmen wiederzugeben oder Dialoge zu simulieren, wodurch die \u00dcbungen immersiver und realistischer werden. <\/p>\n","protected":false},"featured_media":6698,"template":"","meta":[],"product_brand":[199],"product_cat":[227],"product_tag":[230,249,251,236],"class_list":{"0":"post-5495","1":"product","2":"type-product","3":"status-publish","4":"has-post-thumbnail","6":"product_brand-innov2learn","7":"product_cat-zubehor-und-ersatzteile","8":"product_tag-allgemeinmedizin","9":"product_tag-innere-medizin","10":"product_tag-krankenpflege","11":"product_tag-notfallmedizin","13":"first","14":"instock","15":"shipping-taxable","16":"purchasable","17":"product-type-simple"},"yoast_head":"<!-- This site is optimized with the Yoast SEO plugin v26.8 - https:\/\/yoast.com\/product\/yoast-seo-wordpress\/ -->\n<title>VoiceQast Kit Innov2Learn \u2013 Audiowerkzeug f\u00fcr Simulation<\/title>\n<meta name=\"description\" content=\"VoiceQast Kit Innov2Learn: einfache und tragbare Audiol\u00f6sung zur Wiedergabe von Stimmen, klinischen Ger\u00e4uschen und immersiven Szenarien in der Simulation.\" \/>\n<meta name=\"robots\" content=\"index, follow, max-snippet:-1, max-image-preview:large, max-video-preview:-1\" \/>\n<link rel=\"canonical\" href=\"https:\/\/lifesupportdistribution.fr\/de\/produkt\/voiceqast-kit-innov2learn\/\" \/>\n<meta property=\"og:locale\" content=\"de_DE\" \/>\n<meta property=\"og:type\" content=\"article\" \/>\n<meta property=\"og:title\" content=\"VoiceQast Kit Innov2Learn \u2013 Audiowerkzeug f\u00fcr Simulation\" \/>\n<meta property=\"og:description\" content=\"VoiceQast Kit Innov2Learn: einfache und tragbare Audiol\u00f6sung zur Wiedergabe von Stimmen, klinischen Ger\u00e4uschen und immersiven Szenarien in der Simulation.\" \/>\n<meta property=\"og:url\" content=\"https:\/\/lifesupportdistribution.fr\/de\/produkt\/voiceqast-kit-innov2learn\/\" \/>\n<meta property=\"og:site_name\" content=\"Life Support Distribution\" \/>\n<meta property=\"og:image\" content=\"https:\/\/lifesupportdistribution.fr\/wp-content\/uploads\/2025\/11\/Photo-voiceqastkit-1.png\" \/>\n\t<meta property=\"og:image:width\" content=\"1152\" \/>\n\t<meta property=\"og:image:height\" content=\"2048\" \/>\n\t<meta property=\"og:image:type\" content=\"image\/png\" \/>\n<meta name=\"twitter:card\" content=\"summary_large_image\" \/>\n<meta name=\"twitter:label1\" content=\"Gesch\u00e4tzte Lesezeit\" \/>\n\t<meta name=\"twitter:data1\" content=\"1\u00a0Minute\" \/>\n<script type=\"application\/ld+json\" class=\"yoast-schema-graph\">{\"@context\":\"https:\/\/schema.org\",\"@graph\":[{\"@type\":\"WebPage\",\"@id\":\"https:\/\/lifesupportdistribution.fr\/de\/produkt\/voiceqast-kit-innov2learn\/\",\"url\":\"https:\/\/lifesupportdistribution.fr\/de\/produkt\/voiceqast-kit-innov2learn\/\",\"name\":\"VoiceQast Kit Innov2Learn \u2013 Audiowerkzeug f\u00fcr Simulation\",\"isPartOf\":{\"@id\":\"https:\/\/lifesupportdistribution.fr\/de\/#website\"},\"primaryImageOfPage\":{\"@id\":\"https:\/\/lifesupportdistribution.fr\/de\/produkt\/voiceqast-kit-innov2learn\/#primaryimage\"},\"image\":{\"@id\":\"https:\/\/lifesupportdistribution.fr\/de\/produkt\/voiceqast-kit-innov2learn\/#primaryimage\"},\"thumbnailUrl\":\"https:\/\/lifesupportdistribution.fr\/wp-content\/uploads\/2025\/11\/Image-voiceqast-kit-1-scaled.jpg\",\"datePublished\":\"2025-11-25T22:31:40+00:00\",\"description\":\"VoiceQast Kit Innov2Learn: einfache und tragbare Audiol\u00f6sung zur Wiedergabe von Stimmen, klinischen Ger\u00e4uschen und immersiven Szenarien in der Simulation.\",\"breadcrumb\":{\"@id\":\"https:\/\/lifesupportdistribution.fr\/de\/produkt\/voiceqast-kit-innov2learn\/#breadcrumb\"},\"inLanguage\":\"de\",\"potentialAction\":[{\"@type\":\"ReadAction\",\"target\":[\"https:\/\/lifesupportdistribution.fr\/de\/produkt\/voiceqast-kit-innov2learn\/\"]}]},{\"@type\":\"ImageObject\",\"inLanguage\":\"de\",\"@id\":\"https:\/\/lifesupportdistribution.fr\/de\/produkt\/voiceqast-kit-innov2learn\/#primaryimage\",\"url\":\"https:\/\/lifesupportdistribution.fr\/wp-content\/uploads\/2025\/11\/Image-voiceqast-kit-1-scaled.jpg\",\"contentUrl\":\"https:\/\/lifesupportdistribution.fr\/wp-content\/uploads\/2025\/11\/Image-voiceqast-kit-1-scaled.jpg\",\"width\":2560,\"height\":1707},{\"@type\":\"BreadcrumbList\",\"@id\":\"https:\/\/lifesupportdistribution.fr\/de\/produkt\/voiceqast-kit-innov2learn\/#breadcrumb\",\"itemListElement\":[{\"@type\":\"ListItem\",\"position\":1,\"name\":\"Accueil\",\"item\":\"https:\/\/lifesupportdistribution.fr\/de\/startseite\/\"},{\"@type\":\"ListItem\",\"position\":2,\"name\":\"Shop\",\"item\":\"https:\/\/lifesupportdistribution.fr\/de\/shop\/\"},{\"@type\":\"ListItem\",\"position\":3,\"name\":\"VoiceQast Kit \u2013 Innov2Learn\"}]},{\"@type\":\"WebSite\",\"@id\":\"https:\/\/lifesupportdistribution.fr\/de\/#website\",\"url\":\"https:\/\/lifesupportdistribution.fr\/de\/\",\"name\":\"Life Support Distribution\",\"description\":\"Solutions en simulation m\u00e9dicale\",\"publisher\":{\"@id\":\"https:\/\/lifesupportdistribution.fr\/de\/#organization\"},\"potentialAction\":[{\"@type\":\"SearchAction\",\"target\":{\"@type\":\"EntryPoint\",\"urlTemplate\":\"https:\/\/lifesupportdistribution.fr\/de\/?s={search_term_string}\"},\"query-input\":{\"@type\":\"PropertyValueSpecification\",\"valueRequired\":true,\"valueName\":\"search_term_string\"}}],\"inLanguage\":\"de\"},{\"@type\":\"Organization\",\"@id\":\"https:\/\/lifesupportdistribution.fr\/de\/#organization\",\"name\":\"Life Support Distribution\",\"url\":\"https:\/\/lifesupportdistribution.fr\/de\/\",\"logo\":{\"@type\":\"ImageObject\",\"inLanguage\":\"de\",\"@id\":\"https:\/\/lifesupportdistribution.fr\/de\/#\/schema\/logo\/image\/\",\"url\":\"https:\/\/lifesupportdistribution.fr\/wp-content\/uploads\/2025\/10\/logo-life-support-distribution.svg\",\"contentUrl\":\"https:\/\/lifesupportdistribution.fr\/wp-content\/uploads\/2025\/10\/logo-life-support-distribution.svg\",\"width\":698,\"height\":223,\"caption\":\"Life Support Distribution\"},\"image\":{\"@id\":\"https:\/\/lifesupportdistribution.fr\/de\/#\/schema\/logo\/image\/\"},\"sameAs\":[\"https:\/\/www.linkedin.com\/company\/life-support-distribution\/\"]}]}<\/script>\n<!-- \/ Yoast SEO plugin. -->","yoast_head_json":{"title":"VoiceQast Kit Innov2Learn \u2013 Audiowerkzeug f\u00fcr Simulation","description":"VoiceQast Kit Innov2Learn: einfache und tragbare Audiol\u00f6sung zur Wiedergabe von Stimmen, klinischen Ger\u00e4uschen und immersiven Szenarien in der Simulation.","robots":{"index":"index","follow":"follow","max-snippet":"max-snippet:-1","max-image-preview":"max-image-preview:large","max-video-preview":"max-video-preview:-1"},"canonical":"https:\/\/lifesupportdistribution.fr\/de\/produkt\/voiceqast-kit-innov2learn\/","og_locale":"de_DE","og_type":"article","og_title":"VoiceQast Kit Innov2Learn \u2013 Audiowerkzeug f\u00fcr Simulation","og_description":"VoiceQast Kit Innov2Learn: einfache und tragbare Audiol\u00f6sung zur Wiedergabe von Stimmen, klinischen Ger\u00e4uschen und immersiven Szenarien in der Simulation.","og_url":"https:\/\/lifesupportdistribution.fr\/de\/produkt\/voiceqast-kit-innov2learn\/","og_site_name":"Life Support Distribution","og_image":[{"width":1152,"height":2048,"url":"https:\/\/lifesupportdistribution.fr\/wp-content\/uploads\/2025\/11\/Photo-voiceqastkit-1.png","type":"image\/png"}],"twitter_card":"summary_large_image","twitter_misc":{"Gesch\u00e4tzte Lesezeit":"1\u00a0Minute"},"schema":{"@context":"https:\/\/schema.org","@graph":[{"@type":"WebPage","@id":"https:\/\/lifesupportdistribution.fr\/de\/produkt\/voiceqast-kit-innov2learn\/","url":"https:\/\/lifesupportdistribution.fr\/de\/produkt\/voiceqast-kit-innov2learn\/","name":"VoiceQast Kit Innov2Learn \u2013 Audiowerkzeug f\u00fcr Simulation","isPartOf":{"@id":"https:\/\/lifesupportdistribution.fr\/de\/#website"},"primaryImageOfPage":{"@id":"https:\/\/lifesupportdistribution.fr\/de\/produkt\/voiceqast-kit-innov2learn\/#primaryimage"},"image":{"@id":"https:\/\/lifesupportdistribution.fr\/de\/produkt\/voiceqast-kit-innov2learn\/#primaryimage"},"thumbnailUrl":"https:\/\/lifesupportdistribution.fr\/wp-content\/uploads\/2025\/11\/Image-voiceqast-kit-1-scaled.jpg","datePublished":"2025-11-25T22:31:40+00:00","description":"VoiceQast Kit Innov2Learn: einfache und tragbare Audiol\u00f6sung zur Wiedergabe von Stimmen, klinischen Ger\u00e4uschen und immersiven Szenarien in der Simulation.","breadcrumb":{"@id":"https:\/\/lifesupportdistribution.fr\/de\/produkt\/voiceqast-kit-innov2learn\/#breadcrumb"},"inLanguage":"de","potentialAction":[{"@type":"ReadAction","target":["https:\/\/lifesupportdistribution.fr\/de\/produkt\/voiceqast-kit-innov2learn\/"]}]},{"@type":"ImageObject","inLanguage":"de","@id":"https:\/\/lifesupportdistribution.fr\/de\/produkt\/voiceqast-kit-innov2learn\/#primaryimage","url":"https:\/\/lifesupportdistribution.fr\/wp-content\/uploads\/2025\/11\/Image-voiceqast-kit-1-scaled.jpg","contentUrl":"https:\/\/lifesupportdistribution.fr\/wp-content\/uploads\/2025\/11\/Image-voiceqast-kit-1-scaled.jpg","width":2560,"height":1707},{"@type":"BreadcrumbList","@id":"https:\/\/lifesupportdistribution.fr\/de\/produkt\/voiceqast-kit-innov2learn\/#breadcrumb","itemListElement":[{"@type":"ListItem","position":1,"name":"Accueil","item":"https:\/\/lifesupportdistribution.fr\/de\/startseite\/"},{"@type":"ListItem","position":2,"name":"Shop","item":"https:\/\/lifesupportdistribution.fr\/de\/shop\/"},{"@type":"ListItem","position":3,"name":"VoiceQast Kit \u2013 Innov2Learn"}]},{"@type":"WebSite","@id":"https:\/\/lifesupportdistribution.fr\/de\/#website","url":"https:\/\/lifesupportdistribution.fr\/de\/","name":"Life Support Distribution","description":"Solutions en simulation m\u00e9dicale","publisher":{"@id":"https:\/\/lifesupportdistribution.fr\/de\/#organization"},"potentialAction":[{"@type":"SearchAction","target":{"@type":"EntryPoint","urlTemplate":"https:\/\/lifesupportdistribution.fr\/de\/?s={search_term_string}"},"query-input":{"@type":"PropertyValueSpecification","valueRequired":true,"valueName":"search_term_string"}}],"inLanguage":"de"},{"@type":"Organization","@id":"https:\/\/lifesupportdistribution.fr\/de\/#organization","name":"Life Support Distribution","url":"https:\/\/lifesupportdistribution.fr\/de\/","logo":{"@type":"ImageObject","inLanguage":"de","@id":"https:\/\/lifesupportdistribution.fr\/de\/#\/schema\/logo\/image\/","url":"https:\/\/lifesupportdistribution.fr\/wp-content\/uploads\/2025\/10\/logo-life-support-distribution.svg","contentUrl":"https:\/\/lifesupportdistribution.fr\/wp-content\/uploads\/2025\/10\/logo-life-support-distribution.svg","width":698,"height":223,"caption":"Life Support Distribution"},"image":{"@id":"https:\/\/lifesupportdistribution.fr\/de\/#\/schema\/logo\/image\/"},"sameAs":["https:\/\/www.linkedin.com\/company\/life-support-distribution\/"]}]}},"_links":{"self":[{"href":"https:\/\/lifesupportdistribution.fr\/de\/wp-json\/wp\/v2\/product\/5495","targetHints":{"allow":["GET"]}}],"collection":[{"href":"https:\/\/lifesupportdistribution.fr\/de\/wp-json\/wp\/v2\/product"}],"about":[{"href":"https:\/\/lifesupportdistribution.fr\/de\/wp-json\/wp\/v2\/types\/product"}],"wp:featuredmedia":[{"embeddable":true,"href":"https:\/\/lifesupportdistribution.fr\/de\/wp-json\/wp\/v2\/media\/6698"}],"wp:attachment":[{"href":"https:\/\/lifesupportdistribution.fr\/de\/wp-json\/wp\/v2\/media?parent=5495"}],"wp:term":[{"taxonomy":"product_brand","embeddable":true,"href":"https:\/\/lifesupportdistribution.fr\/de\/wp-json\/wp\/v2\/product_brand?post=5495"},{"taxonomy":"product_cat","embeddable":true,"href":"https:\/\/lifesupportdistribution.fr\/de\/wp-json\/wp\/v2\/product_cat?post=5495"},{"taxonomy":"product_tag","embeddable":true,"href":"https:\/\/lifesupportdistribution.fr\/de\/wp-json\/wp\/v2\/product_tag?post=5495"}],"curies":[{"name":"wp","href":"https:\/\/api.w.org\/{rel}","templated":true}]}}