{"id":5500,"date":"2025-11-11T10:43:27","date_gmt":"2025-11-11T09:43:27","guid":{"rendered":"https:\/\/lifesupportdistribution.fr\/produits\/qcpr-modul\/"},"modified":"2025-11-11T10:43:27","modified_gmt":"2025-11-11T09:43:27","slug":"qcpr-modul","status":"publish","type":"product","link":"https:\/\/lifesupportdistribution.fr\/de\/produkt\/qcpr-modul\/","title":{"rendered":"QCPR-Modul"},"content":{"rendered":"<p>Das QCPR-Modul verwandelt Trainingseinheiten in eine interaktive und fesselnde Erfahrung. Es erm\u00f6glicht den Lernenden, Echtzeit-Feedback zur Tiefe, Frequenz und Qualit\u00e4t ihrer Thoraxkompressionen sowie zur Effektivit\u00e4t ihrer Beatmungen zu erhalten. Instruktoren k\u00f6nnen so Fehler sofort korrigieren und das Lerntempo an das Niveau jedes Einzelnen anpassen.  <\/p>\n<p>Durch die nahtlose Integration in die vom REALITi-System angebotenen Notfallszenarien gew\u00e4hrleistet das QCPR ein umfassenderes Training, das technische F\u00e4higkeiten und klinische Entscheidungsfindung miteinander verbindet.<\/p>\n","protected":false},"excerpt":{"rendered":"<p>Das QCPR-Modul von iSimulate ist ein erg\u00e4nzendes Werkzeug zur Verbesserung des Trainings von Herz-Lungen-Wiederbelebungsma\u00dfnahmen. Entwickelt zur Messung der Qualit\u00e4t von Kompressionen und Beatmungen, liefert es Lernenden und Instruktoren sofortiges und pr\u00e4zises Feedback. Integriert in das REALITi-\u00d6kosystem, bereichert es Simulationsszenarien durch eine objektive und motivierende Leistungsbewertung.  <\/p>\n","protected":false},"featured_media":1654,"template":"","meta":[],"product_brand":[196],"product_cat":[228,222],"product_tag":[237,238,252,245,236],"class_list":{"0":"post-5500","1":"product","2":"type-product","3":"status-publish","4":"has-post-thumbnail","6":"product_brand-isimulate","7":"product_cat-monitor-defibrillator-beatmungssimulatoren","8":"product_cat-simulatoren-fur-medizinische-versorgung","9":"product_tag-anasthesie","10":"product_tag-erste-hilfe","11":"product_tag-intensivmedizin","12":"product_tag-intensivpflege","13":"product_tag-notfallmedizin","15":"first","16":"instock","17":"shipping-taxable","18":"purchasable","19":"product-type-simple"},"yoast_head":"<!-- This site is optimized with the Yoast SEO plugin v26.8 - https:\/\/yoast.com\/product\/yoast-seo-wordpress\/ -->\n<title>QCPR iSimulate \u2013 Modul zur Reanimationsbewertung<\/title>\n<meta name=\"description\" content=\"Das QCPR-Modul von iSimulate misst die Qualit\u00e4t der Thoraxkompressionen und Beatmungen f\u00fcr ein pr\u00e4zises und interaktives CPR-Training.\" \/>\n<meta name=\"robots\" content=\"index, follow, max-snippet:-1, max-image-preview:large, max-video-preview:-1\" \/>\n<link rel=\"canonical\" href=\"https:\/\/lifesupportdistribution.fr\/de\/produkt\/qcpr-modul\/\" \/>\n<meta property=\"og:locale\" content=\"de_DE\" \/>\n<meta property=\"og:type\" content=\"article\" \/>\n<meta property=\"og:title\" content=\"QCPR iSimulate \u2013 Modul zur Reanimationsbewertung\" \/>\n<meta property=\"og:description\" content=\"Das QCPR-Modul von iSimulate misst die Qualit\u00e4t der Thoraxkompressionen und Beatmungen f\u00fcr ein pr\u00e4zises und interaktives CPR-Training.\" \/>\n<meta property=\"og:url\" content=\"https:\/\/lifesupportdistribution.fr\/de\/produkt\/qcpr-modul\/\" \/>\n<meta property=\"og:site_name\" content=\"Life Support Distribution\" \/>\n<meta property=\"og:image\" content=\"https:\/\/lifesupportdistribution.fr\/wp-content\/uploads\/2025\/11\/Photo-1-module-qcpr.png\" \/>\n\t<meta property=\"og:image:width\" content=\"446\" \/>\n\t<meta property=\"og:image:height\" content=\"314\" \/>\n\t<meta property=\"og:image:type\" content=\"image\/png\" \/>\n<meta name=\"twitter:card\" content=\"summary_large_image\" \/>\n<script type=\"application\/ld+json\" class=\"yoast-schema-graph\">{\"@context\":\"https:\/\/schema.org\",\"@graph\":[{\"@type\":\"WebPage\",\"@id\":\"https:\/\/lifesupportdistribution.fr\/de\/produkt\/qcpr-modul\/\",\"url\":\"https:\/\/lifesupportdistribution.fr\/de\/produkt\/qcpr-modul\/\",\"name\":\"QCPR iSimulate \u2013 Modul zur Reanimationsbewertung\",\"isPartOf\":{\"@id\":\"https:\/\/lifesupportdistribution.fr\/de\/#website\"},\"primaryImageOfPage\":{\"@id\":\"https:\/\/lifesupportdistribution.fr\/de\/produkt\/qcpr-modul\/#primaryimage\"},\"image\":{\"@id\":\"https:\/\/lifesupportdistribution.fr\/de\/produkt\/qcpr-modul\/#primaryimage\"},\"thumbnailUrl\":\"https:\/\/lifesupportdistribution.fr\/wp-content\/uploads\/2025\/11\/Photo-1-module-qcpr.png\",\"datePublished\":\"2025-11-11T09:43:27+00:00\",\"description\":\"Das QCPR-Modul von iSimulate misst die Qualit\u00e4t der Thoraxkompressionen und Beatmungen f\u00fcr ein pr\u00e4zises und interaktives CPR-Training.\",\"breadcrumb\":{\"@id\":\"https:\/\/lifesupportdistribution.fr\/de\/produkt\/qcpr-modul\/#breadcrumb\"},\"inLanguage\":\"de\",\"potentialAction\":[{\"@type\":\"ReadAction\",\"target\":[\"https:\/\/lifesupportdistribution.fr\/de\/produkt\/qcpr-modul\/\"]}]},{\"@type\":\"ImageObject\",\"inLanguage\":\"de\",\"@id\":\"https:\/\/lifesupportdistribution.fr\/de\/produkt\/qcpr-modul\/#primaryimage\",\"url\":\"https:\/\/lifesupportdistribution.fr\/wp-content\/uploads\/2025\/11\/Photo-1-module-qcpr.png\",\"contentUrl\":\"https:\/\/lifesupportdistribution.fr\/wp-content\/uploads\/2025\/11\/Photo-1-module-qcpr.png\",\"width\":446,\"height\":314},{\"@type\":\"BreadcrumbList\",\"@id\":\"https:\/\/lifesupportdistribution.fr\/de\/produkt\/qcpr-modul\/#breadcrumb\",\"itemListElement\":[{\"@type\":\"ListItem\",\"position\":1,\"name\":\"Accueil\",\"item\":\"https:\/\/lifesupportdistribution.fr\/de\/startseite\/\"},{\"@type\":\"ListItem\",\"position\":2,\"name\":\"Shop\",\"item\":\"https:\/\/lifesupportdistribution.fr\/de\/shop\/\"},{\"@type\":\"ListItem\",\"position\":3,\"name\":\"QCPR-Modul\"}]},{\"@type\":\"WebSite\",\"@id\":\"https:\/\/lifesupportdistribution.fr\/de\/#website\",\"url\":\"https:\/\/lifesupportdistribution.fr\/de\/\",\"name\":\"Life Support Distribution\",\"description\":\"Solutions en simulation m\u00e9dicale\",\"publisher\":{\"@id\":\"https:\/\/lifesupportdistribution.fr\/de\/#organization\"},\"potentialAction\":[{\"@type\":\"SearchAction\",\"target\":{\"@type\":\"EntryPoint\",\"urlTemplate\":\"https:\/\/lifesupportdistribution.fr\/de\/?s={search_term_string}\"},\"query-input\":{\"@type\":\"PropertyValueSpecification\",\"valueRequired\":true,\"valueName\":\"search_term_string\"}}],\"inLanguage\":\"de\"},{\"@type\":\"Organization\",\"@id\":\"https:\/\/lifesupportdistribution.fr\/de\/#organization\",\"name\":\"Life Support Distribution\",\"url\":\"https:\/\/lifesupportdistribution.fr\/de\/\",\"logo\":{\"@type\":\"ImageObject\",\"inLanguage\":\"de\",\"@id\":\"https:\/\/lifesupportdistribution.fr\/de\/#\/schema\/logo\/image\/\",\"url\":\"https:\/\/lifesupportdistribution.fr\/wp-content\/uploads\/2025\/10\/logo-life-support-distribution.svg\",\"contentUrl\":\"https:\/\/lifesupportdistribution.fr\/wp-content\/uploads\/2025\/10\/logo-life-support-distribution.svg\",\"width\":698,\"height\":223,\"caption\":\"Life Support Distribution\"},\"image\":{\"@id\":\"https:\/\/lifesupportdistribution.fr\/de\/#\/schema\/logo\/image\/\"},\"sameAs\":[\"https:\/\/www.linkedin.com\/company\/life-support-distribution\/\"]}]}<\/script>\n<!-- \/ Yoast SEO plugin. -->","yoast_head_json":{"title":"QCPR iSimulate \u2013 Modul zur Reanimationsbewertung","description":"Das QCPR-Modul von iSimulate misst die Qualit\u00e4t der Thoraxkompressionen und Beatmungen f\u00fcr ein pr\u00e4zises und interaktives CPR-Training.","robots":{"index":"index","follow":"follow","max-snippet":"max-snippet:-1","max-image-preview":"max-image-preview:large","max-video-preview":"max-video-preview:-1"},"canonical":"https:\/\/lifesupportdistribution.fr\/de\/produkt\/qcpr-modul\/","og_locale":"de_DE","og_type":"article","og_title":"QCPR iSimulate \u2013 Modul zur Reanimationsbewertung","og_description":"Das QCPR-Modul von iSimulate misst die Qualit\u00e4t der Thoraxkompressionen und Beatmungen f\u00fcr ein pr\u00e4zises und interaktives CPR-Training.","og_url":"https:\/\/lifesupportdistribution.fr\/de\/produkt\/qcpr-modul\/","og_site_name":"Life Support Distribution","og_image":[{"width":446,"height":314,"url":"https:\/\/lifesupportdistribution.fr\/wp-content\/uploads\/2025\/11\/Photo-1-module-qcpr.png","type":"image\/png"}],"twitter_card":"summary_large_image","schema":{"@context":"https:\/\/schema.org","@graph":[{"@type":"WebPage","@id":"https:\/\/lifesupportdistribution.fr\/de\/produkt\/qcpr-modul\/","url":"https:\/\/lifesupportdistribution.fr\/de\/produkt\/qcpr-modul\/","name":"QCPR iSimulate \u2013 Modul zur Reanimationsbewertung","isPartOf":{"@id":"https:\/\/lifesupportdistribution.fr\/de\/#website"},"primaryImageOfPage":{"@id":"https:\/\/lifesupportdistribution.fr\/de\/produkt\/qcpr-modul\/#primaryimage"},"image":{"@id":"https:\/\/lifesupportdistribution.fr\/de\/produkt\/qcpr-modul\/#primaryimage"},"thumbnailUrl":"https:\/\/lifesupportdistribution.fr\/wp-content\/uploads\/2025\/11\/Photo-1-module-qcpr.png","datePublished":"2025-11-11T09:43:27+00:00","description":"Das QCPR-Modul von iSimulate misst die Qualit\u00e4t der Thoraxkompressionen und Beatmungen f\u00fcr ein pr\u00e4zises und interaktives CPR-Training.","breadcrumb":{"@id":"https:\/\/lifesupportdistribution.fr\/de\/produkt\/qcpr-modul\/#breadcrumb"},"inLanguage":"de","potentialAction":[{"@type":"ReadAction","target":["https:\/\/lifesupportdistribution.fr\/de\/produkt\/qcpr-modul\/"]}]},{"@type":"ImageObject","inLanguage":"de","@id":"https:\/\/lifesupportdistribution.fr\/de\/produkt\/qcpr-modul\/#primaryimage","url":"https:\/\/lifesupportdistribution.fr\/wp-content\/uploads\/2025\/11\/Photo-1-module-qcpr.png","contentUrl":"https:\/\/lifesupportdistribution.fr\/wp-content\/uploads\/2025\/11\/Photo-1-module-qcpr.png","width":446,"height":314},{"@type":"BreadcrumbList","@id":"https:\/\/lifesupportdistribution.fr\/de\/produkt\/qcpr-modul\/#breadcrumb","itemListElement":[{"@type":"ListItem","position":1,"name":"Accueil","item":"https:\/\/lifesupportdistribution.fr\/de\/startseite\/"},{"@type":"ListItem","position":2,"name":"Shop","item":"https:\/\/lifesupportdistribution.fr\/de\/shop\/"},{"@type":"ListItem","position":3,"name":"QCPR-Modul"}]},{"@type":"WebSite","@id":"https:\/\/lifesupportdistribution.fr\/de\/#website","url":"https:\/\/lifesupportdistribution.fr\/de\/","name":"Life Support Distribution","description":"Solutions en simulation m\u00e9dicale","publisher":{"@id":"https:\/\/lifesupportdistribution.fr\/de\/#organization"},"potentialAction":[{"@type":"SearchAction","target":{"@type":"EntryPoint","urlTemplate":"https:\/\/lifesupportdistribution.fr\/de\/?s={search_term_string}"},"query-input":{"@type":"PropertyValueSpecification","valueRequired":true,"valueName":"search_term_string"}}],"inLanguage":"de"},{"@type":"Organization","@id":"https:\/\/lifesupportdistribution.fr\/de\/#organization","name":"Life Support Distribution","url":"https:\/\/lifesupportdistribution.fr\/de\/","logo":{"@type":"ImageObject","inLanguage":"de","@id":"https:\/\/lifesupportdistribution.fr\/de\/#\/schema\/logo\/image\/","url":"https:\/\/lifesupportdistribution.fr\/wp-content\/uploads\/2025\/10\/logo-life-support-distribution.svg","contentUrl":"https:\/\/lifesupportdistribution.fr\/wp-content\/uploads\/2025\/10\/logo-life-support-distribution.svg","width":698,"height":223,"caption":"Life Support Distribution"},"image":{"@id":"https:\/\/lifesupportdistribution.fr\/de\/#\/schema\/logo\/image\/"},"sameAs":["https:\/\/www.linkedin.com\/company\/life-support-distribution\/"]}]}},"_links":{"self":[{"href":"https:\/\/lifesupportdistribution.fr\/de\/wp-json\/wp\/v2\/product\/5500","targetHints":{"allow":["GET"]}}],"collection":[{"href":"https:\/\/lifesupportdistribution.fr\/de\/wp-json\/wp\/v2\/product"}],"about":[{"href":"https:\/\/lifesupportdistribution.fr\/de\/wp-json\/wp\/v2\/types\/product"}],"wp:featuredmedia":[{"embeddable":true,"href":"https:\/\/lifesupportdistribution.fr\/de\/wp-json\/wp\/v2\/media\/1654"}],"wp:attachment":[{"href":"https:\/\/lifesupportdistribution.fr\/de\/wp-json\/wp\/v2\/media?parent=5500"}],"wp:term":[{"taxonomy":"product_brand","embeddable":true,"href":"https:\/\/lifesupportdistribution.fr\/de\/wp-json\/wp\/v2\/product_brand?post=5500"},{"taxonomy":"product_cat","embeddable":true,"href":"https:\/\/lifesupportdistribution.fr\/de\/wp-json\/wp\/v2\/product_cat?post=5500"},{"taxonomy":"product_tag","embeddable":true,"href":"https:\/\/lifesupportdistribution.fr\/de\/wp-json\/wp\/v2\/product_tag?post=5500"}],"curies":[{"name":"wp","href":"https:\/\/api.w.org\/{rel}","templated":true}]}}