{"id":5506,"date":"2025-11-11T10:09:38","date_gmt":"2025-11-11T09:09:38","guid":{"rendered":"https:\/\/lifesupportdistribution.fr\/produits\/realiti-pro\/"},"modified":"2026-04-28T15:58:06","modified_gmt":"2026-04-28T14:58:06","slug":"realiti-pro","status":"publish","type":"product","link":"https:\/\/lifesupportdistribution.fr\/de\/produkt\/realiti-pro\/","title":{"rendered":"REALITi Pro"},"content":{"rendered":"<p>REALITi Pro ist die ausgereifteste Version des iSimulate Systems. Es umfasst f\u00fcnf Premium-Bildschirme, einen Sensor zur Messung der Herzmassagequalit\u00e4t, ein Video-Debriefing-System und ein zus\u00e4tzliches Tablet f\u00fcr die elektronische Patientenakte. Als echter digitaler All-in-One-Simulator bietet es eine ultrarealistische Reproduktion der Schnittstellen von weltweit anerkannten Multiparameter-Monitoren, Defibrillatoren und Beatmungsger\u00e4ten.  <\/p>\n<p>Neben den in Echtzeit anpassbaren physiologischen Parametern integriert es erweiterte Module wie die Anzeige medizinischer Bilder, Videointegration, Patientenaktenverwaltung, Leistungserfassung und interaktive Debriefing-Tools.<\/p>\n<p>Dank ChatGPT k\u00f6nnen Ausbilder schnell Szenarien erstellen, die auf ihre p\u00e4dagogischen Ziele zugeschnitten, vielf\u00e4ltig und personalisiert sind, wodurch das Lernerlebnis der Lernenden bereichert wird.<\/p>\n<p>F\u00fcr Gesundheitsschulen, Krankenh\u00e4user, Ausbildungszentren und Rettungsdienste konzipiert, erm\u00f6glicht das REALITi Pro eine vollst\u00e4ndige Immersion, sei es im Schulungsraum oder in der In-situ-Simulation.<\/p>\n","protected":false},"excerpt":{"rendered":"<p>Das iSimulate REALITi Pro ist das umfassendste Simulationssystem der Reihe. Entwickelt, um den Anforderungen anspruchsvoller Ausbilder und Gesundheitseinrichtungen gerecht zu werden, kombiniert es Mobilit\u00e4t, Realismus und erweiterte Funktionen. Mit seinem vollst\u00e4ndigen digitalen \u00d6kosystem und der M\u00f6glichkeit, ChatGPT zur Generierung und Bereicherung von Szenarien zu integrieren, wird das REALITi Pro zu einer unverzichtbaren Referenz f\u00fcr die immersive medizinische Ausbildung.  <\/p>\n","protected":false},"featured_media":5509,"template":"","meta":[],"product_brand":[196],"product_cat":[228,222],"product_tag":[237,238,252,245,236],"class_list":{"0":"post-5506","1":"product","2":"type-product","3":"status-publish","4":"has-post-thumbnail","6":"product_brand-isimulate","7":"product_cat-monitor-defibrillator-beatmungssimulatoren","8":"product_cat-simulatoren-fur-medizinische-versorgung","9":"product_tag-anasthesie","10":"product_tag-erste-hilfe","11":"product_tag-intensivmedizin","12":"product_tag-intensivpflege","13":"product_tag-notfallmedizin","15":"first","16":"instock","17":"shipping-taxable","18":"purchasable","19":"product-type-simple"},"yoast_head":"<!-- This site is optimized with the Yoast SEO plugin v26.8 - https:\/\/yoast.com\/product\/yoast-seo-wordpress\/ -->\n<title>REALITi Pro iSimulate \u2013 Patientenmonitoring-Simulation<\/title>\n<meta name=\"description\" content=\"iSimulate REALITi Pro: professioneller Simulator f\u00fcr die fortgeschrittene Ausbildung in Intensiv-, Notfall- und Reanimationsmedizin. Multi-Bildschirm-kompatibel.\" \/>\n<meta name=\"robots\" content=\"index, follow, max-snippet:-1, max-image-preview:large, max-video-preview:-1\" \/>\n<link rel=\"canonical\" href=\"https:\/\/lifesupportdistribution.fr\/de\/produkt\/realiti-pro\/\" \/>\n<meta property=\"og:locale\" content=\"de_DE\" \/>\n<meta property=\"og:type\" content=\"article\" \/>\n<meta property=\"og:title\" content=\"REALITi Pro iSimulate \u2013 Patientenmonitoring-Simulation\" \/>\n<meta property=\"og:description\" content=\"iSimulate REALITi Pro: professioneller Simulator f\u00fcr die fortgeschrittene Ausbildung in Intensiv-, Notfall- und Reanimationsmedizin. Multi-Bildschirm-kompatibel.\" \/>\n<meta property=\"og:url\" content=\"https:\/\/lifesupportdistribution.fr\/de\/produkt\/realiti-pro\/\" \/>\n<meta property=\"og:site_name\" content=\"Life Support Distribution\" \/>\n<meta property=\"article:modified_time\" content=\"2026-04-28T14:58:06+00:00\" \/>\n<meta property=\"og:image\" content=\"https:\/\/lifesupportdistribution.fr\/wp-content\/uploads\/2025\/11\/Isimulate-realiti-pro-2.png\" \/>\n\t<meta property=\"og:image:width\" content=\"522\" \/>\n\t<meta property=\"og:image:height\" content=\"340\" \/>\n\t<meta property=\"og:image:type\" content=\"image\/png\" \/>\n<meta name=\"twitter:card\" content=\"summary_large_image\" \/>\n<meta name=\"twitter:label1\" content=\"Gesch\u00e4tzte Lesezeit\" \/>\n\t<meta name=\"twitter:data1\" content=\"1\u00a0Minute\" \/>\n<script type=\"application\/ld+json\" class=\"yoast-schema-graph\">{\"@context\":\"https:\/\/schema.org\",\"@graph\":[{\"@type\":\"WebPage\",\"@id\":\"https:\/\/lifesupportdistribution.fr\/de\/produkt\/realiti-pro\/\",\"url\":\"https:\/\/lifesupportdistribution.fr\/de\/produkt\/realiti-pro\/\",\"name\":\"REALITi Pro iSimulate \u2013 Patientenmonitoring-Simulation\",\"isPartOf\":{\"@id\":\"https:\/\/lifesupportdistribution.fr\/de\/#website\"},\"primaryImageOfPage\":{\"@id\":\"https:\/\/lifesupportdistribution.fr\/de\/produkt\/realiti-pro\/#primaryimage\"},\"image\":{\"@id\":\"https:\/\/lifesupportdistribution.fr\/de\/produkt\/realiti-pro\/#primaryimage\"},\"thumbnailUrl\":\"https:\/\/lifesupportdistribution.fr\/wp-content\/uploads\/2025\/11\/Isimulate-realiti-pro-2.png\",\"datePublished\":\"2025-11-11T09:09:38+00:00\",\"dateModified\":\"2026-04-28T14:58:06+00:00\",\"description\":\"iSimulate REALITi Pro: professioneller Simulator f\u00fcr die fortgeschrittene Ausbildung in Intensiv-, Notfall- und Reanimationsmedizin. Multi-Bildschirm-kompatibel.\",\"breadcrumb\":{\"@id\":\"https:\/\/lifesupportdistribution.fr\/de\/produkt\/realiti-pro\/#breadcrumb\"},\"inLanguage\":\"de\",\"potentialAction\":[{\"@type\":\"ReadAction\",\"target\":[\"https:\/\/lifesupportdistribution.fr\/de\/produkt\/realiti-pro\/\"]}]},{\"@type\":\"ImageObject\",\"inLanguage\":\"de\",\"@id\":\"https:\/\/lifesupportdistribution.fr\/de\/produkt\/realiti-pro\/#primaryimage\",\"url\":\"https:\/\/lifesupportdistribution.fr\/wp-content\/uploads\/2025\/11\/Isimulate-realiti-pro-2.png\",\"contentUrl\":\"https:\/\/lifesupportdistribution.fr\/wp-content\/uploads\/2025\/11\/Isimulate-realiti-pro-2.png\",\"width\":522,\"height\":340},{\"@type\":\"BreadcrumbList\",\"@id\":\"https:\/\/lifesupportdistribution.fr\/de\/produkt\/realiti-pro\/#breadcrumb\",\"itemListElement\":[{\"@type\":\"ListItem\",\"position\":1,\"name\":\"Accueil\",\"item\":\"https:\/\/lifesupportdistribution.fr\/de\/startseite\/\"},{\"@type\":\"ListItem\",\"position\":2,\"name\":\"Shop\",\"item\":\"https:\/\/lifesupportdistribution.fr\/de\/shop\/\"},{\"@type\":\"ListItem\",\"position\":3,\"name\":\"REALITi Pro\"}]},{\"@type\":\"WebSite\",\"@id\":\"https:\/\/lifesupportdistribution.fr\/de\/#website\",\"url\":\"https:\/\/lifesupportdistribution.fr\/de\/\",\"name\":\"Life Support Distribution\",\"description\":\"Solutions en simulation m\u00e9dicale\",\"publisher\":{\"@id\":\"https:\/\/lifesupportdistribution.fr\/de\/#organization\"},\"potentialAction\":[{\"@type\":\"SearchAction\",\"target\":{\"@type\":\"EntryPoint\",\"urlTemplate\":\"https:\/\/lifesupportdistribution.fr\/de\/?s={search_term_string}\"},\"query-input\":{\"@type\":\"PropertyValueSpecification\",\"valueRequired\":true,\"valueName\":\"search_term_string\"}}],\"inLanguage\":\"de\"},{\"@type\":\"Organization\",\"@id\":\"https:\/\/lifesupportdistribution.fr\/de\/#organization\",\"name\":\"Life Support Distribution\",\"url\":\"https:\/\/lifesupportdistribution.fr\/de\/\",\"logo\":{\"@type\":\"ImageObject\",\"inLanguage\":\"de\",\"@id\":\"https:\/\/lifesupportdistribution.fr\/de\/#\/schema\/logo\/image\/\",\"url\":\"https:\/\/lifesupportdistribution.fr\/wp-content\/uploads\/2025\/10\/logo-life-support-distribution.svg\",\"contentUrl\":\"https:\/\/lifesupportdistribution.fr\/wp-content\/uploads\/2025\/10\/logo-life-support-distribution.svg\",\"width\":698,\"height\":223,\"caption\":\"Life Support Distribution\"},\"image\":{\"@id\":\"https:\/\/lifesupportdistribution.fr\/de\/#\/schema\/logo\/image\/\"},\"sameAs\":[\"https:\/\/www.linkedin.com\/company\/life-support-distribution\/\"]}]}<\/script>\n<!-- \/ Yoast SEO plugin. -->","yoast_head_json":{"title":"REALITi Pro iSimulate \u2013 Patientenmonitoring-Simulation","description":"iSimulate REALITi Pro: professioneller Simulator f\u00fcr die fortgeschrittene Ausbildung in Intensiv-, Notfall- und Reanimationsmedizin. Multi-Bildschirm-kompatibel.","robots":{"index":"index","follow":"follow","max-snippet":"max-snippet:-1","max-image-preview":"max-image-preview:large","max-video-preview":"max-video-preview:-1"},"canonical":"https:\/\/lifesupportdistribution.fr\/de\/produkt\/realiti-pro\/","og_locale":"de_DE","og_type":"article","og_title":"REALITi Pro iSimulate \u2013 Patientenmonitoring-Simulation","og_description":"iSimulate REALITi Pro: professioneller Simulator f\u00fcr die fortgeschrittene Ausbildung in Intensiv-, Notfall- und Reanimationsmedizin. Multi-Bildschirm-kompatibel.","og_url":"https:\/\/lifesupportdistribution.fr\/de\/produkt\/realiti-pro\/","og_site_name":"Life Support Distribution","article_modified_time":"2026-04-28T14:58:06+00:00","og_image":[{"width":522,"height":340,"url":"https:\/\/lifesupportdistribution.fr\/wp-content\/uploads\/2025\/11\/Isimulate-realiti-pro-2.png","type":"image\/png"}],"twitter_card":"summary_large_image","twitter_misc":{"Gesch\u00e4tzte Lesezeit":"1\u00a0Minute"},"schema":{"@context":"https:\/\/schema.org","@graph":[{"@type":"WebPage","@id":"https:\/\/lifesupportdistribution.fr\/de\/produkt\/realiti-pro\/","url":"https:\/\/lifesupportdistribution.fr\/de\/produkt\/realiti-pro\/","name":"REALITi Pro iSimulate \u2013 Patientenmonitoring-Simulation","isPartOf":{"@id":"https:\/\/lifesupportdistribution.fr\/de\/#website"},"primaryImageOfPage":{"@id":"https:\/\/lifesupportdistribution.fr\/de\/produkt\/realiti-pro\/#primaryimage"},"image":{"@id":"https:\/\/lifesupportdistribution.fr\/de\/produkt\/realiti-pro\/#primaryimage"},"thumbnailUrl":"https:\/\/lifesupportdistribution.fr\/wp-content\/uploads\/2025\/11\/Isimulate-realiti-pro-2.png","datePublished":"2025-11-11T09:09:38+00:00","dateModified":"2026-04-28T14:58:06+00:00","description":"iSimulate REALITi Pro: professioneller Simulator f\u00fcr die fortgeschrittene Ausbildung in Intensiv-, Notfall- und Reanimationsmedizin. Multi-Bildschirm-kompatibel.","breadcrumb":{"@id":"https:\/\/lifesupportdistribution.fr\/de\/produkt\/realiti-pro\/#breadcrumb"},"inLanguage":"de","potentialAction":[{"@type":"ReadAction","target":["https:\/\/lifesupportdistribution.fr\/de\/produkt\/realiti-pro\/"]}]},{"@type":"ImageObject","inLanguage":"de","@id":"https:\/\/lifesupportdistribution.fr\/de\/produkt\/realiti-pro\/#primaryimage","url":"https:\/\/lifesupportdistribution.fr\/wp-content\/uploads\/2025\/11\/Isimulate-realiti-pro-2.png","contentUrl":"https:\/\/lifesupportdistribution.fr\/wp-content\/uploads\/2025\/11\/Isimulate-realiti-pro-2.png","width":522,"height":340},{"@type":"BreadcrumbList","@id":"https:\/\/lifesupportdistribution.fr\/de\/produkt\/realiti-pro\/#breadcrumb","itemListElement":[{"@type":"ListItem","position":1,"name":"Accueil","item":"https:\/\/lifesupportdistribution.fr\/de\/startseite\/"},{"@type":"ListItem","position":2,"name":"Shop","item":"https:\/\/lifesupportdistribution.fr\/de\/shop\/"},{"@type":"ListItem","position":3,"name":"REALITi Pro"}]},{"@type":"WebSite","@id":"https:\/\/lifesupportdistribution.fr\/de\/#website","url":"https:\/\/lifesupportdistribution.fr\/de\/","name":"Life Support Distribution","description":"Solutions en simulation m\u00e9dicale","publisher":{"@id":"https:\/\/lifesupportdistribution.fr\/de\/#organization"},"potentialAction":[{"@type":"SearchAction","target":{"@type":"EntryPoint","urlTemplate":"https:\/\/lifesupportdistribution.fr\/de\/?s={search_term_string}"},"query-input":{"@type":"PropertyValueSpecification","valueRequired":true,"valueName":"search_term_string"}}],"inLanguage":"de"},{"@type":"Organization","@id":"https:\/\/lifesupportdistribution.fr\/de\/#organization","name":"Life Support Distribution","url":"https:\/\/lifesupportdistribution.fr\/de\/","logo":{"@type":"ImageObject","inLanguage":"de","@id":"https:\/\/lifesupportdistribution.fr\/de\/#\/schema\/logo\/image\/","url":"https:\/\/lifesupportdistribution.fr\/wp-content\/uploads\/2025\/10\/logo-life-support-distribution.svg","contentUrl":"https:\/\/lifesupportdistribution.fr\/wp-content\/uploads\/2025\/10\/logo-life-support-distribution.svg","width":698,"height":223,"caption":"Life Support Distribution"},"image":{"@id":"https:\/\/lifesupportdistribution.fr\/de\/#\/schema\/logo\/image\/"},"sameAs":["https:\/\/www.linkedin.com\/company\/life-support-distribution\/"]}]}},"_links":{"self":[{"href":"https:\/\/lifesupportdistribution.fr\/de\/wp-json\/wp\/v2\/product\/5506","targetHints":{"allow":["GET"]}}],"collection":[{"href":"https:\/\/lifesupportdistribution.fr\/de\/wp-json\/wp\/v2\/product"}],"about":[{"href":"https:\/\/lifesupportdistribution.fr\/de\/wp-json\/wp\/v2\/types\/product"}],"wp:featuredmedia":[{"embeddable":true,"href":"https:\/\/lifesupportdistribution.fr\/de\/wp-json\/wp\/v2\/media\/5509"}],"wp:attachment":[{"href":"https:\/\/lifesupportdistribution.fr\/de\/wp-json\/wp\/v2\/media?parent=5506"}],"wp:term":[{"taxonomy":"product_brand","embeddable":true,"href":"https:\/\/lifesupportdistribution.fr\/de\/wp-json\/wp\/v2\/product_brand?post=5506"},{"taxonomy":"product_cat","embeddable":true,"href":"https:\/\/lifesupportdistribution.fr\/de\/wp-json\/wp\/v2\/product_cat?post=5506"},{"taxonomy":"product_tag","embeddable":true,"href":"https:\/\/lifesupportdistribution.fr\/de\/wp-json\/wp\/v2\/product_tag?post=5506"}],"curies":[{"name":"wp","href":"https:\/\/api.w.org\/{rel}","templated":true}]}}