{"id":5515,"date":"2025-11-10T19:42:45","date_gmt":"2025-11-10T18:42:45","guid":{"rendered":"https:\/\/lifesupportdistribution.fr\/produits\/blutdruckmess-simulator-s415-100\/"},"modified":"2025-11-10T19:42:45","modified_gmt":"2025-11-10T18:42:45","slug":"blutdruckmess-simulator-s415-100","status":"publish","type":"product","link":"https:\/\/lifesupportdistribution.fr\/de\/produkt\/blutdruckmess-simulator-s415-100\/","title":{"rendered":"Blutdruckmess-Simulator &#8211; S415.100"},"content":{"rendered":"<p>Der S415.100 Simulator wurde entwickelt, um die Beherrschung der Blutdruckmessung zu verbessern, einer grundlegenden Fertigkeit in der Krankenpflege und Allgemeinmedizin. Dank seiner integrierten Lautsprecher erm\u00f6glicht er das klare H\u00f6ren der Korotkoff-Ger\u00e4usche, die f\u00fcr die pr\u00e4zise Bestimmung des systolischen und diastolischen Drucks unerl\u00e4sslich sind. Der Benutzer kann mit einer Standardmanschette und einem Stethoskop \u00fcben, was den Realismus der Praxis verst\u00e4rkt und den \u00dcbergang zu realen klinischen Situationen erleichtert. Dieses System f\u00f6rdert ein progressives und wiederholtes Training, das f\u00fcr den Erwerb von Vertrauen und Pr\u00e4zision unerl\u00e4sslich ist.   <\/p>\n","protected":false},"excerpt":{"rendered":"<p>Der Gaumard S415.100 ist ein Trainingssystem, das f\u00fcr die Lehre der Blutdruckmessung konzipiert wurde. Ausgestattet mit integrierten Lautsprechern, reproduziert er realistisch die f\u00fcr die Praxis notwendigen auskultatorischen Ger\u00e4usche, wodurch Studenten und medizinisches Fachpersonal in einem immersiven und zuverl\u00e4ssigen p\u00e4dagogischen Umfeld trainieren k\u00f6nnen. <\/p>\n","protected":false},"featured_media":1634,"template":"","meta":[],"product_brand":[194],"product_cat":[222],"product_tag":[230,232,239,249,251,236],"class_list":{"0":"post-5515","1":"product","2":"type-product","3":"status-publish","4":"has-post-thumbnail","6":"product_brand-gaumard","7":"product_cat-simulatoren-fur-medizinische-versorgung","8":"product_tag-allgemeinmedizin","9":"product_tag-geriatrische-medizin","10":"product_tag-herz-lungen","11":"product_tag-innere-medizin","12":"product_tag-krankenpflege","13":"product_tag-notfallmedizin","15":"first","16":"instock","17":"shipping-taxable","18":"purchasable","19":"product-type-simple"},"yoast_head":"<!-- This site is optimized with the Yoast SEO plugin v26.8 - https:\/\/yoast.com\/product\/yoast-seo-wordpress\/ -->\n<title>Gaumard S415.100 \u2013 Blutdruckmess-Simulator<\/title>\n<meta name=\"description\" content=\"Der Gaumard S415.100 Simulator schult die auskultatorische Blutdruckmessung mit realistischen Ger\u00e4uschen und Pulsen.\" \/>\n<meta name=\"robots\" content=\"index, follow, max-snippet:-1, max-image-preview:large, max-video-preview:-1\" \/>\n<link rel=\"canonical\" href=\"https:\/\/lifesupportdistribution.fr\/de\/produkt\/blutdruckmess-simulator-s415-100\/\" \/>\n<meta property=\"og:locale\" content=\"de_DE\" \/>\n<meta property=\"og:type\" content=\"article\" \/>\n<meta property=\"og:title\" content=\"Gaumard S415.100 \u2013 Blutdruckmess-Simulator\" \/>\n<meta property=\"og:description\" content=\"Der Gaumard S415.100 Simulator schult die auskultatorische Blutdruckmessung mit realistischen Ger\u00e4uschen und Pulsen.\" \/>\n<meta property=\"og:url\" content=\"https:\/\/lifesupportdistribution.fr\/de\/produkt\/blutdruckmess-simulator-s415-100\/\" \/>\n<meta property=\"og:site_name\" content=\"Life Support Distribution\" \/>\n<meta property=\"og:image\" content=\"https:\/\/lifesupportdistribution.fr\/wp-content\/uploads\/2025\/11\/Photo-1-S415.100-gaumard.png\" \/>\n\t<meta property=\"og:image:width\" content=\"1578\" \/>\n\t<meta property=\"og:image:height\" content=\"1030\" \/>\n\t<meta property=\"og:image:type\" content=\"image\/png\" \/>\n<meta name=\"twitter:card\" content=\"summary_large_image\" \/>\n<script type=\"application\/ld+json\" class=\"yoast-schema-graph\">{\"@context\":\"https:\/\/schema.org\",\"@graph\":[{\"@type\":\"WebPage\",\"@id\":\"https:\/\/lifesupportdistribution.fr\/de\/produkt\/blutdruckmess-simulator-s415-100\/\",\"url\":\"https:\/\/lifesupportdistribution.fr\/de\/produkt\/blutdruckmess-simulator-s415-100\/\",\"name\":\"Gaumard S415.100 \u2013 Blutdruckmess-Simulator\",\"isPartOf\":{\"@id\":\"https:\/\/lifesupportdistribution.fr\/de\/#website\"},\"primaryImageOfPage\":{\"@id\":\"https:\/\/lifesupportdistribution.fr\/de\/produkt\/blutdruckmess-simulator-s415-100\/#primaryimage\"},\"image\":{\"@id\":\"https:\/\/lifesupportdistribution.fr\/de\/produkt\/blutdruckmess-simulator-s415-100\/#primaryimage\"},\"thumbnailUrl\":\"https:\/\/lifesupportdistribution.fr\/wp-content\/uploads\/2025\/11\/Photo-1-S415.100-gaumard.png\",\"datePublished\":\"2025-11-10T18:42:45+00:00\",\"description\":\"Der Gaumard S415.100 Simulator schult die auskultatorische Blutdruckmessung mit realistischen Ger\u00e4uschen und Pulsen.\",\"breadcrumb\":{\"@id\":\"https:\/\/lifesupportdistribution.fr\/de\/produkt\/blutdruckmess-simulator-s415-100\/#breadcrumb\"},\"inLanguage\":\"de\",\"potentialAction\":[{\"@type\":\"ReadAction\",\"target\":[\"https:\/\/lifesupportdistribution.fr\/de\/produkt\/blutdruckmess-simulator-s415-100\/\"]}]},{\"@type\":\"ImageObject\",\"inLanguage\":\"de\",\"@id\":\"https:\/\/lifesupportdistribution.fr\/de\/produkt\/blutdruckmess-simulator-s415-100\/#primaryimage\",\"url\":\"https:\/\/lifesupportdistribution.fr\/wp-content\/uploads\/2025\/11\/Photo-1-S415.100-gaumard.png\",\"contentUrl\":\"https:\/\/lifesupportdistribution.fr\/wp-content\/uploads\/2025\/11\/Photo-1-S415.100-gaumard.png\",\"width\":1578,\"height\":1030},{\"@type\":\"BreadcrumbList\",\"@id\":\"https:\/\/lifesupportdistribution.fr\/de\/produkt\/blutdruckmess-simulator-s415-100\/#breadcrumb\",\"itemListElement\":[{\"@type\":\"ListItem\",\"position\":1,\"name\":\"Accueil\",\"item\":\"https:\/\/lifesupportdistribution.fr\/de\/startseite\/\"},{\"@type\":\"ListItem\",\"position\":2,\"name\":\"Shop\",\"item\":\"https:\/\/lifesupportdistribution.fr\/de\/shop\/\"},{\"@type\":\"ListItem\",\"position\":3,\"name\":\"Blutdruckmess-Simulator &#8211; S415.100\"}]},{\"@type\":\"WebSite\",\"@id\":\"https:\/\/lifesupportdistribution.fr\/de\/#website\",\"url\":\"https:\/\/lifesupportdistribution.fr\/de\/\",\"name\":\"Life Support Distribution\",\"description\":\"Solutions en simulation m\u00e9dicale\",\"publisher\":{\"@id\":\"https:\/\/lifesupportdistribution.fr\/de\/#organization\"},\"potentialAction\":[{\"@type\":\"SearchAction\",\"target\":{\"@type\":\"EntryPoint\",\"urlTemplate\":\"https:\/\/lifesupportdistribution.fr\/de\/?s={search_term_string}\"},\"query-input\":{\"@type\":\"PropertyValueSpecification\",\"valueRequired\":true,\"valueName\":\"search_term_string\"}}],\"inLanguage\":\"de\"},{\"@type\":\"Organization\",\"@id\":\"https:\/\/lifesupportdistribution.fr\/de\/#organization\",\"name\":\"Life Support Distribution\",\"url\":\"https:\/\/lifesupportdistribution.fr\/de\/\",\"logo\":{\"@type\":\"ImageObject\",\"inLanguage\":\"de\",\"@id\":\"https:\/\/lifesupportdistribution.fr\/de\/#\/schema\/logo\/image\/\",\"url\":\"https:\/\/lifesupportdistribution.fr\/wp-content\/uploads\/2025\/10\/logo-life-support-distribution.svg\",\"contentUrl\":\"https:\/\/lifesupportdistribution.fr\/wp-content\/uploads\/2025\/10\/logo-life-support-distribution.svg\",\"width\":698,\"height\":223,\"caption\":\"Life Support Distribution\"},\"image\":{\"@id\":\"https:\/\/lifesupportdistribution.fr\/de\/#\/schema\/logo\/image\/\"},\"sameAs\":[\"https:\/\/www.linkedin.com\/company\/life-support-distribution\/\"]}]}<\/script>\n<!-- \/ Yoast SEO plugin. -->","yoast_head_json":{"title":"Gaumard S415.100 \u2013 Blutdruckmess-Simulator","description":"Der Gaumard S415.100 Simulator schult die auskultatorische Blutdruckmessung mit realistischen Ger\u00e4uschen und Pulsen.","robots":{"index":"index","follow":"follow","max-snippet":"max-snippet:-1","max-image-preview":"max-image-preview:large","max-video-preview":"max-video-preview:-1"},"canonical":"https:\/\/lifesupportdistribution.fr\/de\/produkt\/blutdruckmess-simulator-s415-100\/","og_locale":"de_DE","og_type":"article","og_title":"Gaumard S415.100 \u2013 Blutdruckmess-Simulator","og_description":"Der Gaumard S415.100 Simulator schult die auskultatorische Blutdruckmessung mit realistischen Ger\u00e4uschen und Pulsen.","og_url":"https:\/\/lifesupportdistribution.fr\/de\/produkt\/blutdruckmess-simulator-s415-100\/","og_site_name":"Life Support Distribution","og_image":[{"width":1578,"height":1030,"url":"https:\/\/lifesupportdistribution.fr\/wp-content\/uploads\/2025\/11\/Photo-1-S415.100-gaumard.png","type":"image\/png"}],"twitter_card":"summary_large_image","schema":{"@context":"https:\/\/schema.org","@graph":[{"@type":"WebPage","@id":"https:\/\/lifesupportdistribution.fr\/de\/produkt\/blutdruckmess-simulator-s415-100\/","url":"https:\/\/lifesupportdistribution.fr\/de\/produkt\/blutdruckmess-simulator-s415-100\/","name":"Gaumard S415.100 \u2013 Blutdruckmess-Simulator","isPartOf":{"@id":"https:\/\/lifesupportdistribution.fr\/de\/#website"},"primaryImageOfPage":{"@id":"https:\/\/lifesupportdistribution.fr\/de\/produkt\/blutdruckmess-simulator-s415-100\/#primaryimage"},"image":{"@id":"https:\/\/lifesupportdistribution.fr\/de\/produkt\/blutdruckmess-simulator-s415-100\/#primaryimage"},"thumbnailUrl":"https:\/\/lifesupportdistribution.fr\/wp-content\/uploads\/2025\/11\/Photo-1-S415.100-gaumard.png","datePublished":"2025-11-10T18:42:45+00:00","description":"Der Gaumard S415.100 Simulator schult die auskultatorische Blutdruckmessung mit realistischen Ger\u00e4uschen und Pulsen.","breadcrumb":{"@id":"https:\/\/lifesupportdistribution.fr\/de\/produkt\/blutdruckmess-simulator-s415-100\/#breadcrumb"},"inLanguage":"de","potentialAction":[{"@type":"ReadAction","target":["https:\/\/lifesupportdistribution.fr\/de\/produkt\/blutdruckmess-simulator-s415-100\/"]}]},{"@type":"ImageObject","inLanguage":"de","@id":"https:\/\/lifesupportdistribution.fr\/de\/produkt\/blutdruckmess-simulator-s415-100\/#primaryimage","url":"https:\/\/lifesupportdistribution.fr\/wp-content\/uploads\/2025\/11\/Photo-1-S415.100-gaumard.png","contentUrl":"https:\/\/lifesupportdistribution.fr\/wp-content\/uploads\/2025\/11\/Photo-1-S415.100-gaumard.png","width":1578,"height":1030},{"@type":"BreadcrumbList","@id":"https:\/\/lifesupportdistribution.fr\/de\/produkt\/blutdruckmess-simulator-s415-100\/#breadcrumb","itemListElement":[{"@type":"ListItem","position":1,"name":"Accueil","item":"https:\/\/lifesupportdistribution.fr\/de\/startseite\/"},{"@type":"ListItem","position":2,"name":"Shop","item":"https:\/\/lifesupportdistribution.fr\/de\/shop\/"},{"@type":"ListItem","position":3,"name":"Blutdruckmess-Simulator &#8211; S415.100"}]},{"@type":"WebSite","@id":"https:\/\/lifesupportdistribution.fr\/de\/#website","url":"https:\/\/lifesupportdistribution.fr\/de\/","name":"Life Support Distribution","description":"Solutions en simulation m\u00e9dicale","publisher":{"@id":"https:\/\/lifesupportdistribution.fr\/de\/#organization"},"potentialAction":[{"@type":"SearchAction","target":{"@type":"EntryPoint","urlTemplate":"https:\/\/lifesupportdistribution.fr\/de\/?s={search_term_string}"},"query-input":{"@type":"PropertyValueSpecification","valueRequired":true,"valueName":"search_term_string"}}],"inLanguage":"de"},{"@type":"Organization","@id":"https:\/\/lifesupportdistribution.fr\/de\/#organization","name":"Life Support Distribution","url":"https:\/\/lifesupportdistribution.fr\/de\/","logo":{"@type":"ImageObject","inLanguage":"de","@id":"https:\/\/lifesupportdistribution.fr\/de\/#\/schema\/logo\/image\/","url":"https:\/\/lifesupportdistribution.fr\/wp-content\/uploads\/2025\/10\/logo-life-support-distribution.svg","contentUrl":"https:\/\/lifesupportdistribution.fr\/wp-content\/uploads\/2025\/10\/logo-life-support-distribution.svg","width":698,"height":223,"caption":"Life Support Distribution"},"image":{"@id":"https:\/\/lifesupportdistribution.fr\/de\/#\/schema\/logo\/image\/"},"sameAs":["https:\/\/www.linkedin.com\/company\/life-support-distribution\/"]}]}},"_links":{"self":[{"href":"https:\/\/lifesupportdistribution.fr\/de\/wp-json\/wp\/v2\/product\/5515","targetHints":{"allow":["GET"]}}],"collection":[{"href":"https:\/\/lifesupportdistribution.fr\/de\/wp-json\/wp\/v2\/product"}],"about":[{"href":"https:\/\/lifesupportdistribution.fr\/de\/wp-json\/wp\/v2\/types\/product"}],"wp:featuredmedia":[{"embeddable":true,"href":"https:\/\/lifesupportdistribution.fr\/de\/wp-json\/wp\/v2\/media\/1634"}],"wp:attachment":[{"href":"https:\/\/lifesupportdistribution.fr\/de\/wp-json\/wp\/v2\/media?parent=5515"}],"wp:term":[{"taxonomy":"product_brand","embeddable":true,"href":"https:\/\/lifesupportdistribution.fr\/de\/wp-json\/wp\/v2\/product_brand?post=5515"},{"taxonomy":"product_cat","embeddable":true,"href":"https:\/\/lifesupportdistribution.fr\/de\/wp-json\/wp\/v2\/product_cat?post=5515"},{"taxonomy":"product_tag","embeddable":true,"href":"https:\/\/lifesupportdistribution.fr\/de\/wp-json\/wp\/v2\/product_tag?post=5515"}],"curies":[{"name":"wp","href":"https:\/\/api.w.org\/{rel}","templated":true}]}}