{"id":5537,"date":"2025-11-10T17:01:17","date_gmt":"2025-11-10T16:01:17","guid":{"rendered":"https:\/\/lifesupportdistribution.fr\/produits\/geburtstrainingsrumpf-super-ob-susie-s500-300\/"},"modified":"2025-11-10T17:01:17","modified_gmt":"2025-11-10T16:01:17","slug":"geburtstrainingsrumpf-super-ob-susie-s500-300","status":"publish","type":"product","link":"https:\/\/lifesupportdistribution.fr\/de\/produkt\/geburtstrainingsrumpf-super-ob-susie-s500-300\/","title":{"rendered":"Geburtstrainingsrumpf &#8211; Super OB SUSIE\u00ae S500.300"},"content":{"rendered":"<p>Das Geburtsbecken Super OB SUSIE\u00ae S500.300 wurde entwickelt, um eine praktische und progressive Ausbildung in geburtshilflichen Techniken zu erm\u00f6glichen. Dank seiner originalgetreuen Anatomie und internen Mechanismen erm\u00f6glicht es die Simulation verschiedener Phasen von Wehen und Geburt mit einem an p\u00e4dagogische Bed\u00fcrfnisse angepassten Realismus. Dieser Simulator bietet die M\u00f6glichkeit, die Betreuung normaler Geburten, instrumenteller Extraktionen und Interventionen in Notfallsituationen zu trainieren. Sein kompaktes und modulares Design macht ihn zu einem praktischen und vielseitigen Werkzeug, das sich leicht in geburtshilfliche Ausbildungsprogramme integrieren l\u00e4sst.   <\/p>\n","protected":false},"excerpt":{"rendered":"<p>Der Super OB SUSIE\u00ae S500.300 ist ein Trainingsbecken, das dem Erlernen von Geburtstechniken gewidmet ist. Realistisch und robust bietet er Medizinstudenten, Hebammen und medizinischem Fachpersonal die M\u00f6glichkeit, wesentliche Handgriffe im Zusammenhang mit normalen Geburten sowie komplexeren Situationen zu wiederholen. <\/p>\n","protected":false},"featured_media":1603,"template":"","meta":[],"product_brand":[194],"product_cat":[222],"product_tag":[233,251,236],"class_list":{"0":"post-5537","1":"product","2":"type-product","3":"status-publish","4":"has-post-thumbnail","6":"product_brand-gaumard","7":"product_cat-simulatoren-fur-medizinische-versorgung","8":"product_tag-geburtshilfe-gynakologie","9":"product_tag-krankenpflege","10":"product_tag-notfallmedizin","12":"first","13":"instock","14":"shipping-taxable","15":"purchasable","16":"product-type-simple"},"yoast_head":"<!-- This site is optimized with the Yoast SEO plugin v26.8 - https:\/\/yoast.com\/product\/yoast-seo-wordpress\/ -->\n<title>Gaumard S500.300 \u2013 Geburtstrainingsrumpf<\/title>\n<meta name=\"description\" content=\"Der Gaumard Super OB SUSIE S500.300 schult in Geburtstechniken: Dilatation, Austreibung und realistische geburtshilfliche Handgriffe.\" \/>\n<meta name=\"robots\" content=\"index, follow, max-snippet:-1, max-image-preview:large, max-video-preview:-1\" \/>\n<link rel=\"canonical\" href=\"https:\/\/lifesupportdistribution.fr\/de\/produkt\/geburtstrainingsrumpf-super-ob-susie-s500-300\/\" \/>\n<meta property=\"og:locale\" content=\"de_DE\" \/>\n<meta property=\"og:type\" content=\"article\" \/>\n<meta property=\"og:title\" content=\"Gaumard S500.300 \u2013 Geburtstrainingsrumpf\" \/>\n<meta property=\"og:description\" content=\"Der Gaumard Super OB SUSIE S500.300 schult in Geburtstechniken: Dilatation, Austreibung und realistische geburtshilfliche Handgriffe.\" \/>\n<meta property=\"og:url\" content=\"https:\/\/lifesupportdistribution.fr\/de\/produkt\/geburtstrainingsrumpf-super-ob-susie-s500-300\/\" \/>\n<meta property=\"og:site_name\" content=\"Life Support Distribution\" \/>\n<meta property=\"og:image\" content=\"https:\/\/lifesupportdistribution.fr\/wp-content\/uploads\/2025\/11\/Photo-1-s500.300-Gaumard.png\" \/>\n\t<meta property=\"og:image:width\" content=\"1548\" \/>\n\t<meta property=\"og:image:height\" content=\"1036\" \/>\n\t<meta property=\"og:image:type\" content=\"image\/png\" \/>\n<meta name=\"twitter:card\" content=\"summary_large_image\" \/>\n<script type=\"application\/ld+json\" class=\"yoast-schema-graph\">{\"@context\":\"https:\/\/schema.org\",\"@graph\":[{\"@type\":\"WebPage\",\"@id\":\"https:\/\/lifesupportdistribution.fr\/de\/produkt\/geburtstrainingsrumpf-super-ob-susie-s500-300\/\",\"url\":\"https:\/\/lifesupportdistribution.fr\/de\/produkt\/geburtstrainingsrumpf-super-ob-susie-s500-300\/\",\"name\":\"Gaumard S500.300 \u2013 Geburtstrainingsrumpf\",\"isPartOf\":{\"@id\":\"https:\/\/lifesupportdistribution.fr\/de\/#website\"},\"primaryImageOfPage\":{\"@id\":\"https:\/\/lifesupportdistribution.fr\/de\/produkt\/geburtstrainingsrumpf-super-ob-susie-s500-300\/#primaryimage\"},\"image\":{\"@id\":\"https:\/\/lifesupportdistribution.fr\/de\/produkt\/geburtstrainingsrumpf-super-ob-susie-s500-300\/#primaryimage\"},\"thumbnailUrl\":\"https:\/\/lifesupportdistribution.fr\/wp-content\/uploads\/2025\/11\/Photo-1-s500.300-Gaumard.png\",\"datePublished\":\"2025-11-10T16:01:17+00:00\",\"description\":\"Der Gaumard Super OB SUSIE S500.300 schult in Geburtstechniken: Dilatation, Austreibung und realistische geburtshilfliche Handgriffe.\",\"breadcrumb\":{\"@id\":\"https:\/\/lifesupportdistribution.fr\/de\/produkt\/geburtstrainingsrumpf-super-ob-susie-s500-300\/#breadcrumb\"},\"inLanguage\":\"de\",\"potentialAction\":[{\"@type\":\"ReadAction\",\"target\":[\"https:\/\/lifesupportdistribution.fr\/de\/produkt\/geburtstrainingsrumpf-super-ob-susie-s500-300\/\"]}]},{\"@type\":\"ImageObject\",\"inLanguage\":\"de\",\"@id\":\"https:\/\/lifesupportdistribution.fr\/de\/produkt\/geburtstrainingsrumpf-super-ob-susie-s500-300\/#primaryimage\",\"url\":\"https:\/\/lifesupportdistribution.fr\/wp-content\/uploads\/2025\/11\/Photo-1-s500.300-Gaumard.png\",\"contentUrl\":\"https:\/\/lifesupportdistribution.fr\/wp-content\/uploads\/2025\/11\/Photo-1-s500.300-Gaumard.png\",\"width\":1548,\"height\":1036},{\"@type\":\"BreadcrumbList\",\"@id\":\"https:\/\/lifesupportdistribution.fr\/de\/produkt\/geburtstrainingsrumpf-super-ob-susie-s500-300\/#breadcrumb\",\"itemListElement\":[{\"@type\":\"ListItem\",\"position\":1,\"name\":\"Accueil\",\"item\":\"https:\/\/lifesupportdistribution.fr\/de\/startseite\/\"},{\"@type\":\"ListItem\",\"position\":2,\"name\":\"Shop\",\"item\":\"https:\/\/lifesupportdistribution.fr\/de\/shop\/\"},{\"@type\":\"ListItem\",\"position\":3,\"name\":\"Geburtstrainingsrumpf &#8211; Super OB SUSIE\u00ae S500.300\"}]},{\"@type\":\"WebSite\",\"@id\":\"https:\/\/lifesupportdistribution.fr\/de\/#website\",\"url\":\"https:\/\/lifesupportdistribution.fr\/de\/\",\"name\":\"Life Support Distribution\",\"description\":\"Solutions en simulation m\u00e9dicale\",\"publisher\":{\"@id\":\"https:\/\/lifesupportdistribution.fr\/de\/#organization\"},\"potentialAction\":[{\"@type\":\"SearchAction\",\"target\":{\"@type\":\"EntryPoint\",\"urlTemplate\":\"https:\/\/lifesupportdistribution.fr\/de\/?s={search_term_string}\"},\"query-input\":{\"@type\":\"PropertyValueSpecification\",\"valueRequired\":true,\"valueName\":\"search_term_string\"}}],\"inLanguage\":\"de\"},{\"@type\":\"Organization\",\"@id\":\"https:\/\/lifesupportdistribution.fr\/de\/#organization\",\"name\":\"Life Support Distribution\",\"url\":\"https:\/\/lifesupportdistribution.fr\/de\/\",\"logo\":{\"@type\":\"ImageObject\",\"inLanguage\":\"de\",\"@id\":\"https:\/\/lifesupportdistribution.fr\/de\/#\/schema\/logo\/image\/\",\"url\":\"https:\/\/lifesupportdistribution.fr\/wp-content\/uploads\/2025\/10\/logo-life-support-distribution.svg\",\"contentUrl\":\"https:\/\/lifesupportdistribution.fr\/wp-content\/uploads\/2025\/10\/logo-life-support-distribution.svg\",\"width\":698,\"height\":223,\"caption\":\"Life Support Distribution\"},\"image\":{\"@id\":\"https:\/\/lifesupportdistribution.fr\/de\/#\/schema\/logo\/image\/\"},\"sameAs\":[\"https:\/\/www.linkedin.com\/company\/life-support-distribution\/\"]}]}<\/script>\n<!-- \/ Yoast SEO plugin. -->","yoast_head_json":{"title":"Gaumard S500.300 \u2013 Geburtstrainingsrumpf","description":"Der Gaumard Super OB SUSIE S500.300 schult in Geburtstechniken: Dilatation, Austreibung und realistische geburtshilfliche Handgriffe.","robots":{"index":"index","follow":"follow","max-snippet":"max-snippet:-1","max-image-preview":"max-image-preview:large","max-video-preview":"max-video-preview:-1"},"canonical":"https:\/\/lifesupportdistribution.fr\/de\/produkt\/geburtstrainingsrumpf-super-ob-susie-s500-300\/","og_locale":"de_DE","og_type":"article","og_title":"Gaumard S500.300 \u2013 Geburtstrainingsrumpf","og_description":"Der Gaumard Super OB SUSIE S500.300 schult in Geburtstechniken: Dilatation, Austreibung und realistische geburtshilfliche Handgriffe.","og_url":"https:\/\/lifesupportdistribution.fr\/de\/produkt\/geburtstrainingsrumpf-super-ob-susie-s500-300\/","og_site_name":"Life Support Distribution","og_image":[{"width":1548,"height":1036,"url":"https:\/\/lifesupportdistribution.fr\/wp-content\/uploads\/2025\/11\/Photo-1-s500.300-Gaumard.png","type":"image\/png"}],"twitter_card":"summary_large_image","schema":{"@context":"https:\/\/schema.org","@graph":[{"@type":"WebPage","@id":"https:\/\/lifesupportdistribution.fr\/de\/produkt\/geburtstrainingsrumpf-super-ob-susie-s500-300\/","url":"https:\/\/lifesupportdistribution.fr\/de\/produkt\/geburtstrainingsrumpf-super-ob-susie-s500-300\/","name":"Gaumard S500.300 \u2013 Geburtstrainingsrumpf","isPartOf":{"@id":"https:\/\/lifesupportdistribution.fr\/de\/#website"},"primaryImageOfPage":{"@id":"https:\/\/lifesupportdistribution.fr\/de\/produkt\/geburtstrainingsrumpf-super-ob-susie-s500-300\/#primaryimage"},"image":{"@id":"https:\/\/lifesupportdistribution.fr\/de\/produkt\/geburtstrainingsrumpf-super-ob-susie-s500-300\/#primaryimage"},"thumbnailUrl":"https:\/\/lifesupportdistribution.fr\/wp-content\/uploads\/2025\/11\/Photo-1-s500.300-Gaumard.png","datePublished":"2025-11-10T16:01:17+00:00","description":"Der Gaumard Super OB SUSIE S500.300 schult in Geburtstechniken: Dilatation, Austreibung und realistische geburtshilfliche Handgriffe.","breadcrumb":{"@id":"https:\/\/lifesupportdistribution.fr\/de\/produkt\/geburtstrainingsrumpf-super-ob-susie-s500-300\/#breadcrumb"},"inLanguage":"de","potentialAction":[{"@type":"ReadAction","target":["https:\/\/lifesupportdistribution.fr\/de\/produkt\/geburtstrainingsrumpf-super-ob-susie-s500-300\/"]}]},{"@type":"ImageObject","inLanguage":"de","@id":"https:\/\/lifesupportdistribution.fr\/de\/produkt\/geburtstrainingsrumpf-super-ob-susie-s500-300\/#primaryimage","url":"https:\/\/lifesupportdistribution.fr\/wp-content\/uploads\/2025\/11\/Photo-1-s500.300-Gaumard.png","contentUrl":"https:\/\/lifesupportdistribution.fr\/wp-content\/uploads\/2025\/11\/Photo-1-s500.300-Gaumard.png","width":1548,"height":1036},{"@type":"BreadcrumbList","@id":"https:\/\/lifesupportdistribution.fr\/de\/produkt\/geburtstrainingsrumpf-super-ob-susie-s500-300\/#breadcrumb","itemListElement":[{"@type":"ListItem","position":1,"name":"Accueil","item":"https:\/\/lifesupportdistribution.fr\/de\/startseite\/"},{"@type":"ListItem","position":2,"name":"Shop","item":"https:\/\/lifesupportdistribution.fr\/de\/shop\/"},{"@type":"ListItem","position":3,"name":"Geburtstrainingsrumpf &#8211; Super OB SUSIE\u00ae S500.300"}]},{"@type":"WebSite","@id":"https:\/\/lifesupportdistribution.fr\/de\/#website","url":"https:\/\/lifesupportdistribution.fr\/de\/","name":"Life Support Distribution","description":"Solutions en simulation m\u00e9dicale","publisher":{"@id":"https:\/\/lifesupportdistribution.fr\/de\/#organization"},"potentialAction":[{"@type":"SearchAction","target":{"@type":"EntryPoint","urlTemplate":"https:\/\/lifesupportdistribution.fr\/de\/?s={search_term_string}"},"query-input":{"@type":"PropertyValueSpecification","valueRequired":true,"valueName":"search_term_string"}}],"inLanguage":"de"},{"@type":"Organization","@id":"https:\/\/lifesupportdistribution.fr\/de\/#organization","name":"Life Support Distribution","url":"https:\/\/lifesupportdistribution.fr\/de\/","logo":{"@type":"ImageObject","inLanguage":"de","@id":"https:\/\/lifesupportdistribution.fr\/de\/#\/schema\/logo\/image\/","url":"https:\/\/lifesupportdistribution.fr\/wp-content\/uploads\/2025\/10\/logo-life-support-distribution.svg","contentUrl":"https:\/\/lifesupportdistribution.fr\/wp-content\/uploads\/2025\/10\/logo-life-support-distribution.svg","width":698,"height":223,"caption":"Life Support Distribution"},"image":{"@id":"https:\/\/lifesupportdistribution.fr\/de\/#\/schema\/logo\/image\/"},"sameAs":["https:\/\/www.linkedin.com\/company\/life-support-distribution\/"]}]}},"_links":{"self":[{"href":"https:\/\/lifesupportdistribution.fr\/de\/wp-json\/wp\/v2\/product\/5537","targetHints":{"allow":["GET"]}}],"collection":[{"href":"https:\/\/lifesupportdistribution.fr\/de\/wp-json\/wp\/v2\/product"}],"about":[{"href":"https:\/\/lifesupportdistribution.fr\/de\/wp-json\/wp\/v2\/types\/product"}],"wp:featuredmedia":[{"embeddable":true,"href":"https:\/\/lifesupportdistribution.fr\/de\/wp-json\/wp\/v2\/media\/1603"}],"wp:attachment":[{"href":"https:\/\/lifesupportdistribution.fr\/de\/wp-json\/wp\/v2\/media?parent=5537"}],"wp:term":[{"taxonomy":"product_brand","embeddable":true,"href":"https:\/\/lifesupportdistribution.fr\/de\/wp-json\/wp\/v2\/product_brand?post=5537"},{"taxonomy":"product_cat","embeddable":true,"href":"https:\/\/lifesupportdistribution.fr\/de\/wp-json\/wp\/v2\/product_cat?post=5537"},{"taxonomy":"product_tag","embeddable":true,"href":"https:\/\/lifesupportdistribution.fr\/de\/wp-json\/wp\/v2\/product_tag?post=5537"}],"curies":[{"name":"wp","href":"https:\/\/api.w.org\/{rel}","templated":true}]}}