{"id":5543,"date":"2025-11-10T17:17:05","date_gmt":"2025-11-10T16:17:05","guid":{"rendered":"https:\/\/lifesupportdistribution.fr\/produits\/brustpalpationssimulator-gaumard-s230-40-pk\/"},"modified":"2025-11-10T17:17:05","modified_gmt":"2025-11-10T16:17:05","slug":"brustpalpationssimulator-gaumard-s230-40-pk","status":"publish","type":"product","link":"https:\/\/lifesupportdistribution.fr\/de\/produkt\/brustpalpationssimulator-gaumard-s230-40-pk\/","title":{"rendered":"Brustpalpationssimulator \u2013 Gaumard S230.40.PK"},"content":{"rendered":"<p>Der Gaumard S230.40.PK Simulator wurde entwickelt, um eine umfassende und immersive Lernerfahrung zu bieten. Er erm\u00f6glicht es Studierenden und medizinischem Fachpersonal, das Erkennen verschiedener Brustpathologien, von gutartigen L\u00e4sionen bis zu b\u00f6sartigen Tumoren, zu \u00fcben. Jede austauschbare Brust bildet spezifische Zust\u00e4nde nach, wie chronische fibrozystische Pathologien, einen gutartigen Tumor, ein skirrh\u00f6ses Karzinom, ein Riesensarkom oder den \u201eOrangenhaut\u201c-Effekt. Die Vielfalt der Texturen und Massen gew\u00e4hrleistet eine pr\u00e4zise taktile Erkennung und verbessert das Training in Screening und Diagnose.   <\/p>\n","protected":false},"excerpt":{"rendered":"<p>Der Gaumard S230.40.PK Brustpalpationssimulator ist f\u00fcr die Vermittlung von Techniken der klinischen Brustuntersuchung konzipiert. Dank innovativer Materialien reproduziert er ein realistisches Aussehen, Gef\u00fchl und eine realistische Textur, w\u00e4hrend er gleichzeitig eine naturgetreue Weichheit und bew\u00e4hrte Haltbarkeit gew\u00e4hrleistet. Dieses Modell umfasst eine Kombination aus linker und rechter Brust, einschlie\u00dflich der Achselregionen, mit einer Vielzahl von Massen unterschiedlicher Texturen, die das Erkennen normaler und pathologischer Zust\u00e4nde erm\u00f6glichen. Er stellt eine hervorragende Trainingsplattform f\u00fcr die Demonstration und Praxis von Brustuntersuchungen dar.   <\/p>\n","protected":false},"featured_media":1611,"template":"","meta":[],"product_brand":[194],"product_cat":[222],"product_tag":[230,233,251],"class_list":{"0":"post-5543","1":"product","2":"type-product","3":"status-publish","4":"has-post-thumbnail","6":"product_brand-gaumard","7":"product_cat-simulatoren-fur-medizinische-versorgung","8":"product_tag-allgemeinmedizin","9":"product_tag-geburtshilfe-gynakologie","10":"product_tag-krankenpflege","12":"first","13":"instock","14":"shipping-taxable","15":"purchasable","16":"product-type-simple"},"yoast_head":"<!-- This site is optimized with the Yoast SEO plugin v26.8 - https:\/\/yoast.com\/product\/yoast-seo-wordpress\/ -->\n<title>Gaumard S230.40.PK \u2013 Brustpalpationssimulator<\/title>\n<meta name=\"description\" content=\"Der Gaumard S230.40.PK Simulator erm\u00f6glicht das Training der Brustpalpation und der Knotenerkennung mit hohem anatomischem Realismus.\" \/>\n<meta name=\"robots\" content=\"index, follow, max-snippet:-1, max-image-preview:large, max-video-preview:-1\" \/>\n<link rel=\"canonical\" href=\"https:\/\/lifesupportdistribution.fr\/de\/produkt\/brustpalpationssimulator-gaumard-s230-40-pk\/\" \/>\n<meta property=\"og:locale\" content=\"de_DE\" \/>\n<meta property=\"og:type\" content=\"article\" \/>\n<meta property=\"og:title\" content=\"Gaumard S230.40.PK \u2013 Brustpalpationssimulator\" \/>\n<meta property=\"og:description\" content=\"Der Gaumard S230.40.PK Simulator erm\u00f6glicht das Training der Brustpalpation und der Knotenerkennung mit hohem anatomischem Realismus.\" \/>\n<meta property=\"og:url\" content=\"https:\/\/lifesupportdistribution.fr\/de\/produkt\/brustpalpationssimulator-gaumard-s230-40-pk\/\" \/>\n<meta property=\"og:site_name\" content=\"Life Support Distribution\" \/>\n<meta property=\"og:image\" content=\"https:\/\/lifesupportdistribution.fr\/wp-content\/uploads\/2025\/11\/Photo-1-s230.40-Gaumard.png\" \/>\n\t<meta property=\"og:image:width\" content=\"994\" \/>\n\t<meta property=\"og:image:height\" content=\"754\" \/>\n\t<meta property=\"og:image:type\" content=\"image\/png\" \/>\n<meta name=\"twitter:card\" content=\"summary_large_image\" \/>\n<script type=\"application\/ld+json\" class=\"yoast-schema-graph\">{\"@context\":\"https:\/\/schema.org\",\"@graph\":[{\"@type\":\"WebPage\",\"@id\":\"https:\/\/lifesupportdistribution.fr\/de\/produkt\/brustpalpationssimulator-gaumard-s230-40-pk\/\",\"url\":\"https:\/\/lifesupportdistribution.fr\/de\/produkt\/brustpalpationssimulator-gaumard-s230-40-pk\/\",\"name\":\"Gaumard S230.40.PK \u2013 Brustpalpationssimulator\",\"isPartOf\":{\"@id\":\"https:\/\/lifesupportdistribution.fr\/de\/#website\"},\"primaryImageOfPage\":{\"@id\":\"https:\/\/lifesupportdistribution.fr\/de\/produkt\/brustpalpationssimulator-gaumard-s230-40-pk\/#primaryimage\"},\"image\":{\"@id\":\"https:\/\/lifesupportdistribution.fr\/de\/produkt\/brustpalpationssimulator-gaumard-s230-40-pk\/#primaryimage\"},\"thumbnailUrl\":\"https:\/\/lifesupportdistribution.fr\/wp-content\/uploads\/2025\/11\/Photo-1-s230.40-Gaumard.png\",\"datePublished\":\"2025-11-10T16:17:05+00:00\",\"description\":\"Der Gaumard S230.40.PK Simulator erm\u00f6glicht das Training der Brustpalpation und der Knotenerkennung mit hohem anatomischem Realismus.\",\"breadcrumb\":{\"@id\":\"https:\/\/lifesupportdistribution.fr\/de\/produkt\/brustpalpationssimulator-gaumard-s230-40-pk\/#breadcrumb\"},\"inLanguage\":\"de\",\"potentialAction\":[{\"@type\":\"ReadAction\",\"target\":[\"https:\/\/lifesupportdistribution.fr\/de\/produkt\/brustpalpationssimulator-gaumard-s230-40-pk\/\"]}]},{\"@type\":\"ImageObject\",\"inLanguage\":\"de\",\"@id\":\"https:\/\/lifesupportdistribution.fr\/de\/produkt\/brustpalpationssimulator-gaumard-s230-40-pk\/#primaryimage\",\"url\":\"https:\/\/lifesupportdistribution.fr\/wp-content\/uploads\/2025\/11\/Photo-1-s230.40-Gaumard.png\",\"contentUrl\":\"https:\/\/lifesupportdistribution.fr\/wp-content\/uploads\/2025\/11\/Photo-1-s230.40-Gaumard.png\",\"width\":994,\"height\":754},{\"@type\":\"BreadcrumbList\",\"@id\":\"https:\/\/lifesupportdistribution.fr\/de\/produkt\/brustpalpationssimulator-gaumard-s230-40-pk\/#breadcrumb\",\"itemListElement\":[{\"@type\":\"ListItem\",\"position\":1,\"name\":\"Accueil\",\"item\":\"https:\/\/lifesupportdistribution.fr\/de\/startseite\/\"},{\"@type\":\"ListItem\",\"position\":2,\"name\":\"Shop\",\"item\":\"https:\/\/lifesupportdistribution.fr\/de\/shop\/\"},{\"@type\":\"ListItem\",\"position\":3,\"name\":\"Brustpalpationssimulator \u2013 Gaumard S230.40.PK\"}]},{\"@type\":\"WebSite\",\"@id\":\"https:\/\/lifesupportdistribution.fr\/de\/#website\",\"url\":\"https:\/\/lifesupportdistribution.fr\/de\/\",\"name\":\"Life Support Distribution\",\"description\":\"Solutions en simulation m\u00e9dicale\",\"publisher\":{\"@id\":\"https:\/\/lifesupportdistribution.fr\/de\/#organization\"},\"potentialAction\":[{\"@type\":\"SearchAction\",\"target\":{\"@type\":\"EntryPoint\",\"urlTemplate\":\"https:\/\/lifesupportdistribution.fr\/de\/?s={search_term_string}\"},\"query-input\":{\"@type\":\"PropertyValueSpecification\",\"valueRequired\":true,\"valueName\":\"search_term_string\"}}],\"inLanguage\":\"de\"},{\"@type\":\"Organization\",\"@id\":\"https:\/\/lifesupportdistribution.fr\/de\/#organization\",\"name\":\"Life Support Distribution\",\"url\":\"https:\/\/lifesupportdistribution.fr\/de\/\",\"logo\":{\"@type\":\"ImageObject\",\"inLanguage\":\"de\",\"@id\":\"https:\/\/lifesupportdistribution.fr\/de\/#\/schema\/logo\/image\/\",\"url\":\"https:\/\/lifesupportdistribution.fr\/wp-content\/uploads\/2025\/10\/logo-life-support-distribution.svg\",\"contentUrl\":\"https:\/\/lifesupportdistribution.fr\/wp-content\/uploads\/2025\/10\/logo-life-support-distribution.svg\",\"width\":698,\"height\":223,\"caption\":\"Life Support Distribution\"},\"image\":{\"@id\":\"https:\/\/lifesupportdistribution.fr\/de\/#\/schema\/logo\/image\/\"},\"sameAs\":[\"https:\/\/www.linkedin.com\/company\/life-support-distribution\/\"]}]}<\/script>\n<!-- \/ Yoast SEO plugin. -->","yoast_head_json":{"title":"Gaumard S230.40.PK \u2013 Brustpalpationssimulator","description":"Der Gaumard S230.40.PK Simulator erm\u00f6glicht das Training der Brustpalpation und der Knotenerkennung mit hohem anatomischem Realismus.","robots":{"index":"index","follow":"follow","max-snippet":"max-snippet:-1","max-image-preview":"max-image-preview:large","max-video-preview":"max-video-preview:-1"},"canonical":"https:\/\/lifesupportdistribution.fr\/de\/produkt\/brustpalpationssimulator-gaumard-s230-40-pk\/","og_locale":"de_DE","og_type":"article","og_title":"Gaumard S230.40.PK \u2013 Brustpalpationssimulator","og_description":"Der Gaumard S230.40.PK Simulator erm\u00f6glicht das Training der Brustpalpation und der Knotenerkennung mit hohem anatomischem Realismus.","og_url":"https:\/\/lifesupportdistribution.fr\/de\/produkt\/brustpalpationssimulator-gaumard-s230-40-pk\/","og_site_name":"Life Support Distribution","og_image":[{"width":994,"height":754,"url":"https:\/\/lifesupportdistribution.fr\/wp-content\/uploads\/2025\/11\/Photo-1-s230.40-Gaumard.png","type":"image\/png"}],"twitter_card":"summary_large_image","schema":{"@context":"https:\/\/schema.org","@graph":[{"@type":"WebPage","@id":"https:\/\/lifesupportdistribution.fr\/de\/produkt\/brustpalpationssimulator-gaumard-s230-40-pk\/","url":"https:\/\/lifesupportdistribution.fr\/de\/produkt\/brustpalpationssimulator-gaumard-s230-40-pk\/","name":"Gaumard S230.40.PK \u2013 Brustpalpationssimulator","isPartOf":{"@id":"https:\/\/lifesupportdistribution.fr\/de\/#website"},"primaryImageOfPage":{"@id":"https:\/\/lifesupportdistribution.fr\/de\/produkt\/brustpalpationssimulator-gaumard-s230-40-pk\/#primaryimage"},"image":{"@id":"https:\/\/lifesupportdistribution.fr\/de\/produkt\/brustpalpationssimulator-gaumard-s230-40-pk\/#primaryimage"},"thumbnailUrl":"https:\/\/lifesupportdistribution.fr\/wp-content\/uploads\/2025\/11\/Photo-1-s230.40-Gaumard.png","datePublished":"2025-11-10T16:17:05+00:00","description":"Der Gaumard S230.40.PK Simulator erm\u00f6glicht das Training der Brustpalpation und der Knotenerkennung mit hohem anatomischem Realismus.","breadcrumb":{"@id":"https:\/\/lifesupportdistribution.fr\/de\/produkt\/brustpalpationssimulator-gaumard-s230-40-pk\/#breadcrumb"},"inLanguage":"de","potentialAction":[{"@type":"ReadAction","target":["https:\/\/lifesupportdistribution.fr\/de\/produkt\/brustpalpationssimulator-gaumard-s230-40-pk\/"]}]},{"@type":"ImageObject","inLanguage":"de","@id":"https:\/\/lifesupportdistribution.fr\/de\/produkt\/brustpalpationssimulator-gaumard-s230-40-pk\/#primaryimage","url":"https:\/\/lifesupportdistribution.fr\/wp-content\/uploads\/2025\/11\/Photo-1-s230.40-Gaumard.png","contentUrl":"https:\/\/lifesupportdistribution.fr\/wp-content\/uploads\/2025\/11\/Photo-1-s230.40-Gaumard.png","width":994,"height":754},{"@type":"BreadcrumbList","@id":"https:\/\/lifesupportdistribution.fr\/de\/produkt\/brustpalpationssimulator-gaumard-s230-40-pk\/#breadcrumb","itemListElement":[{"@type":"ListItem","position":1,"name":"Accueil","item":"https:\/\/lifesupportdistribution.fr\/de\/startseite\/"},{"@type":"ListItem","position":2,"name":"Shop","item":"https:\/\/lifesupportdistribution.fr\/de\/shop\/"},{"@type":"ListItem","position":3,"name":"Brustpalpationssimulator \u2013 Gaumard S230.40.PK"}]},{"@type":"WebSite","@id":"https:\/\/lifesupportdistribution.fr\/de\/#website","url":"https:\/\/lifesupportdistribution.fr\/de\/","name":"Life Support Distribution","description":"Solutions en simulation m\u00e9dicale","publisher":{"@id":"https:\/\/lifesupportdistribution.fr\/de\/#organization"},"potentialAction":[{"@type":"SearchAction","target":{"@type":"EntryPoint","urlTemplate":"https:\/\/lifesupportdistribution.fr\/de\/?s={search_term_string}"},"query-input":{"@type":"PropertyValueSpecification","valueRequired":true,"valueName":"search_term_string"}}],"inLanguage":"de"},{"@type":"Organization","@id":"https:\/\/lifesupportdistribution.fr\/de\/#organization","name":"Life Support Distribution","url":"https:\/\/lifesupportdistribution.fr\/de\/","logo":{"@type":"ImageObject","inLanguage":"de","@id":"https:\/\/lifesupportdistribution.fr\/de\/#\/schema\/logo\/image\/","url":"https:\/\/lifesupportdistribution.fr\/wp-content\/uploads\/2025\/10\/logo-life-support-distribution.svg","contentUrl":"https:\/\/lifesupportdistribution.fr\/wp-content\/uploads\/2025\/10\/logo-life-support-distribution.svg","width":698,"height":223,"caption":"Life Support Distribution"},"image":{"@id":"https:\/\/lifesupportdistribution.fr\/de\/#\/schema\/logo\/image\/"},"sameAs":["https:\/\/www.linkedin.com\/company\/life-support-distribution\/"]}]}},"_links":{"self":[{"href":"https:\/\/lifesupportdistribution.fr\/de\/wp-json\/wp\/v2\/product\/5543","targetHints":{"allow":["GET"]}}],"collection":[{"href":"https:\/\/lifesupportdistribution.fr\/de\/wp-json\/wp\/v2\/product"}],"about":[{"href":"https:\/\/lifesupportdistribution.fr\/de\/wp-json\/wp\/v2\/types\/product"}],"wp:featuredmedia":[{"embeddable":true,"href":"https:\/\/lifesupportdistribution.fr\/de\/wp-json\/wp\/v2\/media\/1611"}],"wp:attachment":[{"href":"https:\/\/lifesupportdistribution.fr\/de\/wp-json\/wp\/v2\/media?parent=5543"}],"wp:term":[{"taxonomy":"product_brand","embeddable":true,"href":"https:\/\/lifesupportdistribution.fr\/de\/wp-json\/wp\/v2\/product_brand?post=5543"},{"taxonomy":"product_cat","embeddable":true,"href":"https:\/\/lifesupportdistribution.fr\/de\/wp-json\/wp\/v2\/product_cat?post=5543"},{"taxonomy":"product_tag","embeddable":true,"href":"https:\/\/lifesupportdistribution.fr\/de\/wp-json\/wp\/v2\/product_tag?post=5543"}],"curies":[{"name":"wp","href":"https:\/\/api.w.org\/{rel}","templated":true}]}}