{"id":5548,"date":"2025-11-26T21:10:16","date_gmt":"2025-11-26T20:10:16","guid":{"rendered":"https:\/\/lifesupportdistribution.fr\/produits\/diabetische-ulzera-sw38\/"},"modified":"2025-11-26T21:10:16","modified_gmt":"2025-11-26T20:10:16","slug":"diabetische-ulzera-sw38","status":"publish","type":"product","link":"https:\/\/lifesupportdistribution.fr\/de\/produkt\/diabetische-ulzera-sw38\/","title":{"rendered":"Diabetische Ulzera &#8211; SW38"},"content":{"rendered":"<p>Das SW38 ist ein unverzichtbares Lehrmittel, um Studenten und medizinisches Fachpersonal in der Versorgung chronischer, diabetesbedingter Wunden zu schulen. Durch die Darstellung diabetischer Ulzera in verschiedenen Stadien erm\u00f6glicht es die Arbeit an der klinischen Beurteilung, Differentialdiagnose, Pr\u00e4vention von Komplikationen und der Anwendung angepasster Behandlungsprotokolle. Einfach auf Mannequins oder standardisierten Patienten anzubringen, f\u00f6rdern diese Wunden ein realistisches Eintauchen und sensibilisieren f\u00fcr die Bedeutung einer schnellen und sorgf\u00e4ltigen Versorgung diabetischer Patienten.  <\/p>\n","protected":false},"excerpt":{"rendered":"<p>Das SW38 Simoulage ist ein Set aus drei Wunden, die verschiedene Entwicklungsphasen eines diabetischen Ulkus darstellen. Dieses Kit, aus hyperrealistischem, verkapseltem Silikon gefertigt, erm\u00f6glicht die Simulation der Stadien 2, 3 und 4 der Krankheit und bietet Lernenden ein klares Verst\u00e4ndnis des Fortschreitens und m\u00f6glicher Komplikationen. <\/p>\n","protected":false},"featured_media":2133,"template":"","meta":[],"product_brand":[208],"product_cat":[217],"product_tag":[251,236],"class_list":{"0":"post-5548","1":"product","2":"type-product","3":"status-publish","4":"has-post-thumbnail","6":"product_brand-simoulage","7":"product_cat-schminken-und-spezialeffekte","8":"product_tag-krankenpflege","9":"product_tag-notfallmedizin","11":"first","12":"instock","13":"shipping-taxable","14":"purchasable","15":"product-type-simple"},"yoast_head":"<!-- This site is optimized with the Yoast SEO plugin v26.8 - https:\/\/yoast.com\/product\/yoast-seo-wordpress\/ -->\n<title>SW38 Simoulage \u2013 Realistische diabetische Ulzera<\/title>\n<meta name=\"description\" content=\"SW38 Simoulage: realistische diabetische Ulzera zur Schulung in der Beurteilung chronischer Wunden, angepasster Pflege und im klinischen Management.\" \/>\n<meta name=\"robots\" content=\"index, follow, max-snippet:-1, max-image-preview:large, max-video-preview:-1\" \/>\n<link rel=\"canonical\" href=\"https:\/\/lifesupportdistribution.fr\/de\/produkt\/diabetische-ulzera-sw38\/\" \/>\n<meta property=\"og:locale\" content=\"de_DE\" \/>\n<meta property=\"og:type\" content=\"article\" \/>\n<meta property=\"og:title\" content=\"SW38 Simoulage \u2013 Realistische diabetische Ulzera\" \/>\n<meta property=\"og:description\" content=\"SW38 Simoulage: realistische diabetische Ulzera zur Schulung in der Beurteilung chronischer Wunden, angepasster Pflege und im klinischen Management.\" \/>\n<meta property=\"og:url\" content=\"https:\/\/lifesupportdistribution.fr\/de\/produkt\/diabetische-ulzera-sw38\/\" \/>\n<meta property=\"og:site_name\" content=\"Life Support Distribution\" \/>\n<meta property=\"og:image\" content=\"https:\/\/lifesupportdistribution.fr\/wp-content\/uploads\/2025\/11\/Photo-SW38-1.png\" \/>\n\t<meta property=\"og:image:width\" content=\"1034\" \/>\n\t<meta property=\"og:image:height\" content=\"332\" \/>\n\t<meta property=\"og:image:type\" content=\"image\/png\" \/>\n<meta name=\"twitter:card\" content=\"summary_large_image\" \/>\n<script type=\"application\/ld+json\" class=\"yoast-schema-graph\">{\"@context\":\"https:\/\/schema.org\",\"@graph\":[{\"@type\":\"WebPage\",\"@id\":\"https:\/\/lifesupportdistribution.fr\/de\/produkt\/diabetische-ulzera-sw38\/\",\"url\":\"https:\/\/lifesupportdistribution.fr\/de\/produkt\/diabetische-ulzera-sw38\/\",\"name\":\"SW38 Simoulage \u2013 Realistische diabetische Ulzera\",\"isPartOf\":{\"@id\":\"https:\/\/lifesupportdistribution.fr\/de\/#website\"},\"primaryImageOfPage\":{\"@id\":\"https:\/\/lifesupportdistribution.fr\/de\/produkt\/diabetische-ulzera-sw38\/#primaryimage\"},\"image\":{\"@id\":\"https:\/\/lifesupportdistribution.fr\/de\/produkt\/diabetische-ulzera-sw38\/#primaryimage\"},\"thumbnailUrl\":\"https:\/\/lifesupportdistribution.fr\/wp-content\/uploads\/2025\/11\/Photo-SW38-1.png\",\"datePublished\":\"2025-11-26T20:10:16+00:00\",\"description\":\"SW38 Simoulage: realistische diabetische Ulzera zur Schulung in der Beurteilung chronischer Wunden, angepasster Pflege und im klinischen Management.\",\"breadcrumb\":{\"@id\":\"https:\/\/lifesupportdistribution.fr\/de\/produkt\/diabetische-ulzera-sw38\/#breadcrumb\"},\"inLanguage\":\"de\",\"potentialAction\":[{\"@type\":\"ReadAction\",\"target\":[\"https:\/\/lifesupportdistribution.fr\/de\/produkt\/diabetische-ulzera-sw38\/\"]}]},{\"@type\":\"ImageObject\",\"inLanguage\":\"de\",\"@id\":\"https:\/\/lifesupportdistribution.fr\/de\/produkt\/diabetische-ulzera-sw38\/#primaryimage\",\"url\":\"https:\/\/lifesupportdistribution.fr\/wp-content\/uploads\/2025\/11\/Photo-SW38-1.png\",\"contentUrl\":\"https:\/\/lifesupportdistribution.fr\/wp-content\/uploads\/2025\/11\/Photo-SW38-1.png\",\"width\":1034,\"height\":332},{\"@type\":\"BreadcrumbList\",\"@id\":\"https:\/\/lifesupportdistribution.fr\/de\/produkt\/diabetische-ulzera-sw38\/#breadcrumb\",\"itemListElement\":[{\"@type\":\"ListItem\",\"position\":1,\"name\":\"Accueil\",\"item\":\"https:\/\/lifesupportdistribution.fr\/de\/startseite\/\"},{\"@type\":\"ListItem\",\"position\":2,\"name\":\"Shop\",\"item\":\"https:\/\/lifesupportdistribution.fr\/de\/shop\/\"},{\"@type\":\"ListItem\",\"position\":3,\"name\":\"Diabetische Ulzera &#8211; SW38\"}]},{\"@type\":\"WebSite\",\"@id\":\"https:\/\/lifesupportdistribution.fr\/de\/#website\",\"url\":\"https:\/\/lifesupportdistribution.fr\/de\/\",\"name\":\"Life Support Distribution\",\"description\":\"Solutions en simulation m\u00e9dicale\",\"publisher\":{\"@id\":\"https:\/\/lifesupportdistribution.fr\/de\/#organization\"},\"potentialAction\":[{\"@type\":\"SearchAction\",\"target\":{\"@type\":\"EntryPoint\",\"urlTemplate\":\"https:\/\/lifesupportdistribution.fr\/de\/?s={search_term_string}\"},\"query-input\":{\"@type\":\"PropertyValueSpecification\",\"valueRequired\":true,\"valueName\":\"search_term_string\"}}],\"inLanguage\":\"de\"},{\"@type\":\"Organization\",\"@id\":\"https:\/\/lifesupportdistribution.fr\/de\/#organization\",\"name\":\"Life Support Distribution\",\"url\":\"https:\/\/lifesupportdistribution.fr\/de\/\",\"logo\":{\"@type\":\"ImageObject\",\"inLanguage\":\"de\",\"@id\":\"https:\/\/lifesupportdistribution.fr\/de\/#\/schema\/logo\/image\/\",\"url\":\"https:\/\/lifesupportdistribution.fr\/wp-content\/uploads\/2025\/10\/logo-life-support-distribution.svg\",\"contentUrl\":\"https:\/\/lifesupportdistribution.fr\/wp-content\/uploads\/2025\/10\/logo-life-support-distribution.svg\",\"width\":698,\"height\":223,\"caption\":\"Life Support Distribution\"},\"image\":{\"@id\":\"https:\/\/lifesupportdistribution.fr\/de\/#\/schema\/logo\/image\/\"},\"sameAs\":[\"https:\/\/www.linkedin.com\/company\/life-support-distribution\/\"]}]}<\/script>\n<!-- \/ Yoast SEO plugin. -->","yoast_head_json":{"title":"SW38 Simoulage \u2013 Realistische diabetische Ulzera","description":"SW38 Simoulage: realistische diabetische Ulzera zur Schulung in der Beurteilung chronischer Wunden, angepasster Pflege und im klinischen Management.","robots":{"index":"index","follow":"follow","max-snippet":"max-snippet:-1","max-image-preview":"max-image-preview:large","max-video-preview":"max-video-preview:-1"},"canonical":"https:\/\/lifesupportdistribution.fr\/de\/produkt\/diabetische-ulzera-sw38\/","og_locale":"de_DE","og_type":"article","og_title":"SW38 Simoulage \u2013 Realistische diabetische Ulzera","og_description":"SW38 Simoulage: realistische diabetische Ulzera zur Schulung in der Beurteilung chronischer Wunden, angepasster Pflege und im klinischen Management.","og_url":"https:\/\/lifesupportdistribution.fr\/de\/produkt\/diabetische-ulzera-sw38\/","og_site_name":"Life Support Distribution","og_image":[{"width":1034,"height":332,"url":"https:\/\/lifesupportdistribution.fr\/wp-content\/uploads\/2025\/11\/Photo-SW38-1.png","type":"image\/png"}],"twitter_card":"summary_large_image","schema":{"@context":"https:\/\/schema.org","@graph":[{"@type":"WebPage","@id":"https:\/\/lifesupportdistribution.fr\/de\/produkt\/diabetische-ulzera-sw38\/","url":"https:\/\/lifesupportdistribution.fr\/de\/produkt\/diabetische-ulzera-sw38\/","name":"SW38 Simoulage \u2013 Realistische diabetische Ulzera","isPartOf":{"@id":"https:\/\/lifesupportdistribution.fr\/de\/#website"},"primaryImageOfPage":{"@id":"https:\/\/lifesupportdistribution.fr\/de\/produkt\/diabetische-ulzera-sw38\/#primaryimage"},"image":{"@id":"https:\/\/lifesupportdistribution.fr\/de\/produkt\/diabetische-ulzera-sw38\/#primaryimage"},"thumbnailUrl":"https:\/\/lifesupportdistribution.fr\/wp-content\/uploads\/2025\/11\/Photo-SW38-1.png","datePublished":"2025-11-26T20:10:16+00:00","description":"SW38 Simoulage: realistische diabetische Ulzera zur Schulung in der Beurteilung chronischer Wunden, angepasster Pflege und im klinischen Management.","breadcrumb":{"@id":"https:\/\/lifesupportdistribution.fr\/de\/produkt\/diabetische-ulzera-sw38\/#breadcrumb"},"inLanguage":"de","potentialAction":[{"@type":"ReadAction","target":["https:\/\/lifesupportdistribution.fr\/de\/produkt\/diabetische-ulzera-sw38\/"]}]},{"@type":"ImageObject","inLanguage":"de","@id":"https:\/\/lifesupportdistribution.fr\/de\/produkt\/diabetische-ulzera-sw38\/#primaryimage","url":"https:\/\/lifesupportdistribution.fr\/wp-content\/uploads\/2025\/11\/Photo-SW38-1.png","contentUrl":"https:\/\/lifesupportdistribution.fr\/wp-content\/uploads\/2025\/11\/Photo-SW38-1.png","width":1034,"height":332},{"@type":"BreadcrumbList","@id":"https:\/\/lifesupportdistribution.fr\/de\/produkt\/diabetische-ulzera-sw38\/#breadcrumb","itemListElement":[{"@type":"ListItem","position":1,"name":"Accueil","item":"https:\/\/lifesupportdistribution.fr\/de\/startseite\/"},{"@type":"ListItem","position":2,"name":"Shop","item":"https:\/\/lifesupportdistribution.fr\/de\/shop\/"},{"@type":"ListItem","position":3,"name":"Diabetische Ulzera &#8211; SW38"}]},{"@type":"WebSite","@id":"https:\/\/lifesupportdistribution.fr\/de\/#website","url":"https:\/\/lifesupportdistribution.fr\/de\/","name":"Life Support Distribution","description":"Solutions en simulation m\u00e9dicale","publisher":{"@id":"https:\/\/lifesupportdistribution.fr\/de\/#organization"},"potentialAction":[{"@type":"SearchAction","target":{"@type":"EntryPoint","urlTemplate":"https:\/\/lifesupportdistribution.fr\/de\/?s={search_term_string}"},"query-input":{"@type":"PropertyValueSpecification","valueRequired":true,"valueName":"search_term_string"}}],"inLanguage":"de"},{"@type":"Organization","@id":"https:\/\/lifesupportdistribution.fr\/de\/#organization","name":"Life Support Distribution","url":"https:\/\/lifesupportdistribution.fr\/de\/","logo":{"@type":"ImageObject","inLanguage":"de","@id":"https:\/\/lifesupportdistribution.fr\/de\/#\/schema\/logo\/image\/","url":"https:\/\/lifesupportdistribution.fr\/wp-content\/uploads\/2025\/10\/logo-life-support-distribution.svg","contentUrl":"https:\/\/lifesupportdistribution.fr\/wp-content\/uploads\/2025\/10\/logo-life-support-distribution.svg","width":698,"height":223,"caption":"Life Support Distribution"},"image":{"@id":"https:\/\/lifesupportdistribution.fr\/de\/#\/schema\/logo\/image\/"},"sameAs":["https:\/\/www.linkedin.com\/company\/life-support-distribution\/"]}]}},"_links":{"self":[{"href":"https:\/\/lifesupportdistribution.fr\/de\/wp-json\/wp\/v2\/product\/5548","targetHints":{"allow":["GET"]}}],"collection":[{"href":"https:\/\/lifesupportdistribution.fr\/de\/wp-json\/wp\/v2\/product"}],"about":[{"href":"https:\/\/lifesupportdistribution.fr\/de\/wp-json\/wp\/v2\/types\/product"}],"wp:featuredmedia":[{"embeddable":true,"href":"https:\/\/lifesupportdistribution.fr\/de\/wp-json\/wp\/v2\/media\/2133"}],"wp:attachment":[{"href":"https:\/\/lifesupportdistribution.fr\/de\/wp-json\/wp\/v2\/media?parent=5548"}],"wp:term":[{"taxonomy":"product_brand","embeddable":true,"href":"https:\/\/lifesupportdistribution.fr\/de\/wp-json\/wp\/v2\/product_brand?post=5548"},{"taxonomy":"product_cat","embeddable":true,"href":"https:\/\/lifesupportdistribution.fr\/de\/wp-json\/wp\/v2\/product_cat?post=5548"},{"taxonomy":"product_tag","embeddable":true,"href":"https:\/\/lifesupportdistribution.fr\/de\/wp-json\/wp\/v2\/product_tag?post=5548"}],"curies":[{"name":"wp","href":"https:\/\/api.w.org\/{rel}","templated":true}]}}