{"id":5559,"date":"2025-11-10T18:30:34","date_gmt":"2025-11-10T17:30:34","guid":{"rendered":"https:\/\/lifesupportdistribution.fr\/produits\/pflegesimulator-fuer-patienten-mit-stoma-susie-simon-s201\/"},"modified":"2025-11-10T18:30:34","modified_gmt":"2025-11-10T17:30:34","slug":"pflegesimulator-fuer-patienten-mit-stoma-susie-simon-s201","status":"publish","type":"product","link":"https:\/\/lifesupportdistribution.fr\/de\/produkt\/pflegesimulator-fuer-patienten-mit-stoma-susie-simon-s201\/","title":{"rendered":"Pflegesimulator f\u00fcr Patienten mit Stoma &#8211; Susie Simon\u00ae S201"},"content":{"rendered":"<p>Die Gaumard S201 Puppe wurde entwickelt, um Studierenden und medizinischem Fachpersonal das \u00dcben allgemeiner und spezialisierter Pflegetechniken zu erm\u00f6glichen. Sie umfasst das Erlernen wesentlicher Techniken wie intraven\u00f6se Zug\u00e4nge, Tracheostoma-Pflege, Katheterisierung, Einl\u00e4ufe, nasogastrale Ern\u00e4hrung und Verbandwechsel. Ihre Besonderheit liegt in der Integration realistischer Stomata, die es erm\u00f6glichen, Lernende in der Versorgung von Stoma-Patienten zu schulen. Diese spezifische Funktion f\u00f6rdert ein umfassendes Training und bereitet medizinische Teams effektiv darauf vor, den Bed\u00fcrfnissen dieser Patienten gerecht zu werden.   <\/p>\n","protected":false},"excerpt":{"rendered":"<p>Der Susie Simon\u00ae S201 ist ein Erwachsenensimulator, der f\u00fcr die Vermittlung allgemeiner klinischer Pflegekompetenzen konzipiert wurde, unter Einbeziehung der spezifischen Versorgung von Stoma-Patienten. Er bietet Lernenden die M\u00f6glichkeit, in einem sicheren und realistischen Umfeld zu \u00fcben, indem er klinische Bedingungen in Gesundheitseinrichtungen nachbildet. <\/p>\n","protected":false},"featured_media":1619,"template":"","meta":[],"product_brand":[194],"product_cat":[218],"product_tag":[242,249,251],"class_list":{"0":"post-5559","1":"product","2":"type-product","3":"status-publish","4":"has-post-thumbnail","6":"product_brand-gaumard","7":"product_cat-simulationspuppen","8":"product_tag-gastroenterologie","9":"product_tag-innere-medizin","10":"product_tag-krankenpflege","12":"first","13":"instock","14":"shipping-taxable","15":"purchasable","16":"product-type-simple"},"yoast_head":"<!-- This site is optimized with the Yoast SEO plugin v26.8 - https:\/\/yoast.com\/product\/yoast-seo-wordpress\/ -->\n<title>Gaumard S201 \u2013 Pflegesimulator mit Stoma<\/title>\n<meta name=\"description\" content=\"Der Gaumard S201 Susie Simon\u00ae schult in der Pflege von Patienten mit Stoma: Hygiene, Verbandwechsel und technische Handgriffe.\" \/>\n<meta name=\"robots\" content=\"index, follow, max-snippet:-1, max-image-preview:large, max-video-preview:-1\" \/>\n<link rel=\"canonical\" href=\"https:\/\/lifesupportdistribution.fr\/de\/produkt\/pflegesimulator-fuer-patienten-mit-stoma-susie-simon-s201\/\" \/>\n<meta property=\"og:locale\" content=\"de_DE\" \/>\n<meta property=\"og:type\" content=\"article\" \/>\n<meta property=\"og:title\" content=\"Gaumard S201 \u2013 Pflegesimulator mit Stoma\" \/>\n<meta property=\"og:description\" content=\"Der Gaumard S201 Susie Simon\u00ae schult in der Pflege von Patienten mit Stoma: Hygiene, Verbandwechsel und technische Handgriffe.\" \/>\n<meta property=\"og:url\" content=\"https:\/\/lifesupportdistribution.fr\/de\/produkt\/pflegesimulator-fuer-patienten-mit-stoma-susie-simon-s201\/\" \/>\n<meta property=\"og:site_name\" content=\"Life Support Distribution\" \/>\n<meta property=\"og:image\" content=\"https:\/\/lifesupportdistribution.fr\/wp-content\/uploads\/2025\/11\/Photo-1-s201-Gaumard.png\" \/>\n\t<meta property=\"og:image:width\" content=\"1844\" \/>\n\t<meta property=\"og:image:height\" content=\"1018\" \/>\n\t<meta property=\"og:image:type\" content=\"image\/png\" \/>\n<meta name=\"twitter:card\" content=\"summary_large_image\" \/>\n<script type=\"application\/ld+json\" class=\"yoast-schema-graph\">{\"@context\":\"https:\/\/schema.org\",\"@graph\":[{\"@type\":\"WebPage\",\"@id\":\"https:\/\/lifesupportdistribution.fr\/de\/produkt\/pflegesimulator-fuer-patienten-mit-stoma-susie-simon-s201\/\",\"url\":\"https:\/\/lifesupportdistribution.fr\/de\/produkt\/pflegesimulator-fuer-patienten-mit-stoma-susie-simon-s201\/\",\"name\":\"Gaumard S201 \u2013 Pflegesimulator mit Stoma\",\"isPartOf\":{\"@id\":\"https:\/\/lifesupportdistribution.fr\/de\/#website\"},\"primaryImageOfPage\":{\"@id\":\"https:\/\/lifesupportdistribution.fr\/de\/produkt\/pflegesimulator-fuer-patienten-mit-stoma-susie-simon-s201\/#primaryimage\"},\"image\":{\"@id\":\"https:\/\/lifesupportdistribution.fr\/de\/produkt\/pflegesimulator-fuer-patienten-mit-stoma-susie-simon-s201\/#primaryimage\"},\"thumbnailUrl\":\"https:\/\/lifesupportdistribution.fr\/wp-content\/uploads\/2025\/11\/Photo-1-s201-Gaumard.png\",\"datePublished\":\"2025-11-10T17:30:34+00:00\",\"description\":\"Der Gaumard S201 Susie Simon\u00ae schult in der Pflege von Patienten mit Stoma: Hygiene, Verbandwechsel und technische Handgriffe.\",\"breadcrumb\":{\"@id\":\"https:\/\/lifesupportdistribution.fr\/de\/produkt\/pflegesimulator-fuer-patienten-mit-stoma-susie-simon-s201\/#breadcrumb\"},\"inLanguage\":\"de\",\"potentialAction\":[{\"@type\":\"ReadAction\",\"target\":[\"https:\/\/lifesupportdistribution.fr\/de\/produkt\/pflegesimulator-fuer-patienten-mit-stoma-susie-simon-s201\/\"]}]},{\"@type\":\"ImageObject\",\"inLanguage\":\"de\",\"@id\":\"https:\/\/lifesupportdistribution.fr\/de\/produkt\/pflegesimulator-fuer-patienten-mit-stoma-susie-simon-s201\/#primaryimage\",\"url\":\"https:\/\/lifesupportdistribution.fr\/wp-content\/uploads\/2025\/11\/Photo-1-s201-Gaumard.png\",\"contentUrl\":\"https:\/\/lifesupportdistribution.fr\/wp-content\/uploads\/2025\/11\/Photo-1-s201-Gaumard.png\",\"width\":1844,\"height\":1018},{\"@type\":\"BreadcrumbList\",\"@id\":\"https:\/\/lifesupportdistribution.fr\/de\/produkt\/pflegesimulator-fuer-patienten-mit-stoma-susie-simon-s201\/#breadcrumb\",\"itemListElement\":[{\"@type\":\"ListItem\",\"position\":1,\"name\":\"Accueil\",\"item\":\"https:\/\/lifesupportdistribution.fr\/de\/startseite\/\"},{\"@type\":\"ListItem\",\"position\":2,\"name\":\"Shop\",\"item\":\"https:\/\/lifesupportdistribution.fr\/de\/shop\/\"},{\"@type\":\"ListItem\",\"position\":3,\"name\":\"Pflegesimulator f\u00fcr Patienten mit Stoma &#8211; Susie Simon\u00ae S201\"}]},{\"@type\":\"WebSite\",\"@id\":\"https:\/\/lifesupportdistribution.fr\/de\/#website\",\"url\":\"https:\/\/lifesupportdistribution.fr\/de\/\",\"name\":\"Life Support Distribution\",\"description\":\"Solutions en simulation m\u00e9dicale\",\"publisher\":{\"@id\":\"https:\/\/lifesupportdistribution.fr\/de\/#organization\"},\"potentialAction\":[{\"@type\":\"SearchAction\",\"target\":{\"@type\":\"EntryPoint\",\"urlTemplate\":\"https:\/\/lifesupportdistribution.fr\/de\/?s={search_term_string}\"},\"query-input\":{\"@type\":\"PropertyValueSpecification\",\"valueRequired\":true,\"valueName\":\"search_term_string\"}}],\"inLanguage\":\"de\"},{\"@type\":\"Organization\",\"@id\":\"https:\/\/lifesupportdistribution.fr\/de\/#organization\",\"name\":\"Life Support Distribution\",\"url\":\"https:\/\/lifesupportdistribution.fr\/de\/\",\"logo\":{\"@type\":\"ImageObject\",\"inLanguage\":\"de\",\"@id\":\"https:\/\/lifesupportdistribution.fr\/de\/#\/schema\/logo\/image\/\",\"url\":\"https:\/\/lifesupportdistribution.fr\/wp-content\/uploads\/2025\/10\/logo-life-support-distribution.svg\",\"contentUrl\":\"https:\/\/lifesupportdistribution.fr\/wp-content\/uploads\/2025\/10\/logo-life-support-distribution.svg\",\"width\":698,\"height\":223,\"caption\":\"Life Support Distribution\"},\"image\":{\"@id\":\"https:\/\/lifesupportdistribution.fr\/de\/#\/schema\/logo\/image\/\"},\"sameAs\":[\"https:\/\/www.linkedin.com\/company\/life-support-distribution\/\"]}]}<\/script>\n<!-- \/ Yoast SEO plugin. -->","yoast_head_json":{"title":"Gaumard S201 \u2013 Pflegesimulator mit Stoma","description":"Der Gaumard S201 Susie Simon\u00ae schult in der Pflege von Patienten mit Stoma: Hygiene, Verbandwechsel und technische Handgriffe.","robots":{"index":"index","follow":"follow","max-snippet":"max-snippet:-1","max-image-preview":"max-image-preview:large","max-video-preview":"max-video-preview:-1"},"canonical":"https:\/\/lifesupportdistribution.fr\/de\/produkt\/pflegesimulator-fuer-patienten-mit-stoma-susie-simon-s201\/","og_locale":"de_DE","og_type":"article","og_title":"Gaumard S201 \u2013 Pflegesimulator mit Stoma","og_description":"Der Gaumard S201 Susie Simon\u00ae schult in der Pflege von Patienten mit Stoma: Hygiene, Verbandwechsel und technische Handgriffe.","og_url":"https:\/\/lifesupportdistribution.fr\/de\/produkt\/pflegesimulator-fuer-patienten-mit-stoma-susie-simon-s201\/","og_site_name":"Life Support Distribution","og_image":[{"width":1844,"height":1018,"url":"https:\/\/lifesupportdistribution.fr\/wp-content\/uploads\/2025\/11\/Photo-1-s201-Gaumard.png","type":"image\/png"}],"twitter_card":"summary_large_image","schema":{"@context":"https:\/\/schema.org","@graph":[{"@type":"WebPage","@id":"https:\/\/lifesupportdistribution.fr\/de\/produkt\/pflegesimulator-fuer-patienten-mit-stoma-susie-simon-s201\/","url":"https:\/\/lifesupportdistribution.fr\/de\/produkt\/pflegesimulator-fuer-patienten-mit-stoma-susie-simon-s201\/","name":"Gaumard S201 \u2013 Pflegesimulator mit Stoma","isPartOf":{"@id":"https:\/\/lifesupportdistribution.fr\/de\/#website"},"primaryImageOfPage":{"@id":"https:\/\/lifesupportdistribution.fr\/de\/produkt\/pflegesimulator-fuer-patienten-mit-stoma-susie-simon-s201\/#primaryimage"},"image":{"@id":"https:\/\/lifesupportdistribution.fr\/de\/produkt\/pflegesimulator-fuer-patienten-mit-stoma-susie-simon-s201\/#primaryimage"},"thumbnailUrl":"https:\/\/lifesupportdistribution.fr\/wp-content\/uploads\/2025\/11\/Photo-1-s201-Gaumard.png","datePublished":"2025-11-10T17:30:34+00:00","description":"Der Gaumard S201 Susie Simon\u00ae schult in der Pflege von Patienten mit Stoma: Hygiene, Verbandwechsel und technische Handgriffe.","breadcrumb":{"@id":"https:\/\/lifesupportdistribution.fr\/de\/produkt\/pflegesimulator-fuer-patienten-mit-stoma-susie-simon-s201\/#breadcrumb"},"inLanguage":"de","potentialAction":[{"@type":"ReadAction","target":["https:\/\/lifesupportdistribution.fr\/de\/produkt\/pflegesimulator-fuer-patienten-mit-stoma-susie-simon-s201\/"]}]},{"@type":"ImageObject","inLanguage":"de","@id":"https:\/\/lifesupportdistribution.fr\/de\/produkt\/pflegesimulator-fuer-patienten-mit-stoma-susie-simon-s201\/#primaryimage","url":"https:\/\/lifesupportdistribution.fr\/wp-content\/uploads\/2025\/11\/Photo-1-s201-Gaumard.png","contentUrl":"https:\/\/lifesupportdistribution.fr\/wp-content\/uploads\/2025\/11\/Photo-1-s201-Gaumard.png","width":1844,"height":1018},{"@type":"BreadcrumbList","@id":"https:\/\/lifesupportdistribution.fr\/de\/produkt\/pflegesimulator-fuer-patienten-mit-stoma-susie-simon-s201\/#breadcrumb","itemListElement":[{"@type":"ListItem","position":1,"name":"Accueil","item":"https:\/\/lifesupportdistribution.fr\/de\/startseite\/"},{"@type":"ListItem","position":2,"name":"Shop","item":"https:\/\/lifesupportdistribution.fr\/de\/shop\/"},{"@type":"ListItem","position":3,"name":"Pflegesimulator f\u00fcr Patienten mit Stoma &#8211; Susie Simon\u00ae S201"}]},{"@type":"WebSite","@id":"https:\/\/lifesupportdistribution.fr\/de\/#website","url":"https:\/\/lifesupportdistribution.fr\/de\/","name":"Life Support Distribution","description":"Solutions en simulation m\u00e9dicale","publisher":{"@id":"https:\/\/lifesupportdistribution.fr\/de\/#organization"},"potentialAction":[{"@type":"SearchAction","target":{"@type":"EntryPoint","urlTemplate":"https:\/\/lifesupportdistribution.fr\/de\/?s={search_term_string}"},"query-input":{"@type":"PropertyValueSpecification","valueRequired":true,"valueName":"search_term_string"}}],"inLanguage":"de"},{"@type":"Organization","@id":"https:\/\/lifesupportdistribution.fr\/de\/#organization","name":"Life Support Distribution","url":"https:\/\/lifesupportdistribution.fr\/de\/","logo":{"@type":"ImageObject","inLanguage":"de","@id":"https:\/\/lifesupportdistribution.fr\/de\/#\/schema\/logo\/image\/","url":"https:\/\/lifesupportdistribution.fr\/wp-content\/uploads\/2025\/10\/logo-life-support-distribution.svg","contentUrl":"https:\/\/lifesupportdistribution.fr\/wp-content\/uploads\/2025\/10\/logo-life-support-distribution.svg","width":698,"height":223,"caption":"Life Support Distribution"},"image":{"@id":"https:\/\/lifesupportdistribution.fr\/de\/#\/schema\/logo\/image\/"},"sameAs":["https:\/\/www.linkedin.com\/company\/life-support-distribution\/"]}]}},"_links":{"self":[{"href":"https:\/\/lifesupportdistribution.fr\/de\/wp-json\/wp\/v2\/product\/5559","targetHints":{"allow":["GET"]}}],"collection":[{"href":"https:\/\/lifesupportdistribution.fr\/de\/wp-json\/wp\/v2\/product"}],"about":[{"href":"https:\/\/lifesupportdistribution.fr\/de\/wp-json\/wp\/v2\/types\/product"}],"wp:featuredmedia":[{"embeddable":true,"href":"https:\/\/lifesupportdistribution.fr\/de\/wp-json\/wp\/v2\/media\/1619"}],"wp:attachment":[{"href":"https:\/\/lifesupportdistribution.fr\/de\/wp-json\/wp\/v2\/media?parent=5559"}],"wp:term":[{"taxonomy":"product_brand","embeddable":true,"href":"https:\/\/lifesupportdistribution.fr\/de\/wp-json\/wp\/v2\/product_brand?post=5559"},{"taxonomy":"product_cat","embeddable":true,"href":"https:\/\/lifesupportdistribution.fr\/de\/wp-json\/wp\/v2\/product_cat?post=5559"},{"taxonomy":"product_tag","embeddable":true,"href":"https:\/\/lifesupportdistribution.fr\/de\/wp-json\/wp\/v2\/product_tag?post=5559"}],"curies":[{"name":"wp","href":"https:\/\/api.w.org\/{rel}","templated":true}]}}