{"id":5566,"date":"2025-11-26T21:43:35","date_gmt":"2025-11-26T20:43:35","guid":{"rendered":"https:\/\/lifesupportdistribution.fr\/produits\/chirurgische-wunde-sw37\/"},"modified":"2025-11-26T21:43:35","modified_gmt":"2025-11-26T20:43:35","slug":"chirurgische-wunde-sw37","status":"publish","type":"product","link":"https:\/\/lifesupportdistribution.fr\/de\/produkt\/chirurgische-wunde-sw37\/","title":{"rendered":"Chirurgische Wunde &#8211; SW37"},"content":{"rendered":"<p>Das SW37 eignet sich besonders f\u00fcr Schulungsszenarien, die das Management komplizierter chirurgischer Wunden behandeln. Es veranschaulicht einen Einschnitt, der trotz eines Versuchs, ihn mit Klammern oder N\u00e4hten zu schlie\u00dfen, aufgeplatzt ist und Anzeichen einer Infektion aufweist. Auf Puppen oder standardisierten Patienten angewendet, erm\u00f6glicht es, Lernende darin zu schulen, klinische Anzeichen einer postoperativen Infektion zu erkennen, angemessene Versorgung einzuleiten, Pr\u00e4ventionsprotokolle anzuwenden und an der Kommunikation mit dem Patienten zu arbeiten. Dieses Modell f\u00f6rdert den Erwerb unverzichtbarer Kompetenzen in Chirurgie, Krankenpflege und Notfallmedizin.   <\/p>\n","protected":false},"excerpt":{"rendered":"<p>Das Simoulage SW37 ist eine hyperrealistische, aus Silikon geformte Wunde, die einen teilweise geschlossenen chirurgischen Einschnitt darstellt, der aufgeplatzt und infiziert ist. Entwickelt f\u00fcr die medizinische Simulation, erm\u00f6glicht es, an der Erkennung und Behandlung postoperativer Komplikationen zu arbeiten. <\/p>\n","protected":false},"featured_media":2143,"template":"","meta":[],"product_brand":[208],"product_cat":[217],"product_tag":[250,238,251,236,255],"class_list":{"0":"post-5566","1":"product","2":"type-product","3":"status-publish","4":"has-post-thumbnail","6":"product_brand-simoulage","7":"product_cat-schminken-und-spezialeffekte","8":"product_tag-chirurgie","9":"product_tag-erste-hilfe","10":"product_tag-krankenpflege","11":"product_tag-notfallmedizin","12":"product_tag-traumatologie","14":"first","15":"instock","16":"shipping-taxable","17":"purchasable","18":"product-type-simple"},"yoast_head":"<!-- This site is optimized with the Yoast SEO plugin v26.8 - https:\/\/yoast.com\/product\/yoast-seo-wordpress\/ -->\n<title>SW37 Simoulage \u2013 Realistische chirurgische Wunde<\/title>\n<meta name=\"description\" content=\"SW37 Simoulage: Realistische chirurgische Wunde zur Schulung in postoperativer Beurteilung, Wundversorgung und klinischem Management.\" \/>\n<meta name=\"robots\" content=\"index, follow, max-snippet:-1, max-image-preview:large, max-video-preview:-1\" \/>\n<link rel=\"canonical\" href=\"https:\/\/lifesupportdistribution.fr\/de\/produkt\/chirurgische-wunde-sw37\/\" \/>\n<meta property=\"og:locale\" content=\"de_DE\" \/>\n<meta property=\"og:type\" content=\"article\" \/>\n<meta property=\"og:title\" content=\"SW37 Simoulage \u2013 Realistische chirurgische Wunde\" \/>\n<meta property=\"og:description\" content=\"SW37 Simoulage: Realistische chirurgische Wunde zur Schulung in postoperativer Beurteilung, Wundversorgung und klinischem Management.\" \/>\n<meta property=\"og:url\" content=\"https:\/\/lifesupportdistribution.fr\/de\/produkt\/chirurgische-wunde-sw37\/\" \/>\n<meta property=\"og:site_name\" content=\"Life Support Distribution\" \/>\n<meta property=\"og:image\" content=\"https:\/\/lifesupportdistribution.fr\/wp-content\/uploads\/2025\/11\/Photo-SW37-1.png\" \/>\n\t<meta property=\"og:image:width\" content=\"650\" \/>\n\t<meta property=\"og:image:height\" content=\"298\" \/>\n\t<meta property=\"og:image:type\" content=\"image\/png\" \/>\n<meta name=\"twitter:card\" content=\"summary_large_image\" \/>\n<script type=\"application\/ld+json\" class=\"yoast-schema-graph\">{\"@context\":\"https:\/\/schema.org\",\"@graph\":[{\"@type\":\"WebPage\",\"@id\":\"https:\/\/lifesupportdistribution.fr\/de\/produkt\/chirurgische-wunde-sw37\/\",\"url\":\"https:\/\/lifesupportdistribution.fr\/de\/produkt\/chirurgische-wunde-sw37\/\",\"name\":\"SW37 Simoulage \u2013 Realistische chirurgische Wunde\",\"isPartOf\":{\"@id\":\"https:\/\/lifesupportdistribution.fr\/de\/#website\"},\"primaryImageOfPage\":{\"@id\":\"https:\/\/lifesupportdistribution.fr\/de\/produkt\/chirurgische-wunde-sw37\/#primaryimage\"},\"image\":{\"@id\":\"https:\/\/lifesupportdistribution.fr\/de\/produkt\/chirurgische-wunde-sw37\/#primaryimage\"},\"thumbnailUrl\":\"https:\/\/lifesupportdistribution.fr\/wp-content\/uploads\/2025\/11\/Photo-SW37-1.png\",\"datePublished\":\"2025-11-26T20:43:35+00:00\",\"description\":\"SW37 Simoulage: Realistische chirurgische Wunde zur Schulung in postoperativer Beurteilung, Wundversorgung und klinischem Management.\",\"breadcrumb\":{\"@id\":\"https:\/\/lifesupportdistribution.fr\/de\/produkt\/chirurgische-wunde-sw37\/#breadcrumb\"},\"inLanguage\":\"de\",\"potentialAction\":[{\"@type\":\"ReadAction\",\"target\":[\"https:\/\/lifesupportdistribution.fr\/de\/produkt\/chirurgische-wunde-sw37\/\"]}]},{\"@type\":\"ImageObject\",\"inLanguage\":\"de\",\"@id\":\"https:\/\/lifesupportdistribution.fr\/de\/produkt\/chirurgische-wunde-sw37\/#primaryimage\",\"url\":\"https:\/\/lifesupportdistribution.fr\/wp-content\/uploads\/2025\/11\/Photo-SW37-1.png\",\"contentUrl\":\"https:\/\/lifesupportdistribution.fr\/wp-content\/uploads\/2025\/11\/Photo-SW37-1.png\",\"width\":650,\"height\":298},{\"@type\":\"BreadcrumbList\",\"@id\":\"https:\/\/lifesupportdistribution.fr\/de\/produkt\/chirurgische-wunde-sw37\/#breadcrumb\",\"itemListElement\":[{\"@type\":\"ListItem\",\"position\":1,\"name\":\"Accueil\",\"item\":\"https:\/\/lifesupportdistribution.fr\/de\/startseite\/\"},{\"@type\":\"ListItem\",\"position\":2,\"name\":\"Shop\",\"item\":\"https:\/\/lifesupportdistribution.fr\/de\/shop\/\"},{\"@type\":\"ListItem\",\"position\":3,\"name\":\"Chirurgische Wunde &#8211; SW37\"}]},{\"@type\":\"WebSite\",\"@id\":\"https:\/\/lifesupportdistribution.fr\/de\/#website\",\"url\":\"https:\/\/lifesupportdistribution.fr\/de\/\",\"name\":\"Life Support Distribution\",\"description\":\"Solutions en simulation m\u00e9dicale\",\"publisher\":{\"@id\":\"https:\/\/lifesupportdistribution.fr\/de\/#organization\"},\"potentialAction\":[{\"@type\":\"SearchAction\",\"target\":{\"@type\":\"EntryPoint\",\"urlTemplate\":\"https:\/\/lifesupportdistribution.fr\/de\/?s={search_term_string}\"},\"query-input\":{\"@type\":\"PropertyValueSpecification\",\"valueRequired\":true,\"valueName\":\"search_term_string\"}}],\"inLanguage\":\"de\"},{\"@type\":\"Organization\",\"@id\":\"https:\/\/lifesupportdistribution.fr\/de\/#organization\",\"name\":\"Life Support Distribution\",\"url\":\"https:\/\/lifesupportdistribution.fr\/de\/\",\"logo\":{\"@type\":\"ImageObject\",\"inLanguage\":\"de\",\"@id\":\"https:\/\/lifesupportdistribution.fr\/de\/#\/schema\/logo\/image\/\",\"url\":\"https:\/\/lifesupportdistribution.fr\/wp-content\/uploads\/2025\/10\/logo-life-support-distribution.svg\",\"contentUrl\":\"https:\/\/lifesupportdistribution.fr\/wp-content\/uploads\/2025\/10\/logo-life-support-distribution.svg\",\"width\":698,\"height\":223,\"caption\":\"Life Support Distribution\"},\"image\":{\"@id\":\"https:\/\/lifesupportdistribution.fr\/de\/#\/schema\/logo\/image\/\"},\"sameAs\":[\"https:\/\/www.linkedin.com\/company\/life-support-distribution\/\"]}]}<\/script>\n<!-- \/ Yoast SEO plugin. -->","yoast_head_json":{"title":"SW37 Simoulage \u2013 Realistische chirurgische Wunde","description":"SW37 Simoulage: Realistische chirurgische Wunde zur Schulung in postoperativer Beurteilung, Wundversorgung und klinischem Management.","robots":{"index":"index","follow":"follow","max-snippet":"max-snippet:-1","max-image-preview":"max-image-preview:large","max-video-preview":"max-video-preview:-1"},"canonical":"https:\/\/lifesupportdistribution.fr\/de\/produkt\/chirurgische-wunde-sw37\/","og_locale":"de_DE","og_type":"article","og_title":"SW37 Simoulage \u2013 Realistische chirurgische Wunde","og_description":"SW37 Simoulage: Realistische chirurgische Wunde zur Schulung in postoperativer Beurteilung, Wundversorgung und klinischem Management.","og_url":"https:\/\/lifesupportdistribution.fr\/de\/produkt\/chirurgische-wunde-sw37\/","og_site_name":"Life Support Distribution","og_image":[{"width":650,"height":298,"url":"https:\/\/lifesupportdistribution.fr\/wp-content\/uploads\/2025\/11\/Photo-SW37-1.png","type":"image\/png"}],"twitter_card":"summary_large_image","schema":{"@context":"https:\/\/schema.org","@graph":[{"@type":"WebPage","@id":"https:\/\/lifesupportdistribution.fr\/de\/produkt\/chirurgische-wunde-sw37\/","url":"https:\/\/lifesupportdistribution.fr\/de\/produkt\/chirurgische-wunde-sw37\/","name":"SW37 Simoulage \u2013 Realistische chirurgische Wunde","isPartOf":{"@id":"https:\/\/lifesupportdistribution.fr\/de\/#website"},"primaryImageOfPage":{"@id":"https:\/\/lifesupportdistribution.fr\/de\/produkt\/chirurgische-wunde-sw37\/#primaryimage"},"image":{"@id":"https:\/\/lifesupportdistribution.fr\/de\/produkt\/chirurgische-wunde-sw37\/#primaryimage"},"thumbnailUrl":"https:\/\/lifesupportdistribution.fr\/wp-content\/uploads\/2025\/11\/Photo-SW37-1.png","datePublished":"2025-11-26T20:43:35+00:00","description":"SW37 Simoulage: Realistische chirurgische Wunde zur Schulung in postoperativer Beurteilung, Wundversorgung und klinischem Management.","breadcrumb":{"@id":"https:\/\/lifesupportdistribution.fr\/de\/produkt\/chirurgische-wunde-sw37\/#breadcrumb"},"inLanguage":"de","potentialAction":[{"@type":"ReadAction","target":["https:\/\/lifesupportdistribution.fr\/de\/produkt\/chirurgische-wunde-sw37\/"]}]},{"@type":"ImageObject","inLanguage":"de","@id":"https:\/\/lifesupportdistribution.fr\/de\/produkt\/chirurgische-wunde-sw37\/#primaryimage","url":"https:\/\/lifesupportdistribution.fr\/wp-content\/uploads\/2025\/11\/Photo-SW37-1.png","contentUrl":"https:\/\/lifesupportdistribution.fr\/wp-content\/uploads\/2025\/11\/Photo-SW37-1.png","width":650,"height":298},{"@type":"BreadcrumbList","@id":"https:\/\/lifesupportdistribution.fr\/de\/produkt\/chirurgische-wunde-sw37\/#breadcrumb","itemListElement":[{"@type":"ListItem","position":1,"name":"Accueil","item":"https:\/\/lifesupportdistribution.fr\/de\/startseite\/"},{"@type":"ListItem","position":2,"name":"Shop","item":"https:\/\/lifesupportdistribution.fr\/de\/shop\/"},{"@type":"ListItem","position":3,"name":"Chirurgische Wunde &#8211; SW37"}]},{"@type":"WebSite","@id":"https:\/\/lifesupportdistribution.fr\/de\/#website","url":"https:\/\/lifesupportdistribution.fr\/de\/","name":"Life Support Distribution","description":"Solutions en simulation m\u00e9dicale","publisher":{"@id":"https:\/\/lifesupportdistribution.fr\/de\/#organization"},"potentialAction":[{"@type":"SearchAction","target":{"@type":"EntryPoint","urlTemplate":"https:\/\/lifesupportdistribution.fr\/de\/?s={search_term_string}"},"query-input":{"@type":"PropertyValueSpecification","valueRequired":true,"valueName":"search_term_string"}}],"inLanguage":"de"},{"@type":"Organization","@id":"https:\/\/lifesupportdistribution.fr\/de\/#organization","name":"Life Support Distribution","url":"https:\/\/lifesupportdistribution.fr\/de\/","logo":{"@type":"ImageObject","inLanguage":"de","@id":"https:\/\/lifesupportdistribution.fr\/de\/#\/schema\/logo\/image\/","url":"https:\/\/lifesupportdistribution.fr\/wp-content\/uploads\/2025\/10\/logo-life-support-distribution.svg","contentUrl":"https:\/\/lifesupportdistribution.fr\/wp-content\/uploads\/2025\/10\/logo-life-support-distribution.svg","width":698,"height":223,"caption":"Life Support Distribution"},"image":{"@id":"https:\/\/lifesupportdistribution.fr\/de\/#\/schema\/logo\/image\/"},"sameAs":["https:\/\/www.linkedin.com\/company\/life-support-distribution\/"]}]}},"_links":{"self":[{"href":"https:\/\/lifesupportdistribution.fr\/de\/wp-json\/wp\/v2\/product\/5566","targetHints":{"allow":["GET"]}}],"collection":[{"href":"https:\/\/lifesupportdistribution.fr\/de\/wp-json\/wp\/v2\/product"}],"about":[{"href":"https:\/\/lifesupportdistribution.fr\/de\/wp-json\/wp\/v2\/types\/product"}],"wp:featuredmedia":[{"embeddable":true,"href":"https:\/\/lifesupportdistribution.fr\/de\/wp-json\/wp\/v2\/media\/2143"}],"wp:attachment":[{"href":"https:\/\/lifesupportdistribution.fr\/de\/wp-json\/wp\/v2\/media?parent=5566"}],"wp:term":[{"taxonomy":"product_brand","embeddable":true,"href":"https:\/\/lifesupportdistribution.fr\/de\/wp-json\/wp\/v2\/product_brand?post=5566"},{"taxonomy":"product_cat","embeddable":true,"href":"https:\/\/lifesupportdistribution.fr\/de\/wp-json\/wp\/v2\/product_cat?post=5566"},{"taxonomy":"product_tag","embeddable":true,"href":"https:\/\/lifesupportdistribution.fr\/de\/wp-json\/wp\/v2\/product_tag?post=5566"}],"curies":[{"name":"wp","href":"https:\/\/api.w.org\/{rel}","templated":true}]}}