{"id":5573,"date":"2025-11-26T23:11:21","date_gmt":"2025-11-26T22:11:21","guid":{"rendered":"https:\/\/lifesupportdistribution.fr\/produits\/schusswunde-sw20\/"},"modified":"2025-11-26T23:11:21","modified_gmt":"2025-11-26T22:11:21","slug":"schusswunde-sw20","status":"publish","type":"product","link":"https:\/\/lifesupportdistribution.fr\/de\/produkt\/schusswunde-sw20\/","title":{"rendered":"Schusswunde &#8211; SW20"},"content":{"rendered":"<p>Das SW20 Modell ist f\u00fcr Schulungen in Notfallmedizin, pr\u00e4klinischer Versorgung, Milit\u00e4rmedizin und Traumatologie konzipiert. Es bildet das Aussehen einer kleinen Einschuss\u00f6ffnung naturgetreu nach, was die Arbeit an der klinischen Beurteilung und der Anwendung geeigneter Ma\u00dfnahmen erm\u00f6glicht. Auf einem Mannequin oder einem standardisierten Patienten platziert, f\u00f6rdert es das Erlernen von Versorgungsprotokollen im ballistischen Kontext, insbesondere die Blutstillung und die Vorbereitung auf einen schnellen Transport. Dieses Modell erm\u00f6glicht es den Lernenden auch, f\u00fcr die Unterscheidung zwischen einer Eintritts- und einer Austrittswunde sensibilisiert zu werden.   <\/p>\n","protected":false},"excerpt":{"rendered":"<p>Das SW20 Simoulage ist eine aus Silikon geformte Wunde, die eine Einschuss\u00f6ffnung darstellt. F\u00fcr die medizinische Simulation entwickelt, erm\u00f6glicht es die Nachbildung realistischer Lehrsituationen, in denen die Lernenden eine ballistische Verletzung identifizieren, beurteilen und behandeln m\u00fcssen. <\/p>\n","protected":false},"featured_media":2164,"template":"","meta":[],"product_brand":[208],"product_cat":[217],"product_tag":[238,251,236,255],"class_list":{"0":"post-5573","1":"product","2":"type-product","3":"status-publish","4":"has-post-thumbnail","6":"product_brand-simoulage","7":"product_cat-schminken-und-spezialeffekte","8":"product_tag-erste-hilfe","9":"product_tag-krankenpflege","10":"product_tag-notfallmedizin","11":"product_tag-traumatologie","13":"first","14":"instock","15":"shipping-taxable","16":"purchasable","17":"product-type-simple"},"yoast_head":"<!-- This site is optimized with the Yoast SEO plugin v26.8 - https:\/\/yoast.com\/product\/yoast-seo-wordpress\/ -->\n<title>SW20 Simoulage \u2013 Realistische Schusswunde<\/title>\n<meta name=\"description\" content=\"SW20 Simoulage: Hyperrealistische Schusswunde zur Schulung in Trauma-Beurteilung, Notfallversorgung und schneller Erstversorgung.\" \/>\n<meta name=\"robots\" content=\"index, follow, max-snippet:-1, max-image-preview:large, max-video-preview:-1\" \/>\n<link rel=\"canonical\" href=\"https:\/\/lifesupportdistribution.fr\/de\/produkt\/schusswunde-sw20\/\" \/>\n<meta property=\"og:locale\" content=\"de_DE\" \/>\n<meta property=\"og:type\" content=\"article\" \/>\n<meta property=\"og:title\" content=\"SW20 Simoulage \u2013 Realistische Schusswunde\" \/>\n<meta property=\"og:description\" content=\"SW20 Simoulage: Hyperrealistische Schusswunde zur Schulung in Trauma-Beurteilung, Notfallversorgung und schneller Erstversorgung.\" \/>\n<meta property=\"og:url\" content=\"https:\/\/lifesupportdistribution.fr\/de\/produkt\/schusswunde-sw20\/\" \/>\n<meta property=\"og:site_name\" content=\"Life Support Distribution\" \/>\n<meta property=\"og:image\" content=\"https:\/\/lifesupportdistribution.fr\/wp-content\/uploads\/2025\/11\/Photo-SW20-1.png\" \/>\n\t<meta property=\"og:image:width\" content=\"588\" \/>\n\t<meta property=\"og:image:height\" content=\"394\" \/>\n\t<meta property=\"og:image:type\" content=\"image\/png\" \/>\n<meta name=\"twitter:card\" content=\"summary_large_image\" \/>\n<script type=\"application\/ld+json\" class=\"yoast-schema-graph\">{\"@context\":\"https:\/\/schema.org\",\"@graph\":[{\"@type\":\"WebPage\",\"@id\":\"https:\/\/lifesupportdistribution.fr\/de\/produkt\/schusswunde-sw20\/\",\"url\":\"https:\/\/lifesupportdistribution.fr\/de\/produkt\/schusswunde-sw20\/\",\"name\":\"SW20 Simoulage \u2013 Realistische Schusswunde\",\"isPartOf\":{\"@id\":\"https:\/\/lifesupportdistribution.fr\/de\/#website\"},\"primaryImageOfPage\":{\"@id\":\"https:\/\/lifesupportdistribution.fr\/de\/produkt\/schusswunde-sw20\/#primaryimage\"},\"image\":{\"@id\":\"https:\/\/lifesupportdistribution.fr\/de\/produkt\/schusswunde-sw20\/#primaryimage\"},\"thumbnailUrl\":\"https:\/\/lifesupportdistribution.fr\/wp-content\/uploads\/2025\/11\/Photo-SW20-1.png\",\"datePublished\":\"2025-11-26T22:11:21+00:00\",\"description\":\"SW20 Simoulage: Hyperrealistische Schusswunde zur Schulung in Trauma-Beurteilung, Notfallversorgung und schneller Erstversorgung.\",\"breadcrumb\":{\"@id\":\"https:\/\/lifesupportdistribution.fr\/de\/produkt\/schusswunde-sw20\/#breadcrumb\"},\"inLanguage\":\"de\",\"potentialAction\":[{\"@type\":\"ReadAction\",\"target\":[\"https:\/\/lifesupportdistribution.fr\/de\/produkt\/schusswunde-sw20\/\"]}]},{\"@type\":\"ImageObject\",\"inLanguage\":\"de\",\"@id\":\"https:\/\/lifesupportdistribution.fr\/de\/produkt\/schusswunde-sw20\/#primaryimage\",\"url\":\"https:\/\/lifesupportdistribution.fr\/wp-content\/uploads\/2025\/11\/Photo-SW20-1.png\",\"contentUrl\":\"https:\/\/lifesupportdistribution.fr\/wp-content\/uploads\/2025\/11\/Photo-SW20-1.png\",\"width\":588,\"height\":394},{\"@type\":\"BreadcrumbList\",\"@id\":\"https:\/\/lifesupportdistribution.fr\/de\/produkt\/schusswunde-sw20\/#breadcrumb\",\"itemListElement\":[{\"@type\":\"ListItem\",\"position\":1,\"name\":\"Accueil\",\"item\":\"https:\/\/lifesupportdistribution.fr\/de\/startseite\/\"},{\"@type\":\"ListItem\",\"position\":2,\"name\":\"Shop\",\"item\":\"https:\/\/lifesupportdistribution.fr\/de\/shop\/\"},{\"@type\":\"ListItem\",\"position\":3,\"name\":\"Schusswunde &#8211; SW20\"}]},{\"@type\":\"WebSite\",\"@id\":\"https:\/\/lifesupportdistribution.fr\/de\/#website\",\"url\":\"https:\/\/lifesupportdistribution.fr\/de\/\",\"name\":\"Life Support Distribution\",\"description\":\"Solutions en simulation m\u00e9dicale\",\"publisher\":{\"@id\":\"https:\/\/lifesupportdistribution.fr\/de\/#organization\"},\"potentialAction\":[{\"@type\":\"SearchAction\",\"target\":{\"@type\":\"EntryPoint\",\"urlTemplate\":\"https:\/\/lifesupportdistribution.fr\/de\/?s={search_term_string}\"},\"query-input\":{\"@type\":\"PropertyValueSpecification\",\"valueRequired\":true,\"valueName\":\"search_term_string\"}}],\"inLanguage\":\"de\"},{\"@type\":\"Organization\",\"@id\":\"https:\/\/lifesupportdistribution.fr\/de\/#organization\",\"name\":\"Life Support Distribution\",\"url\":\"https:\/\/lifesupportdistribution.fr\/de\/\",\"logo\":{\"@type\":\"ImageObject\",\"inLanguage\":\"de\",\"@id\":\"https:\/\/lifesupportdistribution.fr\/de\/#\/schema\/logo\/image\/\",\"url\":\"https:\/\/lifesupportdistribution.fr\/wp-content\/uploads\/2025\/10\/logo-life-support-distribution.svg\",\"contentUrl\":\"https:\/\/lifesupportdistribution.fr\/wp-content\/uploads\/2025\/10\/logo-life-support-distribution.svg\",\"width\":698,\"height\":223,\"caption\":\"Life Support Distribution\"},\"image\":{\"@id\":\"https:\/\/lifesupportdistribution.fr\/de\/#\/schema\/logo\/image\/\"},\"sameAs\":[\"https:\/\/www.linkedin.com\/company\/life-support-distribution\/\"]}]}<\/script>\n<!-- \/ Yoast SEO plugin. -->","yoast_head_json":{"title":"SW20 Simoulage \u2013 Realistische Schusswunde","description":"SW20 Simoulage: Hyperrealistische Schusswunde zur Schulung in Trauma-Beurteilung, Notfallversorgung und schneller Erstversorgung.","robots":{"index":"index","follow":"follow","max-snippet":"max-snippet:-1","max-image-preview":"max-image-preview:large","max-video-preview":"max-video-preview:-1"},"canonical":"https:\/\/lifesupportdistribution.fr\/de\/produkt\/schusswunde-sw20\/","og_locale":"de_DE","og_type":"article","og_title":"SW20 Simoulage \u2013 Realistische Schusswunde","og_description":"SW20 Simoulage: Hyperrealistische Schusswunde zur Schulung in Trauma-Beurteilung, Notfallversorgung und schneller Erstversorgung.","og_url":"https:\/\/lifesupportdistribution.fr\/de\/produkt\/schusswunde-sw20\/","og_site_name":"Life Support Distribution","og_image":[{"width":588,"height":394,"url":"https:\/\/lifesupportdistribution.fr\/wp-content\/uploads\/2025\/11\/Photo-SW20-1.png","type":"image\/png"}],"twitter_card":"summary_large_image","schema":{"@context":"https:\/\/schema.org","@graph":[{"@type":"WebPage","@id":"https:\/\/lifesupportdistribution.fr\/de\/produkt\/schusswunde-sw20\/","url":"https:\/\/lifesupportdistribution.fr\/de\/produkt\/schusswunde-sw20\/","name":"SW20 Simoulage \u2013 Realistische Schusswunde","isPartOf":{"@id":"https:\/\/lifesupportdistribution.fr\/de\/#website"},"primaryImageOfPage":{"@id":"https:\/\/lifesupportdistribution.fr\/de\/produkt\/schusswunde-sw20\/#primaryimage"},"image":{"@id":"https:\/\/lifesupportdistribution.fr\/de\/produkt\/schusswunde-sw20\/#primaryimage"},"thumbnailUrl":"https:\/\/lifesupportdistribution.fr\/wp-content\/uploads\/2025\/11\/Photo-SW20-1.png","datePublished":"2025-11-26T22:11:21+00:00","description":"SW20 Simoulage: Hyperrealistische Schusswunde zur Schulung in Trauma-Beurteilung, Notfallversorgung und schneller Erstversorgung.","breadcrumb":{"@id":"https:\/\/lifesupportdistribution.fr\/de\/produkt\/schusswunde-sw20\/#breadcrumb"},"inLanguage":"de","potentialAction":[{"@type":"ReadAction","target":["https:\/\/lifesupportdistribution.fr\/de\/produkt\/schusswunde-sw20\/"]}]},{"@type":"ImageObject","inLanguage":"de","@id":"https:\/\/lifesupportdistribution.fr\/de\/produkt\/schusswunde-sw20\/#primaryimage","url":"https:\/\/lifesupportdistribution.fr\/wp-content\/uploads\/2025\/11\/Photo-SW20-1.png","contentUrl":"https:\/\/lifesupportdistribution.fr\/wp-content\/uploads\/2025\/11\/Photo-SW20-1.png","width":588,"height":394},{"@type":"BreadcrumbList","@id":"https:\/\/lifesupportdistribution.fr\/de\/produkt\/schusswunde-sw20\/#breadcrumb","itemListElement":[{"@type":"ListItem","position":1,"name":"Accueil","item":"https:\/\/lifesupportdistribution.fr\/de\/startseite\/"},{"@type":"ListItem","position":2,"name":"Shop","item":"https:\/\/lifesupportdistribution.fr\/de\/shop\/"},{"@type":"ListItem","position":3,"name":"Schusswunde &#8211; SW20"}]},{"@type":"WebSite","@id":"https:\/\/lifesupportdistribution.fr\/de\/#website","url":"https:\/\/lifesupportdistribution.fr\/de\/","name":"Life Support Distribution","description":"Solutions en simulation m\u00e9dicale","publisher":{"@id":"https:\/\/lifesupportdistribution.fr\/de\/#organization"},"potentialAction":[{"@type":"SearchAction","target":{"@type":"EntryPoint","urlTemplate":"https:\/\/lifesupportdistribution.fr\/de\/?s={search_term_string}"},"query-input":{"@type":"PropertyValueSpecification","valueRequired":true,"valueName":"search_term_string"}}],"inLanguage":"de"},{"@type":"Organization","@id":"https:\/\/lifesupportdistribution.fr\/de\/#organization","name":"Life Support Distribution","url":"https:\/\/lifesupportdistribution.fr\/de\/","logo":{"@type":"ImageObject","inLanguage":"de","@id":"https:\/\/lifesupportdistribution.fr\/de\/#\/schema\/logo\/image\/","url":"https:\/\/lifesupportdistribution.fr\/wp-content\/uploads\/2025\/10\/logo-life-support-distribution.svg","contentUrl":"https:\/\/lifesupportdistribution.fr\/wp-content\/uploads\/2025\/10\/logo-life-support-distribution.svg","width":698,"height":223,"caption":"Life Support Distribution"},"image":{"@id":"https:\/\/lifesupportdistribution.fr\/de\/#\/schema\/logo\/image\/"},"sameAs":["https:\/\/www.linkedin.com\/company\/life-support-distribution\/"]}]}},"_links":{"self":[{"href":"https:\/\/lifesupportdistribution.fr\/de\/wp-json\/wp\/v2\/product\/5573","targetHints":{"allow":["GET"]}}],"collection":[{"href":"https:\/\/lifesupportdistribution.fr\/de\/wp-json\/wp\/v2\/product"}],"about":[{"href":"https:\/\/lifesupportdistribution.fr\/de\/wp-json\/wp\/v2\/types\/product"}],"wp:featuredmedia":[{"embeddable":true,"href":"https:\/\/lifesupportdistribution.fr\/de\/wp-json\/wp\/v2\/media\/2164"}],"wp:attachment":[{"href":"https:\/\/lifesupportdistribution.fr\/de\/wp-json\/wp\/v2\/media?parent=5573"}],"wp:term":[{"taxonomy":"product_brand","embeddable":true,"href":"https:\/\/lifesupportdistribution.fr\/de\/wp-json\/wp\/v2\/product_brand?post=5573"},{"taxonomy":"product_cat","embeddable":true,"href":"https:\/\/lifesupportdistribution.fr\/de\/wp-json\/wp\/v2\/product_cat?post=5573"},{"taxonomy":"product_tag","embeddable":true,"href":"https:\/\/lifesupportdistribution.fr\/de\/wp-json\/wp\/v2\/product_tag?post=5573"}],"curies":[{"name":"wp","href":"https:\/\/api.w.org\/{rel}","templated":true}]}}