{"id":5579,"date":"2025-11-26T22:24:48","date_gmt":"2025-11-26T21:24:48","guid":{"rendered":"https:\/\/lifesupportdistribution.fr\/produits\/chirurgische-wunde-sw30\/"},"modified":"2025-11-26T22:24:48","modified_gmt":"2025-11-26T21:24:48","slug":"chirurgische-wunde-sw30","status":"publish","type":"product","link":"https:\/\/lifesupportdistribution.fr\/de\/produkt\/chirurgische-wunde-sw30\/","title":{"rendered":"Chirurgische Wunde &#8211; SW30"},"content":{"rendered":"<p>Das SW30-Modell wurde entwickelt, um verschiedene Phasen der Wundheilung nach einem chirurgischen Eingriff zu veranschaulichen. In der nativen Version stellt es einen einfachen Schnitt dar, der sich noch im Heilungsprozess befindet. In der gen\u00e4hten Version (SW30:1) erm\u00f6glicht es die Behandlung der Pflege im Zusammenhang mit der \u00dcberwachung und Reinigung der N\u00e4hte. In der geklammerten Version (SW30:2) bietet es eine realistische Darstellung eines durch chirurgische Klammern gehaltenen Schnitts. Dieses Modell, das an Mannequins oder standardisierten Patienten verwendet wird, f\u00f6rdert das Erlernen wesentlicher postoperativer Pflegema\u00dfnahmen, der Infektionspr\u00e4vention und der Kommunikation mit dem Patienten.    <\/p>\n","protected":false},"excerpt":{"rendered":"<p>Das Simoulage SW30 ist eine aus Silikon geformte Wunde, die einen chirurgischen Schnitt im Heilungsprozess nachbildet. Erh\u00e4ltlich in mehreren Varianten, kann es eine nativ belassene Wunde, einen durch N\u00e4hte verschlossenen Schnitt oder einen durch Klammern realisierten Verschluss darstellen. Dieses vielseitige Lehrmittel erm\u00f6glicht das \u00dcben der \u00dcberwachung und postoperativen Versorgung in einem realistischen Simulationsrahmen.  <\/p>\n","protected":false},"featured_media":2150,"template":"","meta":[],"product_brand":[208],"product_cat":[217],"product_tag":[250,238,251,236,255],"class_list":{"0":"post-5579","1":"product","2":"type-product","3":"status-publish","4":"has-post-thumbnail","6":"product_brand-simoulage","7":"product_cat-schminken-und-spezialeffekte","8":"product_tag-chirurgie","9":"product_tag-erste-hilfe","10":"product_tag-krankenpflege","11":"product_tag-notfallmedizin","12":"product_tag-traumatologie","14":"first","15":"instock","16":"shipping-taxable","17":"purchasable","18":"product-type-simple"},"yoast_head":"<!-- This site is optimized with the Yoast SEO plugin v26.8 - https:\/\/yoast.com\/product\/yoast-seo-wordpress\/ -->\n<title>SW30 Simoulage \u2013 Realistische chirurgische Wunde<\/title>\n<meta name=\"description\" content=\"SW30 Simoulage: realistische chirurgische Wunde f\u00fcr die Ausbildung in postoperativer Versorgung, Wundbeurteilung und klinischen Handgriffen.\" \/>\n<meta name=\"robots\" content=\"index, follow, max-snippet:-1, max-image-preview:large, max-video-preview:-1\" \/>\n<link rel=\"canonical\" href=\"https:\/\/lifesupportdistribution.fr\/de\/produkt\/chirurgische-wunde-sw30\/\" \/>\n<meta property=\"og:locale\" content=\"de_DE\" \/>\n<meta property=\"og:type\" content=\"article\" \/>\n<meta property=\"og:title\" content=\"SW30 Simoulage \u2013 Realistische chirurgische Wunde\" \/>\n<meta property=\"og:description\" content=\"SW30 Simoulage: realistische chirurgische Wunde f\u00fcr die Ausbildung in postoperativer Versorgung, Wundbeurteilung und klinischen Handgriffen.\" \/>\n<meta property=\"og:url\" content=\"https:\/\/lifesupportdistribution.fr\/de\/produkt\/chirurgische-wunde-sw30\/\" \/>\n<meta property=\"og:site_name\" content=\"Life Support Distribution\" \/>\n<meta property=\"og:image\" content=\"https:\/\/lifesupportdistribution.fr\/wp-content\/uploads\/2025\/11\/Photo-SW30-1.png\" \/>\n\t<meta property=\"og:image:width\" content=\"654\" \/>\n\t<meta property=\"og:image:height\" content=\"312\" \/>\n\t<meta property=\"og:image:type\" content=\"image\/png\" \/>\n<meta name=\"twitter:card\" content=\"summary_large_image\" \/>\n<script type=\"application\/ld+json\" class=\"yoast-schema-graph\">{\"@context\":\"https:\/\/schema.org\",\"@graph\":[{\"@type\":\"WebPage\",\"@id\":\"https:\/\/lifesupportdistribution.fr\/de\/produkt\/chirurgische-wunde-sw30\/\",\"url\":\"https:\/\/lifesupportdistribution.fr\/de\/produkt\/chirurgische-wunde-sw30\/\",\"name\":\"SW30 Simoulage \u2013 Realistische chirurgische Wunde\",\"isPartOf\":{\"@id\":\"https:\/\/lifesupportdistribution.fr\/de\/#website\"},\"primaryImageOfPage\":{\"@id\":\"https:\/\/lifesupportdistribution.fr\/de\/produkt\/chirurgische-wunde-sw30\/#primaryimage\"},\"image\":{\"@id\":\"https:\/\/lifesupportdistribution.fr\/de\/produkt\/chirurgische-wunde-sw30\/#primaryimage\"},\"thumbnailUrl\":\"https:\/\/lifesupportdistribution.fr\/wp-content\/uploads\/2025\/11\/Photo-SW30-1.png\",\"datePublished\":\"2025-11-26T21:24:48+00:00\",\"description\":\"SW30 Simoulage: realistische chirurgische Wunde f\u00fcr die Ausbildung in postoperativer Versorgung, Wundbeurteilung und klinischen Handgriffen.\",\"breadcrumb\":{\"@id\":\"https:\/\/lifesupportdistribution.fr\/de\/produkt\/chirurgische-wunde-sw30\/#breadcrumb\"},\"inLanguage\":\"de\",\"potentialAction\":[{\"@type\":\"ReadAction\",\"target\":[\"https:\/\/lifesupportdistribution.fr\/de\/produkt\/chirurgische-wunde-sw30\/\"]}]},{\"@type\":\"ImageObject\",\"inLanguage\":\"de\",\"@id\":\"https:\/\/lifesupportdistribution.fr\/de\/produkt\/chirurgische-wunde-sw30\/#primaryimage\",\"url\":\"https:\/\/lifesupportdistribution.fr\/wp-content\/uploads\/2025\/11\/Photo-SW30-1.png\",\"contentUrl\":\"https:\/\/lifesupportdistribution.fr\/wp-content\/uploads\/2025\/11\/Photo-SW30-1.png\",\"width\":654,\"height\":312},{\"@type\":\"BreadcrumbList\",\"@id\":\"https:\/\/lifesupportdistribution.fr\/de\/produkt\/chirurgische-wunde-sw30\/#breadcrumb\",\"itemListElement\":[{\"@type\":\"ListItem\",\"position\":1,\"name\":\"Accueil\",\"item\":\"https:\/\/lifesupportdistribution.fr\/de\/startseite\/\"},{\"@type\":\"ListItem\",\"position\":2,\"name\":\"Shop\",\"item\":\"https:\/\/lifesupportdistribution.fr\/de\/shop\/\"},{\"@type\":\"ListItem\",\"position\":3,\"name\":\"Chirurgische Wunde &#8211; SW30\"}]},{\"@type\":\"WebSite\",\"@id\":\"https:\/\/lifesupportdistribution.fr\/de\/#website\",\"url\":\"https:\/\/lifesupportdistribution.fr\/de\/\",\"name\":\"Life Support Distribution\",\"description\":\"Solutions en simulation m\u00e9dicale\",\"publisher\":{\"@id\":\"https:\/\/lifesupportdistribution.fr\/de\/#organization\"},\"potentialAction\":[{\"@type\":\"SearchAction\",\"target\":{\"@type\":\"EntryPoint\",\"urlTemplate\":\"https:\/\/lifesupportdistribution.fr\/de\/?s={search_term_string}\"},\"query-input\":{\"@type\":\"PropertyValueSpecification\",\"valueRequired\":true,\"valueName\":\"search_term_string\"}}],\"inLanguage\":\"de\"},{\"@type\":\"Organization\",\"@id\":\"https:\/\/lifesupportdistribution.fr\/de\/#organization\",\"name\":\"Life Support Distribution\",\"url\":\"https:\/\/lifesupportdistribution.fr\/de\/\",\"logo\":{\"@type\":\"ImageObject\",\"inLanguage\":\"de\",\"@id\":\"https:\/\/lifesupportdistribution.fr\/de\/#\/schema\/logo\/image\/\",\"url\":\"https:\/\/lifesupportdistribution.fr\/wp-content\/uploads\/2025\/10\/logo-life-support-distribution.svg\",\"contentUrl\":\"https:\/\/lifesupportdistribution.fr\/wp-content\/uploads\/2025\/10\/logo-life-support-distribution.svg\",\"width\":698,\"height\":223,\"caption\":\"Life Support Distribution\"},\"image\":{\"@id\":\"https:\/\/lifesupportdistribution.fr\/de\/#\/schema\/logo\/image\/\"},\"sameAs\":[\"https:\/\/www.linkedin.com\/company\/life-support-distribution\/\"]}]}<\/script>\n<!-- \/ Yoast SEO plugin. -->","yoast_head_json":{"title":"SW30 Simoulage \u2013 Realistische chirurgische Wunde","description":"SW30 Simoulage: realistische chirurgische Wunde f\u00fcr die Ausbildung in postoperativer Versorgung, Wundbeurteilung und klinischen Handgriffen.","robots":{"index":"index","follow":"follow","max-snippet":"max-snippet:-1","max-image-preview":"max-image-preview:large","max-video-preview":"max-video-preview:-1"},"canonical":"https:\/\/lifesupportdistribution.fr\/de\/produkt\/chirurgische-wunde-sw30\/","og_locale":"de_DE","og_type":"article","og_title":"SW30 Simoulage \u2013 Realistische chirurgische Wunde","og_description":"SW30 Simoulage: realistische chirurgische Wunde f\u00fcr die Ausbildung in postoperativer Versorgung, Wundbeurteilung und klinischen Handgriffen.","og_url":"https:\/\/lifesupportdistribution.fr\/de\/produkt\/chirurgische-wunde-sw30\/","og_site_name":"Life Support Distribution","og_image":[{"width":654,"height":312,"url":"https:\/\/lifesupportdistribution.fr\/wp-content\/uploads\/2025\/11\/Photo-SW30-1.png","type":"image\/png"}],"twitter_card":"summary_large_image","schema":{"@context":"https:\/\/schema.org","@graph":[{"@type":"WebPage","@id":"https:\/\/lifesupportdistribution.fr\/de\/produkt\/chirurgische-wunde-sw30\/","url":"https:\/\/lifesupportdistribution.fr\/de\/produkt\/chirurgische-wunde-sw30\/","name":"SW30 Simoulage \u2013 Realistische chirurgische Wunde","isPartOf":{"@id":"https:\/\/lifesupportdistribution.fr\/de\/#website"},"primaryImageOfPage":{"@id":"https:\/\/lifesupportdistribution.fr\/de\/produkt\/chirurgische-wunde-sw30\/#primaryimage"},"image":{"@id":"https:\/\/lifesupportdistribution.fr\/de\/produkt\/chirurgische-wunde-sw30\/#primaryimage"},"thumbnailUrl":"https:\/\/lifesupportdistribution.fr\/wp-content\/uploads\/2025\/11\/Photo-SW30-1.png","datePublished":"2025-11-26T21:24:48+00:00","description":"SW30 Simoulage: realistische chirurgische Wunde f\u00fcr die Ausbildung in postoperativer Versorgung, Wundbeurteilung und klinischen Handgriffen.","breadcrumb":{"@id":"https:\/\/lifesupportdistribution.fr\/de\/produkt\/chirurgische-wunde-sw30\/#breadcrumb"},"inLanguage":"de","potentialAction":[{"@type":"ReadAction","target":["https:\/\/lifesupportdistribution.fr\/de\/produkt\/chirurgische-wunde-sw30\/"]}]},{"@type":"ImageObject","inLanguage":"de","@id":"https:\/\/lifesupportdistribution.fr\/de\/produkt\/chirurgische-wunde-sw30\/#primaryimage","url":"https:\/\/lifesupportdistribution.fr\/wp-content\/uploads\/2025\/11\/Photo-SW30-1.png","contentUrl":"https:\/\/lifesupportdistribution.fr\/wp-content\/uploads\/2025\/11\/Photo-SW30-1.png","width":654,"height":312},{"@type":"BreadcrumbList","@id":"https:\/\/lifesupportdistribution.fr\/de\/produkt\/chirurgische-wunde-sw30\/#breadcrumb","itemListElement":[{"@type":"ListItem","position":1,"name":"Accueil","item":"https:\/\/lifesupportdistribution.fr\/de\/startseite\/"},{"@type":"ListItem","position":2,"name":"Shop","item":"https:\/\/lifesupportdistribution.fr\/de\/shop\/"},{"@type":"ListItem","position":3,"name":"Chirurgische Wunde &#8211; SW30"}]},{"@type":"WebSite","@id":"https:\/\/lifesupportdistribution.fr\/de\/#website","url":"https:\/\/lifesupportdistribution.fr\/de\/","name":"Life Support Distribution","description":"Solutions en simulation m\u00e9dicale","publisher":{"@id":"https:\/\/lifesupportdistribution.fr\/de\/#organization"},"potentialAction":[{"@type":"SearchAction","target":{"@type":"EntryPoint","urlTemplate":"https:\/\/lifesupportdistribution.fr\/de\/?s={search_term_string}"},"query-input":{"@type":"PropertyValueSpecification","valueRequired":true,"valueName":"search_term_string"}}],"inLanguage":"de"},{"@type":"Organization","@id":"https:\/\/lifesupportdistribution.fr\/de\/#organization","name":"Life Support Distribution","url":"https:\/\/lifesupportdistribution.fr\/de\/","logo":{"@type":"ImageObject","inLanguage":"de","@id":"https:\/\/lifesupportdistribution.fr\/de\/#\/schema\/logo\/image\/","url":"https:\/\/lifesupportdistribution.fr\/wp-content\/uploads\/2025\/10\/logo-life-support-distribution.svg","contentUrl":"https:\/\/lifesupportdistribution.fr\/wp-content\/uploads\/2025\/10\/logo-life-support-distribution.svg","width":698,"height":223,"caption":"Life Support Distribution"},"image":{"@id":"https:\/\/lifesupportdistribution.fr\/de\/#\/schema\/logo\/image\/"},"sameAs":["https:\/\/www.linkedin.com\/company\/life-support-distribution\/"]}]}},"_links":{"self":[{"href":"https:\/\/lifesupportdistribution.fr\/de\/wp-json\/wp\/v2\/product\/5579","targetHints":{"allow":["GET"]}}],"collection":[{"href":"https:\/\/lifesupportdistribution.fr\/de\/wp-json\/wp\/v2\/product"}],"about":[{"href":"https:\/\/lifesupportdistribution.fr\/de\/wp-json\/wp\/v2\/types\/product"}],"wp:featuredmedia":[{"embeddable":true,"href":"https:\/\/lifesupportdistribution.fr\/de\/wp-json\/wp\/v2\/media\/2150"}],"wp:attachment":[{"href":"https:\/\/lifesupportdistribution.fr\/de\/wp-json\/wp\/v2\/media?parent=5579"}],"wp:term":[{"taxonomy":"product_brand","embeddable":true,"href":"https:\/\/lifesupportdistribution.fr\/de\/wp-json\/wp\/v2\/product_brand?post=5579"},{"taxonomy":"product_cat","embeddable":true,"href":"https:\/\/lifesupportdistribution.fr\/de\/wp-json\/wp\/v2\/product_cat?post=5579"},{"taxonomy":"product_tag","embeddable":true,"href":"https:\/\/lifesupportdistribution.fr\/de\/wp-json\/wp\/v2\/product_tag?post=5579"}],"curies":[{"name":"wp","href":"https:\/\/api.w.org\/{rel}","templated":true}]}}