{"id":5585,"date":"2025-11-26T22:39:33","date_gmt":"2025-11-26T21:39:33","guid":{"rendered":"https:\/\/lifesupportdistribution.fr\/produits\/herzschrittmacher-sw41\/"},"modified":"2025-11-26T22:39:33","modified_gmt":"2025-11-26T21:39:33","slug":"herzschrittmacher-sw41","status":"publish","type":"product","link":"https:\/\/lifesupportdistribution.fr\/de\/produkt\/herzschrittmacher-sw41\/","title":{"rendered":"Herzschrittmacher &#8211; SW41"},"content":{"rendered":"<p>Das Modell SW41 ist ideal, um Studenten und medizinisches Fachpersonal f\u00fcr die Pflege und \u00dcberwachung von Patienten mit Herzschrittmacher zu sensibilisieren. Auf einem Modell oder einem standardisierten Patienten platziert, erm\u00f6glicht es die Simulation einer Hautinspektion und einer realistischen Palpation, was das Erlernen von Pflegema\u00dfnahmen und die Identifizierung von Entz\u00fcndungs- oder Komplikationszeichen f\u00f6rdert. Dieses Lehrmittel ist besonders n\u00fctzlich f\u00fcr die Ausbildung in Kardiologie, Krankenpflege und Notfallmedizin, da es eine immersive und konkrete Erfahrung bietet.  <\/p>\n","protected":false},"excerpt":{"rendered":"<p>Der Simoulage SW41 ist ein hyperrealistisches Silikonteil, das einen unter der Haut implantierten Herzschrittmacher darstellt. Entwickelt f\u00fcr die medizinische Simulation, erm\u00f6glicht er Lernenden, sich mit der visuellen und palpatorischen Erkennung eines implantierbaren Herzger\u00e4ts vertraut zu machen und die Versorgung von Patienten mit Herzschrittmacher zu \u00fcben. <\/p>\n","protected":false},"featured_media":2153,"template":"","meta":[],"product_brand":[208],"product_cat":[217],"product_tag":[237,239,252,251,236],"class_list":{"0":"post-5585","1":"product","2":"type-product","3":"status-publish","4":"has-post-thumbnail","6":"product_brand-simoulage","7":"product_cat-schminken-und-spezialeffekte","8":"product_tag-anasthesie","9":"product_tag-herz-lungen","10":"product_tag-intensivmedizin","11":"product_tag-krankenpflege","12":"product_tag-notfallmedizin","14":"first","15":"instock","16":"shipping-taxable","17":"purchasable","18":"product-type-simple"},"yoast_head":"<!-- This site is optimized with the Yoast SEO plugin v26.8 - https:\/\/yoast.com\/product\/yoast-seo-wordpress\/ -->\n<title>SW41 Simoulage \u2013 Realistischer Simulations-Herzschrittmacher<\/title>\n<meta name=\"description\" content=\"SW41 Simoulage: realistischer Simulations-Herzschrittmacher zum Training der Beurteilung, Hautpflege und Versorgung von Patienten mit Implantaten.\" \/>\n<meta name=\"robots\" content=\"index, follow, max-snippet:-1, max-image-preview:large, max-video-preview:-1\" \/>\n<link rel=\"canonical\" href=\"https:\/\/lifesupportdistribution.fr\/de\/produkt\/herzschrittmacher-sw41\/\" \/>\n<meta property=\"og:locale\" content=\"de_DE\" \/>\n<meta property=\"og:type\" content=\"article\" \/>\n<meta property=\"og:title\" content=\"SW41 Simoulage \u2013 Realistischer Simulations-Herzschrittmacher\" \/>\n<meta property=\"og:description\" content=\"SW41 Simoulage: realistischer Simulations-Herzschrittmacher zum Training der Beurteilung, Hautpflege und Versorgung von Patienten mit Implantaten.\" \/>\n<meta property=\"og:url\" content=\"https:\/\/lifesupportdistribution.fr\/de\/produkt\/herzschrittmacher-sw41\/\" \/>\n<meta property=\"og:site_name\" content=\"Life Support Distribution\" \/>\n<meta property=\"og:image\" content=\"https:\/\/lifesupportdistribution.fr\/wp-content\/uploads\/2025\/11\/Photo-SW41-1.png\" \/>\n\t<meta property=\"og:image:width\" content=\"596\" \/>\n\t<meta property=\"og:image:height\" content=\"598\" \/>\n\t<meta property=\"og:image:type\" content=\"image\/png\" \/>\n<meta name=\"twitter:card\" content=\"summary_large_image\" \/>\n<script type=\"application\/ld+json\" class=\"yoast-schema-graph\">{\"@context\":\"https:\/\/schema.org\",\"@graph\":[{\"@type\":\"WebPage\",\"@id\":\"https:\/\/lifesupportdistribution.fr\/de\/produkt\/herzschrittmacher-sw41\/\",\"url\":\"https:\/\/lifesupportdistribution.fr\/de\/produkt\/herzschrittmacher-sw41\/\",\"name\":\"SW41 Simoulage \u2013 Realistischer Simulations-Herzschrittmacher\",\"isPartOf\":{\"@id\":\"https:\/\/lifesupportdistribution.fr\/de\/#website\"},\"primaryImageOfPage\":{\"@id\":\"https:\/\/lifesupportdistribution.fr\/de\/produkt\/herzschrittmacher-sw41\/#primaryimage\"},\"image\":{\"@id\":\"https:\/\/lifesupportdistribution.fr\/de\/produkt\/herzschrittmacher-sw41\/#primaryimage\"},\"thumbnailUrl\":\"https:\/\/lifesupportdistribution.fr\/wp-content\/uploads\/2025\/11\/Photo-SW41-1.png\",\"datePublished\":\"2025-11-26T21:39:33+00:00\",\"description\":\"SW41 Simoulage: realistischer Simulations-Herzschrittmacher zum Training der Beurteilung, Hautpflege und Versorgung von Patienten mit Implantaten.\",\"breadcrumb\":{\"@id\":\"https:\/\/lifesupportdistribution.fr\/de\/produkt\/herzschrittmacher-sw41\/#breadcrumb\"},\"inLanguage\":\"de\",\"potentialAction\":[{\"@type\":\"ReadAction\",\"target\":[\"https:\/\/lifesupportdistribution.fr\/de\/produkt\/herzschrittmacher-sw41\/\"]}]},{\"@type\":\"ImageObject\",\"inLanguage\":\"de\",\"@id\":\"https:\/\/lifesupportdistribution.fr\/de\/produkt\/herzschrittmacher-sw41\/#primaryimage\",\"url\":\"https:\/\/lifesupportdistribution.fr\/wp-content\/uploads\/2025\/11\/Photo-SW41-1.png\",\"contentUrl\":\"https:\/\/lifesupportdistribution.fr\/wp-content\/uploads\/2025\/11\/Photo-SW41-1.png\",\"width\":596,\"height\":598},{\"@type\":\"BreadcrumbList\",\"@id\":\"https:\/\/lifesupportdistribution.fr\/de\/produkt\/herzschrittmacher-sw41\/#breadcrumb\",\"itemListElement\":[{\"@type\":\"ListItem\",\"position\":1,\"name\":\"Accueil\",\"item\":\"https:\/\/lifesupportdistribution.fr\/de\/startseite\/\"},{\"@type\":\"ListItem\",\"position\":2,\"name\":\"Shop\",\"item\":\"https:\/\/lifesupportdistribution.fr\/de\/shop\/\"},{\"@type\":\"ListItem\",\"position\":3,\"name\":\"Herzschrittmacher &#8211; SW41\"}]},{\"@type\":\"WebSite\",\"@id\":\"https:\/\/lifesupportdistribution.fr\/de\/#website\",\"url\":\"https:\/\/lifesupportdistribution.fr\/de\/\",\"name\":\"Life Support Distribution\",\"description\":\"Solutions en simulation m\u00e9dicale\",\"publisher\":{\"@id\":\"https:\/\/lifesupportdistribution.fr\/de\/#organization\"},\"potentialAction\":[{\"@type\":\"SearchAction\",\"target\":{\"@type\":\"EntryPoint\",\"urlTemplate\":\"https:\/\/lifesupportdistribution.fr\/de\/?s={search_term_string}\"},\"query-input\":{\"@type\":\"PropertyValueSpecification\",\"valueRequired\":true,\"valueName\":\"search_term_string\"}}],\"inLanguage\":\"de\"},{\"@type\":\"Organization\",\"@id\":\"https:\/\/lifesupportdistribution.fr\/de\/#organization\",\"name\":\"Life Support Distribution\",\"url\":\"https:\/\/lifesupportdistribution.fr\/de\/\",\"logo\":{\"@type\":\"ImageObject\",\"inLanguage\":\"de\",\"@id\":\"https:\/\/lifesupportdistribution.fr\/de\/#\/schema\/logo\/image\/\",\"url\":\"https:\/\/lifesupportdistribution.fr\/wp-content\/uploads\/2025\/10\/logo-life-support-distribution.svg\",\"contentUrl\":\"https:\/\/lifesupportdistribution.fr\/wp-content\/uploads\/2025\/10\/logo-life-support-distribution.svg\",\"width\":698,\"height\":223,\"caption\":\"Life Support Distribution\"},\"image\":{\"@id\":\"https:\/\/lifesupportdistribution.fr\/de\/#\/schema\/logo\/image\/\"},\"sameAs\":[\"https:\/\/www.linkedin.com\/company\/life-support-distribution\/\"]}]}<\/script>\n<!-- \/ Yoast SEO plugin. -->","yoast_head_json":{"title":"SW41 Simoulage \u2013 Realistischer Simulations-Herzschrittmacher","description":"SW41 Simoulage: realistischer Simulations-Herzschrittmacher zum Training der Beurteilung, Hautpflege und Versorgung von Patienten mit Implantaten.","robots":{"index":"index","follow":"follow","max-snippet":"max-snippet:-1","max-image-preview":"max-image-preview:large","max-video-preview":"max-video-preview:-1"},"canonical":"https:\/\/lifesupportdistribution.fr\/de\/produkt\/herzschrittmacher-sw41\/","og_locale":"de_DE","og_type":"article","og_title":"SW41 Simoulage \u2013 Realistischer Simulations-Herzschrittmacher","og_description":"SW41 Simoulage: realistischer Simulations-Herzschrittmacher zum Training der Beurteilung, Hautpflege und Versorgung von Patienten mit Implantaten.","og_url":"https:\/\/lifesupportdistribution.fr\/de\/produkt\/herzschrittmacher-sw41\/","og_site_name":"Life Support Distribution","og_image":[{"width":596,"height":598,"url":"https:\/\/lifesupportdistribution.fr\/wp-content\/uploads\/2025\/11\/Photo-SW41-1.png","type":"image\/png"}],"twitter_card":"summary_large_image","schema":{"@context":"https:\/\/schema.org","@graph":[{"@type":"WebPage","@id":"https:\/\/lifesupportdistribution.fr\/de\/produkt\/herzschrittmacher-sw41\/","url":"https:\/\/lifesupportdistribution.fr\/de\/produkt\/herzschrittmacher-sw41\/","name":"SW41 Simoulage \u2013 Realistischer Simulations-Herzschrittmacher","isPartOf":{"@id":"https:\/\/lifesupportdistribution.fr\/de\/#website"},"primaryImageOfPage":{"@id":"https:\/\/lifesupportdistribution.fr\/de\/produkt\/herzschrittmacher-sw41\/#primaryimage"},"image":{"@id":"https:\/\/lifesupportdistribution.fr\/de\/produkt\/herzschrittmacher-sw41\/#primaryimage"},"thumbnailUrl":"https:\/\/lifesupportdistribution.fr\/wp-content\/uploads\/2025\/11\/Photo-SW41-1.png","datePublished":"2025-11-26T21:39:33+00:00","description":"SW41 Simoulage: realistischer Simulations-Herzschrittmacher zum Training der Beurteilung, Hautpflege und Versorgung von Patienten mit Implantaten.","breadcrumb":{"@id":"https:\/\/lifesupportdistribution.fr\/de\/produkt\/herzschrittmacher-sw41\/#breadcrumb"},"inLanguage":"de","potentialAction":[{"@type":"ReadAction","target":["https:\/\/lifesupportdistribution.fr\/de\/produkt\/herzschrittmacher-sw41\/"]}]},{"@type":"ImageObject","inLanguage":"de","@id":"https:\/\/lifesupportdistribution.fr\/de\/produkt\/herzschrittmacher-sw41\/#primaryimage","url":"https:\/\/lifesupportdistribution.fr\/wp-content\/uploads\/2025\/11\/Photo-SW41-1.png","contentUrl":"https:\/\/lifesupportdistribution.fr\/wp-content\/uploads\/2025\/11\/Photo-SW41-1.png","width":596,"height":598},{"@type":"BreadcrumbList","@id":"https:\/\/lifesupportdistribution.fr\/de\/produkt\/herzschrittmacher-sw41\/#breadcrumb","itemListElement":[{"@type":"ListItem","position":1,"name":"Accueil","item":"https:\/\/lifesupportdistribution.fr\/de\/startseite\/"},{"@type":"ListItem","position":2,"name":"Shop","item":"https:\/\/lifesupportdistribution.fr\/de\/shop\/"},{"@type":"ListItem","position":3,"name":"Herzschrittmacher &#8211; SW41"}]},{"@type":"WebSite","@id":"https:\/\/lifesupportdistribution.fr\/de\/#website","url":"https:\/\/lifesupportdistribution.fr\/de\/","name":"Life Support Distribution","description":"Solutions en simulation m\u00e9dicale","publisher":{"@id":"https:\/\/lifesupportdistribution.fr\/de\/#organization"},"potentialAction":[{"@type":"SearchAction","target":{"@type":"EntryPoint","urlTemplate":"https:\/\/lifesupportdistribution.fr\/de\/?s={search_term_string}"},"query-input":{"@type":"PropertyValueSpecification","valueRequired":true,"valueName":"search_term_string"}}],"inLanguage":"de"},{"@type":"Organization","@id":"https:\/\/lifesupportdistribution.fr\/de\/#organization","name":"Life Support Distribution","url":"https:\/\/lifesupportdistribution.fr\/de\/","logo":{"@type":"ImageObject","inLanguage":"de","@id":"https:\/\/lifesupportdistribution.fr\/de\/#\/schema\/logo\/image\/","url":"https:\/\/lifesupportdistribution.fr\/wp-content\/uploads\/2025\/10\/logo-life-support-distribution.svg","contentUrl":"https:\/\/lifesupportdistribution.fr\/wp-content\/uploads\/2025\/10\/logo-life-support-distribution.svg","width":698,"height":223,"caption":"Life Support Distribution"},"image":{"@id":"https:\/\/lifesupportdistribution.fr\/de\/#\/schema\/logo\/image\/"},"sameAs":["https:\/\/www.linkedin.com\/company\/life-support-distribution\/"]}]}},"_links":{"self":[{"href":"https:\/\/lifesupportdistribution.fr\/de\/wp-json\/wp\/v2\/product\/5585","targetHints":{"allow":["GET"]}}],"collection":[{"href":"https:\/\/lifesupportdistribution.fr\/de\/wp-json\/wp\/v2\/product"}],"about":[{"href":"https:\/\/lifesupportdistribution.fr\/de\/wp-json\/wp\/v2\/types\/product"}],"wp:featuredmedia":[{"embeddable":true,"href":"https:\/\/lifesupportdistribution.fr\/de\/wp-json\/wp\/v2\/media\/2153"}],"wp:attachment":[{"href":"https:\/\/lifesupportdistribution.fr\/de\/wp-json\/wp\/v2\/media?parent=5585"}],"wp:term":[{"taxonomy":"product_brand","embeddable":true,"href":"https:\/\/lifesupportdistribution.fr\/de\/wp-json\/wp\/v2\/product_brand?post=5585"},{"taxonomy":"product_cat","embeddable":true,"href":"https:\/\/lifesupportdistribution.fr\/de\/wp-json\/wp\/v2\/product_cat?post=5585"},{"taxonomy":"product_tag","embeddable":true,"href":"https:\/\/lifesupportdistribution.fr\/de\/wp-json\/wp\/v2\/product_tag?post=5585"}],"curies":[{"name":"wp","href":"https:\/\/api.w.org\/{rel}","templated":true}]}}