{"id":5586,"date":"2025-11-26T23:39:47","date_gmt":"2025-11-26T22:39:47","guid":{"rendered":"https:\/\/lifesupportdistribution.fr\/produits\/traumatische-wunde-sw7\/"},"modified":"2025-11-26T23:39:47","modified_gmt":"2025-11-26T22:39:47","slug":"traumatische-wunde-sw7","status":"publish","type":"product","link":"https:\/\/lifesupportdistribution.fr\/de\/produkt\/traumatische-wunde-sw7\/","title":{"rendered":"Traumatische Wunde &#8211; SW7"},"content":{"rendered":"<p>Das SW7-Modell ist f\u00fcr Szenarien schwerer Traumata konzipiert, wie Verletzungen durch Unf\u00e4lle, Explosionen oder Stichwaffen. Seine betr\u00e4chtliche Gr\u00f6\u00dfe erm\u00f6glicht die Simulation erheblicher Gewebeverluste und konfrontiert die Lernenden mit kritischen Situationen, die eine schnelle Reaktion erfordern. Bei der Verwendung an Puppen oder standardisierten Patienten f\u00f6rdert es das Training von Ma\u00dfnahmen zur Blutstillung, Druckverb\u00e4nden und Notfallevakuierung. Kompatibel mit dem SW-BL1 Blutleitungssystem, kann es eine aktive Blutung reproduzieren, wodurch die Immersion und der Realismus der p\u00e4dagogischen \u00dcbungen verst\u00e4rkt werden.   <\/p>\n","protected":false},"excerpt":{"rendered":"<p>Die SW7 Simulation ist eine aus Silikon geformte Wunde, die eine gro\u00dfe Gewebewunde von etwa 12 cm darstellt. Entwickelt f\u00fcr die medizinische Simulation, erm\u00f6glicht sie das Training der Versorgung schwerer Traumata, insbesondere des Managements von Blutungen und offenen Wunden. <\/p>\n","protected":false},"featured_media":2173,"template":"","meta":[],"product_brand":[208],"product_cat":[217],"product_tag":[238,251,236,255],"class_list":{"0":"post-5586","1":"product","2":"type-product","3":"status-publish","4":"has-post-thumbnail","6":"product_brand-simoulage","7":"product_cat-schminken-und-spezialeffekte","8":"product_tag-erste-hilfe","9":"product_tag-krankenpflege","10":"product_tag-notfallmedizin","11":"product_tag-traumatologie","13":"first","14":"instock","15":"shipping-taxable","16":"purchasable","17":"product-type-simple"},"yoast_head":"<!-- This site is optimized with the Yoast SEO plugin v26.8 - https:\/\/yoast.com\/product\/yoast-seo-wordpress\/ -->\n<title>SW7 Simulation \u2013 Realistische traumatische Wunde<\/title>\n<meta name=\"description\" content=\"SW7 Simulation: Realistische traumatische Wunde zur Schulung in der Beurteilung von Verletzungen, Erster Hilfe und Notfallversorgung.\" \/>\n<meta name=\"robots\" content=\"index, follow, max-snippet:-1, max-image-preview:large, max-video-preview:-1\" \/>\n<link rel=\"canonical\" href=\"https:\/\/lifesupportdistribution.fr\/de\/produkt\/traumatische-wunde-sw7\/\" \/>\n<meta property=\"og:locale\" content=\"de_DE\" \/>\n<meta property=\"og:type\" content=\"article\" \/>\n<meta property=\"og:title\" content=\"SW7 Simulation \u2013 Realistische traumatische Wunde\" \/>\n<meta property=\"og:description\" content=\"SW7 Simulation: Realistische traumatische Wunde zur Schulung in der Beurteilung von Verletzungen, Erster Hilfe und Notfallversorgung.\" \/>\n<meta property=\"og:url\" content=\"https:\/\/lifesupportdistribution.fr\/de\/produkt\/traumatische-wunde-sw7\/\" \/>\n<meta property=\"og:site_name\" content=\"Life Support Distribution\" \/>\n<meta property=\"og:image\" content=\"https:\/\/lifesupportdistribution.fr\/wp-content\/uploads\/2025\/11\/Photo-SW7-1.png\" \/>\n\t<meta property=\"og:image:width\" content=\"590\" \/>\n\t<meta property=\"og:image:height\" content=\"382\" \/>\n\t<meta property=\"og:image:type\" content=\"image\/png\" \/>\n<meta name=\"twitter:card\" content=\"summary_large_image\" \/>\n<script type=\"application\/ld+json\" class=\"yoast-schema-graph\">{\"@context\":\"https:\/\/schema.org\",\"@graph\":[{\"@type\":\"WebPage\",\"@id\":\"https:\/\/lifesupportdistribution.fr\/de\/produkt\/traumatische-wunde-sw7\/\",\"url\":\"https:\/\/lifesupportdistribution.fr\/de\/produkt\/traumatische-wunde-sw7\/\",\"name\":\"SW7 Simulation \u2013 Realistische traumatische Wunde\",\"isPartOf\":{\"@id\":\"https:\/\/lifesupportdistribution.fr\/de\/#website\"},\"primaryImageOfPage\":{\"@id\":\"https:\/\/lifesupportdistribution.fr\/de\/produkt\/traumatische-wunde-sw7\/#primaryimage\"},\"image\":{\"@id\":\"https:\/\/lifesupportdistribution.fr\/de\/produkt\/traumatische-wunde-sw7\/#primaryimage\"},\"thumbnailUrl\":\"https:\/\/lifesupportdistribution.fr\/wp-content\/uploads\/2025\/11\/Photo-SW7-1.png\",\"datePublished\":\"2025-11-26T22:39:47+00:00\",\"description\":\"SW7 Simulation: Realistische traumatische Wunde zur Schulung in der Beurteilung von Verletzungen, Erster Hilfe und Notfallversorgung.\",\"breadcrumb\":{\"@id\":\"https:\/\/lifesupportdistribution.fr\/de\/produkt\/traumatische-wunde-sw7\/#breadcrumb\"},\"inLanguage\":\"de\",\"potentialAction\":[{\"@type\":\"ReadAction\",\"target\":[\"https:\/\/lifesupportdistribution.fr\/de\/produkt\/traumatische-wunde-sw7\/\"]}]},{\"@type\":\"ImageObject\",\"inLanguage\":\"de\",\"@id\":\"https:\/\/lifesupportdistribution.fr\/de\/produkt\/traumatische-wunde-sw7\/#primaryimage\",\"url\":\"https:\/\/lifesupportdistribution.fr\/wp-content\/uploads\/2025\/11\/Photo-SW7-1.png\",\"contentUrl\":\"https:\/\/lifesupportdistribution.fr\/wp-content\/uploads\/2025\/11\/Photo-SW7-1.png\",\"width\":590,\"height\":382},{\"@type\":\"BreadcrumbList\",\"@id\":\"https:\/\/lifesupportdistribution.fr\/de\/produkt\/traumatische-wunde-sw7\/#breadcrumb\",\"itemListElement\":[{\"@type\":\"ListItem\",\"position\":1,\"name\":\"Accueil\",\"item\":\"https:\/\/lifesupportdistribution.fr\/de\/startseite\/\"},{\"@type\":\"ListItem\",\"position\":2,\"name\":\"Shop\",\"item\":\"https:\/\/lifesupportdistribution.fr\/de\/shop\/\"},{\"@type\":\"ListItem\",\"position\":3,\"name\":\"Traumatische Wunde &#8211; SW7\"}]},{\"@type\":\"WebSite\",\"@id\":\"https:\/\/lifesupportdistribution.fr\/de\/#website\",\"url\":\"https:\/\/lifesupportdistribution.fr\/de\/\",\"name\":\"Life Support Distribution\",\"description\":\"Solutions en simulation m\u00e9dicale\",\"publisher\":{\"@id\":\"https:\/\/lifesupportdistribution.fr\/de\/#organization\"},\"potentialAction\":[{\"@type\":\"SearchAction\",\"target\":{\"@type\":\"EntryPoint\",\"urlTemplate\":\"https:\/\/lifesupportdistribution.fr\/de\/?s={search_term_string}\"},\"query-input\":{\"@type\":\"PropertyValueSpecification\",\"valueRequired\":true,\"valueName\":\"search_term_string\"}}],\"inLanguage\":\"de\"},{\"@type\":\"Organization\",\"@id\":\"https:\/\/lifesupportdistribution.fr\/de\/#organization\",\"name\":\"Life Support Distribution\",\"url\":\"https:\/\/lifesupportdistribution.fr\/de\/\",\"logo\":{\"@type\":\"ImageObject\",\"inLanguage\":\"de\",\"@id\":\"https:\/\/lifesupportdistribution.fr\/de\/#\/schema\/logo\/image\/\",\"url\":\"https:\/\/lifesupportdistribution.fr\/wp-content\/uploads\/2025\/10\/logo-life-support-distribution.svg\",\"contentUrl\":\"https:\/\/lifesupportdistribution.fr\/wp-content\/uploads\/2025\/10\/logo-life-support-distribution.svg\",\"width\":698,\"height\":223,\"caption\":\"Life Support Distribution\"},\"image\":{\"@id\":\"https:\/\/lifesupportdistribution.fr\/de\/#\/schema\/logo\/image\/\"},\"sameAs\":[\"https:\/\/www.linkedin.com\/company\/life-support-distribution\/\"]}]}<\/script>\n<!-- \/ Yoast SEO plugin. -->","yoast_head_json":{"title":"SW7 Simulation \u2013 Realistische traumatische Wunde","description":"SW7 Simulation: Realistische traumatische Wunde zur Schulung in der Beurteilung von Verletzungen, Erster Hilfe und Notfallversorgung.","robots":{"index":"index","follow":"follow","max-snippet":"max-snippet:-1","max-image-preview":"max-image-preview:large","max-video-preview":"max-video-preview:-1"},"canonical":"https:\/\/lifesupportdistribution.fr\/de\/produkt\/traumatische-wunde-sw7\/","og_locale":"de_DE","og_type":"article","og_title":"SW7 Simulation \u2013 Realistische traumatische Wunde","og_description":"SW7 Simulation: Realistische traumatische Wunde zur Schulung in der Beurteilung von Verletzungen, Erster Hilfe und Notfallversorgung.","og_url":"https:\/\/lifesupportdistribution.fr\/de\/produkt\/traumatische-wunde-sw7\/","og_site_name":"Life Support Distribution","og_image":[{"width":590,"height":382,"url":"https:\/\/lifesupportdistribution.fr\/wp-content\/uploads\/2025\/11\/Photo-SW7-1.png","type":"image\/png"}],"twitter_card":"summary_large_image","schema":{"@context":"https:\/\/schema.org","@graph":[{"@type":"WebPage","@id":"https:\/\/lifesupportdistribution.fr\/de\/produkt\/traumatische-wunde-sw7\/","url":"https:\/\/lifesupportdistribution.fr\/de\/produkt\/traumatische-wunde-sw7\/","name":"SW7 Simulation \u2013 Realistische traumatische Wunde","isPartOf":{"@id":"https:\/\/lifesupportdistribution.fr\/de\/#website"},"primaryImageOfPage":{"@id":"https:\/\/lifesupportdistribution.fr\/de\/produkt\/traumatische-wunde-sw7\/#primaryimage"},"image":{"@id":"https:\/\/lifesupportdistribution.fr\/de\/produkt\/traumatische-wunde-sw7\/#primaryimage"},"thumbnailUrl":"https:\/\/lifesupportdistribution.fr\/wp-content\/uploads\/2025\/11\/Photo-SW7-1.png","datePublished":"2025-11-26T22:39:47+00:00","description":"SW7 Simulation: Realistische traumatische Wunde zur Schulung in der Beurteilung von Verletzungen, Erster Hilfe und Notfallversorgung.","breadcrumb":{"@id":"https:\/\/lifesupportdistribution.fr\/de\/produkt\/traumatische-wunde-sw7\/#breadcrumb"},"inLanguage":"de","potentialAction":[{"@type":"ReadAction","target":["https:\/\/lifesupportdistribution.fr\/de\/produkt\/traumatische-wunde-sw7\/"]}]},{"@type":"ImageObject","inLanguage":"de","@id":"https:\/\/lifesupportdistribution.fr\/de\/produkt\/traumatische-wunde-sw7\/#primaryimage","url":"https:\/\/lifesupportdistribution.fr\/wp-content\/uploads\/2025\/11\/Photo-SW7-1.png","contentUrl":"https:\/\/lifesupportdistribution.fr\/wp-content\/uploads\/2025\/11\/Photo-SW7-1.png","width":590,"height":382},{"@type":"BreadcrumbList","@id":"https:\/\/lifesupportdistribution.fr\/de\/produkt\/traumatische-wunde-sw7\/#breadcrumb","itemListElement":[{"@type":"ListItem","position":1,"name":"Accueil","item":"https:\/\/lifesupportdistribution.fr\/de\/startseite\/"},{"@type":"ListItem","position":2,"name":"Shop","item":"https:\/\/lifesupportdistribution.fr\/de\/shop\/"},{"@type":"ListItem","position":3,"name":"Traumatische Wunde &#8211; SW7"}]},{"@type":"WebSite","@id":"https:\/\/lifesupportdistribution.fr\/de\/#website","url":"https:\/\/lifesupportdistribution.fr\/de\/","name":"Life Support Distribution","description":"Solutions en simulation m\u00e9dicale","publisher":{"@id":"https:\/\/lifesupportdistribution.fr\/de\/#organization"},"potentialAction":[{"@type":"SearchAction","target":{"@type":"EntryPoint","urlTemplate":"https:\/\/lifesupportdistribution.fr\/de\/?s={search_term_string}"},"query-input":{"@type":"PropertyValueSpecification","valueRequired":true,"valueName":"search_term_string"}}],"inLanguage":"de"},{"@type":"Organization","@id":"https:\/\/lifesupportdistribution.fr\/de\/#organization","name":"Life Support Distribution","url":"https:\/\/lifesupportdistribution.fr\/de\/","logo":{"@type":"ImageObject","inLanguage":"de","@id":"https:\/\/lifesupportdistribution.fr\/de\/#\/schema\/logo\/image\/","url":"https:\/\/lifesupportdistribution.fr\/wp-content\/uploads\/2025\/10\/logo-life-support-distribution.svg","contentUrl":"https:\/\/lifesupportdistribution.fr\/wp-content\/uploads\/2025\/10\/logo-life-support-distribution.svg","width":698,"height":223,"caption":"Life Support Distribution"},"image":{"@id":"https:\/\/lifesupportdistribution.fr\/de\/#\/schema\/logo\/image\/"},"sameAs":["https:\/\/www.linkedin.com\/company\/life-support-distribution\/"]}]}},"_links":{"self":[{"href":"https:\/\/lifesupportdistribution.fr\/de\/wp-json\/wp\/v2\/product\/5586","targetHints":{"allow":["GET"]}}],"collection":[{"href":"https:\/\/lifesupportdistribution.fr\/de\/wp-json\/wp\/v2\/product"}],"about":[{"href":"https:\/\/lifesupportdistribution.fr\/de\/wp-json\/wp\/v2\/types\/product"}],"wp:featuredmedia":[{"embeddable":true,"href":"https:\/\/lifesupportdistribution.fr\/de\/wp-json\/wp\/v2\/media\/2173"}],"wp:attachment":[{"href":"https:\/\/lifesupportdistribution.fr\/de\/wp-json\/wp\/v2\/media?parent=5586"}],"wp:term":[{"taxonomy":"product_brand","embeddable":true,"href":"https:\/\/lifesupportdistribution.fr\/de\/wp-json\/wp\/v2\/product_brand?post=5586"},{"taxonomy":"product_cat","embeddable":true,"href":"https:\/\/lifesupportdistribution.fr\/de\/wp-json\/wp\/v2\/product_cat?post=5586"},{"taxonomy":"product_tag","embeddable":true,"href":"https:\/\/lifesupportdistribution.fr\/de\/wp-json\/wp\/v2\/product_tag?post=5586"}],"curies":[{"name":"wp","href":"https:\/\/api.w.org\/{rel}","templated":true}]}}