{"id":5591,"date":"2025-11-26T22:51:05","date_gmt":"2025-11-26T21:51:05","guid":{"rendered":"https:\/\/lifesupportdistribution.fr\/produits\/schusswunde-sw18\/"},"modified":"2025-11-26T22:51:05","modified_gmt":"2025-11-26T21:51:05","slug":"schusswunde-sw18","status":"publish","type":"product","link":"https:\/\/lifesupportdistribution.fr\/de\/produkt\/schusswunde-sw18\/","title":{"rendered":"Schusswunde &#8211; SW18"},"content":{"rendered":"<p>Das Modell SW18 eignet sich besonders f\u00fcr Schulungen in schwerer Traumatologie sowie in der Milit\u00e4r- oder pr\u00e4klinischen Medizin. Es reproduziert den Effekt mehrerer penetrierender Wunden, die durch Splitter verursacht wurden, was den Lernenden erm\u00f6glicht, die Schwere der Situation zu beurteilen, Blutungsstellen zu identifizieren und schnell Protokolle zur Blutstillung anzuwenden. Kompatibel mit dem SW-BL1-Blutleitungssystem, kann es eine aktive Blutung simulieren, was den Realismus und die Dringlichkeit der Schulungssituation verst\u00e4rkt. Auf Puppen oder standardisierten Patienten angewendet, ist es ein immersives Werkzeug, um medizinische Teams auf die Bew\u00e4ltigung kritischer F\u00e4lle vorzubereiten.   <\/p>\n","protected":false},"excerpt":{"rendered":"<p>Das Simoulage SW18 ist eine geformte Silikonwunde, die Metallsplitterverletzungen darstellt, typisch f\u00fcr Traumata, die durch Explosionen oder Sekund\u00e4rprojektile verursacht werden. Entwickelt f\u00fcr die medizinische Simulation, erm\u00f6glicht es, die Versorgung von multiplen penetrierenden Verletzungen zu \u00fcben und die Lernenden in Notfallma\u00dfnahmen bei einem polytraumatisierten Patienten zu schulen. <\/p>\n","protected":false},"featured_media":2157,"template":"","meta":[],"product_brand":[208],"product_cat":[217],"product_tag":[238,251,236,255],"class_list":{"0":"post-5591","1":"product","2":"type-product","3":"status-publish","4":"has-post-thumbnail","6":"product_brand-simoulage","7":"product_cat-schminken-und-spezialeffekte","8":"product_tag-erste-hilfe","9":"product_tag-krankenpflege","10":"product_tag-notfallmedizin","11":"product_tag-traumatologie","13":"first","14":"instock","15":"shipping-taxable","16":"purchasable","17":"product-type-simple"},"yoast_head":"<!-- This site is optimized with the Yoast SEO plugin v26.8 - https:\/\/yoast.com\/product\/yoast-seo-wordpress\/ -->\n<title>SW18 Simoulage \u2013 Realistische Schusswunde<\/title>\n<meta name=\"description\" content=\"SW18 Simoulage: Hyperrealistische Schusswunde f\u00fcr das Training von penetrierenden Traumata, in der Notfallversorgung und der klinischen Beurteilung.\" \/>\n<meta name=\"robots\" content=\"index, follow, max-snippet:-1, max-image-preview:large, max-video-preview:-1\" \/>\n<link rel=\"canonical\" href=\"https:\/\/lifesupportdistribution.fr\/de\/produkt\/schusswunde-sw18\/\" \/>\n<meta property=\"og:locale\" content=\"de_DE\" \/>\n<meta property=\"og:type\" content=\"article\" \/>\n<meta property=\"og:title\" content=\"SW18 Simoulage \u2013 Realistische Schusswunde\" \/>\n<meta property=\"og:description\" content=\"SW18 Simoulage: Hyperrealistische Schusswunde f\u00fcr das Training von penetrierenden Traumata, in der Notfallversorgung und der klinischen Beurteilung.\" \/>\n<meta property=\"og:url\" content=\"https:\/\/lifesupportdistribution.fr\/de\/produkt\/schusswunde-sw18\/\" \/>\n<meta property=\"og:site_name\" content=\"Life Support Distribution\" \/>\n<meta property=\"og:image\" content=\"https:\/\/lifesupportdistribution.fr\/wp-content\/uploads\/2025\/11\/Photo-SW18-1.png\" \/>\n\t<meta property=\"og:image:width\" content=\"586\" \/>\n\t<meta property=\"og:image:height\" content=\"376\" \/>\n\t<meta property=\"og:image:type\" content=\"image\/png\" \/>\n<meta name=\"twitter:card\" content=\"summary_large_image\" \/>\n<script type=\"application\/ld+json\" class=\"yoast-schema-graph\">{\"@context\":\"https:\/\/schema.org\",\"@graph\":[{\"@type\":\"WebPage\",\"@id\":\"https:\/\/lifesupportdistribution.fr\/de\/produkt\/schusswunde-sw18\/\",\"url\":\"https:\/\/lifesupportdistribution.fr\/de\/produkt\/schusswunde-sw18\/\",\"name\":\"SW18 Simoulage \u2013 Realistische Schusswunde\",\"isPartOf\":{\"@id\":\"https:\/\/lifesupportdistribution.fr\/de\/#website\"},\"primaryImageOfPage\":{\"@id\":\"https:\/\/lifesupportdistribution.fr\/de\/produkt\/schusswunde-sw18\/#primaryimage\"},\"image\":{\"@id\":\"https:\/\/lifesupportdistribution.fr\/de\/produkt\/schusswunde-sw18\/#primaryimage\"},\"thumbnailUrl\":\"https:\/\/lifesupportdistribution.fr\/wp-content\/uploads\/2025\/11\/Photo-SW18-1.png\",\"datePublished\":\"2025-11-26T21:51:05+00:00\",\"description\":\"SW18 Simoulage: Hyperrealistische Schusswunde f\u00fcr das Training von penetrierenden Traumata, in der Notfallversorgung und der klinischen Beurteilung.\",\"breadcrumb\":{\"@id\":\"https:\/\/lifesupportdistribution.fr\/de\/produkt\/schusswunde-sw18\/#breadcrumb\"},\"inLanguage\":\"de\",\"potentialAction\":[{\"@type\":\"ReadAction\",\"target\":[\"https:\/\/lifesupportdistribution.fr\/de\/produkt\/schusswunde-sw18\/\"]}]},{\"@type\":\"ImageObject\",\"inLanguage\":\"de\",\"@id\":\"https:\/\/lifesupportdistribution.fr\/de\/produkt\/schusswunde-sw18\/#primaryimage\",\"url\":\"https:\/\/lifesupportdistribution.fr\/wp-content\/uploads\/2025\/11\/Photo-SW18-1.png\",\"contentUrl\":\"https:\/\/lifesupportdistribution.fr\/wp-content\/uploads\/2025\/11\/Photo-SW18-1.png\",\"width\":586,\"height\":376},{\"@type\":\"BreadcrumbList\",\"@id\":\"https:\/\/lifesupportdistribution.fr\/de\/produkt\/schusswunde-sw18\/#breadcrumb\",\"itemListElement\":[{\"@type\":\"ListItem\",\"position\":1,\"name\":\"Accueil\",\"item\":\"https:\/\/lifesupportdistribution.fr\/de\/startseite\/\"},{\"@type\":\"ListItem\",\"position\":2,\"name\":\"Shop\",\"item\":\"https:\/\/lifesupportdistribution.fr\/de\/shop\/\"},{\"@type\":\"ListItem\",\"position\":3,\"name\":\"Schusswunde &#8211; SW18\"}]},{\"@type\":\"WebSite\",\"@id\":\"https:\/\/lifesupportdistribution.fr\/de\/#website\",\"url\":\"https:\/\/lifesupportdistribution.fr\/de\/\",\"name\":\"Life Support Distribution\",\"description\":\"Solutions en simulation m\u00e9dicale\",\"publisher\":{\"@id\":\"https:\/\/lifesupportdistribution.fr\/de\/#organization\"},\"potentialAction\":[{\"@type\":\"SearchAction\",\"target\":{\"@type\":\"EntryPoint\",\"urlTemplate\":\"https:\/\/lifesupportdistribution.fr\/de\/?s={search_term_string}\"},\"query-input\":{\"@type\":\"PropertyValueSpecification\",\"valueRequired\":true,\"valueName\":\"search_term_string\"}}],\"inLanguage\":\"de\"},{\"@type\":\"Organization\",\"@id\":\"https:\/\/lifesupportdistribution.fr\/de\/#organization\",\"name\":\"Life Support Distribution\",\"url\":\"https:\/\/lifesupportdistribution.fr\/de\/\",\"logo\":{\"@type\":\"ImageObject\",\"inLanguage\":\"de\",\"@id\":\"https:\/\/lifesupportdistribution.fr\/de\/#\/schema\/logo\/image\/\",\"url\":\"https:\/\/lifesupportdistribution.fr\/wp-content\/uploads\/2025\/10\/logo-life-support-distribution.svg\",\"contentUrl\":\"https:\/\/lifesupportdistribution.fr\/wp-content\/uploads\/2025\/10\/logo-life-support-distribution.svg\",\"width\":698,\"height\":223,\"caption\":\"Life Support Distribution\"},\"image\":{\"@id\":\"https:\/\/lifesupportdistribution.fr\/de\/#\/schema\/logo\/image\/\"},\"sameAs\":[\"https:\/\/www.linkedin.com\/company\/life-support-distribution\/\"]}]}<\/script>\n<!-- \/ Yoast SEO plugin. -->","yoast_head_json":{"title":"SW18 Simoulage \u2013 Realistische Schusswunde","description":"SW18 Simoulage: Hyperrealistische Schusswunde f\u00fcr das Training von penetrierenden Traumata, in der Notfallversorgung und der klinischen Beurteilung.","robots":{"index":"index","follow":"follow","max-snippet":"max-snippet:-1","max-image-preview":"max-image-preview:large","max-video-preview":"max-video-preview:-1"},"canonical":"https:\/\/lifesupportdistribution.fr\/de\/produkt\/schusswunde-sw18\/","og_locale":"de_DE","og_type":"article","og_title":"SW18 Simoulage \u2013 Realistische Schusswunde","og_description":"SW18 Simoulage: Hyperrealistische Schusswunde f\u00fcr das Training von penetrierenden Traumata, in der Notfallversorgung und der klinischen Beurteilung.","og_url":"https:\/\/lifesupportdistribution.fr\/de\/produkt\/schusswunde-sw18\/","og_site_name":"Life Support Distribution","og_image":[{"width":586,"height":376,"url":"https:\/\/lifesupportdistribution.fr\/wp-content\/uploads\/2025\/11\/Photo-SW18-1.png","type":"image\/png"}],"twitter_card":"summary_large_image","schema":{"@context":"https:\/\/schema.org","@graph":[{"@type":"WebPage","@id":"https:\/\/lifesupportdistribution.fr\/de\/produkt\/schusswunde-sw18\/","url":"https:\/\/lifesupportdistribution.fr\/de\/produkt\/schusswunde-sw18\/","name":"SW18 Simoulage \u2013 Realistische Schusswunde","isPartOf":{"@id":"https:\/\/lifesupportdistribution.fr\/de\/#website"},"primaryImageOfPage":{"@id":"https:\/\/lifesupportdistribution.fr\/de\/produkt\/schusswunde-sw18\/#primaryimage"},"image":{"@id":"https:\/\/lifesupportdistribution.fr\/de\/produkt\/schusswunde-sw18\/#primaryimage"},"thumbnailUrl":"https:\/\/lifesupportdistribution.fr\/wp-content\/uploads\/2025\/11\/Photo-SW18-1.png","datePublished":"2025-11-26T21:51:05+00:00","description":"SW18 Simoulage: Hyperrealistische Schusswunde f\u00fcr das Training von penetrierenden Traumata, in der Notfallversorgung und der klinischen Beurteilung.","breadcrumb":{"@id":"https:\/\/lifesupportdistribution.fr\/de\/produkt\/schusswunde-sw18\/#breadcrumb"},"inLanguage":"de","potentialAction":[{"@type":"ReadAction","target":["https:\/\/lifesupportdistribution.fr\/de\/produkt\/schusswunde-sw18\/"]}]},{"@type":"ImageObject","inLanguage":"de","@id":"https:\/\/lifesupportdistribution.fr\/de\/produkt\/schusswunde-sw18\/#primaryimage","url":"https:\/\/lifesupportdistribution.fr\/wp-content\/uploads\/2025\/11\/Photo-SW18-1.png","contentUrl":"https:\/\/lifesupportdistribution.fr\/wp-content\/uploads\/2025\/11\/Photo-SW18-1.png","width":586,"height":376},{"@type":"BreadcrumbList","@id":"https:\/\/lifesupportdistribution.fr\/de\/produkt\/schusswunde-sw18\/#breadcrumb","itemListElement":[{"@type":"ListItem","position":1,"name":"Accueil","item":"https:\/\/lifesupportdistribution.fr\/de\/startseite\/"},{"@type":"ListItem","position":2,"name":"Shop","item":"https:\/\/lifesupportdistribution.fr\/de\/shop\/"},{"@type":"ListItem","position":3,"name":"Schusswunde &#8211; SW18"}]},{"@type":"WebSite","@id":"https:\/\/lifesupportdistribution.fr\/de\/#website","url":"https:\/\/lifesupportdistribution.fr\/de\/","name":"Life Support Distribution","description":"Solutions en simulation m\u00e9dicale","publisher":{"@id":"https:\/\/lifesupportdistribution.fr\/de\/#organization"},"potentialAction":[{"@type":"SearchAction","target":{"@type":"EntryPoint","urlTemplate":"https:\/\/lifesupportdistribution.fr\/de\/?s={search_term_string}"},"query-input":{"@type":"PropertyValueSpecification","valueRequired":true,"valueName":"search_term_string"}}],"inLanguage":"de"},{"@type":"Organization","@id":"https:\/\/lifesupportdistribution.fr\/de\/#organization","name":"Life Support Distribution","url":"https:\/\/lifesupportdistribution.fr\/de\/","logo":{"@type":"ImageObject","inLanguage":"de","@id":"https:\/\/lifesupportdistribution.fr\/de\/#\/schema\/logo\/image\/","url":"https:\/\/lifesupportdistribution.fr\/wp-content\/uploads\/2025\/10\/logo-life-support-distribution.svg","contentUrl":"https:\/\/lifesupportdistribution.fr\/wp-content\/uploads\/2025\/10\/logo-life-support-distribution.svg","width":698,"height":223,"caption":"Life Support Distribution"},"image":{"@id":"https:\/\/lifesupportdistribution.fr\/de\/#\/schema\/logo\/image\/"},"sameAs":["https:\/\/www.linkedin.com\/company\/life-support-distribution\/"]}]}},"_links":{"self":[{"href":"https:\/\/lifesupportdistribution.fr\/de\/wp-json\/wp\/v2\/product\/5591","targetHints":{"allow":["GET"]}}],"collection":[{"href":"https:\/\/lifesupportdistribution.fr\/de\/wp-json\/wp\/v2\/product"}],"about":[{"href":"https:\/\/lifesupportdistribution.fr\/de\/wp-json\/wp\/v2\/types\/product"}],"wp:featuredmedia":[{"embeddable":true,"href":"https:\/\/lifesupportdistribution.fr\/de\/wp-json\/wp\/v2\/media\/2157"}],"wp:attachment":[{"href":"https:\/\/lifesupportdistribution.fr\/de\/wp-json\/wp\/v2\/media?parent=5591"}],"wp:term":[{"taxonomy":"product_brand","embeddable":true,"href":"https:\/\/lifesupportdistribution.fr\/de\/wp-json\/wp\/v2\/product_brand?post=5591"},{"taxonomy":"product_cat","embeddable":true,"href":"https:\/\/lifesupportdistribution.fr\/de\/wp-json\/wp\/v2\/product_cat?post=5591"},{"taxonomy":"product_tag","embeddable":true,"href":"https:\/\/lifesupportdistribution.fr\/de\/wp-json\/wp\/v2\/product_tag?post=5591"}],"curies":[{"name":"wp","href":"https:\/\/api.w.org\/{rel}","templated":true}]}}