{"id":5598,"date":"2025-11-27T00:09:22","date_gmt":"2025-11-26T23:09:22","guid":{"rendered":"https:\/\/lifesupportdistribution.fr\/produits\/traumatische-verletzung-sw9\/"},"modified":"2025-11-27T00:09:22","modified_gmt":"2025-11-26T23:09:22","slug":"traumatische-verletzung-sw9","status":"publish","type":"product","link":"https:\/\/lifesupportdistribution.fr\/de\/produkt\/traumatische-verletzung-sw9\/","title":{"rendered":"Traumatische Verletzung &#8211; SW9"},"content":{"rendered":"<p>Das SW9-Modell wurde entwickelt, um das charakteristische Aussehen eines Tierbisses mit offener und unregelm\u00e4\u00dfiger Wunde nachzubilden. Es ist ein ideales Lehrmittel, um Studenten und medizinisches Fachpersonal f\u00fcr Erste-Hilfe-Ma\u00dfnahmen, die Reinigung und Desinfektion einer Wunde, die Beurteilung des Infektionsrisikos und die Implementierung geeigneter Protokolle wie Antibiotikaprophylaxe oder Tollwutimpfung zu sensibilisieren. Auf Puppen oder standardisierten Patienten angewendet, f\u00f6rdert es das Lernen unter realistischen Bedingungen und l\u00e4sst sich leicht in Notfallmedizin- oder Prim\u00e4rversorgungsszenarien integrieren.  <\/p>\n","protected":false},"excerpt":{"rendered":"<p>Der Simoulage SW9 ist eine aus Silikon geformte Wunde, die einen Tierbiss darstellt. Realistisch und immersiv, erm\u00f6glicht er es den Lernenden, die Versorgung von bissbedingten Traumata zu trainieren, sei es bei Sofortma\u00dfnahmen, Infektionspr\u00e4vention oder Impfprotokollen. <\/p>\n","protected":false},"featured_media":2181,"template":"","meta":[],"product_brand":[208],"product_cat":[217],"product_tag":[238,251,236,255],"class_list":{"0":"post-5598","1":"product","2":"type-product","3":"status-publish","4":"has-post-thumbnail","6":"product_brand-simoulage","7":"product_cat-schminken-und-spezialeffekte","8":"product_tag-erste-hilfe","9":"product_tag-krankenpflege","10":"product_tag-notfallmedizin","11":"product_tag-traumatologie","13":"first","14":"instock","15":"shipping-taxable","16":"purchasable","17":"product-type-simple"},"yoast_head":"<!-- This site is optimized with the Yoast SEO plugin v26.8 - https:\/\/yoast.com\/product\/yoast-seo-wordpress\/ -->\n<title>SW9 Simoulage \u2013 Realistische traumatische Verletzung<\/title>\n<meta name=\"description\" content=\"SW9 Simoulage: realistische traumatische Verletzung zum Training der L\u00e4sionsbeurteilung, Notfallversorgung und des Traumamanagements.\" \/>\n<meta name=\"robots\" content=\"index, follow, max-snippet:-1, max-image-preview:large, max-video-preview:-1\" \/>\n<link rel=\"canonical\" href=\"https:\/\/lifesupportdistribution.fr\/de\/produkt\/traumatische-verletzung-sw9\/\" \/>\n<meta property=\"og:locale\" content=\"de_DE\" \/>\n<meta property=\"og:type\" content=\"article\" \/>\n<meta property=\"og:title\" content=\"SW9 Simoulage \u2013 Realistische traumatische Verletzung\" \/>\n<meta property=\"og:description\" content=\"SW9 Simoulage: realistische traumatische Verletzung zum Training der L\u00e4sionsbeurteilung, Notfallversorgung und des Traumamanagements.\" \/>\n<meta property=\"og:url\" content=\"https:\/\/lifesupportdistribution.fr\/de\/produkt\/traumatische-verletzung-sw9\/\" \/>\n<meta property=\"og:site_name\" content=\"Life Support Distribution\" \/>\n<meta property=\"og:image\" content=\"https:\/\/lifesupportdistribution.fr\/wp-content\/uploads\/2025\/11\/Photo-SW9-1.png\" \/>\n\t<meta property=\"og:image:width\" content=\"592\" \/>\n\t<meta property=\"og:image:height\" content=\"392\" \/>\n\t<meta property=\"og:image:type\" content=\"image\/png\" \/>\n<meta name=\"twitter:card\" content=\"summary_large_image\" \/>\n<script type=\"application\/ld+json\" class=\"yoast-schema-graph\">{\"@context\":\"https:\/\/schema.org\",\"@graph\":[{\"@type\":\"WebPage\",\"@id\":\"https:\/\/lifesupportdistribution.fr\/de\/produkt\/traumatische-verletzung-sw9\/\",\"url\":\"https:\/\/lifesupportdistribution.fr\/de\/produkt\/traumatische-verletzung-sw9\/\",\"name\":\"SW9 Simoulage \u2013 Realistische traumatische Verletzung\",\"isPartOf\":{\"@id\":\"https:\/\/lifesupportdistribution.fr\/de\/#website\"},\"primaryImageOfPage\":{\"@id\":\"https:\/\/lifesupportdistribution.fr\/de\/produkt\/traumatische-verletzung-sw9\/#primaryimage\"},\"image\":{\"@id\":\"https:\/\/lifesupportdistribution.fr\/de\/produkt\/traumatische-verletzung-sw9\/#primaryimage\"},\"thumbnailUrl\":\"https:\/\/lifesupportdistribution.fr\/wp-content\/uploads\/2025\/11\/Photo-SW9-1.png\",\"datePublished\":\"2025-11-26T23:09:22+00:00\",\"description\":\"SW9 Simoulage: realistische traumatische Verletzung zum Training der L\u00e4sionsbeurteilung, Notfallversorgung und des Traumamanagements.\",\"breadcrumb\":{\"@id\":\"https:\/\/lifesupportdistribution.fr\/de\/produkt\/traumatische-verletzung-sw9\/#breadcrumb\"},\"inLanguage\":\"de\",\"potentialAction\":[{\"@type\":\"ReadAction\",\"target\":[\"https:\/\/lifesupportdistribution.fr\/de\/produkt\/traumatische-verletzung-sw9\/\"]}]},{\"@type\":\"ImageObject\",\"inLanguage\":\"de\",\"@id\":\"https:\/\/lifesupportdistribution.fr\/de\/produkt\/traumatische-verletzung-sw9\/#primaryimage\",\"url\":\"https:\/\/lifesupportdistribution.fr\/wp-content\/uploads\/2025\/11\/Photo-SW9-1.png\",\"contentUrl\":\"https:\/\/lifesupportdistribution.fr\/wp-content\/uploads\/2025\/11\/Photo-SW9-1.png\",\"width\":592,\"height\":392},{\"@type\":\"BreadcrumbList\",\"@id\":\"https:\/\/lifesupportdistribution.fr\/de\/produkt\/traumatische-verletzung-sw9\/#breadcrumb\",\"itemListElement\":[{\"@type\":\"ListItem\",\"position\":1,\"name\":\"Accueil\",\"item\":\"https:\/\/lifesupportdistribution.fr\/de\/startseite\/\"},{\"@type\":\"ListItem\",\"position\":2,\"name\":\"Shop\",\"item\":\"https:\/\/lifesupportdistribution.fr\/de\/shop\/\"},{\"@type\":\"ListItem\",\"position\":3,\"name\":\"Traumatische Verletzung &#8211; SW9\"}]},{\"@type\":\"WebSite\",\"@id\":\"https:\/\/lifesupportdistribution.fr\/de\/#website\",\"url\":\"https:\/\/lifesupportdistribution.fr\/de\/\",\"name\":\"Life Support Distribution\",\"description\":\"Solutions en simulation m\u00e9dicale\",\"publisher\":{\"@id\":\"https:\/\/lifesupportdistribution.fr\/de\/#organization\"},\"potentialAction\":[{\"@type\":\"SearchAction\",\"target\":{\"@type\":\"EntryPoint\",\"urlTemplate\":\"https:\/\/lifesupportdistribution.fr\/de\/?s={search_term_string}\"},\"query-input\":{\"@type\":\"PropertyValueSpecification\",\"valueRequired\":true,\"valueName\":\"search_term_string\"}}],\"inLanguage\":\"de\"},{\"@type\":\"Organization\",\"@id\":\"https:\/\/lifesupportdistribution.fr\/de\/#organization\",\"name\":\"Life Support Distribution\",\"url\":\"https:\/\/lifesupportdistribution.fr\/de\/\",\"logo\":{\"@type\":\"ImageObject\",\"inLanguage\":\"de\",\"@id\":\"https:\/\/lifesupportdistribution.fr\/de\/#\/schema\/logo\/image\/\",\"url\":\"https:\/\/lifesupportdistribution.fr\/wp-content\/uploads\/2025\/10\/logo-life-support-distribution.svg\",\"contentUrl\":\"https:\/\/lifesupportdistribution.fr\/wp-content\/uploads\/2025\/10\/logo-life-support-distribution.svg\",\"width\":698,\"height\":223,\"caption\":\"Life Support Distribution\"},\"image\":{\"@id\":\"https:\/\/lifesupportdistribution.fr\/de\/#\/schema\/logo\/image\/\"},\"sameAs\":[\"https:\/\/www.linkedin.com\/company\/life-support-distribution\/\"]}]}<\/script>\n<!-- \/ Yoast SEO plugin. -->","yoast_head_json":{"title":"SW9 Simoulage \u2013 Realistische traumatische Verletzung","description":"SW9 Simoulage: realistische traumatische Verletzung zum Training der L\u00e4sionsbeurteilung, Notfallversorgung und des Traumamanagements.","robots":{"index":"index","follow":"follow","max-snippet":"max-snippet:-1","max-image-preview":"max-image-preview:large","max-video-preview":"max-video-preview:-1"},"canonical":"https:\/\/lifesupportdistribution.fr\/de\/produkt\/traumatische-verletzung-sw9\/","og_locale":"de_DE","og_type":"article","og_title":"SW9 Simoulage \u2013 Realistische traumatische Verletzung","og_description":"SW9 Simoulage: realistische traumatische Verletzung zum Training der L\u00e4sionsbeurteilung, Notfallversorgung und des Traumamanagements.","og_url":"https:\/\/lifesupportdistribution.fr\/de\/produkt\/traumatische-verletzung-sw9\/","og_site_name":"Life Support Distribution","og_image":[{"width":592,"height":392,"url":"https:\/\/lifesupportdistribution.fr\/wp-content\/uploads\/2025\/11\/Photo-SW9-1.png","type":"image\/png"}],"twitter_card":"summary_large_image","schema":{"@context":"https:\/\/schema.org","@graph":[{"@type":"WebPage","@id":"https:\/\/lifesupportdistribution.fr\/de\/produkt\/traumatische-verletzung-sw9\/","url":"https:\/\/lifesupportdistribution.fr\/de\/produkt\/traumatische-verletzung-sw9\/","name":"SW9 Simoulage \u2013 Realistische traumatische Verletzung","isPartOf":{"@id":"https:\/\/lifesupportdistribution.fr\/de\/#website"},"primaryImageOfPage":{"@id":"https:\/\/lifesupportdistribution.fr\/de\/produkt\/traumatische-verletzung-sw9\/#primaryimage"},"image":{"@id":"https:\/\/lifesupportdistribution.fr\/de\/produkt\/traumatische-verletzung-sw9\/#primaryimage"},"thumbnailUrl":"https:\/\/lifesupportdistribution.fr\/wp-content\/uploads\/2025\/11\/Photo-SW9-1.png","datePublished":"2025-11-26T23:09:22+00:00","description":"SW9 Simoulage: realistische traumatische Verletzung zum Training der L\u00e4sionsbeurteilung, Notfallversorgung und des Traumamanagements.","breadcrumb":{"@id":"https:\/\/lifesupportdistribution.fr\/de\/produkt\/traumatische-verletzung-sw9\/#breadcrumb"},"inLanguage":"de","potentialAction":[{"@type":"ReadAction","target":["https:\/\/lifesupportdistribution.fr\/de\/produkt\/traumatische-verletzung-sw9\/"]}]},{"@type":"ImageObject","inLanguage":"de","@id":"https:\/\/lifesupportdistribution.fr\/de\/produkt\/traumatische-verletzung-sw9\/#primaryimage","url":"https:\/\/lifesupportdistribution.fr\/wp-content\/uploads\/2025\/11\/Photo-SW9-1.png","contentUrl":"https:\/\/lifesupportdistribution.fr\/wp-content\/uploads\/2025\/11\/Photo-SW9-1.png","width":592,"height":392},{"@type":"BreadcrumbList","@id":"https:\/\/lifesupportdistribution.fr\/de\/produkt\/traumatische-verletzung-sw9\/#breadcrumb","itemListElement":[{"@type":"ListItem","position":1,"name":"Accueil","item":"https:\/\/lifesupportdistribution.fr\/de\/startseite\/"},{"@type":"ListItem","position":2,"name":"Shop","item":"https:\/\/lifesupportdistribution.fr\/de\/shop\/"},{"@type":"ListItem","position":3,"name":"Traumatische Verletzung &#8211; SW9"}]},{"@type":"WebSite","@id":"https:\/\/lifesupportdistribution.fr\/de\/#website","url":"https:\/\/lifesupportdistribution.fr\/de\/","name":"Life Support Distribution","description":"Solutions en simulation m\u00e9dicale","publisher":{"@id":"https:\/\/lifesupportdistribution.fr\/de\/#organization"},"potentialAction":[{"@type":"SearchAction","target":{"@type":"EntryPoint","urlTemplate":"https:\/\/lifesupportdistribution.fr\/de\/?s={search_term_string}"},"query-input":{"@type":"PropertyValueSpecification","valueRequired":true,"valueName":"search_term_string"}}],"inLanguage":"de"},{"@type":"Organization","@id":"https:\/\/lifesupportdistribution.fr\/de\/#organization","name":"Life Support Distribution","url":"https:\/\/lifesupportdistribution.fr\/de\/","logo":{"@type":"ImageObject","inLanguage":"de","@id":"https:\/\/lifesupportdistribution.fr\/de\/#\/schema\/logo\/image\/","url":"https:\/\/lifesupportdistribution.fr\/wp-content\/uploads\/2025\/10\/logo-life-support-distribution.svg","contentUrl":"https:\/\/lifesupportdistribution.fr\/wp-content\/uploads\/2025\/10\/logo-life-support-distribution.svg","width":698,"height":223,"caption":"Life Support Distribution"},"image":{"@id":"https:\/\/lifesupportdistribution.fr\/de\/#\/schema\/logo\/image\/"},"sameAs":["https:\/\/www.linkedin.com\/company\/life-support-distribution\/"]}]}},"_links":{"self":[{"href":"https:\/\/lifesupportdistribution.fr\/de\/wp-json\/wp\/v2\/product\/5598","targetHints":{"allow":["GET"]}}],"collection":[{"href":"https:\/\/lifesupportdistribution.fr\/de\/wp-json\/wp\/v2\/product"}],"about":[{"href":"https:\/\/lifesupportdistribution.fr\/de\/wp-json\/wp\/v2\/types\/product"}],"wp:featuredmedia":[{"embeddable":true,"href":"https:\/\/lifesupportdistribution.fr\/de\/wp-json\/wp\/v2\/media\/2181"}],"wp:attachment":[{"href":"https:\/\/lifesupportdistribution.fr\/de\/wp-json\/wp\/v2\/media?parent=5598"}],"wp:term":[{"taxonomy":"product_brand","embeddable":true,"href":"https:\/\/lifesupportdistribution.fr\/de\/wp-json\/wp\/v2\/product_brand?post=5598"},{"taxonomy":"product_cat","embeddable":true,"href":"https:\/\/lifesupportdistribution.fr\/de\/wp-json\/wp\/v2\/product_cat?post=5598"},{"taxonomy":"product_tag","embeddable":true,"href":"https:\/\/lifesupportdistribution.fr\/de\/wp-json\/wp\/v2\/product_tag?post=5598"}],"curies":[{"name":"wp","href":"https:\/\/api.w.org\/{rel}","templated":true}]}}