{"id":5609,"date":"2025-11-27T15:21:17","date_gmt":"2025-11-27T14:21:17","guid":{"rendered":"https:\/\/lifesupportdistribution.fr\/produits\/oberschenkelhalsbruch-und-hueftgelenkverschleiss\/"},"modified":"2025-11-27T15:21:17","modified_gmt":"2025-11-27T14:21:17","slug":"oberschenkelhalsbruch-und-hueftgelenkverschleiss","status":"publish","type":"product","link":"https:\/\/lifesupportdistribution.fr\/de\/produkt\/oberschenkelhalsbruch-und-hueftgelenkverschleiss\/","title":{"rendered":"Oberschenkelhalsbruch und H\u00fcftgelenkverschlei\u00df"},"content":{"rendered":"<p>Das H\u00fcftmodell mit Oberschenkelhalsbruch und Gelenkverschlei\u00df bietet eine naturgetreue anatomische Darstellung der wichtigsten degenerativen und traumatischen H\u00fcfterkrankungen.<br \/>\nEs hebt die charakteristischen Arthrosel\u00e4sionen (Knorpelverschlei\u00df, Gelenkspaltverengung, Knochendeformationen) hervor sowie den Oberschenkelhalsbruch, eine h\u00e4ufige Pathologie bei \u00e4lteren Menschen.<br \/>\nDank seiner realistischen Darstellung erm\u00f6glicht dieses Modell ein besseres Verst\u00e4ndnis der Mechanismen des Gelenkabbaus, der Folgen eines Bruchs und der Optionen f\u00fcr die chirurgische Behandlung (Prothese, Osteosynthese usw.).<br \/>\nRobust und stabil, ist es ein ideales visuelles Hilfsmittel f\u00fcr die Ausbildung in Anatomie, Orthop\u00e4die, Physiotherapie und Geriatrie.<\/p>\n","protected":false},"excerpt":{"rendered":"<p>Dieses 3B Scientific Modell zeigt ein H\u00fcftgelenk mit sowohl einem Oberschenkelhalsbruch als auch arthrosebedingten Gelenkverschlei\u00dferscheinungen.<br \/>\nEs ist ein effektives Lehrmittel zur Visualisierung der h\u00e4ufigsten pathologischen Ver\u00e4nderungen der H\u00fcfte und des Femurs.<br \/>\nKompakt, robust und auf einem Sockel montiert, ist es ideal f\u00fcr die medizinische Lehre, Physiopathologie oder paramedizinische Ausbildung.<\/p>\n","protected":false},"featured_media":2358,"template":"","meta":[],"product_brand":[187],"product_cat":[221],"product_tag":[241],"class_list":{"0":"post-5609","1":"product","2":"type-product","3":"status-publish","4":"has-post-thumbnail","6":"product_brand-3b-scientific","7":"product_cat-anatomische-tafeln-und-modelle","8":"product_tag-anatomietraining","10":"first","11":"instock","12":"shipping-taxable","13":"purchasable","14":"product-type-simple"},"yoast_head":"<!-- This site is optimized with the Yoast SEO plugin v26.8 - https:\/\/yoast.com\/product\/yoast-seo-wordpress\/ -->\n<title>Oberschenkelhalsbruch &amp; H\u00fcftarthrose \u2013 3B<\/title>\n<meta name=\"description\" content=\"Modell, das einen Oberschenkelhalsbruch und arthrosebedingten Gelenkverschlei\u00df zeigt, ideal f\u00fcr den Unterricht in Anatomie und Physiopathologie. H\u00fcftmodell, das Fraktur und Arthrose illustriert.\" \/>\n<meta name=\"robots\" content=\"index, follow, max-snippet:-1, max-image-preview:large, max-video-preview:-1\" \/>\n<link rel=\"canonical\" href=\"https:\/\/lifesupportdistribution.fr\/de\/produkt\/oberschenkelhalsbruch-und-hueftgelenkverschleiss\/\" \/>\n<meta property=\"og:locale\" content=\"de_DE\" \/>\n<meta property=\"og:type\" content=\"article\" \/>\n<meta property=\"og:title\" content=\"Oberschenkelhalsbruch &amp; H\u00fcftarthrose \u2013 3B\" \/>\n<meta property=\"og:description\" content=\"Modell, das einen Oberschenkelhalsbruch und arthrosebedingten Gelenkverschlei\u00df zeigt, ideal f\u00fcr den Unterricht in Anatomie und Physiopathologie. H\u00fcftmodell, das Fraktur und Arthrose illustriert.\" \/>\n<meta property=\"og:url\" content=\"https:\/\/lifesupportdistribution.fr\/de\/produkt\/oberschenkelhalsbruch-und-hueftgelenkverschleiss\/\" \/>\n<meta property=\"og:site_name\" content=\"Life Support Distribution\" \/>\n<meta property=\"og:image\" content=\"https:\/\/lifesupportdistribution.fr\/wp-content\/uploads\/2025\/11\/A88_01_Fracture-du-femur-et-usure-de-larticulation-de-la-hanche.jpg\" \/>\n\t<meta property=\"og:image:width\" content=\"500\" \/>\n\t<meta property=\"og:image:height\" content=\"500\" \/>\n\t<meta property=\"og:image:type\" content=\"image\/jpeg\" \/>\n<meta name=\"twitter:card\" content=\"summary_large_image\" \/>\n<script type=\"application\/ld+json\" class=\"yoast-schema-graph\">{\"@context\":\"https:\/\/schema.org\",\"@graph\":[{\"@type\":\"WebPage\",\"@id\":\"https:\/\/lifesupportdistribution.fr\/de\/produkt\/oberschenkelhalsbruch-und-hueftgelenkverschleiss\/\",\"url\":\"https:\/\/lifesupportdistribution.fr\/de\/produkt\/oberschenkelhalsbruch-und-hueftgelenkverschleiss\/\",\"name\":\"Oberschenkelhalsbruch & H\u00fcftarthrose \u2013 3B\",\"isPartOf\":{\"@id\":\"https:\/\/lifesupportdistribution.fr\/de\/#website\"},\"primaryImageOfPage\":{\"@id\":\"https:\/\/lifesupportdistribution.fr\/de\/produkt\/oberschenkelhalsbruch-und-hueftgelenkverschleiss\/#primaryimage\"},\"image\":{\"@id\":\"https:\/\/lifesupportdistribution.fr\/de\/produkt\/oberschenkelhalsbruch-und-hueftgelenkverschleiss\/#primaryimage\"},\"thumbnailUrl\":\"https:\/\/lifesupportdistribution.fr\/wp-content\/uploads\/2025\/11\/A88_01_Fracture-du-femur-et-usure-de-larticulation-de-la-hanche.jpg\",\"datePublished\":\"2025-11-27T14:21:17+00:00\",\"description\":\"Modell, das einen Oberschenkelhalsbruch und arthrosebedingten Gelenkverschlei\u00df zeigt, ideal f\u00fcr den Unterricht in Anatomie und Physiopathologie. H\u00fcftmodell, das Fraktur und Arthrose illustriert.\",\"breadcrumb\":{\"@id\":\"https:\/\/lifesupportdistribution.fr\/de\/produkt\/oberschenkelhalsbruch-und-hueftgelenkverschleiss\/#breadcrumb\"},\"inLanguage\":\"de\",\"potentialAction\":[{\"@type\":\"ReadAction\",\"target\":[\"https:\/\/lifesupportdistribution.fr\/de\/produkt\/oberschenkelhalsbruch-und-hueftgelenkverschleiss\/\"]}]},{\"@type\":\"ImageObject\",\"inLanguage\":\"de\",\"@id\":\"https:\/\/lifesupportdistribution.fr\/de\/produkt\/oberschenkelhalsbruch-und-hueftgelenkverschleiss\/#primaryimage\",\"url\":\"https:\/\/lifesupportdistribution.fr\/wp-content\/uploads\/2025\/11\/A88_01_Fracture-du-femur-et-usure-de-larticulation-de-la-hanche.jpg\",\"contentUrl\":\"https:\/\/lifesupportdistribution.fr\/wp-content\/uploads\/2025\/11\/A88_01_Fracture-du-femur-et-usure-de-larticulation-de-la-hanche.jpg\",\"width\":500,\"height\":500},{\"@type\":\"BreadcrumbList\",\"@id\":\"https:\/\/lifesupportdistribution.fr\/de\/produkt\/oberschenkelhalsbruch-und-hueftgelenkverschleiss\/#breadcrumb\",\"itemListElement\":[{\"@type\":\"ListItem\",\"position\":1,\"name\":\"Accueil\",\"item\":\"https:\/\/lifesupportdistribution.fr\/de\/startseite\/\"},{\"@type\":\"ListItem\",\"position\":2,\"name\":\"Shop\",\"item\":\"https:\/\/lifesupportdistribution.fr\/de\/shop\/\"},{\"@type\":\"ListItem\",\"position\":3,\"name\":\"Oberschenkelhalsbruch und H\u00fcftgelenkverschlei\u00df\"}]},{\"@type\":\"WebSite\",\"@id\":\"https:\/\/lifesupportdistribution.fr\/de\/#website\",\"url\":\"https:\/\/lifesupportdistribution.fr\/de\/\",\"name\":\"Life Support Distribution\",\"description\":\"Solutions en simulation m\u00e9dicale\",\"publisher\":{\"@id\":\"https:\/\/lifesupportdistribution.fr\/de\/#organization\"},\"potentialAction\":[{\"@type\":\"SearchAction\",\"target\":{\"@type\":\"EntryPoint\",\"urlTemplate\":\"https:\/\/lifesupportdistribution.fr\/de\/?s={search_term_string}\"},\"query-input\":{\"@type\":\"PropertyValueSpecification\",\"valueRequired\":true,\"valueName\":\"search_term_string\"}}],\"inLanguage\":\"de\"},{\"@type\":\"Organization\",\"@id\":\"https:\/\/lifesupportdistribution.fr\/de\/#organization\",\"name\":\"Life Support Distribution\",\"url\":\"https:\/\/lifesupportdistribution.fr\/de\/\",\"logo\":{\"@type\":\"ImageObject\",\"inLanguage\":\"de\",\"@id\":\"https:\/\/lifesupportdistribution.fr\/de\/#\/schema\/logo\/image\/\",\"url\":\"https:\/\/lifesupportdistribution.fr\/wp-content\/uploads\/2025\/10\/logo-life-support-distribution.svg\",\"contentUrl\":\"https:\/\/lifesupportdistribution.fr\/wp-content\/uploads\/2025\/10\/logo-life-support-distribution.svg\",\"width\":698,\"height\":223,\"caption\":\"Life Support Distribution\"},\"image\":{\"@id\":\"https:\/\/lifesupportdistribution.fr\/de\/#\/schema\/logo\/image\/\"},\"sameAs\":[\"https:\/\/www.linkedin.com\/company\/life-support-distribution\/\"]}]}<\/script>\n<!-- \/ Yoast SEO plugin. -->","yoast_head_json":{"title":"Oberschenkelhalsbruch & H\u00fcftarthrose \u2013 3B","description":"Modell, das einen Oberschenkelhalsbruch und arthrosebedingten Gelenkverschlei\u00df zeigt, ideal f\u00fcr den Unterricht in Anatomie und Physiopathologie. H\u00fcftmodell, das Fraktur und Arthrose illustriert.","robots":{"index":"index","follow":"follow","max-snippet":"max-snippet:-1","max-image-preview":"max-image-preview:large","max-video-preview":"max-video-preview:-1"},"canonical":"https:\/\/lifesupportdistribution.fr\/de\/produkt\/oberschenkelhalsbruch-und-hueftgelenkverschleiss\/","og_locale":"de_DE","og_type":"article","og_title":"Oberschenkelhalsbruch & H\u00fcftarthrose \u2013 3B","og_description":"Modell, das einen Oberschenkelhalsbruch und arthrosebedingten Gelenkverschlei\u00df zeigt, ideal f\u00fcr den Unterricht in Anatomie und Physiopathologie. H\u00fcftmodell, das Fraktur und Arthrose illustriert.","og_url":"https:\/\/lifesupportdistribution.fr\/de\/produkt\/oberschenkelhalsbruch-und-hueftgelenkverschleiss\/","og_site_name":"Life Support Distribution","og_image":[{"width":500,"height":500,"url":"https:\/\/lifesupportdistribution.fr\/wp-content\/uploads\/2025\/11\/A88_01_Fracture-du-femur-et-usure-de-larticulation-de-la-hanche.jpg","type":"image\/jpeg"}],"twitter_card":"summary_large_image","schema":{"@context":"https:\/\/schema.org","@graph":[{"@type":"WebPage","@id":"https:\/\/lifesupportdistribution.fr\/de\/produkt\/oberschenkelhalsbruch-und-hueftgelenkverschleiss\/","url":"https:\/\/lifesupportdistribution.fr\/de\/produkt\/oberschenkelhalsbruch-und-hueftgelenkverschleiss\/","name":"Oberschenkelhalsbruch & H\u00fcftarthrose \u2013 3B","isPartOf":{"@id":"https:\/\/lifesupportdistribution.fr\/de\/#website"},"primaryImageOfPage":{"@id":"https:\/\/lifesupportdistribution.fr\/de\/produkt\/oberschenkelhalsbruch-und-hueftgelenkverschleiss\/#primaryimage"},"image":{"@id":"https:\/\/lifesupportdistribution.fr\/de\/produkt\/oberschenkelhalsbruch-und-hueftgelenkverschleiss\/#primaryimage"},"thumbnailUrl":"https:\/\/lifesupportdistribution.fr\/wp-content\/uploads\/2025\/11\/A88_01_Fracture-du-femur-et-usure-de-larticulation-de-la-hanche.jpg","datePublished":"2025-11-27T14:21:17+00:00","description":"Modell, das einen Oberschenkelhalsbruch und arthrosebedingten Gelenkverschlei\u00df zeigt, ideal f\u00fcr den Unterricht in Anatomie und Physiopathologie. H\u00fcftmodell, das Fraktur und Arthrose illustriert.","breadcrumb":{"@id":"https:\/\/lifesupportdistribution.fr\/de\/produkt\/oberschenkelhalsbruch-und-hueftgelenkverschleiss\/#breadcrumb"},"inLanguage":"de","potentialAction":[{"@type":"ReadAction","target":["https:\/\/lifesupportdistribution.fr\/de\/produkt\/oberschenkelhalsbruch-und-hueftgelenkverschleiss\/"]}]},{"@type":"ImageObject","inLanguage":"de","@id":"https:\/\/lifesupportdistribution.fr\/de\/produkt\/oberschenkelhalsbruch-und-hueftgelenkverschleiss\/#primaryimage","url":"https:\/\/lifesupportdistribution.fr\/wp-content\/uploads\/2025\/11\/A88_01_Fracture-du-femur-et-usure-de-larticulation-de-la-hanche.jpg","contentUrl":"https:\/\/lifesupportdistribution.fr\/wp-content\/uploads\/2025\/11\/A88_01_Fracture-du-femur-et-usure-de-larticulation-de-la-hanche.jpg","width":500,"height":500},{"@type":"BreadcrumbList","@id":"https:\/\/lifesupportdistribution.fr\/de\/produkt\/oberschenkelhalsbruch-und-hueftgelenkverschleiss\/#breadcrumb","itemListElement":[{"@type":"ListItem","position":1,"name":"Accueil","item":"https:\/\/lifesupportdistribution.fr\/de\/startseite\/"},{"@type":"ListItem","position":2,"name":"Shop","item":"https:\/\/lifesupportdistribution.fr\/de\/shop\/"},{"@type":"ListItem","position":3,"name":"Oberschenkelhalsbruch und H\u00fcftgelenkverschlei\u00df"}]},{"@type":"WebSite","@id":"https:\/\/lifesupportdistribution.fr\/de\/#website","url":"https:\/\/lifesupportdistribution.fr\/de\/","name":"Life Support Distribution","description":"Solutions en simulation m\u00e9dicale","publisher":{"@id":"https:\/\/lifesupportdistribution.fr\/de\/#organization"},"potentialAction":[{"@type":"SearchAction","target":{"@type":"EntryPoint","urlTemplate":"https:\/\/lifesupportdistribution.fr\/de\/?s={search_term_string}"},"query-input":{"@type":"PropertyValueSpecification","valueRequired":true,"valueName":"search_term_string"}}],"inLanguage":"de"},{"@type":"Organization","@id":"https:\/\/lifesupportdistribution.fr\/de\/#organization","name":"Life Support Distribution","url":"https:\/\/lifesupportdistribution.fr\/de\/","logo":{"@type":"ImageObject","inLanguage":"de","@id":"https:\/\/lifesupportdistribution.fr\/de\/#\/schema\/logo\/image\/","url":"https:\/\/lifesupportdistribution.fr\/wp-content\/uploads\/2025\/10\/logo-life-support-distribution.svg","contentUrl":"https:\/\/lifesupportdistribution.fr\/wp-content\/uploads\/2025\/10\/logo-life-support-distribution.svg","width":698,"height":223,"caption":"Life Support Distribution"},"image":{"@id":"https:\/\/lifesupportdistribution.fr\/de\/#\/schema\/logo\/image\/"},"sameAs":["https:\/\/www.linkedin.com\/company\/life-support-distribution\/"]}]}},"_links":{"self":[{"href":"https:\/\/lifesupportdistribution.fr\/de\/wp-json\/wp\/v2\/product\/5609","targetHints":{"allow":["GET"]}}],"collection":[{"href":"https:\/\/lifesupportdistribution.fr\/de\/wp-json\/wp\/v2\/product"}],"about":[{"href":"https:\/\/lifesupportdistribution.fr\/de\/wp-json\/wp\/v2\/types\/product"}],"wp:featuredmedia":[{"embeddable":true,"href":"https:\/\/lifesupportdistribution.fr\/de\/wp-json\/wp\/v2\/media\/2358"}],"wp:attachment":[{"href":"https:\/\/lifesupportdistribution.fr\/de\/wp-json\/wp\/v2\/media?parent=5609"}],"wp:term":[{"taxonomy":"product_brand","embeddable":true,"href":"https:\/\/lifesupportdistribution.fr\/de\/wp-json\/wp\/v2\/product_brand?post=5609"},{"taxonomy":"product_cat","embeddable":true,"href":"https:\/\/lifesupportdistribution.fr\/de\/wp-json\/wp\/v2\/product_cat?post=5609"},{"taxonomy":"product_tag","embeddable":true,"href":"https:\/\/lifesupportdistribution.fr\/de\/wp-json\/wp\/v2\/product_tag?post=5609"}],"curies":[{"name":"wp","href":"https:\/\/api.w.org\/{rel}","templated":true}]}}