{"id":5649,"date":"2025-11-27T21:25:57","date_gmt":"2025-11-27T20:25:57","guid":{"rendered":"https:\/\/lifesupportdistribution.fr\/produits\/holstein-simulator-fuer-venenpunktion-und-intramuskulaere-injektion\/"},"modified":"2025-11-27T21:25:57","modified_gmt":"2025-11-27T20:25:57","slug":"holstein-simulator-fuer-venenpunktion-und-intramuskulaere-injektion","status":"publish","type":"product","link":"https:\/\/lifesupportdistribution.fr\/de\/produkt\/holstein-simulator-fuer-venenpunktion-und-intramuskulaere-injektion\/","title":{"rendered":"Holstein-Simulator f\u00fcr Venenpunktion und intramuskul\u00e4re Injektion"},"content":{"rendered":"<p>Dieser Simulator bildet den Kopf und Hals einer ausgewachsenen Holstein-Kuh pr\u00e4zise ab und bietet ein immersives und realistisches Trainingserlebnis.<br \/>\nTastbare Venen erm\u00f6glichen den Lernenden das \u00dcben der Lokalisierung und Punktion, w\u00e4hrend der druckbeaufschlagte Blutbeutel einen nat\u00fcrlichen ven\u00f6sen Fluss w\u00e4hrend der Entnahme simuliert.<br \/>\nDie intramuskul\u00e4ren Injektionszonen sind verst\u00e4rkt, um mehrfacher Nutzung standzuhalten, was ein hervorragendes Verh\u00e4ltnis von Langlebigkeit und p\u00e4dagogischem Nutzen gew\u00e4hrleistet.<br \/>\nDer weiche Silikonkopf ist mit abnehmbaren Ohren f\u00fcr Markierungs\u00fcbungen ausgestattet und kann zur Wartung oder zum Austausch leicht demontiert werden.<br \/>\nAuf einem h\u00f6hen- und neigungsverstellbaren Rollst\u00e4nder montiert, bietet das Modell gro\u00dfe Anwendungsfreiheit und l\u00e4sst sich f\u00fcr modulares Lernen in andere VSI-Simulatoren integrieren.<\/p>\n","protected":false},"excerpt":{"rendered":"<p>Der Holstein-Simulator f\u00fcr Venenpunktion und intramuskul\u00e4re Injektion ist f\u00fcr das praktische Training von Veterin\u00e4rstudenten in Blutentnahme und intramuskul\u00e4rer Injektion konzipiert.<br \/>\nAusgestattet mit einem realistischen Silikonkopf und pr\u00e4zisen anatomischen Merkmalen, erm\u00f6glicht er das Wiederholen von \u00dcbungen in einer sicheren und klinisch realit\u00e4tsnahen Umgebung.<br \/>\nErh\u00e4ltlich mit oder ohne Rollst\u00e4nder, passt er sich perfekt an bovine Ausbildungsprogramme und vielf\u00e4ltige p\u00e4dagogische Umgebungen an.<\/p>\n","protected":false},"featured_media":2429,"template":"","meta":[],"product_brand":[214],"product_cat":[226],"product_tag":[240],"class_list":{"0":"post-5649","1":"product","2":"type-product","3":"status-publish","4":"has-post-thumbnail","6":"product_brand-vsi","7":"product_cat-simulatoren-fur-veterinarpflege","8":"product_tag-tiermedizin","10":"first","11":"instock","12":"shipping-taxable","13":"purchasable","14":"product-type-simple"},"yoast_head":"<!-- This site is optimized with the Yoast SEO plugin v26.8 - https:\/\/yoast.com\/product\/yoast-seo-wordpress\/ -->\n<title>Holstein-Simulator \u2013 Venenpunktion und i.m. Injektion<\/title>\n<meta name=\"description\" content=\"Holstein-Simulator: Realistisches Modell zum \u00dcben von Venenpunktionen, intramuskul\u00e4ren Injektionen und bovinen Praxisabl\u00e4ufen.\" \/>\n<meta name=\"robots\" content=\"index, follow, max-snippet:-1, max-image-preview:large, max-video-preview:-1\" \/>\n<link rel=\"canonical\" href=\"https:\/\/lifesupportdistribution.fr\/de\/produkt\/holstein-simulator-fuer-venenpunktion-und-intramuskulaere-injektion\/\" \/>\n<meta property=\"og:locale\" content=\"de_DE\" \/>\n<meta property=\"og:type\" content=\"article\" \/>\n<meta property=\"og:title\" content=\"Holstein-Simulator \u2013 Venenpunktion und i.m. Injektion\" \/>\n<meta property=\"og:description\" content=\"Holstein-Simulator: Realistisches Modell zum \u00dcben von Venenpunktionen, intramuskul\u00e4ren Injektionen und bovinen Praxisabl\u00e4ufen.\" \/>\n<meta property=\"og:url\" content=\"https:\/\/lifesupportdistribution.fr\/de\/produkt\/holstein-simulator-fuer-venenpunktion-und-intramuskulaere-injektion\/\" \/>\n<meta property=\"og:site_name\" content=\"Life Support Distribution\" \/>\n<meta property=\"og:image\" content=\"https:\/\/lifesupportdistribution.fr\/wp-content\/uploads\/2025\/11\/Photo-ponct-vein-bovin-1-.png\" \/>\n\t<meta property=\"og:image:width\" content=\"704\" \/>\n\t<meta property=\"og:image:height\" content=\"1036\" \/>\n\t<meta property=\"og:image:type\" content=\"image\/png\" \/>\n<meta name=\"twitter:card\" content=\"summary_large_image\" \/>\n<meta name=\"twitter:label1\" content=\"Gesch\u00e4tzte Lesezeit\" \/>\n\t<meta name=\"twitter:data1\" content=\"1\u00a0Minute\" \/>\n<script type=\"application\/ld+json\" class=\"yoast-schema-graph\">{\"@context\":\"https:\/\/schema.org\",\"@graph\":[{\"@type\":\"WebPage\",\"@id\":\"https:\/\/lifesupportdistribution.fr\/de\/produkt\/holstein-simulator-fuer-venenpunktion-und-intramuskulaere-injektion\/\",\"url\":\"https:\/\/lifesupportdistribution.fr\/de\/produkt\/holstein-simulator-fuer-venenpunktion-und-intramuskulaere-injektion\/\",\"name\":\"Holstein-Simulator \u2013 Venenpunktion und i.m. Injektion\",\"isPartOf\":{\"@id\":\"https:\/\/lifesupportdistribution.fr\/de\/#website\"},\"primaryImageOfPage\":{\"@id\":\"https:\/\/lifesupportdistribution.fr\/de\/produkt\/holstein-simulator-fuer-venenpunktion-und-intramuskulaere-injektion\/#primaryimage\"},\"image\":{\"@id\":\"https:\/\/lifesupportdistribution.fr\/de\/produkt\/holstein-simulator-fuer-venenpunktion-und-intramuskulaere-injektion\/#primaryimage\"},\"thumbnailUrl\":\"https:\/\/lifesupportdistribution.fr\/wp-content\/uploads\/2025\/11\/Photo-ponct-vein-bovin-1-.png\",\"datePublished\":\"2025-11-27T20:25:57+00:00\",\"description\":\"Holstein-Simulator: Realistisches Modell zum \u00dcben von Venenpunktionen, intramuskul\u00e4ren Injektionen und bovinen Praxisabl\u00e4ufen.\",\"breadcrumb\":{\"@id\":\"https:\/\/lifesupportdistribution.fr\/de\/produkt\/holstein-simulator-fuer-venenpunktion-und-intramuskulaere-injektion\/#breadcrumb\"},\"inLanguage\":\"de\",\"potentialAction\":[{\"@type\":\"ReadAction\",\"target\":[\"https:\/\/lifesupportdistribution.fr\/de\/produkt\/holstein-simulator-fuer-venenpunktion-und-intramuskulaere-injektion\/\"]}]},{\"@type\":\"ImageObject\",\"inLanguage\":\"de\",\"@id\":\"https:\/\/lifesupportdistribution.fr\/de\/produkt\/holstein-simulator-fuer-venenpunktion-und-intramuskulaere-injektion\/#primaryimage\",\"url\":\"https:\/\/lifesupportdistribution.fr\/wp-content\/uploads\/2025\/11\/Photo-ponct-vein-bovin-1-.png\",\"contentUrl\":\"https:\/\/lifesupportdistribution.fr\/wp-content\/uploads\/2025\/11\/Photo-ponct-vein-bovin-1-.png\",\"width\":704,\"height\":1036},{\"@type\":\"BreadcrumbList\",\"@id\":\"https:\/\/lifesupportdistribution.fr\/de\/produkt\/holstein-simulator-fuer-venenpunktion-und-intramuskulaere-injektion\/#breadcrumb\",\"itemListElement\":[{\"@type\":\"ListItem\",\"position\":1,\"name\":\"Accueil\",\"item\":\"https:\/\/lifesupportdistribution.fr\/de\/startseite\/\"},{\"@type\":\"ListItem\",\"position\":2,\"name\":\"Shop\",\"item\":\"https:\/\/lifesupportdistribution.fr\/de\/shop\/\"},{\"@type\":\"ListItem\",\"position\":3,\"name\":\"Holstein-Simulator f\u00fcr Venenpunktion und intramuskul\u00e4re Injektion\"}]},{\"@type\":\"WebSite\",\"@id\":\"https:\/\/lifesupportdistribution.fr\/de\/#website\",\"url\":\"https:\/\/lifesupportdistribution.fr\/de\/\",\"name\":\"Life Support Distribution\",\"description\":\"Solutions en simulation m\u00e9dicale\",\"publisher\":{\"@id\":\"https:\/\/lifesupportdistribution.fr\/de\/#organization\"},\"potentialAction\":[{\"@type\":\"SearchAction\",\"target\":{\"@type\":\"EntryPoint\",\"urlTemplate\":\"https:\/\/lifesupportdistribution.fr\/de\/?s={search_term_string}\"},\"query-input\":{\"@type\":\"PropertyValueSpecification\",\"valueRequired\":true,\"valueName\":\"search_term_string\"}}],\"inLanguage\":\"de\"},{\"@type\":\"Organization\",\"@id\":\"https:\/\/lifesupportdistribution.fr\/de\/#organization\",\"name\":\"Life Support Distribution\",\"url\":\"https:\/\/lifesupportdistribution.fr\/de\/\",\"logo\":{\"@type\":\"ImageObject\",\"inLanguage\":\"de\",\"@id\":\"https:\/\/lifesupportdistribution.fr\/de\/#\/schema\/logo\/image\/\",\"url\":\"https:\/\/lifesupportdistribution.fr\/wp-content\/uploads\/2025\/10\/logo-life-support-distribution.svg\",\"contentUrl\":\"https:\/\/lifesupportdistribution.fr\/wp-content\/uploads\/2025\/10\/logo-life-support-distribution.svg\",\"width\":698,\"height\":223,\"caption\":\"Life Support Distribution\"},\"image\":{\"@id\":\"https:\/\/lifesupportdistribution.fr\/de\/#\/schema\/logo\/image\/\"},\"sameAs\":[\"https:\/\/www.linkedin.com\/company\/life-support-distribution\/\"]}]}<\/script>\n<!-- \/ Yoast SEO plugin. -->","yoast_head_json":{"title":"Holstein-Simulator \u2013 Venenpunktion und i.m. Injektion","description":"Holstein-Simulator: Realistisches Modell zum \u00dcben von Venenpunktionen, intramuskul\u00e4ren Injektionen und bovinen Praxisabl\u00e4ufen.","robots":{"index":"index","follow":"follow","max-snippet":"max-snippet:-1","max-image-preview":"max-image-preview:large","max-video-preview":"max-video-preview:-1"},"canonical":"https:\/\/lifesupportdistribution.fr\/de\/produkt\/holstein-simulator-fuer-venenpunktion-und-intramuskulaere-injektion\/","og_locale":"de_DE","og_type":"article","og_title":"Holstein-Simulator \u2013 Venenpunktion und i.m. Injektion","og_description":"Holstein-Simulator: Realistisches Modell zum \u00dcben von Venenpunktionen, intramuskul\u00e4ren Injektionen und bovinen Praxisabl\u00e4ufen.","og_url":"https:\/\/lifesupportdistribution.fr\/de\/produkt\/holstein-simulator-fuer-venenpunktion-und-intramuskulaere-injektion\/","og_site_name":"Life Support Distribution","og_image":[{"width":704,"height":1036,"url":"https:\/\/lifesupportdistribution.fr\/wp-content\/uploads\/2025\/11\/Photo-ponct-vein-bovin-1-.png","type":"image\/png"}],"twitter_card":"summary_large_image","twitter_misc":{"Gesch\u00e4tzte Lesezeit":"1\u00a0Minute"},"schema":{"@context":"https:\/\/schema.org","@graph":[{"@type":"WebPage","@id":"https:\/\/lifesupportdistribution.fr\/de\/produkt\/holstein-simulator-fuer-venenpunktion-und-intramuskulaere-injektion\/","url":"https:\/\/lifesupportdistribution.fr\/de\/produkt\/holstein-simulator-fuer-venenpunktion-und-intramuskulaere-injektion\/","name":"Holstein-Simulator \u2013 Venenpunktion und i.m. Injektion","isPartOf":{"@id":"https:\/\/lifesupportdistribution.fr\/de\/#website"},"primaryImageOfPage":{"@id":"https:\/\/lifesupportdistribution.fr\/de\/produkt\/holstein-simulator-fuer-venenpunktion-und-intramuskulaere-injektion\/#primaryimage"},"image":{"@id":"https:\/\/lifesupportdistribution.fr\/de\/produkt\/holstein-simulator-fuer-venenpunktion-und-intramuskulaere-injektion\/#primaryimage"},"thumbnailUrl":"https:\/\/lifesupportdistribution.fr\/wp-content\/uploads\/2025\/11\/Photo-ponct-vein-bovin-1-.png","datePublished":"2025-11-27T20:25:57+00:00","description":"Holstein-Simulator: Realistisches Modell zum \u00dcben von Venenpunktionen, intramuskul\u00e4ren Injektionen und bovinen Praxisabl\u00e4ufen.","breadcrumb":{"@id":"https:\/\/lifesupportdistribution.fr\/de\/produkt\/holstein-simulator-fuer-venenpunktion-und-intramuskulaere-injektion\/#breadcrumb"},"inLanguage":"de","potentialAction":[{"@type":"ReadAction","target":["https:\/\/lifesupportdistribution.fr\/de\/produkt\/holstein-simulator-fuer-venenpunktion-und-intramuskulaere-injektion\/"]}]},{"@type":"ImageObject","inLanguage":"de","@id":"https:\/\/lifesupportdistribution.fr\/de\/produkt\/holstein-simulator-fuer-venenpunktion-und-intramuskulaere-injektion\/#primaryimage","url":"https:\/\/lifesupportdistribution.fr\/wp-content\/uploads\/2025\/11\/Photo-ponct-vein-bovin-1-.png","contentUrl":"https:\/\/lifesupportdistribution.fr\/wp-content\/uploads\/2025\/11\/Photo-ponct-vein-bovin-1-.png","width":704,"height":1036},{"@type":"BreadcrumbList","@id":"https:\/\/lifesupportdistribution.fr\/de\/produkt\/holstein-simulator-fuer-venenpunktion-und-intramuskulaere-injektion\/#breadcrumb","itemListElement":[{"@type":"ListItem","position":1,"name":"Accueil","item":"https:\/\/lifesupportdistribution.fr\/de\/startseite\/"},{"@type":"ListItem","position":2,"name":"Shop","item":"https:\/\/lifesupportdistribution.fr\/de\/shop\/"},{"@type":"ListItem","position":3,"name":"Holstein-Simulator f\u00fcr Venenpunktion und intramuskul\u00e4re Injektion"}]},{"@type":"WebSite","@id":"https:\/\/lifesupportdistribution.fr\/de\/#website","url":"https:\/\/lifesupportdistribution.fr\/de\/","name":"Life Support Distribution","description":"Solutions en simulation m\u00e9dicale","publisher":{"@id":"https:\/\/lifesupportdistribution.fr\/de\/#organization"},"potentialAction":[{"@type":"SearchAction","target":{"@type":"EntryPoint","urlTemplate":"https:\/\/lifesupportdistribution.fr\/de\/?s={search_term_string}"},"query-input":{"@type":"PropertyValueSpecification","valueRequired":true,"valueName":"search_term_string"}}],"inLanguage":"de"},{"@type":"Organization","@id":"https:\/\/lifesupportdistribution.fr\/de\/#organization","name":"Life Support Distribution","url":"https:\/\/lifesupportdistribution.fr\/de\/","logo":{"@type":"ImageObject","inLanguage":"de","@id":"https:\/\/lifesupportdistribution.fr\/de\/#\/schema\/logo\/image\/","url":"https:\/\/lifesupportdistribution.fr\/wp-content\/uploads\/2025\/10\/logo-life-support-distribution.svg","contentUrl":"https:\/\/lifesupportdistribution.fr\/wp-content\/uploads\/2025\/10\/logo-life-support-distribution.svg","width":698,"height":223,"caption":"Life Support Distribution"},"image":{"@id":"https:\/\/lifesupportdistribution.fr\/de\/#\/schema\/logo\/image\/"},"sameAs":["https:\/\/www.linkedin.com\/company\/life-support-distribution\/"]}]}},"_links":{"self":[{"href":"https:\/\/lifesupportdistribution.fr\/de\/wp-json\/wp\/v2\/product\/5649","targetHints":{"allow":["GET"]}}],"collection":[{"href":"https:\/\/lifesupportdistribution.fr\/de\/wp-json\/wp\/v2\/product"}],"about":[{"href":"https:\/\/lifesupportdistribution.fr\/de\/wp-json\/wp\/v2\/types\/product"}],"wp:featuredmedia":[{"embeddable":true,"href":"https:\/\/lifesupportdistribution.fr\/de\/wp-json\/wp\/v2\/media\/2429"}],"wp:attachment":[{"href":"https:\/\/lifesupportdistribution.fr\/de\/wp-json\/wp\/v2\/media?parent=5649"}],"wp:term":[{"taxonomy":"product_brand","embeddable":true,"href":"https:\/\/lifesupportdistribution.fr\/de\/wp-json\/wp\/v2\/product_brand?post=5649"},{"taxonomy":"product_cat","embeddable":true,"href":"https:\/\/lifesupportdistribution.fr\/de\/wp-json\/wp\/v2\/product_cat?post=5649"},{"taxonomy":"product_tag","embeddable":true,"href":"https:\/\/lifesupportdistribution.fr\/de\/wp-json\/wp\/v2\/product_tag?post=5649"}],"curies":[{"name":"wp","href":"https:\/\/api.w.org\/{rel}","templated":true}]}}