{"id":5667,"date":"2025-11-27T22:48:13","date_gmt":"2025-11-27T21:48:13","guid":{"rendered":"https:\/\/lifesupportdistribution.fr\/produits\/simulator-fuer-fixierung-und-blutentnahme-am-ferkel\/"},"modified":"2025-11-27T22:48:13","modified_gmt":"2025-11-27T21:48:13","slug":"simulator-fuer-fixierung-und-blutentnahme-am-ferkel","status":"publish","type":"product","link":"https:\/\/lifesupportdistribution.fr\/de\/produkt\/simulator-fuer-fixierung-und-blutentnahme-am-ferkel\/","title":{"rendered":"Simulator f\u00fcr Fixierung und Blutentnahme am Ferkel"},"content":{"rendered":"<p>Dank seines artikulierten Innenskeletts und pr\u00e4ziser anatomischer Orientierungspunkte erm\u00f6glicht dieser Simulator das realistische \u00dcben von Jugularvenenpunktion, Injektionen und Fixierung.<br \/>\nEin internes Blutsimulationssystem mit integriertem Beh\u00e4lter stellt den Blutfluss bei erfolgreichen Punktionen wieder her und bietet sofortiges visuelles und taktiles Feedback.<br \/>\nF\u00fcr den intensiven Gebrauch konzipiert, ist er aus strapazierf\u00e4higem und leicht zu reinigendem medizinischem Silikon gefertigt, was optimale Hygiene und eine lange Lebensdauer gew\u00e4hrleistet.<br \/>\nDieses Modell ist ein unverzichtbares Werkzeug f\u00fcr die praktische Ausbildung in der Schweinemedizin und der tier\u00e4rztlichen Feldversorgung.<\/p>\n","protected":false},"excerpt":{"rendered":"<p>Der Ferkel-Simulator wurde speziell entwickelt, um Veterin\u00e4rstudenten und -praktiker in den Techniken der Fixierung und Blutentnahme unter sicheren und p\u00e4dagogischen Bedingungen zu schulen.<br \/>\nEr bildet die Morphologie und das Verhalten eines Ferkels getreu nach und erm\u00f6glicht es, den Umgang mit dem Tier sanft und pr\u00e4zise zu erlernen, unter Einhaltung der Tierschutzprinzipien.<\/p>\n","protected":false},"featured_media":2464,"template":"","meta":[],"product_brand":[214],"product_cat":[226],"product_tag":[240],"class_list":{"0":"post-5667","1":"product","2":"type-product","3":"status-publish","4":"has-post-thumbnail","6":"product_brand-vsi","7":"product_cat-simulatoren-fur-veterinarpflege","8":"product_tag-tiermedizin","10":"first","11":"instock","12":"shipping-taxable","13":"purchasable","14":"product-type-simple"},"yoast_head":"<!-- This site is optimized with the Yoast SEO plugin v26.8 - https:\/\/yoast.com\/product\/yoast-seo-wordpress\/ -->\n<title>Ferkel-Simulator \u2013 Fixierung und Blutentnahme<\/title>\n<meta name=\"description\" content=\"Ferkel-Simulator: Realistisches Modell zum \u00dcben von Fixierung, Blutentnahme und technischen Handgriffen in der Schweineproduktion.\" \/>\n<meta name=\"robots\" content=\"index, follow, max-snippet:-1, max-image-preview:large, max-video-preview:-1\" \/>\n<link rel=\"canonical\" href=\"https:\/\/lifesupportdistribution.fr\/de\/produkt\/simulator-fuer-fixierung-und-blutentnahme-am-ferkel\/\" \/>\n<meta property=\"og:locale\" content=\"de_DE\" \/>\n<meta property=\"og:type\" content=\"article\" \/>\n<meta property=\"og:title\" content=\"Ferkel-Simulator \u2013 Fixierung und Blutentnahme\" \/>\n<meta property=\"og:description\" content=\"Ferkel-Simulator: Realistisches Modell zum \u00dcben von Fixierung, Blutentnahme und technischen Handgriffen in der Schweineproduktion.\" \/>\n<meta property=\"og:url\" content=\"https:\/\/lifesupportdistribution.fr\/de\/produkt\/simulator-fuer-fixierung-und-blutentnahme-am-ferkel\/\" \/>\n<meta property=\"og:site_name\" content=\"Life Support Distribution\" \/>\n<meta property=\"og:image\" content=\"https:\/\/lifesupportdistribution.fr\/wp-content\/uploads\/2025\/11\/Photo-simu-porcelet-vsi-1.png\" \/>\n\t<meta property=\"og:image:width\" content=\"888\" \/>\n\t<meta property=\"og:image:height\" content=\"922\" \/>\n\t<meta property=\"og:image:type\" content=\"image\/png\" \/>\n<meta name=\"twitter:card\" content=\"summary_large_image\" \/>\n<script type=\"application\/ld+json\" class=\"yoast-schema-graph\">{\"@context\":\"https:\/\/schema.org\",\"@graph\":[{\"@type\":\"WebPage\",\"@id\":\"https:\/\/lifesupportdistribution.fr\/de\/produkt\/simulator-fuer-fixierung-und-blutentnahme-am-ferkel\/\",\"url\":\"https:\/\/lifesupportdistribution.fr\/de\/produkt\/simulator-fuer-fixierung-und-blutentnahme-am-ferkel\/\",\"name\":\"Ferkel-Simulator \u2013 Fixierung und Blutentnahme\",\"isPartOf\":{\"@id\":\"https:\/\/lifesupportdistribution.fr\/de\/#website\"},\"primaryImageOfPage\":{\"@id\":\"https:\/\/lifesupportdistribution.fr\/de\/produkt\/simulator-fuer-fixierung-und-blutentnahme-am-ferkel\/#primaryimage\"},\"image\":{\"@id\":\"https:\/\/lifesupportdistribution.fr\/de\/produkt\/simulator-fuer-fixierung-und-blutentnahme-am-ferkel\/#primaryimage\"},\"thumbnailUrl\":\"https:\/\/lifesupportdistribution.fr\/wp-content\/uploads\/2025\/11\/Photo-simu-porcelet-vsi-1.png\",\"datePublished\":\"2025-11-27T21:48:13+00:00\",\"description\":\"Ferkel-Simulator: Realistisches Modell zum \u00dcben von Fixierung, Blutentnahme und technischen Handgriffen in der Schweineproduktion.\",\"breadcrumb\":{\"@id\":\"https:\/\/lifesupportdistribution.fr\/de\/produkt\/simulator-fuer-fixierung-und-blutentnahme-am-ferkel\/#breadcrumb\"},\"inLanguage\":\"de\",\"potentialAction\":[{\"@type\":\"ReadAction\",\"target\":[\"https:\/\/lifesupportdistribution.fr\/de\/produkt\/simulator-fuer-fixierung-und-blutentnahme-am-ferkel\/\"]}]},{\"@type\":\"ImageObject\",\"inLanguage\":\"de\",\"@id\":\"https:\/\/lifesupportdistribution.fr\/de\/produkt\/simulator-fuer-fixierung-und-blutentnahme-am-ferkel\/#primaryimage\",\"url\":\"https:\/\/lifesupportdistribution.fr\/wp-content\/uploads\/2025\/11\/Photo-simu-porcelet-vsi-1.png\",\"contentUrl\":\"https:\/\/lifesupportdistribution.fr\/wp-content\/uploads\/2025\/11\/Photo-simu-porcelet-vsi-1.png\",\"width\":888,\"height\":922},{\"@type\":\"BreadcrumbList\",\"@id\":\"https:\/\/lifesupportdistribution.fr\/de\/produkt\/simulator-fuer-fixierung-und-blutentnahme-am-ferkel\/#breadcrumb\",\"itemListElement\":[{\"@type\":\"ListItem\",\"position\":1,\"name\":\"Accueil\",\"item\":\"https:\/\/lifesupportdistribution.fr\/de\/startseite\/\"},{\"@type\":\"ListItem\",\"position\":2,\"name\":\"Shop\",\"item\":\"https:\/\/lifesupportdistribution.fr\/de\/shop\/\"},{\"@type\":\"ListItem\",\"position\":3,\"name\":\"Simulator f\u00fcr Fixierung und Blutentnahme am Ferkel\"}]},{\"@type\":\"WebSite\",\"@id\":\"https:\/\/lifesupportdistribution.fr\/de\/#website\",\"url\":\"https:\/\/lifesupportdistribution.fr\/de\/\",\"name\":\"Life Support Distribution\",\"description\":\"Solutions en simulation m\u00e9dicale\",\"publisher\":{\"@id\":\"https:\/\/lifesupportdistribution.fr\/de\/#organization\"},\"potentialAction\":[{\"@type\":\"SearchAction\",\"target\":{\"@type\":\"EntryPoint\",\"urlTemplate\":\"https:\/\/lifesupportdistribution.fr\/de\/?s={search_term_string}\"},\"query-input\":{\"@type\":\"PropertyValueSpecification\",\"valueRequired\":true,\"valueName\":\"search_term_string\"}}],\"inLanguage\":\"de\"},{\"@type\":\"Organization\",\"@id\":\"https:\/\/lifesupportdistribution.fr\/de\/#organization\",\"name\":\"Life Support Distribution\",\"url\":\"https:\/\/lifesupportdistribution.fr\/de\/\",\"logo\":{\"@type\":\"ImageObject\",\"inLanguage\":\"de\",\"@id\":\"https:\/\/lifesupportdistribution.fr\/de\/#\/schema\/logo\/image\/\",\"url\":\"https:\/\/lifesupportdistribution.fr\/wp-content\/uploads\/2025\/10\/logo-life-support-distribution.svg\",\"contentUrl\":\"https:\/\/lifesupportdistribution.fr\/wp-content\/uploads\/2025\/10\/logo-life-support-distribution.svg\",\"width\":698,\"height\":223,\"caption\":\"Life Support Distribution\"},\"image\":{\"@id\":\"https:\/\/lifesupportdistribution.fr\/de\/#\/schema\/logo\/image\/\"},\"sameAs\":[\"https:\/\/www.linkedin.com\/company\/life-support-distribution\/\"]}]}<\/script>\n<!-- \/ Yoast SEO plugin. -->","yoast_head_json":{"title":"Ferkel-Simulator \u2013 Fixierung und Blutentnahme","description":"Ferkel-Simulator: Realistisches Modell zum \u00dcben von Fixierung, Blutentnahme und technischen Handgriffen in der Schweineproduktion.","robots":{"index":"index","follow":"follow","max-snippet":"max-snippet:-1","max-image-preview":"max-image-preview:large","max-video-preview":"max-video-preview:-1"},"canonical":"https:\/\/lifesupportdistribution.fr\/de\/produkt\/simulator-fuer-fixierung-und-blutentnahme-am-ferkel\/","og_locale":"de_DE","og_type":"article","og_title":"Ferkel-Simulator \u2013 Fixierung und Blutentnahme","og_description":"Ferkel-Simulator: Realistisches Modell zum \u00dcben von Fixierung, Blutentnahme und technischen Handgriffen in der Schweineproduktion.","og_url":"https:\/\/lifesupportdistribution.fr\/de\/produkt\/simulator-fuer-fixierung-und-blutentnahme-am-ferkel\/","og_site_name":"Life Support Distribution","og_image":[{"width":888,"height":922,"url":"https:\/\/lifesupportdistribution.fr\/wp-content\/uploads\/2025\/11\/Photo-simu-porcelet-vsi-1.png","type":"image\/png"}],"twitter_card":"summary_large_image","schema":{"@context":"https:\/\/schema.org","@graph":[{"@type":"WebPage","@id":"https:\/\/lifesupportdistribution.fr\/de\/produkt\/simulator-fuer-fixierung-und-blutentnahme-am-ferkel\/","url":"https:\/\/lifesupportdistribution.fr\/de\/produkt\/simulator-fuer-fixierung-und-blutentnahme-am-ferkel\/","name":"Ferkel-Simulator \u2013 Fixierung und Blutentnahme","isPartOf":{"@id":"https:\/\/lifesupportdistribution.fr\/de\/#website"},"primaryImageOfPage":{"@id":"https:\/\/lifesupportdistribution.fr\/de\/produkt\/simulator-fuer-fixierung-und-blutentnahme-am-ferkel\/#primaryimage"},"image":{"@id":"https:\/\/lifesupportdistribution.fr\/de\/produkt\/simulator-fuer-fixierung-und-blutentnahme-am-ferkel\/#primaryimage"},"thumbnailUrl":"https:\/\/lifesupportdistribution.fr\/wp-content\/uploads\/2025\/11\/Photo-simu-porcelet-vsi-1.png","datePublished":"2025-11-27T21:48:13+00:00","description":"Ferkel-Simulator: Realistisches Modell zum \u00dcben von Fixierung, Blutentnahme und technischen Handgriffen in der Schweineproduktion.","breadcrumb":{"@id":"https:\/\/lifesupportdistribution.fr\/de\/produkt\/simulator-fuer-fixierung-und-blutentnahme-am-ferkel\/#breadcrumb"},"inLanguage":"de","potentialAction":[{"@type":"ReadAction","target":["https:\/\/lifesupportdistribution.fr\/de\/produkt\/simulator-fuer-fixierung-und-blutentnahme-am-ferkel\/"]}]},{"@type":"ImageObject","inLanguage":"de","@id":"https:\/\/lifesupportdistribution.fr\/de\/produkt\/simulator-fuer-fixierung-und-blutentnahme-am-ferkel\/#primaryimage","url":"https:\/\/lifesupportdistribution.fr\/wp-content\/uploads\/2025\/11\/Photo-simu-porcelet-vsi-1.png","contentUrl":"https:\/\/lifesupportdistribution.fr\/wp-content\/uploads\/2025\/11\/Photo-simu-porcelet-vsi-1.png","width":888,"height":922},{"@type":"BreadcrumbList","@id":"https:\/\/lifesupportdistribution.fr\/de\/produkt\/simulator-fuer-fixierung-und-blutentnahme-am-ferkel\/#breadcrumb","itemListElement":[{"@type":"ListItem","position":1,"name":"Accueil","item":"https:\/\/lifesupportdistribution.fr\/de\/startseite\/"},{"@type":"ListItem","position":2,"name":"Shop","item":"https:\/\/lifesupportdistribution.fr\/de\/shop\/"},{"@type":"ListItem","position":3,"name":"Simulator f\u00fcr Fixierung und Blutentnahme am Ferkel"}]},{"@type":"WebSite","@id":"https:\/\/lifesupportdistribution.fr\/de\/#website","url":"https:\/\/lifesupportdistribution.fr\/de\/","name":"Life Support Distribution","description":"Solutions en simulation m\u00e9dicale","publisher":{"@id":"https:\/\/lifesupportdistribution.fr\/de\/#organization"},"potentialAction":[{"@type":"SearchAction","target":{"@type":"EntryPoint","urlTemplate":"https:\/\/lifesupportdistribution.fr\/de\/?s={search_term_string}"},"query-input":{"@type":"PropertyValueSpecification","valueRequired":true,"valueName":"search_term_string"}}],"inLanguage":"de"},{"@type":"Organization","@id":"https:\/\/lifesupportdistribution.fr\/de\/#organization","name":"Life Support Distribution","url":"https:\/\/lifesupportdistribution.fr\/de\/","logo":{"@type":"ImageObject","inLanguage":"de","@id":"https:\/\/lifesupportdistribution.fr\/de\/#\/schema\/logo\/image\/","url":"https:\/\/lifesupportdistribution.fr\/wp-content\/uploads\/2025\/10\/logo-life-support-distribution.svg","contentUrl":"https:\/\/lifesupportdistribution.fr\/wp-content\/uploads\/2025\/10\/logo-life-support-distribution.svg","width":698,"height":223,"caption":"Life Support Distribution"},"image":{"@id":"https:\/\/lifesupportdistribution.fr\/de\/#\/schema\/logo\/image\/"},"sameAs":["https:\/\/www.linkedin.com\/company\/life-support-distribution\/"]}]}},"_links":{"self":[{"href":"https:\/\/lifesupportdistribution.fr\/de\/wp-json\/wp\/v2\/product\/5667","targetHints":{"allow":["GET"]}}],"collection":[{"href":"https:\/\/lifesupportdistribution.fr\/de\/wp-json\/wp\/v2\/product"}],"about":[{"href":"https:\/\/lifesupportdistribution.fr\/de\/wp-json\/wp\/v2\/types\/product"}],"wp:featuredmedia":[{"embeddable":true,"href":"https:\/\/lifesupportdistribution.fr\/de\/wp-json\/wp\/v2\/media\/2464"}],"wp:attachment":[{"href":"https:\/\/lifesupportdistribution.fr\/de\/wp-json\/wp\/v2\/media?parent=5667"}],"wp:term":[{"taxonomy":"product_brand","embeddable":true,"href":"https:\/\/lifesupportdistribution.fr\/de\/wp-json\/wp\/v2\/product_brand?post=5667"},{"taxonomy":"product_cat","embeddable":true,"href":"https:\/\/lifesupportdistribution.fr\/de\/wp-json\/wp\/v2\/product_cat?post=5667"},{"taxonomy":"product_tag","embeddable":true,"href":"https:\/\/lifesupportdistribution.fr\/de\/wp-json\/wp\/v2\/product_tag?post=5667"}],"curies":[{"name":"wp","href":"https:\/\/api.w.org\/{rel}","templated":true}]}}