{"id":5675,"date":"2025-11-30T14:25:32","date_gmt":"2025-11-30T13:25:32","guid":{"rendered":"https:\/\/lifesupportdistribution.fr\/produits\/katzenskelett-mit-staender\/"},"modified":"2025-11-30T14:25:32","modified_gmt":"2025-11-30T13:25:32","slug":"katzenskelett-mit-staender","status":"publish","type":"product","link":"https:\/\/lifesupportdistribution.fr\/de\/produkt\/katzenskelett-mit-staender\/","title":{"rendered":"Katzenskelett mit St\u00e4nder"},"content":{"rendered":"<p>Dieses naturgetreue anatomische Katzenmodell wurde entwickelt, um eine klare und pr\u00e4zise Visualisierung aller Katzenknochen, vom Sch\u00e4del bis zu den Extremit\u00e4ten, zu erm\u00f6glichen.<br \/>\nAuf einem stabilen St\u00e4nder montiert, gew\u00e4hrleistet es eine stabile Pr\u00e4sentation f\u00fcr praktische \u00dcbungen, Demonstrationen und Vorlesungen.<br \/>\nEs ist ein ideales Werkzeug f\u00fcr Lehrende, Studierende und Praktiker, die ihr Wissen in Osteologie, Lokomotion und anatomischer Identifikation vertiefen m\u00f6chten.<\/p>\n","protected":false},"excerpt":{"rendered":"<p>Das Katzenskelett mit St\u00e4nder ist ein vollst\u00e4ndiges anatomisches Modell f\u00fcr den Unterricht in veterin\u00e4rmedizinischer Osteologie.<br \/>\nEs erm\u00f6glicht das detaillierte Studium der Knochenstrukturen der Katze und ist eine wertvolle p\u00e4dagogische Unterst\u00fctzung f\u00fcr die Ausbildung in vergleichender Anatomie, Biomechanik und klinischer Forschung.<\/p>\n","protected":false},"featured_media":2492,"template":"","meta":[],"product_brand":[214],"product_cat":[221,226],"product_tag":[240],"class_list":{"0":"post-5675","1":"product","2":"type-product","3":"status-publish","4":"has-post-thumbnail","6":"product_brand-vsi","7":"product_cat-anatomische-tafeln-und-modelle","8":"product_cat-simulatoren-fur-veterinarpflege","9":"product_tag-tiermedizin","11":"first","12":"instock","13":"shipping-taxable","14":"purchasable","15":"product-type-simple"},"yoast_head":"<!-- This site is optimized with the Yoast SEO plugin v26.8 - https:\/\/yoast.com\/product\/yoast-seo-wordpress\/ -->\n<title>Katzenskelett mit St\u00e4nder \u2013 Anatomisches Modell<\/title>\n<meta name=\"description\" content=\"Katzenskelett mit St\u00e4nder f\u00fcr den Veterin\u00e4runterricht. Anatomisches Modell zum Studium der Osteologie, Haltung und klinischen Orientierungspunkte.\" \/>\n<meta name=\"robots\" content=\"index, follow, max-snippet:-1, max-image-preview:large, max-video-preview:-1\" \/>\n<link rel=\"canonical\" href=\"https:\/\/lifesupportdistribution.fr\/de\/produkt\/katzenskelett-mit-staender\/\" \/>\n<meta property=\"og:locale\" content=\"de_DE\" \/>\n<meta property=\"og:type\" content=\"article\" \/>\n<meta property=\"og:title\" content=\"Katzenskelett mit St\u00e4nder \u2013 Anatomisches Modell\" \/>\n<meta property=\"og:description\" content=\"Katzenskelett mit St\u00e4nder f\u00fcr den Veterin\u00e4runterricht. Anatomisches Modell zum Studium der Osteologie, Haltung und klinischen Orientierungspunkte.\" \/>\n<meta property=\"og:url\" content=\"https:\/\/lifesupportdistribution.fr\/de\/produkt\/katzenskelett-mit-staender\/\" \/>\n<meta property=\"og:site_name\" content=\"Life Support Distribution\" \/>\n<meta property=\"og:image\" content=\"https:\/\/lifesupportdistribution.fr\/wp-content\/uploads\/2025\/11\/Photo-squelette-chat-1.png\" \/>\n\t<meta property=\"og:image:width\" content=\"630\" \/>\n\t<meta property=\"og:image:height\" content=\"520\" \/>\n\t<meta property=\"og:image:type\" content=\"image\/png\" \/>\n<meta name=\"twitter:card\" content=\"summary_large_image\" \/>\n<script type=\"application\/ld+json\" class=\"yoast-schema-graph\">{\"@context\":\"https:\/\/schema.org\",\"@graph\":[{\"@type\":\"WebPage\",\"@id\":\"https:\/\/lifesupportdistribution.fr\/de\/produkt\/katzenskelett-mit-staender\/\",\"url\":\"https:\/\/lifesupportdistribution.fr\/de\/produkt\/katzenskelett-mit-staender\/\",\"name\":\"Katzenskelett mit St\u00e4nder \u2013 Anatomisches Modell\",\"isPartOf\":{\"@id\":\"https:\/\/lifesupportdistribution.fr\/de\/#website\"},\"primaryImageOfPage\":{\"@id\":\"https:\/\/lifesupportdistribution.fr\/de\/produkt\/katzenskelett-mit-staender\/#primaryimage\"},\"image\":{\"@id\":\"https:\/\/lifesupportdistribution.fr\/de\/produkt\/katzenskelett-mit-staender\/#primaryimage\"},\"thumbnailUrl\":\"https:\/\/lifesupportdistribution.fr\/wp-content\/uploads\/2025\/11\/Photo-squelette-chat-1.png\",\"datePublished\":\"2025-11-30T13:25:32+00:00\",\"description\":\"Katzenskelett mit St\u00e4nder f\u00fcr den Veterin\u00e4runterricht. Anatomisches Modell zum Studium der Osteologie, Haltung und klinischen Orientierungspunkte.\",\"breadcrumb\":{\"@id\":\"https:\/\/lifesupportdistribution.fr\/de\/produkt\/katzenskelett-mit-staender\/#breadcrumb\"},\"inLanguage\":\"de\",\"potentialAction\":[{\"@type\":\"ReadAction\",\"target\":[\"https:\/\/lifesupportdistribution.fr\/de\/produkt\/katzenskelett-mit-staender\/\"]}]},{\"@type\":\"ImageObject\",\"inLanguage\":\"de\",\"@id\":\"https:\/\/lifesupportdistribution.fr\/de\/produkt\/katzenskelett-mit-staender\/#primaryimage\",\"url\":\"https:\/\/lifesupportdistribution.fr\/wp-content\/uploads\/2025\/11\/Photo-squelette-chat-1.png\",\"contentUrl\":\"https:\/\/lifesupportdistribution.fr\/wp-content\/uploads\/2025\/11\/Photo-squelette-chat-1.png\",\"width\":630,\"height\":520},{\"@type\":\"BreadcrumbList\",\"@id\":\"https:\/\/lifesupportdistribution.fr\/de\/produkt\/katzenskelett-mit-staender\/#breadcrumb\",\"itemListElement\":[{\"@type\":\"ListItem\",\"position\":1,\"name\":\"Accueil\",\"item\":\"https:\/\/lifesupportdistribution.fr\/de\/startseite\/\"},{\"@type\":\"ListItem\",\"position\":2,\"name\":\"Shop\",\"item\":\"https:\/\/lifesupportdistribution.fr\/de\/shop\/\"},{\"@type\":\"ListItem\",\"position\":3,\"name\":\"Katzenskelett mit St\u00e4nder\"}]},{\"@type\":\"WebSite\",\"@id\":\"https:\/\/lifesupportdistribution.fr\/de\/#website\",\"url\":\"https:\/\/lifesupportdistribution.fr\/de\/\",\"name\":\"Life Support Distribution\",\"description\":\"Solutions en simulation m\u00e9dicale\",\"publisher\":{\"@id\":\"https:\/\/lifesupportdistribution.fr\/de\/#organization\"},\"potentialAction\":[{\"@type\":\"SearchAction\",\"target\":{\"@type\":\"EntryPoint\",\"urlTemplate\":\"https:\/\/lifesupportdistribution.fr\/de\/?s={search_term_string}\"},\"query-input\":{\"@type\":\"PropertyValueSpecification\",\"valueRequired\":true,\"valueName\":\"search_term_string\"}}],\"inLanguage\":\"de\"},{\"@type\":\"Organization\",\"@id\":\"https:\/\/lifesupportdistribution.fr\/de\/#organization\",\"name\":\"Life Support Distribution\",\"url\":\"https:\/\/lifesupportdistribution.fr\/de\/\",\"logo\":{\"@type\":\"ImageObject\",\"inLanguage\":\"de\",\"@id\":\"https:\/\/lifesupportdistribution.fr\/de\/#\/schema\/logo\/image\/\",\"url\":\"https:\/\/lifesupportdistribution.fr\/wp-content\/uploads\/2025\/10\/logo-life-support-distribution.svg\",\"contentUrl\":\"https:\/\/lifesupportdistribution.fr\/wp-content\/uploads\/2025\/10\/logo-life-support-distribution.svg\",\"width\":698,\"height\":223,\"caption\":\"Life Support Distribution\"},\"image\":{\"@id\":\"https:\/\/lifesupportdistribution.fr\/de\/#\/schema\/logo\/image\/\"},\"sameAs\":[\"https:\/\/www.linkedin.com\/company\/life-support-distribution\/\"]}]}<\/script>\n<!-- \/ Yoast SEO plugin. -->","yoast_head_json":{"title":"Katzenskelett mit St\u00e4nder \u2013 Anatomisches Modell","description":"Katzenskelett mit St\u00e4nder f\u00fcr den Veterin\u00e4runterricht. Anatomisches Modell zum Studium der Osteologie, Haltung und klinischen Orientierungspunkte.","robots":{"index":"index","follow":"follow","max-snippet":"max-snippet:-1","max-image-preview":"max-image-preview:large","max-video-preview":"max-video-preview:-1"},"canonical":"https:\/\/lifesupportdistribution.fr\/de\/produkt\/katzenskelett-mit-staender\/","og_locale":"de_DE","og_type":"article","og_title":"Katzenskelett mit St\u00e4nder \u2013 Anatomisches Modell","og_description":"Katzenskelett mit St\u00e4nder f\u00fcr den Veterin\u00e4runterricht. Anatomisches Modell zum Studium der Osteologie, Haltung und klinischen Orientierungspunkte.","og_url":"https:\/\/lifesupportdistribution.fr\/de\/produkt\/katzenskelett-mit-staender\/","og_site_name":"Life Support Distribution","og_image":[{"width":630,"height":520,"url":"https:\/\/lifesupportdistribution.fr\/wp-content\/uploads\/2025\/11\/Photo-squelette-chat-1.png","type":"image\/png"}],"twitter_card":"summary_large_image","schema":{"@context":"https:\/\/schema.org","@graph":[{"@type":"WebPage","@id":"https:\/\/lifesupportdistribution.fr\/de\/produkt\/katzenskelett-mit-staender\/","url":"https:\/\/lifesupportdistribution.fr\/de\/produkt\/katzenskelett-mit-staender\/","name":"Katzenskelett mit St\u00e4nder \u2013 Anatomisches Modell","isPartOf":{"@id":"https:\/\/lifesupportdistribution.fr\/de\/#website"},"primaryImageOfPage":{"@id":"https:\/\/lifesupportdistribution.fr\/de\/produkt\/katzenskelett-mit-staender\/#primaryimage"},"image":{"@id":"https:\/\/lifesupportdistribution.fr\/de\/produkt\/katzenskelett-mit-staender\/#primaryimage"},"thumbnailUrl":"https:\/\/lifesupportdistribution.fr\/wp-content\/uploads\/2025\/11\/Photo-squelette-chat-1.png","datePublished":"2025-11-30T13:25:32+00:00","description":"Katzenskelett mit St\u00e4nder f\u00fcr den Veterin\u00e4runterricht. Anatomisches Modell zum Studium der Osteologie, Haltung und klinischen Orientierungspunkte.","breadcrumb":{"@id":"https:\/\/lifesupportdistribution.fr\/de\/produkt\/katzenskelett-mit-staender\/#breadcrumb"},"inLanguage":"de","potentialAction":[{"@type":"ReadAction","target":["https:\/\/lifesupportdistribution.fr\/de\/produkt\/katzenskelett-mit-staender\/"]}]},{"@type":"ImageObject","inLanguage":"de","@id":"https:\/\/lifesupportdistribution.fr\/de\/produkt\/katzenskelett-mit-staender\/#primaryimage","url":"https:\/\/lifesupportdistribution.fr\/wp-content\/uploads\/2025\/11\/Photo-squelette-chat-1.png","contentUrl":"https:\/\/lifesupportdistribution.fr\/wp-content\/uploads\/2025\/11\/Photo-squelette-chat-1.png","width":630,"height":520},{"@type":"BreadcrumbList","@id":"https:\/\/lifesupportdistribution.fr\/de\/produkt\/katzenskelett-mit-staender\/#breadcrumb","itemListElement":[{"@type":"ListItem","position":1,"name":"Accueil","item":"https:\/\/lifesupportdistribution.fr\/de\/startseite\/"},{"@type":"ListItem","position":2,"name":"Shop","item":"https:\/\/lifesupportdistribution.fr\/de\/shop\/"},{"@type":"ListItem","position":3,"name":"Katzenskelett mit St\u00e4nder"}]},{"@type":"WebSite","@id":"https:\/\/lifesupportdistribution.fr\/de\/#website","url":"https:\/\/lifesupportdistribution.fr\/de\/","name":"Life Support Distribution","description":"Solutions en simulation m\u00e9dicale","publisher":{"@id":"https:\/\/lifesupportdistribution.fr\/de\/#organization"},"potentialAction":[{"@type":"SearchAction","target":{"@type":"EntryPoint","urlTemplate":"https:\/\/lifesupportdistribution.fr\/de\/?s={search_term_string}"},"query-input":{"@type":"PropertyValueSpecification","valueRequired":true,"valueName":"search_term_string"}}],"inLanguage":"de"},{"@type":"Organization","@id":"https:\/\/lifesupportdistribution.fr\/de\/#organization","name":"Life Support Distribution","url":"https:\/\/lifesupportdistribution.fr\/de\/","logo":{"@type":"ImageObject","inLanguage":"de","@id":"https:\/\/lifesupportdistribution.fr\/de\/#\/schema\/logo\/image\/","url":"https:\/\/lifesupportdistribution.fr\/wp-content\/uploads\/2025\/10\/logo-life-support-distribution.svg","contentUrl":"https:\/\/lifesupportdistribution.fr\/wp-content\/uploads\/2025\/10\/logo-life-support-distribution.svg","width":698,"height":223,"caption":"Life Support Distribution"},"image":{"@id":"https:\/\/lifesupportdistribution.fr\/de\/#\/schema\/logo\/image\/"},"sameAs":["https:\/\/www.linkedin.com\/company\/life-support-distribution\/"]}]}},"_links":{"self":[{"href":"https:\/\/lifesupportdistribution.fr\/de\/wp-json\/wp\/v2\/product\/5675","targetHints":{"allow":["GET"]}}],"collection":[{"href":"https:\/\/lifesupportdistribution.fr\/de\/wp-json\/wp\/v2\/product"}],"about":[{"href":"https:\/\/lifesupportdistribution.fr\/de\/wp-json\/wp\/v2\/types\/product"}],"wp:featuredmedia":[{"embeddable":true,"href":"https:\/\/lifesupportdistribution.fr\/de\/wp-json\/wp\/v2\/media\/2492"}],"wp:attachment":[{"href":"https:\/\/lifesupportdistribution.fr\/de\/wp-json\/wp\/v2\/media?parent=5675"}],"wp:term":[{"taxonomy":"product_brand","embeddable":true,"href":"https:\/\/lifesupportdistribution.fr\/de\/wp-json\/wp\/v2\/product_brand?post=5675"},{"taxonomy":"product_cat","embeddable":true,"href":"https:\/\/lifesupportdistribution.fr\/de\/wp-json\/wp\/v2\/product_cat?post=5675"},{"taxonomy":"product_tag","embeddable":true,"href":"https:\/\/lifesupportdistribution.fr\/de\/wp-json\/wp\/v2\/product_tag?post=5675"}],"curies":[{"name":"wp","href":"https:\/\/api.w.org\/{rel}","templated":true}]}}