{"id":5678,"date":"2025-11-27T23:02:46","date_gmt":"2025-11-27T22:02:46","guid":{"rendered":"https:\/\/lifesupportdistribution.fr\/produits\/hundegliedmassen-fuer-das-bandagieren-training\/"},"modified":"2025-11-27T23:02:46","modified_gmt":"2025-11-27T22:02:46","slug":"hundegliedmassen-fuer-das-bandagieren-training","status":"publish","type":"product","link":"https:\/\/lifesupportdistribution.fr\/de\/produkt\/hundegliedmassen-fuer-das-bandagieren-training\/","title":{"rendered":"Hundegliedma\u00dfen f\u00fcr das Bandagieren-Training"},"content":{"rendered":"<p>Diese p\u00e4dagogischen Modelle bilden die Morphologie und Beweglichkeit einer mittelgro\u00dfen Hundegliedma\u00dfe naturgetreu nach.<br \/>\nDank ihrer getrennten Zehen und der artikulierten internen Struktur erm\u00f6glichen sie ein pr\u00e4zises Erlernen von Bandagier-, Fixierungs- und Taping-Techniken.<br \/>\nJede Pfote ist mit einer Gummimanschette ausgestattet, die das wiederholte Anlegen ohne Materialsch\u00e4den erm\u00f6glicht und gleichzeitig ein hervorragendes taktiles Feedback bietet.<br \/>\nDie Befestigungspunkte gew\u00e4hrleisten eine stabile Fixierung am Tisch, wodurch diese Gliedma\u00dfen perfekt f\u00fcr praktische Workshops und die Bewertung technischer Fertigkeiten geeignet sind.<br \/>\nF\u00fcr den intensiven Gebrauch konzipiert, widerstehen sie h\u00e4ufiger Handhabung und der Spannung elastischer oder koh\u00e4siver Verb\u00e4nde.<br \/>\nDiese Simulatoren werden paarweise geliefert und sind mit den in veterin\u00e4rmedizinischen Studieng\u00e4ngen gelehrten Pflege- und Rehabilitationsprotokollen kompatibel.<\/p>\n","protected":false},"excerpt":{"rendered":"<p>Die Simulations-Hundegliedma\u00dfen sind so konzipiert, dass sie Veterin\u00e4rstudenten und -praktikern erm\u00f6glichen, Fixierungs- und Bandagiertechniken unter realistischen Bedingungen zu \u00fcben.<br \/>\nHergestellt aus strapazierf\u00e4higem Silikon mit einem artikulierten Innenskelett, bieten sie pr\u00e4zises taktiles Feedback und optimale Widerstandsf\u00e4higkeit f\u00fcr den wiederholten Einsatz in der Ausbildung.<\/p>\n","protected":false},"featured_media":2470,"template":"","meta":[],"product_brand":[214],"product_cat":[226],"product_tag":[240],"class_list":{"0":"post-5678","1":"product","2":"type-product","3":"status-publish","4":"has-post-thumbnail","6":"product_brand-vsi","7":"product_cat-simulatoren-fur-veterinarpflege","8":"product_tag-tiermedizin","10":"first","11":"instock","12":"shipping-taxable","13":"purchasable","14":"product-type-simple"},"yoast_head":"<!-- This site is optimized with the Yoast SEO plugin v26.8 - https:\/\/yoast.com\/product\/yoast-seo-wordpress\/ -->\n<title>Hundegliedma\u00dfen \u2013 Bandagieren-Training<\/title>\n<meta name=\"description\" content=\"Simulations-Hundegliedma\u00dfen: Realistische Modelle zum \u00dcben von Bandagier-, Immobilisations- und g\u00e4ngigen Veterin\u00e4rpflegetechniken.\" \/>\n<meta name=\"robots\" content=\"index, follow, max-snippet:-1, max-image-preview:large, max-video-preview:-1\" \/>\n<link rel=\"canonical\" href=\"https:\/\/lifesupportdistribution.fr\/de\/produkt\/hundegliedmassen-fuer-das-bandagieren-training\/\" \/>\n<meta property=\"og:locale\" content=\"de_DE\" \/>\n<meta property=\"og:type\" content=\"article\" \/>\n<meta property=\"og:title\" content=\"Hundegliedma\u00dfen \u2013 Bandagieren-Training\" \/>\n<meta property=\"og:description\" content=\"Simulations-Hundegliedma\u00dfen: Realistische Modelle zum \u00dcben von Bandagier-, Immobilisations- und g\u00e4ngigen Veterin\u00e4rpflegetechniken.\" \/>\n<meta property=\"og:url\" content=\"https:\/\/lifesupportdistribution.fr\/de\/produkt\/hundegliedmassen-fuer-das-bandagieren-training\/\" \/>\n<meta property=\"og:site_name\" content=\"Life Support Distribution\" \/>\n<meta property=\"og:image\" content=\"https:\/\/lifesupportdistribution.fr\/wp-content\/uploads\/2025\/11\/Photo-memb-bandage-canin-1.png\" \/>\n\t<meta property=\"og:image:width\" content=\"520\" \/>\n\t<meta property=\"og:image:height\" content=\"736\" \/>\n\t<meta property=\"og:image:type\" content=\"image\/png\" \/>\n<meta name=\"twitter:card\" content=\"summary_large_image\" \/>\n<meta name=\"twitter:label1\" content=\"Gesch\u00e4tzte Lesezeit\" \/>\n\t<meta name=\"twitter:data1\" content=\"1\u00a0Minute\" \/>\n<script type=\"application\/ld+json\" class=\"yoast-schema-graph\">{\"@context\":\"https:\/\/schema.org\",\"@graph\":[{\"@type\":\"WebPage\",\"@id\":\"https:\/\/lifesupportdistribution.fr\/de\/produkt\/hundegliedmassen-fuer-das-bandagieren-training\/\",\"url\":\"https:\/\/lifesupportdistribution.fr\/de\/produkt\/hundegliedmassen-fuer-das-bandagieren-training\/\",\"name\":\"Hundegliedma\u00dfen \u2013 Bandagieren-Training\",\"isPartOf\":{\"@id\":\"https:\/\/lifesupportdistribution.fr\/de\/#website\"},\"primaryImageOfPage\":{\"@id\":\"https:\/\/lifesupportdistribution.fr\/de\/produkt\/hundegliedmassen-fuer-das-bandagieren-training\/#primaryimage\"},\"image\":{\"@id\":\"https:\/\/lifesupportdistribution.fr\/de\/produkt\/hundegliedmassen-fuer-das-bandagieren-training\/#primaryimage\"},\"thumbnailUrl\":\"https:\/\/lifesupportdistribution.fr\/wp-content\/uploads\/2025\/11\/Photo-memb-bandage-canin-1.png\",\"datePublished\":\"2025-11-27T22:02:46+00:00\",\"description\":\"Simulations-Hundegliedma\u00dfen: Realistische Modelle zum \u00dcben von Bandagier-, Immobilisations- und g\u00e4ngigen Veterin\u00e4rpflegetechniken.\",\"breadcrumb\":{\"@id\":\"https:\/\/lifesupportdistribution.fr\/de\/produkt\/hundegliedmassen-fuer-das-bandagieren-training\/#breadcrumb\"},\"inLanguage\":\"de\",\"potentialAction\":[{\"@type\":\"ReadAction\",\"target\":[\"https:\/\/lifesupportdistribution.fr\/de\/produkt\/hundegliedmassen-fuer-das-bandagieren-training\/\"]}]},{\"@type\":\"ImageObject\",\"inLanguage\":\"de\",\"@id\":\"https:\/\/lifesupportdistribution.fr\/de\/produkt\/hundegliedmassen-fuer-das-bandagieren-training\/#primaryimage\",\"url\":\"https:\/\/lifesupportdistribution.fr\/wp-content\/uploads\/2025\/11\/Photo-memb-bandage-canin-1.png\",\"contentUrl\":\"https:\/\/lifesupportdistribution.fr\/wp-content\/uploads\/2025\/11\/Photo-memb-bandage-canin-1.png\",\"width\":520,\"height\":736},{\"@type\":\"BreadcrumbList\",\"@id\":\"https:\/\/lifesupportdistribution.fr\/de\/produkt\/hundegliedmassen-fuer-das-bandagieren-training\/#breadcrumb\",\"itemListElement\":[{\"@type\":\"ListItem\",\"position\":1,\"name\":\"Accueil\",\"item\":\"https:\/\/lifesupportdistribution.fr\/de\/startseite\/\"},{\"@type\":\"ListItem\",\"position\":2,\"name\":\"Shop\",\"item\":\"https:\/\/lifesupportdistribution.fr\/de\/shop\/\"},{\"@type\":\"ListItem\",\"position\":3,\"name\":\"Hundegliedma\u00dfen f\u00fcr das Bandagieren-Training\"}]},{\"@type\":\"WebSite\",\"@id\":\"https:\/\/lifesupportdistribution.fr\/de\/#website\",\"url\":\"https:\/\/lifesupportdistribution.fr\/de\/\",\"name\":\"Life Support Distribution\",\"description\":\"Solutions en simulation m\u00e9dicale\",\"publisher\":{\"@id\":\"https:\/\/lifesupportdistribution.fr\/de\/#organization\"},\"potentialAction\":[{\"@type\":\"SearchAction\",\"target\":{\"@type\":\"EntryPoint\",\"urlTemplate\":\"https:\/\/lifesupportdistribution.fr\/de\/?s={search_term_string}\"},\"query-input\":{\"@type\":\"PropertyValueSpecification\",\"valueRequired\":true,\"valueName\":\"search_term_string\"}}],\"inLanguage\":\"de\"},{\"@type\":\"Organization\",\"@id\":\"https:\/\/lifesupportdistribution.fr\/de\/#organization\",\"name\":\"Life Support Distribution\",\"url\":\"https:\/\/lifesupportdistribution.fr\/de\/\",\"logo\":{\"@type\":\"ImageObject\",\"inLanguage\":\"de\",\"@id\":\"https:\/\/lifesupportdistribution.fr\/de\/#\/schema\/logo\/image\/\",\"url\":\"https:\/\/lifesupportdistribution.fr\/wp-content\/uploads\/2025\/10\/logo-life-support-distribution.svg\",\"contentUrl\":\"https:\/\/lifesupportdistribution.fr\/wp-content\/uploads\/2025\/10\/logo-life-support-distribution.svg\",\"width\":698,\"height\":223,\"caption\":\"Life Support Distribution\"},\"image\":{\"@id\":\"https:\/\/lifesupportdistribution.fr\/de\/#\/schema\/logo\/image\/\"},\"sameAs\":[\"https:\/\/www.linkedin.com\/company\/life-support-distribution\/\"]}]}<\/script>\n<!-- \/ Yoast SEO plugin. -->","yoast_head_json":{"title":"Hundegliedma\u00dfen \u2013 Bandagieren-Training","description":"Simulations-Hundegliedma\u00dfen: Realistische Modelle zum \u00dcben von Bandagier-, Immobilisations- und g\u00e4ngigen Veterin\u00e4rpflegetechniken.","robots":{"index":"index","follow":"follow","max-snippet":"max-snippet:-1","max-image-preview":"max-image-preview:large","max-video-preview":"max-video-preview:-1"},"canonical":"https:\/\/lifesupportdistribution.fr\/de\/produkt\/hundegliedmassen-fuer-das-bandagieren-training\/","og_locale":"de_DE","og_type":"article","og_title":"Hundegliedma\u00dfen \u2013 Bandagieren-Training","og_description":"Simulations-Hundegliedma\u00dfen: Realistische Modelle zum \u00dcben von Bandagier-, Immobilisations- und g\u00e4ngigen Veterin\u00e4rpflegetechniken.","og_url":"https:\/\/lifesupportdistribution.fr\/de\/produkt\/hundegliedmassen-fuer-das-bandagieren-training\/","og_site_name":"Life Support Distribution","og_image":[{"width":520,"height":736,"url":"https:\/\/lifesupportdistribution.fr\/wp-content\/uploads\/2025\/11\/Photo-memb-bandage-canin-1.png","type":"image\/png"}],"twitter_card":"summary_large_image","twitter_misc":{"Gesch\u00e4tzte Lesezeit":"1\u00a0Minute"},"schema":{"@context":"https:\/\/schema.org","@graph":[{"@type":"WebPage","@id":"https:\/\/lifesupportdistribution.fr\/de\/produkt\/hundegliedmassen-fuer-das-bandagieren-training\/","url":"https:\/\/lifesupportdistribution.fr\/de\/produkt\/hundegliedmassen-fuer-das-bandagieren-training\/","name":"Hundegliedma\u00dfen \u2013 Bandagieren-Training","isPartOf":{"@id":"https:\/\/lifesupportdistribution.fr\/de\/#website"},"primaryImageOfPage":{"@id":"https:\/\/lifesupportdistribution.fr\/de\/produkt\/hundegliedmassen-fuer-das-bandagieren-training\/#primaryimage"},"image":{"@id":"https:\/\/lifesupportdistribution.fr\/de\/produkt\/hundegliedmassen-fuer-das-bandagieren-training\/#primaryimage"},"thumbnailUrl":"https:\/\/lifesupportdistribution.fr\/wp-content\/uploads\/2025\/11\/Photo-memb-bandage-canin-1.png","datePublished":"2025-11-27T22:02:46+00:00","description":"Simulations-Hundegliedma\u00dfen: Realistische Modelle zum \u00dcben von Bandagier-, Immobilisations- und g\u00e4ngigen Veterin\u00e4rpflegetechniken.","breadcrumb":{"@id":"https:\/\/lifesupportdistribution.fr\/de\/produkt\/hundegliedmassen-fuer-das-bandagieren-training\/#breadcrumb"},"inLanguage":"de","potentialAction":[{"@type":"ReadAction","target":["https:\/\/lifesupportdistribution.fr\/de\/produkt\/hundegliedmassen-fuer-das-bandagieren-training\/"]}]},{"@type":"ImageObject","inLanguage":"de","@id":"https:\/\/lifesupportdistribution.fr\/de\/produkt\/hundegliedmassen-fuer-das-bandagieren-training\/#primaryimage","url":"https:\/\/lifesupportdistribution.fr\/wp-content\/uploads\/2025\/11\/Photo-memb-bandage-canin-1.png","contentUrl":"https:\/\/lifesupportdistribution.fr\/wp-content\/uploads\/2025\/11\/Photo-memb-bandage-canin-1.png","width":520,"height":736},{"@type":"BreadcrumbList","@id":"https:\/\/lifesupportdistribution.fr\/de\/produkt\/hundegliedmassen-fuer-das-bandagieren-training\/#breadcrumb","itemListElement":[{"@type":"ListItem","position":1,"name":"Accueil","item":"https:\/\/lifesupportdistribution.fr\/de\/startseite\/"},{"@type":"ListItem","position":2,"name":"Shop","item":"https:\/\/lifesupportdistribution.fr\/de\/shop\/"},{"@type":"ListItem","position":3,"name":"Hundegliedma\u00dfen f\u00fcr das Bandagieren-Training"}]},{"@type":"WebSite","@id":"https:\/\/lifesupportdistribution.fr\/de\/#website","url":"https:\/\/lifesupportdistribution.fr\/de\/","name":"Life Support Distribution","description":"Solutions en simulation m\u00e9dicale","publisher":{"@id":"https:\/\/lifesupportdistribution.fr\/de\/#organization"},"potentialAction":[{"@type":"SearchAction","target":{"@type":"EntryPoint","urlTemplate":"https:\/\/lifesupportdistribution.fr\/de\/?s={search_term_string}"},"query-input":{"@type":"PropertyValueSpecification","valueRequired":true,"valueName":"search_term_string"}}],"inLanguage":"de"},{"@type":"Organization","@id":"https:\/\/lifesupportdistribution.fr\/de\/#organization","name":"Life Support Distribution","url":"https:\/\/lifesupportdistribution.fr\/de\/","logo":{"@type":"ImageObject","inLanguage":"de","@id":"https:\/\/lifesupportdistribution.fr\/de\/#\/schema\/logo\/image\/","url":"https:\/\/lifesupportdistribution.fr\/wp-content\/uploads\/2025\/10\/logo-life-support-distribution.svg","contentUrl":"https:\/\/lifesupportdistribution.fr\/wp-content\/uploads\/2025\/10\/logo-life-support-distribution.svg","width":698,"height":223,"caption":"Life Support Distribution"},"image":{"@id":"https:\/\/lifesupportdistribution.fr\/de\/#\/schema\/logo\/image\/"},"sameAs":["https:\/\/www.linkedin.com\/company\/life-support-distribution\/"]}]}},"_links":{"self":[{"href":"https:\/\/lifesupportdistribution.fr\/de\/wp-json\/wp\/v2\/product\/5678","targetHints":{"allow":["GET"]}}],"collection":[{"href":"https:\/\/lifesupportdistribution.fr\/de\/wp-json\/wp\/v2\/product"}],"about":[{"href":"https:\/\/lifesupportdistribution.fr\/de\/wp-json\/wp\/v2\/types\/product"}],"wp:featuredmedia":[{"embeddable":true,"href":"https:\/\/lifesupportdistribution.fr\/de\/wp-json\/wp\/v2\/media\/2470"}],"wp:attachment":[{"href":"https:\/\/lifesupportdistribution.fr\/de\/wp-json\/wp\/v2\/media?parent=5678"}],"wp:term":[{"taxonomy":"product_brand","embeddable":true,"href":"https:\/\/lifesupportdistribution.fr\/de\/wp-json\/wp\/v2\/product_brand?post=5678"},{"taxonomy":"product_cat","embeddable":true,"href":"https:\/\/lifesupportdistribution.fr\/de\/wp-json\/wp\/v2\/product_cat?post=5678"},{"taxonomy":"product_tag","embeddable":true,"href":"https:\/\/lifesupportdistribution.fr\/de\/wp-json\/wp\/v2\/product_tag?post=5678"}],"curies":[{"name":"wp","href":"https:\/\/api.w.org\/{rel}","templated":true}]}}