{"id":5690,"date":"2025-11-30T15:04:59","date_gmt":"2025-11-30T14:04:59","guid":{"rendered":"https:\/\/lifesupportdistribution.fr\/produits\/wiederverwendbare-gehirnkartuschen-fuer-bolzenschussgeraete\/"},"modified":"2025-11-30T15:04:59","modified_gmt":"2025-11-30T14:04:59","slug":"wiederverwendbare-gehirnkartuschen-fuer-bolzenschussgeraete","status":"publish","type":"product","link":"https:\/\/lifesupportdistribution.fr\/de\/produkt\/wiederverwendbare-gehirnkartuschen-fuer-bolzenschussgeraete\/","title":{"rendered":"Wiederverwendbare Gehirnkartuschen f\u00fcr Bolzenschussger\u00e4te"},"content":{"rendered":"<p>Diese Gehirnkartuschen bieten ein realistisches visuelles und taktiles Feedback, das f\u00fcr die Ausbildung in humaner T\u00f6tung im Veterin\u00e4r- oder Agrarbereich unerl\u00e4sslich ist.<br \/>\nJedes Modell enth\u00e4lt eine Sch\u00e4delplatte mit Haarbedeckung, die den Widerstand der Kopfhaut und die Knochendichte simuliert.<br \/>\nDie Silikon-Halbschalen k\u00f6nnen nach dem Schuss ge\u00f6ffnet werden, um den Penetrationseffekt des Bolzens zu beobachten, was ein pr\u00e4zises und messbares Lernen gew\u00e4hrleistet.<br \/>\nVollst\u00e4ndig wiederverwendbar und reinigbar, erm\u00f6glichen sie wiederholtes Training bei gleichzeitiger Reduzierung der Ersatzkosten.<\/p>\n","protected":false},"excerpt":{"rendered":"<p>Die wiederverwendbaren Gehirnkartuschen sind dazu konzipiert, die Trainingsmodelle f\u00fcr Bolzenschussger\u00e4te zu erg\u00e4nzen.<br \/>\nSie reproduzieren getreu die Struktur und Dichte des Tiergehirns und erm\u00f6glichen so die Bewertung von Flugbahn und Einschlagtiefe nach jedem Schuss.<br \/>\nHergestellt aus hochfestem Silikon, sind sie kompatibel mit den K\u00f6pfen von Holstein, Hereford, Marktschwein und Marktlamm.<\/p>\n","protected":false},"featured_media":2503,"template":"","meta":[],"product_brand":[214],"product_cat":[226],"product_tag":[240],"class_list":{"0":"post-5690","1":"product","2":"type-product","3":"status-publish","4":"has-post-thumbnail","6":"product_brand-vsi","7":"product_cat-simulatoren-fur-veterinarpflege","8":"product_tag-tiermedizin","10":"first","11":"instock","12":"shipping-taxable","13":"purchasable","14":"product-type-simple"},"yoast_head":"<!-- This site is optimized with the Yoast SEO plugin v26.8 - https:\/\/yoast.com\/product\/yoast-seo-wordpress\/ -->\n<title>Wiederverwendbare Gehirnkartuschen \u2013 Bolzenschussger\u00e4t<\/title>\n<meta name=\"description\" content=\"Wiederverwendbare Gehirnkartuschen f\u00fcr Bolzenschussger\u00e4te. F\u00fcr sicheres, dauerhaftes und realistisches Training von Bet\u00e4ubungsverfahren.\" \/>\n<meta name=\"robots\" content=\"index, follow, max-snippet:-1, max-image-preview:large, max-video-preview:-1\" \/>\n<link rel=\"canonical\" href=\"https:\/\/lifesupportdistribution.fr\/de\/produkt\/wiederverwendbare-gehirnkartuschen-fuer-bolzenschussgeraete\/\" \/>\n<meta property=\"og:locale\" content=\"de_DE\" \/>\n<meta property=\"og:type\" content=\"article\" \/>\n<meta property=\"og:title\" content=\"Wiederverwendbare Gehirnkartuschen \u2013 Bolzenschussger\u00e4t\" \/>\n<meta property=\"og:description\" content=\"Wiederverwendbare Gehirnkartuschen f\u00fcr Bolzenschussger\u00e4te. F\u00fcr sicheres, dauerhaftes und realistisches Training von Bet\u00e4ubungsverfahren.\" \/>\n<meta property=\"og:url\" content=\"https:\/\/lifesupportdistribution.fr\/de\/produkt\/wiederverwendbare-gehirnkartuschen-fuer-bolzenschussgeraete\/\" \/>\n<meta property=\"og:site_name\" content=\"Life Support Distribution\" \/>\n<meta property=\"og:image\" content=\"https:\/\/lifesupportdistribution.fr\/wp-content\/uploads\/2025\/11\/Photo-cart-cere-reutilisable-1.png\" \/>\n\t<meta property=\"og:image:width\" content=\"614\" \/>\n\t<meta property=\"og:image:height\" content=\"372\" \/>\n\t<meta property=\"og:image:type\" content=\"image\/png\" \/>\n<meta name=\"twitter:card\" content=\"summary_large_image\" \/>\n<script type=\"application\/ld+json\" class=\"yoast-schema-graph\">{\"@context\":\"https:\/\/schema.org\",\"@graph\":[{\"@type\":\"WebPage\",\"@id\":\"https:\/\/lifesupportdistribution.fr\/de\/produkt\/wiederverwendbare-gehirnkartuschen-fuer-bolzenschussgeraete\/\",\"url\":\"https:\/\/lifesupportdistribution.fr\/de\/produkt\/wiederverwendbare-gehirnkartuschen-fuer-bolzenschussgeraete\/\",\"name\":\"Wiederverwendbare Gehirnkartuschen \u2013 Bolzenschussger\u00e4t\",\"isPartOf\":{\"@id\":\"https:\/\/lifesupportdistribution.fr\/de\/#website\"},\"primaryImageOfPage\":{\"@id\":\"https:\/\/lifesupportdistribution.fr\/de\/produkt\/wiederverwendbare-gehirnkartuschen-fuer-bolzenschussgeraete\/#primaryimage\"},\"image\":{\"@id\":\"https:\/\/lifesupportdistribution.fr\/de\/produkt\/wiederverwendbare-gehirnkartuschen-fuer-bolzenschussgeraete\/#primaryimage\"},\"thumbnailUrl\":\"https:\/\/lifesupportdistribution.fr\/wp-content\/uploads\/2025\/11\/Photo-cart-cere-reutilisable-1.png\",\"datePublished\":\"2025-11-30T14:04:59+00:00\",\"description\":\"Wiederverwendbare Gehirnkartuschen f\u00fcr Bolzenschussger\u00e4te. F\u00fcr sicheres, dauerhaftes und realistisches Training von Bet\u00e4ubungsverfahren.\",\"breadcrumb\":{\"@id\":\"https:\/\/lifesupportdistribution.fr\/de\/produkt\/wiederverwendbare-gehirnkartuschen-fuer-bolzenschussgeraete\/#breadcrumb\"},\"inLanguage\":\"de\",\"potentialAction\":[{\"@type\":\"ReadAction\",\"target\":[\"https:\/\/lifesupportdistribution.fr\/de\/produkt\/wiederverwendbare-gehirnkartuschen-fuer-bolzenschussgeraete\/\"]}]},{\"@type\":\"ImageObject\",\"inLanguage\":\"de\",\"@id\":\"https:\/\/lifesupportdistribution.fr\/de\/produkt\/wiederverwendbare-gehirnkartuschen-fuer-bolzenschussgeraete\/#primaryimage\",\"url\":\"https:\/\/lifesupportdistribution.fr\/wp-content\/uploads\/2025\/11\/Photo-cart-cere-reutilisable-1.png\",\"contentUrl\":\"https:\/\/lifesupportdistribution.fr\/wp-content\/uploads\/2025\/11\/Photo-cart-cere-reutilisable-1.png\",\"width\":614,\"height\":372},{\"@type\":\"BreadcrumbList\",\"@id\":\"https:\/\/lifesupportdistribution.fr\/de\/produkt\/wiederverwendbare-gehirnkartuschen-fuer-bolzenschussgeraete\/#breadcrumb\",\"itemListElement\":[{\"@type\":\"ListItem\",\"position\":1,\"name\":\"Accueil\",\"item\":\"https:\/\/lifesupportdistribution.fr\/de\/startseite\/\"},{\"@type\":\"ListItem\",\"position\":2,\"name\":\"Shop\",\"item\":\"https:\/\/lifesupportdistribution.fr\/de\/shop\/\"},{\"@type\":\"ListItem\",\"position\":3,\"name\":\"Wiederverwendbare Gehirnkartuschen f\u00fcr Bolzenschussger\u00e4te\"}]},{\"@type\":\"WebSite\",\"@id\":\"https:\/\/lifesupportdistribution.fr\/de\/#website\",\"url\":\"https:\/\/lifesupportdistribution.fr\/de\/\",\"name\":\"Life Support Distribution\",\"description\":\"Solutions en simulation m\u00e9dicale\",\"publisher\":{\"@id\":\"https:\/\/lifesupportdistribution.fr\/de\/#organization\"},\"potentialAction\":[{\"@type\":\"SearchAction\",\"target\":{\"@type\":\"EntryPoint\",\"urlTemplate\":\"https:\/\/lifesupportdistribution.fr\/de\/?s={search_term_string}\"},\"query-input\":{\"@type\":\"PropertyValueSpecification\",\"valueRequired\":true,\"valueName\":\"search_term_string\"}}],\"inLanguage\":\"de\"},{\"@type\":\"Organization\",\"@id\":\"https:\/\/lifesupportdistribution.fr\/de\/#organization\",\"name\":\"Life Support Distribution\",\"url\":\"https:\/\/lifesupportdistribution.fr\/de\/\",\"logo\":{\"@type\":\"ImageObject\",\"inLanguage\":\"de\",\"@id\":\"https:\/\/lifesupportdistribution.fr\/de\/#\/schema\/logo\/image\/\",\"url\":\"https:\/\/lifesupportdistribution.fr\/wp-content\/uploads\/2025\/10\/logo-life-support-distribution.svg\",\"contentUrl\":\"https:\/\/lifesupportdistribution.fr\/wp-content\/uploads\/2025\/10\/logo-life-support-distribution.svg\",\"width\":698,\"height\":223,\"caption\":\"Life Support Distribution\"},\"image\":{\"@id\":\"https:\/\/lifesupportdistribution.fr\/de\/#\/schema\/logo\/image\/\"},\"sameAs\":[\"https:\/\/www.linkedin.com\/company\/life-support-distribution\/\"]}]}<\/script>\n<!-- \/ Yoast SEO plugin. -->","yoast_head_json":{"title":"Wiederverwendbare Gehirnkartuschen \u2013 Bolzenschussger\u00e4t","description":"Wiederverwendbare Gehirnkartuschen f\u00fcr Bolzenschussger\u00e4te. F\u00fcr sicheres, dauerhaftes und realistisches Training von Bet\u00e4ubungsverfahren.","robots":{"index":"index","follow":"follow","max-snippet":"max-snippet:-1","max-image-preview":"max-image-preview:large","max-video-preview":"max-video-preview:-1"},"canonical":"https:\/\/lifesupportdistribution.fr\/de\/produkt\/wiederverwendbare-gehirnkartuschen-fuer-bolzenschussgeraete\/","og_locale":"de_DE","og_type":"article","og_title":"Wiederverwendbare Gehirnkartuschen \u2013 Bolzenschussger\u00e4t","og_description":"Wiederverwendbare Gehirnkartuschen f\u00fcr Bolzenschussger\u00e4te. F\u00fcr sicheres, dauerhaftes und realistisches Training von Bet\u00e4ubungsverfahren.","og_url":"https:\/\/lifesupportdistribution.fr\/de\/produkt\/wiederverwendbare-gehirnkartuschen-fuer-bolzenschussgeraete\/","og_site_name":"Life Support Distribution","og_image":[{"width":614,"height":372,"url":"https:\/\/lifesupportdistribution.fr\/wp-content\/uploads\/2025\/11\/Photo-cart-cere-reutilisable-1.png","type":"image\/png"}],"twitter_card":"summary_large_image","schema":{"@context":"https:\/\/schema.org","@graph":[{"@type":"WebPage","@id":"https:\/\/lifesupportdistribution.fr\/de\/produkt\/wiederverwendbare-gehirnkartuschen-fuer-bolzenschussgeraete\/","url":"https:\/\/lifesupportdistribution.fr\/de\/produkt\/wiederverwendbare-gehirnkartuschen-fuer-bolzenschussgeraete\/","name":"Wiederverwendbare Gehirnkartuschen \u2013 Bolzenschussger\u00e4t","isPartOf":{"@id":"https:\/\/lifesupportdistribution.fr\/de\/#website"},"primaryImageOfPage":{"@id":"https:\/\/lifesupportdistribution.fr\/de\/produkt\/wiederverwendbare-gehirnkartuschen-fuer-bolzenschussgeraete\/#primaryimage"},"image":{"@id":"https:\/\/lifesupportdistribution.fr\/de\/produkt\/wiederverwendbare-gehirnkartuschen-fuer-bolzenschussgeraete\/#primaryimage"},"thumbnailUrl":"https:\/\/lifesupportdistribution.fr\/wp-content\/uploads\/2025\/11\/Photo-cart-cere-reutilisable-1.png","datePublished":"2025-11-30T14:04:59+00:00","description":"Wiederverwendbare Gehirnkartuschen f\u00fcr Bolzenschussger\u00e4te. F\u00fcr sicheres, dauerhaftes und realistisches Training von Bet\u00e4ubungsverfahren.","breadcrumb":{"@id":"https:\/\/lifesupportdistribution.fr\/de\/produkt\/wiederverwendbare-gehirnkartuschen-fuer-bolzenschussgeraete\/#breadcrumb"},"inLanguage":"de","potentialAction":[{"@type":"ReadAction","target":["https:\/\/lifesupportdistribution.fr\/de\/produkt\/wiederverwendbare-gehirnkartuschen-fuer-bolzenschussgeraete\/"]}]},{"@type":"ImageObject","inLanguage":"de","@id":"https:\/\/lifesupportdistribution.fr\/de\/produkt\/wiederverwendbare-gehirnkartuschen-fuer-bolzenschussgeraete\/#primaryimage","url":"https:\/\/lifesupportdistribution.fr\/wp-content\/uploads\/2025\/11\/Photo-cart-cere-reutilisable-1.png","contentUrl":"https:\/\/lifesupportdistribution.fr\/wp-content\/uploads\/2025\/11\/Photo-cart-cere-reutilisable-1.png","width":614,"height":372},{"@type":"BreadcrumbList","@id":"https:\/\/lifesupportdistribution.fr\/de\/produkt\/wiederverwendbare-gehirnkartuschen-fuer-bolzenschussgeraete\/#breadcrumb","itemListElement":[{"@type":"ListItem","position":1,"name":"Accueil","item":"https:\/\/lifesupportdistribution.fr\/de\/startseite\/"},{"@type":"ListItem","position":2,"name":"Shop","item":"https:\/\/lifesupportdistribution.fr\/de\/shop\/"},{"@type":"ListItem","position":3,"name":"Wiederverwendbare Gehirnkartuschen f\u00fcr Bolzenschussger\u00e4te"}]},{"@type":"WebSite","@id":"https:\/\/lifesupportdistribution.fr\/de\/#website","url":"https:\/\/lifesupportdistribution.fr\/de\/","name":"Life Support Distribution","description":"Solutions en simulation m\u00e9dicale","publisher":{"@id":"https:\/\/lifesupportdistribution.fr\/de\/#organization"},"potentialAction":[{"@type":"SearchAction","target":{"@type":"EntryPoint","urlTemplate":"https:\/\/lifesupportdistribution.fr\/de\/?s={search_term_string}"},"query-input":{"@type":"PropertyValueSpecification","valueRequired":true,"valueName":"search_term_string"}}],"inLanguage":"de"},{"@type":"Organization","@id":"https:\/\/lifesupportdistribution.fr\/de\/#organization","name":"Life Support Distribution","url":"https:\/\/lifesupportdistribution.fr\/de\/","logo":{"@type":"ImageObject","inLanguage":"de","@id":"https:\/\/lifesupportdistribution.fr\/de\/#\/schema\/logo\/image\/","url":"https:\/\/lifesupportdistribution.fr\/wp-content\/uploads\/2025\/10\/logo-life-support-distribution.svg","contentUrl":"https:\/\/lifesupportdistribution.fr\/wp-content\/uploads\/2025\/10\/logo-life-support-distribution.svg","width":698,"height":223,"caption":"Life Support Distribution"},"image":{"@id":"https:\/\/lifesupportdistribution.fr\/de\/#\/schema\/logo\/image\/"},"sameAs":["https:\/\/www.linkedin.com\/company\/life-support-distribution\/"]}]}},"_links":{"self":[{"href":"https:\/\/lifesupportdistribution.fr\/de\/wp-json\/wp\/v2\/product\/5690","targetHints":{"allow":["GET"]}}],"collection":[{"href":"https:\/\/lifesupportdistribution.fr\/de\/wp-json\/wp\/v2\/product"}],"about":[{"href":"https:\/\/lifesupportdistribution.fr\/de\/wp-json\/wp\/v2\/types\/product"}],"wp:featuredmedia":[{"embeddable":true,"href":"https:\/\/lifesupportdistribution.fr\/de\/wp-json\/wp\/v2\/media\/2503"}],"wp:attachment":[{"href":"https:\/\/lifesupportdistribution.fr\/de\/wp-json\/wp\/v2\/media?parent=5690"}],"wp:term":[{"taxonomy":"product_brand","embeddable":true,"href":"https:\/\/lifesupportdistribution.fr\/de\/wp-json\/wp\/v2\/product_brand?post=5690"},{"taxonomy":"product_cat","embeddable":true,"href":"https:\/\/lifesupportdistribution.fr\/de\/wp-json\/wp\/v2\/product_cat?post=5690"},{"taxonomy":"product_tag","embeddable":true,"href":"https:\/\/lifesupportdistribution.fr\/de\/wp-json\/wp\/v2\/product_tag?post=5690"}],"curies":[{"name":"wp","href":"https:\/\/api.w.org\/{rel}","templated":true}]}}