{"id":5695,"date":"2025-11-30T15:50:03","date_gmt":"2025-11-30T14:50:03","guid":{"rendered":"https:\/\/lifesupportdistribution.fr\/produits\/ersatzohren-fuer-rindermodelle\/"},"modified":"2025-11-30T15:50:03","modified_gmt":"2025-11-30T14:50:03","slug":"ersatzohren-fuer-rindermodelle","status":"publish","type":"product","link":"https:\/\/lifesupportdistribution.fr\/de\/produkt\/ersatzohren-fuer-rindermodelle\/","title":{"rendered":"Ersatzohren f\u00fcr Rindermodelle"},"content":{"rendered":"<p>Diese Ersatzohren verl\u00e4ngern die Nutzungsdauer von Rindersimulatoren und bewahren dabei ein hohes Ma\u00df an p\u00e4dagogischem Realismus.<br \/>\nSie sind einfach zu installieren und zu entfernen und passen perfekt zu den bereits im Einsatz befindlichen VSI-Kopfmodellen.<br \/>\nIhr robustes Design erm\u00f6glicht den wiederholten Einsatz im Rahmen von Schulungen zur Fixierung, Handhabung oder Ohrenidentifikation (Anbringen von Ohrmarken, T\u00e4towierung, Gesundheitskontrolle usw.).<br \/>\nErh\u00e4ltlich in verschiedenen Ausf\u00fchrungen je nach simulierter Rasse, behalten sie ein realit\u00e4tsnahes Aussehen und eine realit\u00e4tsnahe Textur bei.<\/p>\n","protected":false},"excerpt":{"rendered":"<p>Die VSI-Ersatzohren sind speziell f\u00fcr die Rindermodelle Holstein, Hereford und Marktrind konzipiert.<br \/>\nHergestellt aus einem weichen und langlebigen Material, bilden sie die Textur und Flexibilit\u00e4t des echten Ohres naturgetreu nach, was einen optimalen Realismus f\u00fcr Manipulations-, Identifikations- und Markierungs\u00fcbungen gew\u00e4hrleistet.<\/p>\n","protected":false},"featured_media":2509,"template":"","meta":[],"product_brand":[214],"product_cat":[227],"product_tag":[],"class_list":{"0":"post-5695","1":"product","2":"type-product","3":"status-publish","4":"has-post-thumbnail","6":"product_brand-vsi","7":"product_cat-zubehor-und-ersatzteile","9":"first","10":"instock","11":"shipping-taxable","12":"purchasable","13":"product-type-simple"},"yoast_head":"<!-- This site is optimized with the Yoast SEO plugin v26.8 - https:\/\/yoast.com\/product\/yoast-seo-wordpress\/ -->\n<title>Ersatz-Rinderohren \u2013 Modelle<\/title>\n<meta name=\"description\" content=\"Ersatzohren f\u00fcr Rinder-Trainingsmodelle. Ideal zum \u00dcben des Anbringens von Ohrmarken und pr\u00e4ziser Fixierungsgriffe.\" \/>\n<meta name=\"robots\" content=\"index, follow, max-snippet:-1, max-image-preview:large, max-video-preview:-1\" \/>\n<link rel=\"canonical\" href=\"https:\/\/lifesupportdistribution.fr\/de\/produkt\/ersatzohren-fuer-rindermodelle\/\" \/>\n<meta property=\"og:locale\" content=\"de_DE\" \/>\n<meta property=\"og:type\" content=\"article\" \/>\n<meta property=\"og:title\" content=\"Ersatz-Rinderohren \u2013 Modelle\" \/>\n<meta property=\"og:description\" content=\"Ersatzohren f\u00fcr Rinder-Trainingsmodelle. Ideal zum \u00dcben des Anbringens von Ohrmarken und pr\u00e4ziser Fixierungsgriffe.\" \/>\n<meta property=\"og:url\" content=\"https:\/\/lifesupportdistribution.fr\/de\/produkt\/ersatzohren-fuer-rindermodelle\/\" \/>\n<meta property=\"og:site_name\" content=\"Life Support Distribution\" \/>\n<meta property=\"og:image\" content=\"https:\/\/lifesupportdistribution.fr\/wp-content\/uploads\/2025\/11\/Photo-oreilles-vsi-1.png\" \/>\n\t<meta property=\"og:image:width\" content=\"736\" \/>\n\t<meta property=\"og:image:height\" content=\"376\" \/>\n\t<meta property=\"og:image:type\" content=\"image\/png\" \/>\n<meta name=\"twitter:card\" content=\"summary_large_image\" \/>\n<script type=\"application\/ld+json\" class=\"yoast-schema-graph\">{\"@context\":\"https:\/\/schema.org\",\"@graph\":[{\"@type\":\"WebPage\",\"@id\":\"https:\/\/lifesupportdistribution.fr\/de\/produkt\/ersatzohren-fuer-rindermodelle\/\",\"url\":\"https:\/\/lifesupportdistribution.fr\/de\/produkt\/ersatzohren-fuer-rindermodelle\/\",\"name\":\"Ersatz-Rinderohren \u2013 Modelle\",\"isPartOf\":{\"@id\":\"https:\/\/lifesupportdistribution.fr\/de\/#website\"},\"primaryImageOfPage\":{\"@id\":\"https:\/\/lifesupportdistribution.fr\/de\/produkt\/ersatzohren-fuer-rindermodelle\/#primaryimage\"},\"image\":{\"@id\":\"https:\/\/lifesupportdistribution.fr\/de\/produkt\/ersatzohren-fuer-rindermodelle\/#primaryimage\"},\"thumbnailUrl\":\"https:\/\/lifesupportdistribution.fr\/wp-content\/uploads\/2025\/11\/Photo-oreilles-vsi-1.png\",\"datePublished\":\"2025-11-30T14:50:03+00:00\",\"description\":\"Ersatzohren f\u00fcr Rinder-Trainingsmodelle. Ideal zum \u00dcben des Anbringens von Ohrmarken und pr\u00e4ziser Fixierungsgriffe.\",\"breadcrumb\":{\"@id\":\"https:\/\/lifesupportdistribution.fr\/de\/produkt\/ersatzohren-fuer-rindermodelle\/#breadcrumb\"},\"inLanguage\":\"de\",\"potentialAction\":[{\"@type\":\"ReadAction\",\"target\":[\"https:\/\/lifesupportdistribution.fr\/de\/produkt\/ersatzohren-fuer-rindermodelle\/\"]}]},{\"@type\":\"ImageObject\",\"inLanguage\":\"de\",\"@id\":\"https:\/\/lifesupportdistribution.fr\/de\/produkt\/ersatzohren-fuer-rindermodelle\/#primaryimage\",\"url\":\"https:\/\/lifesupportdistribution.fr\/wp-content\/uploads\/2025\/11\/Photo-oreilles-vsi-1.png\",\"contentUrl\":\"https:\/\/lifesupportdistribution.fr\/wp-content\/uploads\/2025\/11\/Photo-oreilles-vsi-1.png\",\"width\":736,\"height\":376},{\"@type\":\"BreadcrumbList\",\"@id\":\"https:\/\/lifesupportdistribution.fr\/de\/produkt\/ersatzohren-fuer-rindermodelle\/#breadcrumb\",\"itemListElement\":[{\"@type\":\"ListItem\",\"position\":1,\"name\":\"Accueil\",\"item\":\"https:\/\/lifesupportdistribution.fr\/de\/startseite\/\"},{\"@type\":\"ListItem\",\"position\":2,\"name\":\"Shop\",\"item\":\"https:\/\/lifesupportdistribution.fr\/de\/shop\/\"},{\"@type\":\"ListItem\",\"position\":3,\"name\":\"Ersatzohren f\u00fcr Rindermodelle\"}]},{\"@type\":\"WebSite\",\"@id\":\"https:\/\/lifesupportdistribution.fr\/de\/#website\",\"url\":\"https:\/\/lifesupportdistribution.fr\/de\/\",\"name\":\"Life Support Distribution\",\"description\":\"Solutions en simulation m\u00e9dicale\",\"publisher\":{\"@id\":\"https:\/\/lifesupportdistribution.fr\/de\/#organization\"},\"potentialAction\":[{\"@type\":\"SearchAction\",\"target\":{\"@type\":\"EntryPoint\",\"urlTemplate\":\"https:\/\/lifesupportdistribution.fr\/de\/?s={search_term_string}\"},\"query-input\":{\"@type\":\"PropertyValueSpecification\",\"valueRequired\":true,\"valueName\":\"search_term_string\"}}],\"inLanguage\":\"de\"},{\"@type\":\"Organization\",\"@id\":\"https:\/\/lifesupportdistribution.fr\/de\/#organization\",\"name\":\"Life Support Distribution\",\"url\":\"https:\/\/lifesupportdistribution.fr\/de\/\",\"logo\":{\"@type\":\"ImageObject\",\"inLanguage\":\"de\",\"@id\":\"https:\/\/lifesupportdistribution.fr\/de\/#\/schema\/logo\/image\/\",\"url\":\"https:\/\/lifesupportdistribution.fr\/wp-content\/uploads\/2025\/10\/logo-life-support-distribution.svg\",\"contentUrl\":\"https:\/\/lifesupportdistribution.fr\/wp-content\/uploads\/2025\/10\/logo-life-support-distribution.svg\",\"width\":698,\"height\":223,\"caption\":\"Life Support Distribution\"},\"image\":{\"@id\":\"https:\/\/lifesupportdistribution.fr\/de\/#\/schema\/logo\/image\/\"},\"sameAs\":[\"https:\/\/www.linkedin.com\/company\/life-support-distribution\/\"]}]}<\/script>\n<!-- \/ Yoast SEO plugin. -->","yoast_head_json":{"title":"Ersatz-Rinderohren \u2013 Modelle","description":"Ersatzohren f\u00fcr Rinder-Trainingsmodelle. Ideal zum \u00dcben des Anbringens von Ohrmarken und pr\u00e4ziser Fixierungsgriffe.","robots":{"index":"index","follow":"follow","max-snippet":"max-snippet:-1","max-image-preview":"max-image-preview:large","max-video-preview":"max-video-preview:-1"},"canonical":"https:\/\/lifesupportdistribution.fr\/de\/produkt\/ersatzohren-fuer-rindermodelle\/","og_locale":"de_DE","og_type":"article","og_title":"Ersatz-Rinderohren \u2013 Modelle","og_description":"Ersatzohren f\u00fcr Rinder-Trainingsmodelle. Ideal zum \u00dcben des Anbringens von Ohrmarken und pr\u00e4ziser Fixierungsgriffe.","og_url":"https:\/\/lifesupportdistribution.fr\/de\/produkt\/ersatzohren-fuer-rindermodelle\/","og_site_name":"Life Support Distribution","og_image":[{"width":736,"height":376,"url":"https:\/\/lifesupportdistribution.fr\/wp-content\/uploads\/2025\/11\/Photo-oreilles-vsi-1.png","type":"image\/png"}],"twitter_card":"summary_large_image","schema":{"@context":"https:\/\/schema.org","@graph":[{"@type":"WebPage","@id":"https:\/\/lifesupportdistribution.fr\/de\/produkt\/ersatzohren-fuer-rindermodelle\/","url":"https:\/\/lifesupportdistribution.fr\/de\/produkt\/ersatzohren-fuer-rindermodelle\/","name":"Ersatz-Rinderohren \u2013 Modelle","isPartOf":{"@id":"https:\/\/lifesupportdistribution.fr\/de\/#website"},"primaryImageOfPage":{"@id":"https:\/\/lifesupportdistribution.fr\/de\/produkt\/ersatzohren-fuer-rindermodelle\/#primaryimage"},"image":{"@id":"https:\/\/lifesupportdistribution.fr\/de\/produkt\/ersatzohren-fuer-rindermodelle\/#primaryimage"},"thumbnailUrl":"https:\/\/lifesupportdistribution.fr\/wp-content\/uploads\/2025\/11\/Photo-oreilles-vsi-1.png","datePublished":"2025-11-30T14:50:03+00:00","description":"Ersatzohren f\u00fcr Rinder-Trainingsmodelle. Ideal zum \u00dcben des Anbringens von Ohrmarken und pr\u00e4ziser Fixierungsgriffe.","breadcrumb":{"@id":"https:\/\/lifesupportdistribution.fr\/de\/produkt\/ersatzohren-fuer-rindermodelle\/#breadcrumb"},"inLanguage":"de","potentialAction":[{"@type":"ReadAction","target":["https:\/\/lifesupportdistribution.fr\/de\/produkt\/ersatzohren-fuer-rindermodelle\/"]}]},{"@type":"ImageObject","inLanguage":"de","@id":"https:\/\/lifesupportdistribution.fr\/de\/produkt\/ersatzohren-fuer-rindermodelle\/#primaryimage","url":"https:\/\/lifesupportdistribution.fr\/wp-content\/uploads\/2025\/11\/Photo-oreilles-vsi-1.png","contentUrl":"https:\/\/lifesupportdistribution.fr\/wp-content\/uploads\/2025\/11\/Photo-oreilles-vsi-1.png","width":736,"height":376},{"@type":"BreadcrumbList","@id":"https:\/\/lifesupportdistribution.fr\/de\/produkt\/ersatzohren-fuer-rindermodelle\/#breadcrumb","itemListElement":[{"@type":"ListItem","position":1,"name":"Accueil","item":"https:\/\/lifesupportdistribution.fr\/de\/startseite\/"},{"@type":"ListItem","position":2,"name":"Shop","item":"https:\/\/lifesupportdistribution.fr\/de\/shop\/"},{"@type":"ListItem","position":3,"name":"Ersatzohren f\u00fcr Rindermodelle"}]},{"@type":"WebSite","@id":"https:\/\/lifesupportdistribution.fr\/de\/#website","url":"https:\/\/lifesupportdistribution.fr\/de\/","name":"Life Support Distribution","description":"Solutions en simulation m\u00e9dicale","publisher":{"@id":"https:\/\/lifesupportdistribution.fr\/de\/#organization"},"potentialAction":[{"@type":"SearchAction","target":{"@type":"EntryPoint","urlTemplate":"https:\/\/lifesupportdistribution.fr\/de\/?s={search_term_string}"},"query-input":{"@type":"PropertyValueSpecification","valueRequired":true,"valueName":"search_term_string"}}],"inLanguage":"de"},{"@type":"Organization","@id":"https:\/\/lifesupportdistribution.fr\/de\/#organization","name":"Life Support Distribution","url":"https:\/\/lifesupportdistribution.fr\/de\/","logo":{"@type":"ImageObject","inLanguage":"de","@id":"https:\/\/lifesupportdistribution.fr\/de\/#\/schema\/logo\/image\/","url":"https:\/\/lifesupportdistribution.fr\/wp-content\/uploads\/2025\/10\/logo-life-support-distribution.svg","contentUrl":"https:\/\/lifesupportdistribution.fr\/wp-content\/uploads\/2025\/10\/logo-life-support-distribution.svg","width":698,"height":223,"caption":"Life Support Distribution"},"image":{"@id":"https:\/\/lifesupportdistribution.fr\/de\/#\/schema\/logo\/image\/"},"sameAs":["https:\/\/www.linkedin.com\/company\/life-support-distribution\/"]}]}},"_links":{"self":[{"href":"https:\/\/lifesupportdistribution.fr\/de\/wp-json\/wp\/v2\/product\/5695","targetHints":{"allow":["GET"]}}],"collection":[{"href":"https:\/\/lifesupportdistribution.fr\/de\/wp-json\/wp\/v2\/product"}],"about":[{"href":"https:\/\/lifesupportdistribution.fr\/de\/wp-json\/wp\/v2\/types\/product"}],"wp:featuredmedia":[{"embeddable":true,"href":"https:\/\/lifesupportdistribution.fr\/de\/wp-json\/wp\/v2\/media\/2509"}],"wp:attachment":[{"href":"https:\/\/lifesupportdistribution.fr\/de\/wp-json\/wp\/v2\/media?parent=5695"}],"wp:term":[{"taxonomy":"product_brand","embeddable":true,"href":"https:\/\/lifesupportdistribution.fr\/de\/wp-json\/wp\/v2\/product_brand?post=5695"},{"taxonomy":"product_cat","embeddable":true,"href":"https:\/\/lifesupportdistribution.fr\/de\/wp-json\/wp\/v2\/product_cat?post=5695"},{"taxonomy":"product_tag","embeddable":true,"href":"https:\/\/lifesupportdistribution.fr\/de\/wp-json\/wp\/v2\/product_tag?post=5695"}],"curies":[{"name":"wp","href":"https:\/\/api.w.org\/{rel}","templated":true}]}}