{"id":5696,"date":"2025-11-30T17:32:24","date_gmt":"2025-11-30T16:32:24","guid":{"rendered":"https:\/\/lifesupportdistribution.fr\/produits\/ultraschall-pad-knochenbruch\/"},"modified":"2025-11-30T17:32:24","modified_gmt":"2025-11-30T16:32:24","slug":"ultraschall-pad-knochenbruch","status":"publish","type":"product","link":"https:\/\/lifesupportdistribution.fr\/de\/produkt\/ultraschall-pad-knochenbruch\/","title":{"rendered":"Ultraschall-Pad Knochenbruch"},"content":{"rendered":"<p>Das VATA Pad 0711 \/ 0712 reproduziert Knochenstrukturen, die verschiedene klinische Situationen simulieren, von gesundem Knochen bis hin zu einfachen und komplexen Frakturen. Es enth\u00e4lt f\u00fcnf integrierte Knochen: drei oberfl\u00e4chlich und zwei tiefer liegend, wobei jeder ein unterschiedliches L\u00e4sionsniveau aufweist. Dieses Design erm\u00f6glicht es, das Auge und die Hand des Praktikers darin zu schulen, Knochenkontinuit\u00e4tsst\u00f6rungen zu erkennen, die Tiefe zu beurteilen und die Handhabung der Ultraschallsonde anzupassen.<br \/>\nDas hautfarbene Simulationsmaterial imitiert perfekt die Dichte menschlicher Gewebe und gew\u00e4hrleistet eine klare visuelle R\u00fcckmeldung und eine exzellente Ultraschall\u00fcbertragung. Dank seines durchdachten Designs und seiner vielf\u00e4ltigen Hautt\u00f6ne passt sich dieses Modell allen klinischen und p\u00e4dagogischen Schulungen an.   <\/p>\n","protected":false},"excerpt":{"rendered":"<p>Das VATA Ultraschall-Pad Knochenbruch ist ein hochpr\u00e4ziser Simulator, konzipiert f\u00fcr das Training zur Lokalisierung und Identifizierung von Knochenbr\u00fcchen mittels Ultraschall. Es reproduziert naturgetreu die Textur und den Widerstand menschlichen Gewebes und bietet ein realistisches sensorisches Erlebnis sowie eine au\u00dfergew\u00f6hnliche Bildwiedergabe. Dieses Modell erm\u00f6glicht es Fachleuten und Studenten, ihre F\u00e4higkeiten bei der Erkennung oberfl\u00e4chlicher und tiefer Frakturen in einer sicheren und reproduzierbaren Lernumgebung zu perfektionieren.  <\/p>\n","protected":false},"featured_media":2531,"template":"","meta":[],"product_brand":[213],"product_cat":[222],"product_tag":[236,248,255],"class_list":{"0":"post-5696","1":"product","2":"type-product","3":"status-publish","4":"has-post-thumbnail","6":"product_brand-vata","7":"product_cat-simulatoren-fur-medizinische-versorgung","8":"product_tag-notfallmedizin","9":"product_tag-radiologie","10":"product_tag-traumatologie","12":"first","13":"instock","14":"shipping-taxable","15":"purchasable","16":"product-type-simple"},"yoast_head":"<!-- This site is optimized with the Yoast SEO plugin v26.8 - https:\/\/yoast.com\/product\/yoast-seo-wordpress\/ -->\n<title>VATA Ultraschall-Pad Knochenbruch<\/title>\n<meta name=\"description\" content=\"VATA Ultraschall-Pad zur Simulation von Knochenbr\u00fcchen. Ideal zum \u00dcben der Erkennung, Lokalisierung und sicheren gef\u00fchrten Praxis.\" \/>\n<meta name=\"robots\" content=\"index, follow, max-snippet:-1, max-image-preview:large, max-video-preview:-1\" \/>\n<link rel=\"canonical\" href=\"https:\/\/lifesupportdistribution.fr\/de\/produkt\/ultraschall-pad-knochenbruch\/\" \/>\n<meta property=\"og:locale\" content=\"de_DE\" \/>\n<meta property=\"og:type\" content=\"article\" \/>\n<meta property=\"og:title\" content=\"VATA Ultraschall-Pad Knochenbruch\" \/>\n<meta property=\"og:description\" content=\"VATA Ultraschall-Pad zur Simulation von Knochenbr\u00fcchen. Ideal zum \u00dcben der Erkennung, Lokalisierung und sicheren gef\u00fchrten Praxis.\" \/>\n<meta property=\"og:url\" content=\"https:\/\/lifesupportdistribution.fr\/de\/produkt\/ultraschall-pad-knochenbruch\/\" \/>\n<meta property=\"og:site_name\" content=\"Life Support Distribution\" \/>\n<meta property=\"og:image\" content=\"https:\/\/lifesupportdistribution.fr\/wp-content\/uploads\/2025\/11\/Pad-dechographie-fracture-osseuse-07110712.png\" \/>\n\t<meta property=\"og:image:width\" content=\"426\" \/>\n\t<meta property=\"og:image:height\" content=\"540\" \/>\n\t<meta property=\"og:image:type\" content=\"image\/png\" \/>\n<meta name=\"twitter:card\" content=\"summary_large_image\" \/>\n<meta name=\"twitter:label1\" content=\"Gesch\u00e4tzte Lesezeit\" \/>\n\t<meta name=\"twitter:data1\" content=\"1\u00a0Minute\" \/>\n<script type=\"application\/ld+json\" class=\"yoast-schema-graph\">{\"@context\":\"https:\/\/schema.org\",\"@graph\":[{\"@type\":\"WebPage\",\"@id\":\"https:\/\/lifesupportdistribution.fr\/de\/produkt\/ultraschall-pad-knochenbruch\/\",\"url\":\"https:\/\/lifesupportdistribution.fr\/de\/produkt\/ultraschall-pad-knochenbruch\/\",\"name\":\"VATA Ultraschall-Pad Knochenbruch\",\"isPartOf\":{\"@id\":\"https:\/\/lifesupportdistribution.fr\/de\/#website\"},\"primaryImageOfPage\":{\"@id\":\"https:\/\/lifesupportdistribution.fr\/de\/produkt\/ultraschall-pad-knochenbruch\/#primaryimage\"},\"image\":{\"@id\":\"https:\/\/lifesupportdistribution.fr\/de\/produkt\/ultraschall-pad-knochenbruch\/#primaryimage\"},\"thumbnailUrl\":\"https:\/\/lifesupportdistribution.fr\/wp-content\/uploads\/2025\/11\/Pad-dechographie-fracture-osseuse-07110712.png\",\"datePublished\":\"2025-11-30T16:32:24+00:00\",\"description\":\"VATA Ultraschall-Pad zur Simulation von Knochenbr\u00fcchen. Ideal zum \u00dcben der Erkennung, Lokalisierung und sicheren gef\u00fchrten Praxis.\",\"breadcrumb\":{\"@id\":\"https:\/\/lifesupportdistribution.fr\/de\/produkt\/ultraschall-pad-knochenbruch\/#breadcrumb\"},\"inLanguage\":\"de\",\"potentialAction\":[{\"@type\":\"ReadAction\",\"target\":[\"https:\/\/lifesupportdistribution.fr\/de\/produkt\/ultraschall-pad-knochenbruch\/\"]}]},{\"@type\":\"ImageObject\",\"inLanguage\":\"de\",\"@id\":\"https:\/\/lifesupportdistribution.fr\/de\/produkt\/ultraschall-pad-knochenbruch\/#primaryimage\",\"url\":\"https:\/\/lifesupportdistribution.fr\/wp-content\/uploads\/2025\/11\/Pad-dechographie-fracture-osseuse-07110712.png\",\"contentUrl\":\"https:\/\/lifesupportdistribution.fr\/wp-content\/uploads\/2025\/11\/Pad-dechographie-fracture-osseuse-07110712.png\",\"width\":426,\"height\":540},{\"@type\":\"BreadcrumbList\",\"@id\":\"https:\/\/lifesupportdistribution.fr\/de\/produkt\/ultraschall-pad-knochenbruch\/#breadcrumb\",\"itemListElement\":[{\"@type\":\"ListItem\",\"position\":1,\"name\":\"Accueil\",\"item\":\"https:\/\/lifesupportdistribution.fr\/de\/startseite\/\"},{\"@type\":\"ListItem\",\"position\":2,\"name\":\"Shop\",\"item\":\"https:\/\/lifesupportdistribution.fr\/de\/shop\/\"},{\"@type\":\"ListItem\",\"position\":3,\"name\":\"Ultraschall-Pad Knochenbruch\"}]},{\"@type\":\"WebSite\",\"@id\":\"https:\/\/lifesupportdistribution.fr\/de\/#website\",\"url\":\"https:\/\/lifesupportdistribution.fr\/de\/\",\"name\":\"Life Support Distribution\",\"description\":\"Solutions en simulation m\u00e9dicale\",\"publisher\":{\"@id\":\"https:\/\/lifesupportdistribution.fr\/de\/#organization\"},\"potentialAction\":[{\"@type\":\"SearchAction\",\"target\":{\"@type\":\"EntryPoint\",\"urlTemplate\":\"https:\/\/lifesupportdistribution.fr\/de\/?s={search_term_string}\"},\"query-input\":{\"@type\":\"PropertyValueSpecification\",\"valueRequired\":true,\"valueName\":\"search_term_string\"}}],\"inLanguage\":\"de\"},{\"@type\":\"Organization\",\"@id\":\"https:\/\/lifesupportdistribution.fr\/de\/#organization\",\"name\":\"Life Support Distribution\",\"url\":\"https:\/\/lifesupportdistribution.fr\/de\/\",\"logo\":{\"@type\":\"ImageObject\",\"inLanguage\":\"de\",\"@id\":\"https:\/\/lifesupportdistribution.fr\/de\/#\/schema\/logo\/image\/\",\"url\":\"https:\/\/lifesupportdistribution.fr\/wp-content\/uploads\/2025\/10\/logo-life-support-distribution.svg\",\"contentUrl\":\"https:\/\/lifesupportdistribution.fr\/wp-content\/uploads\/2025\/10\/logo-life-support-distribution.svg\",\"width\":698,\"height\":223,\"caption\":\"Life Support Distribution\"},\"image\":{\"@id\":\"https:\/\/lifesupportdistribution.fr\/de\/#\/schema\/logo\/image\/\"},\"sameAs\":[\"https:\/\/www.linkedin.com\/company\/life-support-distribution\/\"]}]}<\/script>\n<!-- \/ Yoast SEO plugin. -->","yoast_head_json":{"title":"VATA Ultraschall-Pad Knochenbruch","description":"VATA Ultraschall-Pad zur Simulation von Knochenbr\u00fcchen. Ideal zum \u00dcben der Erkennung, Lokalisierung und sicheren gef\u00fchrten Praxis.","robots":{"index":"index","follow":"follow","max-snippet":"max-snippet:-1","max-image-preview":"max-image-preview:large","max-video-preview":"max-video-preview:-1"},"canonical":"https:\/\/lifesupportdistribution.fr\/de\/produkt\/ultraschall-pad-knochenbruch\/","og_locale":"de_DE","og_type":"article","og_title":"VATA Ultraschall-Pad Knochenbruch","og_description":"VATA Ultraschall-Pad zur Simulation von Knochenbr\u00fcchen. Ideal zum \u00dcben der Erkennung, Lokalisierung und sicheren gef\u00fchrten Praxis.","og_url":"https:\/\/lifesupportdistribution.fr\/de\/produkt\/ultraschall-pad-knochenbruch\/","og_site_name":"Life Support Distribution","og_image":[{"width":426,"height":540,"url":"https:\/\/lifesupportdistribution.fr\/wp-content\/uploads\/2025\/11\/Pad-dechographie-fracture-osseuse-07110712.png","type":"image\/png"}],"twitter_card":"summary_large_image","twitter_misc":{"Gesch\u00e4tzte Lesezeit":"1\u00a0Minute"},"schema":{"@context":"https:\/\/schema.org","@graph":[{"@type":"WebPage","@id":"https:\/\/lifesupportdistribution.fr\/de\/produkt\/ultraschall-pad-knochenbruch\/","url":"https:\/\/lifesupportdistribution.fr\/de\/produkt\/ultraschall-pad-knochenbruch\/","name":"VATA Ultraschall-Pad Knochenbruch","isPartOf":{"@id":"https:\/\/lifesupportdistribution.fr\/de\/#website"},"primaryImageOfPage":{"@id":"https:\/\/lifesupportdistribution.fr\/de\/produkt\/ultraschall-pad-knochenbruch\/#primaryimage"},"image":{"@id":"https:\/\/lifesupportdistribution.fr\/de\/produkt\/ultraschall-pad-knochenbruch\/#primaryimage"},"thumbnailUrl":"https:\/\/lifesupportdistribution.fr\/wp-content\/uploads\/2025\/11\/Pad-dechographie-fracture-osseuse-07110712.png","datePublished":"2025-11-30T16:32:24+00:00","description":"VATA Ultraschall-Pad zur Simulation von Knochenbr\u00fcchen. Ideal zum \u00dcben der Erkennung, Lokalisierung und sicheren gef\u00fchrten Praxis.","breadcrumb":{"@id":"https:\/\/lifesupportdistribution.fr\/de\/produkt\/ultraschall-pad-knochenbruch\/#breadcrumb"},"inLanguage":"de","potentialAction":[{"@type":"ReadAction","target":["https:\/\/lifesupportdistribution.fr\/de\/produkt\/ultraschall-pad-knochenbruch\/"]}]},{"@type":"ImageObject","inLanguage":"de","@id":"https:\/\/lifesupportdistribution.fr\/de\/produkt\/ultraschall-pad-knochenbruch\/#primaryimage","url":"https:\/\/lifesupportdistribution.fr\/wp-content\/uploads\/2025\/11\/Pad-dechographie-fracture-osseuse-07110712.png","contentUrl":"https:\/\/lifesupportdistribution.fr\/wp-content\/uploads\/2025\/11\/Pad-dechographie-fracture-osseuse-07110712.png","width":426,"height":540},{"@type":"BreadcrumbList","@id":"https:\/\/lifesupportdistribution.fr\/de\/produkt\/ultraschall-pad-knochenbruch\/#breadcrumb","itemListElement":[{"@type":"ListItem","position":1,"name":"Accueil","item":"https:\/\/lifesupportdistribution.fr\/de\/startseite\/"},{"@type":"ListItem","position":2,"name":"Shop","item":"https:\/\/lifesupportdistribution.fr\/de\/shop\/"},{"@type":"ListItem","position":3,"name":"Ultraschall-Pad Knochenbruch"}]},{"@type":"WebSite","@id":"https:\/\/lifesupportdistribution.fr\/de\/#website","url":"https:\/\/lifesupportdistribution.fr\/de\/","name":"Life Support Distribution","description":"Solutions en simulation m\u00e9dicale","publisher":{"@id":"https:\/\/lifesupportdistribution.fr\/de\/#organization"},"potentialAction":[{"@type":"SearchAction","target":{"@type":"EntryPoint","urlTemplate":"https:\/\/lifesupportdistribution.fr\/de\/?s={search_term_string}"},"query-input":{"@type":"PropertyValueSpecification","valueRequired":true,"valueName":"search_term_string"}}],"inLanguage":"de"},{"@type":"Organization","@id":"https:\/\/lifesupportdistribution.fr\/de\/#organization","name":"Life Support Distribution","url":"https:\/\/lifesupportdistribution.fr\/de\/","logo":{"@type":"ImageObject","inLanguage":"de","@id":"https:\/\/lifesupportdistribution.fr\/de\/#\/schema\/logo\/image\/","url":"https:\/\/lifesupportdistribution.fr\/wp-content\/uploads\/2025\/10\/logo-life-support-distribution.svg","contentUrl":"https:\/\/lifesupportdistribution.fr\/wp-content\/uploads\/2025\/10\/logo-life-support-distribution.svg","width":698,"height":223,"caption":"Life Support Distribution"},"image":{"@id":"https:\/\/lifesupportdistribution.fr\/de\/#\/schema\/logo\/image\/"},"sameAs":["https:\/\/www.linkedin.com\/company\/life-support-distribution\/"]}]}},"_links":{"self":[{"href":"https:\/\/lifesupportdistribution.fr\/de\/wp-json\/wp\/v2\/product\/5696","targetHints":{"allow":["GET"]}}],"collection":[{"href":"https:\/\/lifesupportdistribution.fr\/de\/wp-json\/wp\/v2\/product"}],"about":[{"href":"https:\/\/lifesupportdistribution.fr\/de\/wp-json\/wp\/v2\/types\/product"}],"wp:featuredmedia":[{"embeddable":true,"href":"https:\/\/lifesupportdistribution.fr\/de\/wp-json\/wp\/v2\/media\/2531"}],"wp:attachment":[{"href":"https:\/\/lifesupportdistribution.fr\/de\/wp-json\/wp\/v2\/media?parent=5696"}],"wp:term":[{"taxonomy":"product_brand","embeddable":true,"href":"https:\/\/lifesupportdistribution.fr\/de\/wp-json\/wp\/v2\/product_brand?post=5696"},{"taxonomy":"product_cat","embeddable":true,"href":"https:\/\/lifesupportdistribution.fr\/de\/wp-json\/wp\/v2\/product_cat?post=5696"},{"taxonomy":"product_tag","embeddable":true,"href":"https:\/\/lifesupportdistribution.fr\/de\/wp-json\/wp\/v2\/product_tag?post=5696"}],"curies":[{"name":"wp","href":"https:\/\/api.w.org\/{rel}","templated":true}]}}