{"id":5701,"date":"2025-11-30T17:52:39","date_gmt":"2025-11-30T16:52:39","guid":{"rendered":"https:\/\/lifesupportdistribution.fr\/produits\/chester-chest\/"},"modified":"2025-11-30T17:52:39","modified_gmt":"2025-11-30T16:52:39","slug":"chester-chest","status":"publish","type":"product","link":"https:\/\/lifesupportdistribution.fr\/de\/produkt\/chester-chest\/","title":{"rendered":"Chester Chest&#x2122;"},"content":{"rendered":"<p>Der Chester Chest&#x2122; bietet einen umfassenden Ansatz f\u00fcr das Training von Gef\u00e4\u00dfzug\u00e4ngen, einschlie\u00dflich Desinfektion, Infusion, Anlegen und Entfernen von Ger\u00e4ten sowie dem Anlegen von Verb\u00e4nden.<br \/>\nAusgestattet mit einem Standardarm 2400 \/ 2402, enth\u00e4lt er einen zweilumigen 5FR PICC-Katheter, der in die Vena basilica eingef\u00fchrt ist, und einen bereits am vorderen Arm platzierten 20 G IV-Katheter. Die Arme k\u00f6nnen separat bestellt werden, um eine bestehende Installation zu ersetzen oder zu erg\u00e4nzen.<br \/>\nDas Chester Chest&#x2122; Modell mit Portzugangsarm \u2013 2410 \/ 2412 bietet zus\u00e4tzlich die M\u00f6glichkeit, einen peripheren Port posterior zur PICC-Einf\u00fchrungsstelle einzuschlie\u00dfen, der mit einer abnehmbaren Klappe bedeckt ist, die die Hautpalpation und den Widerstand des darunterliegenden Gewebes simuliert.<br \/>\nDie rechte Brustklappe integriert einen getunnelten zentralen Katheter 9.6 FR, sichtbar bis zum Schl\u00fcsselbein, mit \u00d6ffnung in die Vena jugularis und Vena subclavia, w\u00e4hrend die linke Brustklappe das Vorhandensein einer implantierbaren Kammer reproduziert, die unter einer Schicht aus realistischem und widerstandsf\u00e4higem Thoraxgewebe platziert ist. <\/p>\n","protected":false},"excerpt":{"rendered":"<p>Seit \u00fcber 30 Jahren im Bereich der medizinischen Simulation anerkannt, ist die Chester Chest&#x2122; Produktreihe eine weltweite Referenz f\u00fcr die Lehre von Gef\u00e4\u00dfzugangstechniken. Dieses Ger\u00e4t erm\u00f6glicht es medizinischem und paramedizinischem Personal, die Handhabung der g\u00e4ngigsten intraven\u00f6sen Ger\u00e4te (PICC, IV-Katheter, implantierbare Kammern usw.) in einer realistischen und tragbaren Trainingsumgebung zu \u00fcben.<br \/>\nDank seines vielseitigen Designs kann er sowohl in aufrechter als auch in liegender Position verwendet werden und bietet somit eine breite Palette von Trainingsszenarien, die an die klinische Praxis angepasst sind. <\/p>\n","protected":false},"featured_media":2534,"template":"","meta":[],"product_brand":[213],"product_cat":[222],"product_tag":[237,252,245,251,234],"class_list":{"0":"post-5701","1":"product","2":"type-product","3":"status-publish","4":"has-post-thumbnail","6":"product_brand-vata","7":"product_cat-simulatoren-fur-medizinische-versorgung","8":"product_tag-anasthesie","9":"product_tag-intensivmedizin","10":"product_tag-intensivpflege","11":"product_tag-krankenpflege","12":"product_tag-onkologie","14":"first","15":"instock","16":"shipping-taxable","17":"purchasable","18":"product-type-simple"},"yoast_head":"<!-- This site is optimized with the Yoast SEO plugin v26.8 - https:\/\/yoast.com\/product\/yoast-seo-wordpress\/ -->\n<title>Chester Chest\u2122 \u2013 Gef\u00e4\u00dfzugang<\/title>\n<meta name=\"description\" content=\"Chester Chest\u2122 VATA zum Erlernen von Gef\u00e4\u00dfzug\u00e4ngen. Ideal zum \u00dcben von IV-, PICC-Techniken und Infusionen in einer realistischen Umgebung.\" \/>\n<meta name=\"robots\" content=\"index, follow, max-snippet:-1, max-image-preview:large, max-video-preview:-1\" \/>\n<link rel=\"canonical\" href=\"https:\/\/lifesupportdistribution.fr\/de\/produkt\/chester-chest\/\" \/>\n<meta property=\"og:locale\" content=\"de_DE\" \/>\n<meta property=\"og:type\" content=\"article\" \/>\n<meta property=\"og:title\" content=\"Chester Chest\u2122 \u2013 Gef\u00e4\u00dfzugang\" \/>\n<meta property=\"og:description\" content=\"Chester Chest\u2122 VATA zum Erlernen von Gef\u00e4\u00dfzug\u00e4ngen. Ideal zum \u00dcben von IV-, PICC-Techniken und Infusionen in einer realistischen Umgebung.\" \/>\n<meta property=\"og:url\" content=\"https:\/\/lifesupportdistribution.fr\/de\/produkt\/chester-chest\/\" \/>\n<meta property=\"og:site_name\" content=\"Life Support Distribution\" \/>\n<meta property=\"og:image\" content=\"https:\/\/lifesupportdistribution.fr\/wp-content\/uploads\/2025\/11\/Chester-Chest\u2122.png\" \/>\n\t<meta property=\"og:image:width\" content=\"598\" \/>\n\t<meta property=\"og:image:height\" content=\"434\" \/>\n\t<meta property=\"og:image:type\" content=\"image\/png\" \/>\n<meta name=\"twitter:card\" content=\"summary_large_image\" \/>\n<meta name=\"twitter:label1\" content=\"Gesch\u00e4tzte Lesezeit\" \/>\n\t<meta name=\"twitter:data1\" content=\"1\u00a0Minute\" \/>\n<script type=\"application\/ld+json\" class=\"yoast-schema-graph\">{\"@context\":\"https:\/\/schema.org\",\"@graph\":[{\"@type\":\"WebPage\",\"@id\":\"https:\/\/lifesupportdistribution.fr\/de\/produkt\/chester-chest\/\",\"url\":\"https:\/\/lifesupportdistribution.fr\/de\/produkt\/chester-chest\/\",\"name\":\"Chester Chest\u2122 \u2013 Gef\u00e4\u00dfzugang\",\"isPartOf\":{\"@id\":\"https:\/\/lifesupportdistribution.fr\/de\/#website\"},\"primaryImageOfPage\":{\"@id\":\"https:\/\/lifesupportdistribution.fr\/de\/produkt\/chester-chest\/#primaryimage\"},\"image\":{\"@id\":\"https:\/\/lifesupportdistribution.fr\/de\/produkt\/chester-chest\/#primaryimage\"},\"thumbnailUrl\":\"https:\/\/lifesupportdistribution.fr\/wp-content\/uploads\/2025\/11\/Chester-Chest\u2122.png\",\"datePublished\":\"2025-11-30T16:52:39+00:00\",\"description\":\"Chester Chest\u2122 VATA zum Erlernen von Gef\u00e4\u00dfzug\u00e4ngen. Ideal zum \u00dcben von IV-, PICC-Techniken und Infusionen in einer realistischen Umgebung.\",\"breadcrumb\":{\"@id\":\"https:\/\/lifesupportdistribution.fr\/de\/produkt\/chester-chest\/#breadcrumb\"},\"inLanguage\":\"de\",\"potentialAction\":[{\"@type\":\"ReadAction\",\"target\":[\"https:\/\/lifesupportdistribution.fr\/de\/produkt\/chester-chest\/\"]}]},{\"@type\":\"ImageObject\",\"inLanguage\":\"de\",\"@id\":\"https:\/\/lifesupportdistribution.fr\/de\/produkt\/chester-chest\/#primaryimage\",\"url\":\"https:\/\/lifesupportdistribution.fr\/wp-content\/uploads\/2025\/11\/Chester-Chest\u2122.png\",\"contentUrl\":\"https:\/\/lifesupportdistribution.fr\/wp-content\/uploads\/2025\/11\/Chester-Chest\u2122.png\",\"width\":598,\"height\":434},{\"@type\":\"BreadcrumbList\",\"@id\":\"https:\/\/lifesupportdistribution.fr\/de\/produkt\/chester-chest\/#breadcrumb\",\"itemListElement\":[{\"@type\":\"ListItem\",\"position\":1,\"name\":\"Accueil\",\"item\":\"https:\/\/lifesupportdistribution.fr\/de\/startseite\/\"},{\"@type\":\"ListItem\",\"position\":2,\"name\":\"Shop\",\"item\":\"https:\/\/lifesupportdistribution.fr\/de\/shop\/\"},{\"@type\":\"ListItem\",\"position\":3,\"name\":\"Chester Chest&#x2122;\"}]},{\"@type\":\"WebSite\",\"@id\":\"https:\/\/lifesupportdistribution.fr\/de\/#website\",\"url\":\"https:\/\/lifesupportdistribution.fr\/de\/\",\"name\":\"Life Support Distribution\",\"description\":\"Solutions en simulation m\u00e9dicale\",\"publisher\":{\"@id\":\"https:\/\/lifesupportdistribution.fr\/de\/#organization\"},\"potentialAction\":[{\"@type\":\"SearchAction\",\"target\":{\"@type\":\"EntryPoint\",\"urlTemplate\":\"https:\/\/lifesupportdistribution.fr\/de\/?s={search_term_string}\"},\"query-input\":{\"@type\":\"PropertyValueSpecification\",\"valueRequired\":true,\"valueName\":\"search_term_string\"}}],\"inLanguage\":\"de\"},{\"@type\":\"Organization\",\"@id\":\"https:\/\/lifesupportdistribution.fr\/de\/#organization\",\"name\":\"Life Support Distribution\",\"url\":\"https:\/\/lifesupportdistribution.fr\/de\/\",\"logo\":{\"@type\":\"ImageObject\",\"inLanguage\":\"de\",\"@id\":\"https:\/\/lifesupportdistribution.fr\/de\/#\/schema\/logo\/image\/\",\"url\":\"https:\/\/lifesupportdistribution.fr\/wp-content\/uploads\/2025\/10\/logo-life-support-distribution.svg\",\"contentUrl\":\"https:\/\/lifesupportdistribution.fr\/wp-content\/uploads\/2025\/10\/logo-life-support-distribution.svg\",\"width\":698,\"height\":223,\"caption\":\"Life Support Distribution\"},\"image\":{\"@id\":\"https:\/\/lifesupportdistribution.fr\/de\/#\/schema\/logo\/image\/\"},\"sameAs\":[\"https:\/\/www.linkedin.com\/company\/life-support-distribution\/\"]}]}<\/script>\n<!-- \/ Yoast SEO plugin. -->","yoast_head_json":{"title":"Chester Chest\u2122 \u2013 Gef\u00e4\u00dfzugang","description":"Chester Chest\u2122 VATA zum Erlernen von Gef\u00e4\u00dfzug\u00e4ngen. Ideal zum \u00dcben von IV-, PICC-Techniken und Infusionen in einer realistischen Umgebung.","robots":{"index":"index","follow":"follow","max-snippet":"max-snippet:-1","max-image-preview":"max-image-preview:large","max-video-preview":"max-video-preview:-1"},"canonical":"https:\/\/lifesupportdistribution.fr\/de\/produkt\/chester-chest\/","og_locale":"de_DE","og_type":"article","og_title":"Chester Chest\u2122 \u2013 Gef\u00e4\u00dfzugang","og_description":"Chester Chest\u2122 VATA zum Erlernen von Gef\u00e4\u00dfzug\u00e4ngen. Ideal zum \u00dcben von IV-, PICC-Techniken und Infusionen in einer realistischen Umgebung.","og_url":"https:\/\/lifesupportdistribution.fr\/de\/produkt\/chester-chest\/","og_site_name":"Life Support Distribution","og_image":[{"width":598,"height":434,"url":"https:\/\/lifesupportdistribution.fr\/wp-content\/uploads\/2025\/11\/Chester-Chest\u2122.png","type":"image\/png"}],"twitter_card":"summary_large_image","twitter_misc":{"Gesch\u00e4tzte Lesezeit":"1\u00a0Minute"},"schema":{"@context":"https:\/\/schema.org","@graph":[{"@type":"WebPage","@id":"https:\/\/lifesupportdistribution.fr\/de\/produkt\/chester-chest\/","url":"https:\/\/lifesupportdistribution.fr\/de\/produkt\/chester-chest\/","name":"Chester Chest\u2122 \u2013 Gef\u00e4\u00dfzugang","isPartOf":{"@id":"https:\/\/lifesupportdistribution.fr\/de\/#website"},"primaryImageOfPage":{"@id":"https:\/\/lifesupportdistribution.fr\/de\/produkt\/chester-chest\/#primaryimage"},"image":{"@id":"https:\/\/lifesupportdistribution.fr\/de\/produkt\/chester-chest\/#primaryimage"},"thumbnailUrl":"https:\/\/lifesupportdistribution.fr\/wp-content\/uploads\/2025\/11\/Chester-Chest\u2122.png","datePublished":"2025-11-30T16:52:39+00:00","description":"Chester Chest\u2122 VATA zum Erlernen von Gef\u00e4\u00dfzug\u00e4ngen. Ideal zum \u00dcben von IV-, PICC-Techniken und Infusionen in einer realistischen Umgebung.","breadcrumb":{"@id":"https:\/\/lifesupportdistribution.fr\/de\/produkt\/chester-chest\/#breadcrumb"},"inLanguage":"de","potentialAction":[{"@type":"ReadAction","target":["https:\/\/lifesupportdistribution.fr\/de\/produkt\/chester-chest\/"]}]},{"@type":"ImageObject","inLanguage":"de","@id":"https:\/\/lifesupportdistribution.fr\/de\/produkt\/chester-chest\/#primaryimage","url":"https:\/\/lifesupportdistribution.fr\/wp-content\/uploads\/2025\/11\/Chester-Chest\u2122.png","contentUrl":"https:\/\/lifesupportdistribution.fr\/wp-content\/uploads\/2025\/11\/Chester-Chest\u2122.png","width":598,"height":434},{"@type":"BreadcrumbList","@id":"https:\/\/lifesupportdistribution.fr\/de\/produkt\/chester-chest\/#breadcrumb","itemListElement":[{"@type":"ListItem","position":1,"name":"Accueil","item":"https:\/\/lifesupportdistribution.fr\/de\/startseite\/"},{"@type":"ListItem","position":2,"name":"Shop","item":"https:\/\/lifesupportdistribution.fr\/de\/shop\/"},{"@type":"ListItem","position":3,"name":"Chester Chest&#x2122;"}]},{"@type":"WebSite","@id":"https:\/\/lifesupportdistribution.fr\/de\/#website","url":"https:\/\/lifesupportdistribution.fr\/de\/","name":"Life Support Distribution","description":"Solutions en simulation m\u00e9dicale","publisher":{"@id":"https:\/\/lifesupportdistribution.fr\/de\/#organization"},"potentialAction":[{"@type":"SearchAction","target":{"@type":"EntryPoint","urlTemplate":"https:\/\/lifesupportdistribution.fr\/de\/?s={search_term_string}"},"query-input":{"@type":"PropertyValueSpecification","valueRequired":true,"valueName":"search_term_string"}}],"inLanguage":"de"},{"@type":"Organization","@id":"https:\/\/lifesupportdistribution.fr\/de\/#organization","name":"Life Support Distribution","url":"https:\/\/lifesupportdistribution.fr\/de\/","logo":{"@type":"ImageObject","inLanguage":"de","@id":"https:\/\/lifesupportdistribution.fr\/de\/#\/schema\/logo\/image\/","url":"https:\/\/lifesupportdistribution.fr\/wp-content\/uploads\/2025\/10\/logo-life-support-distribution.svg","contentUrl":"https:\/\/lifesupportdistribution.fr\/wp-content\/uploads\/2025\/10\/logo-life-support-distribution.svg","width":698,"height":223,"caption":"Life Support Distribution"},"image":{"@id":"https:\/\/lifesupportdistribution.fr\/de\/#\/schema\/logo\/image\/"},"sameAs":["https:\/\/www.linkedin.com\/company\/life-support-distribution\/"]}]}},"_links":{"self":[{"href":"https:\/\/lifesupportdistribution.fr\/de\/wp-json\/wp\/v2\/product\/5701","targetHints":{"allow":["GET"]}}],"collection":[{"href":"https:\/\/lifesupportdistribution.fr\/de\/wp-json\/wp\/v2\/product"}],"about":[{"href":"https:\/\/lifesupportdistribution.fr\/de\/wp-json\/wp\/v2\/types\/product"}],"wp:featuredmedia":[{"embeddable":true,"href":"https:\/\/lifesupportdistribution.fr\/de\/wp-json\/wp\/v2\/media\/2534"}],"wp:attachment":[{"href":"https:\/\/lifesupportdistribution.fr\/de\/wp-json\/wp\/v2\/media?parent=5701"}],"wp:term":[{"taxonomy":"product_brand","embeddable":true,"href":"https:\/\/lifesupportdistribution.fr\/de\/wp-json\/wp\/v2\/product_brand?post=5701"},{"taxonomy":"product_cat","embeddable":true,"href":"https:\/\/lifesupportdistribution.fr\/de\/wp-json\/wp\/v2\/product_cat?post=5701"},{"taxonomy":"product_tag","embeddable":true,"href":"https:\/\/lifesupportdistribution.fr\/de\/wp-json\/wp\/v2\/product_tag?post=5701"}],"curies":[{"name":"wp","href":"https:\/\/api.w.org\/{rel}","templated":true}]}}