{"id":5707,"date":"2025-11-30T18:25:57","date_gmt":"2025-11-30T17:25:57","guid":{"rendered":"https:\/\/lifesupportdistribution.fr\/produits\/venipunktur-trainingshilfen\/"},"modified":"2025-11-30T18:25:57","modified_gmt":"2025-11-30T17:25:57","slug":"venipunktur-trainingshilfen","status":"publish","type":"product","link":"https:\/\/lifesupportdistribution.fr\/de\/produkt\/venipunktur-trainingshilfen\/","title":{"rendered":"Venipunktur-Trainingshilfen&#x2122;"},"content":{"rendered":"<p>Die VATA-Trainingshilfen f\u00fcr die Venenpunktion erm\u00f6glichen es Lernenden, ihre Hand-Augen-Koordination und ihr Vertrauen im Umgang mit Nadeln zu entwickeln. Jedes Modell integriert mehrere Venen unterschiedlicher Gr\u00f6\u00dfe und bietet die M\u00f6glichkeit, schrittweise von oberfl\u00e4chlichen zu tieferen Venen zu wechseln.<br \/>\nDas Dermalike IITM-Material, halbtransparent und hautfarben, reproduziert die Textur und Geschmeidigkeit menschlicher Haut und gew\u00e4hrleistet gleichzeitig ein taktiles Gef\u00fchl, das der klinischen Realit\u00e4t nahekommt. Dieser Simulator ist ideal f\u00fcr Krankenpflegestudenten, Ausbilder oder medizinisches Fachpersonal, die ihre Fertigkeiten in einem sicheren und reproduzierbaren Umfeld perfektionieren m\u00f6chten.  <\/p>\n","protected":false},"excerpt":{"rendered":"<p>Die Venipuncture Training Aids&#x2122; Modelle von VATA sind darauf ausgelegt, ein realistisches und progressives Erlernen der Venenpunktionstechniken zu erm\u00f6glichen. Dank eines innovativen, halbtransparenten Materials erm\u00f6glichen diese Simulatoren das Ertasten der Venen durch die Oberfl\u00e4che, w\u00e4hrend sie gleichzeitig den Hautwiderstand und das Gef\u00fchl des Nadelstichs naturgetreu wiedergeben. Kompakt, tragbar und fl\u00fcssigkeitsfrei stellen sie eine praktische und effektive L\u00f6sung f\u00fcr die klinische Ausbildung unterwegs oder im Simulationsraum dar.  <\/p>\n","protected":false},"featured_media":2537,"template":"","meta":[],"product_brand":[213],"product_cat":[222],"product_tag":[230,249,251,236],"class_list":{"0":"post-5707","1":"product","2":"type-product","3":"status-publish","4":"has-post-thumbnail","6":"product_brand-vata","7":"product_cat-simulatoren-fur-medizinische-versorgung","8":"product_tag-allgemeinmedizin","9":"product_tag-innere-medizin","10":"product_tag-krankenpflege","11":"product_tag-notfallmedizin","13":"first","14":"instock","15":"shipping-taxable","16":"purchasable","17":"product-type-simple"},"yoast_head":"<!-- This site is optimized with the Yoast SEO plugin v26.8 - https:\/\/yoast.com\/product\/yoast-seo-wordpress\/ -->\n<title>Venipunktur-Trainingshilfen\u2122 VATA<\/title>\n<meta name=\"description\" content=\"Venipunktur-Trainingshilfen\u2122 VATA zum \u00dcben der Venenpunktion. Realistische Modelle zur Verbesserung von Pr\u00e4zision, Technik und Vertrauen.\" \/>\n<meta name=\"robots\" content=\"index, follow, max-snippet:-1, max-image-preview:large, max-video-preview:-1\" \/>\n<link rel=\"canonical\" href=\"https:\/\/lifesupportdistribution.fr\/de\/produkt\/venipunktur-trainingshilfen\/\" \/>\n<meta property=\"og:locale\" content=\"de_DE\" \/>\n<meta property=\"og:type\" content=\"article\" \/>\n<meta property=\"og:title\" content=\"Venipunktur-Trainingshilfen\u2122 VATA\" \/>\n<meta property=\"og:description\" content=\"Venipunktur-Trainingshilfen\u2122 VATA zum \u00dcben der Venenpunktion. Realistische Modelle zur Verbesserung von Pr\u00e4zision, Technik und Vertrauen.\" \/>\n<meta property=\"og:url\" content=\"https:\/\/lifesupportdistribution.fr\/de\/produkt\/venipunktur-trainingshilfen\/\" \/>\n<meta property=\"og:site_name\" content=\"Life Support Distribution\" \/>\n<meta property=\"og:image\" content=\"https:\/\/lifesupportdistribution.fr\/wp-content\/uploads\/2025\/11\/ponction-veineuse-vata-1.png\" \/>\n\t<meta property=\"og:image:width\" content=\"986\" \/>\n\t<meta property=\"og:image:height\" content=\"698\" \/>\n\t<meta property=\"og:image:type\" content=\"image\/png\" \/>\n<meta name=\"twitter:card\" content=\"summary_large_image\" \/>\n<script type=\"application\/ld+json\" class=\"yoast-schema-graph\">{\"@context\":\"https:\/\/schema.org\",\"@graph\":[{\"@type\":\"WebPage\",\"@id\":\"https:\/\/lifesupportdistribution.fr\/de\/produkt\/venipunktur-trainingshilfen\/\",\"url\":\"https:\/\/lifesupportdistribution.fr\/de\/produkt\/venipunktur-trainingshilfen\/\",\"name\":\"Venipunktur-Trainingshilfen\u2122 VATA\",\"isPartOf\":{\"@id\":\"https:\/\/lifesupportdistribution.fr\/de\/#website\"},\"primaryImageOfPage\":{\"@id\":\"https:\/\/lifesupportdistribution.fr\/de\/produkt\/venipunktur-trainingshilfen\/#primaryimage\"},\"image\":{\"@id\":\"https:\/\/lifesupportdistribution.fr\/de\/produkt\/venipunktur-trainingshilfen\/#primaryimage\"},\"thumbnailUrl\":\"https:\/\/lifesupportdistribution.fr\/wp-content\/uploads\/2025\/11\/ponction-veineuse-vata-1.png\",\"datePublished\":\"2025-11-30T17:25:57+00:00\",\"description\":\"Venipunktur-Trainingshilfen\u2122 VATA zum \u00dcben der Venenpunktion. Realistische Modelle zur Verbesserung von Pr\u00e4zision, Technik und Vertrauen.\",\"breadcrumb\":{\"@id\":\"https:\/\/lifesupportdistribution.fr\/de\/produkt\/venipunktur-trainingshilfen\/#breadcrumb\"},\"inLanguage\":\"de\",\"potentialAction\":[{\"@type\":\"ReadAction\",\"target\":[\"https:\/\/lifesupportdistribution.fr\/de\/produkt\/venipunktur-trainingshilfen\/\"]}]},{\"@type\":\"ImageObject\",\"inLanguage\":\"de\",\"@id\":\"https:\/\/lifesupportdistribution.fr\/de\/produkt\/venipunktur-trainingshilfen\/#primaryimage\",\"url\":\"https:\/\/lifesupportdistribution.fr\/wp-content\/uploads\/2025\/11\/ponction-veineuse-vata-1.png\",\"contentUrl\":\"https:\/\/lifesupportdistribution.fr\/wp-content\/uploads\/2025\/11\/ponction-veineuse-vata-1.png\",\"width\":986,\"height\":698},{\"@type\":\"BreadcrumbList\",\"@id\":\"https:\/\/lifesupportdistribution.fr\/de\/produkt\/venipunktur-trainingshilfen\/#breadcrumb\",\"itemListElement\":[{\"@type\":\"ListItem\",\"position\":1,\"name\":\"Accueil\",\"item\":\"https:\/\/lifesupportdistribution.fr\/de\/startseite\/\"},{\"@type\":\"ListItem\",\"position\":2,\"name\":\"Shop\",\"item\":\"https:\/\/lifesupportdistribution.fr\/de\/shop\/\"},{\"@type\":\"ListItem\",\"position\":3,\"name\":\"Venipunktur-Trainingshilfen&#x2122;\"}]},{\"@type\":\"WebSite\",\"@id\":\"https:\/\/lifesupportdistribution.fr\/de\/#website\",\"url\":\"https:\/\/lifesupportdistribution.fr\/de\/\",\"name\":\"Life Support Distribution\",\"description\":\"Solutions en simulation m\u00e9dicale\",\"publisher\":{\"@id\":\"https:\/\/lifesupportdistribution.fr\/de\/#organization\"},\"potentialAction\":[{\"@type\":\"SearchAction\",\"target\":{\"@type\":\"EntryPoint\",\"urlTemplate\":\"https:\/\/lifesupportdistribution.fr\/de\/?s={search_term_string}\"},\"query-input\":{\"@type\":\"PropertyValueSpecification\",\"valueRequired\":true,\"valueName\":\"search_term_string\"}}],\"inLanguage\":\"de\"},{\"@type\":\"Organization\",\"@id\":\"https:\/\/lifesupportdistribution.fr\/de\/#organization\",\"name\":\"Life Support Distribution\",\"url\":\"https:\/\/lifesupportdistribution.fr\/de\/\",\"logo\":{\"@type\":\"ImageObject\",\"inLanguage\":\"de\",\"@id\":\"https:\/\/lifesupportdistribution.fr\/de\/#\/schema\/logo\/image\/\",\"url\":\"https:\/\/lifesupportdistribution.fr\/wp-content\/uploads\/2025\/10\/logo-life-support-distribution.svg\",\"contentUrl\":\"https:\/\/lifesupportdistribution.fr\/wp-content\/uploads\/2025\/10\/logo-life-support-distribution.svg\",\"width\":698,\"height\":223,\"caption\":\"Life Support Distribution\"},\"image\":{\"@id\":\"https:\/\/lifesupportdistribution.fr\/de\/#\/schema\/logo\/image\/\"},\"sameAs\":[\"https:\/\/www.linkedin.com\/company\/life-support-distribution\/\"]}]}<\/script>\n<!-- \/ Yoast SEO plugin. -->","yoast_head_json":{"title":"Venipunktur-Trainingshilfen\u2122 VATA","description":"Venipunktur-Trainingshilfen\u2122 VATA zum \u00dcben der Venenpunktion. Realistische Modelle zur Verbesserung von Pr\u00e4zision, Technik und Vertrauen.","robots":{"index":"index","follow":"follow","max-snippet":"max-snippet:-1","max-image-preview":"max-image-preview:large","max-video-preview":"max-video-preview:-1"},"canonical":"https:\/\/lifesupportdistribution.fr\/de\/produkt\/venipunktur-trainingshilfen\/","og_locale":"de_DE","og_type":"article","og_title":"Venipunktur-Trainingshilfen\u2122 VATA","og_description":"Venipunktur-Trainingshilfen\u2122 VATA zum \u00dcben der Venenpunktion. Realistische Modelle zur Verbesserung von Pr\u00e4zision, Technik und Vertrauen.","og_url":"https:\/\/lifesupportdistribution.fr\/de\/produkt\/venipunktur-trainingshilfen\/","og_site_name":"Life Support Distribution","og_image":[{"width":986,"height":698,"url":"https:\/\/lifesupportdistribution.fr\/wp-content\/uploads\/2025\/11\/ponction-veineuse-vata-1.png","type":"image\/png"}],"twitter_card":"summary_large_image","schema":{"@context":"https:\/\/schema.org","@graph":[{"@type":"WebPage","@id":"https:\/\/lifesupportdistribution.fr\/de\/produkt\/venipunktur-trainingshilfen\/","url":"https:\/\/lifesupportdistribution.fr\/de\/produkt\/venipunktur-trainingshilfen\/","name":"Venipunktur-Trainingshilfen\u2122 VATA","isPartOf":{"@id":"https:\/\/lifesupportdistribution.fr\/de\/#website"},"primaryImageOfPage":{"@id":"https:\/\/lifesupportdistribution.fr\/de\/produkt\/venipunktur-trainingshilfen\/#primaryimage"},"image":{"@id":"https:\/\/lifesupportdistribution.fr\/de\/produkt\/venipunktur-trainingshilfen\/#primaryimage"},"thumbnailUrl":"https:\/\/lifesupportdistribution.fr\/wp-content\/uploads\/2025\/11\/ponction-veineuse-vata-1.png","datePublished":"2025-11-30T17:25:57+00:00","description":"Venipunktur-Trainingshilfen\u2122 VATA zum \u00dcben der Venenpunktion. Realistische Modelle zur Verbesserung von Pr\u00e4zision, Technik und Vertrauen.","breadcrumb":{"@id":"https:\/\/lifesupportdistribution.fr\/de\/produkt\/venipunktur-trainingshilfen\/#breadcrumb"},"inLanguage":"de","potentialAction":[{"@type":"ReadAction","target":["https:\/\/lifesupportdistribution.fr\/de\/produkt\/venipunktur-trainingshilfen\/"]}]},{"@type":"ImageObject","inLanguage":"de","@id":"https:\/\/lifesupportdistribution.fr\/de\/produkt\/venipunktur-trainingshilfen\/#primaryimage","url":"https:\/\/lifesupportdistribution.fr\/wp-content\/uploads\/2025\/11\/ponction-veineuse-vata-1.png","contentUrl":"https:\/\/lifesupportdistribution.fr\/wp-content\/uploads\/2025\/11\/ponction-veineuse-vata-1.png","width":986,"height":698},{"@type":"BreadcrumbList","@id":"https:\/\/lifesupportdistribution.fr\/de\/produkt\/venipunktur-trainingshilfen\/#breadcrumb","itemListElement":[{"@type":"ListItem","position":1,"name":"Accueil","item":"https:\/\/lifesupportdistribution.fr\/de\/startseite\/"},{"@type":"ListItem","position":2,"name":"Shop","item":"https:\/\/lifesupportdistribution.fr\/de\/shop\/"},{"@type":"ListItem","position":3,"name":"Venipunktur-Trainingshilfen&#x2122;"}]},{"@type":"WebSite","@id":"https:\/\/lifesupportdistribution.fr\/de\/#website","url":"https:\/\/lifesupportdistribution.fr\/de\/","name":"Life Support Distribution","description":"Solutions en simulation m\u00e9dicale","publisher":{"@id":"https:\/\/lifesupportdistribution.fr\/de\/#organization"},"potentialAction":[{"@type":"SearchAction","target":{"@type":"EntryPoint","urlTemplate":"https:\/\/lifesupportdistribution.fr\/de\/?s={search_term_string}"},"query-input":{"@type":"PropertyValueSpecification","valueRequired":true,"valueName":"search_term_string"}}],"inLanguage":"de"},{"@type":"Organization","@id":"https:\/\/lifesupportdistribution.fr\/de\/#organization","name":"Life Support Distribution","url":"https:\/\/lifesupportdistribution.fr\/de\/","logo":{"@type":"ImageObject","inLanguage":"de","@id":"https:\/\/lifesupportdistribution.fr\/de\/#\/schema\/logo\/image\/","url":"https:\/\/lifesupportdistribution.fr\/wp-content\/uploads\/2025\/10\/logo-life-support-distribution.svg","contentUrl":"https:\/\/lifesupportdistribution.fr\/wp-content\/uploads\/2025\/10\/logo-life-support-distribution.svg","width":698,"height":223,"caption":"Life Support Distribution"},"image":{"@id":"https:\/\/lifesupportdistribution.fr\/de\/#\/schema\/logo\/image\/"},"sameAs":["https:\/\/www.linkedin.com\/company\/life-support-distribution\/"]}]}},"_links":{"self":[{"href":"https:\/\/lifesupportdistribution.fr\/de\/wp-json\/wp\/v2\/product\/5707","targetHints":{"allow":["GET"]}}],"collection":[{"href":"https:\/\/lifesupportdistribution.fr\/de\/wp-json\/wp\/v2\/product"}],"about":[{"href":"https:\/\/lifesupportdistribution.fr\/de\/wp-json\/wp\/v2\/types\/product"}],"wp:featuredmedia":[{"embeddable":true,"href":"https:\/\/lifesupportdistribution.fr\/de\/wp-json\/wp\/v2\/media\/2537"}],"wp:attachment":[{"href":"https:\/\/lifesupportdistribution.fr\/de\/wp-json\/wp\/v2\/media?parent=5707"}],"wp:term":[{"taxonomy":"product_brand","embeddable":true,"href":"https:\/\/lifesupportdistribution.fr\/de\/wp-json\/wp\/v2\/product_brand?post=5707"},{"taxonomy":"product_cat","embeddable":true,"href":"https:\/\/lifesupportdistribution.fr\/de\/wp-json\/wp\/v2\/product_cat?post=5707"},{"taxonomy":"product_tag","embeddable":true,"href":"https:\/\/lifesupportdistribution.fr\/de\/wp-json\/wp\/v2\/product_tag?post=5707"}],"curies":[{"name":"wp","href":"https:\/\/api.w.org\/{rel}","templated":true}]}}