{"id":5712,"date":"2025-11-30T16:59:41","date_gmt":"2025-11-30T15:59:41","guid":{"rendered":"https:\/\/lifesupportdistribution.fr\/produits\/vata-gefaesszugangspads\/"},"modified":"2025-11-30T16:59:41","modified_gmt":"2025-11-30T15:59:41","slug":"vata-gefaesszugangspads","status":"publish","type":"product","link":"https:\/\/lifesupportdistribution.fr\/de\/produkt\/vata-gefaesszugangspads\/","title":{"rendered":"VATA Gef\u00e4\u00dfzugangspads"},"content":{"rendered":"<p>Entwickelt f\u00fcr das Training im vaskul\u00e4ren Ultraschall, erm\u00f6glicht das VATA Gef\u00e4\u00dfzugangspad das \u00dcben von Punktions-, Identifikations- und Zugangstechniken zu oberfl\u00e4chlichen und tiefen Venen, mit klarer Visualisierung der Nadel im Ultraschall.<br \/>\nErh\u00e4ltlich in verschiedenen Konfigurationen, bildet das Modell 3 bis 4 verzweigte Venen ab, was die Behandlung verschiedener Komplexit\u00e4ts- und Tiefenlevel erm\u00f6glicht.<br \/>\nDer Benutzer kann das Positionieren des Schallkopfes, die Visualisierung des Venenverlaufs sowie die Best\u00e4tigung des Gef\u00e4\u00dfzugangs durch simulierten Blutr\u00fcckfluss unter realit\u00e4tsnahen Bedingungen \u00fcben.<\/p>\n","protected":false},"excerpt":{"rendered":"<p>Das VATA Gef\u00e4\u00dfzugangspad ist ein hochwertiger Simulator, der f\u00fcr das Training ultraschallgest\u00fctzter Gef\u00e4\u00dfzugangstechniken entwickelt wurde. Dank seines realistischen Materials, das die Textur und Dichte menschlichen Gewebes nachbildet, erm\u00f6glicht es eine klinisch realit\u00e4tsnahe Trainingserfahrung, geeignet f\u00fcr Studenten und erfahrene Gesundheitsfachkr\u00e4fte.<br \/>\nIdeal f\u00fcr die Erstausbildung oder Weiterbildung im Ultraschall, f\u00f6rdert dieses Pad das Verst\u00e4ndnis f\u00fcr die Schallkopfpositionierung und die Pr\u00e4zision der Bewegung bei Venenpunktionen. Sein langlebiges und selbstheilendes Design macht es zu einer wirtschaftlichen und nachhaltigen L\u00f6sung f\u00fcr Simulationszentren und Bildungseinrichtungen.  <\/p>\n","protected":false},"featured_media":2522,"template":"","meta":[],"product_brand":[213],"product_cat":[222],"product_tag":[237,252,245,251,236],"class_list":{"0":"post-5712","1":"product","2":"type-product","3":"status-publish","4":"has-post-thumbnail","6":"product_brand-vata","7":"product_cat-simulatoren-fur-medizinische-versorgung","8":"product_tag-anasthesie","9":"product_tag-intensivmedizin","10":"product_tag-intensivpflege","11":"product_tag-krankenpflege","12":"product_tag-notfallmedizin","14":"first","15":"instock","16":"shipping-taxable","17":"purchasable","18":"product-type-simple"},"yoast_head":"<!-- This site is optimized with the Yoast SEO plugin v26.8 - https:\/\/yoast.com\/product\/yoast-seo-wordpress\/ -->\n<title>VATA Gef\u00e4\u00dfzugangspads<\/title>\n<meta name=\"description\" content=\"VATA Gef\u00e4\u00dfzugangspads zum \u00dcben von Punktionen und Injektionen. Entwickelt f\u00fcr realistisches und pr\u00e4zises Training in der klinischen Ausbildung.\" \/>\n<meta name=\"robots\" content=\"index, follow, max-snippet:-1, max-image-preview:large, max-video-preview:-1\" \/>\n<link rel=\"canonical\" href=\"https:\/\/lifesupportdistribution.fr\/de\/produkt\/vata-gefaesszugangspads\/\" \/>\n<meta property=\"og:locale\" content=\"de_DE\" \/>\n<meta property=\"og:type\" content=\"article\" \/>\n<meta property=\"og:title\" content=\"VATA Gef\u00e4\u00dfzugangspads\" \/>\n<meta property=\"og:description\" content=\"VATA Gef\u00e4\u00dfzugangspads zum \u00dcben von Punktionen und Injektionen. Entwickelt f\u00fcr realistisches und pr\u00e4zises Training in der klinischen Ausbildung.\" \/>\n<meta property=\"og:url\" content=\"https:\/\/lifesupportdistribution.fr\/de\/produkt\/vata-gefaesszugangspads\/\" \/>\n<meta property=\"og:site_name\" content=\"Life Support Distribution\" \/>\n<meta property=\"og:image\" content=\"https:\/\/lifesupportdistribution.fr\/wp-content\/uploads\/2025\/11\/Pads-dacces-vasculaire-\u2013-07050706-07070708-1.png\" \/>\n\t<meta property=\"og:image:width\" content=\"1218\" \/>\n\t<meta property=\"og:image:height\" content=\"756\" \/>\n\t<meta property=\"og:image:type\" content=\"image\/png\" \/>\n<meta name=\"twitter:card\" content=\"summary_large_image\" \/>\n<script type=\"application\/ld+json\" class=\"yoast-schema-graph\">{\"@context\":\"https:\/\/schema.org\",\"@graph\":[{\"@type\":\"WebPage\",\"@id\":\"https:\/\/lifesupportdistribution.fr\/de\/produkt\/vata-gefaesszugangspads\/\",\"url\":\"https:\/\/lifesupportdistribution.fr\/de\/produkt\/vata-gefaesszugangspads\/\",\"name\":\"VATA Gef\u00e4\u00dfzugangspads\",\"isPartOf\":{\"@id\":\"https:\/\/lifesupportdistribution.fr\/de\/#website\"},\"primaryImageOfPage\":{\"@id\":\"https:\/\/lifesupportdistribution.fr\/de\/produkt\/vata-gefaesszugangspads\/#primaryimage\"},\"image\":{\"@id\":\"https:\/\/lifesupportdistribution.fr\/de\/produkt\/vata-gefaesszugangspads\/#primaryimage\"},\"thumbnailUrl\":\"https:\/\/lifesupportdistribution.fr\/wp-content\/uploads\/2025\/11\/Pads-dacces-vasculaire-\u2013-07050706-07070708-1.png\",\"datePublished\":\"2025-11-30T15:59:41+00:00\",\"description\":\"VATA Gef\u00e4\u00dfzugangspads zum \u00dcben von Punktionen und Injektionen. Entwickelt f\u00fcr realistisches und pr\u00e4zises Training in der klinischen Ausbildung.\",\"breadcrumb\":{\"@id\":\"https:\/\/lifesupportdistribution.fr\/de\/produkt\/vata-gefaesszugangspads\/#breadcrumb\"},\"inLanguage\":\"de\",\"potentialAction\":[{\"@type\":\"ReadAction\",\"target\":[\"https:\/\/lifesupportdistribution.fr\/de\/produkt\/vata-gefaesszugangspads\/\"]}]},{\"@type\":\"ImageObject\",\"inLanguage\":\"de\",\"@id\":\"https:\/\/lifesupportdistribution.fr\/de\/produkt\/vata-gefaesszugangspads\/#primaryimage\",\"url\":\"https:\/\/lifesupportdistribution.fr\/wp-content\/uploads\/2025\/11\/Pads-dacces-vasculaire-\u2013-07050706-07070708-1.png\",\"contentUrl\":\"https:\/\/lifesupportdistribution.fr\/wp-content\/uploads\/2025\/11\/Pads-dacces-vasculaire-\u2013-07050706-07070708-1.png\",\"width\":1218,\"height\":756},{\"@type\":\"BreadcrumbList\",\"@id\":\"https:\/\/lifesupportdistribution.fr\/de\/produkt\/vata-gefaesszugangspads\/#breadcrumb\",\"itemListElement\":[{\"@type\":\"ListItem\",\"position\":1,\"name\":\"Accueil\",\"item\":\"https:\/\/lifesupportdistribution.fr\/de\/startseite\/\"},{\"@type\":\"ListItem\",\"position\":2,\"name\":\"Shop\",\"item\":\"https:\/\/lifesupportdistribution.fr\/de\/shop\/\"},{\"@type\":\"ListItem\",\"position\":3,\"name\":\"VATA Gef\u00e4\u00dfzugangspads\"}]},{\"@type\":\"WebSite\",\"@id\":\"https:\/\/lifesupportdistribution.fr\/de\/#website\",\"url\":\"https:\/\/lifesupportdistribution.fr\/de\/\",\"name\":\"Life Support Distribution\",\"description\":\"Solutions en simulation m\u00e9dicale\",\"publisher\":{\"@id\":\"https:\/\/lifesupportdistribution.fr\/de\/#organization\"},\"potentialAction\":[{\"@type\":\"SearchAction\",\"target\":{\"@type\":\"EntryPoint\",\"urlTemplate\":\"https:\/\/lifesupportdistribution.fr\/de\/?s={search_term_string}\"},\"query-input\":{\"@type\":\"PropertyValueSpecification\",\"valueRequired\":true,\"valueName\":\"search_term_string\"}}],\"inLanguage\":\"de\"},{\"@type\":\"Organization\",\"@id\":\"https:\/\/lifesupportdistribution.fr\/de\/#organization\",\"name\":\"Life Support Distribution\",\"url\":\"https:\/\/lifesupportdistribution.fr\/de\/\",\"logo\":{\"@type\":\"ImageObject\",\"inLanguage\":\"de\",\"@id\":\"https:\/\/lifesupportdistribution.fr\/de\/#\/schema\/logo\/image\/\",\"url\":\"https:\/\/lifesupportdistribution.fr\/wp-content\/uploads\/2025\/10\/logo-life-support-distribution.svg\",\"contentUrl\":\"https:\/\/lifesupportdistribution.fr\/wp-content\/uploads\/2025\/10\/logo-life-support-distribution.svg\",\"width\":698,\"height\":223,\"caption\":\"Life Support Distribution\"},\"image\":{\"@id\":\"https:\/\/lifesupportdistribution.fr\/de\/#\/schema\/logo\/image\/\"},\"sameAs\":[\"https:\/\/www.linkedin.com\/company\/life-support-distribution\/\"]}]}<\/script>\n<!-- \/ Yoast SEO plugin. -->","yoast_head_json":{"title":"VATA Gef\u00e4\u00dfzugangspads","description":"VATA Gef\u00e4\u00dfzugangspads zum \u00dcben von Punktionen und Injektionen. Entwickelt f\u00fcr realistisches und pr\u00e4zises Training in der klinischen Ausbildung.","robots":{"index":"index","follow":"follow","max-snippet":"max-snippet:-1","max-image-preview":"max-image-preview:large","max-video-preview":"max-video-preview:-1"},"canonical":"https:\/\/lifesupportdistribution.fr\/de\/produkt\/vata-gefaesszugangspads\/","og_locale":"de_DE","og_type":"article","og_title":"VATA Gef\u00e4\u00dfzugangspads","og_description":"VATA Gef\u00e4\u00dfzugangspads zum \u00dcben von Punktionen und Injektionen. Entwickelt f\u00fcr realistisches und pr\u00e4zises Training in der klinischen Ausbildung.","og_url":"https:\/\/lifesupportdistribution.fr\/de\/produkt\/vata-gefaesszugangspads\/","og_site_name":"Life Support Distribution","og_image":[{"width":1218,"height":756,"url":"https:\/\/lifesupportdistribution.fr\/wp-content\/uploads\/2025\/11\/Pads-dacces-vasculaire-\u2013-07050706-07070708-1.png","type":"image\/png"}],"twitter_card":"summary_large_image","schema":{"@context":"https:\/\/schema.org","@graph":[{"@type":"WebPage","@id":"https:\/\/lifesupportdistribution.fr\/de\/produkt\/vata-gefaesszugangspads\/","url":"https:\/\/lifesupportdistribution.fr\/de\/produkt\/vata-gefaesszugangspads\/","name":"VATA Gef\u00e4\u00dfzugangspads","isPartOf":{"@id":"https:\/\/lifesupportdistribution.fr\/de\/#website"},"primaryImageOfPage":{"@id":"https:\/\/lifesupportdistribution.fr\/de\/produkt\/vata-gefaesszugangspads\/#primaryimage"},"image":{"@id":"https:\/\/lifesupportdistribution.fr\/de\/produkt\/vata-gefaesszugangspads\/#primaryimage"},"thumbnailUrl":"https:\/\/lifesupportdistribution.fr\/wp-content\/uploads\/2025\/11\/Pads-dacces-vasculaire-\u2013-07050706-07070708-1.png","datePublished":"2025-11-30T15:59:41+00:00","description":"VATA Gef\u00e4\u00dfzugangspads zum \u00dcben von Punktionen und Injektionen. Entwickelt f\u00fcr realistisches und pr\u00e4zises Training in der klinischen Ausbildung.","breadcrumb":{"@id":"https:\/\/lifesupportdistribution.fr\/de\/produkt\/vata-gefaesszugangspads\/#breadcrumb"},"inLanguage":"de","potentialAction":[{"@type":"ReadAction","target":["https:\/\/lifesupportdistribution.fr\/de\/produkt\/vata-gefaesszugangspads\/"]}]},{"@type":"ImageObject","inLanguage":"de","@id":"https:\/\/lifesupportdistribution.fr\/de\/produkt\/vata-gefaesszugangspads\/#primaryimage","url":"https:\/\/lifesupportdistribution.fr\/wp-content\/uploads\/2025\/11\/Pads-dacces-vasculaire-\u2013-07050706-07070708-1.png","contentUrl":"https:\/\/lifesupportdistribution.fr\/wp-content\/uploads\/2025\/11\/Pads-dacces-vasculaire-\u2013-07050706-07070708-1.png","width":1218,"height":756},{"@type":"BreadcrumbList","@id":"https:\/\/lifesupportdistribution.fr\/de\/produkt\/vata-gefaesszugangspads\/#breadcrumb","itemListElement":[{"@type":"ListItem","position":1,"name":"Accueil","item":"https:\/\/lifesupportdistribution.fr\/de\/startseite\/"},{"@type":"ListItem","position":2,"name":"Shop","item":"https:\/\/lifesupportdistribution.fr\/de\/shop\/"},{"@type":"ListItem","position":3,"name":"VATA Gef\u00e4\u00dfzugangspads"}]},{"@type":"WebSite","@id":"https:\/\/lifesupportdistribution.fr\/de\/#website","url":"https:\/\/lifesupportdistribution.fr\/de\/","name":"Life Support Distribution","description":"Solutions en simulation m\u00e9dicale","publisher":{"@id":"https:\/\/lifesupportdistribution.fr\/de\/#organization"},"potentialAction":[{"@type":"SearchAction","target":{"@type":"EntryPoint","urlTemplate":"https:\/\/lifesupportdistribution.fr\/de\/?s={search_term_string}"},"query-input":{"@type":"PropertyValueSpecification","valueRequired":true,"valueName":"search_term_string"}}],"inLanguage":"de"},{"@type":"Organization","@id":"https:\/\/lifesupportdistribution.fr\/de\/#organization","name":"Life Support Distribution","url":"https:\/\/lifesupportdistribution.fr\/de\/","logo":{"@type":"ImageObject","inLanguage":"de","@id":"https:\/\/lifesupportdistribution.fr\/de\/#\/schema\/logo\/image\/","url":"https:\/\/lifesupportdistribution.fr\/wp-content\/uploads\/2025\/10\/logo-life-support-distribution.svg","contentUrl":"https:\/\/lifesupportdistribution.fr\/wp-content\/uploads\/2025\/10\/logo-life-support-distribution.svg","width":698,"height":223,"caption":"Life Support Distribution"},"image":{"@id":"https:\/\/lifesupportdistribution.fr\/de\/#\/schema\/logo\/image\/"},"sameAs":["https:\/\/www.linkedin.com\/company\/life-support-distribution\/"]}]}},"_links":{"self":[{"href":"https:\/\/lifesupportdistribution.fr\/de\/wp-json\/wp\/v2\/product\/5712","targetHints":{"allow":["GET"]}}],"collection":[{"href":"https:\/\/lifesupportdistribution.fr\/de\/wp-json\/wp\/v2\/product"}],"about":[{"href":"https:\/\/lifesupportdistribution.fr\/de\/wp-json\/wp\/v2\/types\/product"}],"wp:featuredmedia":[{"embeddable":true,"href":"https:\/\/lifesupportdistribution.fr\/de\/wp-json\/wp\/v2\/media\/2522"}],"wp:attachment":[{"href":"https:\/\/lifesupportdistribution.fr\/de\/wp-json\/wp\/v2\/media?parent=5712"}],"wp:term":[{"taxonomy":"product_brand","embeddable":true,"href":"https:\/\/lifesupportdistribution.fr\/de\/wp-json\/wp\/v2\/product_brand?post=5712"},{"taxonomy":"product_cat","embeddable":true,"href":"https:\/\/lifesupportdistribution.fr\/de\/wp-json\/wp\/v2\/product_cat?post=5712"},{"taxonomy":"product_tag","embeddable":true,"href":"https:\/\/lifesupportdistribution.fr\/de\/wp-json\/wp\/v2\/product_tag?post=5712"}],"curies":[{"name":"wp","href":"https:\/\/api.w.org\/{rel}","templated":true}]}}