{"id":5716,"date":"2025-11-30T17:23:45","date_gmt":"2025-11-30T16:23:45","guid":{"rendered":"https:\/\/lifesupportdistribution.fr\/produits\/vata-fremdkoerper-ultraschall-pad\/"},"modified":"2025-11-30T17:23:45","modified_gmt":"2025-11-30T16:23:45","slug":"vata-fremdkoerper-ultraschall-pad","status":"publish","type":"product","link":"https:\/\/lifesupportdistribution.fr\/de\/produkt\/vata-fremdkoerper-ultraschall-pad\/","title":{"rendered":"VATA Fremdk\u00f6rper-Ultraschall-Pad"},"content":{"rendered":"<p>Das VATA Ultraschall-Pad f\u00fcr Fremdk\u00f6rper wurde speziell entwickelt, um die F\u00e4higkeiten in der diagnostischen Sonographie zu perfektionieren. Dank seiner sechs in variablen Tiefen platzierten Einschl\u00fcsse erm\u00f6glicht es die Erkundung einer breiten Palette realistischer klinischer Szenarien, von der oberfl\u00e4chlichen Lokalisierung bis zur tieferen Detektion im simulierten Gewebe.<br \/>\nSeine hautfarbene Zusammensetzung reproduziert die Dichte und Geschmeidigkeit menschlicher Haut, w\u00e4hrend die Qualit\u00e4t der Ultraschallwiedergabe eine klare und kontrastreiche Visualisierung der Einschl\u00fcsse gew\u00e4hrleistet. Dieser Simulator ist eine wesentliche Ressource f\u00fcr Schulungen in Notfallmedizin, Radiologie, Chirurgie oder Prim\u00e4rversorgung. <\/p>\n","protected":false},"excerpt":{"rendered":"<p>Das VATA Ultraschall-Pad f\u00fcr Fremdk\u00f6rper ist ein hochwertiger Simulator, der f\u00fcr das Erlernen der Lokalisierung von Fremdk\u00f6rpern in Weichteilen entwickelt wurde. Dieses Modell reproduziert naturgetreu die Textur und den Widerstand menschlichen Gewebes und bietet den Lernenden ein sensorisches und visuelles Erlebnis, das der Realit\u00e4t nahekommt.<br \/>\nEs erm\u00f6glicht das Training zur Identifizierung verschiedener Arten von Fremdk\u00f6rpern, einschlie\u00dflich Metallfragmenten, Glassplittern und strahlendurchl\u00e4ssigen Materialien, mit einer au\u00dfergew\u00f6hnlichen Ultraschallbildqualit\u00e4t. Erh\u00e4ltlich in verschiedenen Hautt\u00f6nen, passt es sich allen p\u00e4dagogischen Kontexten f\u00fcr ein inklusives und umfassendes Lernen an.  <\/p>\n","protected":false},"featured_media":2526,"template":"","meta":[],"product_brand":[213],"product_cat":[222],"product_tag":[250,236,248,255],"class_list":{"0":"post-5716","1":"product","2":"type-product","3":"status-publish","4":"has-post-thumbnail","6":"product_brand-vata","7":"product_cat-simulatoren-fur-medizinische-versorgung","8":"product_tag-chirurgie","9":"product_tag-notfallmedizin","10":"product_tag-radiologie","11":"product_tag-traumatologie","13":"first","14":"instock","15":"shipping-taxable","16":"purchasable","17":"product-type-simple"},"yoast_head":"<!-- This site is optimized with the Yoast SEO plugin v26.8 - https:\/\/yoast.com\/product\/yoast-seo-wordpress\/ -->\n<title>VATA Fremdk\u00f6rper-Ultraschall-Pad<\/title>\n<meta name=\"description\" content=\"VATA Ultraschall-Pad f\u00fcr Fremdk\u00f6rper. Erm\u00f6glicht sicheres \u00dcben der Ultraschall-Detektion und -Lokalisation im Training.\" \/>\n<meta name=\"robots\" content=\"index, follow, max-snippet:-1, max-image-preview:large, max-video-preview:-1\" \/>\n<link rel=\"canonical\" href=\"https:\/\/lifesupportdistribution.fr\/de\/produkt\/vata-fremdkoerper-ultraschall-pad\/\" \/>\n<meta property=\"og:locale\" content=\"de_DE\" \/>\n<meta property=\"og:type\" content=\"article\" \/>\n<meta property=\"og:title\" content=\"VATA Fremdk\u00f6rper-Ultraschall-Pad\" \/>\n<meta property=\"og:description\" content=\"VATA Ultraschall-Pad f\u00fcr Fremdk\u00f6rper. Erm\u00f6glicht sicheres \u00dcben der Ultraschall-Detektion und -Lokalisation im Training.\" \/>\n<meta property=\"og:url\" content=\"https:\/\/lifesupportdistribution.fr\/de\/produkt\/vata-fremdkoerper-ultraschall-pad\/\" \/>\n<meta property=\"og:site_name\" content=\"Life Support Distribution\" \/>\n<meta property=\"og:image\" content=\"https:\/\/lifesupportdistribution.fr\/wp-content\/uploads\/2025\/11\/Pad-dechographie-corps-etranger-07130714-1.png\" \/>\n\t<meta property=\"og:image:width\" content=\"504\" \/>\n\t<meta property=\"og:image:height\" content=\"652\" \/>\n\t<meta property=\"og:image:type\" content=\"image\/png\" \/>\n<meta name=\"twitter:card\" content=\"summary_large_image\" \/>\n<script type=\"application\/ld+json\" class=\"yoast-schema-graph\">{\"@context\":\"https:\/\/schema.org\",\"@graph\":[{\"@type\":\"WebPage\",\"@id\":\"https:\/\/lifesupportdistribution.fr\/de\/produkt\/vata-fremdkoerper-ultraschall-pad\/\",\"url\":\"https:\/\/lifesupportdistribution.fr\/de\/produkt\/vata-fremdkoerper-ultraschall-pad\/\",\"name\":\"VATA Fremdk\u00f6rper-Ultraschall-Pad\",\"isPartOf\":{\"@id\":\"https:\/\/lifesupportdistribution.fr\/de\/#website\"},\"primaryImageOfPage\":{\"@id\":\"https:\/\/lifesupportdistribution.fr\/de\/produkt\/vata-fremdkoerper-ultraschall-pad\/#primaryimage\"},\"image\":{\"@id\":\"https:\/\/lifesupportdistribution.fr\/de\/produkt\/vata-fremdkoerper-ultraschall-pad\/#primaryimage\"},\"thumbnailUrl\":\"https:\/\/lifesupportdistribution.fr\/wp-content\/uploads\/2025\/11\/Pad-dechographie-corps-etranger-07130714-1.png\",\"datePublished\":\"2025-11-30T16:23:45+00:00\",\"description\":\"VATA Ultraschall-Pad f\u00fcr Fremdk\u00f6rper. Erm\u00f6glicht sicheres \u00dcben der Ultraschall-Detektion und -Lokalisation im Training.\",\"breadcrumb\":{\"@id\":\"https:\/\/lifesupportdistribution.fr\/de\/produkt\/vata-fremdkoerper-ultraschall-pad\/#breadcrumb\"},\"inLanguage\":\"de\",\"potentialAction\":[{\"@type\":\"ReadAction\",\"target\":[\"https:\/\/lifesupportdistribution.fr\/de\/produkt\/vata-fremdkoerper-ultraschall-pad\/\"]}]},{\"@type\":\"ImageObject\",\"inLanguage\":\"de\",\"@id\":\"https:\/\/lifesupportdistribution.fr\/de\/produkt\/vata-fremdkoerper-ultraschall-pad\/#primaryimage\",\"url\":\"https:\/\/lifesupportdistribution.fr\/wp-content\/uploads\/2025\/11\/Pad-dechographie-corps-etranger-07130714-1.png\",\"contentUrl\":\"https:\/\/lifesupportdistribution.fr\/wp-content\/uploads\/2025\/11\/Pad-dechographie-corps-etranger-07130714-1.png\",\"width\":504,\"height\":652},{\"@type\":\"BreadcrumbList\",\"@id\":\"https:\/\/lifesupportdistribution.fr\/de\/produkt\/vata-fremdkoerper-ultraschall-pad\/#breadcrumb\",\"itemListElement\":[{\"@type\":\"ListItem\",\"position\":1,\"name\":\"Accueil\",\"item\":\"https:\/\/lifesupportdistribution.fr\/de\/startseite\/\"},{\"@type\":\"ListItem\",\"position\":2,\"name\":\"Shop\",\"item\":\"https:\/\/lifesupportdistribution.fr\/de\/shop\/\"},{\"@type\":\"ListItem\",\"position\":3,\"name\":\"VATA Fremdk\u00f6rper-Ultraschall-Pad\"}]},{\"@type\":\"WebSite\",\"@id\":\"https:\/\/lifesupportdistribution.fr\/de\/#website\",\"url\":\"https:\/\/lifesupportdistribution.fr\/de\/\",\"name\":\"Life Support Distribution\",\"description\":\"Solutions en simulation m\u00e9dicale\",\"publisher\":{\"@id\":\"https:\/\/lifesupportdistribution.fr\/de\/#organization\"},\"potentialAction\":[{\"@type\":\"SearchAction\",\"target\":{\"@type\":\"EntryPoint\",\"urlTemplate\":\"https:\/\/lifesupportdistribution.fr\/de\/?s={search_term_string}\"},\"query-input\":{\"@type\":\"PropertyValueSpecification\",\"valueRequired\":true,\"valueName\":\"search_term_string\"}}],\"inLanguage\":\"de\"},{\"@type\":\"Organization\",\"@id\":\"https:\/\/lifesupportdistribution.fr\/de\/#organization\",\"name\":\"Life Support Distribution\",\"url\":\"https:\/\/lifesupportdistribution.fr\/de\/\",\"logo\":{\"@type\":\"ImageObject\",\"inLanguage\":\"de\",\"@id\":\"https:\/\/lifesupportdistribution.fr\/de\/#\/schema\/logo\/image\/\",\"url\":\"https:\/\/lifesupportdistribution.fr\/wp-content\/uploads\/2025\/10\/logo-life-support-distribution.svg\",\"contentUrl\":\"https:\/\/lifesupportdistribution.fr\/wp-content\/uploads\/2025\/10\/logo-life-support-distribution.svg\",\"width\":698,\"height\":223,\"caption\":\"Life Support Distribution\"},\"image\":{\"@id\":\"https:\/\/lifesupportdistribution.fr\/de\/#\/schema\/logo\/image\/\"},\"sameAs\":[\"https:\/\/www.linkedin.com\/company\/life-support-distribution\/\"]}]}<\/script>\n<!-- \/ Yoast SEO plugin. -->","yoast_head_json":{"title":"VATA Fremdk\u00f6rper-Ultraschall-Pad","description":"VATA Ultraschall-Pad f\u00fcr Fremdk\u00f6rper. Erm\u00f6glicht sicheres \u00dcben der Ultraschall-Detektion und -Lokalisation im Training.","robots":{"index":"index","follow":"follow","max-snippet":"max-snippet:-1","max-image-preview":"max-image-preview:large","max-video-preview":"max-video-preview:-1"},"canonical":"https:\/\/lifesupportdistribution.fr\/de\/produkt\/vata-fremdkoerper-ultraschall-pad\/","og_locale":"de_DE","og_type":"article","og_title":"VATA Fremdk\u00f6rper-Ultraschall-Pad","og_description":"VATA Ultraschall-Pad f\u00fcr Fremdk\u00f6rper. Erm\u00f6glicht sicheres \u00dcben der Ultraschall-Detektion und -Lokalisation im Training.","og_url":"https:\/\/lifesupportdistribution.fr\/de\/produkt\/vata-fremdkoerper-ultraschall-pad\/","og_site_name":"Life Support Distribution","og_image":[{"width":504,"height":652,"url":"https:\/\/lifesupportdistribution.fr\/wp-content\/uploads\/2025\/11\/Pad-dechographie-corps-etranger-07130714-1.png","type":"image\/png"}],"twitter_card":"summary_large_image","schema":{"@context":"https:\/\/schema.org","@graph":[{"@type":"WebPage","@id":"https:\/\/lifesupportdistribution.fr\/de\/produkt\/vata-fremdkoerper-ultraschall-pad\/","url":"https:\/\/lifesupportdistribution.fr\/de\/produkt\/vata-fremdkoerper-ultraschall-pad\/","name":"VATA Fremdk\u00f6rper-Ultraschall-Pad","isPartOf":{"@id":"https:\/\/lifesupportdistribution.fr\/de\/#website"},"primaryImageOfPage":{"@id":"https:\/\/lifesupportdistribution.fr\/de\/produkt\/vata-fremdkoerper-ultraschall-pad\/#primaryimage"},"image":{"@id":"https:\/\/lifesupportdistribution.fr\/de\/produkt\/vata-fremdkoerper-ultraschall-pad\/#primaryimage"},"thumbnailUrl":"https:\/\/lifesupportdistribution.fr\/wp-content\/uploads\/2025\/11\/Pad-dechographie-corps-etranger-07130714-1.png","datePublished":"2025-11-30T16:23:45+00:00","description":"VATA Ultraschall-Pad f\u00fcr Fremdk\u00f6rper. Erm\u00f6glicht sicheres \u00dcben der Ultraschall-Detektion und -Lokalisation im Training.","breadcrumb":{"@id":"https:\/\/lifesupportdistribution.fr\/de\/produkt\/vata-fremdkoerper-ultraschall-pad\/#breadcrumb"},"inLanguage":"de","potentialAction":[{"@type":"ReadAction","target":["https:\/\/lifesupportdistribution.fr\/de\/produkt\/vata-fremdkoerper-ultraschall-pad\/"]}]},{"@type":"ImageObject","inLanguage":"de","@id":"https:\/\/lifesupportdistribution.fr\/de\/produkt\/vata-fremdkoerper-ultraschall-pad\/#primaryimage","url":"https:\/\/lifesupportdistribution.fr\/wp-content\/uploads\/2025\/11\/Pad-dechographie-corps-etranger-07130714-1.png","contentUrl":"https:\/\/lifesupportdistribution.fr\/wp-content\/uploads\/2025\/11\/Pad-dechographie-corps-etranger-07130714-1.png","width":504,"height":652},{"@type":"BreadcrumbList","@id":"https:\/\/lifesupportdistribution.fr\/de\/produkt\/vata-fremdkoerper-ultraschall-pad\/#breadcrumb","itemListElement":[{"@type":"ListItem","position":1,"name":"Accueil","item":"https:\/\/lifesupportdistribution.fr\/de\/startseite\/"},{"@type":"ListItem","position":2,"name":"Shop","item":"https:\/\/lifesupportdistribution.fr\/de\/shop\/"},{"@type":"ListItem","position":3,"name":"VATA Fremdk\u00f6rper-Ultraschall-Pad"}]},{"@type":"WebSite","@id":"https:\/\/lifesupportdistribution.fr\/de\/#website","url":"https:\/\/lifesupportdistribution.fr\/de\/","name":"Life Support Distribution","description":"Solutions en simulation m\u00e9dicale","publisher":{"@id":"https:\/\/lifesupportdistribution.fr\/de\/#organization"},"potentialAction":[{"@type":"SearchAction","target":{"@type":"EntryPoint","urlTemplate":"https:\/\/lifesupportdistribution.fr\/de\/?s={search_term_string}"},"query-input":{"@type":"PropertyValueSpecification","valueRequired":true,"valueName":"search_term_string"}}],"inLanguage":"de"},{"@type":"Organization","@id":"https:\/\/lifesupportdistribution.fr\/de\/#organization","name":"Life Support Distribution","url":"https:\/\/lifesupportdistribution.fr\/de\/","logo":{"@type":"ImageObject","inLanguage":"de","@id":"https:\/\/lifesupportdistribution.fr\/de\/#\/schema\/logo\/image\/","url":"https:\/\/lifesupportdistribution.fr\/wp-content\/uploads\/2025\/10\/logo-life-support-distribution.svg","contentUrl":"https:\/\/lifesupportdistribution.fr\/wp-content\/uploads\/2025\/10\/logo-life-support-distribution.svg","width":698,"height":223,"caption":"Life Support Distribution"},"image":{"@id":"https:\/\/lifesupportdistribution.fr\/de\/#\/schema\/logo\/image\/"},"sameAs":["https:\/\/www.linkedin.com\/company\/life-support-distribution\/"]}]}},"_links":{"self":[{"href":"https:\/\/lifesupportdistribution.fr\/de\/wp-json\/wp\/v2\/product\/5716","targetHints":{"allow":["GET"]}}],"collection":[{"href":"https:\/\/lifesupportdistribution.fr\/de\/wp-json\/wp\/v2\/product"}],"about":[{"href":"https:\/\/lifesupportdistribution.fr\/de\/wp-json\/wp\/v2\/types\/product"}],"wp:featuredmedia":[{"embeddable":true,"href":"https:\/\/lifesupportdistribution.fr\/de\/wp-json\/wp\/v2\/media\/2526"}],"wp:attachment":[{"href":"https:\/\/lifesupportdistribution.fr\/de\/wp-json\/wp\/v2\/media?parent=5716"}],"wp:term":[{"taxonomy":"product_brand","embeddable":true,"href":"https:\/\/lifesupportdistribution.fr\/de\/wp-json\/wp\/v2\/product_brand?post=5716"},{"taxonomy":"product_cat","embeddable":true,"href":"https:\/\/lifesupportdistribution.fr\/de\/wp-json\/wp\/v2\/product_cat?post=5716"},{"taxonomy":"product_tag","embeddable":true,"href":"https:\/\/lifesupportdistribution.fr\/de\/wp-json\/wp\/v2\/product_tag?post=5716"}],"curies":[{"name":"wp","href":"https:\/\/api.w.org\/{rel}","templated":true}]}}