{"id":5727,"date":"2025-12-02T15:22:40","date_gmt":"2025-12-02T14:22:40","guid":{"rendered":"https:\/\/lifesupportdistribution.fr\/produits\/hlw-hund-casper\/"},"modified":"2025-12-02T15:22:40","modified_gmt":"2025-12-02T14:22:40","slug":"hlw-hund-casper","status":"publish","type":"product","link":"https:\/\/lifesupportdistribution.fr\/de\/produkt\/hlw-hund-casper\/","title":{"rendered":"HLW-Hund CasPeR"},"content":{"rendered":"<p>Der CasPeR (Canine Simulator for Pulmonary Resuscitation) ist f\u00fcr das praktische Training von Tiermedizinstudenten und Tierrettungsteams konzipiert.<br \/>\nEr erm\u00f6glicht das \u00dcben der wichtigsten Schritte der Hunde-HLW, insbesondere:<\/p>\n<ul>\n<li>die Handpositionierung f\u00fcr Thoraxkompressionen,<\/li>\n<li>die Kontrolle des Femoralpulses,<\/li>\n<li>und die Offenhaltung der Atemwege w\u00e4hrend der Mund-zu-Nase-Beatmung.<\/li>\n<\/ul>\n<p>Dank seines Systems von Einweg-Atemwegen kann die Puppe von mehreren Teilnehmern ohne Desinfektion zwischen den Sitzungen verwendet werden.<br \/>\nKompakt und robust, ist er ideal f\u00fcr Demonstrations-Workshops, praktische Schulungen oder veterin\u00e4rmedizinische OSCE-Pr\u00fcfungen.<\/p>\n","protected":false},"excerpt":{"rendered":"<p>Der HLW-Hund CasPeR von Erler Zimmer ist ein Veterin\u00e4rsimulator, der speziell f\u00fcr das Lehren der Herz-Lungen-Wiederbelebungs (HLW)-Techniken bei Hunden entwickelt wurde.<br \/>\nAusgestattet mit einem System individueller und austauschbarer Atemwegsbeutel, gew\u00e4hrleistet er ein hygienisches Training, indem er jedes Risiko einer Kreuzkontamination zwischen den Lernenden begrenzt.<br \/>\nDieses Modell erm\u00f6glicht das Erlernen der korrekten Handplatzierung, der Kompressionstiefe und der Mund-zu-Nase-Beatmung f\u00fcr ein sicheres und realistisches Training.<\/p>\n","protected":false},"featured_media":2796,"template":"","meta":[],"product_brand":[193],"product_cat":[226],"product_tag":[240],"class_list":{"0":"post-5727","1":"product","2":"type-product","3":"status-publish","4":"has-post-thumbnail","6":"product_brand-erler-zimmer","7":"product_cat-simulatoren-fur-veterinarpflege","8":"product_tag-tiermedizin","10":"first","11":"instock","12":"shipping-taxable","13":"purchasable","14":"product-type-simple"},"yoast_head":"<!-- This site is optimized with the Yoast SEO plugin v26.8 - https:\/\/yoast.com\/product\/yoast-seo-wordpress\/ -->\n<title>HLW-Hund CasPeR \u2013 Hunde-Reanimation<\/title>\n<meta name=\"description\" content=\"CasPeR-Simulator f\u00fcr das Training der Hunde-HLW, mit Einweg-Atemwegen f\u00fcr ein sicheres, hygienisches und realistisches Training.\" \/>\n<meta name=\"robots\" content=\"index, follow, max-snippet:-1, max-image-preview:large, max-video-preview:-1\" \/>\n<link rel=\"canonical\" href=\"https:\/\/lifesupportdistribution.fr\/de\/produkt\/hlw-hund-casper\/\" \/>\n<meta property=\"og:locale\" content=\"de_DE\" \/>\n<meta property=\"og:type\" content=\"article\" \/>\n<meta property=\"og:title\" content=\"HLW-Hund CasPeR \u2013 Hunde-Reanimation\" \/>\n<meta property=\"og:description\" content=\"CasPeR-Simulator f\u00fcr das Training der Hunde-HLW, mit Einweg-Atemwegen f\u00fcr ein sicheres, hygienisches und realistisches Training.\" \/>\n<meta property=\"og:url\" content=\"https:\/\/lifesupportdistribution.fr\/de\/produkt\/hlw-hund-casper\/\" \/>\n<meta property=\"og:site_name\" content=\"Life Support Distribution\" \/>\n<meta property=\"og:image\" content=\"https:\/\/lifesupportdistribution.fr\/wp-content\/uploads\/2025\/12\/Chien-de-RCP-CasPeR.webp\" \/>\n\t<meta property=\"og:image:width\" content=\"800\" \/>\n\t<meta property=\"og:image:height\" content=\"800\" \/>\n\t<meta property=\"og:image:type\" content=\"image\/webp\" \/>\n<meta name=\"twitter:card\" content=\"summary_large_image\" \/>\n<script type=\"application\/ld+json\" class=\"yoast-schema-graph\">{\"@context\":\"https:\/\/schema.org\",\"@graph\":[{\"@type\":\"WebPage\",\"@id\":\"https:\/\/lifesupportdistribution.fr\/de\/produkt\/hlw-hund-casper\/\",\"url\":\"https:\/\/lifesupportdistribution.fr\/de\/produkt\/hlw-hund-casper\/\",\"name\":\"HLW-Hund CasPeR \u2013 Hunde-Reanimation\",\"isPartOf\":{\"@id\":\"https:\/\/lifesupportdistribution.fr\/de\/#website\"},\"primaryImageOfPage\":{\"@id\":\"https:\/\/lifesupportdistribution.fr\/de\/produkt\/hlw-hund-casper\/#primaryimage\"},\"image\":{\"@id\":\"https:\/\/lifesupportdistribution.fr\/de\/produkt\/hlw-hund-casper\/#primaryimage\"},\"thumbnailUrl\":\"https:\/\/lifesupportdistribution.fr\/wp-content\/uploads\/2025\/12\/Chien-de-RCP-CasPeR.webp\",\"datePublished\":\"2025-12-02T14:22:40+00:00\",\"description\":\"CasPeR-Simulator f\u00fcr das Training der Hunde-HLW, mit Einweg-Atemwegen f\u00fcr ein sicheres, hygienisches und realistisches Training.\",\"breadcrumb\":{\"@id\":\"https:\/\/lifesupportdistribution.fr\/de\/produkt\/hlw-hund-casper\/#breadcrumb\"},\"inLanguage\":\"de\",\"potentialAction\":[{\"@type\":\"ReadAction\",\"target\":[\"https:\/\/lifesupportdistribution.fr\/de\/produkt\/hlw-hund-casper\/\"]}]},{\"@type\":\"ImageObject\",\"inLanguage\":\"de\",\"@id\":\"https:\/\/lifesupportdistribution.fr\/de\/produkt\/hlw-hund-casper\/#primaryimage\",\"url\":\"https:\/\/lifesupportdistribution.fr\/wp-content\/uploads\/2025\/12\/Chien-de-RCP-CasPeR.webp\",\"contentUrl\":\"https:\/\/lifesupportdistribution.fr\/wp-content\/uploads\/2025\/12\/Chien-de-RCP-CasPeR.webp\",\"width\":800,\"height\":800},{\"@type\":\"BreadcrumbList\",\"@id\":\"https:\/\/lifesupportdistribution.fr\/de\/produkt\/hlw-hund-casper\/#breadcrumb\",\"itemListElement\":[{\"@type\":\"ListItem\",\"position\":1,\"name\":\"Accueil\",\"item\":\"https:\/\/lifesupportdistribution.fr\/de\/startseite\/\"},{\"@type\":\"ListItem\",\"position\":2,\"name\":\"Shop\",\"item\":\"https:\/\/lifesupportdistribution.fr\/de\/shop\/\"},{\"@type\":\"ListItem\",\"position\":3,\"name\":\"HLW-Hund CasPeR\"}]},{\"@type\":\"WebSite\",\"@id\":\"https:\/\/lifesupportdistribution.fr\/de\/#website\",\"url\":\"https:\/\/lifesupportdistribution.fr\/de\/\",\"name\":\"Life Support Distribution\",\"description\":\"Solutions en simulation m\u00e9dicale\",\"publisher\":{\"@id\":\"https:\/\/lifesupportdistribution.fr\/de\/#organization\"},\"potentialAction\":[{\"@type\":\"SearchAction\",\"target\":{\"@type\":\"EntryPoint\",\"urlTemplate\":\"https:\/\/lifesupportdistribution.fr\/de\/?s={search_term_string}\"},\"query-input\":{\"@type\":\"PropertyValueSpecification\",\"valueRequired\":true,\"valueName\":\"search_term_string\"}}],\"inLanguage\":\"de\"},{\"@type\":\"Organization\",\"@id\":\"https:\/\/lifesupportdistribution.fr\/de\/#organization\",\"name\":\"Life Support Distribution\",\"url\":\"https:\/\/lifesupportdistribution.fr\/de\/\",\"logo\":{\"@type\":\"ImageObject\",\"inLanguage\":\"de\",\"@id\":\"https:\/\/lifesupportdistribution.fr\/de\/#\/schema\/logo\/image\/\",\"url\":\"https:\/\/lifesupportdistribution.fr\/wp-content\/uploads\/2025\/10\/logo-life-support-distribution.svg\",\"contentUrl\":\"https:\/\/lifesupportdistribution.fr\/wp-content\/uploads\/2025\/10\/logo-life-support-distribution.svg\",\"width\":698,\"height\":223,\"caption\":\"Life Support Distribution\"},\"image\":{\"@id\":\"https:\/\/lifesupportdistribution.fr\/de\/#\/schema\/logo\/image\/\"},\"sameAs\":[\"https:\/\/www.linkedin.com\/company\/life-support-distribution\/\"]}]}<\/script>\n<!-- \/ Yoast SEO plugin. -->","yoast_head_json":{"title":"HLW-Hund CasPeR \u2013 Hunde-Reanimation","description":"CasPeR-Simulator f\u00fcr das Training der Hunde-HLW, mit Einweg-Atemwegen f\u00fcr ein sicheres, hygienisches und realistisches Training.","robots":{"index":"index","follow":"follow","max-snippet":"max-snippet:-1","max-image-preview":"max-image-preview:large","max-video-preview":"max-video-preview:-1"},"canonical":"https:\/\/lifesupportdistribution.fr\/de\/produkt\/hlw-hund-casper\/","og_locale":"de_DE","og_type":"article","og_title":"HLW-Hund CasPeR \u2013 Hunde-Reanimation","og_description":"CasPeR-Simulator f\u00fcr das Training der Hunde-HLW, mit Einweg-Atemwegen f\u00fcr ein sicheres, hygienisches und realistisches Training.","og_url":"https:\/\/lifesupportdistribution.fr\/de\/produkt\/hlw-hund-casper\/","og_site_name":"Life Support Distribution","og_image":[{"width":800,"height":800,"url":"https:\/\/lifesupportdistribution.fr\/wp-content\/uploads\/2025\/12\/Chien-de-RCP-CasPeR.webp","type":"image\/webp"}],"twitter_card":"summary_large_image","schema":{"@context":"https:\/\/schema.org","@graph":[{"@type":"WebPage","@id":"https:\/\/lifesupportdistribution.fr\/de\/produkt\/hlw-hund-casper\/","url":"https:\/\/lifesupportdistribution.fr\/de\/produkt\/hlw-hund-casper\/","name":"HLW-Hund CasPeR \u2013 Hunde-Reanimation","isPartOf":{"@id":"https:\/\/lifesupportdistribution.fr\/de\/#website"},"primaryImageOfPage":{"@id":"https:\/\/lifesupportdistribution.fr\/de\/produkt\/hlw-hund-casper\/#primaryimage"},"image":{"@id":"https:\/\/lifesupportdistribution.fr\/de\/produkt\/hlw-hund-casper\/#primaryimage"},"thumbnailUrl":"https:\/\/lifesupportdistribution.fr\/wp-content\/uploads\/2025\/12\/Chien-de-RCP-CasPeR.webp","datePublished":"2025-12-02T14:22:40+00:00","description":"CasPeR-Simulator f\u00fcr das Training der Hunde-HLW, mit Einweg-Atemwegen f\u00fcr ein sicheres, hygienisches und realistisches Training.","breadcrumb":{"@id":"https:\/\/lifesupportdistribution.fr\/de\/produkt\/hlw-hund-casper\/#breadcrumb"},"inLanguage":"de","potentialAction":[{"@type":"ReadAction","target":["https:\/\/lifesupportdistribution.fr\/de\/produkt\/hlw-hund-casper\/"]}]},{"@type":"ImageObject","inLanguage":"de","@id":"https:\/\/lifesupportdistribution.fr\/de\/produkt\/hlw-hund-casper\/#primaryimage","url":"https:\/\/lifesupportdistribution.fr\/wp-content\/uploads\/2025\/12\/Chien-de-RCP-CasPeR.webp","contentUrl":"https:\/\/lifesupportdistribution.fr\/wp-content\/uploads\/2025\/12\/Chien-de-RCP-CasPeR.webp","width":800,"height":800},{"@type":"BreadcrumbList","@id":"https:\/\/lifesupportdistribution.fr\/de\/produkt\/hlw-hund-casper\/#breadcrumb","itemListElement":[{"@type":"ListItem","position":1,"name":"Accueil","item":"https:\/\/lifesupportdistribution.fr\/de\/startseite\/"},{"@type":"ListItem","position":2,"name":"Shop","item":"https:\/\/lifesupportdistribution.fr\/de\/shop\/"},{"@type":"ListItem","position":3,"name":"HLW-Hund CasPeR"}]},{"@type":"WebSite","@id":"https:\/\/lifesupportdistribution.fr\/de\/#website","url":"https:\/\/lifesupportdistribution.fr\/de\/","name":"Life Support Distribution","description":"Solutions en simulation m\u00e9dicale","publisher":{"@id":"https:\/\/lifesupportdistribution.fr\/de\/#organization"},"potentialAction":[{"@type":"SearchAction","target":{"@type":"EntryPoint","urlTemplate":"https:\/\/lifesupportdistribution.fr\/de\/?s={search_term_string}"},"query-input":{"@type":"PropertyValueSpecification","valueRequired":true,"valueName":"search_term_string"}}],"inLanguage":"de"},{"@type":"Organization","@id":"https:\/\/lifesupportdistribution.fr\/de\/#organization","name":"Life Support Distribution","url":"https:\/\/lifesupportdistribution.fr\/de\/","logo":{"@type":"ImageObject","inLanguage":"de","@id":"https:\/\/lifesupportdistribution.fr\/de\/#\/schema\/logo\/image\/","url":"https:\/\/lifesupportdistribution.fr\/wp-content\/uploads\/2025\/10\/logo-life-support-distribution.svg","contentUrl":"https:\/\/lifesupportdistribution.fr\/wp-content\/uploads\/2025\/10\/logo-life-support-distribution.svg","width":698,"height":223,"caption":"Life Support Distribution"},"image":{"@id":"https:\/\/lifesupportdistribution.fr\/de\/#\/schema\/logo\/image\/"},"sameAs":["https:\/\/www.linkedin.com\/company\/life-support-distribution\/"]}]}},"_links":{"self":[{"href":"https:\/\/lifesupportdistribution.fr\/de\/wp-json\/wp\/v2\/product\/5727","targetHints":{"allow":["GET"]}}],"collection":[{"href":"https:\/\/lifesupportdistribution.fr\/de\/wp-json\/wp\/v2\/product"}],"about":[{"href":"https:\/\/lifesupportdistribution.fr\/de\/wp-json\/wp\/v2\/types\/product"}],"wp:featuredmedia":[{"embeddable":true,"href":"https:\/\/lifesupportdistribution.fr\/de\/wp-json\/wp\/v2\/media\/2796"}],"wp:attachment":[{"href":"https:\/\/lifesupportdistribution.fr\/de\/wp-json\/wp\/v2\/media?parent=5727"}],"wp:term":[{"taxonomy":"product_brand","embeddable":true,"href":"https:\/\/lifesupportdistribution.fr\/de\/wp-json\/wp\/v2\/product_brand?post=5727"},{"taxonomy":"product_cat","embeddable":true,"href":"https:\/\/lifesupportdistribution.fr\/de\/wp-json\/wp\/v2\/product_cat?post=5727"},{"taxonomy":"product_tag","embeddable":true,"href":"https:\/\/lifesupportdistribution.fr\/de\/wp-json\/wp\/v2\/product_tag?post=5727"}],"curies":[{"name":"wp","href":"https:\/\/api.w.org\/{rel}","templated":true}]}}