{"id":5731,"date":"2025-12-02T15:26:42","date_gmt":"2025-12-02T14:26:42","guid":{"rendered":"https:\/\/lifesupportdistribution.fr\/produits\/anatomische-tafel-die-menschliche-muskulatur\/"},"modified":"2025-12-02T15:26:42","modified_gmt":"2025-12-02T14:26:42","slug":"anatomische-tafel-die-menschliche-muskulatur","status":"publish","type":"product","link":"https:\/\/lifesupportdistribution.fr\/de\/produkt\/anatomische-tafel-die-menschliche-muskulatur\/","title":{"rendered":"Anatomische Tafel \u201eDie menschliche Muskulatur\u201c"},"content":{"rendered":"<p>Diese anatomische Tafel stellt die gesamte menschliche Muskulatur von vorne und hinten dar, mit zweisprachiger Terminologie (Latein und Franz\u00f6sisch), um das Verst\u00e4ndnis und das Auswendiglernen zu erleichtern.<br \/>\nGedruckt auf strapazierf\u00e4higem, laminiertem Material, vereint sie \u00c4sthetik, Klarheit und Langlebigkeit.<br \/>\nIdeal f\u00fcr Studenten, Ausbilder und medizinisches Fachpersonal, erm\u00f6glicht sie eine pr\u00e4zise Visualisierung der oberfl\u00e4chlichen und tiefen Muskeln sowie der Strukturen der oberen und unteren Gliedma\u00dfen.<\/p>\n","protected":false},"excerpt":{"rendered":"<p>Die anatomische Tafel \u201eDie menschliche Muskulatur\u201c von Erler Zimmer ist ein hochwertiges Lehrmittel, das entwickelt wurde, um die Muskelstruktur des menschlichen K\u00f6rpers pr\u00e4zise zu illustrieren.<br \/>\nIm Format 50\u00d770 cm pr\u00e4sentiert, ist sie ein Referenzinstrument f\u00fcr den Unterricht, die Wiederholung und die Dekoration von Schulungsr\u00e4umen, Arztpraxen oder Anatomielaboren.<\/p>\n","protected":false},"featured_media":2799,"template":"","meta":[],"product_brand":[193],"product_cat":[221],"product_tag":[241],"class_list":{"0":"post-5731","1":"product","2":"type-product","3":"status-publish","4":"has-post-thumbnail","6":"product_brand-erler-zimmer","7":"product_cat-anatomische-tafeln-und-modelle","8":"product_tag-anatomietraining","10":"first","11":"instock","12":"shipping-taxable","13":"purchasable","14":"product-type-simple"},"yoast_head":"<!-- This site is optimized with the Yoast SEO plugin v26.8 - https:\/\/yoast.com\/product\/yoast-seo-wordpress\/ -->\n<title>Anatomische Tafel menschliche Muskulatur \u2013 Erler Zimmer<\/title>\n<meta name=\"description\" content=\"Anatomische Tafel 50\u00d770 cm, illustriert die menschliche Muskulatur, zweisprachig FR\/Latein, laminiert und langlebig. Ideal f\u00fcr Studium und Ausbildung.\" \/>\n<meta name=\"robots\" content=\"index, follow, max-snippet:-1, max-image-preview:large, max-video-preview:-1\" \/>\n<link rel=\"canonical\" href=\"https:\/\/lifesupportdistribution.fr\/de\/produkt\/anatomische-tafel-die-menschliche-muskulatur\/\" \/>\n<meta property=\"og:locale\" content=\"de_DE\" \/>\n<meta property=\"og:type\" content=\"article\" \/>\n<meta property=\"og:title\" content=\"Anatomische Tafel menschliche Muskulatur \u2013 Erler Zimmer\" \/>\n<meta property=\"og:description\" content=\"Anatomische Tafel 50\u00d770 cm, illustriert die menschliche Muskulatur, zweisprachig FR\/Latein, laminiert und langlebig. Ideal f\u00fcr Studium und Ausbildung.\" \/>\n<meta property=\"og:url\" content=\"https:\/\/lifesupportdistribution.fr\/de\/produkt\/anatomische-tafel-die-menschliche-muskulatur\/\" \/>\n<meta property=\"og:site_name\" content=\"Life Support Distribution\" \/>\n<meta property=\"og:image\" content=\"https:\/\/lifesupportdistribution.fr\/wp-content\/uploads\/2025\/12\/Planche-anatomique-22La-musculature-humaine22.webp\" \/>\n\t<meta property=\"og:image:width\" content=\"477\" \/>\n\t<meta property=\"og:image:height\" content=\"677\" \/>\n\t<meta property=\"og:image:type\" content=\"image\/webp\" \/>\n<meta name=\"twitter:card\" content=\"summary_large_image\" \/>\n<script type=\"application\/ld+json\" class=\"yoast-schema-graph\">{\"@context\":\"https:\/\/schema.org\",\"@graph\":[{\"@type\":\"WebPage\",\"@id\":\"https:\/\/lifesupportdistribution.fr\/de\/produkt\/anatomische-tafel-die-menschliche-muskulatur\/\",\"url\":\"https:\/\/lifesupportdistribution.fr\/de\/produkt\/anatomische-tafel-die-menschliche-muskulatur\/\",\"name\":\"Anatomische Tafel menschliche Muskulatur \u2013 Erler Zimmer\",\"isPartOf\":{\"@id\":\"https:\/\/lifesupportdistribution.fr\/de\/#website\"},\"primaryImageOfPage\":{\"@id\":\"https:\/\/lifesupportdistribution.fr\/de\/produkt\/anatomische-tafel-die-menschliche-muskulatur\/#primaryimage\"},\"image\":{\"@id\":\"https:\/\/lifesupportdistribution.fr\/de\/produkt\/anatomische-tafel-die-menschliche-muskulatur\/#primaryimage\"},\"thumbnailUrl\":\"https:\/\/lifesupportdistribution.fr\/wp-content\/uploads\/2025\/12\/Planche-anatomique-22La-musculature-humaine22.webp\",\"datePublished\":\"2025-12-02T14:26:42+00:00\",\"description\":\"Anatomische Tafel 50\u00d770 cm, illustriert die menschliche Muskulatur, zweisprachig FR\/Latein, laminiert und langlebig. Ideal f\u00fcr Studium und Ausbildung.\",\"breadcrumb\":{\"@id\":\"https:\/\/lifesupportdistribution.fr\/de\/produkt\/anatomische-tafel-die-menschliche-muskulatur\/#breadcrumb\"},\"inLanguage\":\"de\",\"potentialAction\":[{\"@type\":\"ReadAction\",\"target\":[\"https:\/\/lifesupportdistribution.fr\/de\/produkt\/anatomische-tafel-die-menschliche-muskulatur\/\"]}]},{\"@type\":\"ImageObject\",\"inLanguage\":\"de\",\"@id\":\"https:\/\/lifesupportdistribution.fr\/de\/produkt\/anatomische-tafel-die-menschliche-muskulatur\/#primaryimage\",\"url\":\"https:\/\/lifesupportdistribution.fr\/wp-content\/uploads\/2025\/12\/Planche-anatomique-22La-musculature-humaine22.webp\",\"contentUrl\":\"https:\/\/lifesupportdistribution.fr\/wp-content\/uploads\/2025\/12\/Planche-anatomique-22La-musculature-humaine22.webp\",\"width\":477,\"height\":677},{\"@type\":\"BreadcrumbList\",\"@id\":\"https:\/\/lifesupportdistribution.fr\/de\/produkt\/anatomische-tafel-die-menschliche-muskulatur\/#breadcrumb\",\"itemListElement\":[{\"@type\":\"ListItem\",\"position\":1,\"name\":\"Accueil\",\"item\":\"https:\/\/lifesupportdistribution.fr\/de\/startseite\/\"},{\"@type\":\"ListItem\",\"position\":2,\"name\":\"Shop\",\"item\":\"https:\/\/lifesupportdistribution.fr\/de\/shop\/\"},{\"@type\":\"ListItem\",\"position\":3,\"name\":\"Anatomische Tafel \u201eDie menschliche Muskulatur\u201c\"}]},{\"@type\":\"WebSite\",\"@id\":\"https:\/\/lifesupportdistribution.fr\/de\/#website\",\"url\":\"https:\/\/lifesupportdistribution.fr\/de\/\",\"name\":\"Life Support Distribution\",\"description\":\"Solutions en simulation m\u00e9dicale\",\"publisher\":{\"@id\":\"https:\/\/lifesupportdistribution.fr\/de\/#organization\"},\"potentialAction\":[{\"@type\":\"SearchAction\",\"target\":{\"@type\":\"EntryPoint\",\"urlTemplate\":\"https:\/\/lifesupportdistribution.fr\/de\/?s={search_term_string}\"},\"query-input\":{\"@type\":\"PropertyValueSpecification\",\"valueRequired\":true,\"valueName\":\"search_term_string\"}}],\"inLanguage\":\"de\"},{\"@type\":\"Organization\",\"@id\":\"https:\/\/lifesupportdistribution.fr\/de\/#organization\",\"name\":\"Life Support Distribution\",\"url\":\"https:\/\/lifesupportdistribution.fr\/de\/\",\"logo\":{\"@type\":\"ImageObject\",\"inLanguage\":\"de\",\"@id\":\"https:\/\/lifesupportdistribution.fr\/de\/#\/schema\/logo\/image\/\",\"url\":\"https:\/\/lifesupportdistribution.fr\/wp-content\/uploads\/2025\/10\/logo-life-support-distribution.svg\",\"contentUrl\":\"https:\/\/lifesupportdistribution.fr\/wp-content\/uploads\/2025\/10\/logo-life-support-distribution.svg\",\"width\":698,\"height\":223,\"caption\":\"Life Support Distribution\"},\"image\":{\"@id\":\"https:\/\/lifesupportdistribution.fr\/de\/#\/schema\/logo\/image\/\"},\"sameAs\":[\"https:\/\/www.linkedin.com\/company\/life-support-distribution\/\"]}]}<\/script>\n<!-- \/ Yoast SEO plugin. -->","yoast_head_json":{"title":"Anatomische Tafel menschliche Muskulatur \u2013 Erler Zimmer","description":"Anatomische Tafel 50\u00d770 cm, illustriert die menschliche Muskulatur, zweisprachig FR\/Latein, laminiert und langlebig. Ideal f\u00fcr Studium und Ausbildung.","robots":{"index":"index","follow":"follow","max-snippet":"max-snippet:-1","max-image-preview":"max-image-preview:large","max-video-preview":"max-video-preview:-1"},"canonical":"https:\/\/lifesupportdistribution.fr\/de\/produkt\/anatomische-tafel-die-menschliche-muskulatur\/","og_locale":"de_DE","og_type":"article","og_title":"Anatomische Tafel menschliche Muskulatur \u2013 Erler Zimmer","og_description":"Anatomische Tafel 50\u00d770 cm, illustriert die menschliche Muskulatur, zweisprachig FR\/Latein, laminiert und langlebig. Ideal f\u00fcr Studium und Ausbildung.","og_url":"https:\/\/lifesupportdistribution.fr\/de\/produkt\/anatomische-tafel-die-menschliche-muskulatur\/","og_site_name":"Life Support Distribution","og_image":[{"width":477,"height":677,"url":"https:\/\/lifesupportdistribution.fr\/wp-content\/uploads\/2025\/12\/Planche-anatomique-22La-musculature-humaine22.webp","type":"image\/webp"}],"twitter_card":"summary_large_image","schema":{"@context":"https:\/\/schema.org","@graph":[{"@type":"WebPage","@id":"https:\/\/lifesupportdistribution.fr\/de\/produkt\/anatomische-tafel-die-menschliche-muskulatur\/","url":"https:\/\/lifesupportdistribution.fr\/de\/produkt\/anatomische-tafel-die-menschliche-muskulatur\/","name":"Anatomische Tafel menschliche Muskulatur \u2013 Erler Zimmer","isPartOf":{"@id":"https:\/\/lifesupportdistribution.fr\/de\/#website"},"primaryImageOfPage":{"@id":"https:\/\/lifesupportdistribution.fr\/de\/produkt\/anatomische-tafel-die-menschliche-muskulatur\/#primaryimage"},"image":{"@id":"https:\/\/lifesupportdistribution.fr\/de\/produkt\/anatomische-tafel-die-menschliche-muskulatur\/#primaryimage"},"thumbnailUrl":"https:\/\/lifesupportdistribution.fr\/wp-content\/uploads\/2025\/12\/Planche-anatomique-22La-musculature-humaine22.webp","datePublished":"2025-12-02T14:26:42+00:00","description":"Anatomische Tafel 50\u00d770 cm, illustriert die menschliche Muskulatur, zweisprachig FR\/Latein, laminiert und langlebig. Ideal f\u00fcr Studium und Ausbildung.","breadcrumb":{"@id":"https:\/\/lifesupportdistribution.fr\/de\/produkt\/anatomische-tafel-die-menschliche-muskulatur\/#breadcrumb"},"inLanguage":"de","potentialAction":[{"@type":"ReadAction","target":["https:\/\/lifesupportdistribution.fr\/de\/produkt\/anatomische-tafel-die-menschliche-muskulatur\/"]}]},{"@type":"ImageObject","inLanguage":"de","@id":"https:\/\/lifesupportdistribution.fr\/de\/produkt\/anatomische-tafel-die-menschliche-muskulatur\/#primaryimage","url":"https:\/\/lifesupportdistribution.fr\/wp-content\/uploads\/2025\/12\/Planche-anatomique-22La-musculature-humaine22.webp","contentUrl":"https:\/\/lifesupportdistribution.fr\/wp-content\/uploads\/2025\/12\/Planche-anatomique-22La-musculature-humaine22.webp","width":477,"height":677},{"@type":"BreadcrumbList","@id":"https:\/\/lifesupportdistribution.fr\/de\/produkt\/anatomische-tafel-die-menschliche-muskulatur\/#breadcrumb","itemListElement":[{"@type":"ListItem","position":1,"name":"Accueil","item":"https:\/\/lifesupportdistribution.fr\/de\/startseite\/"},{"@type":"ListItem","position":2,"name":"Shop","item":"https:\/\/lifesupportdistribution.fr\/de\/shop\/"},{"@type":"ListItem","position":3,"name":"Anatomische Tafel \u201eDie menschliche Muskulatur\u201c"}]},{"@type":"WebSite","@id":"https:\/\/lifesupportdistribution.fr\/de\/#website","url":"https:\/\/lifesupportdistribution.fr\/de\/","name":"Life Support Distribution","description":"Solutions en simulation m\u00e9dicale","publisher":{"@id":"https:\/\/lifesupportdistribution.fr\/de\/#organization"},"potentialAction":[{"@type":"SearchAction","target":{"@type":"EntryPoint","urlTemplate":"https:\/\/lifesupportdistribution.fr\/de\/?s={search_term_string}"},"query-input":{"@type":"PropertyValueSpecification","valueRequired":true,"valueName":"search_term_string"}}],"inLanguage":"de"},{"@type":"Organization","@id":"https:\/\/lifesupportdistribution.fr\/de\/#organization","name":"Life Support Distribution","url":"https:\/\/lifesupportdistribution.fr\/de\/","logo":{"@type":"ImageObject","inLanguage":"de","@id":"https:\/\/lifesupportdistribution.fr\/de\/#\/schema\/logo\/image\/","url":"https:\/\/lifesupportdistribution.fr\/wp-content\/uploads\/2025\/10\/logo-life-support-distribution.svg","contentUrl":"https:\/\/lifesupportdistribution.fr\/wp-content\/uploads\/2025\/10\/logo-life-support-distribution.svg","width":698,"height":223,"caption":"Life Support Distribution"},"image":{"@id":"https:\/\/lifesupportdistribution.fr\/de\/#\/schema\/logo\/image\/"},"sameAs":["https:\/\/www.linkedin.com\/company\/life-support-distribution\/"]}]}},"_links":{"self":[{"href":"https:\/\/lifesupportdistribution.fr\/de\/wp-json\/wp\/v2\/product\/5731","targetHints":{"allow":["GET"]}}],"collection":[{"href":"https:\/\/lifesupportdistribution.fr\/de\/wp-json\/wp\/v2\/product"}],"about":[{"href":"https:\/\/lifesupportdistribution.fr\/de\/wp-json\/wp\/v2\/types\/product"}],"wp:featuredmedia":[{"embeddable":true,"href":"https:\/\/lifesupportdistribution.fr\/de\/wp-json\/wp\/v2\/media\/2799"}],"wp:attachment":[{"href":"https:\/\/lifesupportdistribution.fr\/de\/wp-json\/wp\/v2\/media?parent=5731"}],"wp:term":[{"taxonomy":"product_brand","embeddable":true,"href":"https:\/\/lifesupportdistribution.fr\/de\/wp-json\/wp\/v2\/product_brand?post=5731"},{"taxonomy":"product_cat","embeddable":true,"href":"https:\/\/lifesupportdistribution.fr\/de\/wp-json\/wp\/v2\/product_cat?post=5731"},{"taxonomy":"product_tag","embeddable":true,"href":"https:\/\/lifesupportdistribution.fr\/de\/wp-json\/wp\/v2\/product_tag?post=5731"}],"curies":[{"name":"wp","href":"https:\/\/api.w.org\/{rel}","templated":true}]}}