{"id":5754,"date":"2025-12-04T13:48:47","date_gmt":"2025-12-04T12:48:47","guid":{"rendered":"https:\/\/lifesupportdistribution.fr\/produits\/pat-basic-system-paediatrischer-auskultationssimulator\/"},"modified":"2025-12-04T13:48:47","modified_gmt":"2025-12-04T12:48:47","slug":"pat-basic-system-paediatrischer-auskultationssimulator","status":"publish","type":"product","link":"https:\/\/lifesupportdistribution.fr\/de\/produkt\/pat-basic-system-paediatrischer-auskultationssimulator\/","title":{"rendered":"PAT Basic System \u2013 P\u00e4diatrischer Auskultationssimulator"},"content":{"rendered":"<p>Das Cardionics PAT Basic System wurde entwickelt, um eine zug\u00e4ngliche und zuverl\u00e4ssige p\u00e4diatrische Auskultationsl\u00f6sung zu bieten. Es erm\u00f6glicht Lernenden, die wichtigsten Herz-, Lungen- und Bauchger\u00e4usche zu erkennen und zu unterscheiden.<br \/>\nDieser Simulator zeichnet sich durch seine klar identifizierten vorderen und hinteren anatomischen Orientierungspunkte aus, die eine pr\u00e4zise klinische Positionierung erm\u00f6glichen.<br \/>\nSeine Bibliothek wesentlicher Ger\u00e4usche umfasst normale und pathologische Herz-, Lungen- und Bauchger\u00e4usche. Dank einer intuitiven Bedienoberfl\u00e4che kann der Benutzer die Ger\u00e4usche nach gew\u00fcnschter Intensit\u00e4t ausw\u00e4hlen, anh\u00f6ren und wiederholen.<br \/>\nDas Modell kann mit einem elektronischen Cardionics-Stethoskop f\u00fcr individuelles H\u00f6ren verwendet werden, bietet aber auch eine kollektive Klangwiedergabe bei Demonstrationen.<br \/>\nDer PAT Basic ist robust und mobil konzipiert und eignet sich perfekt f\u00fcr Ausbildungseinrichtungen, Krankenpflegeschulen sowie f\u00fcr Tutorien oder praktische \u00dcbungseinheiten.  <\/p>\n","protected":false},"excerpt":{"rendered":"<p>Der PAT Basic ist ein einfaches und kosteng\u00fcnstiges p\u00e4diatrisches Modell, entwickelt zum Erlernen von Herz-, Lungen- und Bauchger\u00e4uschen bei Kindern. Er erm\u00f6glicht Studierenden, sich mit der Auskultation vertraut zu machen und grundlegende klinische Bewertungen zu standardisieren. Dieser Simulator kombiniert pr\u00e4zise anatomische Orientierungspunkte und eine Bibliothek grundlegender Ger\u00e4usche, die f\u00fcr eine reibungslose und p\u00e4dagogische Nutzung einfach zu steuern ist.  <\/p>\n","protected":false},"featured_media":2829,"template":"","meta":[],"product_brand":[190],"product_cat":[222],"product_tag":[230,239,251,236,235],"class_list":{"0":"post-5754","1":"product","2":"type-product","3":"status-publish","4":"has-post-thumbnail","6":"product_brand-cardionics","7":"product_cat-simulatoren-fur-medizinische-versorgung","8":"product_tag-allgemeinmedizin","9":"product_tag-herz-lungen","10":"product_tag-krankenpflege","11":"product_tag-notfallmedizin","12":"product_tag-padiatrie","14":"first","15":"instock","16":"shipping-taxable","17":"purchasable","18":"product-type-simple"},"yoast_head":"<!-- This site is optimized with the Yoast SEO plugin v26.8 - https:\/\/yoast.com\/product\/yoast-seo-wordpress\/ -->\n<title>PAT Basic System \u2013 P\u00e4diatrischer Auskultationssimulator<\/title>\n<meta name=\"description\" content=\"Einfaches und zuverl\u00e4ssiges p\u00e4diatrisches Modell zum Erlernen von Herz-, Lungen- und Bauchger\u00e4uschen. Pr\u00e4zise anatomische Orientierungspunkte und eine Klangbibliothek.\" \/>\n<meta name=\"robots\" content=\"index, follow, max-snippet:-1, max-image-preview:large, max-video-preview:-1\" \/>\n<link rel=\"canonical\" href=\"https:\/\/lifesupportdistribution.fr\/de\/produkt\/pat-basic-system-paediatrischer-auskultationssimulator\/\" \/>\n<meta property=\"og:locale\" content=\"de_DE\" \/>\n<meta property=\"og:type\" content=\"article\" \/>\n<meta property=\"og:title\" content=\"PAT Basic System \u2013 P\u00e4diatrischer Auskultationssimulator\" \/>\n<meta property=\"og:description\" content=\"Einfaches und zuverl\u00e4ssiges p\u00e4diatrisches Modell zum Erlernen von Herz-, Lungen- und Bauchger\u00e4uschen. Pr\u00e4zise anatomische Orientierungspunkte und eine Klangbibliothek.\" \/>\n<meta property=\"og:url\" content=\"https:\/\/lifesupportdistribution.fr\/de\/produkt\/pat-basic-system-paediatrischer-auskultationssimulator\/\" \/>\n<meta property=\"og:site_name\" content=\"Life Support Distribution\" \/>\n<meta property=\"og:image\" content=\"https:\/\/lifesupportdistribution.fr\/wp-content\/uploads\/2025\/12\/Systeme-PAT-Basic-Simulateur-dauscultation-pediatrique.jpg\" \/>\n\t<meta property=\"og:image:width\" content=\"1200\" \/>\n\t<meta property=\"og:image:height\" content=\"1200\" \/>\n\t<meta property=\"og:image:type\" content=\"image\/jpeg\" \/>\n<meta name=\"twitter:card\" content=\"summary_large_image\" \/>\n<meta name=\"twitter:label1\" content=\"Gesch\u00e4tzte Lesezeit\" \/>\n\t<meta name=\"twitter:data1\" content=\"1\u00a0Minute\" \/>\n<script type=\"application\/ld+json\" class=\"yoast-schema-graph\">{\"@context\":\"https:\/\/schema.org\",\"@graph\":[{\"@type\":\"WebPage\",\"@id\":\"https:\/\/lifesupportdistribution.fr\/de\/produkt\/pat-basic-system-paediatrischer-auskultationssimulator\/\",\"url\":\"https:\/\/lifesupportdistribution.fr\/de\/produkt\/pat-basic-system-paediatrischer-auskultationssimulator\/\",\"name\":\"PAT Basic System \u2013 P\u00e4diatrischer Auskultationssimulator\",\"isPartOf\":{\"@id\":\"https:\/\/lifesupportdistribution.fr\/de\/#website\"},\"primaryImageOfPage\":{\"@id\":\"https:\/\/lifesupportdistribution.fr\/de\/produkt\/pat-basic-system-paediatrischer-auskultationssimulator\/#primaryimage\"},\"image\":{\"@id\":\"https:\/\/lifesupportdistribution.fr\/de\/produkt\/pat-basic-system-paediatrischer-auskultationssimulator\/#primaryimage\"},\"thumbnailUrl\":\"https:\/\/lifesupportdistribution.fr\/wp-content\/uploads\/2025\/12\/Systeme-PAT-Basic-Simulateur-dauscultation-pediatrique.jpg\",\"datePublished\":\"2025-12-04T12:48:47+00:00\",\"description\":\"Einfaches und zuverl\u00e4ssiges p\u00e4diatrisches Modell zum Erlernen von Herz-, Lungen- und Bauchger\u00e4uschen. Pr\u00e4zise anatomische Orientierungspunkte und eine Klangbibliothek.\",\"breadcrumb\":{\"@id\":\"https:\/\/lifesupportdistribution.fr\/de\/produkt\/pat-basic-system-paediatrischer-auskultationssimulator\/#breadcrumb\"},\"inLanguage\":\"de\",\"potentialAction\":[{\"@type\":\"ReadAction\",\"target\":[\"https:\/\/lifesupportdistribution.fr\/de\/produkt\/pat-basic-system-paediatrischer-auskultationssimulator\/\"]}]},{\"@type\":\"ImageObject\",\"inLanguage\":\"de\",\"@id\":\"https:\/\/lifesupportdistribution.fr\/de\/produkt\/pat-basic-system-paediatrischer-auskultationssimulator\/#primaryimage\",\"url\":\"https:\/\/lifesupportdistribution.fr\/wp-content\/uploads\/2025\/12\/Systeme-PAT-Basic-Simulateur-dauscultation-pediatrique.jpg\",\"contentUrl\":\"https:\/\/lifesupportdistribution.fr\/wp-content\/uploads\/2025\/12\/Systeme-PAT-Basic-Simulateur-dauscultation-pediatrique.jpg\",\"width\":1200,\"height\":1200},{\"@type\":\"BreadcrumbList\",\"@id\":\"https:\/\/lifesupportdistribution.fr\/de\/produkt\/pat-basic-system-paediatrischer-auskultationssimulator\/#breadcrumb\",\"itemListElement\":[{\"@type\":\"ListItem\",\"position\":1,\"name\":\"Accueil\",\"item\":\"https:\/\/lifesupportdistribution.fr\/de\/startseite\/\"},{\"@type\":\"ListItem\",\"position\":2,\"name\":\"Shop\",\"item\":\"https:\/\/lifesupportdistribution.fr\/de\/shop\/\"},{\"@type\":\"ListItem\",\"position\":3,\"name\":\"PAT Basic System \u2013 P\u00e4diatrischer Auskultationssimulator\"}]},{\"@type\":\"WebSite\",\"@id\":\"https:\/\/lifesupportdistribution.fr\/de\/#website\",\"url\":\"https:\/\/lifesupportdistribution.fr\/de\/\",\"name\":\"Life Support Distribution\",\"description\":\"Solutions en simulation m\u00e9dicale\",\"publisher\":{\"@id\":\"https:\/\/lifesupportdistribution.fr\/de\/#organization\"},\"potentialAction\":[{\"@type\":\"SearchAction\",\"target\":{\"@type\":\"EntryPoint\",\"urlTemplate\":\"https:\/\/lifesupportdistribution.fr\/de\/?s={search_term_string}\"},\"query-input\":{\"@type\":\"PropertyValueSpecification\",\"valueRequired\":true,\"valueName\":\"search_term_string\"}}],\"inLanguage\":\"de\"},{\"@type\":\"Organization\",\"@id\":\"https:\/\/lifesupportdistribution.fr\/de\/#organization\",\"name\":\"Life Support Distribution\",\"url\":\"https:\/\/lifesupportdistribution.fr\/de\/\",\"logo\":{\"@type\":\"ImageObject\",\"inLanguage\":\"de\",\"@id\":\"https:\/\/lifesupportdistribution.fr\/de\/#\/schema\/logo\/image\/\",\"url\":\"https:\/\/lifesupportdistribution.fr\/wp-content\/uploads\/2025\/10\/logo-life-support-distribution.svg\",\"contentUrl\":\"https:\/\/lifesupportdistribution.fr\/wp-content\/uploads\/2025\/10\/logo-life-support-distribution.svg\",\"width\":698,\"height\":223,\"caption\":\"Life Support Distribution\"},\"image\":{\"@id\":\"https:\/\/lifesupportdistribution.fr\/de\/#\/schema\/logo\/image\/\"},\"sameAs\":[\"https:\/\/www.linkedin.com\/company\/life-support-distribution\/\"]}]}<\/script>\n<!-- \/ Yoast SEO plugin. -->","yoast_head_json":{"title":"PAT Basic System \u2013 P\u00e4diatrischer Auskultationssimulator","description":"Einfaches und zuverl\u00e4ssiges p\u00e4diatrisches Modell zum Erlernen von Herz-, Lungen- und Bauchger\u00e4uschen. Pr\u00e4zise anatomische Orientierungspunkte und eine Klangbibliothek.","robots":{"index":"index","follow":"follow","max-snippet":"max-snippet:-1","max-image-preview":"max-image-preview:large","max-video-preview":"max-video-preview:-1"},"canonical":"https:\/\/lifesupportdistribution.fr\/de\/produkt\/pat-basic-system-paediatrischer-auskultationssimulator\/","og_locale":"de_DE","og_type":"article","og_title":"PAT Basic System \u2013 P\u00e4diatrischer Auskultationssimulator","og_description":"Einfaches und zuverl\u00e4ssiges p\u00e4diatrisches Modell zum Erlernen von Herz-, Lungen- und Bauchger\u00e4uschen. Pr\u00e4zise anatomische Orientierungspunkte und eine Klangbibliothek.","og_url":"https:\/\/lifesupportdistribution.fr\/de\/produkt\/pat-basic-system-paediatrischer-auskultationssimulator\/","og_site_name":"Life Support Distribution","og_image":[{"width":1200,"height":1200,"url":"https:\/\/lifesupportdistribution.fr\/wp-content\/uploads\/2025\/12\/Systeme-PAT-Basic-Simulateur-dauscultation-pediatrique.jpg","type":"image\/jpeg"}],"twitter_card":"summary_large_image","twitter_misc":{"Gesch\u00e4tzte Lesezeit":"1\u00a0Minute"},"schema":{"@context":"https:\/\/schema.org","@graph":[{"@type":"WebPage","@id":"https:\/\/lifesupportdistribution.fr\/de\/produkt\/pat-basic-system-paediatrischer-auskultationssimulator\/","url":"https:\/\/lifesupportdistribution.fr\/de\/produkt\/pat-basic-system-paediatrischer-auskultationssimulator\/","name":"PAT Basic System \u2013 P\u00e4diatrischer Auskultationssimulator","isPartOf":{"@id":"https:\/\/lifesupportdistribution.fr\/de\/#website"},"primaryImageOfPage":{"@id":"https:\/\/lifesupportdistribution.fr\/de\/produkt\/pat-basic-system-paediatrischer-auskultationssimulator\/#primaryimage"},"image":{"@id":"https:\/\/lifesupportdistribution.fr\/de\/produkt\/pat-basic-system-paediatrischer-auskultationssimulator\/#primaryimage"},"thumbnailUrl":"https:\/\/lifesupportdistribution.fr\/wp-content\/uploads\/2025\/12\/Systeme-PAT-Basic-Simulateur-dauscultation-pediatrique.jpg","datePublished":"2025-12-04T12:48:47+00:00","description":"Einfaches und zuverl\u00e4ssiges p\u00e4diatrisches Modell zum Erlernen von Herz-, Lungen- und Bauchger\u00e4uschen. Pr\u00e4zise anatomische Orientierungspunkte und eine Klangbibliothek.","breadcrumb":{"@id":"https:\/\/lifesupportdistribution.fr\/de\/produkt\/pat-basic-system-paediatrischer-auskultationssimulator\/#breadcrumb"},"inLanguage":"de","potentialAction":[{"@type":"ReadAction","target":["https:\/\/lifesupportdistribution.fr\/de\/produkt\/pat-basic-system-paediatrischer-auskultationssimulator\/"]}]},{"@type":"ImageObject","inLanguage":"de","@id":"https:\/\/lifesupportdistribution.fr\/de\/produkt\/pat-basic-system-paediatrischer-auskultationssimulator\/#primaryimage","url":"https:\/\/lifesupportdistribution.fr\/wp-content\/uploads\/2025\/12\/Systeme-PAT-Basic-Simulateur-dauscultation-pediatrique.jpg","contentUrl":"https:\/\/lifesupportdistribution.fr\/wp-content\/uploads\/2025\/12\/Systeme-PAT-Basic-Simulateur-dauscultation-pediatrique.jpg","width":1200,"height":1200},{"@type":"BreadcrumbList","@id":"https:\/\/lifesupportdistribution.fr\/de\/produkt\/pat-basic-system-paediatrischer-auskultationssimulator\/#breadcrumb","itemListElement":[{"@type":"ListItem","position":1,"name":"Accueil","item":"https:\/\/lifesupportdistribution.fr\/de\/startseite\/"},{"@type":"ListItem","position":2,"name":"Shop","item":"https:\/\/lifesupportdistribution.fr\/de\/shop\/"},{"@type":"ListItem","position":3,"name":"PAT Basic System \u2013 P\u00e4diatrischer Auskultationssimulator"}]},{"@type":"WebSite","@id":"https:\/\/lifesupportdistribution.fr\/de\/#website","url":"https:\/\/lifesupportdistribution.fr\/de\/","name":"Life Support Distribution","description":"Solutions en simulation m\u00e9dicale","publisher":{"@id":"https:\/\/lifesupportdistribution.fr\/de\/#organization"},"potentialAction":[{"@type":"SearchAction","target":{"@type":"EntryPoint","urlTemplate":"https:\/\/lifesupportdistribution.fr\/de\/?s={search_term_string}"},"query-input":{"@type":"PropertyValueSpecification","valueRequired":true,"valueName":"search_term_string"}}],"inLanguage":"de"},{"@type":"Organization","@id":"https:\/\/lifesupportdistribution.fr\/de\/#organization","name":"Life Support Distribution","url":"https:\/\/lifesupportdistribution.fr\/de\/","logo":{"@type":"ImageObject","inLanguage":"de","@id":"https:\/\/lifesupportdistribution.fr\/de\/#\/schema\/logo\/image\/","url":"https:\/\/lifesupportdistribution.fr\/wp-content\/uploads\/2025\/10\/logo-life-support-distribution.svg","contentUrl":"https:\/\/lifesupportdistribution.fr\/wp-content\/uploads\/2025\/10\/logo-life-support-distribution.svg","width":698,"height":223,"caption":"Life Support Distribution"},"image":{"@id":"https:\/\/lifesupportdistribution.fr\/de\/#\/schema\/logo\/image\/"},"sameAs":["https:\/\/www.linkedin.com\/company\/life-support-distribution\/"]}]}},"_links":{"self":[{"href":"https:\/\/lifesupportdistribution.fr\/de\/wp-json\/wp\/v2\/product\/5754","targetHints":{"allow":["GET"]}}],"collection":[{"href":"https:\/\/lifesupportdistribution.fr\/de\/wp-json\/wp\/v2\/product"}],"about":[{"href":"https:\/\/lifesupportdistribution.fr\/de\/wp-json\/wp\/v2\/types\/product"}],"wp:featuredmedia":[{"embeddable":true,"href":"https:\/\/lifesupportdistribution.fr\/de\/wp-json\/wp\/v2\/media\/2829"}],"wp:attachment":[{"href":"https:\/\/lifesupportdistribution.fr\/de\/wp-json\/wp\/v2\/media?parent=5754"}],"wp:term":[{"taxonomy":"product_brand","embeddable":true,"href":"https:\/\/lifesupportdistribution.fr\/de\/wp-json\/wp\/v2\/product_brand?post=5754"},{"taxonomy":"product_cat","embeddable":true,"href":"https:\/\/lifesupportdistribution.fr\/de\/wp-json\/wp\/v2\/product_cat?post=5754"},{"taxonomy":"product_tag","embeddable":true,"href":"https:\/\/lifesupportdistribution.fr\/de\/wp-json\/wp\/v2\/product_tag?post=5754"}],"curies":[{"name":"wp","href":"https:\/\/api.w.org\/{rel}","templated":true}]}}