{"id":5755,"date":"2025-12-05T12:16:22","date_gmt":"2025-12-05T11:16:22","guid":{"rendered":"https:\/\/lifesupportdistribution.fr\/produits\/physiko-plus-ce\/"},"modified":"2025-12-05T12:16:22","modified_gmt":"2025-12-05T11:16:22","slug":"physiko-plus-ce","status":"publish","type":"product","link":"https:\/\/lifesupportdistribution.fr\/de\/produkt\/physiko-plus-ce\/","title":{"rendered":"Physiko Plus CE"},"content":{"rendered":"<p>Der Physiko Plus CE wurde entwickelt, um Studenten und medizinisches Fachpersonal in der vollst\u00e4ndigen klinischen Patientenuntersuchung zu schulen. Er erm\u00f6glicht das Lehren und Bewerten von Beobachtungs-, Palpations- und Auskultationsf\u00e4higkeiten anhand von \u00fcber 20 vorprogrammierten pathologischen Szenarien. Dank seiner interaktiven Funktionen bietet er die M\u00f6glichkeit, verschiedene Vitalzeichen wie Lungen-, Herz- und Darmger\u00e4usche sowie Pupillenreflexe und den Blutdruck zu simulieren.<br \/>\nDieser Simulator ist ideal f\u00fcr Einzel- oder Kleingruppenschulungen und bietet eine umfassende Lernerfahrung, die technische Fertigkeiten und klinisches Denken kombiniert. Eingesetzt in Universit\u00e4ten, Krankenpflegeschulen und Krankenh\u00e4usern f\u00f6rdert der Physiko Plus CE ein progressives und reproduzierbares Lernen, von der Entdeckung von Pathologien bis zur klinischen Entscheidungsfindung.   <\/p>\n","protected":false},"excerpt":{"rendered":"<p>Der Physiko Plus CE Simulator von Kyoto Kagaku ist ein fortschrittliches System, das dem Erlernen klinischer Verfahren und der k\u00f6rperlichen Diagnostik gewidmet ist. Er erm\u00f6glicht es Lernenden, wesentliche Beurteilungsreflexe durch interaktive Szenarien und pr\u00e4zises p\u00e4dagogisches Feedback in einer immersiven und realistischen Umgebung zu erwerben. <\/p>\n","protected":false},"featured_media":2962,"template":"","meta":[],"product_brand":[200],"product_cat":[218],"product_tag":[230,239,249,251,236],"class_list":{"0":"post-5755","1":"product","2":"type-product","3":"status-publish","4":"has-post-thumbnail","6":"product_brand-kyoto-kagaku","7":"product_cat-simulationspuppen","8":"product_tag-allgemeinmedizin","9":"product_tag-herz-lungen","10":"product_tag-innere-medizin","11":"product_tag-krankenpflege","12":"product_tag-notfallmedizin","14":"first","15":"instock","16":"shipping-taxable","17":"purchasable","18":"product-type-simple"},"yoast_head":"<!-- This site is optimized with the Yoast SEO plugin v26.8 - https:\/\/yoast.com\/product\/yoast-seo-wordpress\/ -->\n<title>Physiko Plus CE \u2013 Vollst\u00e4ndiger Simulator f\u00fcr klinische Untersuchungen<\/title>\n<meta name=\"description\" content=\"Interaktiver klinischer Simulator mit \u00fcber 20 Szenarien, simulierten Vitalzeichen und p\u00e4dagogischem Feedback zur Schulung der k\u00f6rperlichen Untersuchung.\" \/>\n<meta name=\"robots\" content=\"index, follow, max-snippet:-1, max-image-preview:large, max-video-preview:-1\" \/>\n<link rel=\"canonical\" href=\"https:\/\/lifesupportdistribution.fr\/de\/produkt\/physiko-plus-ce\/\" \/>\n<meta property=\"og:locale\" content=\"de_DE\" \/>\n<meta property=\"og:type\" content=\"article\" \/>\n<meta property=\"og:title\" content=\"Physiko Plus CE \u2013 Vollst\u00e4ndiger Simulator f\u00fcr klinische Untersuchungen\" \/>\n<meta property=\"og:description\" content=\"Interaktiver klinischer Simulator mit \u00fcber 20 Szenarien, simulierten Vitalzeichen und p\u00e4dagogischem Feedback zur Schulung der k\u00f6rperlichen Untersuchung.\" \/>\n<meta property=\"og:url\" content=\"https:\/\/lifesupportdistribution.fr\/de\/produkt\/physiko-plus-ce\/\" \/>\n<meta property=\"og:site_name\" content=\"Life Support Distribution\" \/>\n<meta property=\"og:image\" content=\"https:\/\/lifesupportdistribution.fr\/wp-content\/uploads\/2025\/12\/Simulateur-devaluation-physique-Physiko-Plus-CE.jpg\" \/>\n\t<meta property=\"og:image:width\" content=\"1000\" \/>\n\t<meta property=\"og:image:height\" content=\"1000\" \/>\n\t<meta property=\"og:image:type\" content=\"image\/jpeg\" \/>\n<meta name=\"twitter:card\" content=\"summary_large_image\" \/>\n<meta name=\"twitter:label1\" content=\"Gesch\u00e4tzte Lesezeit\" \/>\n\t<meta name=\"twitter:data1\" content=\"1\u00a0Minute\" \/>\n<script type=\"application\/ld+json\" class=\"yoast-schema-graph\">{\"@context\":\"https:\/\/schema.org\",\"@graph\":[{\"@type\":\"WebPage\",\"@id\":\"https:\/\/lifesupportdistribution.fr\/de\/produkt\/physiko-plus-ce\/\",\"url\":\"https:\/\/lifesupportdistribution.fr\/de\/produkt\/physiko-plus-ce\/\",\"name\":\"Physiko Plus CE \u2013 Vollst\u00e4ndiger Simulator f\u00fcr klinische Untersuchungen\",\"isPartOf\":{\"@id\":\"https:\/\/lifesupportdistribution.fr\/de\/#website\"},\"primaryImageOfPage\":{\"@id\":\"https:\/\/lifesupportdistribution.fr\/de\/produkt\/physiko-plus-ce\/#primaryimage\"},\"image\":{\"@id\":\"https:\/\/lifesupportdistribution.fr\/de\/produkt\/physiko-plus-ce\/#primaryimage\"},\"thumbnailUrl\":\"https:\/\/lifesupportdistribution.fr\/wp-content\/uploads\/2025\/12\/Simulateur-devaluation-physique-Physiko-Plus-CE.jpg\",\"datePublished\":\"2025-12-05T11:16:22+00:00\",\"description\":\"Interaktiver klinischer Simulator mit \u00fcber 20 Szenarien, simulierten Vitalzeichen und p\u00e4dagogischem Feedback zur Schulung der k\u00f6rperlichen Untersuchung.\",\"breadcrumb\":{\"@id\":\"https:\/\/lifesupportdistribution.fr\/de\/produkt\/physiko-plus-ce\/#breadcrumb\"},\"inLanguage\":\"de\",\"potentialAction\":[{\"@type\":\"ReadAction\",\"target\":[\"https:\/\/lifesupportdistribution.fr\/de\/produkt\/physiko-plus-ce\/\"]}]},{\"@type\":\"ImageObject\",\"inLanguage\":\"de\",\"@id\":\"https:\/\/lifesupportdistribution.fr\/de\/produkt\/physiko-plus-ce\/#primaryimage\",\"url\":\"https:\/\/lifesupportdistribution.fr\/wp-content\/uploads\/2025\/12\/Simulateur-devaluation-physique-Physiko-Plus-CE.jpg\",\"contentUrl\":\"https:\/\/lifesupportdistribution.fr\/wp-content\/uploads\/2025\/12\/Simulateur-devaluation-physique-Physiko-Plus-CE.jpg\",\"width\":1000,\"height\":1000},{\"@type\":\"BreadcrumbList\",\"@id\":\"https:\/\/lifesupportdistribution.fr\/de\/produkt\/physiko-plus-ce\/#breadcrumb\",\"itemListElement\":[{\"@type\":\"ListItem\",\"position\":1,\"name\":\"Accueil\",\"item\":\"https:\/\/lifesupportdistribution.fr\/de\/startseite\/\"},{\"@type\":\"ListItem\",\"position\":2,\"name\":\"Shop\",\"item\":\"https:\/\/lifesupportdistribution.fr\/de\/shop\/\"},{\"@type\":\"ListItem\",\"position\":3,\"name\":\"Physiko Plus CE\"}]},{\"@type\":\"WebSite\",\"@id\":\"https:\/\/lifesupportdistribution.fr\/de\/#website\",\"url\":\"https:\/\/lifesupportdistribution.fr\/de\/\",\"name\":\"Life Support Distribution\",\"description\":\"Solutions en simulation m\u00e9dicale\",\"publisher\":{\"@id\":\"https:\/\/lifesupportdistribution.fr\/de\/#organization\"},\"potentialAction\":[{\"@type\":\"SearchAction\",\"target\":{\"@type\":\"EntryPoint\",\"urlTemplate\":\"https:\/\/lifesupportdistribution.fr\/de\/?s={search_term_string}\"},\"query-input\":{\"@type\":\"PropertyValueSpecification\",\"valueRequired\":true,\"valueName\":\"search_term_string\"}}],\"inLanguage\":\"de\"},{\"@type\":\"Organization\",\"@id\":\"https:\/\/lifesupportdistribution.fr\/de\/#organization\",\"name\":\"Life Support Distribution\",\"url\":\"https:\/\/lifesupportdistribution.fr\/de\/\",\"logo\":{\"@type\":\"ImageObject\",\"inLanguage\":\"de\",\"@id\":\"https:\/\/lifesupportdistribution.fr\/de\/#\/schema\/logo\/image\/\",\"url\":\"https:\/\/lifesupportdistribution.fr\/wp-content\/uploads\/2025\/10\/logo-life-support-distribution.svg\",\"contentUrl\":\"https:\/\/lifesupportdistribution.fr\/wp-content\/uploads\/2025\/10\/logo-life-support-distribution.svg\",\"width\":698,\"height\":223,\"caption\":\"Life Support Distribution\"},\"image\":{\"@id\":\"https:\/\/lifesupportdistribution.fr\/de\/#\/schema\/logo\/image\/\"},\"sameAs\":[\"https:\/\/www.linkedin.com\/company\/life-support-distribution\/\"]}]}<\/script>\n<!-- \/ Yoast SEO plugin. -->","yoast_head_json":{"title":"Physiko Plus CE \u2013 Vollst\u00e4ndiger Simulator f\u00fcr klinische Untersuchungen","description":"Interaktiver klinischer Simulator mit \u00fcber 20 Szenarien, simulierten Vitalzeichen und p\u00e4dagogischem Feedback zur Schulung der k\u00f6rperlichen Untersuchung.","robots":{"index":"index","follow":"follow","max-snippet":"max-snippet:-1","max-image-preview":"max-image-preview:large","max-video-preview":"max-video-preview:-1"},"canonical":"https:\/\/lifesupportdistribution.fr\/de\/produkt\/physiko-plus-ce\/","og_locale":"de_DE","og_type":"article","og_title":"Physiko Plus CE \u2013 Vollst\u00e4ndiger Simulator f\u00fcr klinische Untersuchungen","og_description":"Interaktiver klinischer Simulator mit \u00fcber 20 Szenarien, simulierten Vitalzeichen und p\u00e4dagogischem Feedback zur Schulung der k\u00f6rperlichen Untersuchung.","og_url":"https:\/\/lifesupportdistribution.fr\/de\/produkt\/physiko-plus-ce\/","og_site_name":"Life Support Distribution","og_image":[{"width":1000,"height":1000,"url":"https:\/\/lifesupportdistribution.fr\/wp-content\/uploads\/2025\/12\/Simulateur-devaluation-physique-Physiko-Plus-CE.jpg","type":"image\/jpeg"}],"twitter_card":"summary_large_image","twitter_misc":{"Gesch\u00e4tzte Lesezeit":"1\u00a0Minute"},"schema":{"@context":"https:\/\/schema.org","@graph":[{"@type":"WebPage","@id":"https:\/\/lifesupportdistribution.fr\/de\/produkt\/physiko-plus-ce\/","url":"https:\/\/lifesupportdistribution.fr\/de\/produkt\/physiko-plus-ce\/","name":"Physiko Plus CE \u2013 Vollst\u00e4ndiger Simulator f\u00fcr klinische Untersuchungen","isPartOf":{"@id":"https:\/\/lifesupportdistribution.fr\/de\/#website"},"primaryImageOfPage":{"@id":"https:\/\/lifesupportdistribution.fr\/de\/produkt\/physiko-plus-ce\/#primaryimage"},"image":{"@id":"https:\/\/lifesupportdistribution.fr\/de\/produkt\/physiko-plus-ce\/#primaryimage"},"thumbnailUrl":"https:\/\/lifesupportdistribution.fr\/wp-content\/uploads\/2025\/12\/Simulateur-devaluation-physique-Physiko-Plus-CE.jpg","datePublished":"2025-12-05T11:16:22+00:00","description":"Interaktiver klinischer Simulator mit \u00fcber 20 Szenarien, simulierten Vitalzeichen und p\u00e4dagogischem Feedback zur Schulung der k\u00f6rperlichen Untersuchung.","breadcrumb":{"@id":"https:\/\/lifesupportdistribution.fr\/de\/produkt\/physiko-plus-ce\/#breadcrumb"},"inLanguage":"de","potentialAction":[{"@type":"ReadAction","target":["https:\/\/lifesupportdistribution.fr\/de\/produkt\/physiko-plus-ce\/"]}]},{"@type":"ImageObject","inLanguage":"de","@id":"https:\/\/lifesupportdistribution.fr\/de\/produkt\/physiko-plus-ce\/#primaryimage","url":"https:\/\/lifesupportdistribution.fr\/wp-content\/uploads\/2025\/12\/Simulateur-devaluation-physique-Physiko-Plus-CE.jpg","contentUrl":"https:\/\/lifesupportdistribution.fr\/wp-content\/uploads\/2025\/12\/Simulateur-devaluation-physique-Physiko-Plus-CE.jpg","width":1000,"height":1000},{"@type":"BreadcrumbList","@id":"https:\/\/lifesupportdistribution.fr\/de\/produkt\/physiko-plus-ce\/#breadcrumb","itemListElement":[{"@type":"ListItem","position":1,"name":"Accueil","item":"https:\/\/lifesupportdistribution.fr\/de\/startseite\/"},{"@type":"ListItem","position":2,"name":"Shop","item":"https:\/\/lifesupportdistribution.fr\/de\/shop\/"},{"@type":"ListItem","position":3,"name":"Physiko Plus CE"}]},{"@type":"WebSite","@id":"https:\/\/lifesupportdistribution.fr\/de\/#website","url":"https:\/\/lifesupportdistribution.fr\/de\/","name":"Life Support Distribution","description":"Solutions en simulation m\u00e9dicale","publisher":{"@id":"https:\/\/lifesupportdistribution.fr\/de\/#organization"},"potentialAction":[{"@type":"SearchAction","target":{"@type":"EntryPoint","urlTemplate":"https:\/\/lifesupportdistribution.fr\/de\/?s={search_term_string}"},"query-input":{"@type":"PropertyValueSpecification","valueRequired":true,"valueName":"search_term_string"}}],"inLanguage":"de"},{"@type":"Organization","@id":"https:\/\/lifesupportdistribution.fr\/de\/#organization","name":"Life Support Distribution","url":"https:\/\/lifesupportdistribution.fr\/de\/","logo":{"@type":"ImageObject","inLanguage":"de","@id":"https:\/\/lifesupportdistribution.fr\/de\/#\/schema\/logo\/image\/","url":"https:\/\/lifesupportdistribution.fr\/wp-content\/uploads\/2025\/10\/logo-life-support-distribution.svg","contentUrl":"https:\/\/lifesupportdistribution.fr\/wp-content\/uploads\/2025\/10\/logo-life-support-distribution.svg","width":698,"height":223,"caption":"Life Support Distribution"},"image":{"@id":"https:\/\/lifesupportdistribution.fr\/de\/#\/schema\/logo\/image\/"},"sameAs":["https:\/\/www.linkedin.com\/company\/life-support-distribution\/"]}]}},"_links":{"self":[{"href":"https:\/\/lifesupportdistribution.fr\/de\/wp-json\/wp\/v2\/product\/5755","targetHints":{"allow":["GET"]}}],"collection":[{"href":"https:\/\/lifesupportdistribution.fr\/de\/wp-json\/wp\/v2\/product"}],"about":[{"href":"https:\/\/lifesupportdistribution.fr\/de\/wp-json\/wp\/v2\/types\/product"}],"wp:featuredmedia":[{"embeddable":true,"href":"https:\/\/lifesupportdistribution.fr\/de\/wp-json\/wp\/v2\/media\/2962"}],"wp:attachment":[{"href":"https:\/\/lifesupportdistribution.fr\/de\/wp-json\/wp\/v2\/media?parent=5755"}],"wp:term":[{"taxonomy":"product_brand","embeddable":true,"href":"https:\/\/lifesupportdistribution.fr\/de\/wp-json\/wp\/v2\/product_brand?post=5755"},{"taxonomy":"product_cat","embeddable":true,"href":"https:\/\/lifesupportdistribution.fr\/de\/wp-json\/wp\/v2\/product_cat?post=5755"},{"taxonomy":"product_tag","embeddable":true,"href":"https:\/\/lifesupportdistribution.fr\/de\/wp-json\/wp\/v2\/product_tag?post=5755"}],"curies":[{"name":"wp","href":"https:\/\/api.w.org\/{rel}","templated":true}]}}