{"id":5760,"date":"2025-12-04T13:50:46","date_gmt":"2025-12-04T12:50:46","guid":{"rendered":"https:\/\/lifesupportdistribution.fr\/produits\/sam-4-system-auskultationssimulator-fuer-erwachsene\/"},"modified":"2025-12-04T13:50:46","modified_gmt":"2025-12-04T12:50:46","slug":"sam-4-system-auskultationssimulator-fuer-erwachsene","status":"publish","type":"product","link":"https:\/\/lifesupportdistribution.fr\/de\/produkt\/sam-4-system-auskultationssimulator-fuer-erwachsene\/","title":{"rendered":"SAM 4 System \u2013 Auskultationssimulator f\u00fcr Erwachsene"},"content":{"rendered":"<p>Das SAM 4 System von Cardionics bietet eine realistische und umfassende Erfahrung f\u00fcr die Lehre der klinischen Auskultation.<br \/>\nEs verf\u00fcgt \u00fcber anatomische H\u00f6rbereiche, die vorne und hinten am Thorax positioniert sind und eine pr\u00e4zise und reproduzierbare Ausbildung erm\u00f6glichen.<br \/>\nSeine umfangreiche Ger\u00e4uschbibliothek umfasst normale und pathologische Ger\u00e4usche des Herzens, der Lunge, des Abdomens und der Gef\u00e4\u00dfe, um alle in der medizinischen Praxis auftretenden Situationen abzudecken.<br \/>\nDer Ausbilder kann F\u00e4lle ausw\u00e4hlen, Intensit\u00e4t und Lateralisation anpassen und H\u00f6rsequenzen f\u00fcr vielf\u00e4ltige und progressive Sitzungen aneinanderreihen.<br \/>\nDer Simulator ist kompatibel mit elektronischen Cardionics-Stethoskopen, was individuelles H\u00f6ren oder kollektive Wiedergabe \u00fcber Lautsprecher f\u00fcr Demonstrationen erm\u00f6glicht.<br \/>\nF\u00fcr intensiven Gebrauch konzipiert, ist der SAM 4 ideal f\u00fcr Gesundheitsschulen, Universit\u00e4ten und Simulationszentren.<\/p>\n","protected":false},"excerpt":{"rendered":"<p>Der SAM 4 ist ein Erwachsenenmodell, das dem Erlernen von Herz-, Lungen- und Abdominalger\u00e4uschen gewidmet ist. Er erm\u00f6glicht es Studenten und medizinischem Fachpersonal, die notwendigen F\u00e4higkeiten zur Erkennung physiologischer und pathologischer Ger\u00e4usche in einem strukturierten Ausbildungsrahmen zu erwerben. Dank seiner intuitiven Benutzeroberfl\u00e4che kann der Ausbilder die Sitzungen steuern und praktische Bewertungen standardisieren.  <\/p>\n","protected":false},"featured_media":2831,"template":"","meta":[],"product_brand":[190],"product_cat":[222],"product_tag":[230,239,249,251,236],"class_list":{"0":"post-5760","1":"product","2":"type-product","3":"status-publish","4":"has-post-thumbnail","6":"product_brand-cardionics","7":"product_cat-simulatoren-fur-medizinische-versorgung","8":"product_tag-allgemeinmedizin","9":"product_tag-herz-lungen","10":"product_tag-innere-medizin","11":"product_tag-krankenpflege","12":"product_tag-notfallmedizin","14":"first","15":"instock","16":"shipping-taxable","17":"purchasable","18":"product-type-simple"},"yoast_head":"<!-- This site is optimized with the Yoast SEO plugin v26.8 - https:\/\/yoast.com\/product\/yoast-seo-wordpress\/ -->\n<title>SAM 4 System \u2013 Auskultationssimulator f\u00fcr Erwachsene - Life Support Distribution<\/title>\n<meta name=\"description\" content=\"Vollst\u00e4ndiges Erwachsenenmodell zum Erlernen von Herz-, Lungen-, Abdominal- und Gef\u00e4\u00dfger\u00e4uschen, mit intuitiver Steuerung und reproduzierbaren F\u00e4llen.\" \/>\n<meta name=\"robots\" content=\"index, follow, max-snippet:-1, max-image-preview:large, max-video-preview:-1\" \/>\n<link rel=\"canonical\" href=\"https:\/\/lifesupportdistribution.fr\/de\/produkt\/sam-4-system-auskultationssimulator-fuer-erwachsene\/\" \/>\n<meta property=\"og:locale\" content=\"de_DE\" \/>\n<meta property=\"og:type\" content=\"article\" \/>\n<meta property=\"og:title\" content=\"SAM 4 System \u2013 Auskultationssimulator f\u00fcr Erwachsene - Life Support Distribution\" \/>\n<meta property=\"og:description\" content=\"Vollst\u00e4ndiges Erwachsenenmodell zum Erlernen von Herz-, Lungen-, Abdominal- und Gef\u00e4\u00dfger\u00e4uschen, mit intuitiver Steuerung und reproduzierbaren F\u00e4llen.\" \/>\n<meta property=\"og:url\" content=\"https:\/\/lifesupportdistribution.fr\/de\/produkt\/sam-4-system-auskultationssimulator-fuer-erwachsene\/\" \/>\n<meta property=\"og:site_name\" content=\"Life Support Distribution\" \/>\n<meta property=\"og:image\" content=\"https:\/\/lifesupportdistribution.fr\/wp-content\/uploads\/2025\/12\/Systeme-SAM-4-Simulateur-dauscultation-adulte.jpg\" \/>\n\t<meta property=\"og:image:width\" content=\"1200\" \/>\n\t<meta property=\"og:image:height\" content=\"1200\" \/>\n\t<meta property=\"og:image:type\" content=\"image\/jpeg\" \/>\n<meta name=\"twitter:card\" content=\"summary_large_image\" \/>\n<meta name=\"twitter:label1\" content=\"Gesch\u00e4tzte Lesezeit\" \/>\n\t<meta name=\"twitter:data1\" content=\"1\u00a0Minute\" \/>\n<script type=\"application\/ld+json\" class=\"yoast-schema-graph\">{\"@context\":\"https:\/\/schema.org\",\"@graph\":[{\"@type\":\"WebPage\",\"@id\":\"https:\/\/lifesupportdistribution.fr\/de\/produkt\/sam-4-system-auskultationssimulator-fuer-erwachsene\/\",\"url\":\"https:\/\/lifesupportdistribution.fr\/de\/produkt\/sam-4-system-auskultationssimulator-fuer-erwachsene\/\",\"name\":\"SAM 4 System \u2013 Auskultationssimulator f\u00fcr Erwachsene - Life Support Distribution\",\"isPartOf\":{\"@id\":\"https:\/\/lifesupportdistribution.fr\/de\/#website\"},\"primaryImageOfPage\":{\"@id\":\"https:\/\/lifesupportdistribution.fr\/de\/produkt\/sam-4-system-auskultationssimulator-fuer-erwachsene\/#primaryimage\"},\"image\":{\"@id\":\"https:\/\/lifesupportdistribution.fr\/de\/produkt\/sam-4-system-auskultationssimulator-fuer-erwachsene\/#primaryimage\"},\"thumbnailUrl\":\"https:\/\/lifesupportdistribution.fr\/wp-content\/uploads\/2025\/12\/Systeme-SAM-4-Simulateur-dauscultation-adulte.jpg\",\"datePublished\":\"2025-12-04T12:50:46+00:00\",\"description\":\"Vollst\u00e4ndiges Erwachsenenmodell zum Erlernen von Herz-, Lungen-, Abdominal- und Gef\u00e4\u00dfger\u00e4uschen, mit intuitiver Steuerung und reproduzierbaren F\u00e4llen.\",\"breadcrumb\":{\"@id\":\"https:\/\/lifesupportdistribution.fr\/de\/produkt\/sam-4-system-auskultationssimulator-fuer-erwachsene\/#breadcrumb\"},\"inLanguage\":\"de\",\"potentialAction\":[{\"@type\":\"ReadAction\",\"target\":[\"https:\/\/lifesupportdistribution.fr\/de\/produkt\/sam-4-system-auskultationssimulator-fuer-erwachsene\/\"]}]},{\"@type\":\"ImageObject\",\"inLanguage\":\"de\",\"@id\":\"https:\/\/lifesupportdistribution.fr\/de\/produkt\/sam-4-system-auskultationssimulator-fuer-erwachsene\/#primaryimage\",\"url\":\"https:\/\/lifesupportdistribution.fr\/wp-content\/uploads\/2025\/12\/Systeme-SAM-4-Simulateur-dauscultation-adulte.jpg\",\"contentUrl\":\"https:\/\/lifesupportdistribution.fr\/wp-content\/uploads\/2025\/12\/Systeme-SAM-4-Simulateur-dauscultation-adulte.jpg\",\"width\":1200,\"height\":1200},{\"@type\":\"BreadcrumbList\",\"@id\":\"https:\/\/lifesupportdistribution.fr\/de\/produkt\/sam-4-system-auskultationssimulator-fuer-erwachsene\/#breadcrumb\",\"itemListElement\":[{\"@type\":\"ListItem\",\"position\":1,\"name\":\"Accueil\",\"item\":\"https:\/\/lifesupportdistribution.fr\/de\/startseite\/\"},{\"@type\":\"ListItem\",\"position\":2,\"name\":\"Shop\",\"item\":\"https:\/\/lifesupportdistribution.fr\/de\/shop\/\"},{\"@type\":\"ListItem\",\"position\":3,\"name\":\"SAM 4 System \u2013 Auskultationssimulator f\u00fcr Erwachsene\"}]},{\"@type\":\"WebSite\",\"@id\":\"https:\/\/lifesupportdistribution.fr\/de\/#website\",\"url\":\"https:\/\/lifesupportdistribution.fr\/de\/\",\"name\":\"Life Support Distribution\",\"description\":\"Solutions en simulation m\u00e9dicale\",\"publisher\":{\"@id\":\"https:\/\/lifesupportdistribution.fr\/de\/#organization\"},\"potentialAction\":[{\"@type\":\"SearchAction\",\"target\":{\"@type\":\"EntryPoint\",\"urlTemplate\":\"https:\/\/lifesupportdistribution.fr\/de\/?s={search_term_string}\"},\"query-input\":{\"@type\":\"PropertyValueSpecification\",\"valueRequired\":true,\"valueName\":\"search_term_string\"}}],\"inLanguage\":\"de\"},{\"@type\":\"Organization\",\"@id\":\"https:\/\/lifesupportdistribution.fr\/de\/#organization\",\"name\":\"Life Support Distribution\",\"url\":\"https:\/\/lifesupportdistribution.fr\/de\/\",\"logo\":{\"@type\":\"ImageObject\",\"inLanguage\":\"de\",\"@id\":\"https:\/\/lifesupportdistribution.fr\/de\/#\/schema\/logo\/image\/\",\"url\":\"https:\/\/lifesupportdistribution.fr\/wp-content\/uploads\/2025\/10\/logo-life-support-distribution.svg\",\"contentUrl\":\"https:\/\/lifesupportdistribution.fr\/wp-content\/uploads\/2025\/10\/logo-life-support-distribution.svg\",\"width\":698,\"height\":223,\"caption\":\"Life Support Distribution\"},\"image\":{\"@id\":\"https:\/\/lifesupportdistribution.fr\/de\/#\/schema\/logo\/image\/\"},\"sameAs\":[\"https:\/\/www.linkedin.com\/company\/life-support-distribution\/\"]}]}<\/script>\n<!-- \/ Yoast SEO plugin. -->","yoast_head_json":{"title":"SAM 4 System \u2013 Auskultationssimulator f\u00fcr Erwachsene - Life Support Distribution","description":"Vollst\u00e4ndiges Erwachsenenmodell zum Erlernen von Herz-, Lungen-, Abdominal- und Gef\u00e4\u00dfger\u00e4uschen, mit intuitiver Steuerung und reproduzierbaren F\u00e4llen.","robots":{"index":"index","follow":"follow","max-snippet":"max-snippet:-1","max-image-preview":"max-image-preview:large","max-video-preview":"max-video-preview:-1"},"canonical":"https:\/\/lifesupportdistribution.fr\/de\/produkt\/sam-4-system-auskultationssimulator-fuer-erwachsene\/","og_locale":"de_DE","og_type":"article","og_title":"SAM 4 System \u2013 Auskultationssimulator f\u00fcr Erwachsene - Life Support Distribution","og_description":"Vollst\u00e4ndiges Erwachsenenmodell zum Erlernen von Herz-, Lungen-, Abdominal- und Gef\u00e4\u00dfger\u00e4uschen, mit intuitiver Steuerung und reproduzierbaren F\u00e4llen.","og_url":"https:\/\/lifesupportdistribution.fr\/de\/produkt\/sam-4-system-auskultationssimulator-fuer-erwachsene\/","og_site_name":"Life Support Distribution","og_image":[{"width":1200,"height":1200,"url":"https:\/\/lifesupportdistribution.fr\/wp-content\/uploads\/2025\/12\/Systeme-SAM-4-Simulateur-dauscultation-adulte.jpg","type":"image\/jpeg"}],"twitter_card":"summary_large_image","twitter_misc":{"Gesch\u00e4tzte Lesezeit":"1\u00a0Minute"},"schema":{"@context":"https:\/\/schema.org","@graph":[{"@type":"WebPage","@id":"https:\/\/lifesupportdistribution.fr\/de\/produkt\/sam-4-system-auskultationssimulator-fuer-erwachsene\/","url":"https:\/\/lifesupportdistribution.fr\/de\/produkt\/sam-4-system-auskultationssimulator-fuer-erwachsene\/","name":"SAM 4 System \u2013 Auskultationssimulator f\u00fcr Erwachsene - Life Support Distribution","isPartOf":{"@id":"https:\/\/lifesupportdistribution.fr\/de\/#website"},"primaryImageOfPage":{"@id":"https:\/\/lifesupportdistribution.fr\/de\/produkt\/sam-4-system-auskultationssimulator-fuer-erwachsene\/#primaryimage"},"image":{"@id":"https:\/\/lifesupportdistribution.fr\/de\/produkt\/sam-4-system-auskultationssimulator-fuer-erwachsene\/#primaryimage"},"thumbnailUrl":"https:\/\/lifesupportdistribution.fr\/wp-content\/uploads\/2025\/12\/Systeme-SAM-4-Simulateur-dauscultation-adulte.jpg","datePublished":"2025-12-04T12:50:46+00:00","description":"Vollst\u00e4ndiges Erwachsenenmodell zum Erlernen von Herz-, Lungen-, Abdominal- und Gef\u00e4\u00dfger\u00e4uschen, mit intuitiver Steuerung und reproduzierbaren F\u00e4llen.","breadcrumb":{"@id":"https:\/\/lifesupportdistribution.fr\/de\/produkt\/sam-4-system-auskultationssimulator-fuer-erwachsene\/#breadcrumb"},"inLanguage":"de","potentialAction":[{"@type":"ReadAction","target":["https:\/\/lifesupportdistribution.fr\/de\/produkt\/sam-4-system-auskultationssimulator-fuer-erwachsene\/"]}]},{"@type":"ImageObject","inLanguage":"de","@id":"https:\/\/lifesupportdistribution.fr\/de\/produkt\/sam-4-system-auskultationssimulator-fuer-erwachsene\/#primaryimage","url":"https:\/\/lifesupportdistribution.fr\/wp-content\/uploads\/2025\/12\/Systeme-SAM-4-Simulateur-dauscultation-adulte.jpg","contentUrl":"https:\/\/lifesupportdistribution.fr\/wp-content\/uploads\/2025\/12\/Systeme-SAM-4-Simulateur-dauscultation-adulte.jpg","width":1200,"height":1200},{"@type":"BreadcrumbList","@id":"https:\/\/lifesupportdistribution.fr\/de\/produkt\/sam-4-system-auskultationssimulator-fuer-erwachsene\/#breadcrumb","itemListElement":[{"@type":"ListItem","position":1,"name":"Accueil","item":"https:\/\/lifesupportdistribution.fr\/de\/startseite\/"},{"@type":"ListItem","position":2,"name":"Shop","item":"https:\/\/lifesupportdistribution.fr\/de\/shop\/"},{"@type":"ListItem","position":3,"name":"SAM 4 System \u2013 Auskultationssimulator f\u00fcr Erwachsene"}]},{"@type":"WebSite","@id":"https:\/\/lifesupportdistribution.fr\/de\/#website","url":"https:\/\/lifesupportdistribution.fr\/de\/","name":"Life Support Distribution","description":"Solutions en simulation m\u00e9dicale","publisher":{"@id":"https:\/\/lifesupportdistribution.fr\/de\/#organization"},"potentialAction":[{"@type":"SearchAction","target":{"@type":"EntryPoint","urlTemplate":"https:\/\/lifesupportdistribution.fr\/de\/?s={search_term_string}"},"query-input":{"@type":"PropertyValueSpecification","valueRequired":true,"valueName":"search_term_string"}}],"inLanguage":"de"},{"@type":"Organization","@id":"https:\/\/lifesupportdistribution.fr\/de\/#organization","name":"Life Support Distribution","url":"https:\/\/lifesupportdistribution.fr\/de\/","logo":{"@type":"ImageObject","inLanguage":"de","@id":"https:\/\/lifesupportdistribution.fr\/de\/#\/schema\/logo\/image\/","url":"https:\/\/lifesupportdistribution.fr\/wp-content\/uploads\/2025\/10\/logo-life-support-distribution.svg","contentUrl":"https:\/\/lifesupportdistribution.fr\/wp-content\/uploads\/2025\/10\/logo-life-support-distribution.svg","width":698,"height":223,"caption":"Life Support Distribution"},"image":{"@id":"https:\/\/lifesupportdistribution.fr\/de\/#\/schema\/logo\/image\/"},"sameAs":["https:\/\/www.linkedin.com\/company\/life-support-distribution\/"]}]}},"_links":{"self":[{"href":"https:\/\/lifesupportdistribution.fr\/de\/wp-json\/wp\/v2\/product\/5760","targetHints":{"allow":["GET"]}}],"collection":[{"href":"https:\/\/lifesupportdistribution.fr\/de\/wp-json\/wp\/v2\/product"}],"about":[{"href":"https:\/\/lifesupportdistribution.fr\/de\/wp-json\/wp\/v2\/types\/product"}],"wp:featuredmedia":[{"embeddable":true,"href":"https:\/\/lifesupportdistribution.fr\/de\/wp-json\/wp\/v2\/media\/2831"}],"wp:attachment":[{"href":"https:\/\/lifesupportdistribution.fr\/de\/wp-json\/wp\/v2\/media?parent=5760"}],"wp:term":[{"taxonomy":"product_brand","embeddable":true,"href":"https:\/\/lifesupportdistribution.fr\/de\/wp-json\/wp\/v2\/product_brand?post=5760"},{"taxonomy":"product_cat","embeddable":true,"href":"https:\/\/lifesupportdistribution.fr\/de\/wp-json\/wp\/v2\/product_cat?post=5760"},{"taxonomy":"product_tag","embeddable":true,"href":"https:\/\/lifesupportdistribution.fr\/de\/wp-json\/wp\/v2\/product_tag?post=5760"}],"curies":[{"name":"wp","href":"https:\/\/api.w.org\/{rel}","templated":true}]}}