{"id":5768,"date":"2025-12-05T12:27:29","date_gmt":"2025-12-05T11:27:29","guid":{"rendered":"https:\/\/lifesupportdistribution.fr\/produits\/paediatrischer-lungenauskultationssimulator-lsat\/"},"modified":"2025-12-05T12:27:29","modified_gmt":"2025-12-05T11:27:29","slug":"paediatrischer-lungenauskultationssimulator-lsat","status":"publish","type":"product","link":"https:\/\/lifesupportdistribution.fr\/de\/produkt\/paediatrischer-lungenauskultationssimulator-lsat\/","title":{"rendered":"P\u00e4diatrischer Lungenauskultationssimulator LSAT"},"content":{"rendered":"<p>Der p\u00e4diatrische LSAT wurde speziell entwickelt, um die Lungenauskultation bei Kindern zu lehren. Sein anatomischer Torso reproduziert getreu die physischen und physiologischen Merkmale des p\u00e4diatrischen Patienten und bietet eine immersive und praktische Lernerfahrung.<br \/>\nDank seiner intuitiven Benutzeroberfl\u00e4che k\u00f6nnen Ausbilder verschiedene Atemger\u00e4usche je nach Thoraxregion \u2013 anterior und posterior \u2013 pr\u00e4sentieren und eine Verbindung zwischen den auditiven Beobachtungen und den R\u00f6ntgenbildern herstellen.<br \/>\nDas System erm\u00f6glicht die Identifizierung verschiedener Ger\u00e4uschtypen: Knistern, Rhonchi, Giemen und kombinierte Ger\u00e4usche, wodurch der Erwerb der f\u00fcr die klinische Untersuchung erforderlichen F\u00e4higkeiten erleichtert wird. Kompakt, robust und pflegeleicht, l\u00e4sst er sich perfekt in Lehrveranstaltungen in ECOS, in der High-Fidelity-Simulation oder im Selbststudium integrieren.  <\/p>\n","protected":false},"excerpt":{"rendered":"<p>Der p\u00e4diatrische Lungenauskultationssimulator LSAT von Kyoto Kagaku bietet einen umfassenden Ansatz f\u00fcr das Training der respiratorischen Beurteilung in der P\u00e4diatrie. Entwickelt f\u00fcr Krankenpflegeschulen, medizinische Fakult\u00e4ten und Simulationszentren, erm\u00f6glicht er das Erlernen der Erkennung normaler und pathologischer Lungenger\u00e4usche durch interaktive \u00dcbungen. <\/p>\n","protected":false},"featured_media":2959,"template":"","meta":[],"product_brand":[200],"product_cat":[222],"product_tag":[230,239,251,236,235],"class_list":{"0":"post-5768","1":"product","2":"type-product","3":"status-publish","4":"has-post-thumbnail","6":"product_brand-kyoto-kagaku","7":"product_cat-simulatoren-fur-medizinische-versorgung","8":"product_tag-allgemeinmedizin","9":"product_tag-herz-lungen","10":"product_tag-krankenpflege","11":"product_tag-notfallmedizin","12":"product_tag-padiatrie","14":"first","15":"instock","16":"shipping-taxable","17":"purchasable","18":"product-type-simple"},"yoast_head":"<!-- This site is optimized with the Yoast SEO plugin v26.8 - https:\/\/yoast.com\/product\/yoast-seo-wordpress\/ -->\n<title>P\u00e4diatrischer LSAT \u2013 Lungenauskultationssimulator f\u00fcr Kinder<\/title>\n<meta name=\"description\" content=\"P\u00e4diatrischer Simulator mit authentischen Lungenger\u00e4uschen zum Erlernen der respiratorischen Auskultation bei Kindern, ideal f\u00fcr die klinische Ausbildung.\" \/>\n<meta name=\"robots\" content=\"index, follow, max-snippet:-1, max-image-preview:large, max-video-preview:-1\" \/>\n<link rel=\"canonical\" href=\"https:\/\/lifesupportdistribution.fr\/de\/produkt\/paediatrischer-lungenauskultationssimulator-lsat\/\" \/>\n<meta property=\"og:locale\" content=\"de_DE\" \/>\n<meta property=\"og:type\" content=\"article\" \/>\n<meta property=\"og:title\" content=\"P\u00e4diatrischer LSAT \u2013 Lungenauskultationssimulator f\u00fcr Kinder\" \/>\n<meta property=\"og:description\" content=\"P\u00e4diatrischer Simulator mit authentischen Lungenger\u00e4uschen zum Erlernen der respiratorischen Auskultation bei Kindern, ideal f\u00fcr die klinische Ausbildung.\" \/>\n<meta property=\"og:url\" content=\"https:\/\/lifesupportdistribution.fr\/de\/produkt\/paediatrischer-lungenauskultationssimulator-lsat\/\" \/>\n<meta property=\"og:site_name\" content=\"Life Support Distribution\" \/>\n<meta property=\"og:image\" content=\"https:\/\/lifesupportdistribution.fr\/wp-content\/uploads\/2025\/12\/Simulateur-dauscultation-pulmonaire-pediatrique-\u2013-LSAT-pediatrique.jpg\" \/>\n\t<meta property=\"og:image:width\" content=\"1000\" \/>\n\t<meta property=\"og:image:height\" content=\"1000\" \/>\n\t<meta property=\"og:image:type\" content=\"image\/jpeg\" \/>\n<meta name=\"twitter:card\" content=\"summary_large_image\" \/>\n<meta name=\"twitter:label1\" content=\"Gesch\u00e4tzte Lesezeit\" \/>\n\t<meta name=\"twitter:data1\" content=\"1\u00a0Minute\" \/>\n<script type=\"application\/ld+json\" class=\"yoast-schema-graph\">{\"@context\":\"https:\/\/schema.org\",\"@graph\":[{\"@type\":\"WebPage\",\"@id\":\"https:\/\/lifesupportdistribution.fr\/de\/produkt\/paediatrischer-lungenauskultationssimulator-lsat\/\",\"url\":\"https:\/\/lifesupportdistribution.fr\/de\/produkt\/paediatrischer-lungenauskultationssimulator-lsat\/\",\"name\":\"P\u00e4diatrischer LSAT \u2013 Lungenauskultationssimulator f\u00fcr Kinder\",\"isPartOf\":{\"@id\":\"https:\/\/lifesupportdistribution.fr\/de\/#website\"},\"primaryImageOfPage\":{\"@id\":\"https:\/\/lifesupportdistribution.fr\/de\/produkt\/paediatrischer-lungenauskultationssimulator-lsat\/#primaryimage\"},\"image\":{\"@id\":\"https:\/\/lifesupportdistribution.fr\/de\/produkt\/paediatrischer-lungenauskultationssimulator-lsat\/#primaryimage\"},\"thumbnailUrl\":\"https:\/\/lifesupportdistribution.fr\/wp-content\/uploads\/2025\/12\/Simulateur-dauscultation-pulmonaire-pediatrique-\u2013-LSAT-pediatrique.jpg\",\"datePublished\":\"2025-12-05T11:27:29+00:00\",\"description\":\"P\u00e4diatrischer Simulator mit authentischen Lungenger\u00e4uschen zum Erlernen der respiratorischen Auskultation bei Kindern, ideal f\u00fcr die klinische Ausbildung.\",\"breadcrumb\":{\"@id\":\"https:\/\/lifesupportdistribution.fr\/de\/produkt\/paediatrischer-lungenauskultationssimulator-lsat\/#breadcrumb\"},\"inLanguage\":\"de\",\"potentialAction\":[{\"@type\":\"ReadAction\",\"target\":[\"https:\/\/lifesupportdistribution.fr\/de\/produkt\/paediatrischer-lungenauskultationssimulator-lsat\/\"]}]},{\"@type\":\"ImageObject\",\"inLanguage\":\"de\",\"@id\":\"https:\/\/lifesupportdistribution.fr\/de\/produkt\/paediatrischer-lungenauskultationssimulator-lsat\/#primaryimage\",\"url\":\"https:\/\/lifesupportdistribution.fr\/wp-content\/uploads\/2025\/12\/Simulateur-dauscultation-pulmonaire-pediatrique-\u2013-LSAT-pediatrique.jpg\",\"contentUrl\":\"https:\/\/lifesupportdistribution.fr\/wp-content\/uploads\/2025\/12\/Simulateur-dauscultation-pulmonaire-pediatrique-\u2013-LSAT-pediatrique.jpg\",\"width\":1000,\"height\":1000},{\"@type\":\"BreadcrumbList\",\"@id\":\"https:\/\/lifesupportdistribution.fr\/de\/produkt\/paediatrischer-lungenauskultationssimulator-lsat\/#breadcrumb\",\"itemListElement\":[{\"@type\":\"ListItem\",\"position\":1,\"name\":\"Accueil\",\"item\":\"https:\/\/lifesupportdistribution.fr\/de\/startseite\/\"},{\"@type\":\"ListItem\",\"position\":2,\"name\":\"Shop\",\"item\":\"https:\/\/lifesupportdistribution.fr\/de\/shop\/\"},{\"@type\":\"ListItem\",\"position\":3,\"name\":\"P\u00e4diatrischer Lungenauskultationssimulator LSAT\"}]},{\"@type\":\"WebSite\",\"@id\":\"https:\/\/lifesupportdistribution.fr\/de\/#website\",\"url\":\"https:\/\/lifesupportdistribution.fr\/de\/\",\"name\":\"Life Support Distribution\",\"description\":\"Solutions en simulation m\u00e9dicale\",\"publisher\":{\"@id\":\"https:\/\/lifesupportdistribution.fr\/de\/#organization\"},\"potentialAction\":[{\"@type\":\"SearchAction\",\"target\":{\"@type\":\"EntryPoint\",\"urlTemplate\":\"https:\/\/lifesupportdistribution.fr\/de\/?s={search_term_string}\"},\"query-input\":{\"@type\":\"PropertyValueSpecification\",\"valueRequired\":true,\"valueName\":\"search_term_string\"}}],\"inLanguage\":\"de\"},{\"@type\":\"Organization\",\"@id\":\"https:\/\/lifesupportdistribution.fr\/de\/#organization\",\"name\":\"Life Support Distribution\",\"url\":\"https:\/\/lifesupportdistribution.fr\/de\/\",\"logo\":{\"@type\":\"ImageObject\",\"inLanguage\":\"de\",\"@id\":\"https:\/\/lifesupportdistribution.fr\/de\/#\/schema\/logo\/image\/\",\"url\":\"https:\/\/lifesupportdistribution.fr\/wp-content\/uploads\/2025\/10\/logo-life-support-distribution.svg\",\"contentUrl\":\"https:\/\/lifesupportdistribution.fr\/wp-content\/uploads\/2025\/10\/logo-life-support-distribution.svg\",\"width\":698,\"height\":223,\"caption\":\"Life Support Distribution\"},\"image\":{\"@id\":\"https:\/\/lifesupportdistribution.fr\/de\/#\/schema\/logo\/image\/\"},\"sameAs\":[\"https:\/\/www.linkedin.com\/company\/life-support-distribution\/\"]}]}<\/script>\n<!-- \/ Yoast SEO plugin. -->","yoast_head_json":{"title":"P\u00e4diatrischer LSAT \u2013 Lungenauskultationssimulator f\u00fcr Kinder","description":"P\u00e4diatrischer Simulator mit authentischen Lungenger\u00e4uschen zum Erlernen der respiratorischen Auskultation bei Kindern, ideal f\u00fcr die klinische Ausbildung.","robots":{"index":"index","follow":"follow","max-snippet":"max-snippet:-1","max-image-preview":"max-image-preview:large","max-video-preview":"max-video-preview:-1"},"canonical":"https:\/\/lifesupportdistribution.fr\/de\/produkt\/paediatrischer-lungenauskultationssimulator-lsat\/","og_locale":"de_DE","og_type":"article","og_title":"P\u00e4diatrischer LSAT \u2013 Lungenauskultationssimulator f\u00fcr Kinder","og_description":"P\u00e4diatrischer Simulator mit authentischen Lungenger\u00e4uschen zum Erlernen der respiratorischen Auskultation bei Kindern, ideal f\u00fcr die klinische Ausbildung.","og_url":"https:\/\/lifesupportdistribution.fr\/de\/produkt\/paediatrischer-lungenauskultationssimulator-lsat\/","og_site_name":"Life Support Distribution","og_image":[{"width":1000,"height":1000,"url":"https:\/\/lifesupportdistribution.fr\/wp-content\/uploads\/2025\/12\/Simulateur-dauscultation-pulmonaire-pediatrique-\u2013-LSAT-pediatrique.jpg","type":"image\/jpeg"}],"twitter_card":"summary_large_image","twitter_misc":{"Gesch\u00e4tzte Lesezeit":"1\u00a0Minute"},"schema":{"@context":"https:\/\/schema.org","@graph":[{"@type":"WebPage","@id":"https:\/\/lifesupportdistribution.fr\/de\/produkt\/paediatrischer-lungenauskultationssimulator-lsat\/","url":"https:\/\/lifesupportdistribution.fr\/de\/produkt\/paediatrischer-lungenauskultationssimulator-lsat\/","name":"P\u00e4diatrischer LSAT \u2013 Lungenauskultationssimulator f\u00fcr Kinder","isPartOf":{"@id":"https:\/\/lifesupportdistribution.fr\/de\/#website"},"primaryImageOfPage":{"@id":"https:\/\/lifesupportdistribution.fr\/de\/produkt\/paediatrischer-lungenauskultationssimulator-lsat\/#primaryimage"},"image":{"@id":"https:\/\/lifesupportdistribution.fr\/de\/produkt\/paediatrischer-lungenauskultationssimulator-lsat\/#primaryimage"},"thumbnailUrl":"https:\/\/lifesupportdistribution.fr\/wp-content\/uploads\/2025\/12\/Simulateur-dauscultation-pulmonaire-pediatrique-\u2013-LSAT-pediatrique.jpg","datePublished":"2025-12-05T11:27:29+00:00","description":"P\u00e4diatrischer Simulator mit authentischen Lungenger\u00e4uschen zum Erlernen der respiratorischen Auskultation bei Kindern, ideal f\u00fcr die klinische Ausbildung.","breadcrumb":{"@id":"https:\/\/lifesupportdistribution.fr\/de\/produkt\/paediatrischer-lungenauskultationssimulator-lsat\/#breadcrumb"},"inLanguage":"de","potentialAction":[{"@type":"ReadAction","target":["https:\/\/lifesupportdistribution.fr\/de\/produkt\/paediatrischer-lungenauskultationssimulator-lsat\/"]}]},{"@type":"ImageObject","inLanguage":"de","@id":"https:\/\/lifesupportdistribution.fr\/de\/produkt\/paediatrischer-lungenauskultationssimulator-lsat\/#primaryimage","url":"https:\/\/lifesupportdistribution.fr\/wp-content\/uploads\/2025\/12\/Simulateur-dauscultation-pulmonaire-pediatrique-\u2013-LSAT-pediatrique.jpg","contentUrl":"https:\/\/lifesupportdistribution.fr\/wp-content\/uploads\/2025\/12\/Simulateur-dauscultation-pulmonaire-pediatrique-\u2013-LSAT-pediatrique.jpg","width":1000,"height":1000},{"@type":"BreadcrumbList","@id":"https:\/\/lifesupportdistribution.fr\/de\/produkt\/paediatrischer-lungenauskultationssimulator-lsat\/#breadcrumb","itemListElement":[{"@type":"ListItem","position":1,"name":"Accueil","item":"https:\/\/lifesupportdistribution.fr\/de\/startseite\/"},{"@type":"ListItem","position":2,"name":"Shop","item":"https:\/\/lifesupportdistribution.fr\/de\/shop\/"},{"@type":"ListItem","position":3,"name":"P\u00e4diatrischer Lungenauskultationssimulator LSAT"}]},{"@type":"WebSite","@id":"https:\/\/lifesupportdistribution.fr\/de\/#website","url":"https:\/\/lifesupportdistribution.fr\/de\/","name":"Life Support Distribution","description":"Solutions en simulation m\u00e9dicale","publisher":{"@id":"https:\/\/lifesupportdistribution.fr\/de\/#organization"},"potentialAction":[{"@type":"SearchAction","target":{"@type":"EntryPoint","urlTemplate":"https:\/\/lifesupportdistribution.fr\/de\/?s={search_term_string}"},"query-input":{"@type":"PropertyValueSpecification","valueRequired":true,"valueName":"search_term_string"}}],"inLanguage":"de"},{"@type":"Organization","@id":"https:\/\/lifesupportdistribution.fr\/de\/#organization","name":"Life Support Distribution","url":"https:\/\/lifesupportdistribution.fr\/de\/","logo":{"@type":"ImageObject","inLanguage":"de","@id":"https:\/\/lifesupportdistribution.fr\/de\/#\/schema\/logo\/image\/","url":"https:\/\/lifesupportdistribution.fr\/wp-content\/uploads\/2025\/10\/logo-life-support-distribution.svg","contentUrl":"https:\/\/lifesupportdistribution.fr\/wp-content\/uploads\/2025\/10\/logo-life-support-distribution.svg","width":698,"height":223,"caption":"Life Support Distribution"},"image":{"@id":"https:\/\/lifesupportdistribution.fr\/de\/#\/schema\/logo\/image\/"},"sameAs":["https:\/\/www.linkedin.com\/company\/life-support-distribution\/"]}]}},"_links":{"self":[{"href":"https:\/\/lifesupportdistribution.fr\/de\/wp-json\/wp\/v2\/product\/5768","targetHints":{"allow":["GET"]}}],"collection":[{"href":"https:\/\/lifesupportdistribution.fr\/de\/wp-json\/wp\/v2\/product"}],"about":[{"href":"https:\/\/lifesupportdistribution.fr\/de\/wp-json\/wp\/v2\/types\/product"}],"wp:featuredmedia":[{"embeddable":true,"href":"https:\/\/lifesupportdistribution.fr\/de\/wp-json\/wp\/v2\/media\/2959"}],"wp:attachment":[{"href":"https:\/\/lifesupportdistribution.fr\/de\/wp-json\/wp\/v2\/media?parent=5768"}],"wp:term":[{"taxonomy":"product_brand","embeddable":true,"href":"https:\/\/lifesupportdistribution.fr\/de\/wp-json\/wp\/v2\/product_brand?post=5768"},{"taxonomy":"product_cat","embeddable":true,"href":"https:\/\/lifesupportdistribution.fr\/de\/wp-json\/wp\/v2\/product_cat?post=5768"},{"taxonomy":"product_tag","embeddable":true,"href":"https:\/\/lifesupportdistribution.fr\/de\/wp-json\/wp\/v2\/product_tag?post=5768"}],"curies":[{"name":"wp","href":"https:\/\/api.w.org\/{rel}","templated":true}]}}