{"id":5777,"date":"2025-12-05T12:34:03","date_gmt":"2025-12-05T11:34:03","guid":{"rendered":"https:\/\/lifesupportdistribution.fr\/produits\/airsim-child-combo-x-simulator-fuer-paediatrische-atemwegsnotfaelle\/"},"modified":"2025-12-05T12:34:03","modified_gmt":"2025-12-05T11:34:03","slug":"airsim-child-combo-x-simulator-fuer-paediatrische-atemwegsnotfaelle","status":"publish","type":"product","link":"https:\/\/lifesupportdistribution.fr\/de\/produkt\/airsim-child-combo-x-simulator-fuer-paediatrische-atemwegsnotfaelle\/","title":{"rendered":"AirSim Child Combo X \u2013 Simulator f\u00fcr p\u00e4diatrische Atemwegsnotf\u00e4lle"},"content":{"rendered":"<p>Entwickelt f\u00fcr die klinische Ausbildung und Krankenhaussimulation, bietet der AirSim Child Combo X eine naturgetreue p\u00e4diatrische Anatomie, die das \u00dcben von oro-\/nasotrachealer Intubation, Beatmung, Nasensondenplatzierung sowie invasiven Notfallma\u00dfnahmen erm\u00f6glicht. So k\u00f6nnen alle klinischen Situationen, mit denen ein Gesundheitsfachmann konfrontiert werden kann, realistisch behandelt werden, von der Standardintubation bis zum Management einer vollst\u00e4ndigen Atemwegsobstruktion. Seine langlebige Struktur und Kompatibilit\u00e4t mit g\u00e4ngigen medizinischen Instrumenten machen ihn zu einem vielseitigen Modell f\u00fcr die praktische Lehre und das Training p\u00e4diatrischer Reanimationsprotokolle.  <\/p>\n","protected":false},"excerpt":{"rendered":"<p>Der AirSim Child Combo X \u00fcbernimmt alle Funktionen des Child X Modells und erweitert diese um die M\u00f6glichkeit, Notfallprozeduren, insbesondere Krikothyreotomie und Tracheotomie, durchzuf\u00fchren. Dieser High-Fidelity-Simulator erm\u00f6glicht es Lernenden, sowohl routinem\u00e4\u00dfige Atemwegsmanagement-Techniken als auch Notfalleingriffe in kritischen Situationen zu trainieren. <\/p>\n","protected":false},"featured_media":2972,"template":"","meta":[],"product_brand":[212],"product_cat":[222],"product_tag":[237,239,236,235],"class_list":{"0":"post-5777","1":"product","2":"type-product","3":"status-publish","4":"has-post-thumbnail","6":"product_brand-trucorp","7":"product_cat-simulatoren-fur-medizinische-versorgung","8":"product_tag-anasthesie","9":"product_tag-herz-lungen","10":"product_tag-notfallmedizin","11":"product_tag-padiatrie","13":"first","14":"instock","15":"shipping-taxable","16":"purchasable","17":"product-type-simple"},"yoast_head":"<!-- This site is optimized with the Yoast SEO plugin v27.5 - https:\/\/yoast.com\/product\/yoast-seo-wordpress\/ -->\n<title>AirSim Child Combo X \u2013 P\u00e4diatrische Notf\u00e4lle<\/title>\n<meta name=\"description\" content=\"AirSim Child Combo X von TruCorp zum Erlernen des p\u00e4diatrischen Atemwegsmanagements: Intubation, Beatmung und Notfallszenarien im sicheren Training.\" \/>\n<meta name=\"robots\" content=\"index, follow, max-snippet:-1, max-image-preview:large, max-video-preview:-1\" \/>\n<link rel=\"canonical\" href=\"https:\/\/lifesupportdistribution.fr\/de\/produkt\/airsim-child-combo-x-simulator-fuer-paediatrische-atemwegsnotfaelle\/\" \/>\n<meta property=\"og:locale\" content=\"de_DE\" \/>\n<meta property=\"og:type\" content=\"article\" \/>\n<meta property=\"og:title\" content=\"AirSim Child Combo X \u2013 P\u00e4diatrische Notf\u00e4lle\" \/>\n<meta property=\"og:description\" content=\"AirSim Child Combo X von TruCorp zum Erlernen des p\u00e4diatrischen Atemwegsmanagements: Intubation, Beatmung und Notfallszenarien im sicheren Training.\" \/>\n<meta property=\"og:url\" content=\"https:\/\/lifesupportdistribution.fr\/de\/produkt\/airsim-child-combo-x-simulator-fuer-paediatrische-atemwegsnotfaelle\/\" \/>\n<meta property=\"og:site_name\" content=\"Life Support Distribution\" \/>\n<meta property=\"og:image\" content=\"https:\/\/lifesupportdistribution.fr\/wp-content\/uploads\/2025\/12\/Photo-AirSim\u00ae-Child-Combo-X-1.png\" \/>\n\t<meta property=\"og:image:width\" content=\"1112\" \/>\n\t<meta property=\"og:image:height\" content=\"636\" \/>\n\t<meta property=\"og:image:type\" content=\"image\/png\" \/>\n<meta name=\"twitter:card\" content=\"summary_large_image\" \/>\n<script type=\"application\/ld+json\" class=\"yoast-schema-graph\">{\"@context\":\"https:\\\/\\\/schema.org\",\"@graph\":[{\"@type\":\"WebPage\",\"@id\":\"https:\\\/\\\/lifesupportdistribution.fr\\\/de\\\/produkt\\\/airsim-child-combo-x-simulator-fuer-paediatrische-atemwegsnotfaelle\\\/\",\"url\":\"https:\\\/\\\/lifesupportdistribution.fr\\\/de\\\/produkt\\\/airsim-child-combo-x-simulator-fuer-paediatrische-atemwegsnotfaelle\\\/\",\"name\":\"AirSim Child Combo X \u2013 P\u00e4diatrische Notf\u00e4lle\",\"isPartOf\":{\"@id\":\"https:\\\/\\\/lifesupportdistribution.fr\\\/de\\\/#website\"},\"primaryImageOfPage\":{\"@id\":\"https:\\\/\\\/lifesupportdistribution.fr\\\/de\\\/produkt\\\/airsim-child-combo-x-simulator-fuer-paediatrische-atemwegsnotfaelle\\\/#primaryimage\"},\"image\":{\"@id\":\"https:\\\/\\\/lifesupportdistribution.fr\\\/de\\\/produkt\\\/airsim-child-combo-x-simulator-fuer-paediatrische-atemwegsnotfaelle\\\/#primaryimage\"},\"thumbnailUrl\":\"https:\\\/\\\/lifesupportdistribution.fr\\\/wp-content\\\/uploads\\\/2025\\\/12\\\/Photo-AirSim\u00ae-Child-Combo-X-1.png\",\"datePublished\":\"2025-12-05T11:34:03+00:00\",\"description\":\"AirSim Child Combo X von TruCorp zum Erlernen des p\u00e4diatrischen Atemwegsmanagements: Intubation, Beatmung und Notfallszenarien im sicheren Training.\",\"breadcrumb\":{\"@id\":\"https:\\\/\\\/lifesupportdistribution.fr\\\/de\\\/produkt\\\/airsim-child-combo-x-simulator-fuer-paediatrische-atemwegsnotfaelle\\\/#breadcrumb\"},\"inLanguage\":\"de\",\"potentialAction\":[{\"@type\":\"ReadAction\",\"target\":[\"https:\\\/\\\/lifesupportdistribution.fr\\\/de\\\/produkt\\\/airsim-child-combo-x-simulator-fuer-paediatrische-atemwegsnotfaelle\\\/\"]}]},{\"@type\":\"ImageObject\",\"inLanguage\":\"de\",\"@id\":\"https:\\\/\\\/lifesupportdistribution.fr\\\/de\\\/produkt\\\/airsim-child-combo-x-simulator-fuer-paediatrische-atemwegsnotfaelle\\\/#primaryimage\",\"url\":\"https:\\\/\\\/lifesupportdistribution.fr\\\/wp-content\\\/uploads\\\/2025\\\/12\\\/Photo-AirSim\u00ae-Child-Combo-X-1.png\",\"contentUrl\":\"https:\\\/\\\/lifesupportdistribution.fr\\\/wp-content\\\/uploads\\\/2025\\\/12\\\/Photo-AirSim\u00ae-Child-Combo-X-1.png\",\"width\":1112,\"height\":636},{\"@type\":\"BreadcrumbList\",\"@id\":\"https:\\\/\\\/lifesupportdistribution.fr\\\/de\\\/produkt\\\/airsim-child-combo-x-simulator-fuer-paediatrische-atemwegsnotfaelle\\\/#breadcrumb\",\"itemListElement\":[{\"@type\":\"ListItem\",\"position\":1,\"name\":\"Accueil\",\"item\":\"https:\\\/\\\/lifesupportdistribution.fr\\\/de\\\/startseite\\\/\"},{\"@type\":\"ListItem\",\"position\":2,\"name\":\"Shop\",\"item\":\"https:\\\/\\\/lifesupportdistribution.fr\\\/de\\\/shop\\\/\"},{\"@type\":\"ListItem\",\"position\":3,\"name\":\"AirSim Child Combo X \u2013 Simulator f\u00fcr p\u00e4diatrische Atemwegsnotf\u00e4lle\"}]},{\"@type\":\"WebSite\",\"@id\":\"https:\\\/\\\/lifesupportdistribution.fr\\\/de\\\/#website\",\"url\":\"https:\\\/\\\/lifesupportdistribution.fr\\\/de\\\/\",\"name\":\"Life Support Distribution\",\"description\":\"Solutions en simulation m\u00e9dicale\",\"publisher\":{\"@id\":\"https:\\\/\\\/lifesupportdistribution.fr\\\/de\\\/#organization\"},\"potentialAction\":[{\"@type\":\"SearchAction\",\"target\":{\"@type\":\"EntryPoint\",\"urlTemplate\":\"https:\\\/\\\/lifesupportdistribution.fr\\\/de\\\/?s={search_term_string}\"},\"query-input\":{\"@type\":\"PropertyValueSpecification\",\"valueRequired\":true,\"valueName\":\"search_term_string\"}}],\"inLanguage\":\"de\"},{\"@type\":\"Organization\",\"@id\":\"https:\\\/\\\/lifesupportdistribution.fr\\\/de\\\/#organization\",\"name\":\"Life Support Distribution\",\"url\":\"https:\\\/\\\/lifesupportdistribution.fr\\\/de\\\/\",\"logo\":{\"@type\":\"ImageObject\",\"inLanguage\":\"de\",\"@id\":\"https:\\\/\\\/lifesupportdistribution.fr\\\/de\\\/#\\\/schema\\\/logo\\\/image\\\/\",\"url\":\"https:\\\/\\\/lifesupportdistribution.fr\\\/wp-content\\\/uploads\\\/2025\\\/10\\\/logo-life-support-distribution.svg\",\"contentUrl\":\"https:\\\/\\\/lifesupportdistribution.fr\\\/wp-content\\\/uploads\\\/2025\\\/10\\\/logo-life-support-distribution.svg\",\"width\":698,\"height\":223,\"caption\":\"Life Support Distribution\"},\"image\":{\"@id\":\"https:\\\/\\\/lifesupportdistribution.fr\\\/de\\\/#\\\/schema\\\/logo\\\/image\\\/\"},\"sameAs\":[\"https:\\\/\\\/www.linkedin.com\\\/company\\\/life-support-distribution\\\/\"]}]}<\/script>\n<!-- \/ Yoast SEO plugin. -->","yoast_head_json":{"title":"AirSim Child Combo X \u2013 P\u00e4diatrische Notf\u00e4lle","description":"AirSim Child Combo X von TruCorp zum Erlernen des p\u00e4diatrischen Atemwegsmanagements: Intubation, Beatmung und Notfallszenarien im sicheren Training.","robots":{"index":"index","follow":"follow","max-snippet":"max-snippet:-1","max-image-preview":"max-image-preview:large","max-video-preview":"max-video-preview:-1"},"canonical":"https:\/\/lifesupportdistribution.fr\/de\/produkt\/airsim-child-combo-x-simulator-fuer-paediatrische-atemwegsnotfaelle\/","og_locale":"de_DE","og_type":"article","og_title":"AirSim Child Combo X \u2013 P\u00e4diatrische Notf\u00e4lle","og_description":"AirSim Child Combo X von TruCorp zum Erlernen des p\u00e4diatrischen Atemwegsmanagements: Intubation, Beatmung und Notfallszenarien im sicheren Training.","og_url":"https:\/\/lifesupportdistribution.fr\/de\/produkt\/airsim-child-combo-x-simulator-fuer-paediatrische-atemwegsnotfaelle\/","og_site_name":"Life Support Distribution","og_image":[{"width":1112,"height":636,"url":"https:\/\/lifesupportdistribution.fr\/wp-content\/uploads\/2025\/12\/Photo-AirSim\u00ae-Child-Combo-X-1.png","type":"image\/png"}],"twitter_card":"summary_large_image","schema":{"@context":"https:\/\/schema.org","@graph":[{"@type":"WebPage","@id":"https:\/\/lifesupportdistribution.fr\/de\/produkt\/airsim-child-combo-x-simulator-fuer-paediatrische-atemwegsnotfaelle\/","url":"https:\/\/lifesupportdistribution.fr\/de\/produkt\/airsim-child-combo-x-simulator-fuer-paediatrische-atemwegsnotfaelle\/","name":"AirSim Child Combo X \u2013 P\u00e4diatrische Notf\u00e4lle","isPartOf":{"@id":"https:\/\/lifesupportdistribution.fr\/de\/#website"},"primaryImageOfPage":{"@id":"https:\/\/lifesupportdistribution.fr\/de\/produkt\/airsim-child-combo-x-simulator-fuer-paediatrische-atemwegsnotfaelle\/#primaryimage"},"image":{"@id":"https:\/\/lifesupportdistribution.fr\/de\/produkt\/airsim-child-combo-x-simulator-fuer-paediatrische-atemwegsnotfaelle\/#primaryimage"},"thumbnailUrl":"https:\/\/lifesupportdistribution.fr\/wp-content\/uploads\/2025\/12\/Photo-AirSim\u00ae-Child-Combo-X-1.png","datePublished":"2025-12-05T11:34:03+00:00","description":"AirSim Child Combo X von TruCorp zum Erlernen des p\u00e4diatrischen Atemwegsmanagements: Intubation, Beatmung und Notfallszenarien im sicheren Training.","breadcrumb":{"@id":"https:\/\/lifesupportdistribution.fr\/de\/produkt\/airsim-child-combo-x-simulator-fuer-paediatrische-atemwegsnotfaelle\/#breadcrumb"},"inLanguage":"de","potentialAction":[{"@type":"ReadAction","target":["https:\/\/lifesupportdistribution.fr\/de\/produkt\/airsim-child-combo-x-simulator-fuer-paediatrische-atemwegsnotfaelle\/"]}]},{"@type":"ImageObject","inLanguage":"de","@id":"https:\/\/lifesupportdistribution.fr\/de\/produkt\/airsim-child-combo-x-simulator-fuer-paediatrische-atemwegsnotfaelle\/#primaryimage","url":"https:\/\/lifesupportdistribution.fr\/wp-content\/uploads\/2025\/12\/Photo-AirSim\u00ae-Child-Combo-X-1.png","contentUrl":"https:\/\/lifesupportdistribution.fr\/wp-content\/uploads\/2025\/12\/Photo-AirSim\u00ae-Child-Combo-X-1.png","width":1112,"height":636},{"@type":"BreadcrumbList","@id":"https:\/\/lifesupportdistribution.fr\/de\/produkt\/airsim-child-combo-x-simulator-fuer-paediatrische-atemwegsnotfaelle\/#breadcrumb","itemListElement":[{"@type":"ListItem","position":1,"name":"Accueil","item":"https:\/\/lifesupportdistribution.fr\/de\/startseite\/"},{"@type":"ListItem","position":2,"name":"Shop","item":"https:\/\/lifesupportdistribution.fr\/de\/shop\/"},{"@type":"ListItem","position":3,"name":"AirSim Child Combo X \u2013 Simulator f\u00fcr p\u00e4diatrische Atemwegsnotf\u00e4lle"}]},{"@type":"WebSite","@id":"https:\/\/lifesupportdistribution.fr\/de\/#website","url":"https:\/\/lifesupportdistribution.fr\/de\/","name":"Life Support Distribution","description":"Solutions en simulation m\u00e9dicale","publisher":{"@id":"https:\/\/lifesupportdistribution.fr\/de\/#organization"},"potentialAction":[{"@type":"SearchAction","target":{"@type":"EntryPoint","urlTemplate":"https:\/\/lifesupportdistribution.fr\/de\/?s={search_term_string}"},"query-input":{"@type":"PropertyValueSpecification","valueRequired":true,"valueName":"search_term_string"}}],"inLanguage":"de"},{"@type":"Organization","@id":"https:\/\/lifesupportdistribution.fr\/de\/#organization","name":"Life Support Distribution","url":"https:\/\/lifesupportdistribution.fr\/de\/","logo":{"@type":"ImageObject","inLanguage":"de","@id":"https:\/\/lifesupportdistribution.fr\/de\/#\/schema\/logo\/image\/","url":"https:\/\/lifesupportdistribution.fr\/wp-content\/uploads\/2025\/10\/logo-life-support-distribution.svg","contentUrl":"https:\/\/lifesupportdistribution.fr\/wp-content\/uploads\/2025\/10\/logo-life-support-distribution.svg","width":698,"height":223,"caption":"Life Support Distribution"},"image":{"@id":"https:\/\/lifesupportdistribution.fr\/de\/#\/schema\/logo\/image\/"},"sameAs":["https:\/\/www.linkedin.com\/company\/life-support-distribution\/"]}]}},"_links":{"self":[{"href":"https:\/\/lifesupportdistribution.fr\/de\/wp-json\/wp\/v2\/product\/5777","targetHints":{"allow":["GET"]}}],"collection":[{"href":"https:\/\/lifesupportdistribution.fr\/de\/wp-json\/wp\/v2\/product"}],"about":[{"href":"https:\/\/lifesupportdistribution.fr\/de\/wp-json\/wp\/v2\/types\/product"}],"wp:featuredmedia":[{"embeddable":true,"href":"https:\/\/lifesupportdistribution.fr\/de\/wp-json\/wp\/v2\/media\/2972"}],"wp:attachment":[{"href":"https:\/\/lifesupportdistribution.fr\/de\/wp-json\/wp\/v2\/media?parent=5777"}],"wp:term":[{"taxonomy":"product_brand","embeddable":true,"href":"https:\/\/lifesupportdistribution.fr\/de\/wp-json\/wp\/v2\/product_brand?post=5777"},{"taxonomy":"product_cat","embeddable":true,"href":"https:\/\/lifesupportdistribution.fr\/de\/wp-json\/wp\/v2\/product_cat?post=5777"},{"taxonomy":"product_tag","embeddable":true,"href":"https:\/\/lifesupportdistribution.fr\/de\/wp-json\/wp\/v2\/product_tag?post=5777"}],"curies":[{"name":"wp","href":"https:\/\/api.w.org\/{rel}","templated":true}]}}