{"id":5785,"date":"2025-12-05T12:34:08","date_gmt":"2025-12-05T11:34:08","guid":{"rendered":"https:\/\/lifesupportdistribution.fr\/produits\/ohruntersuchungssimulator-ii-ear-ii\/"},"modified":"2025-12-05T12:34:08","modified_gmt":"2025-12-05T11:34:08","slug":"ohruntersuchungssimulator-ii-ear-ii","status":"publish","type":"product","link":"https:\/\/lifesupportdistribution.fr\/de\/produkt\/ohruntersuchungssimulator-ii-ear-ii\/","title":{"rendered":"Ohruntersuchungssimulator II (EAR II)"},"content":{"rendered":"<p>Der Ohruntersuchungssimulator EAR II bietet ein immersives Lernerlebnis, das sich auf die sichere Praxis der Otoskopie und die Entfernung von Fremdk\u00f6rpern konzentriert.<br \/>\nEr erm\u00f6glicht es, die wichtigsten Pathologien des Mittel- und Au\u00dfenohrs anhand von neun vorprogrammierten klinischen F\u00e4llen zu erkennen und zu differenzieren, die h\u00e4ufige Situationen wie ser\u00f6se Mittelohrentz\u00fcndung, Cholesteatom oder das Vorhandensein von Ohrenschmalz nachbilden.<br \/>\nDank seiner austauschbaren Ohrmodule (normale und stenosierte Ohren) k\u00f6nnen Benutzer das pr\u00e4zise Manipulieren des Otoskops \u00fcben, wobei die anatomischen Grenzen respektiert werden.<br \/>\nDas integrierte Alarmsystem, das einen akustischen Piepton und ein rotes Licht kombiniert, signalisiert jede \u00fcberm\u00e4\u00dfige Einf\u00fchrung und sch\u00e4rft das Bewusstsein f\u00fcr die Sicherheit der Handhabung.<br \/>\nDas Modell beinhaltet auch simulierte Fremdk\u00f6rper, Miniaturobjekte und k\u00fcnstliches Ohrenschmalz f\u00fcr die \u00dcbung der Entfernung unter visueller Kontrolle.<br \/>\nKompakt, robust und einfach zu installieren, etabliert sich der EAR II als ideales Werkzeug f\u00fcr die Ausbildung in der Krankenpflege, Allgemeinmedizin und HNO.<\/p>\n","protected":false},"excerpt":{"rendered":"<p>Der EAR II Simulator von Kyoto Kagaku ist darauf ausgelegt, ein realistisches und sicheres Erlernen der Ohrenuntersuchung mit einem echten Otoskop zu erm\u00f6glichen. Ausgestattet mit einem empfindlichen Alarmsystem, warnt er, wenn die Einf\u00fchrung des Otoskops zu tief ist, und sensibilisiert so die Lernenden f\u00fcr die Sicherheit und den Komfort des Patienten. <\/p>\n<p>&nbsp;<\/p>\n","protected":false},"featured_media":2956,"template":"","meta":[],"product_brand":[200],"product_cat":[222],"product_tag":[230,246,251,236],"class_list":{"0":"post-5785","1":"product","2":"type-product","3":"status-publish","4":"has-post-thumbnail","6":"product_brand-kyoto-kagaku","7":"product_cat-simulatoren-fur-medizinische-versorgung","8":"product_tag-allgemeinmedizin","9":"product_tag-hno","10":"product_tag-krankenpflege","11":"product_tag-notfallmedizin","13":"first","14":"instock","15":"shipping-taxable","16":"purchasable","17":"product-type-simple"},"yoast_head":"<!-- This site is optimized with the Yoast SEO plugin v26.8 - https:\/\/yoast.com\/product\/yoast-seo-wordpress\/ -->\n<title>EAR II \u2013 Realistischer Simulator f\u00fcr die klinische Otoskopie<\/title>\n<meta name=\"description\" content=\"Otoskopie-Simulator mit 9 pathologischen F\u00e4llen, Sicherheitsalarmen und austauschbaren Ohren f\u00fcr realistisches und sicheres Lernen.\" \/>\n<meta name=\"robots\" content=\"index, follow, max-snippet:-1, max-image-preview:large, max-video-preview:-1\" \/>\n<link rel=\"canonical\" href=\"https:\/\/lifesupportdistribution.fr\/de\/produkt\/ohruntersuchungssimulator-ii-ear-ii\/\" \/>\n<meta property=\"og:locale\" content=\"de_DE\" \/>\n<meta property=\"og:type\" content=\"article\" \/>\n<meta property=\"og:title\" content=\"EAR II \u2013 Realistischer Simulator f\u00fcr die klinische Otoskopie\" \/>\n<meta property=\"og:description\" content=\"Otoskopie-Simulator mit 9 pathologischen F\u00e4llen, Sicherheitsalarmen und austauschbaren Ohren f\u00fcr realistisches und sicheres Lernen.\" \/>\n<meta property=\"og:url\" content=\"https:\/\/lifesupportdistribution.fr\/de\/produkt\/ohruntersuchungssimulator-ii-ear-ii\/\" \/>\n<meta property=\"og:site_name\" content=\"Life Support Distribution\" \/>\n<meta property=\"og:image\" content=\"https:\/\/lifesupportdistribution.fr\/wp-content\/uploads\/2025\/12\/Simulateur-dexamen-des-oreilles-II.jpg\" \/>\n\t<meta property=\"og:image:width\" content=\"1000\" \/>\n\t<meta property=\"og:image:height\" content=\"1000\" \/>\n\t<meta property=\"og:image:type\" content=\"image\/jpeg\" \/>\n<meta name=\"twitter:card\" content=\"summary_large_image\" \/>\n<meta name=\"twitter:label1\" content=\"Gesch\u00e4tzte Lesezeit\" \/>\n\t<meta name=\"twitter:data1\" content=\"1\u00a0Minute\" \/>\n<script type=\"application\/ld+json\" class=\"yoast-schema-graph\">{\"@context\":\"https:\/\/schema.org\",\"@graph\":[{\"@type\":\"WebPage\",\"@id\":\"https:\/\/lifesupportdistribution.fr\/de\/produkt\/ohruntersuchungssimulator-ii-ear-ii\/\",\"url\":\"https:\/\/lifesupportdistribution.fr\/de\/produkt\/ohruntersuchungssimulator-ii-ear-ii\/\",\"name\":\"EAR II \u2013 Realistischer Simulator f\u00fcr die klinische Otoskopie\",\"isPartOf\":{\"@id\":\"https:\/\/lifesupportdistribution.fr\/de\/#website\"},\"primaryImageOfPage\":{\"@id\":\"https:\/\/lifesupportdistribution.fr\/de\/produkt\/ohruntersuchungssimulator-ii-ear-ii\/#primaryimage\"},\"image\":{\"@id\":\"https:\/\/lifesupportdistribution.fr\/de\/produkt\/ohruntersuchungssimulator-ii-ear-ii\/#primaryimage\"},\"thumbnailUrl\":\"https:\/\/lifesupportdistribution.fr\/wp-content\/uploads\/2025\/12\/Simulateur-dexamen-des-oreilles-II.jpg\",\"datePublished\":\"2025-12-05T11:34:08+00:00\",\"description\":\"Otoskopie-Simulator mit 9 pathologischen F\u00e4llen, Sicherheitsalarmen und austauschbaren Ohren f\u00fcr realistisches und sicheres Lernen.\",\"breadcrumb\":{\"@id\":\"https:\/\/lifesupportdistribution.fr\/de\/produkt\/ohruntersuchungssimulator-ii-ear-ii\/#breadcrumb\"},\"inLanguage\":\"de\",\"potentialAction\":[{\"@type\":\"ReadAction\",\"target\":[\"https:\/\/lifesupportdistribution.fr\/de\/produkt\/ohruntersuchungssimulator-ii-ear-ii\/\"]}]},{\"@type\":\"ImageObject\",\"inLanguage\":\"de\",\"@id\":\"https:\/\/lifesupportdistribution.fr\/de\/produkt\/ohruntersuchungssimulator-ii-ear-ii\/#primaryimage\",\"url\":\"https:\/\/lifesupportdistribution.fr\/wp-content\/uploads\/2025\/12\/Simulateur-dexamen-des-oreilles-II.jpg\",\"contentUrl\":\"https:\/\/lifesupportdistribution.fr\/wp-content\/uploads\/2025\/12\/Simulateur-dexamen-des-oreilles-II.jpg\",\"width\":1000,\"height\":1000},{\"@type\":\"BreadcrumbList\",\"@id\":\"https:\/\/lifesupportdistribution.fr\/de\/produkt\/ohruntersuchungssimulator-ii-ear-ii\/#breadcrumb\",\"itemListElement\":[{\"@type\":\"ListItem\",\"position\":1,\"name\":\"Accueil\",\"item\":\"https:\/\/lifesupportdistribution.fr\/de\/startseite\/\"},{\"@type\":\"ListItem\",\"position\":2,\"name\":\"Shop\",\"item\":\"https:\/\/lifesupportdistribution.fr\/de\/shop\/\"},{\"@type\":\"ListItem\",\"position\":3,\"name\":\"Ohruntersuchungssimulator II (EAR II)\"}]},{\"@type\":\"WebSite\",\"@id\":\"https:\/\/lifesupportdistribution.fr\/de\/#website\",\"url\":\"https:\/\/lifesupportdistribution.fr\/de\/\",\"name\":\"Life Support Distribution\",\"description\":\"Solutions en simulation m\u00e9dicale\",\"publisher\":{\"@id\":\"https:\/\/lifesupportdistribution.fr\/de\/#organization\"},\"potentialAction\":[{\"@type\":\"SearchAction\",\"target\":{\"@type\":\"EntryPoint\",\"urlTemplate\":\"https:\/\/lifesupportdistribution.fr\/de\/?s={search_term_string}\"},\"query-input\":{\"@type\":\"PropertyValueSpecification\",\"valueRequired\":true,\"valueName\":\"search_term_string\"}}],\"inLanguage\":\"de\"},{\"@type\":\"Organization\",\"@id\":\"https:\/\/lifesupportdistribution.fr\/de\/#organization\",\"name\":\"Life Support Distribution\",\"url\":\"https:\/\/lifesupportdistribution.fr\/de\/\",\"logo\":{\"@type\":\"ImageObject\",\"inLanguage\":\"de\",\"@id\":\"https:\/\/lifesupportdistribution.fr\/de\/#\/schema\/logo\/image\/\",\"url\":\"https:\/\/lifesupportdistribution.fr\/wp-content\/uploads\/2025\/10\/logo-life-support-distribution.svg\",\"contentUrl\":\"https:\/\/lifesupportdistribution.fr\/wp-content\/uploads\/2025\/10\/logo-life-support-distribution.svg\",\"width\":698,\"height\":223,\"caption\":\"Life Support Distribution\"},\"image\":{\"@id\":\"https:\/\/lifesupportdistribution.fr\/de\/#\/schema\/logo\/image\/\"},\"sameAs\":[\"https:\/\/www.linkedin.com\/company\/life-support-distribution\/\"]}]}<\/script>\n<!-- \/ Yoast SEO plugin. -->","yoast_head_json":{"title":"EAR II \u2013 Realistischer Simulator f\u00fcr die klinische Otoskopie","description":"Otoskopie-Simulator mit 9 pathologischen F\u00e4llen, Sicherheitsalarmen und austauschbaren Ohren f\u00fcr realistisches und sicheres Lernen.","robots":{"index":"index","follow":"follow","max-snippet":"max-snippet:-1","max-image-preview":"max-image-preview:large","max-video-preview":"max-video-preview:-1"},"canonical":"https:\/\/lifesupportdistribution.fr\/de\/produkt\/ohruntersuchungssimulator-ii-ear-ii\/","og_locale":"de_DE","og_type":"article","og_title":"EAR II \u2013 Realistischer Simulator f\u00fcr die klinische Otoskopie","og_description":"Otoskopie-Simulator mit 9 pathologischen F\u00e4llen, Sicherheitsalarmen und austauschbaren Ohren f\u00fcr realistisches und sicheres Lernen.","og_url":"https:\/\/lifesupportdistribution.fr\/de\/produkt\/ohruntersuchungssimulator-ii-ear-ii\/","og_site_name":"Life Support Distribution","og_image":[{"width":1000,"height":1000,"url":"https:\/\/lifesupportdistribution.fr\/wp-content\/uploads\/2025\/12\/Simulateur-dexamen-des-oreilles-II.jpg","type":"image\/jpeg"}],"twitter_card":"summary_large_image","twitter_misc":{"Gesch\u00e4tzte Lesezeit":"1\u00a0Minute"},"schema":{"@context":"https:\/\/schema.org","@graph":[{"@type":"WebPage","@id":"https:\/\/lifesupportdistribution.fr\/de\/produkt\/ohruntersuchungssimulator-ii-ear-ii\/","url":"https:\/\/lifesupportdistribution.fr\/de\/produkt\/ohruntersuchungssimulator-ii-ear-ii\/","name":"EAR II \u2013 Realistischer Simulator f\u00fcr die klinische Otoskopie","isPartOf":{"@id":"https:\/\/lifesupportdistribution.fr\/de\/#website"},"primaryImageOfPage":{"@id":"https:\/\/lifesupportdistribution.fr\/de\/produkt\/ohruntersuchungssimulator-ii-ear-ii\/#primaryimage"},"image":{"@id":"https:\/\/lifesupportdistribution.fr\/de\/produkt\/ohruntersuchungssimulator-ii-ear-ii\/#primaryimage"},"thumbnailUrl":"https:\/\/lifesupportdistribution.fr\/wp-content\/uploads\/2025\/12\/Simulateur-dexamen-des-oreilles-II.jpg","datePublished":"2025-12-05T11:34:08+00:00","description":"Otoskopie-Simulator mit 9 pathologischen F\u00e4llen, Sicherheitsalarmen und austauschbaren Ohren f\u00fcr realistisches und sicheres Lernen.","breadcrumb":{"@id":"https:\/\/lifesupportdistribution.fr\/de\/produkt\/ohruntersuchungssimulator-ii-ear-ii\/#breadcrumb"},"inLanguage":"de","potentialAction":[{"@type":"ReadAction","target":["https:\/\/lifesupportdistribution.fr\/de\/produkt\/ohruntersuchungssimulator-ii-ear-ii\/"]}]},{"@type":"ImageObject","inLanguage":"de","@id":"https:\/\/lifesupportdistribution.fr\/de\/produkt\/ohruntersuchungssimulator-ii-ear-ii\/#primaryimage","url":"https:\/\/lifesupportdistribution.fr\/wp-content\/uploads\/2025\/12\/Simulateur-dexamen-des-oreilles-II.jpg","contentUrl":"https:\/\/lifesupportdistribution.fr\/wp-content\/uploads\/2025\/12\/Simulateur-dexamen-des-oreilles-II.jpg","width":1000,"height":1000},{"@type":"BreadcrumbList","@id":"https:\/\/lifesupportdistribution.fr\/de\/produkt\/ohruntersuchungssimulator-ii-ear-ii\/#breadcrumb","itemListElement":[{"@type":"ListItem","position":1,"name":"Accueil","item":"https:\/\/lifesupportdistribution.fr\/de\/startseite\/"},{"@type":"ListItem","position":2,"name":"Shop","item":"https:\/\/lifesupportdistribution.fr\/de\/shop\/"},{"@type":"ListItem","position":3,"name":"Ohruntersuchungssimulator II (EAR II)"}]},{"@type":"WebSite","@id":"https:\/\/lifesupportdistribution.fr\/de\/#website","url":"https:\/\/lifesupportdistribution.fr\/de\/","name":"Life Support Distribution","description":"Solutions en simulation m\u00e9dicale","publisher":{"@id":"https:\/\/lifesupportdistribution.fr\/de\/#organization"},"potentialAction":[{"@type":"SearchAction","target":{"@type":"EntryPoint","urlTemplate":"https:\/\/lifesupportdistribution.fr\/de\/?s={search_term_string}"},"query-input":{"@type":"PropertyValueSpecification","valueRequired":true,"valueName":"search_term_string"}}],"inLanguage":"de"},{"@type":"Organization","@id":"https:\/\/lifesupportdistribution.fr\/de\/#organization","name":"Life Support Distribution","url":"https:\/\/lifesupportdistribution.fr\/de\/","logo":{"@type":"ImageObject","inLanguage":"de","@id":"https:\/\/lifesupportdistribution.fr\/de\/#\/schema\/logo\/image\/","url":"https:\/\/lifesupportdistribution.fr\/wp-content\/uploads\/2025\/10\/logo-life-support-distribution.svg","contentUrl":"https:\/\/lifesupportdistribution.fr\/wp-content\/uploads\/2025\/10\/logo-life-support-distribution.svg","width":698,"height":223,"caption":"Life Support Distribution"},"image":{"@id":"https:\/\/lifesupportdistribution.fr\/de\/#\/schema\/logo\/image\/"},"sameAs":["https:\/\/www.linkedin.com\/company\/life-support-distribution\/"]}]}},"_links":{"self":[{"href":"https:\/\/lifesupportdistribution.fr\/de\/wp-json\/wp\/v2\/product\/5785","targetHints":{"allow":["GET"]}}],"collection":[{"href":"https:\/\/lifesupportdistribution.fr\/de\/wp-json\/wp\/v2\/product"}],"about":[{"href":"https:\/\/lifesupportdistribution.fr\/de\/wp-json\/wp\/v2\/types\/product"}],"wp:featuredmedia":[{"embeddable":true,"href":"https:\/\/lifesupportdistribution.fr\/de\/wp-json\/wp\/v2\/media\/2956"}],"wp:attachment":[{"href":"https:\/\/lifesupportdistribution.fr\/de\/wp-json\/wp\/v2\/media?parent=5785"}],"wp:term":[{"taxonomy":"product_brand","embeddable":true,"href":"https:\/\/lifesupportdistribution.fr\/de\/wp-json\/wp\/v2\/product_brand?post=5785"},{"taxonomy":"product_cat","embeddable":true,"href":"https:\/\/lifesupportdistribution.fr\/de\/wp-json\/wp\/v2\/product_cat?post=5785"},{"taxonomy":"product_tag","embeddable":true,"href":"https:\/\/lifesupportdistribution.fr\/de\/wp-json\/wp\/v2\/product_tag?post=5785"}],"curies":[{"name":"wp","href":"https:\/\/api.w.org\/{rel}","templated":true}]}}