{"id":5793,"date":"2025-12-05T14:07:05","date_gmt":"2025-12-05T13:07:05","guid":{"rendered":"https:\/\/lifesupportdistribution.fr\/produits\/airsim-pierre-robin-x-paediatrischer-simulator-fuer-angeborene-fehlbildungen\/"},"modified":"2025-12-05T14:07:05","modified_gmt":"2025-12-05T13:07:05","slug":"airsim-pierre-robin-x-paediatrischer-simulator-fuer-angeborene-fehlbildungen","status":"publish","type":"product","link":"https:\/\/lifesupportdistribution.fr\/de\/produkt\/airsim-pierre-robin-x-paediatrischer-simulator-fuer-angeborene-fehlbildungen\/","title":{"rendered":"AirSim Pierre Robin X \u2013 P\u00e4diatrischer Simulator f\u00fcr angeborene Fehlbildungen"},"content":{"rendered":"<p>Der AirSim Pierre Robin X bildet die Anatomie eines S\u00e4uglings mit angeborener Atemwegsfehlbildung naturgetreu ab und bietet Lernenden und medizinischem Fachpersonal eine immersive Lernerfahrung. Ziel dieses Simulators ist es, das Management schwieriger Atemwege und die Atemstabilisierung im p\u00e4diatrischen Notfallkontext zu schulen.<br \/>\nDank der pr\u00e4zisen anatomischen Rekonstruktion von Gesicht und Atemwegen k\u00f6nnen Benutzer die Handhabung spezifischer Instrumente, die delicate Intubation und die assistierte Beatmung \u00fcben. Sein robustes Design und die intuitive Bedienung machen ihn zu einem besonders geeigneten Modell f\u00fcr Schulungen in An\u00e4sthesie, Intensivmedizin und Krankenhausp\u00e4diatrie.  <\/p>\n","protected":false},"excerpt":{"rendered":"<p><span style=\"font-weight: 400;\">Der AirSim Pierre Robin X wurde speziell f\u00fcr das Training der Versorgung von S\u00e4uglingen mit Pierre-Robin-Sequenz entwickelt, die durch mandibul\u00e4re Hypoplasie, Glossoptose und Gaumenspalte gekennzeichnet ist. Dieser Simulator erm\u00f6glicht das \u00dcben der doppelten nasotrachealen und endotrachealen Intubation sowie der Beutel-Masken-Beatmung unter realistischen und sicheren klinischen Bedingungen. <\/span><\/p>\n","protected":false},"featured_media":3017,"template":"","meta":[],"product_brand":[212],"product_cat":[222],"product_tag":[237,246,252,236,235],"class_list":{"0":"post-5793","1":"product","2":"type-product","3":"status-publish","4":"has-post-thumbnail","6":"product_brand-trucorp","7":"product_cat-simulatoren-fur-medizinische-versorgung","8":"product_tag-anasthesie","9":"product_tag-hno","10":"product_tag-intensivmedizin","11":"product_tag-notfallmedizin","12":"product_tag-padiatrie","14":"first","15":"instock","16":"shipping-taxable","17":"purchasable","18":"product-type-simple"},"yoast_head":"<!-- This site is optimized with the Yoast SEO plugin v26.8 - https:\/\/yoast.com\/product\/yoast-seo-wordpress\/ -->\n<title>AirSim Pierre Robin X \u2013 P\u00e4diatrische Fehlbildungen<\/title>\n<meta name=\"description\" content=\"AirSim Pierre Robin X von TruCorp zur Simulation fehlgebildeter p\u00e4diatrischer Atemwege. Realistisches Modell zum \u00dcben von Notfallma\u00dfnahmen.\" \/>\n<meta name=\"robots\" content=\"index, follow, max-snippet:-1, max-image-preview:large, max-video-preview:-1\" \/>\n<link rel=\"canonical\" href=\"https:\/\/lifesupportdistribution.fr\/de\/produkt\/airsim-pierre-robin-x-paediatrischer-simulator-fuer-angeborene-fehlbildungen\/\" \/>\n<meta property=\"og:locale\" content=\"de_DE\" \/>\n<meta property=\"og:type\" content=\"article\" \/>\n<meta property=\"og:title\" content=\"AirSim Pierre Robin X \u2013 P\u00e4diatrische Fehlbildungen\" \/>\n<meta property=\"og:description\" content=\"AirSim Pierre Robin X von TruCorp zur Simulation fehlgebildeter p\u00e4diatrischer Atemwege. Realistisches Modell zum \u00dcben von Notfallma\u00dfnahmen.\" \/>\n<meta property=\"og:url\" content=\"https:\/\/lifesupportdistribution.fr\/de\/produkt\/airsim-pierre-robin-x-paediatrischer-simulator-fuer-angeborene-fehlbildungen\/\" \/>\n<meta property=\"og:site_name\" content=\"Life Support Distribution\" \/>\n<meta property=\"og:image\" content=\"https:\/\/lifesupportdistribution.fr\/wp-content\/uploads\/2025\/12\/Photo-AirSim\u00ae-Pierre-Robin-X-1.png\" \/>\n\t<meta property=\"og:image:width\" content=\"1524\" \/>\n\t<meta property=\"og:image:height\" content=\"746\" \/>\n\t<meta property=\"og:image:type\" content=\"image\/png\" \/>\n<meta name=\"twitter:card\" content=\"summary_large_image\" \/>\n<script type=\"application\/ld+json\" class=\"yoast-schema-graph\">{\"@context\":\"https:\/\/schema.org\",\"@graph\":[{\"@type\":\"WebPage\",\"@id\":\"https:\/\/lifesupportdistribution.fr\/de\/produkt\/airsim-pierre-robin-x-paediatrischer-simulator-fuer-angeborene-fehlbildungen\/\",\"url\":\"https:\/\/lifesupportdistribution.fr\/de\/produkt\/airsim-pierre-robin-x-paediatrischer-simulator-fuer-angeborene-fehlbildungen\/\",\"name\":\"AirSim Pierre Robin X \u2013 P\u00e4diatrische Fehlbildungen\",\"isPartOf\":{\"@id\":\"https:\/\/lifesupportdistribution.fr\/de\/#website\"},\"primaryImageOfPage\":{\"@id\":\"https:\/\/lifesupportdistribution.fr\/de\/produkt\/airsim-pierre-robin-x-paediatrischer-simulator-fuer-angeborene-fehlbildungen\/#primaryimage\"},\"image\":{\"@id\":\"https:\/\/lifesupportdistribution.fr\/de\/produkt\/airsim-pierre-robin-x-paediatrischer-simulator-fuer-angeborene-fehlbildungen\/#primaryimage\"},\"thumbnailUrl\":\"https:\/\/lifesupportdistribution.fr\/wp-content\/uploads\/2025\/12\/Photo-AirSim\u00ae-Pierre-Robin-X-1.png\",\"datePublished\":\"2025-12-05T13:07:05+00:00\",\"description\":\"AirSim Pierre Robin X von TruCorp zur Simulation fehlgebildeter p\u00e4diatrischer Atemwege. Realistisches Modell zum \u00dcben von Notfallma\u00dfnahmen.\",\"breadcrumb\":{\"@id\":\"https:\/\/lifesupportdistribution.fr\/de\/produkt\/airsim-pierre-robin-x-paediatrischer-simulator-fuer-angeborene-fehlbildungen\/#breadcrumb\"},\"inLanguage\":\"de\",\"potentialAction\":[{\"@type\":\"ReadAction\",\"target\":[\"https:\/\/lifesupportdistribution.fr\/de\/produkt\/airsim-pierre-robin-x-paediatrischer-simulator-fuer-angeborene-fehlbildungen\/\"]}]},{\"@type\":\"ImageObject\",\"inLanguage\":\"de\",\"@id\":\"https:\/\/lifesupportdistribution.fr\/de\/produkt\/airsim-pierre-robin-x-paediatrischer-simulator-fuer-angeborene-fehlbildungen\/#primaryimage\",\"url\":\"https:\/\/lifesupportdistribution.fr\/wp-content\/uploads\/2025\/12\/Photo-AirSim\u00ae-Pierre-Robin-X-1.png\",\"contentUrl\":\"https:\/\/lifesupportdistribution.fr\/wp-content\/uploads\/2025\/12\/Photo-AirSim\u00ae-Pierre-Robin-X-1.png\",\"width\":1524,\"height\":746},{\"@type\":\"BreadcrumbList\",\"@id\":\"https:\/\/lifesupportdistribution.fr\/de\/produkt\/airsim-pierre-robin-x-paediatrischer-simulator-fuer-angeborene-fehlbildungen\/#breadcrumb\",\"itemListElement\":[{\"@type\":\"ListItem\",\"position\":1,\"name\":\"Accueil\",\"item\":\"https:\/\/lifesupportdistribution.fr\/de\/startseite\/\"},{\"@type\":\"ListItem\",\"position\":2,\"name\":\"Shop\",\"item\":\"https:\/\/lifesupportdistribution.fr\/de\/shop\/\"},{\"@type\":\"ListItem\",\"position\":3,\"name\":\"AirSim Pierre Robin X \u2013 P\u00e4diatrischer Simulator f\u00fcr angeborene Fehlbildungen\"}]},{\"@type\":\"WebSite\",\"@id\":\"https:\/\/lifesupportdistribution.fr\/de\/#website\",\"url\":\"https:\/\/lifesupportdistribution.fr\/de\/\",\"name\":\"Life Support Distribution\",\"description\":\"Solutions en simulation m\u00e9dicale\",\"publisher\":{\"@id\":\"https:\/\/lifesupportdistribution.fr\/de\/#organization\"},\"potentialAction\":[{\"@type\":\"SearchAction\",\"target\":{\"@type\":\"EntryPoint\",\"urlTemplate\":\"https:\/\/lifesupportdistribution.fr\/de\/?s={search_term_string}\"},\"query-input\":{\"@type\":\"PropertyValueSpecification\",\"valueRequired\":true,\"valueName\":\"search_term_string\"}}],\"inLanguage\":\"de\"},{\"@type\":\"Organization\",\"@id\":\"https:\/\/lifesupportdistribution.fr\/de\/#organization\",\"name\":\"Life Support Distribution\",\"url\":\"https:\/\/lifesupportdistribution.fr\/de\/\",\"logo\":{\"@type\":\"ImageObject\",\"inLanguage\":\"de\",\"@id\":\"https:\/\/lifesupportdistribution.fr\/de\/#\/schema\/logo\/image\/\",\"url\":\"https:\/\/lifesupportdistribution.fr\/wp-content\/uploads\/2025\/10\/logo-life-support-distribution.svg\",\"contentUrl\":\"https:\/\/lifesupportdistribution.fr\/wp-content\/uploads\/2025\/10\/logo-life-support-distribution.svg\",\"width\":698,\"height\":223,\"caption\":\"Life Support Distribution\"},\"image\":{\"@id\":\"https:\/\/lifesupportdistribution.fr\/de\/#\/schema\/logo\/image\/\"},\"sameAs\":[\"https:\/\/www.linkedin.com\/company\/life-support-distribution\/\"]}]}<\/script>\n<!-- \/ Yoast SEO plugin. -->","yoast_head_json":{"title":"AirSim Pierre Robin X \u2013 P\u00e4diatrische Fehlbildungen","description":"AirSim Pierre Robin X von TruCorp zur Simulation fehlgebildeter p\u00e4diatrischer Atemwege. Realistisches Modell zum \u00dcben von Notfallma\u00dfnahmen.","robots":{"index":"index","follow":"follow","max-snippet":"max-snippet:-1","max-image-preview":"max-image-preview:large","max-video-preview":"max-video-preview:-1"},"canonical":"https:\/\/lifesupportdistribution.fr\/de\/produkt\/airsim-pierre-robin-x-paediatrischer-simulator-fuer-angeborene-fehlbildungen\/","og_locale":"de_DE","og_type":"article","og_title":"AirSim Pierre Robin X \u2013 P\u00e4diatrische Fehlbildungen","og_description":"AirSim Pierre Robin X von TruCorp zur Simulation fehlgebildeter p\u00e4diatrischer Atemwege. Realistisches Modell zum \u00dcben von Notfallma\u00dfnahmen.","og_url":"https:\/\/lifesupportdistribution.fr\/de\/produkt\/airsim-pierre-robin-x-paediatrischer-simulator-fuer-angeborene-fehlbildungen\/","og_site_name":"Life Support Distribution","og_image":[{"width":1524,"height":746,"url":"https:\/\/lifesupportdistribution.fr\/wp-content\/uploads\/2025\/12\/Photo-AirSim\u00ae-Pierre-Robin-X-1.png","type":"image\/png"}],"twitter_card":"summary_large_image","schema":{"@context":"https:\/\/schema.org","@graph":[{"@type":"WebPage","@id":"https:\/\/lifesupportdistribution.fr\/de\/produkt\/airsim-pierre-robin-x-paediatrischer-simulator-fuer-angeborene-fehlbildungen\/","url":"https:\/\/lifesupportdistribution.fr\/de\/produkt\/airsim-pierre-robin-x-paediatrischer-simulator-fuer-angeborene-fehlbildungen\/","name":"AirSim Pierre Robin X \u2013 P\u00e4diatrische Fehlbildungen","isPartOf":{"@id":"https:\/\/lifesupportdistribution.fr\/de\/#website"},"primaryImageOfPage":{"@id":"https:\/\/lifesupportdistribution.fr\/de\/produkt\/airsim-pierre-robin-x-paediatrischer-simulator-fuer-angeborene-fehlbildungen\/#primaryimage"},"image":{"@id":"https:\/\/lifesupportdistribution.fr\/de\/produkt\/airsim-pierre-robin-x-paediatrischer-simulator-fuer-angeborene-fehlbildungen\/#primaryimage"},"thumbnailUrl":"https:\/\/lifesupportdistribution.fr\/wp-content\/uploads\/2025\/12\/Photo-AirSim\u00ae-Pierre-Robin-X-1.png","datePublished":"2025-12-05T13:07:05+00:00","description":"AirSim Pierre Robin X von TruCorp zur Simulation fehlgebildeter p\u00e4diatrischer Atemwege. Realistisches Modell zum \u00dcben von Notfallma\u00dfnahmen.","breadcrumb":{"@id":"https:\/\/lifesupportdistribution.fr\/de\/produkt\/airsim-pierre-robin-x-paediatrischer-simulator-fuer-angeborene-fehlbildungen\/#breadcrumb"},"inLanguage":"de","potentialAction":[{"@type":"ReadAction","target":["https:\/\/lifesupportdistribution.fr\/de\/produkt\/airsim-pierre-robin-x-paediatrischer-simulator-fuer-angeborene-fehlbildungen\/"]}]},{"@type":"ImageObject","inLanguage":"de","@id":"https:\/\/lifesupportdistribution.fr\/de\/produkt\/airsim-pierre-robin-x-paediatrischer-simulator-fuer-angeborene-fehlbildungen\/#primaryimage","url":"https:\/\/lifesupportdistribution.fr\/wp-content\/uploads\/2025\/12\/Photo-AirSim\u00ae-Pierre-Robin-X-1.png","contentUrl":"https:\/\/lifesupportdistribution.fr\/wp-content\/uploads\/2025\/12\/Photo-AirSim\u00ae-Pierre-Robin-X-1.png","width":1524,"height":746},{"@type":"BreadcrumbList","@id":"https:\/\/lifesupportdistribution.fr\/de\/produkt\/airsim-pierre-robin-x-paediatrischer-simulator-fuer-angeborene-fehlbildungen\/#breadcrumb","itemListElement":[{"@type":"ListItem","position":1,"name":"Accueil","item":"https:\/\/lifesupportdistribution.fr\/de\/startseite\/"},{"@type":"ListItem","position":2,"name":"Shop","item":"https:\/\/lifesupportdistribution.fr\/de\/shop\/"},{"@type":"ListItem","position":3,"name":"AirSim Pierre Robin X \u2013 P\u00e4diatrischer Simulator f\u00fcr angeborene Fehlbildungen"}]},{"@type":"WebSite","@id":"https:\/\/lifesupportdistribution.fr\/de\/#website","url":"https:\/\/lifesupportdistribution.fr\/de\/","name":"Life Support Distribution","description":"Solutions en simulation m\u00e9dicale","publisher":{"@id":"https:\/\/lifesupportdistribution.fr\/de\/#organization"},"potentialAction":[{"@type":"SearchAction","target":{"@type":"EntryPoint","urlTemplate":"https:\/\/lifesupportdistribution.fr\/de\/?s={search_term_string}"},"query-input":{"@type":"PropertyValueSpecification","valueRequired":true,"valueName":"search_term_string"}}],"inLanguage":"de"},{"@type":"Organization","@id":"https:\/\/lifesupportdistribution.fr\/de\/#organization","name":"Life Support Distribution","url":"https:\/\/lifesupportdistribution.fr\/de\/","logo":{"@type":"ImageObject","inLanguage":"de","@id":"https:\/\/lifesupportdistribution.fr\/de\/#\/schema\/logo\/image\/","url":"https:\/\/lifesupportdistribution.fr\/wp-content\/uploads\/2025\/10\/logo-life-support-distribution.svg","contentUrl":"https:\/\/lifesupportdistribution.fr\/wp-content\/uploads\/2025\/10\/logo-life-support-distribution.svg","width":698,"height":223,"caption":"Life Support Distribution"},"image":{"@id":"https:\/\/lifesupportdistribution.fr\/de\/#\/schema\/logo\/image\/"},"sameAs":["https:\/\/www.linkedin.com\/company\/life-support-distribution\/"]}]}},"_links":{"self":[{"href":"https:\/\/lifesupportdistribution.fr\/de\/wp-json\/wp\/v2\/product\/5793","targetHints":{"allow":["GET"]}}],"collection":[{"href":"https:\/\/lifesupportdistribution.fr\/de\/wp-json\/wp\/v2\/product"}],"about":[{"href":"https:\/\/lifesupportdistribution.fr\/de\/wp-json\/wp\/v2\/types\/product"}],"wp:featuredmedia":[{"embeddable":true,"href":"https:\/\/lifesupportdistribution.fr\/de\/wp-json\/wp\/v2\/media\/3017"}],"wp:attachment":[{"href":"https:\/\/lifesupportdistribution.fr\/de\/wp-json\/wp\/v2\/media?parent=5793"}],"wp:term":[{"taxonomy":"product_brand","embeddable":true,"href":"https:\/\/lifesupportdistribution.fr\/de\/wp-json\/wp\/v2\/product_brand?post=5793"},{"taxonomy":"product_cat","embeddable":true,"href":"https:\/\/lifesupportdistribution.fr\/de\/wp-json\/wp\/v2\/product_cat?post=5793"},{"taxonomy":"product_tag","embeddable":true,"href":"https:\/\/lifesupportdistribution.fr\/de\/wp-json\/wp\/v2\/product_tag?post=5793"}],"curies":[{"name":"wp","href":"https:\/\/api.w.org\/{rel}","templated":true}]}}