{"id":5826,"date":"2025-11-10T15:01:41","date_gmt":"2025-11-10T14:01:41","guid":{"rendered":"https:\/\/lifesupportdistribution.fr\/produits\/avtone-auskultations-und-klinischer-geraeuschsimulator\/"},"modified":"2025-11-10T15:01:41","modified_gmt":"2025-11-10T14:01:41","slug":"avtone-auskultations-und-klinischer-geraeuschsimulator","status":"publish","type":"product","link":"https:\/\/lifesupportdistribution.fr\/de\/produkt\/avtone-auskultations-und-klinischer-geraeuschsimulator\/","title":{"rendered":"Avtone \u2013 Auskultations- und klinischer Ger\u00e4uschsimulator"},"content":{"rendered":"<p>Der Avtone ist eine innovative p\u00e4dagogische L\u00f6sung, die das Erlernen von Auskultationsf\u00e4higkeiten erleichtert, die in vielen medizinischen Disziplinen unerl\u00e4sslich sind. Dank einer pr\u00e4zisen und vielf\u00e4ltigen Klangwiedergabe hilft er Lernenden, normale und pathologische Ger\u00e4usche zu identifizieren, ihr klinisches Geh\u00f6r zu perfektionieren und ihre Entscheidungsfindung zu verbessern. Eingesetzt in Ausbildungsprogrammen f\u00fcr Krankenpflege, Allgemeinmedizin, Kardiologie oder Pneumologie, ist er ein unverzichtbares Werkzeug, um das f\u00fcr die klinische Praxis notwendige Vertrauen und die Expertise zu entwickeln.  <\/p>\n","protected":false},"excerpt":{"rendered":"<p>Der Avtone ist ein von Avkin entwickelter Simulator zum Erlernen der Auskultation und der Erkennung klinischer Ger\u00e4usche. Entwickelt, um Herz-, Atem- und Verdauungsger\u00e4usche originalgetreu wiederzugeben, erm\u00f6glicht er Studenten und medizinischem Fachpersonal, in einer realistischen und immersiven Umgebung zu \u00fcben und ihre Diagnosef\u00e4higkeiten zu st\u00e4rken. <\/p>\n","protected":false},"featured_media":1584,"template":"","meta":[],"product_brand":[188],"product_cat":[220],"product_tag":[230,239,245,251,236],"class_list":{"0":"post-5826","1":"product","2":"type-product","3":"status-publish","4":"has-post-thumbnail","6":"product_brand-avkin","7":"product_cat-simulierte-patienten","8":"product_tag-allgemeinmedizin","9":"product_tag-herz-lungen","10":"product_tag-intensivpflege","11":"product_tag-krankenpflege","12":"product_tag-notfallmedizin","14":"first","15":"instock","16":"shipping-taxable","17":"purchasable","18":"product-type-simple"},"yoast_head":"<!-- This site is optimized with the Yoast SEO plugin v26.8 - https:\/\/yoast.com\/product\/yoast-seo-wordpress\/ -->\n<title>AVTONE Avkin \u2013 Auskultations- und klinischer Ger\u00e4uschsimulator<\/title>\n<meta name=\"description\" content=\"AVTONE von Avkin: Interaktiver Simulator f\u00fcr das Training in Auskultation und der Identifizierung klinischer Ger\u00e4usche in einem realistischen Kontext.\" \/>\n<meta name=\"robots\" content=\"index, follow, max-snippet:-1, max-image-preview:large, max-video-preview:-1\" \/>\n<link rel=\"canonical\" href=\"https:\/\/lifesupportdistribution.fr\/de\/produkt\/avtone-auskultations-und-klinischer-geraeuschsimulator\/\" \/>\n<meta property=\"og:locale\" content=\"de_DE\" \/>\n<meta property=\"og:type\" content=\"article\" \/>\n<meta property=\"og:title\" content=\"AVTONE Avkin \u2013 Auskultations- und klinischer Ger\u00e4uschsimulator\" \/>\n<meta property=\"og:description\" content=\"AVTONE von Avkin: Interaktiver Simulator f\u00fcr das Training in Auskultation und der Identifizierung klinischer Ger\u00e4usche in einem realistischen Kontext.\" \/>\n<meta property=\"og:url\" content=\"https:\/\/lifesupportdistribution.fr\/de\/produkt\/avtone-auskultations-und-klinischer-geraeuschsimulator\/\" \/>\n<meta property=\"og:site_name\" content=\"Life Support Distribution\" \/>\n<meta property=\"og:image\" content=\"https:\/\/lifesupportdistribution.fr\/wp-content\/uploads\/2025\/11\/Photo-avtone-1.png\" \/>\n\t<meta property=\"og:image:width\" content=\"1076\" \/>\n\t<meta property=\"og:image:height\" content=\"710\" \/>\n\t<meta property=\"og:image:type\" content=\"image\/png\" \/>\n<meta name=\"twitter:card\" content=\"summary_large_image\" \/>\n<script type=\"application\/ld+json\" class=\"yoast-schema-graph\">{\"@context\":\"https:\/\/schema.org\",\"@graph\":[{\"@type\":\"WebPage\",\"@id\":\"https:\/\/lifesupportdistribution.fr\/de\/produkt\/avtone-auskultations-und-klinischer-geraeuschsimulator\/\",\"url\":\"https:\/\/lifesupportdistribution.fr\/de\/produkt\/avtone-auskultations-und-klinischer-geraeuschsimulator\/\",\"name\":\"AVTONE Avkin \u2013 Auskultations- und klinischer Ger\u00e4uschsimulator\",\"isPartOf\":{\"@id\":\"https:\/\/lifesupportdistribution.fr\/de\/#website\"},\"primaryImageOfPage\":{\"@id\":\"https:\/\/lifesupportdistribution.fr\/de\/produkt\/avtone-auskultations-und-klinischer-geraeuschsimulator\/#primaryimage\"},\"image\":{\"@id\":\"https:\/\/lifesupportdistribution.fr\/de\/produkt\/avtone-auskultations-und-klinischer-geraeuschsimulator\/#primaryimage\"},\"thumbnailUrl\":\"https:\/\/lifesupportdistribution.fr\/wp-content\/uploads\/2025\/11\/Photo-avtone-1.png\",\"datePublished\":\"2025-11-10T14:01:41+00:00\",\"description\":\"AVTONE von Avkin: Interaktiver Simulator f\u00fcr das Training in Auskultation und der Identifizierung klinischer Ger\u00e4usche in einem realistischen Kontext.\",\"breadcrumb\":{\"@id\":\"https:\/\/lifesupportdistribution.fr\/de\/produkt\/avtone-auskultations-und-klinischer-geraeuschsimulator\/#breadcrumb\"},\"inLanguage\":\"de\",\"potentialAction\":[{\"@type\":\"ReadAction\",\"target\":[\"https:\/\/lifesupportdistribution.fr\/de\/produkt\/avtone-auskultations-und-klinischer-geraeuschsimulator\/\"]}]},{\"@type\":\"ImageObject\",\"inLanguage\":\"de\",\"@id\":\"https:\/\/lifesupportdistribution.fr\/de\/produkt\/avtone-auskultations-und-klinischer-geraeuschsimulator\/#primaryimage\",\"url\":\"https:\/\/lifesupportdistribution.fr\/wp-content\/uploads\/2025\/11\/Photo-avtone-1.png\",\"contentUrl\":\"https:\/\/lifesupportdistribution.fr\/wp-content\/uploads\/2025\/11\/Photo-avtone-1.png\",\"width\":1076,\"height\":710},{\"@type\":\"BreadcrumbList\",\"@id\":\"https:\/\/lifesupportdistribution.fr\/de\/produkt\/avtone-auskultations-und-klinischer-geraeuschsimulator\/#breadcrumb\",\"itemListElement\":[{\"@type\":\"ListItem\",\"position\":1,\"name\":\"Accueil\",\"item\":\"https:\/\/lifesupportdistribution.fr\/de\/startseite\/\"},{\"@type\":\"ListItem\",\"position\":2,\"name\":\"Shop\",\"item\":\"https:\/\/lifesupportdistribution.fr\/de\/shop\/\"},{\"@type\":\"ListItem\",\"position\":3,\"name\":\"Avtone \u2013 Auskultations- und klinischer Ger\u00e4uschsimulator\"}]},{\"@type\":\"WebSite\",\"@id\":\"https:\/\/lifesupportdistribution.fr\/de\/#website\",\"url\":\"https:\/\/lifesupportdistribution.fr\/de\/\",\"name\":\"Life Support Distribution\",\"description\":\"Solutions en simulation m\u00e9dicale\",\"publisher\":{\"@id\":\"https:\/\/lifesupportdistribution.fr\/de\/#organization\"},\"potentialAction\":[{\"@type\":\"SearchAction\",\"target\":{\"@type\":\"EntryPoint\",\"urlTemplate\":\"https:\/\/lifesupportdistribution.fr\/de\/?s={search_term_string}\"},\"query-input\":{\"@type\":\"PropertyValueSpecification\",\"valueRequired\":true,\"valueName\":\"search_term_string\"}}],\"inLanguage\":\"de\"},{\"@type\":\"Organization\",\"@id\":\"https:\/\/lifesupportdistribution.fr\/de\/#organization\",\"name\":\"Life Support Distribution\",\"url\":\"https:\/\/lifesupportdistribution.fr\/de\/\",\"logo\":{\"@type\":\"ImageObject\",\"inLanguage\":\"de\",\"@id\":\"https:\/\/lifesupportdistribution.fr\/de\/#\/schema\/logo\/image\/\",\"url\":\"https:\/\/lifesupportdistribution.fr\/wp-content\/uploads\/2025\/10\/logo-life-support-distribution.svg\",\"contentUrl\":\"https:\/\/lifesupportdistribution.fr\/wp-content\/uploads\/2025\/10\/logo-life-support-distribution.svg\",\"width\":698,\"height\":223,\"caption\":\"Life Support Distribution\"},\"image\":{\"@id\":\"https:\/\/lifesupportdistribution.fr\/de\/#\/schema\/logo\/image\/\"},\"sameAs\":[\"https:\/\/www.linkedin.com\/company\/life-support-distribution\/\"]}]}<\/script>\n<!-- \/ Yoast SEO plugin. -->","yoast_head_json":{"title":"AVTONE Avkin \u2013 Auskultations- und klinischer Ger\u00e4uschsimulator","description":"AVTONE von Avkin: Interaktiver Simulator f\u00fcr das Training in Auskultation und der Identifizierung klinischer Ger\u00e4usche in einem realistischen Kontext.","robots":{"index":"index","follow":"follow","max-snippet":"max-snippet:-1","max-image-preview":"max-image-preview:large","max-video-preview":"max-video-preview:-1"},"canonical":"https:\/\/lifesupportdistribution.fr\/de\/produkt\/avtone-auskultations-und-klinischer-geraeuschsimulator\/","og_locale":"de_DE","og_type":"article","og_title":"AVTONE Avkin \u2013 Auskultations- und klinischer Ger\u00e4uschsimulator","og_description":"AVTONE von Avkin: Interaktiver Simulator f\u00fcr das Training in Auskultation und der Identifizierung klinischer Ger\u00e4usche in einem realistischen Kontext.","og_url":"https:\/\/lifesupportdistribution.fr\/de\/produkt\/avtone-auskultations-und-klinischer-geraeuschsimulator\/","og_site_name":"Life Support Distribution","og_image":[{"width":1076,"height":710,"url":"https:\/\/lifesupportdistribution.fr\/wp-content\/uploads\/2025\/11\/Photo-avtone-1.png","type":"image\/png"}],"twitter_card":"summary_large_image","schema":{"@context":"https:\/\/schema.org","@graph":[{"@type":"WebPage","@id":"https:\/\/lifesupportdistribution.fr\/de\/produkt\/avtone-auskultations-und-klinischer-geraeuschsimulator\/","url":"https:\/\/lifesupportdistribution.fr\/de\/produkt\/avtone-auskultations-und-klinischer-geraeuschsimulator\/","name":"AVTONE Avkin \u2013 Auskultations- und klinischer Ger\u00e4uschsimulator","isPartOf":{"@id":"https:\/\/lifesupportdistribution.fr\/de\/#website"},"primaryImageOfPage":{"@id":"https:\/\/lifesupportdistribution.fr\/de\/produkt\/avtone-auskultations-und-klinischer-geraeuschsimulator\/#primaryimage"},"image":{"@id":"https:\/\/lifesupportdistribution.fr\/de\/produkt\/avtone-auskultations-und-klinischer-geraeuschsimulator\/#primaryimage"},"thumbnailUrl":"https:\/\/lifesupportdistribution.fr\/wp-content\/uploads\/2025\/11\/Photo-avtone-1.png","datePublished":"2025-11-10T14:01:41+00:00","description":"AVTONE von Avkin: Interaktiver Simulator f\u00fcr das Training in Auskultation und der Identifizierung klinischer Ger\u00e4usche in einem realistischen Kontext.","breadcrumb":{"@id":"https:\/\/lifesupportdistribution.fr\/de\/produkt\/avtone-auskultations-und-klinischer-geraeuschsimulator\/#breadcrumb"},"inLanguage":"de","potentialAction":[{"@type":"ReadAction","target":["https:\/\/lifesupportdistribution.fr\/de\/produkt\/avtone-auskultations-und-klinischer-geraeuschsimulator\/"]}]},{"@type":"ImageObject","inLanguage":"de","@id":"https:\/\/lifesupportdistribution.fr\/de\/produkt\/avtone-auskultations-und-klinischer-geraeuschsimulator\/#primaryimage","url":"https:\/\/lifesupportdistribution.fr\/wp-content\/uploads\/2025\/11\/Photo-avtone-1.png","contentUrl":"https:\/\/lifesupportdistribution.fr\/wp-content\/uploads\/2025\/11\/Photo-avtone-1.png","width":1076,"height":710},{"@type":"BreadcrumbList","@id":"https:\/\/lifesupportdistribution.fr\/de\/produkt\/avtone-auskultations-und-klinischer-geraeuschsimulator\/#breadcrumb","itemListElement":[{"@type":"ListItem","position":1,"name":"Accueil","item":"https:\/\/lifesupportdistribution.fr\/de\/startseite\/"},{"@type":"ListItem","position":2,"name":"Shop","item":"https:\/\/lifesupportdistribution.fr\/de\/shop\/"},{"@type":"ListItem","position":3,"name":"Avtone \u2013 Auskultations- und klinischer Ger\u00e4uschsimulator"}]},{"@type":"WebSite","@id":"https:\/\/lifesupportdistribution.fr\/de\/#website","url":"https:\/\/lifesupportdistribution.fr\/de\/","name":"Life Support Distribution","description":"Solutions en simulation m\u00e9dicale","publisher":{"@id":"https:\/\/lifesupportdistribution.fr\/de\/#organization"},"potentialAction":[{"@type":"SearchAction","target":{"@type":"EntryPoint","urlTemplate":"https:\/\/lifesupportdistribution.fr\/de\/?s={search_term_string}"},"query-input":{"@type":"PropertyValueSpecification","valueRequired":true,"valueName":"search_term_string"}}],"inLanguage":"de"},{"@type":"Organization","@id":"https:\/\/lifesupportdistribution.fr\/de\/#organization","name":"Life Support Distribution","url":"https:\/\/lifesupportdistribution.fr\/de\/","logo":{"@type":"ImageObject","inLanguage":"de","@id":"https:\/\/lifesupportdistribution.fr\/de\/#\/schema\/logo\/image\/","url":"https:\/\/lifesupportdistribution.fr\/wp-content\/uploads\/2025\/10\/logo-life-support-distribution.svg","contentUrl":"https:\/\/lifesupportdistribution.fr\/wp-content\/uploads\/2025\/10\/logo-life-support-distribution.svg","width":698,"height":223,"caption":"Life Support Distribution"},"image":{"@id":"https:\/\/lifesupportdistribution.fr\/de\/#\/schema\/logo\/image\/"},"sameAs":["https:\/\/www.linkedin.com\/company\/life-support-distribution\/"]}]}},"_links":{"self":[{"href":"https:\/\/lifesupportdistribution.fr\/de\/wp-json\/wp\/v2\/product\/5826","targetHints":{"allow":["GET"]}}],"collection":[{"href":"https:\/\/lifesupportdistribution.fr\/de\/wp-json\/wp\/v2\/product"}],"about":[{"href":"https:\/\/lifesupportdistribution.fr\/de\/wp-json\/wp\/v2\/types\/product"}],"wp:featuredmedia":[{"embeddable":true,"href":"https:\/\/lifesupportdistribution.fr\/de\/wp-json\/wp\/v2\/media\/1584"}],"wp:attachment":[{"href":"https:\/\/lifesupportdistribution.fr\/de\/wp-json\/wp\/v2\/media?parent=5826"}],"wp:term":[{"taxonomy":"product_brand","embeddable":true,"href":"https:\/\/lifesupportdistribution.fr\/de\/wp-json\/wp\/v2\/product_brand?post=5826"},{"taxonomy":"product_cat","embeddable":true,"href":"https:\/\/lifesupportdistribution.fr\/de\/wp-json\/wp\/v2\/product_cat?post=5826"},{"taxonomy":"product_tag","embeddable":true,"href":"https:\/\/lifesupportdistribution.fr\/de\/wp-json\/wp\/v2\/product_tag?post=5826"}],"curies":[{"name":"wp","href":"https:\/\/api.w.org\/{rel}","templated":true}]}}