{"id":5833,"date":"2025-11-10T15:31:34","date_gmt":"2025-11-10T14:31:34","guid":{"rendered":"https:\/\/lifesupportdistribution.fr\/produits\/pflegesimulator-fuer-5-jaehrige-kinder-gaumard-s150\/"},"modified":"2025-11-10T15:31:34","modified_gmt":"2025-11-10T14:31:34","slug":"pflegesimulator-fuer-5-jaehrige-kinder-gaumard-s150","status":"publish","type":"product","link":"https:\/\/lifesupportdistribution.fr\/de\/produkt\/pflegesimulator-fuer-5-jaehrige-kinder-gaumard-s150\/","title":{"rendered":"Pflegesimulator f\u00fcr 5-j\u00e4hrige Kinder \u2013 Gaumard S150"},"content":{"rendered":"<p>Der Gaumard S150 ist ein p\u00e4diatrischer Simulator, der eine umfassende p\u00e4dagogische Erfahrung f\u00fcr die Ausbildung in der Kinderkrankenpflege bietet. Seine detailgetreue Anatomie und tastbaren Landmarken erm\u00f6glichen das Erlernen und Wiederholen zahlreicher klinischer Handgriffe unter realit\u00e4tsnahen Bedingungen. Es k\u00f6nnen verschiedene Techniken ge\u00fcbt werden, wie Atemwegsmanagement, Beatmung, intramuskul\u00e4re Injektionen, Katheterisierung oder grundlegende t\u00e4gliche Pflege. Dank seiner robusten Bauweise und widerstandsf\u00e4higen Materialien h\u00e4lt der Simulator intensivem Gebrauch stand, w\u00e4hrend er ein hohes Ma\u00df an Realismus bewahrt. Der S150 wird in Pflegeschulen, Simulationszentren und Krankenh\u00e4usern eingesetzt, um Lernende effektiv auf Situationen in der P\u00e4diatrie vorzubereiten.    <\/p>\n","protected":false},"excerpt":{"rendered":"<p>Der Gaumard S150 Pflegesimulator stellt ein f\u00fcnfj\u00e4hriges Kind dar und wurde speziell f\u00fcr die Lehre der p\u00e4diatrischen Pflege entwickelt. Er erm\u00f6glicht es, Studierende und medizinisches Fachpersonal in technischen Handgriffen und essentiellen Pflegema\u00dfnahmen in einem sicheren und realistischen Umfeld zu schulen, wobei gleichzeitig das Vertrauen und die Pr\u00e4zision der Lernenden gef\u00f6rdert werden. <\/p>\n","protected":false},"featured_media":1590,"template":"","meta":[],"product_brand":[194],"product_cat":[218],"product_tag":[230,249,251,236,235],"class_list":{"0":"post-5833","1":"product","2":"type-product","3":"status-publish","4":"has-post-thumbnail","6":"product_brand-gaumard","7":"product_cat-simulationspuppen","8":"product_tag-allgemeinmedizin","9":"product_tag-innere-medizin","10":"product_tag-krankenpflege","11":"product_tag-notfallmedizin","12":"product_tag-padiatrie","14":"first","15":"instock","16":"shipping-taxable","17":"purchasable","18":"product-type-simple"},"yoast_head":"<!-- This site is optimized with the Yoast SEO plugin v26.8 - https:\/\/yoast.com\/product\/yoast-seo-wordpress\/ -->\n<title>Gaumard S150 \u2013 P\u00e4diatrischer Pflegesimulator<\/title>\n<meta name=\"description\" content=\"Der Gaumard S150 Simulator bildet ein 5-j\u00e4hriges Kind f\u00fcr die p\u00e4diatrische Pflegeausbildung nach: technische Handgriffe und Patientenversorgung.\" \/>\n<meta name=\"robots\" content=\"index, follow, max-snippet:-1, max-image-preview:large, max-video-preview:-1\" \/>\n<link rel=\"canonical\" href=\"https:\/\/lifesupportdistribution.fr\/de\/produkt\/pflegesimulator-fuer-5-jaehrige-kinder-gaumard-s150\/\" \/>\n<meta property=\"og:locale\" content=\"de_DE\" \/>\n<meta property=\"og:type\" content=\"article\" \/>\n<meta property=\"og:title\" content=\"Gaumard S150 \u2013 P\u00e4diatrischer Pflegesimulator\" \/>\n<meta property=\"og:description\" content=\"Der Gaumard S150 Simulator bildet ein 5-j\u00e4hriges Kind f\u00fcr die p\u00e4diatrische Pflegeausbildung nach: technische Handgriffe und Patientenversorgung.\" \/>\n<meta property=\"og:url\" content=\"https:\/\/lifesupportdistribution.fr\/de\/produkt\/pflegesimulator-fuer-5-jaehrige-kinder-gaumard-s150\/\" \/>\n<meta property=\"og:site_name\" content=\"Life Support Distribution\" \/>\n<meta property=\"og:image\" content=\"https:\/\/lifesupportdistribution.fr\/wp-content\/uploads\/2025\/11\/Photo-1-s150-gaumard.png\" \/>\n\t<meta property=\"og:image:width\" content=\"886\" \/>\n\t<meta property=\"og:image:height\" content=\"588\" \/>\n\t<meta property=\"og:image:type\" content=\"image\/png\" \/>\n<meta name=\"twitter:card\" content=\"summary_large_image\" \/>\n<meta name=\"twitter:label1\" content=\"Gesch\u00e4tzte Lesezeit\" \/>\n\t<meta name=\"twitter:data1\" content=\"1\u00a0Minute\" \/>\n<script type=\"application\/ld+json\" class=\"yoast-schema-graph\">{\"@context\":\"https:\/\/schema.org\",\"@graph\":[{\"@type\":\"WebPage\",\"@id\":\"https:\/\/lifesupportdistribution.fr\/de\/produkt\/pflegesimulator-fuer-5-jaehrige-kinder-gaumard-s150\/\",\"url\":\"https:\/\/lifesupportdistribution.fr\/de\/produkt\/pflegesimulator-fuer-5-jaehrige-kinder-gaumard-s150\/\",\"name\":\"Gaumard S150 \u2013 P\u00e4diatrischer Pflegesimulator\",\"isPartOf\":{\"@id\":\"https:\/\/lifesupportdistribution.fr\/de\/#website\"},\"primaryImageOfPage\":{\"@id\":\"https:\/\/lifesupportdistribution.fr\/de\/produkt\/pflegesimulator-fuer-5-jaehrige-kinder-gaumard-s150\/#primaryimage\"},\"image\":{\"@id\":\"https:\/\/lifesupportdistribution.fr\/de\/produkt\/pflegesimulator-fuer-5-jaehrige-kinder-gaumard-s150\/#primaryimage\"},\"thumbnailUrl\":\"https:\/\/lifesupportdistribution.fr\/wp-content\/uploads\/2025\/11\/Photo-1-s150-gaumard.png\",\"datePublished\":\"2025-11-10T14:31:34+00:00\",\"description\":\"Der Gaumard S150 Simulator bildet ein 5-j\u00e4hriges Kind f\u00fcr die p\u00e4diatrische Pflegeausbildung nach: technische Handgriffe und Patientenversorgung.\",\"breadcrumb\":{\"@id\":\"https:\/\/lifesupportdistribution.fr\/de\/produkt\/pflegesimulator-fuer-5-jaehrige-kinder-gaumard-s150\/#breadcrumb\"},\"inLanguage\":\"de\",\"potentialAction\":[{\"@type\":\"ReadAction\",\"target\":[\"https:\/\/lifesupportdistribution.fr\/de\/produkt\/pflegesimulator-fuer-5-jaehrige-kinder-gaumard-s150\/\"]}]},{\"@type\":\"ImageObject\",\"inLanguage\":\"de\",\"@id\":\"https:\/\/lifesupportdistribution.fr\/de\/produkt\/pflegesimulator-fuer-5-jaehrige-kinder-gaumard-s150\/#primaryimage\",\"url\":\"https:\/\/lifesupportdistribution.fr\/wp-content\/uploads\/2025\/11\/Photo-1-s150-gaumard.png\",\"contentUrl\":\"https:\/\/lifesupportdistribution.fr\/wp-content\/uploads\/2025\/11\/Photo-1-s150-gaumard.png\",\"width\":886,\"height\":588},{\"@type\":\"BreadcrumbList\",\"@id\":\"https:\/\/lifesupportdistribution.fr\/de\/produkt\/pflegesimulator-fuer-5-jaehrige-kinder-gaumard-s150\/#breadcrumb\",\"itemListElement\":[{\"@type\":\"ListItem\",\"position\":1,\"name\":\"Accueil\",\"item\":\"https:\/\/lifesupportdistribution.fr\/de\/startseite\/\"},{\"@type\":\"ListItem\",\"position\":2,\"name\":\"Shop\",\"item\":\"https:\/\/lifesupportdistribution.fr\/de\/shop\/\"},{\"@type\":\"ListItem\",\"position\":3,\"name\":\"Pflegesimulator f\u00fcr 5-j\u00e4hrige Kinder \u2013 Gaumard S150\"}]},{\"@type\":\"WebSite\",\"@id\":\"https:\/\/lifesupportdistribution.fr\/de\/#website\",\"url\":\"https:\/\/lifesupportdistribution.fr\/de\/\",\"name\":\"Life Support Distribution\",\"description\":\"Solutions en simulation m\u00e9dicale\",\"publisher\":{\"@id\":\"https:\/\/lifesupportdistribution.fr\/de\/#organization\"},\"potentialAction\":[{\"@type\":\"SearchAction\",\"target\":{\"@type\":\"EntryPoint\",\"urlTemplate\":\"https:\/\/lifesupportdistribution.fr\/de\/?s={search_term_string}\"},\"query-input\":{\"@type\":\"PropertyValueSpecification\",\"valueRequired\":true,\"valueName\":\"search_term_string\"}}],\"inLanguage\":\"de\"},{\"@type\":\"Organization\",\"@id\":\"https:\/\/lifesupportdistribution.fr\/de\/#organization\",\"name\":\"Life Support Distribution\",\"url\":\"https:\/\/lifesupportdistribution.fr\/de\/\",\"logo\":{\"@type\":\"ImageObject\",\"inLanguage\":\"de\",\"@id\":\"https:\/\/lifesupportdistribution.fr\/de\/#\/schema\/logo\/image\/\",\"url\":\"https:\/\/lifesupportdistribution.fr\/wp-content\/uploads\/2025\/10\/logo-life-support-distribution.svg\",\"contentUrl\":\"https:\/\/lifesupportdistribution.fr\/wp-content\/uploads\/2025\/10\/logo-life-support-distribution.svg\",\"width\":698,\"height\":223,\"caption\":\"Life Support Distribution\"},\"image\":{\"@id\":\"https:\/\/lifesupportdistribution.fr\/de\/#\/schema\/logo\/image\/\"},\"sameAs\":[\"https:\/\/www.linkedin.com\/company\/life-support-distribution\/\"]}]}<\/script>\n<!-- \/ Yoast SEO plugin. -->","yoast_head_json":{"title":"Gaumard S150 \u2013 P\u00e4diatrischer Pflegesimulator","description":"Der Gaumard S150 Simulator bildet ein 5-j\u00e4hriges Kind f\u00fcr die p\u00e4diatrische Pflegeausbildung nach: technische Handgriffe und Patientenversorgung.","robots":{"index":"index","follow":"follow","max-snippet":"max-snippet:-1","max-image-preview":"max-image-preview:large","max-video-preview":"max-video-preview:-1"},"canonical":"https:\/\/lifesupportdistribution.fr\/de\/produkt\/pflegesimulator-fuer-5-jaehrige-kinder-gaumard-s150\/","og_locale":"de_DE","og_type":"article","og_title":"Gaumard S150 \u2013 P\u00e4diatrischer Pflegesimulator","og_description":"Der Gaumard S150 Simulator bildet ein 5-j\u00e4hriges Kind f\u00fcr die p\u00e4diatrische Pflegeausbildung nach: technische Handgriffe und Patientenversorgung.","og_url":"https:\/\/lifesupportdistribution.fr\/de\/produkt\/pflegesimulator-fuer-5-jaehrige-kinder-gaumard-s150\/","og_site_name":"Life Support Distribution","og_image":[{"width":886,"height":588,"url":"https:\/\/lifesupportdistribution.fr\/wp-content\/uploads\/2025\/11\/Photo-1-s150-gaumard.png","type":"image\/png"}],"twitter_card":"summary_large_image","twitter_misc":{"Gesch\u00e4tzte Lesezeit":"1\u00a0Minute"},"schema":{"@context":"https:\/\/schema.org","@graph":[{"@type":"WebPage","@id":"https:\/\/lifesupportdistribution.fr\/de\/produkt\/pflegesimulator-fuer-5-jaehrige-kinder-gaumard-s150\/","url":"https:\/\/lifesupportdistribution.fr\/de\/produkt\/pflegesimulator-fuer-5-jaehrige-kinder-gaumard-s150\/","name":"Gaumard S150 \u2013 P\u00e4diatrischer Pflegesimulator","isPartOf":{"@id":"https:\/\/lifesupportdistribution.fr\/de\/#website"},"primaryImageOfPage":{"@id":"https:\/\/lifesupportdistribution.fr\/de\/produkt\/pflegesimulator-fuer-5-jaehrige-kinder-gaumard-s150\/#primaryimage"},"image":{"@id":"https:\/\/lifesupportdistribution.fr\/de\/produkt\/pflegesimulator-fuer-5-jaehrige-kinder-gaumard-s150\/#primaryimage"},"thumbnailUrl":"https:\/\/lifesupportdistribution.fr\/wp-content\/uploads\/2025\/11\/Photo-1-s150-gaumard.png","datePublished":"2025-11-10T14:31:34+00:00","description":"Der Gaumard S150 Simulator bildet ein 5-j\u00e4hriges Kind f\u00fcr die p\u00e4diatrische Pflegeausbildung nach: technische Handgriffe und Patientenversorgung.","breadcrumb":{"@id":"https:\/\/lifesupportdistribution.fr\/de\/produkt\/pflegesimulator-fuer-5-jaehrige-kinder-gaumard-s150\/#breadcrumb"},"inLanguage":"de","potentialAction":[{"@type":"ReadAction","target":["https:\/\/lifesupportdistribution.fr\/de\/produkt\/pflegesimulator-fuer-5-jaehrige-kinder-gaumard-s150\/"]}]},{"@type":"ImageObject","inLanguage":"de","@id":"https:\/\/lifesupportdistribution.fr\/de\/produkt\/pflegesimulator-fuer-5-jaehrige-kinder-gaumard-s150\/#primaryimage","url":"https:\/\/lifesupportdistribution.fr\/wp-content\/uploads\/2025\/11\/Photo-1-s150-gaumard.png","contentUrl":"https:\/\/lifesupportdistribution.fr\/wp-content\/uploads\/2025\/11\/Photo-1-s150-gaumard.png","width":886,"height":588},{"@type":"BreadcrumbList","@id":"https:\/\/lifesupportdistribution.fr\/de\/produkt\/pflegesimulator-fuer-5-jaehrige-kinder-gaumard-s150\/#breadcrumb","itemListElement":[{"@type":"ListItem","position":1,"name":"Accueil","item":"https:\/\/lifesupportdistribution.fr\/de\/startseite\/"},{"@type":"ListItem","position":2,"name":"Shop","item":"https:\/\/lifesupportdistribution.fr\/de\/shop\/"},{"@type":"ListItem","position":3,"name":"Pflegesimulator f\u00fcr 5-j\u00e4hrige Kinder \u2013 Gaumard S150"}]},{"@type":"WebSite","@id":"https:\/\/lifesupportdistribution.fr\/de\/#website","url":"https:\/\/lifesupportdistribution.fr\/de\/","name":"Life Support Distribution","description":"Solutions en simulation m\u00e9dicale","publisher":{"@id":"https:\/\/lifesupportdistribution.fr\/de\/#organization"},"potentialAction":[{"@type":"SearchAction","target":{"@type":"EntryPoint","urlTemplate":"https:\/\/lifesupportdistribution.fr\/de\/?s={search_term_string}"},"query-input":{"@type":"PropertyValueSpecification","valueRequired":true,"valueName":"search_term_string"}}],"inLanguage":"de"},{"@type":"Organization","@id":"https:\/\/lifesupportdistribution.fr\/de\/#organization","name":"Life Support Distribution","url":"https:\/\/lifesupportdistribution.fr\/de\/","logo":{"@type":"ImageObject","inLanguage":"de","@id":"https:\/\/lifesupportdistribution.fr\/de\/#\/schema\/logo\/image\/","url":"https:\/\/lifesupportdistribution.fr\/wp-content\/uploads\/2025\/10\/logo-life-support-distribution.svg","contentUrl":"https:\/\/lifesupportdistribution.fr\/wp-content\/uploads\/2025\/10\/logo-life-support-distribution.svg","width":698,"height":223,"caption":"Life Support Distribution"},"image":{"@id":"https:\/\/lifesupportdistribution.fr\/de\/#\/schema\/logo\/image\/"},"sameAs":["https:\/\/www.linkedin.com\/company\/life-support-distribution\/"]}]}},"_links":{"self":[{"href":"https:\/\/lifesupportdistribution.fr\/de\/wp-json\/wp\/v2\/product\/5833","targetHints":{"allow":["GET"]}}],"collection":[{"href":"https:\/\/lifesupportdistribution.fr\/de\/wp-json\/wp\/v2\/product"}],"about":[{"href":"https:\/\/lifesupportdistribution.fr\/de\/wp-json\/wp\/v2\/types\/product"}],"wp:featuredmedia":[{"embeddable":true,"href":"https:\/\/lifesupportdistribution.fr\/de\/wp-json\/wp\/v2\/media\/1590"}],"wp:attachment":[{"href":"https:\/\/lifesupportdistribution.fr\/de\/wp-json\/wp\/v2\/media?parent=5833"}],"wp:term":[{"taxonomy":"product_brand","embeddable":true,"href":"https:\/\/lifesupportdistribution.fr\/de\/wp-json\/wp\/v2\/product_brand?post=5833"},{"taxonomy":"product_cat","embeddable":true,"href":"https:\/\/lifesupportdistribution.fr\/de\/wp-json\/wp\/v2\/product_cat?post=5833"},{"taxonomy":"product_tag","embeddable":true,"href":"https:\/\/lifesupportdistribution.fr\/de\/wp-json\/wp\/v2\/product_tag?post=5833"}],"curies":[{"name":"wp","href":"https:\/\/api.w.org\/{rel}","templated":true}]}}