{"id":5850,"date":"2025-11-26T17:02:31","date_gmt":"2025-11-26T16:02:31","guid":{"rendered":"https:\/\/lifesupportdistribution.fr\/produits\/wundapplikations-kit-sw-ak1\/"},"modified":"2025-11-26T17:02:31","modified_gmt":"2025-11-26T16:02:31","slug":"wundapplikations-kit-sw-ak1","status":"publish","type":"product","link":"https:\/\/lifesupportdistribution.fr\/de\/produkt\/wundapplikations-kit-sw-ak1\/","title":{"rendered":"Wundapplikations-Kit &#8211; SW-AK1"},"content":{"rendered":"<p>Das SW-AK1 Kit vereinfacht und standardisiert die Anwendung von Simoulage-Silikonwunden. Es enth\u00e4lt Klebstoff, Entferner und die wesentlichen Werkzeuge, um eine saubere, dauerhafte und realistische Anbringung zu gew\u00e4hrleisten. Dank ihm k\u00f6nnen Ausbilder schnell realistische Wunden in ihre Simulationsszenarien integrieren, ohne Kompromisse bei der Darstellungsqualit\u00e4t einzugehen. Einfach zu bedienen, gew\u00e4hrleistet es auch ein einfaches und sauberes Entfernen nach der Schulung, wodurch die Integrit\u00e4t der Mannequins erhalten bleibt.   <\/p>\n","protected":false},"excerpt":{"rendered":"<p>Das Simoulage SW-AK1 ist das unverzichtbare Komplett-Kit zum einfachen Anbringen Ihrer Simoulage-Gusswunden. F\u00fcr Lehrzwecke entwickelt, enth\u00e4lt es alles N\u00f6tige, um etwa 50 Wunden mit realistischem und langlebigem Ergebnis an Modellen sowie an standardisierten Patienten anzulegen. <\/p>\n","protected":false},"featured_media":2089,"template":"","meta":[],"product_brand":[208],"product_cat":[217],"product_tag":[238,251,236,255],"class_list":{"0":"post-5850","1":"product","2":"type-product","3":"status-publish","4":"has-post-thumbnail","6":"product_brand-simoulage","7":"product_cat-schminken-und-spezialeffekte","8":"product_tag-erste-hilfe","9":"product_tag-krankenpflege","10":"product_tag-notfallmedizin","11":"product_tag-traumatologie","13":"first","14":"instock","15":"shipping-taxable","16":"purchasable","17":"product-type-simple"},"yoast_head":"<!-- This site is optimized with the Yoast SEO plugin v26.8 - https:\/\/yoast.com\/product\/yoast-seo-wordpress\/ -->\n<title>SW-AK1 Simoulage \u2013 Wundapplikations-Kit<\/title>\n<meta name=\"description\" content=\"SW-AK1 Simoulage: Das Komplett-Kit zum einfachen Anbringen, Fixieren und Entfernen von Simulationswunden bei Schulungen und Lehr-Szenarien.\" \/>\n<meta name=\"robots\" content=\"index, follow, max-snippet:-1, max-image-preview:large, max-video-preview:-1\" \/>\n<link rel=\"canonical\" href=\"https:\/\/lifesupportdistribution.fr\/de\/produkt\/wundapplikations-kit-sw-ak1\/\" \/>\n<meta property=\"og:locale\" content=\"de_DE\" \/>\n<meta property=\"og:type\" content=\"article\" \/>\n<meta property=\"og:title\" content=\"SW-AK1 Simoulage \u2013 Wundapplikations-Kit\" \/>\n<meta property=\"og:description\" content=\"SW-AK1 Simoulage: Das Komplett-Kit zum einfachen Anbringen, Fixieren und Entfernen von Simulationswunden bei Schulungen und Lehr-Szenarien.\" \/>\n<meta property=\"og:url\" content=\"https:\/\/lifesupportdistribution.fr\/de\/produkt\/wundapplikations-kit-sw-ak1\/\" \/>\n<meta property=\"og:site_name\" content=\"Life Support Distribution\" \/>\n<meta property=\"og:image\" content=\"https:\/\/lifesupportdistribution.fr\/wp-content\/uploads\/2025\/11\/Photo-SW-AK1.png\" \/>\n\t<meta property=\"og:image:width\" content=\"976\" \/>\n\t<meta property=\"og:image:height\" content=\"956\" \/>\n\t<meta property=\"og:image:type\" content=\"image\/png\" \/>\n<meta name=\"twitter:card\" content=\"summary_large_image\" \/>\n<script type=\"application\/ld+json\" class=\"yoast-schema-graph\">{\"@context\":\"https:\/\/schema.org\",\"@graph\":[{\"@type\":\"WebPage\",\"@id\":\"https:\/\/lifesupportdistribution.fr\/de\/produkt\/wundapplikations-kit-sw-ak1\/\",\"url\":\"https:\/\/lifesupportdistribution.fr\/de\/produkt\/wundapplikations-kit-sw-ak1\/\",\"name\":\"SW-AK1 Simoulage \u2013 Wundapplikations-Kit\",\"isPartOf\":{\"@id\":\"https:\/\/lifesupportdistribution.fr\/de\/#website\"},\"primaryImageOfPage\":{\"@id\":\"https:\/\/lifesupportdistribution.fr\/de\/produkt\/wundapplikations-kit-sw-ak1\/#primaryimage\"},\"image\":{\"@id\":\"https:\/\/lifesupportdistribution.fr\/de\/produkt\/wundapplikations-kit-sw-ak1\/#primaryimage\"},\"thumbnailUrl\":\"https:\/\/lifesupportdistribution.fr\/wp-content\/uploads\/2025\/11\/Photo-SW-AK1.png\",\"datePublished\":\"2025-11-26T16:02:31+00:00\",\"description\":\"SW-AK1 Simoulage: Das Komplett-Kit zum einfachen Anbringen, Fixieren und Entfernen von Simulationswunden bei Schulungen und Lehr-Szenarien.\",\"breadcrumb\":{\"@id\":\"https:\/\/lifesupportdistribution.fr\/de\/produkt\/wundapplikations-kit-sw-ak1\/#breadcrumb\"},\"inLanguage\":\"de\",\"potentialAction\":[{\"@type\":\"ReadAction\",\"target\":[\"https:\/\/lifesupportdistribution.fr\/de\/produkt\/wundapplikations-kit-sw-ak1\/\"]}]},{\"@type\":\"ImageObject\",\"inLanguage\":\"de\",\"@id\":\"https:\/\/lifesupportdistribution.fr\/de\/produkt\/wundapplikations-kit-sw-ak1\/#primaryimage\",\"url\":\"https:\/\/lifesupportdistribution.fr\/wp-content\/uploads\/2025\/11\/Photo-SW-AK1.png\",\"contentUrl\":\"https:\/\/lifesupportdistribution.fr\/wp-content\/uploads\/2025\/11\/Photo-SW-AK1.png\",\"width\":976,\"height\":956},{\"@type\":\"BreadcrumbList\",\"@id\":\"https:\/\/lifesupportdistribution.fr\/de\/produkt\/wundapplikations-kit-sw-ak1\/#breadcrumb\",\"itemListElement\":[{\"@type\":\"ListItem\",\"position\":1,\"name\":\"Accueil\",\"item\":\"https:\/\/lifesupportdistribution.fr\/de\/startseite\/\"},{\"@type\":\"ListItem\",\"position\":2,\"name\":\"Shop\",\"item\":\"https:\/\/lifesupportdistribution.fr\/de\/shop\/\"},{\"@type\":\"ListItem\",\"position\":3,\"name\":\"Wundapplikations-Kit &#8211; SW-AK1\"}]},{\"@type\":\"WebSite\",\"@id\":\"https:\/\/lifesupportdistribution.fr\/de\/#website\",\"url\":\"https:\/\/lifesupportdistribution.fr\/de\/\",\"name\":\"Life Support Distribution\",\"description\":\"Solutions en simulation m\u00e9dicale\",\"publisher\":{\"@id\":\"https:\/\/lifesupportdistribution.fr\/de\/#organization\"},\"potentialAction\":[{\"@type\":\"SearchAction\",\"target\":{\"@type\":\"EntryPoint\",\"urlTemplate\":\"https:\/\/lifesupportdistribution.fr\/de\/?s={search_term_string}\"},\"query-input\":{\"@type\":\"PropertyValueSpecification\",\"valueRequired\":true,\"valueName\":\"search_term_string\"}}],\"inLanguage\":\"de\"},{\"@type\":\"Organization\",\"@id\":\"https:\/\/lifesupportdistribution.fr\/de\/#organization\",\"name\":\"Life Support Distribution\",\"url\":\"https:\/\/lifesupportdistribution.fr\/de\/\",\"logo\":{\"@type\":\"ImageObject\",\"inLanguage\":\"de\",\"@id\":\"https:\/\/lifesupportdistribution.fr\/de\/#\/schema\/logo\/image\/\",\"url\":\"https:\/\/lifesupportdistribution.fr\/wp-content\/uploads\/2025\/10\/logo-life-support-distribution.svg\",\"contentUrl\":\"https:\/\/lifesupportdistribution.fr\/wp-content\/uploads\/2025\/10\/logo-life-support-distribution.svg\",\"width\":698,\"height\":223,\"caption\":\"Life Support Distribution\"},\"image\":{\"@id\":\"https:\/\/lifesupportdistribution.fr\/de\/#\/schema\/logo\/image\/\"},\"sameAs\":[\"https:\/\/www.linkedin.com\/company\/life-support-distribution\/\"]}]}<\/script>\n<!-- \/ Yoast SEO plugin. -->","yoast_head_json":{"title":"SW-AK1 Simoulage \u2013 Wundapplikations-Kit","description":"SW-AK1 Simoulage: Das Komplett-Kit zum einfachen Anbringen, Fixieren und Entfernen von Simulationswunden bei Schulungen und Lehr-Szenarien.","robots":{"index":"index","follow":"follow","max-snippet":"max-snippet:-1","max-image-preview":"max-image-preview:large","max-video-preview":"max-video-preview:-1"},"canonical":"https:\/\/lifesupportdistribution.fr\/de\/produkt\/wundapplikations-kit-sw-ak1\/","og_locale":"de_DE","og_type":"article","og_title":"SW-AK1 Simoulage \u2013 Wundapplikations-Kit","og_description":"SW-AK1 Simoulage: Das Komplett-Kit zum einfachen Anbringen, Fixieren und Entfernen von Simulationswunden bei Schulungen und Lehr-Szenarien.","og_url":"https:\/\/lifesupportdistribution.fr\/de\/produkt\/wundapplikations-kit-sw-ak1\/","og_site_name":"Life Support Distribution","og_image":[{"width":976,"height":956,"url":"https:\/\/lifesupportdistribution.fr\/wp-content\/uploads\/2025\/11\/Photo-SW-AK1.png","type":"image\/png"}],"twitter_card":"summary_large_image","schema":{"@context":"https:\/\/schema.org","@graph":[{"@type":"WebPage","@id":"https:\/\/lifesupportdistribution.fr\/de\/produkt\/wundapplikations-kit-sw-ak1\/","url":"https:\/\/lifesupportdistribution.fr\/de\/produkt\/wundapplikations-kit-sw-ak1\/","name":"SW-AK1 Simoulage \u2013 Wundapplikations-Kit","isPartOf":{"@id":"https:\/\/lifesupportdistribution.fr\/de\/#website"},"primaryImageOfPage":{"@id":"https:\/\/lifesupportdistribution.fr\/de\/produkt\/wundapplikations-kit-sw-ak1\/#primaryimage"},"image":{"@id":"https:\/\/lifesupportdistribution.fr\/de\/produkt\/wundapplikations-kit-sw-ak1\/#primaryimage"},"thumbnailUrl":"https:\/\/lifesupportdistribution.fr\/wp-content\/uploads\/2025\/11\/Photo-SW-AK1.png","datePublished":"2025-11-26T16:02:31+00:00","description":"SW-AK1 Simoulage: Das Komplett-Kit zum einfachen Anbringen, Fixieren und Entfernen von Simulationswunden bei Schulungen und Lehr-Szenarien.","breadcrumb":{"@id":"https:\/\/lifesupportdistribution.fr\/de\/produkt\/wundapplikations-kit-sw-ak1\/#breadcrumb"},"inLanguage":"de","potentialAction":[{"@type":"ReadAction","target":["https:\/\/lifesupportdistribution.fr\/de\/produkt\/wundapplikations-kit-sw-ak1\/"]}]},{"@type":"ImageObject","inLanguage":"de","@id":"https:\/\/lifesupportdistribution.fr\/de\/produkt\/wundapplikations-kit-sw-ak1\/#primaryimage","url":"https:\/\/lifesupportdistribution.fr\/wp-content\/uploads\/2025\/11\/Photo-SW-AK1.png","contentUrl":"https:\/\/lifesupportdistribution.fr\/wp-content\/uploads\/2025\/11\/Photo-SW-AK1.png","width":976,"height":956},{"@type":"BreadcrumbList","@id":"https:\/\/lifesupportdistribution.fr\/de\/produkt\/wundapplikations-kit-sw-ak1\/#breadcrumb","itemListElement":[{"@type":"ListItem","position":1,"name":"Accueil","item":"https:\/\/lifesupportdistribution.fr\/de\/startseite\/"},{"@type":"ListItem","position":2,"name":"Shop","item":"https:\/\/lifesupportdistribution.fr\/de\/shop\/"},{"@type":"ListItem","position":3,"name":"Wundapplikations-Kit &#8211; SW-AK1"}]},{"@type":"WebSite","@id":"https:\/\/lifesupportdistribution.fr\/de\/#website","url":"https:\/\/lifesupportdistribution.fr\/de\/","name":"Life Support Distribution","description":"Solutions en simulation m\u00e9dicale","publisher":{"@id":"https:\/\/lifesupportdistribution.fr\/de\/#organization"},"potentialAction":[{"@type":"SearchAction","target":{"@type":"EntryPoint","urlTemplate":"https:\/\/lifesupportdistribution.fr\/de\/?s={search_term_string}"},"query-input":{"@type":"PropertyValueSpecification","valueRequired":true,"valueName":"search_term_string"}}],"inLanguage":"de"},{"@type":"Organization","@id":"https:\/\/lifesupportdistribution.fr\/de\/#organization","name":"Life Support Distribution","url":"https:\/\/lifesupportdistribution.fr\/de\/","logo":{"@type":"ImageObject","inLanguage":"de","@id":"https:\/\/lifesupportdistribution.fr\/de\/#\/schema\/logo\/image\/","url":"https:\/\/lifesupportdistribution.fr\/wp-content\/uploads\/2025\/10\/logo-life-support-distribution.svg","contentUrl":"https:\/\/lifesupportdistribution.fr\/wp-content\/uploads\/2025\/10\/logo-life-support-distribution.svg","width":698,"height":223,"caption":"Life Support Distribution"},"image":{"@id":"https:\/\/lifesupportdistribution.fr\/de\/#\/schema\/logo\/image\/"},"sameAs":["https:\/\/www.linkedin.com\/company\/life-support-distribution\/"]}]}},"_links":{"self":[{"href":"https:\/\/lifesupportdistribution.fr\/de\/wp-json\/wp\/v2\/product\/5850","targetHints":{"allow":["GET"]}}],"collection":[{"href":"https:\/\/lifesupportdistribution.fr\/de\/wp-json\/wp\/v2\/product"}],"about":[{"href":"https:\/\/lifesupportdistribution.fr\/de\/wp-json\/wp\/v2\/types\/product"}],"wp:featuredmedia":[{"embeddable":true,"href":"https:\/\/lifesupportdistribution.fr\/de\/wp-json\/wp\/v2\/media\/2089"}],"wp:attachment":[{"href":"https:\/\/lifesupportdistribution.fr\/de\/wp-json\/wp\/v2\/media?parent=5850"}],"wp:term":[{"taxonomy":"product_brand","embeddable":true,"href":"https:\/\/lifesupportdistribution.fr\/de\/wp-json\/wp\/v2\/product_brand?post=5850"},{"taxonomy":"product_cat","embeddable":true,"href":"https:\/\/lifesupportdistribution.fr\/de\/wp-json\/wp\/v2\/product_cat?post=5850"},{"taxonomy":"product_tag","embeddable":true,"href":"https:\/\/lifesupportdistribution.fr\/de\/wp-json\/wp\/v2\/product_tag?post=5850"}],"curies":[{"name":"wp","href":"https:\/\/api.w.org\/{rel}","templated":true}]}}