{"id":5855,"date":"2025-11-26T17:13:44","date_gmt":"2025-11-26T16:13:44","guid":{"rendered":"https:\/\/lifesupportdistribution.fr\/produits\/hautton-sortiment-kit-sw-stk1\/"},"modified":"2025-11-26T17:13:44","modified_gmt":"2025-11-26T16:13:44","slug":"hautton-sortiment-kit-sw-stk1","status":"publish","type":"product","link":"https:\/\/lifesupportdistribution.fr\/de\/produkt\/hautton-sortiment-kit-sw-stk1\/","title":{"rendered":"Hautton-Sortiment-Kit &#8211; SW-STK1"},"content":{"rendered":"<p>Das SW-STK1 Kit wurde entwickelt, um die R\u00e4nder von modellierten Wunden zu verblenden und Farbt\u00f6ne anzupassen, damit sie sich nat\u00fcrlich in den Hautton integrieren. Dank seiner professionellen Farbpalette erm\u00f6glicht es subtile Farbverl\u00e4ufe und verbessert die visuelle Kontinuit\u00e4t zwischen Wunde und Hautoberfl\u00e4che. Dieses Kit wird besonders f\u00fcr High-Fidelity-Szenarien in der medizinischen Simulation, Traumatologie, Notfallversorgung oder bei milit\u00e4rmedizinischen \u00dcbungen empfohlen. In Erg\u00e4nzung zum SW-BK1 (Bluterguss-Kit) verwendet, erm\u00f6glicht es ein hyperrealistisches Ergebnis.   <\/p>\n","protected":false},"excerpt":{"rendered":"<p>Das Simoulage SW-STK1 ist ein komplettes Kit, das die Farbe von modellierten Wunden perfekt mit der des Modells oder standardisierten Patienten harmonisiert. Es garantiert ein visuelles Ergebnis auf Kino-\/TV-Niveau, was die Immersion und den Realismus medizinischer Simulationsszenarien verst\u00e4rkt. <\/p>\n","protected":false},"featured_media":2093,"template":"","meta":[],"product_brand":[208],"product_cat":[217],"product_tag":[254,238,236,255],"class_list":{"0":"post-5855","1":"product","2":"type-product","3":"status-publish","4":"has-post-thumbnail","6":"product_brand-simoulage","7":"product_cat-schminken-und-spezialeffekte","8":"product_tag-dermatologie","9":"product_tag-erste-hilfe","10":"product_tag-notfallmedizin","11":"product_tag-traumatologie","13":"first","14":"instock","15":"shipping-taxable","16":"purchasable","17":"product-type-simple"},"yoast_head":"<!-- This site is optimized with the Yoast SEO plugin v26.8 - https:\/\/yoast.com\/product\/yoast-seo-wordpress\/ -->\n<title>SW-STK1 Simoulage \u2013 Hautton-Sortiment<\/title>\n<meta name=\"description\" content=\"SW-STK1 Simoulage: Hautton-Sortiment zum Anpassen und Personalisieren von Simulationswunden an verschiedene Phototypen.\" \/>\n<meta name=\"robots\" content=\"index, follow, max-snippet:-1, max-image-preview:large, max-video-preview:-1\" \/>\n<link rel=\"canonical\" href=\"https:\/\/lifesupportdistribution.fr\/de\/produkt\/hautton-sortiment-kit-sw-stk1\/\" \/>\n<meta property=\"og:locale\" content=\"de_DE\" \/>\n<meta property=\"og:type\" content=\"article\" \/>\n<meta property=\"og:title\" content=\"SW-STK1 Simoulage \u2013 Hautton-Sortiment\" \/>\n<meta property=\"og:description\" content=\"SW-STK1 Simoulage: Hautton-Sortiment zum Anpassen und Personalisieren von Simulationswunden an verschiedene Phototypen.\" \/>\n<meta property=\"og:url\" content=\"https:\/\/lifesupportdistribution.fr\/de\/produkt\/hautton-sortiment-kit-sw-stk1\/\" \/>\n<meta property=\"og:site_name\" content=\"Life Support Distribution\" \/>\n<meta property=\"og:image\" content=\"https:\/\/lifesupportdistribution.fr\/wp-content\/uploads\/2025\/11\/Photo-SW-STK1.png\" \/>\n\t<meta property=\"og:image:width\" content=\"738\" \/>\n\t<meta property=\"og:image:height\" content=\"960\" \/>\n\t<meta property=\"og:image:type\" content=\"image\/png\" \/>\n<meta name=\"twitter:card\" content=\"summary_large_image\" \/>\n<script type=\"application\/ld+json\" class=\"yoast-schema-graph\">{\"@context\":\"https:\/\/schema.org\",\"@graph\":[{\"@type\":\"WebPage\",\"@id\":\"https:\/\/lifesupportdistribution.fr\/de\/produkt\/hautton-sortiment-kit-sw-stk1\/\",\"url\":\"https:\/\/lifesupportdistribution.fr\/de\/produkt\/hautton-sortiment-kit-sw-stk1\/\",\"name\":\"SW-STK1 Simoulage \u2013 Hautton-Sortiment\",\"isPartOf\":{\"@id\":\"https:\/\/lifesupportdistribution.fr\/de\/#website\"},\"primaryImageOfPage\":{\"@id\":\"https:\/\/lifesupportdistribution.fr\/de\/produkt\/hautton-sortiment-kit-sw-stk1\/#primaryimage\"},\"image\":{\"@id\":\"https:\/\/lifesupportdistribution.fr\/de\/produkt\/hautton-sortiment-kit-sw-stk1\/#primaryimage\"},\"thumbnailUrl\":\"https:\/\/lifesupportdistribution.fr\/wp-content\/uploads\/2025\/11\/Photo-SW-STK1.png\",\"datePublished\":\"2025-11-26T16:13:44+00:00\",\"description\":\"SW-STK1 Simoulage: Hautton-Sortiment zum Anpassen und Personalisieren von Simulationswunden an verschiedene Phototypen.\",\"breadcrumb\":{\"@id\":\"https:\/\/lifesupportdistribution.fr\/de\/produkt\/hautton-sortiment-kit-sw-stk1\/#breadcrumb\"},\"inLanguage\":\"de\",\"potentialAction\":[{\"@type\":\"ReadAction\",\"target\":[\"https:\/\/lifesupportdistribution.fr\/de\/produkt\/hautton-sortiment-kit-sw-stk1\/\"]}]},{\"@type\":\"ImageObject\",\"inLanguage\":\"de\",\"@id\":\"https:\/\/lifesupportdistribution.fr\/de\/produkt\/hautton-sortiment-kit-sw-stk1\/#primaryimage\",\"url\":\"https:\/\/lifesupportdistribution.fr\/wp-content\/uploads\/2025\/11\/Photo-SW-STK1.png\",\"contentUrl\":\"https:\/\/lifesupportdistribution.fr\/wp-content\/uploads\/2025\/11\/Photo-SW-STK1.png\",\"width\":738,\"height\":960},{\"@type\":\"BreadcrumbList\",\"@id\":\"https:\/\/lifesupportdistribution.fr\/de\/produkt\/hautton-sortiment-kit-sw-stk1\/#breadcrumb\",\"itemListElement\":[{\"@type\":\"ListItem\",\"position\":1,\"name\":\"Accueil\",\"item\":\"https:\/\/lifesupportdistribution.fr\/de\/startseite\/\"},{\"@type\":\"ListItem\",\"position\":2,\"name\":\"Shop\",\"item\":\"https:\/\/lifesupportdistribution.fr\/de\/shop\/\"},{\"@type\":\"ListItem\",\"position\":3,\"name\":\"Hautton-Sortiment-Kit &#8211; SW-STK1\"}]},{\"@type\":\"WebSite\",\"@id\":\"https:\/\/lifesupportdistribution.fr\/de\/#website\",\"url\":\"https:\/\/lifesupportdistribution.fr\/de\/\",\"name\":\"Life Support Distribution\",\"description\":\"Solutions en simulation m\u00e9dicale\",\"publisher\":{\"@id\":\"https:\/\/lifesupportdistribution.fr\/de\/#organization\"},\"potentialAction\":[{\"@type\":\"SearchAction\",\"target\":{\"@type\":\"EntryPoint\",\"urlTemplate\":\"https:\/\/lifesupportdistribution.fr\/de\/?s={search_term_string}\"},\"query-input\":{\"@type\":\"PropertyValueSpecification\",\"valueRequired\":true,\"valueName\":\"search_term_string\"}}],\"inLanguage\":\"de\"},{\"@type\":\"Organization\",\"@id\":\"https:\/\/lifesupportdistribution.fr\/de\/#organization\",\"name\":\"Life Support Distribution\",\"url\":\"https:\/\/lifesupportdistribution.fr\/de\/\",\"logo\":{\"@type\":\"ImageObject\",\"inLanguage\":\"de\",\"@id\":\"https:\/\/lifesupportdistribution.fr\/de\/#\/schema\/logo\/image\/\",\"url\":\"https:\/\/lifesupportdistribution.fr\/wp-content\/uploads\/2025\/10\/logo-life-support-distribution.svg\",\"contentUrl\":\"https:\/\/lifesupportdistribution.fr\/wp-content\/uploads\/2025\/10\/logo-life-support-distribution.svg\",\"width\":698,\"height\":223,\"caption\":\"Life Support Distribution\"},\"image\":{\"@id\":\"https:\/\/lifesupportdistribution.fr\/de\/#\/schema\/logo\/image\/\"},\"sameAs\":[\"https:\/\/www.linkedin.com\/company\/life-support-distribution\/\"]}]}<\/script>\n<!-- \/ Yoast SEO plugin. -->","yoast_head_json":{"title":"SW-STK1 Simoulage \u2013 Hautton-Sortiment","description":"SW-STK1 Simoulage: Hautton-Sortiment zum Anpassen und Personalisieren von Simulationswunden an verschiedene Phototypen.","robots":{"index":"index","follow":"follow","max-snippet":"max-snippet:-1","max-image-preview":"max-image-preview:large","max-video-preview":"max-video-preview:-1"},"canonical":"https:\/\/lifesupportdistribution.fr\/de\/produkt\/hautton-sortiment-kit-sw-stk1\/","og_locale":"de_DE","og_type":"article","og_title":"SW-STK1 Simoulage \u2013 Hautton-Sortiment","og_description":"SW-STK1 Simoulage: Hautton-Sortiment zum Anpassen und Personalisieren von Simulationswunden an verschiedene Phototypen.","og_url":"https:\/\/lifesupportdistribution.fr\/de\/produkt\/hautton-sortiment-kit-sw-stk1\/","og_site_name":"Life Support Distribution","og_image":[{"width":738,"height":960,"url":"https:\/\/lifesupportdistribution.fr\/wp-content\/uploads\/2025\/11\/Photo-SW-STK1.png","type":"image\/png"}],"twitter_card":"summary_large_image","schema":{"@context":"https:\/\/schema.org","@graph":[{"@type":"WebPage","@id":"https:\/\/lifesupportdistribution.fr\/de\/produkt\/hautton-sortiment-kit-sw-stk1\/","url":"https:\/\/lifesupportdistribution.fr\/de\/produkt\/hautton-sortiment-kit-sw-stk1\/","name":"SW-STK1 Simoulage \u2013 Hautton-Sortiment","isPartOf":{"@id":"https:\/\/lifesupportdistribution.fr\/de\/#website"},"primaryImageOfPage":{"@id":"https:\/\/lifesupportdistribution.fr\/de\/produkt\/hautton-sortiment-kit-sw-stk1\/#primaryimage"},"image":{"@id":"https:\/\/lifesupportdistribution.fr\/de\/produkt\/hautton-sortiment-kit-sw-stk1\/#primaryimage"},"thumbnailUrl":"https:\/\/lifesupportdistribution.fr\/wp-content\/uploads\/2025\/11\/Photo-SW-STK1.png","datePublished":"2025-11-26T16:13:44+00:00","description":"SW-STK1 Simoulage: Hautton-Sortiment zum Anpassen und Personalisieren von Simulationswunden an verschiedene Phototypen.","breadcrumb":{"@id":"https:\/\/lifesupportdistribution.fr\/de\/produkt\/hautton-sortiment-kit-sw-stk1\/#breadcrumb"},"inLanguage":"de","potentialAction":[{"@type":"ReadAction","target":["https:\/\/lifesupportdistribution.fr\/de\/produkt\/hautton-sortiment-kit-sw-stk1\/"]}]},{"@type":"ImageObject","inLanguage":"de","@id":"https:\/\/lifesupportdistribution.fr\/de\/produkt\/hautton-sortiment-kit-sw-stk1\/#primaryimage","url":"https:\/\/lifesupportdistribution.fr\/wp-content\/uploads\/2025\/11\/Photo-SW-STK1.png","contentUrl":"https:\/\/lifesupportdistribution.fr\/wp-content\/uploads\/2025\/11\/Photo-SW-STK1.png","width":738,"height":960},{"@type":"BreadcrumbList","@id":"https:\/\/lifesupportdistribution.fr\/de\/produkt\/hautton-sortiment-kit-sw-stk1\/#breadcrumb","itemListElement":[{"@type":"ListItem","position":1,"name":"Accueil","item":"https:\/\/lifesupportdistribution.fr\/de\/startseite\/"},{"@type":"ListItem","position":2,"name":"Shop","item":"https:\/\/lifesupportdistribution.fr\/de\/shop\/"},{"@type":"ListItem","position":3,"name":"Hautton-Sortiment-Kit &#8211; SW-STK1"}]},{"@type":"WebSite","@id":"https:\/\/lifesupportdistribution.fr\/de\/#website","url":"https:\/\/lifesupportdistribution.fr\/de\/","name":"Life Support Distribution","description":"Solutions en simulation m\u00e9dicale","publisher":{"@id":"https:\/\/lifesupportdistribution.fr\/de\/#organization"},"potentialAction":[{"@type":"SearchAction","target":{"@type":"EntryPoint","urlTemplate":"https:\/\/lifesupportdistribution.fr\/de\/?s={search_term_string}"},"query-input":{"@type":"PropertyValueSpecification","valueRequired":true,"valueName":"search_term_string"}}],"inLanguage":"de"},{"@type":"Organization","@id":"https:\/\/lifesupportdistribution.fr\/de\/#organization","name":"Life Support Distribution","url":"https:\/\/lifesupportdistribution.fr\/de\/","logo":{"@type":"ImageObject","inLanguage":"de","@id":"https:\/\/lifesupportdistribution.fr\/de\/#\/schema\/logo\/image\/","url":"https:\/\/lifesupportdistribution.fr\/wp-content\/uploads\/2025\/10\/logo-life-support-distribution.svg","contentUrl":"https:\/\/lifesupportdistribution.fr\/wp-content\/uploads\/2025\/10\/logo-life-support-distribution.svg","width":698,"height":223,"caption":"Life Support Distribution"},"image":{"@id":"https:\/\/lifesupportdistribution.fr\/de\/#\/schema\/logo\/image\/"},"sameAs":["https:\/\/www.linkedin.com\/company\/life-support-distribution\/"]}]}},"_links":{"self":[{"href":"https:\/\/lifesupportdistribution.fr\/de\/wp-json\/wp\/v2\/product\/5855","targetHints":{"allow":["GET"]}}],"collection":[{"href":"https:\/\/lifesupportdistribution.fr\/de\/wp-json\/wp\/v2\/product"}],"about":[{"href":"https:\/\/lifesupportdistribution.fr\/de\/wp-json\/wp\/v2\/types\/product"}],"wp:featuredmedia":[{"embeddable":true,"href":"https:\/\/lifesupportdistribution.fr\/de\/wp-json\/wp\/v2\/media\/2093"}],"wp:attachment":[{"href":"https:\/\/lifesupportdistribution.fr\/de\/wp-json\/wp\/v2\/media?parent=5855"}],"wp:term":[{"taxonomy":"product_brand","embeddable":true,"href":"https:\/\/lifesupportdistribution.fr\/de\/wp-json\/wp\/v2\/product_brand?post=5855"},{"taxonomy":"product_cat","embeddable":true,"href":"https:\/\/lifesupportdistribution.fr\/de\/wp-json\/wp\/v2\/product_cat?post=5855"},{"taxonomy":"product_tag","embeddable":true,"href":"https:\/\/lifesupportdistribution.fr\/de\/wp-json\/wp\/v2\/product_tag?post=5855"}],"curies":[{"name":"wp","href":"https:\/\/api.w.org\/{rel}","templated":true}]}}