{"id":5859,"date":"2025-11-26T16:32:26","date_gmt":"2025-11-26T15:32:26","guid":{"rendered":"https:\/\/lifesupportdistribution.fr\/produits\/thermische-verbrennung-sw36\/"},"modified":"2025-11-26T16:32:26","modified_gmt":"2025-11-26T15:32:26","slug":"thermische-verbrennung-sw36","status":"publish","type":"product","link":"https:\/\/lifesupportdistribution.fr\/de\/produkt\/thermische-verbrennung-sw36\/","title":{"rendered":"Thermische Verbrennung &#8211; SW36"},"content":{"rendered":"<p>Das SW36 Set ist f\u00fcr die Schulung im Umgang mit thermischen Verbrennungen konzipiert. Dank seiner sieben L\u00e4sionen unterschiedlicher Gr\u00f6\u00dfe erm\u00f6glicht es die Nachbildung verschiedener Kontexte: lokalisierte Verbrennungen, multiple Verletzungen oder gro\u00dffl\u00e4chige L\u00e4sionen. Es ist ein besonders n\u00fctzliches Lehrmittel f\u00fcr die Vermittlung der ersten Schritte bei Verbrennungen: K\u00fchlung, Schweregradbeurteilung, Erstbehandlung und Vorbereitung auf die Evakuierung. In Kombination mit dem Master Burns Kit (SW-MBK1) bietet es einen verst\u00e4rkten Realismus durch zus\u00e4tzliche Effekte von verkohltem und nekrotischem Gewebe.   <\/p>\n","protected":false},"excerpt":{"rendered":"<p>Das Simoulage Modell SW36 umfasst ein Set von sieben thermischen Brandwunden unterschiedlicher Gr\u00f6\u00dfe. Entwickelt aus ultrarealistischem, verkapseltem Silikon, erm\u00f6glicht dieses Set die Erstellung umfassender p\u00e4dagogischer Szenarien durch die Simulation multipler oder ausgedehnter Verbrennungen an verschiedenen anatomischen Bereichen. <\/p>\n","protected":false},"featured_media":2073,"template":"","meta":[],"product_brand":[208],"product_cat":[217],"product_tag":[254,238,251,236],"class_list":{"0":"post-5859","1":"product","2":"type-product","3":"status-publish","4":"has-post-thumbnail","6":"product_brand-simoulage","7":"product_cat-schminken-und-spezialeffekte","8":"product_tag-dermatologie","9":"product_tag-erste-hilfe","10":"product_tag-krankenpflege","11":"product_tag-notfallmedizin","13":"first","14":"instock","15":"shipping-taxable","16":"purchasable","17":"product-type-simple"},"yoast_head":"<!-- This site is optimized with the Yoast SEO plugin v27.5 - https:\/\/yoast.com\/product\/yoast-seo-wordpress\/ -->\n<title>SW36 Simoulage \u2013 Realistische thermische Verbrennung<\/title>\n<meta name=\"description\" content=\"SW36 Simoulage: Realistische thermische Verbrennung zum Erlernen der L\u00e4sionsbeurteilung, der angepassten Versorgung und des Notfallmanagements.\" \/>\n<meta name=\"robots\" content=\"index, follow, max-snippet:-1, max-image-preview:large, max-video-preview:-1\" \/>\n<link rel=\"canonical\" href=\"https:\/\/lifesupportdistribution.fr\/de\/produkt\/thermische-verbrennung-sw36\/\" \/>\n<meta property=\"og:locale\" content=\"de_DE\" \/>\n<meta property=\"og:type\" content=\"article\" \/>\n<meta property=\"og:title\" content=\"SW36 Simoulage \u2013 Realistische thermische Verbrennung\" \/>\n<meta property=\"og:description\" content=\"SW36 Simoulage: Realistische thermische Verbrennung zum Erlernen der L\u00e4sionsbeurteilung, der angepassten Versorgung und des Notfallmanagements.\" \/>\n<meta property=\"og:url\" content=\"https:\/\/lifesupportdistribution.fr\/de\/produkt\/thermische-verbrennung-sw36\/\" \/>\n<meta property=\"og:site_name\" content=\"Life Support Distribution\" \/>\n<meta property=\"og:image\" content=\"https:\/\/lifesupportdistribution.fr\/wp-content\/uploads\/2025\/11\/Photo-SW36-simoulage1.png\" \/>\n\t<meta property=\"og:image:width\" content=\"2016\" \/>\n\t<meta property=\"og:image:height\" content=\"1368\" \/>\n\t<meta property=\"og:image:type\" content=\"image\/png\" \/>\n<meta name=\"twitter:card\" content=\"summary_large_image\" \/>\n<script type=\"application\/ld+json\" class=\"yoast-schema-graph\">{\"@context\":\"https:\\\/\\\/schema.org\",\"@graph\":[{\"@type\":\"WebPage\",\"@id\":\"https:\\\/\\\/lifesupportdistribution.fr\\\/de\\\/produkt\\\/thermische-verbrennung-sw36\\\/\",\"url\":\"https:\\\/\\\/lifesupportdistribution.fr\\\/de\\\/produkt\\\/thermische-verbrennung-sw36\\\/\",\"name\":\"SW36 Simoulage \u2013 Realistische thermische Verbrennung\",\"isPartOf\":{\"@id\":\"https:\\\/\\\/lifesupportdistribution.fr\\\/de\\\/#website\"},\"primaryImageOfPage\":{\"@id\":\"https:\\\/\\\/lifesupportdistribution.fr\\\/de\\\/produkt\\\/thermische-verbrennung-sw36\\\/#primaryimage\"},\"image\":{\"@id\":\"https:\\\/\\\/lifesupportdistribution.fr\\\/de\\\/produkt\\\/thermische-verbrennung-sw36\\\/#primaryimage\"},\"thumbnailUrl\":\"https:\\\/\\\/lifesupportdistribution.fr\\\/wp-content\\\/uploads\\\/2025\\\/11\\\/Photo-SW36-simoulage1.png\",\"datePublished\":\"2025-11-26T15:32:26+00:00\",\"description\":\"SW36 Simoulage: Realistische thermische Verbrennung zum Erlernen der L\u00e4sionsbeurteilung, der angepassten Versorgung und des Notfallmanagements.\",\"breadcrumb\":{\"@id\":\"https:\\\/\\\/lifesupportdistribution.fr\\\/de\\\/produkt\\\/thermische-verbrennung-sw36\\\/#breadcrumb\"},\"inLanguage\":\"de\",\"potentialAction\":[{\"@type\":\"ReadAction\",\"target\":[\"https:\\\/\\\/lifesupportdistribution.fr\\\/de\\\/produkt\\\/thermische-verbrennung-sw36\\\/\"]}]},{\"@type\":\"ImageObject\",\"inLanguage\":\"de\",\"@id\":\"https:\\\/\\\/lifesupportdistribution.fr\\\/de\\\/produkt\\\/thermische-verbrennung-sw36\\\/#primaryimage\",\"url\":\"https:\\\/\\\/lifesupportdistribution.fr\\\/wp-content\\\/uploads\\\/2025\\\/11\\\/Photo-SW36-simoulage1.png\",\"contentUrl\":\"https:\\\/\\\/lifesupportdistribution.fr\\\/wp-content\\\/uploads\\\/2025\\\/11\\\/Photo-SW36-simoulage1.png\",\"width\":2016,\"height\":1368},{\"@type\":\"BreadcrumbList\",\"@id\":\"https:\\\/\\\/lifesupportdistribution.fr\\\/de\\\/produkt\\\/thermische-verbrennung-sw36\\\/#breadcrumb\",\"itemListElement\":[{\"@type\":\"ListItem\",\"position\":1,\"name\":\"Accueil\",\"item\":\"https:\\\/\\\/lifesupportdistribution.fr\\\/de\\\/startseite\\\/\"},{\"@type\":\"ListItem\",\"position\":2,\"name\":\"Shop\",\"item\":\"https:\\\/\\\/lifesupportdistribution.fr\\\/de\\\/shop\\\/\"},{\"@type\":\"ListItem\",\"position\":3,\"name\":\"Thermische Verbrennung &#8211; SW36\"}]},{\"@type\":\"WebSite\",\"@id\":\"https:\\\/\\\/lifesupportdistribution.fr\\\/de\\\/#website\",\"url\":\"https:\\\/\\\/lifesupportdistribution.fr\\\/de\\\/\",\"name\":\"Life Support Distribution\",\"description\":\"Solutions en simulation m\u00e9dicale\",\"publisher\":{\"@id\":\"https:\\\/\\\/lifesupportdistribution.fr\\\/de\\\/#organization\"},\"potentialAction\":[{\"@type\":\"SearchAction\",\"target\":{\"@type\":\"EntryPoint\",\"urlTemplate\":\"https:\\\/\\\/lifesupportdistribution.fr\\\/de\\\/?s={search_term_string}\"},\"query-input\":{\"@type\":\"PropertyValueSpecification\",\"valueRequired\":true,\"valueName\":\"search_term_string\"}}],\"inLanguage\":\"de\"},{\"@type\":\"Organization\",\"@id\":\"https:\\\/\\\/lifesupportdistribution.fr\\\/de\\\/#organization\",\"name\":\"Life Support Distribution\",\"url\":\"https:\\\/\\\/lifesupportdistribution.fr\\\/de\\\/\",\"logo\":{\"@type\":\"ImageObject\",\"inLanguage\":\"de\",\"@id\":\"https:\\\/\\\/lifesupportdistribution.fr\\\/de\\\/#\\\/schema\\\/logo\\\/image\\\/\",\"url\":\"https:\\\/\\\/lifesupportdistribution.fr\\\/wp-content\\\/uploads\\\/2025\\\/10\\\/logo-life-support-distribution.svg\",\"contentUrl\":\"https:\\\/\\\/lifesupportdistribution.fr\\\/wp-content\\\/uploads\\\/2025\\\/10\\\/logo-life-support-distribution.svg\",\"width\":698,\"height\":223,\"caption\":\"Life Support Distribution\"},\"image\":{\"@id\":\"https:\\\/\\\/lifesupportdistribution.fr\\\/de\\\/#\\\/schema\\\/logo\\\/image\\\/\"},\"sameAs\":[\"https:\\\/\\\/www.linkedin.com\\\/company\\\/life-support-distribution\\\/\"]}]}<\/script>\n<!-- \/ Yoast SEO plugin. -->","yoast_head_json":{"title":"SW36 Simoulage \u2013 Realistische thermische Verbrennung","description":"SW36 Simoulage: Realistische thermische Verbrennung zum Erlernen der L\u00e4sionsbeurteilung, der angepassten Versorgung und des Notfallmanagements.","robots":{"index":"index","follow":"follow","max-snippet":"max-snippet:-1","max-image-preview":"max-image-preview:large","max-video-preview":"max-video-preview:-1"},"canonical":"https:\/\/lifesupportdistribution.fr\/de\/produkt\/thermische-verbrennung-sw36\/","og_locale":"de_DE","og_type":"article","og_title":"SW36 Simoulage \u2013 Realistische thermische Verbrennung","og_description":"SW36 Simoulage: Realistische thermische Verbrennung zum Erlernen der L\u00e4sionsbeurteilung, der angepassten Versorgung und des Notfallmanagements.","og_url":"https:\/\/lifesupportdistribution.fr\/de\/produkt\/thermische-verbrennung-sw36\/","og_site_name":"Life Support Distribution","og_image":[{"width":2016,"height":1368,"url":"https:\/\/lifesupportdistribution.fr\/wp-content\/uploads\/2025\/11\/Photo-SW36-simoulage1.png","type":"image\/png"}],"twitter_card":"summary_large_image","schema":{"@context":"https:\/\/schema.org","@graph":[{"@type":"WebPage","@id":"https:\/\/lifesupportdistribution.fr\/de\/produkt\/thermische-verbrennung-sw36\/","url":"https:\/\/lifesupportdistribution.fr\/de\/produkt\/thermische-verbrennung-sw36\/","name":"SW36 Simoulage \u2013 Realistische thermische Verbrennung","isPartOf":{"@id":"https:\/\/lifesupportdistribution.fr\/de\/#website"},"primaryImageOfPage":{"@id":"https:\/\/lifesupportdistribution.fr\/de\/produkt\/thermische-verbrennung-sw36\/#primaryimage"},"image":{"@id":"https:\/\/lifesupportdistribution.fr\/de\/produkt\/thermische-verbrennung-sw36\/#primaryimage"},"thumbnailUrl":"https:\/\/lifesupportdistribution.fr\/wp-content\/uploads\/2025\/11\/Photo-SW36-simoulage1.png","datePublished":"2025-11-26T15:32:26+00:00","description":"SW36 Simoulage: Realistische thermische Verbrennung zum Erlernen der L\u00e4sionsbeurteilung, der angepassten Versorgung und des Notfallmanagements.","breadcrumb":{"@id":"https:\/\/lifesupportdistribution.fr\/de\/produkt\/thermische-verbrennung-sw36\/#breadcrumb"},"inLanguage":"de","potentialAction":[{"@type":"ReadAction","target":["https:\/\/lifesupportdistribution.fr\/de\/produkt\/thermische-verbrennung-sw36\/"]}]},{"@type":"ImageObject","inLanguage":"de","@id":"https:\/\/lifesupportdistribution.fr\/de\/produkt\/thermische-verbrennung-sw36\/#primaryimage","url":"https:\/\/lifesupportdistribution.fr\/wp-content\/uploads\/2025\/11\/Photo-SW36-simoulage1.png","contentUrl":"https:\/\/lifesupportdistribution.fr\/wp-content\/uploads\/2025\/11\/Photo-SW36-simoulage1.png","width":2016,"height":1368},{"@type":"BreadcrumbList","@id":"https:\/\/lifesupportdistribution.fr\/de\/produkt\/thermische-verbrennung-sw36\/#breadcrumb","itemListElement":[{"@type":"ListItem","position":1,"name":"Accueil","item":"https:\/\/lifesupportdistribution.fr\/de\/startseite\/"},{"@type":"ListItem","position":2,"name":"Shop","item":"https:\/\/lifesupportdistribution.fr\/de\/shop\/"},{"@type":"ListItem","position":3,"name":"Thermische Verbrennung &#8211; SW36"}]},{"@type":"WebSite","@id":"https:\/\/lifesupportdistribution.fr\/de\/#website","url":"https:\/\/lifesupportdistribution.fr\/de\/","name":"Life Support Distribution","description":"Solutions en simulation m\u00e9dicale","publisher":{"@id":"https:\/\/lifesupportdistribution.fr\/de\/#organization"},"potentialAction":[{"@type":"SearchAction","target":{"@type":"EntryPoint","urlTemplate":"https:\/\/lifesupportdistribution.fr\/de\/?s={search_term_string}"},"query-input":{"@type":"PropertyValueSpecification","valueRequired":true,"valueName":"search_term_string"}}],"inLanguage":"de"},{"@type":"Organization","@id":"https:\/\/lifesupportdistribution.fr\/de\/#organization","name":"Life Support Distribution","url":"https:\/\/lifesupportdistribution.fr\/de\/","logo":{"@type":"ImageObject","inLanguage":"de","@id":"https:\/\/lifesupportdistribution.fr\/de\/#\/schema\/logo\/image\/","url":"https:\/\/lifesupportdistribution.fr\/wp-content\/uploads\/2025\/10\/logo-life-support-distribution.svg","contentUrl":"https:\/\/lifesupportdistribution.fr\/wp-content\/uploads\/2025\/10\/logo-life-support-distribution.svg","width":698,"height":223,"caption":"Life Support Distribution"},"image":{"@id":"https:\/\/lifesupportdistribution.fr\/de\/#\/schema\/logo\/image\/"},"sameAs":["https:\/\/www.linkedin.com\/company\/life-support-distribution\/"]}]}},"_links":{"self":[{"href":"https:\/\/lifesupportdistribution.fr\/de\/wp-json\/wp\/v2\/product\/5859","targetHints":{"allow":["GET"]}}],"collection":[{"href":"https:\/\/lifesupportdistribution.fr\/de\/wp-json\/wp\/v2\/product"}],"about":[{"href":"https:\/\/lifesupportdistribution.fr\/de\/wp-json\/wp\/v2\/types\/product"}],"wp:featuredmedia":[{"embeddable":true,"href":"https:\/\/lifesupportdistribution.fr\/de\/wp-json\/wp\/v2\/media\/2073"}],"wp:attachment":[{"href":"https:\/\/lifesupportdistribution.fr\/de\/wp-json\/wp\/v2\/media?parent=5859"}],"wp:term":[{"taxonomy":"product_brand","embeddable":true,"href":"https:\/\/lifesupportdistribution.fr\/de\/wp-json\/wp\/v2\/product_brand?post=5859"},{"taxonomy":"product_cat","embeddable":true,"href":"https:\/\/lifesupportdistribution.fr\/de\/wp-json\/wp\/v2\/product_cat?post=5859"},{"taxonomy":"product_tag","embeddable":true,"href":"https:\/\/lifesupportdistribution.fr\/de\/wp-json\/wp\/v2\/product_tag?post=5859"}],"curies":[{"name":"wp","href":"https:\/\/api.w.org\/{rel}","templated":true}]}}