{"id":5860,"date":"2025-11-26T17:21:06","date_gmt":"2025-11-26T16:21:06","guid":{"rendered":"https:\/\/lifesupportdistribution.fr\/produits\/brandwunden-applikationsset-sw-mbk1\/"},"modified":"2025-11-26T17:21:06","modified_gmt":"2025-11-26T16:21:06","slug":"brandwunden-applikationsset-sw-mbk1","status":"publish","type":"product","link":"https:\/\/lifesupportdistribution.fr\/de\/produkt\/brandwunden-applikationsset-sw-mbk1\/","title":{"rendered":"Brandwunden-Applikationsset &#8211; SW-MBK1"},"content":{"rendered":"<p>Das SW-MBK1 Set wurde entwickelt, um Brandwunden von hoher visueller und p\u00e4dagogischer Qualit\u00e4t nachzubilden. Es erm\u00f6glicht die Simulation von oberfl\u00e4chlichen, tiefen oder verkohlten Brandwunden, geeignet f\u00fcr Traumatologie-, Haushalts- oder Industrieunfall-Szenarien sowie f\u00fcr milit\u00e4rische oder ABC-Kontexte. Einfach anzuwenden, l\u00e4sst es sich sowohl auf Mannequins als auch auf standardisierten Patienten auftragen, und seine Effekte sind nach Gebrauch leicht zu reinigen. Alleine oder in Erg\u00e4nzung zu Simoulage-Formwunden (wie dem SW36 Set) verwendet, ist es ein unverzichtbares Werkzeug zur effektiven Schulung von Pflegeteams und Rettungsdiensten.   <\/p>\n","protected":false},"excerpt":{"rendered":"<p>Das Simoulage SW-MBK1 ist ein Spezialset zur Erstellung realistischer Brandwunden (ABC) verschiedener Art und Intensit\u00e4t. F\u00fcr den p\u00e4dagogischen Einsatz konzipiert, bietet es Ausbildern die M\u00f6glichkeit, thermische oder explosionsbedingte Verletzungen schnell und effektiv zu simulieren, wodurch die immersive Wirkung medizinischer Simulationsszenarien verst\u00e4rkt wird. <\/p>\n","protected":false},"featured_media":2095,"template":"","meta":[],"product_brand":[208],"product_cat":[217],"product_tag":[254,238,236,255],"class_list":{"0":"post-5860","1":"product","2":"type-product","3":"status-publish","4":"has-post-thumbnail","6":"product_brand-simoulage","7":"product_cat-schminken-und-spezialeffekte","8":"product_tag-dermatologie","9":"product_tag-erste-hilfe","10":"product_tag-notfallmedizin","11":"product_tag-traumatologie","13":"first","14":"instock","15":"shipping-taxable","16":"purchasable","17":"product-type-simple"},"yoast_head":"<!-- This site is optimized with the Yoast SEO plugin v26.8 - https:\/\/yoast.com\/product\/yoast-seo-wordpress\/ -->\n<title>SW-MBK1 Simoulage \u2013 Brandwunden-Applikationsset<\/title>\n<meta name=\"description\" content=\"SW-MBK1 Simoulage: Komplettset zum Auftragen und Fixieren realistischer Brandwunden f\u00fcr Schulungen, Workshops und Simulationsszenarien.\" \/>\n<meta name=\"robots\" content=\"index, follow, max-snippet:-1, max-image-preview:large, max-video-preview:-1\" \/>\n<link rel=\"canonical\" href=\"https:\/\/lifesupportdistribution.fr\/de\/produkt\/brandwunden-applikationsset-sw-mbk1\/\" \/>\n<meta property=\"og:locale\" content=\"de_DE\" \/>\n<meta property=\"og:type\" content=\"article\" \/>\n<meta property=\"og:title\" content=\"SW-MBK1 Simoulage \u2013 Brandwunden-Applikationsset\" \/>\n<meta property=\"og:description\" content=\"SW-MBK1 Simoulage: Komplettset zum Auftragen und Fixieren realistischer Brandwunden f\u00fcr Schulungen, Workshops und Simulationsszenarien.\" \/>\n<meta property=\"og:url\" content=\"https:\/\/lifesupportdistribution.fr\/de\/produkt\/brandwunden-applikationsset-sw-mbk1\/\" \/>\n<meta property=\"og:site_name\" content=\"Life Support Distribution\" \/>\n<meta property=\"og:image\" content=\"https:\/\/lifesupportdistribution.fr\/wp-content\/uploads\/2025\/11\/Photo-SW-MBK1.png\" \/>\n\t<meta property=\"og:image:width\" content=\"822\" \/>\n\t<meta property=\"og:image:height\" content=\"1192\" \/>\n\t<meta property=\"og:image:type\" content=\"image\/png\" \/>\n<meta name=\"twitter:card\" content=\"summary_large_image\" \/>\n<script type=\"application\/ld+json\" class=\"yoast-schema-graph\">{\"@context\":\"https:\/\/schema.org\",\"@graph\":[{\"@type\":\"WebPage\",\"@id\":\"https:\/\/lifesupportdistribution.fr\/de\/produkt\/brandwunden-applikationsset-sw-mbk1\/\",\"url\":\"https:\/\/lifesupportdistribution.fr\/de\/produkt\/brandwunden-applikationsset-sw-mbk1\/\",\"name\":\"SW-MBK1 Simoulage \u2013 Brandwunden-Applikationsset\",\"isPartOf\":{\"@id\":\"https:\/\/lifesupportdistribution.fr\/de\/#website\"},\"primaryImageOfPage\":{\"@id\":\"https:\/\/lifesupportdistribution.fr\/de\/produkt\/brandwunden-applikationsset-sw-mbk1\/#primaryimage\"},\"image\":{\"@id\":\"https:\/\/lifesupportdistribution.fr\/de\/produkt\/brandwunden-applikationsset-sw-mbk1\/#primaryimage\"},\"thumbnailUrl\":\"https:\/\/lifesupportdistribution.fr\/wp-content\/uploads\/2025\/11\/Photo-SW-MBK1.png\",\"datePublished\":\"2025-11-26T16:21:06+00:00\",\"description\":\"SW-MBK1 Simoulage: Komplettset zum Auftragen und Fixieren realistischer Brandwunden f\u00fcr Schulungen, Workshops und Simulationsszenarien.\",\"breadcrumb\":{\"@id\":\"https:\/\/lifesupportdistribution.fr\/de\/produkt\/brandwunden-applikationsset-sw-mbk1\/#breadcrumb\"},\"inLanguage\":\"de\",\"potentialAction\":[{\"@type\":\"ReadAction\",\"target\":[\"https:\/\/lifesupportdistribution.fr\/de\/produkt\/brandwunden-applikationsset-sw-mbk1\/\"]}]},{\"@type\":\"ImageObject\",\"inLanguage\":\"de\",\"@id\":\"https:\/\/lifesupportdistribution.fr\/de\/produkt\/brandwunden-applikationsset-sw-mbk1\/#primaryimage\",\"url\":\"https:\/\/lifesupportdistribution.fr\/wp-content\/uploads\/2025\/11\/Photo-SW-MBK1.png\",\"contentUrl\":\"https:\/\/lifesupportdistribution.fr\/wp-content\/uploads\/2025\/11\/Photo-SW-MBK1.png\",\"width\":822,\"height\":1192},{\"@type\":\"BreadcrumbList\",\"@id\":\"https:\/\/lifesupportdistribution.fr\/de\/produkt\/brandwunden-applikationsset-sw-mbk1\/#breadcrumb\",\"itemListElement\":[{\"@type\":\"ListItem\",\"position\":1,\"name\":\"Accueil\",\"item\":\"https:\/\/lifesupportdistribution.fr\/de\/startseite\/\"},{\"@type\":\"ListItem\",\"position\":2,\"name\":\"Shop\",\"item\":\"https:\/\/lifesupportdistribution.fr\/de\/shop\/\"},{\"@type\":\"ListItem\",\"position\":3,\"name\":\"Brandwunden-Applikationsset &#8211; SW-MBK1\"}]},{\"@type\":\"WebSite\",\"@id\":\"https:\/\/lifesupportdistribution.fr\/de\/#website\",\"url\":\"https:\/\/lifesupportdistribution.fr\/de\/\",\"name\":\"Life Support Distribution\",\"description\":\"Solutions en simulation m\u00e9dicale\",\"publisher\":{\"@id\":\"https:\/\/lifesupportdistribution.fr\/de\/#organization\"},\"potentialAction\":[{\"@type\":\"SearchAction\",\"target\":{\"@type\":\"EntryPoint\",\"urlTemplate\":\"https:\/\/lifesupportdistribution.fr\/de\/?s={search_term_string}\"},\"query-input\":{\"@type\":\"PropertyValueSpecification\",\"valueRequired\":true,\"valueName\":\"search_term_string\"}}],\"inLanguage\":\"de\"},{\"@type\":\"Organization\",\"@id\":\"https:\/\/lifesupportdistribution.fr\/de\/#organization\",\"name\":\"Life Support Distribution\",\"url\":\"https:\/\/lifesupportdistribution.fr\/de\/\",\"logo\":{\"@type\":\"ImageObject\",\"inLanguage\":\"de\",\"@id\":\"https:\/\/lifesupportdistribution.fr\/de\/#\/schema\/logo\/image\/\",\"url\":\"https:\/\/lifesupportdistribution.fr\/wp-content\/uploads\/2025\/10\/logo-life-support-distribution.svg\",\"contentUrl\":\"https:\/\/lifesupportdistribution.fr\/wp-content\/uploads\/2025\/10\/logo-life-support-distribution.svg\",\"width\":698,\"height\":223,\"caption\":\"Life Support Distribution\"},\"image\":{\"@id\":\"https:\/\/lifesupportdistribution.fr\/de\/#\/schema\/logo\/image\/\"},\"sameAs\":[\"https:\/\/www.linkedin.com\/company\/life-support-distribution\/\"]}]}<\/script>\n<!-- \/ Yoast SEO plugin. -->","yoast_head_json":{"title":"SW-MBK1 Simoulage \u2013 Brandwunden-Applikationsset","description":"SW-MBK1 Simoulage: Komplettset zum Auftragen und Fixieren realistischer Brandwunden f\u00fcr Schulungen, Workshops und Simulationsszenarien.","robots":{"index":"index","follow":"follow","max-snippet":"max-snippet:-1","max-image-preview":"max-image-preview:large","max-video-preview":"max-video-preview:-1"},"canonical":"https:\/\/lifesupportdistribution.fr\/de\/produkt\/brandwunden-applikationsset-sw-mbk1\/","og_locale":"de_DE","og_type":"article","og_title":"SW-MBK1 Simoulage \u2013 Brandwunden-Applikationsset","og_description":"SW-MBK1 Simoulage: Komplettset zum Auftragen und Fixieren realistischer Brandwunden f\u00fcr Schulungen, Workshops und Simulationsszenarien.","og_url":"https:\/\/lifesupportdistribution.fr\/de\/produkt\/brandwunden-applikationsset-sw-mbk1\/","og_site_name":"Life Support Distribution","og_image":[{"width":822,"height":1192,"url":"https:\/\/lifesupportdistribution.fr\/wp-content\/uploads\/2025\/11\/Photo-SW-MBK1.png","type":"image\/png"}],"twitter_card":"summary_large_image","schema":{"@context":"https:\/\/schema.org","@graph":[{"@type":"WebPage","@id":"https:\/\/lifesupportdistribution.fr\/de\/produkt\/brandwunden-applikationsset-sw-mbk1\/","url":"https:\/\/lifesupportdistribution.fr\/de\/produkt\/brandwunden-applikationsset-sw-mbk1\/","name":"SW-MBK1 Simoulage \u2013 Brandwunden-Applikationsset","isPartOf":{"@id":"https:\/\/lifesupportdistribution.fr\/de\/#website"},"primaryImageOfPage":{"@id":"https:\/\/lifesupportdistribution.fr\/de\/produkt\/brandwunden-applikationsset-sw-mbk1\/#primaryimage"},"image":{"@id":"https:\/\/lifesupportdistribution.fr\/de\/produkt\/brandwunden-applikationsset-sw-mbk1\/#primaryimage"},"thumbnailUrl":"https:\/\/lifesupportdistribution.fr\/wp-content\/uploads\/2025\/11\/Photo-SW-MBK1.png","datePublished":"2025-11-26T16:21:06+00:00","description":"SW-MBK1 Simoulage: Komplettset zum Auftragen und Fixieren realistischer Brandwunden f\u00fcr Schulungen, Workshops und Simulationsszenarien.","breadcrumb":{"@id":"https:\/\/lifesupportdistribution.fr\/de\/produkt\/brandwunden-applikationsset-sw-mbk1\/#breadcrumb"},"inLanguage":"de","potentialAction":[{"@type":"ReadAction","target":["https:\/\/lifesupportdistribution.fr\/de\/produkt\/brandwunden-applikationsset-sw-mbk1\/"]}]},{"@type":"ImageObject","inLanguage":"de","@id":"https:\/\/lifesupportdistribution.fr\/de\/produkt\/brandwunden-applikationsset-sw-mbk1\/#primaryimage","url":"https:\/\/lifesupportdistribution.fr\/wp-content\/uploads\/2025\/11\/Photo-SW-MBK1.png","contentUrl":"https:\/\/lifesupportdistribution.fr\/wp-content\/uploads\/2025\/11\/Photo-SW-MBK1.png","width":822,"height":1192},{"@type":"BreadcrumbList","@id":"https:\/\/lifesupportdistribution.fr\/de\/produkt\/brandwunden-applikationsset-sw-mbk1\/#breadcrumb","itemListElement":[{"@type":"ListItem","position":1,"name":"Accueil","item":"https:\/\/lifesupportdistribution.fr\/de\/startseite\/"},{"@type":"ListItem","position":2,"name":"Shop","item":"https:\/\/lifesupportdistribution.fr\/de\/shop\/"},{"@type":"ListItem","position":3,"name":"Brandwunden-Applikationsset &#8211; SW-MBK1"}]},{"@type":"WebSite","@id":"https:\/\/lifesupportdistribution.fr\/de\/#website","url":"https:\/\/lifesupportdistribution.fr\/de\/","name":"Life Support Distribution","description":"Solutions en simulation m\u00e9dicale","publisher":{"@id":"https:\/\/lifesupportdistribution.fr\/de\/#organization"},"potentialAction":[{"@type":"SearchAction","target":{"@type":"EntryPoint","urlTemplate":"https:\/\/lifesupportdistribution.fr\/de\/?s={search_term_string}"},"query-input":{"@type":"PropertyValueSpecification","valueRequired":true,"valueName":"search_term_string"}}],"inLanguage":"de"},{"@type":"Organization","@id":"https:\/\/lifesupportdistribution.fr\/de\/#organization","name":"Life Support Distribution","url":"https:\/\/lifesupportdistribution.fr\/de\/","logo":{"@type":"ImageObject","inLanguage":"de","@id":"https:\/\/lifesupportdistribution.fr\/de\/#\/schema\/logo\/image\/","url":"https:\/\/lifesupportdistribution.fr\/wp-content\/uploads\/2025\/10\/logo-life-support-distribution.svg","contentUrl":"https:\/\/lifesupportdistribution.fr\/wp-content\/uploads\/2025\/10\/logo-life-support-distribution.svg","width":698,"height":223,"caption":"Life Support Distribution"},"image":{"@id":"https:\/\/lifesupportdistribution.fr\/de\/#\/schema\/logo\/image\/"},"sameAs":["https:\/\/www.linkedin.com\/company\/life-support-distribution\/"]}]}},"_links":{"self":[{"href":"https:\/\/lifesupportdistribution.fr\/de\/wp-json\/wp\/v2\/product\/5860","targetHints":{"allow":["GET"]}}],"collection":[{"href":"https:\/\/lifesupportdistribution.fr\/de\/wp-json\/wp\/v2\/product"}],"about":[{"href":"https:\/\/lifesupportdistribution.fr\/de\/wp-json\/wp\/v2\/types\/product"}],"wp:featuredmedia":[{"embeddable":true,"href":"https:\/\/lifesupportdistribution.fr\/de\/wp-json\/wp\/v2\/media\/2095"}],"wp:attachment":[{"href":"https:\/\/lifesupportdistribution.fr\/de\/wp-json\/wp\/v2\/media?parent=5860"}],"wp:term":[{"taxonomy":"product_brand","embeddable":true,"href":"https:\/\/lifesupportdistribution.fr\/de\/wp-json\/wp\/v2\/product_brand?post=5860"},{"taxonomy":"product_cat","embeddable":true,"href":"https:\/\/lifesupportdistribution.fr\/de\/wp-json\/wp\/v2\/product_cat?post=5860"},{"taxonomy":"product_tag","embeddable":true,"href":"https:\/\/lifesupportdistribution.fr\/de\/wp-json\/wp\/v2\/product_tag?post=5860"}],"curies":[{"name":"wp","href":"https:\/\/api.w.org\/{rel}","templated":true}]}}