{"id":5864,"date":"2025-11-26T16:39:16","date_gmt":"2025-11-26T15:39:16","guid":{"rendered":"https:\/\/lifesupportdistribution.fr\/produits\/blasen-und-verbrennungen-sw35\/"},"modified":"2025-11-26T16:39:16","modified_gmt":"2025-11-26T15:39:16","slug":"blasen-und-verbrennungen-sw35","status":"publish","type":"product","link":"https:\/\/lifesupportdistribution.fr\/de\/produkt\/blasen-und-verbrennungen-sw35\/","title":{"rendered":"Blasen und Verbrennungen &#8211; SW35"},"content":{"rendered":"<p>Die SW35-Wunde ist ein flexibles Lehrmittel, das verschiedene Verbrennungskontexte mit Blasenbildung auf der Haut darstellen kann. Sie eignet sich besonders f\u00fcr Schulungen in Notfallversorgung, Milit\u00e4rmedizin, Katastrophenmanagement oder NRBC-Einsatz\u00fcbungen. Einfach mit dem Applikationskit auf Puppen oder standardisierten Patienten anzubringen, beh\u00e4lt sie w\u00e4hrend der gesamten Sitzungen ein realistisches Aussehen bei und f\u00f6rdert so ein immersives Lernen. Dieses Modell erm\u00f6glicht es, die Lernenden f\u00fcr Diagnoseprotokolle, Erstbehandlung und die Pr\u00e4vention von Komplikationen zu sensibilisieren.   <\/p>\n","protected":false},"excerpt":{"rendered":"<p>Das Simoulage SW35-Modell stellt eine vielseitige vesikul\u00e4re Hautl\u00e4sion dar, die verschiedene Arten von chemischen, thermischen Verbrennungen oder Blasen im Zusammenhang mit NRBC-Expositionen (Nuklear, Radiologisch, Biologisch, Chemisch) simulieren kann. Hergestellt aus ultrarealistischem, verkapseltem Silikon, erm\u00f6glicht es Ihnen, Ihre medizinischen Simulationsszenarien zu bereichern und die Lernenden auf vielf\u00e4ltige Situationen vorzubereiten. <\/p>\n","protected":false},"featured_media":2077,"template":"","meta":[],"product_brand":[208],"product_cat":[217],"product_tag":[254,238,251,236],"class_list":{"0":"post-5864","1":"product","2":"type-product","3":"status-publish","4":"has-post-thumbnail","6":"product_brand-simoulage","7":"product_cat-schminken-und-spezialeffekte","8":"product_tag-dermatologie","9":"product_tag-erste-hilfe","10":"product_tag-krankenpflege","11":"product_tag-notfallmedizin","13":"first","14":"instock","15":"shipping-taxable","16":"purchasable","17":"product-type-simple"},"yoast_head":"<!-- This site is optimized with the Yoast SEO plugin v26.8 - https:\/\/yoast.com\/product\/yoast-seo-wordpress\/ -->\n<title>SW35 Simoulage \u2013 Realistische Blasen und Verbrennungen<\/title>\n<meta name=\"description\" content=\"SW35 Simoulage: Realistische Blasen und Verbrennungen f\u00fcr das Training zur Beurteilung von Hautl\u00e4sionen und zur Erste-Hilfe-Versorgung.\" \/>\n<meta name=\"robots\" content=\"index, follow, max-snippet:-1, max-image-preview:large, max-video-preview:-1\" \/>\n<link rel=\"canonical\" href=\"https:\/\/lifesupportdistribution.fr\/de\/produkt\/blasen-und-verbrennungen-sw35\/\" \/>\n<meta property=\"og:locale\" content=\"de_DE\" \/>\n<meta property=\"og:type\" content=\"article\" \/>\n<meta property=\"og:title\" content=\"SW35 Simoulage \u2013 Realistische Blasen und Verbrennungen\" \/>\n<meta property=\"og:description\" content=\"SW35 Simoulage: Realistische Blasen und Verbrennungen f\u00fcr das Training zur Beurteilung von Hautl\u00e4sionen und zur Erste-Hilfe-Versorgung.\" \/>\n<meta property=\"og:url\" content=\"https:\/\/lifesupportdistribution.fr\/de\/produkt\/blasen-und-verbrennungen-sw35\/\" \/>\n<meta property=\"og:site_name\" content=\"Life Support Distribution\" \/>\n<meta property=\"og:image\" content=\"https:\/\/lifesupportdistribution.fr\/wp-content\/uploads\/2025\/11\/Photo-SW35-simoulage-1.png\" \/>\n\t<meta property=\"og:image:width\" content=\"880\" \/>\n\t<meta property=\"og:image:height\" content=\"580\" \/>\n\t<meta property=\"og:image:type\" content=\"image\/png\" \/>\n<meta name=\"twitter:card\" content=\"summary_large_image\" \/>\n<script type=\"application\/ld+json\" class=\"yoast-schema-graph\">{\"@context\":\"https:\/\/schema.org\",\"@graph\":[{\"@type\":\"WebPage\",\"@id\":\"https:\/\/lifesupportdistribution.fr\/de\/produkt\/blasen-und-verbrennungen-sw35\/\",\"url\":\"https:\/\/lifesupportdistribution.fr\/de\/produkt\/blasen-und-verbrennungen-sw35\/\",\"name\":\"SW35 Simoulage \u2013 Realistische Blasen und Verbrennungen\",\"isPartOf\":{\"@id\":\"https:\/\/lifesupportdistribution.fr\/de\/#website\"},\"primaryImageOfPage\":{\"@id\":\"https:\/\/lifesupportdistribution.fr\/de\/produkt\/blasen-und-verbrennungen-sw35\/#primaryimage\"},\"image\":{\"@id\":\"https:\/\/lifesupportdistribution.fr\/de\/produkt\/blasen-und-verbrennungen-sw35\/#primaryimage\"},\"thumbnailUrl\":\"https:\/\/lifesupportdistribution.fr\/wp-content\/uploads\/2025\/11\/Photo-SW35-simoulage-1.png\",\"datePublished\":\"2025-11-26T15:39:16+00:00\",\"description\":\"SW35 Simoulage: Realistische Blasen und Verbrennungen f\u00fcr das Training zur Beurteilung von Hautl\u00e4sionen und zur Erste-Hilfe-Versorgung.\",\"breadcrumb\":{\"@id\":\"https:\/\/lifesupportdistribution.fr\/de\/produkt\/blasen-und-verbrennungen-sw35\/#breadcrumb\"},\"inLanguage\":\"de\",\"potentialAction\":[{\"@type\":\"ReadAction\",\"target\":[\"https:\/\/lifesupportdistribution.fr\/de\/produkt\/blasen-und-verbrennungen-sw35\/\"]}]},{\"@type\":\"ImageObject\",\"inLanguage\":\"de\",\"@id\":\"https:\/\/lifesupportdistribution.fr\/de\/produkt\/blasen-und-verbrennungen-sw35\/#primaryimage\",\"url\":\"https:\/\/lifesupportdistribution.fr\/wp-content\/uploads\/2025\/11\/Photo-SW35-simoulage-1.png\",\"contentUrl\":\"https:\/\/lifesupportdistribution.fr\/wp-content\/uploads\/2025\/11\/Photo-SW35-simoulage-1.png\",\"width\":880,\"height\":580},{\"@type\":\"BreadcrumbList\",\"@id\":\"https:\/\/lifesupportdistribution.fr\/de\/produkt\/blasen-und-verbrennungen-sw35\/#breadcrumb\",\"itemListElement\":[{\"@type\":\"ListItem\",\"position\":1,\"name\":\"Accueil\",\"item\":\"https:\/\/lifesupportdistribution.fr\/de\/startseite\/\"},{\"@type\":\"ListItem\",\"position\":2,\"name\":\"Shop\",\"item\":\"https:\/\/lifesupportdistribution.fr\/de\/shop\/\"},{\"@type\":\"ListItem\",\"position\":3,\"name\":\"Blasen und Verbrennungen &#8211; SW35\"}]},{\"@type\":\"WebSite\",\"@id\":\"https:\/\/lifesupportdistribution.fr\/de\/#website\",\"url\":\"https:\/\/lifesupportdistribution.fr\/de\/\",\"name\":\"Life Support Distribution\",\"description\":\"Solutions en simulation m\u00e9dicale\",\"publisher\":{\"@id\":\"https:\/\/lifesupportdistribution.fr\/de\/#organization\"},\"potentialAction\":[{\"@type\":\"SearchAction\",\"target\":{\"@type\":\"EntryPoint\",\"urlTemplate\":\"https:\/\/lifesupportdistribution.fr\/de\/?s={search_term_string}\"},\"query-input\":{\"@type\":\"PropertyValueSpecification\",\"valueRequired\":true,\"valueName\":\"search_term_string\"}}],\"inLanguage\":\"de\"},{\"@type\":\"Organization\",\"@id\":\"https:\/\/lifesupportdistribution.fr\/de\/#organization\",\"name\":\"Life Support Distribution\",\"url\":\"https:\/\/lifesupportdistribution.fr\/de\/\",\"logo\":{\"@type\":\"ImageObject\",\"inLanguage\":\"de\",\"@id\":\"https:\/\/lifesupportdistribution.fr\/de\/#\/schema\/logo\/image\/\",\"url\":\"https:\/\/lifesupportdistribution.fr\/wp-content\/uploads\/2025\/10\/logo-life-support-distribution.svg\",\"contentUrl\":\"https:\/\/lifesupportdistribution.fr\/wp-content\/uploads\/2025\/10\/logo-life-support-distribution.svg\",\"width\":698,\"height\":223,\"caption\":\"Life Support Distribution\"},\"image\":{\"@id\":\"https:\/\/lifesupportdistribution.fr\/de\/#\/schema\/logo\/image\/\"},\"sameAs\":[\"https:\/\/www.linkedin.com\/company\/life-support-distribution\/\"]}]}<\/script>\n<!-- \/ Yoast SEO plugin. -->","yoast_head_json":{"title":"SW35 Simoulage \u2013 Realistische Blasen und Verbrennungen","description":"SW35 Simoulage: Realistische Blasen und Verbrennungen f\u00fcr das Training zur Beurteilung von Hautl\u00e4sionen und zur Erste-Hilfe-Versorgung.","robots":{"index":"index","follow":"follow","max-snippet":"max-snippet:-1","max-image-preview":"max-image-preview:large","max-video-preview":"max-video-preview:-1"},"canonical":"https:\/\/lifesupportdistribution.fr\/de\/produkt\/blasen-und-verbrennungen-sw35\/","og_locale":"de_DE","og_type":"article","og_title":"SW35 Simoulage \u2013 Realistische Blasen und Verbrennungen","og_description":"SW35 Simoulage: Realistische Blasen und Verbrennungen f\u00fcr das Training zur Beurteilung von Hautl\u00e4sionen und zur Erste-Hilfe-Versorgung.","og_url":"https:\/\/lifesupportdistribution.fr\/de\/produkt\/blasen-und-verbrennungen-sw35\/","og_site_name":"Life Support Distribution","og_image":[{"width":880,"height":580,"url":"https:\/\/lifesupportdistribution.fr\/wp-content\/uploads\/2025\/11\/Photo-SW35-simoulage-1.png","type":"image\/png"}],"twitter_card":"summary_large_image","schema":{"@context":"https:\/\/schema.org","@graph":[{"@type":"WebPage","@id":"https:\/\/lifesupportdistribution.fr\/de\/produkt\/blasen-und-verbrennungen-sw35\/","url":"https:\/\/lifesupportdistribution.fr\/de\/produkt\/blasen-und-verbrennungen-sw35\/","name":"SW35 Simoulage \u2013 Realistische Blasen und Verbrennungen","isPartOf":{"@id":"https:\/\/lifesupportdistribution.fr\/de\/#website"},"primaryImageOfPage":{"@id":"https:\/\/lifesupportdistribution.fr\/de\/produkt\/blasen-und-verbrennungen-sw35\/#primaryimage"},"image":{"@id":"https:\/\/lifesupportdistribution.fr\/de\/produkt\/blasen-und-verbrennungen-sw35\/#primaryimage"},"thumbnailUrl":"https:\/\/lifesupportdistribution.fr\/wp-content\/uploads\/2025\/11\/Photo-SW35-simoulage-1.png","datePublished":"2025-11-26T15:39:16+00:00","description":"SW35 Simoulage: Realistische Blasen und Verbrennungen f\u00fcr das Training zur Beurteilung von Hautl\u00e4sionen und zur Erste-Hilfe-Versorgung.","breadcrumb":{"@id":"https:\/\/lifesupportdistribution.fr\/de\/produkt\/blasen-und-verbrennungen-sw35\/#breadcrumb"},"inLanguage":"de","potentialAction":[{"@type":"ReadAction","target":["https:\/\/lifesupportdistribution.fr\/de\/produkt\/blasen-und-verbrennungen-sw35\/"]}]},{"@type":"ImageObject","inLanguage":"de","@id":"https:\/\/lifesupportdistribution.fr\/de\/produkt\/blasen-und-verbrennungen-sw35\/#primaryimage","url":"https:\/\/lifesupportdistribution.fr\/wp-content\/uploads\/2025\/11\/Photo-SW35-simoulage-1.png","contentUrl":"https:\/\/lifesupportdistribution.fr\/wp-content\/uploads\/2025\/11\/Photo-SW35-simoulage-1.png","width":880,"height":580},{"@type":"BreadcrumbList","@id":"https:\/\/lifesupportdistribution.fr\/de\/produkt\/blasen-und-verbrennungen-sw35\/#breadcrumb","itemListElement":[{"@type":"ListItem","position":1,"name":"Accueil","item":"https:\/\/lifesupportdistribution.fr\/de\/startseite\/"},{"@type":"ListItem","position":2,"name":"Shop","item":"https:\/\/lifesupportdistribution.fr\/de\/shop\/"},{"@type":"ListItem","position":3,"name":"Blasen und Verbrennungen &#8211; SW35"}]},{"@type":"WebSite","@id":"https:\/\/lifesupportdistribution.fr\/de\/#website","url":"https:\/\/lifesupportdistribution.fr\/de\/","name":"Life Support Distribution","description":"Solutions en simulation m\u00e9dicale","publisher":{"@id":"https:\/\/lifesupportdistribution.fr\/de\/#organization"},"potentialAction":[{"@type":"SearchAction","target":{"@type":"EntryPoint","urlTemplate":"https:\/\/lifesupportdistribution.fr\/de\/?s={search_term_string}"},"query-input":{"@type":"PropertyValueSpecification","valueRequired":true,"valueName":"search_term_string"}}],"inLanguage":"de"},{"@type":"Organization","@id":"https:\/\/lifesupportdistribution.fr\/de\/#organization","name":"Life Support Distribution","url":"https:\/\/lifesupportdistribution.fr\/de\/","logo":{"@type":"ImageObject","inLanguage":"de","@id":"https:\/\/lifesupportdistribution.fr\/de\/#\/schema\/logo\/image\/","url":"https:\/\/lifesupportdistribution.fr\/wp-content\/uploads\/2025\/10\/logo-life-support-distribution.svg","contentUrl":"https:\/\/lifesupportdistribution.fr\/wp-content\/uploads\/2025\/10\/logo-life-support-distribution.svg","width":698,"height":223,"caption":"Life Support Distribution"},"image":{"@id":"https:\/\/lifesupportdistribution.fr\/de\/#\/schema\/logo\/image\/"},"sameAs":["https:\/\/www.linkedin.com\/company\/life-support-distribution\/"]}]}},"_links":{"self":[{"href":"https:\/\/lifesupportdistribution.fr\/de\/wp-json\/wp\/v2\/product\/5864","targetHints":{"allow":["GET"]}}],"collection":[{"href":"https:\/\/lifesupportdistribution.fr\/de\/wp-json\/wp\/v2\/product"}],"about":[{"href":"https:\/\/lifesupportdistribution.fr\/de\/wp-json\/wp\/v2\/types\/product"}],"wp:featuredmedia":[{"embeddable":true,"href":"https:\/\/lifesupportdistribution.fr\/de\/wp-json\/wp\/v2\/media\/2077"}],"wp:attachment":[{"href":"https:\/\/lifesupportdistribution.fr\/de\/wp-json\/wp\/v2\/media?parent=5864"}],"wp:term":[{"taxonomy":"product_brand","embeddable":true,"href":"https:\/\/lifesupportdistribution.fr\/de\/wp-json\/wp\/v2\/product_brand?post=5864"},{"taxonomy":"product_cat","embeddable":true,"href":"https:\/\/lifesupportdistribution.fr\/de\/wp-json\/wp\/v2\/product_cat?post=5864"},{"taxonomy":"product_tag","embeddable":true,"href":"https:\/\/lifesupportdistribution.fr\/de\/wp-json\/wp\/v2\/product_tag?post=5864"}],"curies":[{"name":"wp","href":"https:\/\/api.w.org\/{rel}","templated":true}]}}