{"id":5865,"date":"2025-11-26T17:28:16","date_gmt":"2025-11-26T16:28:16","guid":{"rendered":"https:\/\/lifesupportdistribution.fr\/produits\/effekt-anwendungsset-sw-mek1\/"},"modified":"2025-11-26T17:28:16","modified_gmt":"2025-11-26T16:28:16","slug":"effekt-anwendungsset-sw-mek1","status":"publish","type":"product","link":"https:\/\/lifesupportdistribution.fr\/de\/produkt\/effekt-anwendungsset-sw-mek1\/","title":{"rendered":"Effekt-Anwendungsset &#8211; SW-MEK1"},"content":{"rendered":"<p>Das SW-MEK1 Set richtet sich an Ausbilder und Trainer, die \u00fcber klassische Modellwunden hinausgehen m\u00f6chten, um ihre Simulationsszenarien zu bereichern. Es bietet eine Reihe erg\u00e4nzender Effekte, die die Simulation komplexer Situationen erm\u00f6glichen: Infektion, Kontamination, mangelnde Hygiene, K\u00f6rpersekrete oder verschmutzte Wunden. Einfach anzuwenden und kompatibel mit allen Simoulage-Wunden, verleiht dieses Set eine zus\u00e4tzliche Note von Realismus, was den p\u00e4dagogischen Einfluss von \u00dcbungen in Traumatologie, Notfallmedizin oder Milit\u00e4rmedizin erh\u00f6ht.  <\/p>\n","protected":false},"excerpt":{"rendered":"<p>Das Simoulage SW-MEK1 ist ein komplettes Set, das verschiedene Produkte vereint, um hyperrealistische Spezialeffekte f\u00fcr Ihre Simulationen im Gesundheitswesen nachzubilden. Es erm\u00f6glicht das Hinzuf\u00fcgen beeindruckender visueller Details wie Eiter, Speichel, Verschmutzungen oder Gerinnungsblut, was die p\u00e4dagogische Immersion verst\u00e4rkt. <\/p>\n","protected":false},"featured_media":2097,"template":"","meta":[],"product_brand":[208],"product_cat":[217],"product_tag":[238,236,255],"class_list":{"0":"post-5865","1":"product","2":"type-product","3":"status-publish","4":"has-post-thumbnail","6":"product_brand-simoulage","7":"product_cat-schminken-und-spezialeffekte","8":"product_tag-erste-hilfe","9":"product_tag-notfallmedizin","10":"product_tag-traumatologie","12":"first","13":"instock","14":"shipping-taxable","15":"purchasable","16":"product-type-simple"},"yoast_head":"<!-- This site is optimized with the Yoast SEO plugin v26.8 - https:\/\/yoast.com\/product\/yoast-seo-wordpress\/ -->\n<title>SW-MEK1 SiMoulage \u2013 Effekt-Anwendungsset<\/title>\n<meta name=\"description\" content=\"SW-MEK1 Simoulage: Praktisches Set zur Anwendung verschiedener realistischer Effekte auf Simulationswunden und zur Bereicherung p\u00e4dagogischer Szenarien.\" \/>\n<meta name=\"robots\" content=\"index, follow, max-snippet:-1, max-image-preview:large, max-video-preview:-1\" \/>\n<link rel=\"canonical\" href=\"https:\/\/lifesupportdistribution.fr\/de\/produkt\/effekt-anwendungsset-sw-mek1\/\" \/>\n<meta property=\"og:locale\" content=\"de_DE\" \/>\n<meta property=\"og:type\" content=\"article\" \/>\n<meta property=\"og:title\" content=\"SW-MEK1 SiMoulage \u2013 Effekt-Anwendungsset\" \/>\n<meta property=\"og:description\" content=\"SW-MEK1 Simoulage: Praktisches Set zur Anwendung verschiedener realistischer Effekte auf Simulationswunden und zur Bereicherung p\u00e4dagogischer Szenarien.\" \/>\n<meta property=\"og:url\" content=\"https:\/\/lifesupportdistribution.fr\/de\/produkt\/effekt-anwendungsset-sw-mek1\/\" \/>\n<meta property=\"og:site_name\" content=\"Life Support Distribution\" \/>\n<meta property=\"og:image\" content=\"https:\/\/lifesupportdistribution.fr\/wp-content\/uploads\/2025\/11\/Photo-SW-MEK1.png\" \/>\n\t<meta property=\"og:image:width\" content=\"940\" \/>\n\t<meta property=\"og:image:height\" content=\"750\" \/>\n\t<meta property=\"og:image:type\" content=\"image\/png\" \/>\n<meta name=\"twitter:card\" content=\"summary_large_image\" \/>\n<script type=\"application\/ld+json\" class=\"yoast-schema-graph\">{\"@context\":\"https:\/\/schema.org\",\"@graph\":[{\"@type\":\"WebPage\",\"@id\":\"https:\/\/lifesupportdistribution.fr\/de\/produkt\/effekt-anwendungsset-sw-mek1\/\",\"url\":\"https:\/\/lifesupportdistribution.fr\/de\/produkt\/effekt-anwendungsset-sw-mek1\/\",\"name\":\"SW-MEK1 SiMoulage \u2013 Effekt-Anwendungsset\",\"isPartOf\":{\"@id\":\"https:\/\/lifesupportdistribution.fr\/de\/#website\"},\"primaryImageOfPage\":{\"@id\":\"https:\/\/lifesupportdistribution.fr\/de\/produkt\/effekt-anwendungsset-sw-mek1\/#primaryimage\"},\"image\":{\"@id\":\"https:\/\/lifesupportdistribution.fr\/de\/produkt\/effekt-anwendungsset-sw-mek1\/#primaryimage\"},\"thumbnailUrl\":\"https:\/\/lifesupportdistribution.fr\/wp-content\/uploads\/2025\/11\/Photo-SW-MEK1.png\",\"datePublished\":\"2025-11-26T16:28:16+00:00\",\"description\":\"SW-MEK1 Simoulage: Praktisches Set zur Anwendung verschiedener realistischer Effekte auf Simulationswunden und zur Bereicherung p\u00e4dagogischer Szenarien.\",\"breadcrumb\":{\"@id\":\"https:\/\/lifesupportdistribution.fr\/de\/produkt\/effekt-anwendungsset-sw-mek1\/#breadcrumb\"},\"inLanguage\":\"de\",\"potentialAction\":[{\"@type\":\"ReadAction\",\"target\":[\"https:\/\/lifesupportdistribution.fr\/de\/produkt\/effekt-anwendungsset-sw-mek1\/\"]}]},{\"@type\":\"ImageObject\",\"inLanguage\":\"de\",\"@id\":\"https:\/\/lifesupportdistribution.fr\/de\/produkt\/effekt-anwendungsset-sw-mek1\/#primaryimage\",\"url\":\"https:\/\/lifesupportdistribution.fr\/wp-content\/uploads\/2025\/11\/Photo-SW-MEK1.png\",\"contentUrl\":\"https:\/\/lifesupportdistribution.fr\/wp-content\/uploads\/2025\/11\/Photo-SW-MEK1.png\",\"width\":940,\"height\":750},{\"@type\":\"BreadcrumbList\",\"@id\":\"https:\/\/lifesupportdistribution.fr\/de\/produkt\/effekt-anwendungsset-sw-mek1\/#breadcrumb\",\"itemListElement\":[{\"@type\":\"ListItem\",\"position\":1,\"name\":\"Accueil\",\"item\":\"https:\/\/lifesupportdistribution.fr\/de\/startseite\/\"},{\"@type\":\"ListItem\",\"position\":2,\"name\":\"Shop\",\"item\":\"https:\/\/lifesupportdistribution.fr\/de\/shop\/\"},{\"@type\":\"ListItem\",\"position\":3,\"name\":\"Effekt-Anwendungsset &#8211; SW-MEK1\"}]},{\"@type\":\"WebSite\",\"@id\":\"https:\/\/lifesupportdistribution.fr\/de\/#website\",\"url\":\"https:\/\/lifesupportdistribution.fr\/de\/\",\"name\":\"Life Support Distribution\",\"description\":\"Solutions en simulation m\u00e9dicale\",\"publisher\":{\"@id\":\"https:\/\/lifesupportdistribution.fr\/de\/#organization\"},\"potentialAction\":[{\"@type\":\"SearchAction\",\"target\":{\"@type\":\"EntryPoint\",\"urlTemplate\":\"https:\/\/lifesupportdistribution.fr\/de\/?s={search_term_string}\"},\"query-input\":{\"@type\":\"PropertyValueSpecification\",\"valueRequired\":true,\"valueName\":\"search_term_string\"}}],\"inLanguage\":\"de\"},{\"@type\":\"Organization\",\"@id\":\"https:\/\/lifesupportdistribution.fr\/de\/#organization\",\"name\":\"Life Support Distribution\",\"url\":\"https:\/\/lifesupportdistribution.fr\/de\/\",\"logo\":{\"@type\":\"ImageObject\",\"inLanguage\":\"de\",\"@id\":\"https:\/\/lifesupportdistribution.fr\/de\/#\/schema\/logo\/image\/\",\"url\":\"https:\/\/lifesupportdistribution.fr\/wp-content\/uploads\/2025\/10\/logo-life-support-distribution.svg\",\"contentUrl\":\"https:\/\/lifesupportdistribution.fr\/wp-content\/uploads\/2025\/10\/logo-life-support-distribution.svg\",\"width\":698,\"height\":223,\"caption\":\"Life Support Distribution\"},\"image\":{\"@id\":\"https:\/\/lifesupportdistribution.fr\/de\/#\/schema\/logo\/image\/\"},\"sameAs\":[\"https:\/\/www.linkedin.com\/company\/life-support-distribution\/\"]}]}<\/script>\n<!-- \/ Yoast SEO plugin. -->","yoast_head_json":{"title":"SW-MEK1 SiMoulage \u2013 Effekt-Anwendungsset","description":"SW-MEK1 Simoulage: Praktisches Set zur Anwendung verschiedener realistischer Effekte auf Simulationswunden und zur Bereicherung p\u00e4dagogischer Szenarien.","robots":{"index":"index","follow":"follow","max-snippet":"max-snippet:-1","max-image-preview":"max-image-preview:large","max-video-preview":"max-video-preview:-1"},"canonical":"https:\/\/lifesupportdistribution.fr\/de\/produkt\/effekt-anwendungsset-sw-mek1\/","og_locale":"de_DE","og_type":"article","og_title":"SW-MEK1 SiMoulage \u2013 Effekt-Anwendungsset","og_description":"SW-MEK1 Simoulage: Praktisches Set zur Anwendung verschiedener realistischer Effekte auf Simulationswunden und zur Bereicherung p\u00e4dagogischer Szenarien.","og_url":"https:\/\/lifesupportdistribution.fr\/de\/produkt\/effekt-anwendungsset-sw-mek1\/","og_site_name":"Life Support Distribution","og_image":[{"width":940,"height":750,"url":"https:\/\/lifesupportdistribution.fr\/wp-content\/uploads\/2025\/11\/Photo-SW-MEK1.png","type":"image\/png"}],"twitter_card":"summary_large_image","schema":{"@context":"https:\/\/schema.org","@graph":[{"@type":"WebPage","@id":"https:\/\/lifesupportdistribution.fr\/de\/produkt\/effekt-anwendungsset-sw-mek1\/","url":"https:\/\/lifesupportdistribution.fr\/de\/produkt\/effekt-anwendungsset-sw-mek1\/","name":"SW-MEK1 SiMoulage \u2013 Effekt-Anwendungsset","isPartOf":{"@id":"https:\/\/lifesupportdistribution.fr\/de\/#website"},"primaryImageOfPage":{"@id":"https:\/\/lifesupportdistribution.fr\/de\/produkt\/effekt-anwendungsset-sw-mek1\/#primaryimage"},"image":{"@id":"https:\/\/lifesupportdistribution.fr\/de\/produkt\/effekt-anwendungsset-sw-mek1\/#primaryimage"},"thumbnailUrl":"https:\/\/lifesupportdistribution.fr\/wp-content\/uploads\/2025\/11\/Photo-SW-MEK1.png","datePublished":"2025-11-26T16:28:16+00:00","description":"SW-MEK1 Simoulage: Praktisches Set zur Anwendung verschiedener realistischer Effekte auf Simulationswunden und zur Bereicherung p\u00e4dagogischer Szenarien.","breadcrumb":{"@id":"https:\/\/lifesupportdistribution.fr\/de\/produkt\/effekt-anwendungsset-sw-mek1\/#breadcrumb"},"inLanguage":"de","potentialAction":[{"@type":"ReadAction","target":["https:\/\/lifesupportdistribution.fr\/de\/produkt\/effekt-anwendungsset-sw-mek1\/"]}]},{"@type":"ImageObject","inLanguage":"de","@id":"https:\/\/lifesupportdistribution.fr\/de\/produkt\/effekt-anwendungsset-sw-mek1\/#primaryimage","url":"https:\/\/lifesupportdistribution.fr\/wp-content\/uploads\/2025\/11\/Photo-SW-MEK1.png","contentUrl":"https:\/\/lifesupportdistribution.fr\/wp-content\/uploads\/2025\/11\/Photo-SW-MEK1.png","width":940,"height":750},{"@type":"BreadcrumbList","@id":"https:\/\/lifesupportdistribution.fr\/de\/produkt\/effekt-anwendungsset-sw-mek1\/#breadcrumb","itemListElement":[{"@type":"ListItem","position":1,"name":"Accueil","item":"https:\/\/lifesupportdistribution.fr\/de\/startseite\/"},{"@type":"ListItem","position":2,"name":"Shop","item":"https:\/\/lifesupportdistribution.fr\/de\/shop\/"},{"@type":"ListItem","position":3,"name":"Effekt-Anwendungsset &#8211; SW-MEK1"}]},{"@type":"WebSite","@id":"https:\/\/lifesupportdistribution.fr\/de\/#website","url":"https:\/\/lifesupportdistribution.fr\/de\/","name":"Life Support Distribution","description":"Solutions en simulation m\u00e9dicale","publisher":{"@id":"https:\/\/lifesupportdistribution.fr\/de\/#organization"},"potentialAction":[{"@type":"SearchAction","target":{"@type":"EntryPoint","urlTemplate":"https:\/\/lifesupportdistribution.fr\/de\/?s={search_term_string}"},"query-input":{"@type":"PropertyValueSpecification","valueRequired":true,"valueName":"search_term_string"}}],"inLanguage":"de"},{"@type":"Organization","@id":"https:\/\/lifesupportdistribution.fr\/de\/#organization","name":"Life Support Distribution","url":"https:\/\/lifesupportdistribution.fr\/de\/","logo":{"@type":"ImageObject","inLanguage":"de","@id":"https:\/\/lifesupportdistribution.fr\/de\/#\/schema\/logo\/image\/","url":"https:\/\/lifesupportdistribution.fr\/wp-content\/uploads\/2025\/10\/logo-life-support-distribution.svg","contentUrl":"https:\/\/lifesupportdistribution.fr\/wp-content\/uploads\/2025\/10\/logo-life-support-distribution.svg","width":698,"height":223,"caption":"Life Support Distribution"},"image":{"@id":"https:\/\/lifesupportdistribution.fr\/de\/#\/schema\/logo\/image\/"},"sameAs":["https:\/\/www.linkedin.com\/company\/life-support-distribution\/"]}]}},"_links":{"self":[{"href":"https:\/\/lifesupportdistribution.fr\/de\/wp-json\/wp\/v2\/product\/5865","targetHints":{"allow":["GET"]}}],"collection":[{"href":"https:\/\/lifesupportdistribution.fr\/de\/wp-json\/wp\/v2\/product"}],"about":[{"href":"https:\/\/lifesupportdistribution.fr\/de\/wp-json\/wp\/v2\/types\/product"}],"wp:featuredmedia":[{"embeddable":true,"href":"https:\/\/lifesupportdistribution.fr\/de\/wp-json\/wp\/v2\/media\/2097"}],"wp:attachment":[{"href":"https:\/\/lifesupportdistribution.fr\/de\/wp-json\/wp\/v2\/media?parent=5865"}],"wp:term":[{"taxonomy":"product_brand","embeddable":true,"href":"https:\/\/lifesupportdistribution.fr\/de\/wp-json\/wp\/v2\/product_brand?post=5865"},{"taxonomy":"product_cat","embeddable":true,"href":"https:\/\/lifesupportdistribution.fr\/de\/wp-json\/wp\/v2\/product_cat?post=5865"},{"taxonomy":"product_tag","embeddable":true,"href":"https:\/\/lifesupportdistribution.fr\/de\/wp-json\/wp\/v2\/product_tag?post=5865"}],"curies":[{"name":"wp","href":"https:\/\/api.w.org\/{rel}","templated":true}]}}