{"id":5870,"date":"2025-11-26T17:35:50","date_gmt":"2025-11-26T16:35:50","guid":{"rendered":"https:\/\/lifesupportdistribution.fr\/produits\/blutlache-sw-bp1\/"},"modified":"2025-11-26T17:35:50","modified_gmt":"2025-11-26T16:35:50","slug":"blutlache-sw-bp1","status":"publish","type":"product","link":"https:\/\/lifesupportdistribution.fr\/de\/produkt\/blutlache-sw-bp1\/","title":{"rendered":"Blutlache &#8211; SW-BP1"},"content":{"rendered":"<p>Das SW-BP1 ist dazu bestimmt, Traumatologie- und Notfallszenarien zu bereichern, indem es eine markante visuelle Dimension hinzuf\u00fcgt: originalgetreu reproduzierte Blutlachen, die auf jeder Oberfl\u00e4che platziert werden k\u00f6nnen. Aus weichem und flexiblem Silikon gefertigt, lassen sie sich einfach platzieren, haften ohne Klebstoff und sind nach Gebrauch mit einem Handgriff zu entfernen. Sie k\u00f6nnen gelagert und f\u00fcr mehrere Trainingseinheiten wiederverwendet werden, was sie zu einem wirtschaftlichen und langlebigen Zubeh\u00f6r macht. In Kombination mit Simoulage-Modellwunden und dem Blutliniensystem erm\u00f6glichen sie die Schaffung realistischer und immersiver Simulationsszenen.   <\/p>\n","protected":false},"excerpt":{"rendered":"<p>Das Simoulage SW-BP1 Modell umfasst zwei weiche und realistische Blutlachen aus Silikon, die wiederverwendbar und einfach zu platzieren sind. Dieses Kit wurde f\u00fcr die medizinische Simulation entwickelt und verst\u00e4rkt die Immersion von Szenarien durch einen beeindruckenden und hyperrealistischen visuellen Effekt. <\/p>\n","protected":false},"featured_media":2099,"template":"","meta":[],"product_brand":[208],"product_cat":[217],"product_tag":[237,238,252,236,235,255],"class_list":{"0":"post-5870","1":"product","2":"type-product","3":"status-publish","4":"has-post-thumbnail","6":"product_brand-simoulage","7":"product_cat-schminken-und-spezialeffekte","8":"product_tag-anasthesie","9":"product_tag-erste-hilfe","10":"product_tag-intensivmedizin","11":"product_tag-notfallmedizin","12":"product_tag-padiatrie","13":"product_tag-traumatologie","15":"first","16":"instock","17":"shipping-taxable","18":"purchasable","19":"product-type-simple"},"yoast_head":"<!-- This site is optimized with the Yoast SEO plugin v26.8 - https:\/\/yoast.com\/product\/yoast-seo-wordpress\/ -->\n<title>SW-BP1 Simoulage \u2013 Realistische Blutlache<\/title>\n<meta name=\"description\" content=\"SW-BP1 Simoulage: realistische Blutlache zur Steigerung der Immersion bei Simulationsszenarien, Notfall\u00fcbungen und Trauma-Schulungen.\" \/>\n<meta name=\"robots\" content=\"index, follow, max-snippet:-1, max-image-preview:large, max-video-preview:-1\" \/>\n<link rel=\"canonical\" href=\"https:\/\/lifesupportdistribution.fr\/de\/produkt\/blutlache-sw-bp1\/\" \/>\n<meta property=\"og:locale\" content=\"de_DE\" \/>\n<meta property=\"og:type\" content=\"article\" \/>\n<meta property=\"og:title\" content=\"SW-BP1 Simoulage \u2013 Realistische Blutlache\" \/>\n<meta property=\"og:description\" content=\"SW-BP1 Simoulage: realistische Blutlache zur Steigerung der Immersion bei Simulationsszenarien, Notfall\u00fcbungen und Trauma-Schulungen.\" \/>\n<meta property=\"og:url\" content=\"https:\/\/lifesupportdistribution.fr\/de\/produkt\/blutlache-sw-bp1\/\" \/>\n<meta property=\"og:site_name\" content=\"Life Support Distribution\" \/>\n<meta property=\"og:image\" content=\"https:\/\/lifesupportdistribution.fr\/wp-content\/uploads\/2025\/11\/Photo-SW-BP1-1-.png\" \/>\n\t<meta property=\"og:image:width\" content=\"694\" \/>\n\t<meta property=\"og:image:height\" content=\"822\" \/>\n\t<meta property=\"og:image:type\" content=\"image\/png\" \/>\n<meta name=\"twitter:card\" content=\"summary_large_image\" \/>\n<script type=\"application\/ld+json\" class=\"yoast-schema-graph\">{\"@context\":\"https:\/\/schema.org\",\"@graph\":[{\"@type\":\"WebPage\",\"@id\":\"https:\/\/lifesupportdistribution.fr\/de\/produkt\/blutlache-sw-bp1\/\",\"url\":\"https:\/\/lifesupportdistribution.fr\/de\/produkt\/blutlache-sw-bp1\/\",\"name\":\"SW-BP1 Simoulage \u2013 Realistische Blutlache\",\"isPartOf\":{\"@id\":\"https:\/\/lifesupportdistribution.fr\/de\/#website\"},\"primaryImageOfPage\":{\"@id\":\"https:\/\/lifesupportdistribution.fr\/de\/produkt\/blutlache-sw-bp1\/#primaryimage\"},\"image\":{\"@id\":\"https:\/\/lifesupportdistribution.fr\/de\/produkt\/blutlache-sw-bp1\/#primaryimage\"},\"thumbnailUrl\":\"https:\/\/lifesupportdistribution.fr\/wp-content\/uploads\/2025\/11\/Photo-SW-BP1-1-.png\",\"datePublished\":\"2025-11-26T16:35:50+00:00\",\"description\":\"SW-BP1 Simoulage: realistische Blutlache zur Steigerung der Immersion bei Simulationsszenarien, Notfall\u00fcbungen und Trauma-Schulungen.\",\"breadcrumb\":{\"@id\":\"https:\/\/lifesupportdistribution.fr\/de\/produkt\/blutlache-sw-bp1\/#breadcrumb\"},\"inLanguage\":\"de\",\"potentialAction\":[{\"@type\":\"ReadAction\",\"target\":[\"https:\/\/lifesupportdistribution.fr\/de\/produkt\/blutlache-sw-bp1\/\"]}]},{\"@type\":\"ImageObject\",\"inLanguage\":\"de\",\"@id\":\"https:\/\/lifesupportdistribution.fr\/de\/produkt\/blutlache-sw-bp1\/#primaryimage\",\"url\":\"https:\/\/lifesupportdistribution.fr\/wp-content\/uploads\/2025\/11\/Photo-SW-BP1-1-.png\",\"contentUrl\":\"https:\/\/lifesupportdistribution.fr\/wp-content\/uploads\/2025\/11\/Photo-SW-BP1-1-.png\",\"width\":694,\"height\":822},{\"@type\":\"BreadcrumbList\",\"@id\":\"https:\/\/lifesupportdistribution.fr\/de\/produkt\/blutlache-sw-bp1\/#breadcrumb\",\"itemListElement\":[{\"@type\":\"ListItem\",\"position\":1,\"name\":\"Accueil\",\"item\":\"https:\/\/lifesupportdistribution.fr\/de\/startseite\/\"},{\"@type\":\"ListItem\",\"position\":2,\"name\":\"Shop\",\"item\":\"https:\/\/lifesupportdistribution.fr\/de\/shop\/\"},{\"@type\":\"ListItem\",\"position\":3,\"name\":\"Blutlache &#8211; SW-BP1\"}]},{\"@type\":\"WebSite\",\"@id\":\"https:\/\/lifesupportdistribution.fr\/de\/#website\",\"url\":\"https:\/\/lifesupportdistribution.fr\/de\/\",\"name\":\"Life Support Distribution\",\"description\":\"Solutions en simulation m\u00e9dicale\",\"publisher\":{\"@id\":\"https:\/\/lifesupportdistribution.fr\/de\/#organization\"},\"potentialAction\":[{\"@type\":\"SearchAction\",\"target\":{\"@type\":\"EntryPoint\",\"urlTemplate\":\"https:\/\/lifesupportdistribution.fr\/de\/?s={search_term_string}\"},\"query-input\":{\"@type\":\"PropertyValueSpecification\",\"valueRequired\":true,\"valueName\":\"search_term_string\"}}],\"inLanguage\":\"de\"},{\"@type\":\"Organization\",\"@id\":\"https:\/\/lifesupportdistribution.fr\/de\/#organization\",\"name\":\"Life Support Distribution\",\"url\":\"https:\/\/lifesupportdistribution.fr\/de\/\",\"logo\":{\"@type\":\"ImageObject\",\"inLanguage\":\"de\",\"@id\":\"https:\/\/lifesupportdistribution.fr\/de\/#\/schema\/logo\/image\/\",\"url\":\"https:\/\/lifesupportdistribution.fr\/wp-content\/uploads\/2025\/10\/logo-life-support-distribution.svg\",\"contentUrl\":\"https:\/\/lifesupportdistribution.fr\/wp-content\/uploads\/2025\/10\/logo-life-support-distribution.svg\",\"width\":698,\"height\":223,\"caption\":\"Life Support Distribution\"},\"image\":{\"@id\":\"https:\/\/lifesupportdistribution.fr\/de\/#\/schema\/logo\/image\/\"},\"sameAs\":[\"https:\/\/www.linkedin.com\/company\/life-support-distribution\/\"]}]}<\/script>\n<!-- \/ Yoast SEO plugin. -->","yoast_head_json":{"title":"SW-BP1 Simoulage \u2013 Realistische Blutlache","description":"SW-BP1 Simoulage: realistische Blutlache zur Steigerung der Immersion bei Simulationsszenarien, Notfall\u00fcbungen und Trauma-Schulungen.","robots":{"index":"index","follow":"follow","max-snippet":"max-snippet:-1","max-image-preview":"max-image-preview:large","max-video-preview":"max-video-preview:-1"},"canonical":"https:\/\/lifesupportdistribution.fr\/de\/produkt\/blutlache-sw-bp1\/","og_locale":"de_DE","og_type":"article","og_title":"SW-BP1 Simoulage \u2013 Realistische Blutlache","og_description":"SW-BP1 Simoulage: realistische Blutlache zur Steigerung der Immersion bei Simulationsszenarien, Notfall\u00fcbungen und Trauma-Schulungen.","og_url":"https:\/\/lifesupportdistribution.fr\/de\/produkt\/blutlache-sw-bp1\/","og_site_name":"Life Support Distribution","og_image":[{"width":694,"height":822,"url":"https:\/\/lifesupportdistribution.fr\/wp-content\/uploads\/2025\/11\/Photo-SW-BP1-1-.png","type":"image\/png"}],"twitter_card":"summary_large_image","schema":{"@context":"https:\/\/schema.org","@graph":[{"@type":"WebPage","@id":"https:\/\/lifesupportdistribution.fr\/de\/produkt\/blutlache-sw-bp1\/","url":"https:\/\/lifesupportdistribution.fr\/de\/produkt\/blutlache-sw-bp1\/","name":"SW-BP1 Simoulage \u2013 Realistische Blutlache","isPartOf":{"@id":"https:\/\/lifesupportdistribution.fr\/de\/#website"},"primaryImageOfPage":{"@id":"https:\/\/lifesupportdistribution.fr\/de\/produkt\/blutlache-sw-bp1\/#primaryimage"},"image":{"@id":"https:\/\/lifesupportdistribution.fr\/de\/produkt\/blutlache-sw-bp1\/#primaryimage"},"thumbnailUrl":"https:\/\/lifesupportdistribution.fr\/wp-content\/uploads\/2025\/11\/Photo-SW-BP1-1-.png","datePublished":"2025-11-26T16:35:50+00:00","description":"SW-BP1 Simoulage: realistische Blutlache zur Steigerung der Immersion bei Simulationsszenarien, Notfall\u00fcbungen und Trauma-Schulungen.","breadcrumb":{"@id":"https:\/\/lifesupportdistribution.fr\/de\/produkt\/blutlache-sw-bp1\/#breadcrumb"},"inLanguage":"de","potentialAction":[{"@type":"ReadAction","target":["https:\/\/lifesupportdistribution.fr\/de\/produkt\/blutlache-sw-bp1\/"]}]},{"@type":"ImageObject","inLanguage":"de","@id":"https:\/\/lifesupportdistribution.fr\/de\/produkt\/blutlache-sw-bp1\/#primaryimage","url":"https:\/\/lifesupportdistribution.fr\/wp-content\/uploads\/2025\/11\/Photo-SW-BP1-1-.png","contentUrl":"https:\/\/lifesupportdistribution.fr\/wp-content\/uploads\/2025\/11\/Photo-SW-BP1-1-.png","width":694,"height":822},{"@type":"BreadcrumbList","@id":"https:\/\/lifesupportdistribution.fr\/de\/produkt\/blutlache-sw-bp1\/#breadcrumb","itemListElement":[{"@type":"ListItem","position":1,"name":"Accueil","item":"https:\/\/lifesupportdistribution.fr\/de\/startseite\/"},{"@type":"ListItem","position":2,"name":"Shop","item":"https:\/\/lifesupportdistribution.fr\/de\/shop\/"},{"@type":"ListItem","position":3,"name":"Blutlache &#8211; SW-BP1"}]},{"@type":"WebSite","@id":"https:\/\/lifesupportdistribution.fr\/de\/#website","url":"https:\/\/lifesupportdistribution.fr\/de\/","name":"Life Support Distribution","description":"Solutions en simulation m\u00e9dicale","publisher":{"@id":"https:\/\/lifesupportdistribution.fr\/de\/#organization"},"potentialAction":[{"@type":"SearchAction","target":{"@type":"EntryPoint","urlTemplate":"https:\/\/lifesupportdistribution.fr\/de\/?s={search_term_string}"},"query-input":{"@type":"PropertyValueSpecification","valueRequired":true,"valueName":"search_term_string"}}],"inLanguage":"de"},{"@type":"Organization","@id":"https:\/\/lifesupportdistribution.fr\/de\/#organization","name":"Life Support Distribution","url":"https:\/\/lifesupportdistribution.fr\/de\/","logo":{"@type":"ImageObject","inLanguage":"de","@id":"https:\/\/lifesupportdistribution.fr\/de\/#\/schema\/logo\/image\/","url":"https:\/\/lifesupportdistribution.fr\/wp-content\/uploads\/2025\/10\/logo-life-support-distribution.svg","contentUrl":"https:\/\/lifesupportdistribution.fr\/wp-content\/uploads\/2025\/10\/logo-life-support-distribution.svg","width":698,"height":223,"caption":"Life Support Distribution"},"image":{"@id":"https:\/\/lifesupportdistribution.fr\/de\/#\/schema\/logo\/image\/"},"sameAs":["https:\/\/www.linkedin.com\/company\/life-support-distribution\/"]}]}},"_links":{"self":[{"href":"https:\/\/lifesupportdistribution.fr\/de\/wp-json\/wp\/v2\/product\/5870","targetHints":{"allow":["GET"]}}],"collection":[{"href":"https:\/\/lifesupportdistribution.fr\/de\/wp-json\/wp\/v2\/product"}],"about":[{"href":"https:\/\/lifesupportdistribution.fr\/de\/wp-json\/wp\/v2\/types\/product"}],"wp:featuredmedia":[{"embeddable":true,"href":"https:\/\/lifesupportdistribution.fr\/de\/wp-json\/wp\/v2\/media\/2099"}],"wp:attachment":[{"href":"https:\/\/lifesupportdistribution.fr\/de\/wp-json\/wp\/v2\/media?parent=5870"}],"wp:term":[{"taxonomy":"product_brand","embeddable":true,"href":"https:\/\/lifesupportdistribution.fr\/de\/wp-json\/wp\/v2\/product_brand?post=5870"},{"taxonomy":"product_cat","embeddable":true,"href":"https:\/\/lifesupportdistribution.fr\/de\/wp-json\/wp\/v2\/product_cat?post=5870"},{"taxonomy":"product_tag","embeddable":true,"href":"https:\/\/lifesupportdistribution.fr\/de\/wp-json\/wp\/v2\/product_tag?post=5870"}],"curies":[{"name":"wp","href":"https:\/\/api.w.org\/{rel}","templated":true}]}}