{"id":5875,"date":"2025-11-26T17:40:51","date_gmt":"2025-11-26T16:40:51","guid":{"rendered":"https:\/\/lifesupportdistribution.fr\/produits\/erbrochenes-sw-fv1\/"},"modified":"2025-11-26T17:40:51","modified_gmt":"2025-11-26T16:40:51","slug":"erbrochenes-sw-fv1","status":"publish","type":"product","link":"https:\/\/lifesupportdistribution.fr\/de\/produkt\/erbrochenes-sw-fv1\/","title":{"rendered":"Erbrochenes &#8211; SW-FV1"},"content":{"rendered":"<p>Das SW-FV1 erm\u00f6glicht die Simulation klinischer Situationen mit Erbrechen, sei es bei Vergiftungen, Sch\u00e4del-Hirn-Traumata, gastrointestinalen Erkrankungen oder p\u00e4diatrischen Notf\u00e4llen. Auf jeder Oberfl\u00e4che platziert, reproduzieren die Silikon-Erbrochenes-Modelle das visuelle Erscheinungsbild naturgetreu und k\u00f6nnen nach der Sitzung leicht entfernt werden. Ihre Wiederverwendbarkeit macht sie zu einem praktischen und wirtschaftlichen Werkzeug, um Simulationsszenarien zu bereichern. In verschiedenen Farbt\u00f6nen erh\u00e4ltlich, um die Effekte zu variieren, tragen sie dazu bei, den Realismus und den p\u00e4dagogischen Einfluss der Schulungen zu verst\u00e4rken.   <\/p>\n","protected":false},"excerpt":{"rendered":"<p>Das Simoulage SW-FV1 ist ein Simulationszubeh\u00f6r, das ultra-realistisches Silikon-Erbrochenes reproduziert. Wiederverwendbar und einfach zu platzieren, erm\u00f6glicht es, Notfall-, Traumatologie- oder pr\u00e4hospitalen Medizinszenarien eine starke visuelle und sensorische Dimension hinzuzuf\u00fcgen. <\/p>\n","protected":false},"featured_media":2102,"template":"","meta":[],"product_brand":[208],"product_cat":[217],"product_tag":[237,236,235,255],"class_list":{"0":"post-5875","1":"product","2":"type-product","3":"status-publish","4":"has-post-thumbnail","6":"product_brand-simoulage","7":"product_cat-schminken-und-spezialeffekte","8":"product_tag-anasthesie","9":"product_tag-notfallmedizin","10":"product_tag-padiatrie","11":"product_tag-traumatologie","13":"first","14":"instock","15":"shipping-taxable","16":"purchasable","17":"product-type-simple"},"yoast_head":"<!-- This site is optimized with the Yoast SEO plugin v26.8 - https:\/\/yoast.com\/product\/yoast-seo-wordpress\/ -->\n<title>SW-FV1 SiMoulage \u2013 Realistisches Erbrochenes<\/title>\n<meta name=\"description\" content=\"SW-FV1 SiMoulage: realistisches Erbrochenes zur Steigerung der Immersion in Simulationsszenarien und zur Schulung im Umgang mit Notfallsituationen.\" \/>\n<meta name=\"robots\" content=\"index, follow, max-snippet:-1, max-image-preview:large, max-video-preview:-1\" \/>\n<link rel=\"canonical\" href=\"https:\/\/lifesupportdistribution.fr\/de\/produkt\/erbrochenes-sw-fv1\/\" \/>\n<meta property=\"og:locale\" content=\"de_DE\" \/>\n<meta property=\"og:type\" content=\"article\" \/>\n<meta property=\"og:title\" content=\"SW-FV1 SiMoulage \u2013 Realistisches Erbrochenes\" \/>\n<meta property=\"og:description\" content=\"SW-FV1 SiMoulage: realistisches Erbrochenes zur Steigerung der Immersion in Simulationsszenarien und zur Schulung im Umgang mit Notfallsituationen.\" \/>\n<meta property=\"og:url\" content=\"https:\/\/lifesupportdistribution.fr\/de\/produkt\/erbrochenes-sw-fv1\/\" \/>\n<meta property=\"og:site_name\" content=\"Life Support Distribution\" \/>\n<meta property=\"og:image\" content=\"https:\/\/lifesupportdistribution.fr\/wp-content\/uploads\/2025\/11\/Photo-SW-FV1-1-.png\" \/>\n\t<meta property=\"og:image:width\" content=\"1076\" \/>\n\t<meta property=\"og:image:height\" content=\"848\" \/>\n\t<meta property=\"og:image:type\" content=\"image\/png\" \/>\n<meta name=\"twitter:card\" content=\"summary_large_image\" \/>\n<script type=\"application\/ld+json\" class=\"yoast-schema-graph\">{\"@context\":\"https:\/\/schema.org\",\"@graph\":[{\"@type\":\"WebPage\",\"@id\":\"https:\/\/lifesupportdistribution.fr\/de\/produkt\/erbrochenes-sw-fv1\/\",\"url\":\"https:\/\/lifesupportdistribution.fr\/de\/produkt\/erbrochenes-sw-fv1\/\",\"name\":\"SW-FV1 SiMoulage \u2013 Realistisches Erbrochenes\",\"isPartOf\":{\"@id\":\"https:\/\/lifesupportdistribution.fr\/de\/#website\"},\"primaryImageOfPage\":{\"@id\":\"https:\/\/lifesupportdistribution.fr\/de\/produkt\/erbrochenes-sw-fv1\/#primaryimage\"},\"image\":{\"@id\":\"https:\/\/lifesupportdistribution.fr\/de\/produkt\/erbrochenes-sw-fv1\/#primaryimage\"},\"thumbnailUrl\":\"https:\/\/lifesupportdistribution.fr\/wp-content\/uploads\/2025\/11\/Photo-SW-FV1-1-.png\",\"datePublished\":\"2025-11-26T16:40:51+00:00\",\"description\":\"SW-FV1 SiMoulage: realistisches Erbrochenes zur Steigerung der Immersion in Simulationsszenarien und zur Schulung im Umgang mit Notfallsituationen.\",\"breadcrumb\":{\"@id\":\"https:\/\/lifesupportdistribution.fr\/de\/produkt\/erbrochenes-sw-fv1\/#breadcrumb\"},\"inLanguage\":\"de\",\"potentialAction\":[{\"@type\":\"ReadAction\",\"target\":[\"https:\/\/lifesupportdistribution.fr\/de\/produkt\/erbrochenes-sw-fv1\/\"]}]},{\"@type\":\"ImageObject\",\"inLanguage\":\"de\",\"@id\":\"https:\/\/lifesupportdistribution.fr\/de\/produkt\/erbrochenes-sw-fv1\/#primaryimage\",\"url\":\"https:\/\/lifesupportdistribution.fr\/wp-content\/uploads\/2025\/11\/Photo-SW-FV1-1-.png\",\"contentUrl\":\"https:\/\/lifesupportdistribution.fr\/wp-content\/uploads\/2025\/11\/Photo-SW-FV1-1-.png\",\"width\":1076,\"height\":848},{\"@type\":\"BreadcrumbList\",\"@id\":\"https:\/\/lifesupportdistribution.fr\/de\/produkt\/erbrochenes-sw-fv1\/#breadcrumb\",\"itemListElement\":[{\"@type\":\"ListItem\",\"position\":1,\"name\":\"Accueil\",\"item\":\"https:\/\/lifesupportdistribution.fr\/de\/startseite\/\"},{\"@type\":\"ListItem\",\"position\":2,\"name\":\"Shop\",\"item\":\"https:\/\/lifesupportdistribution.fr\/de\/shop\/\"},{\"@type\":\"ListItem\",\"position\":3,\"name\":\"Erbrochenes &#8211; SW-FV1\"}]},{\"@type\":\"WebSite\",\"@id\":\"https:\/\/lifesupportdistribution.fr\/de\/#website\",\"url\":\"https:\/\/lifesupportdistribution.fr\/de\/\",\"name\":\"Life Support Distribution\",\"description\":\"Solutions en simulation m\u00e9dicale\",\"publisher\":{\"@id\":\"https:\/\/lifesupportdistribution.fr\/de\/#organization\"},\"potentialAction\":[{\"@type\":\"SearchAction\",\"target\":{\"@type\":\"EntryPoint\",\"urlTemplate\":\"https:\/\/lifesupportdistribution.fr\/de\/?s={search_term_string}\"},\"query-input\":{\"@type\":\"PropertyValueSpecification\",\"valueRequired\":true,\"valueName\":\"search_term_string\"}}],\"inLanguage\":\"de\"},{\"@type\":\"Organization\",\"@id\":\"https:\/\/lifesupportdistribution.fr\/de\/#organization\",\"name\":\"Life Support Distribution\",\"url\":\"https:\/\/lifesupportdistribution.fr\/de\/\",\"logo\":{\"@type\":\"ImageObject\",\"inLanguage\":\"de\",\"@id\":\"https:\/\/lifesupportdistribution.fr\/de\/#\/schema\/logo\/image\/\",\"url\":\"https:\/\/lifesupportdistribution.fr\/wp-content\/uploads\/2025\/10\/logo-life-support-distribution.svg\",\"contentUrl\":\"https:\/\/lifesupportdistribution.fr\/wp-content\/uploads\/2025\/10\/logo-life-support-distribution.svg\",\"width\":698,\"height\":223,\"caption\":\"Life Support Distribution\"},\"image\":{\"@id\":\"https:\/\/lifesupportdistribution.fr\/de\/#\/schema\/logo\/image\/\"},\"sameAs\":[\"https:\/\/www.linkedin.com\/company\/life-support-distribution\/\"]}]}<\/script>\n<!-- \/ Yoast SEO plugin. -->","yoast_head_json":{"title":"SW-FV1 SiMoulage \u2013 Realistisches Erbrochenes","description":"SW-FV1 SiMoulage: realistisches Erbrochenes zur Steigerung der Immersion in Simulationsszenarien und zur Schulung im Umgang mit Notfallsituationen.","robots":{"index":"index","follow":"follow","max-snippet":"max-snippet:-1","max-image-preview":"max-image-preview:large","max-video-preview":"max-video-preview:-1"},"canonical":"https:\/\/lifesupportdistribution.fr\/de\/produkt\/erbrochenes-sw-fv1\/","og_locale":"de_DE","og_type":"article","og_title":"SW-FV1 SiMoulage \u2013 Realistisches Erbrochenes","og_description":"SW-FV1 SiMoulage: realistisches Erbrochenes zur Steigerung der Immersion in Simulationsszenarien und zur Schulung im Umgang mit Notfallsituationen.","og_url":"https:\/\/lifesupportdistribution.fr\/de\/produkt\/erbrochenes-sw-fv1\/","og_site_name":"Life Support Distribution","og_image":[{"width":1076,"height":848,"url":"https:\/\/lifesupportdistribution.fr\/wp-content\/uploads\/2025\/11\/Photo-SW-FV1-1-.png","type":"image\/png"}],"twitter_card":"summary_large_image","schema":{"@context":"https:\/\/schema.org","@graph":[{"@type":"WebPage","@id":"https:\/\/lifesupportdistribution.fr\/de\/produkt\/erbrochenes-sw-fv1\/","url":"https:\/\/lifesupportdistribution.fr\/de\/produkt\/erbrochenes-sw-fv1\/","name":"SW-FV1 SiMoulage \u2013 Realistisches Erbrochenes","isPartOf":{"@id":"https:\/\/lifesupportdistribution.fr\/de\/#website"},"primaryImageOfPage":{"@id":"https:\/\/lifesupportdistribution.fr\/de\/produkt\/erbrochenes-sw-fv1\/#primaryimage"},"image":{"@id":"https:\/\/lifesupportdistribution.fr\/de\/produkt\/erbrochenes-sw-fv1\/#primaryimage"},"thumbnailUrl":"https:\/\/lifesupportdistribution.fr\/wp-content\/uploads\/2025\/11\/Photo-SW-FV1-1-.png","datePublished":"2025-11-26T16:40:51+00:00","description":"SW-FV1 SiMoulage: realistisches Erbrochenes zur Steigerung der Immersion in Simulationsszenarien und zur Schulung im Umgang mit Notfallsituationen.","breadcrumb":{"@id":"https:\/\/lifesupportdistribution.fr\/de\/produkt\/erbrochenes-sw-fv1\/#breadcrumb"},"inLanguage":"de","potentialAction":[{"@type":"ReadAction","target":["https:\/\/lifesupportdistribution.fr\/de\/produkt\/erbrochenes-sw-fv1\/"]}]},{"@type":"ImageObject","inLanguage":"de","@id":"https:\/\/lifesupportdistribution.fr\/de\/produkt\/erbrochenes-sw-fv1\/#primaryimage","url":"https:\/\/lifesupportdistribution.fr\/wp-content\/uploads\/2025\/11\/Photo-SW-FV1-1-.png","contentUrl":"https:\/\/lifesupportdistribution.fr\/wp-content\/uploads\/2025\/11\/Photo-SW-FV1-1-.png","width":1076,"height":848},{"@type":"BreadcrumbList","@id":"https:\/\/lifesupportdistribution.fr\/de\/produkt\/erbrochenes-sw-fv1\/#breadcrumb","itemListElement":[{"@type":"ListItem","position":1,"name":"Accueil","item":"https:\/\/lifesupportdistribution.fr\/de\/startseite\/"},{"@type":"ListItem","position":2,"name":"Shop","item":"https:\/\/lifesupportdistribution.fr\/de\/shop\/"},{"@type":"ListItem","position":3,"name":"Erbrochenes &#8211; SW-FV1"}]},{"@type":"WebSite","@id":"https:\/\/lifesupportdistribution.fr\/de\/#website","url":"https:\/\/lifesupportdistribution.fr\/de\/","name":"Life Support Distribution","description":"Solutions en simulation m\u00e9dicale","publisher":{"@id":"https:\/\/lifesupportdistribution.fr\/de\/#organization"},"potentialAction":[{"@type":"SearchAction","target":{"@type":"EntryPoint","urlTemplate":"https:\/\/lifesupportdistribution.fr\/de\/?s={search_term_string}"},"query-input":{"@type":"PropertyValueSpecification","valueRequired":true,"valueName":"search_term_string"}}],"inLanguage":"de"},{"@type":"Organization","@id":"https:\/\/lifesupportdistribution.fr\/de\/#organization","name":"Life Support Distribution","url":"https:\/\/lifesupportdistribution.fr\/de\/","logo":{"@type":"ImageObject","inLanguage":"de","@id":"https:\/\/lifesupportdistribution.fr\/de\/#\/schema\/logo\/image\/","url":"https:\/\/lifesupportdistribution.fr\/wp-content\/uploads\/2025\/10\/logo-life-support-distribution.svg","contentUrl":"https:\/\/lifesupportdistribution.fr\/wp-content\/uploads\/2025\/10\/logo-life-support-distribution.svg","width":698,"height":223,"caption":"Life Support Distribution"},"image":{"@id":"https:\/\/lifesupportdistribution.fr\/de\/#\/schema\/logo\/image\/"},"sameAs":["https:\/\/www.linkedin.com\/company\/life-support-distribution\/"]}]}},"_links":{"self":[{"href":"https:\/\/lifesupportdistribution.fr\/de\/wp-json\/wp\/v2\/product\/5875","targetHints":{"allow":["GET"]}}],"collection":[{"href":"https:\/\/lifesupportdistribution.fr\/de\/wp-json\/wp\/v2\/product"}],"about":[{"href":"https:\/\/lifesupportdistribution.fr\/de\/wp-json\/wp\/v2\/types\/product"}],"wp:featuredmedia":[{"embeddable":true,"href":"https:\/\/lifesupportdistribution.fr\/de\/wp-json\/wp\/v2\/media\/2102"}],"wp:attachment":[{"href":"https:\/\/lifesupportdistribution.fr\/de\/wp-json\/wp\/v2\/media?parent=5875"}],"wp:term":[{"taxonomy":"product_brand","embeddable":true,"href":"https:\/\/lifesupportdistribution.fr\/de\/wp-json\/wp\/v2\/product_brand?post=5875"},{"taxonomy":"product_cat","embeddable":true,"href":"https:\/\/lifesupportdistribution.fr\/de\/wp-json\/wp\/v2\/product_cat?post=5875"},{"taxonomy":"product_tag","embeddable":true,"href":"https:\/\/lifesupportdistribution.fr\/de\/wp-json\/wp\/v2\/product_tag?post=5875"}],"curies":[{"name":"wp","href":"https:\/\/api.w.org\/{rel}","templated":true}]}}