{"id":5880,"date":"2025-11-26T17:56:13","date_gmt":"2025-11-26T16:56:13","guid":{"rendered":"https:\/\/lifesupportdistribution.fr\/produits\/blutleitung-sw-bl1\/"},"modified":"2025-11-26T17:56:13","modified_gmt":"2025-11-26T16:56:13","slug":"blutleitung-sw-bl1","status":"publish","type":"product","link":"https:\/\/lifesupportdistribution.fr\/de\/produkt\/blutleitung-sw-bl1\/","title":{"rendered":"Blutleitung &#8211; SW-BL1"},"content":{"rendered":"<p><span style=\"font-weight: 400;\">Der SW-BL1 ist ideal, um den visuellen und p\u00e4dagogischen Effekt von Simulationen zu verst\u00e4rken, indem er aktive Blutungen erm\u00f6glicht. Unter bestimmten Simoulage-Moulagen installiert, reproduziert er den Blutfluss zum gew\u00fcnschten Zeitpunkt und zwingt die Lernenden, auf eine kritische Situation zu reagieren. Dieses Ger\u00e4t ist perfekt geeignet, um die Blutungskontrolle, das Anlegen von Druckverb\u00e4nden oder die Verwendung eines Tourniquets zu \u00fcben. Sein flexibles Silikondesign und seine Kompatibilit\u00e4t mit den Wunden der Serie machen ihn zu einem unverzichtbaren Werkzeug f\u00fcr immersive und realistische Schulungen.   <\/span><\/p>\n","protected":false},"excerpt":{"rendered":"<p>Der Simoulage SW-BL1 ist ein Ger\u00e4t, das entwickelt wurde, um Ihre gegossenen Wunden in aktiv blutende Verletzungen zu verwandeln. Dank seines einfachen und effektiven Systems erm\u00f6glicht er es, p\u00e4dagogischen Szenarien eine immersive Dimension hinzuzuf\u00fcgen und eine realistische Blutung bei der Versorgung in der Traumatologie oder Notfallmedizin zu simulieren. <\/p>\n","protected":false},"featured_media":2104,"template":"","meta":[],"product_brand":[208],"product_cat":[217],"product_tag":[236,255],"class_list":{"0":"post-5880","1":"product","2":"type-product","3":"status-publish","4":"has-post-thumbnail","6":"product_brand-simoulage","7":"product_cat-schminken-und-spezialeffekte","8":"product_tag-notfallmedizin","9":"product_tag-traumatologie","11":"first","12":"instock","13":"shipping-taxable","14":"purchasable","15":"product-type-simple"},"yoast_head":"<!-- This site is optimized with the Yoast SEO plugin v26.8 - https:\/\/yoast.com\/product\/yoast-seo-wordpress\/ -->\n<title>SW-BL1 SiMoulage \u2013 Simulations-Blutleitung<\/title>\n<meta name=\"description\" content=\"SW-BL1 SiMoulage: Realistische Blutleitung zur Erzeugung von Blutungs-Effekten und zur Bereicherung medizinischer Simulationsszenarien.\" \/>\n<meta name=\"robots\" content=\"index, follow, max-snippet:-1, max-image-preview:large, max-video-preview:-1\" \/>\n<link rel=\"canonical\" href=\"https:\/\/lifesupportdistribution.fr\/de\/produkt\/blutleitung-sw-bl1\/\" \/>\n<meta property=\"og:locale\" content=\"de_DE\" \/>\n<meta property=\"og:type\" content=\"article\" \/>\n<meta property=\"og:title\" content=\"SW-BL1 SiMoulage \u2013 Simulations-Blutleitung\" \/>\n<meta property=\"og:description\" content=\"SW-BL1 SiMoulage: Realistische Blutleitung zur Erzeugung von Blutungs-Effekten und zur Bereicherung medizinischer Simulationsszenarien.\" \/>\n<meta property=\"og:url\" content=\"https:\/\/lifesupportdistribution.fr\/de\/produkt\/blutleitung-sw-bl1\/\" \/>\n<meta property=\"og:site_name\" content=\"Life Support Distribution\" \/>\n<meta property=\"og:image\" content=\"https:\/\/lifesupportdistribution.fr\/wp-content\/uploads\/2025\/11\/Photo-SW-BL1.png\" \/>\n\t<meta property=\"og:image:width\" content=\"764\" \/>\n\t<meta property=\"og:image:height\" content=\"922\" \/>\n\t<meta property=\"og:image:type\" content=\"image\/png\" \/>\n<meta name=\"twitter:card\" content=\"summary_large_image\" \/>\n<script type=\"application\/ld+json\" class=\"yoast-schema-graph\">{\"@context\":\"https:\/\/schema.org\",\"@graph\":[{\"@type\":\"WebPage\",\"@id\":\"https:\/\/lifesupportdistribution.fr\/de\/produkt\/blutleitung-sw-bl1\/\",\"url\":\"https:\/\/lifesupportdistribution.fr\/de\/produkt\/blutleitung-sw-bl1\/\",\"name\":\"SW-BL1 SiMoulage \u2013 Simulations-Blutleitung\",\"isPartOf\":{\"@id\":\"https:\/\/lifesupportdistribution.fr\/de\/#website\"},\"primaryImageOfPage\":{\"@id\":\"https:\/\/lifesupportdistribution.fr\/de\/produkt\/blutleitung-sw-bl1\/#primaryimage\"},\"image\":{\"@id\":\"https:\/\/lifesupportdistribution.fr\/de\/produkt\/blutleitung-sw-bl1\/#primaryimage\"},\"thumbnailUrl\":\"https:\/\/lifesupportdistribution.fr\/wp-content\/uploads\/2025\/11\/Photo-SW-BL1.png\",\"datePublished\":\"2025-11-26T16:56:13+00:00\",\"description\":\"SW-BL1 SiMoulage: Realistische Blutleitung zur Erzeugung von Blutungs-Effekten und zur Bereicherung medizinischer Simulationsszenarien.\",\"breadcrumb\":{\"@id\":\"https:\/\/lifesupportdistribution.fr\/de\/produkt\/blutleitung-sw-bl1\/#breadcrumb\"},\"inLanguage\":\"de\",\"potentialAction\":[{\"@type\":\"ReadAction\",\"target\":[\"https:\/\/lifesupportdistribution.fr\/de\/produkt\/blutleitung-sw-bl1\/\"]}]},{\"@type\":\"ImageObject\",\"inLanguage\":\"de\",\"@id\":\"https:\/\/lifesupportdistribution.fr\/de\/produkt\/blutleitung-sw-bl1\/#primaryimage\",\"url\":\"https:\/\/lifesupportdistribution.fr\/wp-content\/uploads\/2025\/11\/Photo-SW-BL1.png\",\"contentUrl\":\"https:\/\/lifesupportdistribution.fr\/wp-content\/uploads\/2025\/11\/Photo-SW-BL1.png\",\"width\":764,\"height\":922},{\"@type\":\"BreadcrumbList\",\"@id\":\"https:\/\/lifesupportdistribution.fr\/de\/produkt\/blutleitung-sw-bl1\/#breadcrumb\",\"itemListElement\":[{\"@type\":\"ListItem\",\"position\":1,\"name\":\"Accueil\",\"item\":\"https:\/\/lifesupportdistribution.fr\/de\/startseite\/\"},{\"@type\":\"ListItem\",\"position\":2,\"name\":\"Shop\",\"item\":\"https:\/\/lifesupportdistribution.fr\/de\/shop\/\"},{\"@type\":\"ListItem\",\"position\":3,\"name\":\"Blutleitung &#8211; SW-BL1\"}]},{\"@type\":\"WebSite\",\"@id\":\"https:\/\/lifesupportdistribution.fr\/de\/#website\",\"url\":\"https:\/\/lifesupportdistribution.fr\/de\/\",\"name\":\"Life Support Distribution\",\"description\":\"Solutions en simulation m\u00e9dicale\",\"publisher\":{\"@id\":\"https:\/\/lifesupportdistribution.fr\/de\/#organization\"},\"potentialAction\":[{\"@type\":\"SearchAction\",\"target\":{\"@type\":\"EntryPoint\",\"urlTemplate\":\"https:\/\/lifesupportdistribution.fr\/de\/?s={search_term_string}\"},\"query-input\":{\"@type\":\"PropertyValueSpecification\",\"valueRequired\":true,\"valueName\":\"search_term_string\"}}],\"inLanguage\":\"de\"},{\"@type\":\"Organization\",\"@id\":\"https:\/\/lifesupportdistribution.fr\/de\/#organization\",\"name\":\"Life Support Distribution\",\"url\":\"https:\/\/lifesupportdistribution.fr\/de\/\",\"logo\":{\"@type\":\"ImageObject\",\"inLanguage\":\"de\",\"@id\":\"https:\/\/lifesupportdistribution.fr\/de\/#\/schema\/logo\/image\/\",\"url\":\"https:\/\/lifesupportdistribution.fr\/wp-content\/uploads\/2025\/10\/logo-life-support-distribution.svg\",\"contentUrl\":\"https:\/\/lifesupportdistribution.fr\/wp-content\/uploads\/2025\/10\/logo-life-support-distribution.svg\",\"width\":698,\"height\":223,\"caption\":\"Life Support Distribution\"},\"image\":{\"@id\":\"https:\/\/lifesupportdistribution.fr\/de\/#\/schema\/logo\/image\/\"},\"sameAs\":[\"https:\/\/www.linkedin.com\/company\/life-support-distribution\/\"]}]}<\/script>\n<!-- \/ Yoast SEO plugin. -->","yoast_head_json":{"title":"SW-BL1 SiMoulage \u2013 Simulations-Blutleitung","description":"SW-BL1 SiMoulage: Realistische Blutleitung zur Erzeugung von Blutungs-Effekten und zur Bereicherung medizinischer Simulationsszenarien.","robots":{"index":"index","follow":"follow","max-snippet":"max-snippet:-1","max-image-preview":"max-image-preview:large","max-video-preview":"max-video-preview:-1"},"canonical":"https:\/\/lifesupportdistribution.fr\/de\/produkt\/blutleitung-sw-bl1\/","og_locale":"de_DE","og_type":"article","og_title":"SW-BL1 SiMoulage \u2013 Simulations-Blutleitung","og_description":"SW-BL1 SiMoulage: Realistische Blutleitung zur Erzeugung von Blutungs-Effekten und zur Bereicherung medizinischer Simulationsszenarien.","og_url":"https:\/\/lifesupportdistribution.fr\/de\/produkt\/blutleitung-sw-bl1\/","og_site_name":"Life Support Distribution","og_image":[{"width":764,"height":922,"url":"https:\/\/lifesupportdistribution.fr\/wp-content\/uploads\/2025\/11\/Photo-SW-BL1.png","type":"image\/png"}],"twitter_card":"summary_large_image","schema":{"@context":"https:\/\/schema.org","@graph":[{"@type":"WebPage","@id":"https:\/\/lifesupportdistribution.fr\/de\/produkt\/blutleitung-sw-bl1\/","url":"https:\/\/lifesupportdistribution.fr\/de\/produkt\/blutleitung-sw-bl1\/","name":"SW-BL1 SiMoulage \u2013 Simulations-Blutleitung","isPartOf":{"@id":"https:\/\/lifesupportdistribution.fr\/de\/#website"},"primaryImageOfPage":{"@id":"https:\/\/lifesupportdistribution.fr\/de\/produkt\/blutleitung-sw-bl1\/#primaryimage"},"image":{"@id":"https:\/\/lifesupportdistribution.fr\/de\/produkt\/blutleitung-sw-bl1\/#primaryimage"},"thumbnailUrl":"https:\/\/lifesupportdistribution.fr\/wp-content\/uploads\/2025\/11\/Photo-SW-BL1.png","datePublished":"2025-11-26T16:56:13+00:00","description":"SW-BL1 SiMoulage: Realistische Blutleitung zur Erzeugung von Blutungs-Effekten und zur Bereicherung medizinischer Simulationsszenarien.","breadcrumb":{"@id":"https:\/\/lifesupportdistribution.fr\/de\/produkt\/blutleitung-sw-bl1\/#breadcrumb"},"inLanguage":"de","potentialAction":[{"@type":"ReadAction","target":["https:\/\/lifesupportdistribution.fr\/de\/produkt\/blutleitung-sw-bl1\/"]}]},{"@type":"ImageObject","inLanguage":"de","@id":"https:\/\/lifesupportdistribution.fr\/de\/produkt\/blutleitung-sw-bl1\/#primaryimage","url":"https:\/\/lifesupportdistribution.fr\/wp-content\/uploads\/2025\/11\/Photo-SW-BL1.png","contentUrl":"https:\/\/lifesupportdistribution.fr\/wp-content\/uploads\/2025\/11\/Photo-SW-BL1.png","width":764,"height":922},{"@type":"BreadcrumbList","@id":"https:\/\/lifesupportdistribution.fr\/de\/produkt\/blutleitung-sw-bl1\/#breadcrumb","itemListElement":[{"@type":"ListItem","position":1,"name":"Accueil","item":"https:\/\/lifesupportdistribution.fr\/de\/startseite\/"},{"@type":"ListItem","position":2,"name":"Shop","item":"https:\/\/lifesupportdistribution.fr\/de\/shop\/"},{"@type":"ListItem","position":3,"name":"Blutleitung &#8211; SW-BL1"}]},{"@type":"WebSite","@id":"https:\/\/lifesupportdistribution.fr\/de\/#website","url":"https:\/\/lifesupportdistribution.fr\/de\/","name":"Life Support Distribution","description":"Solutions en simulation m\u00e9dicale","publisher":{"@id":"https:\/\/lifesupportdistribution.fr\/de\/#organization"},"potentialAction":[{"@type":"SearchAction","target":{"@type":"EntryPoint","urlTemplate":"https:\/\/lifesupportdistribution.fr\/de\/?s={search_term_string}"},"query-input":{"@type":"PropertyValueSpecification","valueRequired":true,"valueName":"search_term_string"}}],"inLanguage":"de"},{"@type":"Organization","@id":"https:\/\/lifesupportdistribution.fr\/de\/#organization","name":"Life Support Distribution","url":"https:\/\/lifesupportdistribution.fr\/de\/","logo":{"@type":"ImageObject","inLanguage":"de","@id":"https:\/\/lifesupportdistribution.fr\/de\/#\/schema\/logo\/image\/","url":"https:\/\/lifesupportdistribution.fr\/wp-content\/uploads\/2025\/10\/logo-life-support-distribution.svg","contentUrl":"https:\/\/lifesupportdistribution.fr\/wp-content\/uploads\/2025\/10\/logo-life-support-distribution.svg","width":698,"height":223,"caption":"Life Support Distribution"},"image":{"@id":"https:\/\/lifesupportdistribution.fr\/de\/#\/schema\/logo\/image\/"},"sameAs":["https:\/\/www.linkedin.com\/company\/life-support-distribution\/"]}]}},"_links":{"self":[{"href":"https:\/\/lifesupportdistribution.fr\/de\/wp-json\/wp\/v2\/product\/5880","targetHints":{"allow":["GET"]}}],"collection":[{"href":"https:\/\/lifesupportdistribution.fr\/de\/wp-json\/wp\/v2\/product"}],"about":[{"href":"https:\/\/lifesupportdistribution.fr\/de\/wp-json\/wp\/v2\/types\/product"}],"wp:featuredmedia":[{"embeddable":true,"href":"https:\/\/lifesupportdistribution.fr\/de\/wp-json\/wp\/v2\/media\/2104"}],"wp:attachment":[{"href":"https:\/\/lifesupportdistribution.fr\/de\/wp-json\/wp\/v2\/media?parent=5880"}],"wp:term":[{"taxonomy":"product_brand","embeddable":true,"href":"https:\/\/lifesupportdistribution.fr\/de\/wp-json\/wp\/v2\/product_brand?post=5880"},{"taxonomy":"product_cat","embeddable":true,"href":"https:\/\/lifesupportdistribution.fr\/de\/wp-json\/wp\/v2\/product_cat?post=5880"},{"taxonomy":"product_tag","embeddable":true,"href":"https:\/\/lifesupportdistribution.fr\/de\/wp-json\/wp\/v2\/product_tag?post=5880"}],"curies":[{"name":"wp","href":"https:\/\/api.w.org\/{rel}","templated":true}]}}