{"id":5881,"date":"2025-11-26T19:35:42","date_gmt":"2025-11-26T18:35:42","guid":{"rendered":"https:\/\/lifesupportdistribution.fr\/produits\/metallstangen-attrappen-sw-mb4\/"},"modified":"2025-11-26T19:35:42","modified_gmt":"2025-11-26T18:35:42","slug":"metallstangen-attrappen-sw-mb4","status":"publish","type":"product","link":"https:\/\/lifesupportdistribution.fr\/de\/produkt\/metallstangen-attrappen-sw-mb4\/","title":{"rendered":"Metallstangen-Attrappen &#8211; SW-MB4"},"content":{"rendered":"<p>Das SW-MB4 ist dazu bestimmt, Simulationsszenarien zu bereichern, die schwere Traumata beinhalten, wie Industrieunf\u00e4lle, St\u00fcrze oder Verletzungen durch improvisierte Waffen. Diese realistischen Metallstangen k\u00f6nnen in Wundmodelle eingesetzt werden, um multiple Pf\u00e4hlungsverletzungen darzustellen und die Teilnehmer dazu zu bringen, kritische Situationen der Stabilisierung und pr\u00e4klinischen Versorgung zu bew\u00e4ltigen. Ihre visuelle Darstellung ist dank einer bemalten und texturierten Oberfl\u00e4che \u00e4u\u00dferst naturgetreu, w\u00e4hrend ihr Design aus Weichsilikon eine absolut sichere Handhabung gew\u00e4hrleistet.  <\/p>\n","protected":false},"excerpt":{"rendered":"<p>Das Simoulage SW-MB4 ist ein Set aus flexiblen Silikon-Metallstangen-Attrappen, entwickelt zur Simulation von Pf\u00e4hlungsverletzungen. In Kombination mit Simoulage-Wundmodellen verwendet, erm\u00f6glicht es die Erstellung von Schwersttrauma-Szenarien von beeindruckendem Realismus, wobei gleichzeitig absolute Sicherheit f\u00fcr die Lernenden gew\u00e4hrleistet ist. <\/p>\n","protected":false},"featured_media":2121,"template":"","meta":[],"product_brand":[208],"product_cat":[217],"product_tag":[255],"class_list":{"0":"post-5881","1":"product","2":"type-product","3":"status-publish","4":"has-post-thumbnail","6":"product_brand-simoulage","7":"product_cat-schminken-und-spezialeffekte","8":"product_tag-traumatologie","10":"first","11":"instock","12":"shipping-taxable","13":"purchasable","14":"product-type-simple"},"yoast_head":"<!-- This site is optimized with the Yoast SEO plugin v26.8 - https:\/\/yoast.com\/product\/yoast-seo-wordpress\/ -->\n<title>SW-MB4 Simoulage \u2013 Realistische Metallstangen-Attrappen<\/title>\n<meta name=\"description\" content=\"SW-MB4 Simoulage: Realistische Metallstangen-Attrappen zur Erzeugung penetrierender Traumata und zur Steigerung der Immersion in Simulationsszenarien.\" \/>\n<meta name=\"robots\" content=\"index, follow, max-snippet:-1, max-image-preview:large, max-video-preview:-1\" \/>\n<link rel=\"canonical\" href=\"https:\/\/lifesupportdistribution.fr\/de\/produkt\/metallstangen-attrappen-sw-mb4\/\" \/>\n<meta property=\"og:locale\" content=\"de_DE\" \/>\n<meta property=\"og:type\" content=\"article\" \/>\n<meta property=\"og:title\" content=\"SW-MB4 Simoulage \u2013 Realistische Metallstangen-Attrappen\" \/>\n<meta property=\"og:description\" content=\"SW-MB4 Simoulage: Realistische Metallstangen-Attrappen zur Erzeugung penetrierender Traumata und zur Steigerung der Immersion in Simulationsszenarien.\" \/>\n<meta property=\"og:url\" content=\"https:\/\/lifesupportdistribution.fr\/de\/produkt\/metallstangen-attrappen-sw-mb4\/\" \/>\n<meta property=\"og:site_name\" content=\"Life Support Distribution\" \/>\n<meta property=\"og:image\" content=\"https:\/\/lifesupportdistribution.fr\/wp-content\/uploads\/2025\/11\/Photo-SW-MB4.png\" \/>\n\t<meta property=\"og:image:width\" content=\"348\" \/>\n\t<meta property=\"og:image:height\" content=\"476\" \/>\n\t<meta property=\"og:image:type\" content=\"image\/png\" \/>\n<meta name=\"twitter:card\" content=\"summary_large_image\" \/>\n<script type=\"application\/ld+json\" class=\"yoast-schema-graph\">{\"@context\":\"https:\/\/schema.org\",\"@graph\":[{\"@type\":\"WebPage\",\"@id\":\"https:\/\/lifesupportdistribution.fr\/de\/produkt\/metallstangen-attrappen-sw-mb4\/\",\"url\":\"https:\/\/lifesupportdistribution.fr\/de\/produkt\/metallstangen-attrappen-sw-mb4\/\",\"name\":\"SW-MB4 Simoulage \u2013 Realistische Metallstangen-Attrappen\",\"isPartOf\":{\"@id\":\"https:\/\/lifesupportdistribution.fr\/de\/#website\"},\"primaryImageOfPage\":{\"@id\":\"https:\/\/lifesupportdistribution.fr\/de\/produkt\/metallstangen-attrappen-sw-mb4\/#primaryimage\"},\"image\":{\"@id\":\"https:\/\/lifesupportdistribution.fr\/de\/produkt\/metallstangen-attrappen-sw-mb4\/#primaryimage\"},\"thumbnailUrl\":\"https:\/\/lifesupportdistribution.fr\/wp-content\/uploads\/2025\/11\/Photo-SW-MB4.png\",\"datePublished\":\"2025-11-26T18:35:42+00:00\",\"description\":\"SW-MB4 Simoulage: Realistische Metallstangen-Attrappen zur Erzeugung penetrierender Traumata und zur Steigerung der Immersion in Simulationsszenarien.\",\"breadcrumb\":{\"@id\":\"https:\/\/lifesupportdistribution.fr\/de\/produkt\/metallstangen-attrappen-sw-mb4\/#breadcrumb\"},\"inLanguage\":\"de\",\"potentialAction\":[{\"@type\":\"ReadAction\",\"target\":[\"https:\/\/lifesupportdistribution.fr\/de\/produkt\/metallstangen-attrappen-sw-mb4\/\"]}]},{\"@type\":\"ImageObject\",\"inLanguage\":\"de\",\"@id\":\"https:\/\/lifesupportdistribution.fr\/de\/produkt\/metallstangen-attrappen-sw-mb4\/#primaryimage\",\"url\":\"https:\/\/lifesupportdistribution.fr\/wp-content\/uploads\/2025\/11\/Photo-SW-MB4.png\",\"contentUrl\":\"https:\/\/lifesupportdistribution.fr\/wp-content\/uploads\/2025\/11\/Photo-SW-MB4.png\",\"width\":348,\"height\":476},{\"@type\":\"BreadcrumbList\",\"@id\":\"https:\/\/lifesupportdistribution.fr\/de\/produkt\/metallstangen-attrappen-sw-mb4\/#breadcrumb\",\"itemListElement\":[{\"@type\":\"ListItem\",\"position\":1,\"name\":\"Accueil\",\"item\":\"https:\/\/lifesupportdistribution.fr\/de\/startseite\/\"},{\"@type\":\"ListItem\",\"position\":2,\"name\":\"Shop\",\"item\":\"https:\/\/lifesupportdistribution.fr\/de\/shop\/\"},{\"@type\":\"ListItem\",\"position\":3,\"name\":\"Metallstangen-Attrappen &#8211; SW-MB4\"}]},{\"@type\":\"WebSite\",\"@id\":\"https:\/\/lifesupportdistribution.fr\/de\/#website\",\"url\":\"https:\/\/lifesupportdistribution.fr\/de\/\",\"name\":\"Life Support Distribution\",\"description\":\"Solutions en simulation m\u00e9dicale\",\"publisher\":{\"@id\":\"https:\/\/lifesupportdistribution.fr\/de\/#organization\"},\"potentialAction\":[{\"@type\":\"SearchAction\",\"target\":{\"@type\":\"EntryPoint\",\"urlTemplate\":\"https:\/\/lifesupportdistribution.fr\/de\/?s={search_term_string}\"},\"query-input\":{\"@type\":\"PropertyValueSpecification\",\"valueRequired\":true,\"valueName\":\"search_term_string\"}}],\"inLanguage\":\"de\"},{\"@type\":\"Organization\",\"@id\":\"https:\/\/lifesupportdistribution.fr\/de\/#organization\",\"name\":\"Life Support Distribution\",\"url\":\"https:\/\/lifesupportdistribution.fr\/de\/\",\"logo\":{\"@type\":\"ImageObject\",\"inLanguage\":\"de\",\"@id\":\"https:\/\/lifesupportdistribution.fr\/de\/#\/schema\/logo\/image\/\",\"url\":\"https:\/\/lifesupportdistribution.fr\/wp-content\/uploads\/2025\/10\/logo-life-support-distribution.svg\",\"contentUrl\":\"https:\/\/lifesupportdistribution.fr\/wp-content\/uploads\/2025\/10\/logo-life-support-distribution.svg\",\"width\":698,\"height\":223,\"caption\":\"Life Support Distribution\"},\"image\":{\"@id\":\"https:\/\/lifesupportdistribution.fr\/de\/#\/schema\/logo\/image\/\"},\"sameAs\":[\"https:\/\/www.linkedin.com\/company\/life-support-distribution\/\"]}]}<\/script>\n<!-- \/ Yoast SEO plugin. -->","yoast_head_json":{"title":"SW-MB4 Simoulage \u2013 Realistische Metallstangen-Attrappen","description":"SW-MB4 Simoulage: Realistische Metallstangen-Attrappen zur Erzeugung penetrierender Traumata und zur Steigerung der Immersion in Simulationsszenarien.","robots":{"index":"index","follow":"follow","max-snippet":"max-snippet:-1","max-image-preview":"max-image-preview:large","max-video-preview":"max-video-preview:-1"},"canonical":"https:\/\/lifesupportdistribution.fr\/de\/produkt\/metallstangen-attrappen-sw-mb4\/","og_locale":"de_DE","og_type":"article","og_title":"SW-MB4 Simoulage \u2013 Realistische Metallstangen-Attrappen","og_description":"SW-MB4 Simoulage: Realistische Metallstangen-Attrappen zur Erzeugung penetrierender Traumata und zur Steigerung der Immersion in Simulationsszenarien.","og_url":"https:\/\/lifesupportdistribution.fr\/de\/produkt\/metallstangen-attrappen-sw-mb4\/","og_site_name":"Life Support Distribution","og_image":[{"width":348,"height":476,"url":"https:\/\/lifesupportdistribution.fr\/wp-content\/uploads\/2025\/11\/Photo-SW-MB4.png","type":"image\/png"}],"twitter_card":"summary_large_image","schema":{"@context":"https:\/\/schema.org","@graph":[{"@type":"WebPage","@id":"https:\/\/lifesupportdistribution.fr\/de\/produkt\/metallstangen-attrappen-sw-mb4\/","url":"https:\/\/lifesupportdistribution.fr\/de\/produkt\/metallstangen-attrappen-sw-mb4\/","name":"SW-MB4 Simoulage \u2013 Realistische Metallstangen-Attrappen","isPartOf":{"@id":"https:\/\/lifesupportdistribution.fr\/de\/#website"},"primaryImageOfPage":{"@id":"https:\/\/lifesupportdistribution.fr\/de\/produkt\/metallstangen-attrappen-sw-mb4\/#primaryimage"},"image":{"@id":"https:\/\/lifesupportdistribution.fr\/de\/produkt\/metallstangen-attrappen-sw-mb4\/#primaryimage"},"thumbnailUrl":"https:\/\/lifesupportdistribution.fr\/wp-content\/uploads\/2025\/11\/Photo-SW-MB4.png","datePublished":"2025-11-26T18:35:42+00:00","description":"SW-MB4 Simoulage: Realistische Metallstangen-Attrappen zur Erzeugung penetrierender Traumata und zur Steigerung der Immersion in Simulationsszenarien.","breadcrumb":{"@id":"https:\/\/lifesupportdistribution.fr\/de\/produkt\/metallstangen-attrappen-sw-mb4\/#breadcrumb"},"inLanguage":"de","potentialAction":[{"@type":"ReadAction","target":["https:\/\/lifesupportdistribution.fr\/de\/produkt\/metallstangen-attrappen-sw-mb4\/"]}]},{"@type":"ImageObject","inLanguage":"de","@id":"https:\/\/lifesupportdistribution.fr\/de\/produkt\/metallstangen-attrappen-sw-mb4\/#primaryimage","url":"https:\/\/lifesupportdistribution.fr\/wp-content\/uploads\/2025\/11\/Photo-SW-MB4.png","contentUrl":"https:\/\/lifesupportdistribution.fr\/wp-content\/uploads\/2025\/11\/Photo-SW-MB4.png","width":348,"height":476},{"@type":"BreadcrumbList","@id":"https:\/\/lifesupportdistribution.fr\/de\/produkt\/metallstangen-attrappen-sw-mb4\/#breadcrumb","itemListElement":[{"@type":"ListItem","position":1,"name":"Accueil","item":"https:\/\/lifesupportdistribution.fr\/de\/startseite\/"},{"@type":"ListItem","position":2,"name":"Shop","item":"https:\/\/lifesupportdistribution.fr\/de\/shop\/"},{"@type":"ListItem","position":3,"name":"Metallstangen-Attrappen &#8211; SW-MB4"}]},{"@type":"WebSite","@id":"https:\/\/lifesupportdistribution.fr\/de\/#website","url":"https:\/\/lifesupportdistribution.fr\/de\/","name":"Life Support Distribution","description":"Solutions en simulation m\u00e9dicale","publisher":{"@id":"https:\/\/lifesupportdistribution.fr\/de\/#organization"},"potentialAction":[{"@type":"SearchAction","target":{"@type":"EntryPoint","urlTemplate":"https:\/\/lifesupportdistribution.fr\/de\/?s={search_term_string}"},"query-input":{"@type":"PropertyValueSpecification","valueRequired":true,"valueName":"search_term_string"}}],"inLanguage":"de"},{"@type":"Organization","@id":"https:\/\/lifesupportdistribution.fr\/de\/#organization","name":"Life Support Distribution","url":"https:\/\/lifesupportdistribution.fr\/de\/","logo":{"@type":"ImageObject","inLanguage":"de","@id":"https:\/\/lifesupportdistribution.fr\/de\/#\/schema\/logo\/image\/","url":"https:\/\/lifesupportdistribution.fr\/wp-content\/uploads\/2025\/10\/logo-life-support-distribution.svg","contentUrl":"https:\/\/lifesupportdistribution.fr\/wp-content\/uploads\/2025\/10\/logo-life-support-distribution.svg","width":698,"height":223,"caption":"Life Support Distribution"},"image":{"@id":"https:\/\/lifesupportdistribution.fr\/de\/#\/schema\/logo\/image\/"},"sameAs":["https:\/\/www.linkedin.com\/company\/life-support-distribution\/"]}]}},"_links":{"self":[{"href":"https:\/\/lifesupportdistribution.fr\/de\/wp-json\/wp\/v2\/product\/5881","targetHints":{"allow":["GET"]}}],"collection":[{"href":"https:\/\/lifesupportdistribution.fr\/de\/wp-json\/wp\/v2\/product"}],"about":[{"href":"https:\/\/lifesupportdistribution.fr\/de\/wp-json\/wp\/v2\/types\/product"}],"wp:featuredmedia":[{"embeddable":true,"href":"https:\/\/lifesupportdistribution.fr\/de\/wp-json\/wp\/v2\/media\/2121"}],"wp:attachment":[{"href":"https:\/\/lifesupportdistribution.fr\/de\/wp-json\/wp\/v2\/media?parent=5881"}],"wp:term":[{"taxonomy":"product_brand","embeddable":true,"href":"https:\/\/lifesupportdistribution.fr\/de\/wp-json\/wp\/v2\/product_brand?post=5881"},{"taxonomy":"product_cat","embeddable":true,"href":"https:\/\/lifesupportdistribution.fr\/de\/wp-json\/wp\/v2\/product_cat?post=5881"},{"taxonomy":"product_tag","embeddable":true,"href":"https:\/\/lifesupportdistribution.fr\/de\/wp-json\/wp\/v2\/product_tag?post=5881"}],"curies":[{"name":"wp","href":"https:\/\/api.w.org\/{rel}","templated":true}]}}