{"id":5897,"date":"2025-11-26T18:57:35","date_gmt":"2025-11-26T17:57:35","guid":{"rendered":"https:\/\/lifesupportdistribution.fr\/produits\/naht-pad-sw-sp2\/"},"modified":"2025-11-26T18:57:35","modified_gmt":"2025-11-26T17:57:35","slug":"naht-pad-sw-sp2","status":"publish","type":"product","link":"https:\/\/lifesupportdistribution.fr\/de\/produkt\/naht-pad-sw-sp2\/","title":{"rendered":"Naht-Pad &#8211; SW-SP2"},"content":{"rendered":"<p>Das SW-SP2 Pad ist f\u00fcr Lernende gedacht, die sich intensiv im N\u00e4hen \u00fcben m\u00f6chten. Dank seiner gr\u00f6\u00dferen Abmessungen im Vergleich zum Modell SW-SP1 bietet es eine erweiterte Arbeitsfl\u00e4che, die es erm\u00f6glicht, mehrere Inzisionen und Verschl\u00fcsse in einer Sitzung durchzuf\u00fchren. Sein mehrschichtiges Silikondesign, das Haut, Fett und Muskeln nachbildet, garantiert ein realistisches Ergebnis und eine an die Wiederholung von \u00dcbungen angepasste Widerstandsf\u00e4higkeit. Wiederverwendbar und langlebig, ist es ein unverzichtbares Trainingswerkzeug in der Medizin, Krankenpflege und Ersten Hilfe.   <\/p>\n","protected":false},"excerpt":{"rendered":"<p>Das Simoulage SW-SP2 ist ein gro\u00dfformatiges Silikon-Naht-Pad, das f\u00fcr das Erlernen von Wundverschlusstechniken entwickelt wurde. Seine erweiterte Oberfl\u00e4che erm\u00f6glicht es, \u00dcbungen zu vervielfachen und das Nahttraining in einem realistischen und sicheren Kontext zu vertiefen, sowohl f\u00fcr Studenten als auch f\u00fcr medizinisches Fachpersonal. <\/p>\n","protected":false},"featured_media":2113,"template":"","meta":[],"product_brand":[208],"product_cat":[222],"product_tag":[250,238,251],"class_list":{"0":"post-5897","1":"product","2":"type-product","3":"status-publish","4":"has-post-thumbnail","6":"product_brand-simoulage","7":"product_cat-simulatoren-fur-medizinische-versorgung","8":"product_tag-chirurgie","9":"product_tag-erste-hilfe","10":"product_tag-krankenpflege","12":"first","13":"instock","14":"shipping-taxable","15":"purchasable","16":"product-type-simple"},"yoast_head":"<!-- This site is optimized with the Yoast SEO plugin v26.8 - https:\/\/yoast.com\/product\/yoast-seo-wordpress\/ -->\n<title>SW-SP2 Simoulage \u2013 Realistisches Naht-Pad<\/title>\n<meta name=\"description\" content=\"SW-SP2 Simoulage: realistisches Naht-Pad mit verschiedenen Gewebeschichten zum \u00dcben von Naht- und Hautverschluss-Techniken.\" \/>\n<meta name=\"robots\" content=\"index, follow, max-snippet:-1, max-image-preview:large, max-video-preview:-1\" \/>\n<link rel=\"canonical\" href=\"https:\/\/lifesupportdistribution.fr\/de\/produkt\/naht-pad-sw-sp2\/\" \/>\n<meta property=\"og:locale\" content=\"de_DE\" \/>\n<meta property=\"og:type\" content=\"article\" \/>\n<meta property=\"og:title\" content=\"SW-SP2 Simoulage \u2013 Realistisches Naht-Pad\" \/>\n<meta property=\"og:description\" content=\"SW-SP2 Simoulage: realistisches Naht-Pad mit verschiedenen Gewebeschichten zum \u00dcben von Naht- und Hautverschluss-Techniken.\" \/>\n<meta property=\"og:url\" content=\"https:\/\/lifesupportdistribution.fr\/de\/produkt\/naht-pad-sw-sp2\/\" \/>\n<meta property=\"og:site_name\" content=\"Life Support Distribution\" \/>\n<meta property=\"og:image\" content=\"https:\/\/lifesupportdistribution.fr\/wp-content\/uploads\/2025\/11\/Photo-SW-SP-2-1.png\" \/>\n\t<meta property=\"og:image:width\" content=\"392\" \/>\n\t<meta property=\"og:image:height\" content=\"528\" \/>\n\t<meta property=\"og:image:type\" content=\"image\/png\" \/>\n<meta name=\"twitter:card\" content=\"summary_large_image\" \/>\n<script type=\"application\/ld+json\" class=\"yoast-schema-graph\">{\"@context\":\"https:\/\/schema.org\",\"@graph\":[{\"@type\":\"WebPage\",\"@id\":\"https:\/\/lifesupportdistribution.fr\/de\/produkt\/naht-pad-sw-sp2\/\",\"url\":\"https:\/\/lifesupportdistribution.fr\/de\/produkt\/naht-pad-sw-sp2\/\",\"name\":\"SW-SP2 Simoulage \u2013 Realistisches Naht-Pad\",\"isPartOf\":{\"@id\":\"https:\/\/lifesupportdistribution.fr\/de\/#website\"},\"primaryImageOfPage\":{\"@id\":\"https:\/\/lifesupportdistribution.fr\/de\/produkt\/naht-pad-sw-sp2\/#primaryimage\"},\"image\":{\"@id\":\"https:\/\/lifesupportdistribution.fr\/de\/produkt\/naht-pad-sw-sp2\/#primaryimage\"},\"thumbnailUrl\":\"https:\/\/lifesupportdistribution.fr\/wp-content\/uploads\/2025\/11\/Photo-SW-SP-2-1.png\",\"datePublished\":\"2025-11-26T17:57:35+00:00\",\"description\":\"SW-SP2 Simoulage: realistisches Naht-Pad mit verschiedenen Gewebeschichten zum \u00dcben von Naht- und Hautverschluss-Techniken.\",\"breadcrumb\":{\"@id\":\"https:\/\/lifesupportdistribution.fr\/de\/produkt\/naht-pad-sw-sp2\/#breadcrumb\"},\"inLanguage\":\"de\",\"potentialAction\":[{\"@type\":\"ReadAction\",\"target\":[\"https:\/\/lifesupportdistribution.fr\/de\/produkt\/naht-pad-sw-sp2\/\"]}]},{\"@type\":\"ImageObject\",\"inLanguage\":\"de\",\"@id\":\"https:\/\/lifesupportdistribution.fr\/de\/produkt\/naht-pad-sw-sp2\/#primaryimage\",\"url\":\"https:\/\/lifesupportdistribution.fr\/wp-content\/uploads\/2025\/11\/Photo-SW-SP-2-1.png\",\"contentUrl\":\"https:\/\/lifesupportdistribution.fr\/wp-content\/uploads\/2025\/11\/Photo-SW-SP-2-1.png\",\"width\":392,\"height\":528},{\"@type\":\"BreadcrumbList\",\"@id\":\"https:\/\/lifesupportdistribution.fr\/de\/produkt\/naht-pad-sw-sp2\/#breadcrumb\",\"itemListElement\":[{\"@type\":\"ListItem\",\"position\":1,\"name\":\"Accueil\",\"item\":\"https:\/\/lifesupportdistribution.fr\/de\/startseite\/\"},{\"@type\":\"ListItem\",\"position\":2,\"name\":\"Shop\",\"item\":\"https:\/\/lifesupportdistribution.fr\/de\/shop\/\"},{\"@type\":\"ListItem\",\"position\":3,\"name\":\"Naht-Pad &#8211; SW-SP2\"}]},{\"@type\":\"WebSite\",\"@id\":\"https:\/\/lifesupportdistribution.fr\/de\/#website\",\"url\":\"https:\/\/lifesupportdistribution.fr\/de\/\",\"name\":\"Life Support Distribution\",\"description\":\"Solutions en simulation m\u00e9dicale\",\"publisher\":{\"@id\":\"https:\/\/lifesupportdistribution.fr\/de\/#organization\"},\"potentialAction\":[{\"@type\":\"SearchAction\",\"target\":{\"@type\":\"EntryPoint\",\"urlTemplate\":\"https:\/\/lifesupportdistribution.fr\/de\/?s={search_term_string}\"},\"query-input\":{\"@type\":\"PropertyValueSpecification\",\"valueRequired\":true,\"valueName\":\"search_term_string\"}}],\"inLanguage\":\"de\"},{\"@type\":\"Organization\",\"@id\":\"https:\/\/lifesupportdistribution.fr\/de\/#organization\",\"name\":\"Life Support Distribution\",\"url\":\"https:\/\/lifesupportdistribution.fr\/de\/\",\"logo\":{\"@type\":\"ImageObject\",\"inLanguage\":\"de\",\"@id\":\"https:\/\/lifesupportdistribution.fr\/de\/#\/schema\/logo\/image\/\",\"url\":\"https:\/\/lifesupportdistribution.fr\/wp-content\/uploads\/2025\/10\/logo-life-support-distribution.svg\",\"contentUrl\":\"https:\/\/lifesupportdistribution.fr\/wp-content\/uploads\/2025\/10\/logo-life-support-distribution.svg\",\"width\":698,\"height\":223,\"caption\":\"Life Support Distribution\"},\"image\":{\"@id\":\"https:\/\/lifesupportdistribution.fr\/de\/#\/schema\/logo\/image\/\"},\"sameAs\":[\"https:\/\/www.linkedin.com\/company\/life-support-distribution\/\"]}]}<\/script>\n<!-- \/ Yoast SEO plugin. -->","yoast_head_json":{"title":"SW-SP2 Simoulage \u2013 Realistisches Naht-Pad","description":"SW-SP2 Simoulage: realistisches Naht-Pad mit verschiedenen Gewebeschichten zum \u00dcben von Naht- und Hautverschluss-Techniken.","robots":{"index":"index","follow":"follow","max-snippet":"max-snippet:-1","max-image-preview":"max-image-preview:large","max-video-preview":"max-video-preview:-1"},"canonical":"https:\/\/lifesupportdistribution.fr\/de\/produkt\/naht-pad-sw-sp2\/","og_locale":"de_DE","og_type":"article","og_title":"SW-SP2 Simoulage \u2013 Realistisches Naht-Pad","og_description":"SW-SP2 Simoulage: realistisches Naht-Pad mit verschiedenen Gewebeschichten zum \u00dcben von Naht- und Hautverschluss-Techniken.","og_url":"https:\/\/lifesupportdistribution.fr\/de\/produkt\/naht-pad-sw-sp2\/","og_site_name":"Life Support Distribution","og_image":[{"width":392,"height":528,"url":"https:\/\/lifesupportdistribution.fr\/wp-content\/uploads\/2025\/11\/Photo-SW-SP-2-1.png","type":"image\/png"}],"twitter_card":"summary_large_image","schema":{"@context":"https:\/\/schema.org","@graph":[{"@type":"WebPage","@id":"https:\/\/lifesupportdistribution.fr\/de\/produkt\/naht-pad-sw-sp2\/","url":"https:\/\/lifesupportdistribution.fr\/de\/produkt\/naht-pad-sw-sp2\/","name":"SW-SP2 Simoulage \u2013 Realistisches Naht-Pad","isPartOf":{"@id":"https:\/\/lifesupportdistribution.fr\/de\/#website"},"primaryImageOfPage":{"@id":"https:\/\/lifesupportdistribution.fr\/de\/produkt\/naht-pad-sw-sp2\/#primaryimage"},"image":{"@id":"https:\/\/lifesupportdistribution.fr\/de\/produkt\/naht-pad-sw-sp2\/#primaryimage"},"thumbnailUrl":"https:\/\/lifesupportdistribution.fr\/wp-content\/uploads\/2025\/11\/Photo-SW-SP-2-1.png","datePublished":"2025-11-26T17:57:35+00:00","description":"SW-SP2 Simoulage: realistisches Naht-Pad mit verschiedenen Gewebeschichten zum \u00dcben von Naht- und Hautverschluss-Techniken.","breadcrumb":{"@id":"https:\/\/lifesupportdistribution.fr\/de\/produkt\/naht-pad-sw-sp2\/#breadcrumb"},"inLanguage":"de","potentialAction":[{"@type":"ReadAction","target":["https:\/\/lifesupportdistribution.fr\/de\/produkt\/naht-pad-sw-sp2\/"]}]},{"@type":"ImageObject","inLanguage":"de","@id":"https:\/\/lifesupportdistribution.fr\/de\/produkt\/naht-pad-sw-sp2\/#primaryimage","url":"https:\/\/lifesupportdistribution.fr\/wp-content\/uploads\/2025\/11\/Photo-SW-SP-2-1.png","contentUrl":"https:\/\/lifesupportdistribution.fr\/wp-content\/uploads\/2025\/11\/Photo-SW-SP-2-1.png","width":392,"height":528},{"@type":"BreadcrumbList","@id":"https:\/\/lifesupportdistribution.fr\/de\/produkt\/naht-pad-sw-sp2\/#breadcrumb","itemListElement":[{"@type":"ListItem","position":1,"name":"Accueil","item":"https:\/\/lifesupportdistribution.fr\/de\/startseite\/"},{"@type":"ListItem","position":2,"name":"Shop","item":"https:\/\/lifesupportdistribution.fr\/de\/shop\/"},{"@type":"ListItem","position":3,"name":"Naht-Pad &#8211; SW-SP2"}]},{"@type":"WebSite","@id":"https:\/\/lifesupportdistribution.fr\/de\/#website","url":"https:\/\/lifesupportdistribution.fr\/de\/","name":"Life Support Distribution","description":"Solutions en simulation m\u00e9dicale","publisher":{"@id":"https:\/\/lifesupportdistribution.fr\/de\/#organization"},"potentialAction":[{"@type":"SearchAction","target":{"@type":"EntryPoint","urlTemplate":"https:\/\/lifesupportdistribution.fr\/de\/?s={search_term_string}"},"query-input":{"@type":"PropertyValueSpecification","valueRequired":true,"valueName":"search_term_string"}}],"inLanguage":"de"},{"@type":"Organization","@id":"https:\/\/lifesupportdistribution.fr\/de\/#organization","name":"Life Support Distribution","url":"https:\/\/lifesupportdistribution.fr\/de\/","logo":{"@type":"ImageObject","inLanguage":"de","@id":"https:\/\/lifesupportdistribution.fr\/de\/#\/schema\/logo\/image\/","url":"https:\/\/lifesupportdistribution.fr\/wp-content\/uploads\/2025\/10\/logo-life-support-distribution.svg","contentUrl":"https:\/\/lifesupportdistribution.fr\/wp-content\/uploads\/2025\/10\/logo-life-support-distribution.svg","width":698,"height":223,"caption":"Life Support Distribution"},"image":{"@id":"https:\/\/lifesupportdistribution.fr\/de\/#\/schema\/logo\/image\/"},"sameAs":["https:\/\/www.linkedin.com\/company\/life-support-distribution\/"]}]}},"_links":{"self":[{"href":"https:\/\/lifesupportdistribution.fr\/de\/wp-json\/wp\/v2\/product\/5897","targetHints":{"allow":["GET"]}}],"collection":[{"href":"https:\/\/lifesupportdistribution.fr\/de\/wp-json\/wp\/v2\/product"}],"about":[{"href":"https:\/\/lifesupportdistribution.fr\/de\/wp-json\/wp\/v2\/types\/product"}],"wp:featuredmedia":[{"embeddable":true,"href":"https:\/\/lifesupportdistribution.fr\/de\/wp-json\/wp\/v2\/media\/2113"}],"wp:attachment":[{"href":"https:\/\/lifesupportdistribution.fr\/de\/wp-json\/wp\/v2\/media?parent=5897"}],"wp:term":[{"taxonomy":"product_brand","embeddable":true,"href":"https:\/\/lifesupportdistribution.fr\/de\/wp-json\/wp\/v2\/product_brand?post=5897"},{"taxonomy":"product_cat","embeddable":true,"href":"https:\/\/lifesupportdistribution.fr\/de\/wp-json\/wp\/v2\/product_cat?post=5897"},{"taxonomy":"product_tag","embeddable":true,"href":"https:\/\/lifesupportdistribution.fr\/de\/wp-json\/wp\/v2\/product_tag?post=5897"}],"curies":[{"name":"wp","href":"https:\/\/api.w.org\/{rel}","templated":true}]}}